{"id":16455,"date":"2020-09-24T15:22:36","date_gmt":"2020-09-24T08:22:36","guid":{"rendered":"https:\/\/havamall.vn\/?post_type=product&#038;p=16455"},"modified":"2021-10-26T17:03:18","modified_gmt":"2021-10-26T10:03:18","slug":"thung-12-chai-dam-gao-trang-450ml-box-12-bottles-of-white-rice-vinegar","status":"publish","type":"product","link":"https:\/\/havamall.vn\/en\/shop\/thung-12-chai-dam-gao-trang-450ml-box-12-bottles-of-white-rice-vinegar\/","title":{"rendered":"Th\u00f9ng 12 Chai D\u1ea5m G\u1ea1o Tr\u1eafng 450ml &#8211; Box 12 Bottles of White Rice Vinegar"},"content":{"rendered":"<p>D\u1ea5m G\u1ea1o Tr\u1eafng H\u1ea3i Thi\u00ean \u0111\u01b0\u1ee3c l\u00e0m t\u1eeb 4 th\u00e0nh ph\u1ea7n ch\u00ednh bao g\u1ed3m: N\u01b0\u1edbc, r\u01b0\u1ee3u, mu\u1ed1i v\u00e0 g\u1ea1o \u0111\u01b0\u1ee3c ki\u1ec3m tra k\u1ef9 l\u01b0\u1ee1ng c\u1ea3 v\u1ec1 ch\u1ea5t v\u00e0 l\u01b0\u1ee3ng. \u0110\u00e2y l\u00e0 lo\u1ea1i gia v\u1ecb gi\u00fap kh\u1eed m\u00f9i v\u00e0 t\u0103ng h\u01b0\u01a1ng v\u1ecb cho m\u00f3n \u0103n chi\u00ean, x\u00e0o, n\u1ea5u\u2026, v\u00e0 ch\u1ebf bi\u1ebfn n\u01b0\u1edbc ch\u1ea5m \u0111\u1ec3 t\u1ea1o v\u1ecb chua.<\/p>\n<p><img fetchpriority=\"high\" decoding=\"async\" class=\"wp-image-16457 aligncenter\" src=\"https:\/\/havamall.vn\/wp-content\/uploads\/2020\/09\/d1.jpg\" alt=\"\" width=\"402\" height=\"402\" srcset=\"https:\/\/havamall.vn\/wp-content\/uploads\/2020\/09\/d1.jpg 460w, https:\/\/havamall.vn\/wp-content\/uploads\/2020\/09\/d1-430x430.jpg 430w, https:\/\/havamall.vn\/wp-content\/uploads\/2020\/09\/d1-150x150.jpg 150w, https:\/\/havamall.vn\/wp-content\/uploads\/2020\/09\/d1-300x300.jpg 300w, https:\/\/havamall.vn\/wp-content\/uploads\/2020\/09\/d1-100x100.jpg 100w\" sizes=\"(max-width: 402px) 100vw, 402px\" \/><\/p>\n<p>S\u1ea3n ph\u1ea9m \u0111\u01b0\u1ee3c d\u00f9ng nhi\u1ec1u trong \u1ea9m th\u1ef1c Trung Hoa nh\u01b0 c\u00e1c m\u00f3n s\u01b0\u1eddn x\u00e0o chua ng\u1ecdt, s\u00f2 huy\u1ebft t\u1ee9 xuy\u00ean, c\u00e1 chi\u00ean s\u1ed1t chua ng\u1ecdt, th\u1ecbt g\u00e0\/b\u00f2 \/h\u1ea3i s\u1ea3n s\u1ed1t chua ng\u1ecdt \u2026Ngo\u00e0i ra c\u00f3 th\u1ec3 ch\u1ea5m tr\u1ef1c ti\u1ebfp , pha chung v\u1edbi n\u01b0\u1edbc t\u01b0\u01a1ng d\u00f9ng trong c\u00e1c m\u00f3n nh\u01b0 h\u1ee7 t\u00edu m\u00ec, ph\u1edf, h\u00e1 c\u1ea3o\u2026<\/p>\n<p>S\u1ea3n ph\u1ea9m c\u00f3 m\u00e0u tr\u1eafng trong, h\u01a1i ng\u1ea3 v\u00e0ng, c\u00f3 v\u1ecb chua, th\u01a1m t\u1ef1 nhi\u00ean kh\u00f4ng ch\u1ea5t b\u1ea3o qu\u1ea3n, ch\u1ea5t \u0111\u1ed9c h\u1ea1i v\u00e0 ch\u1ea5t ph\u1ee5 gia \u1edf m\u1ee9c \u0111\u1ed9 cho ph\u00e9p.<\/p>\n<p><img decoding=\"async\" class=\"wp-image-16458 aligncenter\" src=\"https:\/\/havamall.vn\/wp-content\/uploads\/2020\/09\/d2.jpg\" alt=\"\" width=\"438\" height=\"231\" srcset=\"https:\/\/havamall.vn\/wp-content\/uploads\/2020\/09\/d2.jpg 940w, https:\/\/havamall.vn\/wp-content\/uploads\/2020\/09\/d2-430x226.jpg 430w, https:\/\/havamall.vn\/wp-content\/uploads\/2020\/09\/d2-150x79.jpg 150w, https:\/\/havamall.vn\/wp-content\/uploads\/2020\/09\/d2-700x369.jpg 700w, https:\/\/havamall.vn\/wp-content\/uploads\/2020\/09\/d2-300x158.jpg 300w, https:\/\/havamall.vn\/wp-content\/uploads\/2020\/09\/d2-768x404.jpg 768w, https:\/\/havamall.vn\/wp-content\/uploads\/2020\/09\/d2-600x316.jpg 600w\" sizes=\"(max-width: 438px) 100vw, 438px\" \/><\/p>\n<p>S\u1ea3n ph\u1ea9m \u0111\u01b0\u1ee3c s\u1ea3n xu\u1ea5t tr\u00ean d\u00e2y chuy\u1ec1n c\u00f4ng ngh\u1ec7 hi\u1ec7n \u0111\u1ea1i v\u1edbi quy tr\u00ecnh kh\u00e9p k\u00edn t\u1eeb kh\u00e2u nh\u1eadp h\u00e0ng \u0111\u1ebfn ch\u1ebf bi\u1ebfn \u0111\u00f3ng chai \u0111\u01b0\u1ee3c ki\u1ec3m tra nghi\u00eam ng\u1eb7t \u0111\u1ea3m b\u1ea3o an to\u00e0n v\u1ec7 sinh th\u1ef1c ph\u1ea9m.<\/p>\n<p>D\u1ea5m g\u1ea1o H\u1ea3i Thi\u00ean mang \u0111\u1ebfn s\u1ef1 ti\u1ec7n l\u1ee3i gi\u00fap ti\u1ebft ki\u1ec7m th\u1eddi gian trong kh\u00e2u ch\u1ebf bi\u1ebfn.<\/p>\n<p><img decoding=\"async\" class=\"wp-image-16459 aligncenter\" src=\"https:\/\/havamall.vn\/wp-content\/uploads\/2020\/09\/d3.jpg\" alt=\"\" width=\"401\" height=\"401\" srcset=\"https:\/\/havamall.vn\/wp-content\/uploads\/2020\/09\/d3.jpg 378w, https:\/\/havamall.vn\/wp-content\/uploads\/2020\/09\/d3-150x150.jpg 150w, https:\/\/havamall.vn\/wp-content\/uploads\/2020\/09\/d3-300x300.jpg 300w, https:\/\/havamall.vn\/wp-content\/uploads\/2020\/09\/d3-100x100.jpg 100w\" sizes=\"(max-width: 401px) 100vw, 401px\" \/><\/p>\n<p><strong>Th\u00f4ng tin chi ti\u1ebft s\u1ea3n ph\u1ea9m<\/strong><\/p>\n<ul>\n<li>Nh\u00e3n hi\u1ec7u: Haday<\/li>\n<li>Xu\u1ea5t x\u1ee9: Trung Qu\u1ed1c<\/li>\n<li>Quy c\u00e1ch \u0111\u00f3ng g\u00f3i: 12 chai\/ th\u00f9ng<\/li>\n<li>Th\u1ec3 t\u00edch th\u1ef1c: 450 ml<\/li>\n<li>Th\u00e0nh ph\u1ea7n : N\u01b0\u1edbc, r\u01b0\u1ee3u, g\u1ea1o, mu\u1ed1i.<\/li>\n<li>H\u01b0\u1edbng d\u1eabn s\u1eed d\u1ee5ng: D\u00f9ng ch\u1ebf bi\u1ebfn c\u00e1c lo\u1ea1i m\u00f3n \u0103n, pha ch\u1ebf n\u01b0\u1edbc ch\u1ea5m\u2026<\/li>\n<li>H\u01b0\u1edbng d\u1eabn b\u1ea3o qu\u1ea3n: B\u1ea3o qu\u1ea3n n\u01a1i kh\u00f4 r\u00e1o, tho\u00e1ng m\u00e1t.<\/li>\n<li>H\u1ea1n s\u1eed d\u1ee5ng: In tr\u00ean bao b\u00ec c\u1ee7a s\u1ea3n ph\u1ea9m.<\/li>\n<\/ul>\n<p><strong>\u0110i\u1ec3m n\u1ed5i b\u1eadt c\u1ee7a s\u1ea3n ph\u1ea9m<\/strong><\/p>\n<p>\u2013 L\u00e0 s\u1ea3n ph\u1ea9m \u0111\u01b0\u1ee3c nh\u1eadp kh\u1ea9u t\u1eeb Trung Qu\u1ed1c<\/p>\n<p>\u2013 Kh\u00f4ng s\u1eed d\u1ee5ng ch\u1ea5t b\u1ea3o qu\u1ea3n<\/p>\n<p>\u2013 \u0110\u01b0\u1ee3c ki\u1ec3m \u0111\u1ecbnh nghi\u00eam ng\u1eb7t trong qu\u00e1 tr\u00ecnh nh\u1eadp h\u00e0ng \u0111\u1ebfn ch\u1ebf bi\u1ebfn v\u00e0 \u0111\u00f3ng chai<\/p>\n<p>\u2013 S\u1ea3n ph\u1ea9m l\u00ean men t\u1ef1 nhi\u00ean c\u00f3 v\u1ecb chua v\u00e0 v\u1eabn gi\u1eef \u0111\u01b0\u1ee3c h\u01b0\u01a1ng th\u01a1m t\u1ef1 nhi\u00ean<\/p>\n<p><i>L\u01b0u \u00fd: S\u1ea3n ph\u1ea9m l\u00ean men t\u1ef1 nhi\u00ean c\u00f3 th\u1ec3 c\u00f3 c\u1eb7n, h\u00e3y y\u00ean t\u00e2m s\u1eed d\u1ee5ng.<\/i><\/p>","protected":false},"excerpt":{"rendered":"<ul>\n<li>D\u1ea5m g\u1ea1o tr\u1eafng H\u1ea3i Thi\u00ean l\u00e0 s\u1ea3n ph\u1ea9m l\u00ean men t\u1ef1 nhi\u00ean, \u0111\u01b0\u1ee3c nh\u1eadp kh\u1ea9u t\u1eeb Trung Qu\u1ed1c.<\/li>\n<li>S\u1ea3n ph\u1ea9m \u0111\u01b0\u1ee3c s\u1ea3n xu\u1ea5t tr\u00ean d\u00e2y chuy\u1ec1n c\u00f4ng ngh\u1ec7 hi\u1ec7n \u0111\u1ea1i v\u1edbi quy tr\u00ecnh kh\u00e9p k\u00edn t\u1eeb kh\u00e2u nh\u1eadp h\u00e0ng \u0111\u1ebfn ch\u1ebf bi\u1ebfn \u0111\u00f3ng chai \u0111\u01b0\u1ee3c ki\u1ec3m tra nghi\u00eam ng\u1eb7t \u0111\u1ea3m b\u1ea3o an to\u00e0n v\u1ec7 sinh th\u1ef1c ph\u1ea9m.<\/li>\n<\/ul>","protected":false},"featured_media":16456,"comment_status":"open","ping_status":"closed","template":"","meta":[],"product_brand":[],"product_cat":[40,36,134],"product_tag":[],"class_list":{"0":"post-16455","1":"product","2":"type-product","3":"status-publish","4":"has-post-thumbnail","6":"product_cat-sieuthi-giasi","7":"product_cat-thuc-pham-tieu-dung","8":"product_cat-thucpham-saykho","9":"pa_brand-hai-thien","11":"first","12":"instock","13":"sale","14":"shipping-taxable","15":"purchasable","16":"product-type-simple"},"_links":{"self":[{"href":"https:\/\/havamall.vn\/en\/wp-json\/wp\/v2\/product\/16455"}],"collection":[{"href":"https:\/\/havamall.vn\/en\/wp-json\/wp\/v2\/product"}],"about":[{"href":"https:\/\/havamall.vn\/en\/wp-json\/wp\/v2\/types\/product"}],"replies":[{"embeddable":true,"href":"https:\/\/havamall.vn\/en\/wp-json\/wp\/v2\/comments?post=16455"}],"version-history":[{"count":0,"href":"https:\/\/havamall.vn\/en\/wp-json\/wp\/v2\/product\/16455\/revisions"}],"wp:featuredmedia":[{"embeddable":true,"href":"https:\/\/havamall.vn\/en\/wp-json\/wp\/v2\/media\/16456"}],"wp:attachment":[{"href":"https:\/\/havamall.vn\/en\/wp-json\/wp\/v2\/media?parent=16455"}],"wp:term":[{"taxonomy":"product_brand","embeddable":true,"href":"https:\/\/havamall.vn\/en\/wp-json\/wp\/v2\/product_brand?post=16455"},{"taxonomy":"product_cat","embeddable":true,"href":"https:\/\/havamall.vn\/en\/wp-json\/wp\/v2\/product_cat?post=16455"},{"taxonomy":"product_tag","embeddable":true,"href":"https:\/\/havamall.vn\/en\/wp-json\/wp\/v2\/product_tag?post=16455"}],"curies":[{"name":"wp","href":"https:\/\/api.w.org\/{rel}","templated":true}]}}