{"id":16450,"date":"2020-09-24T15:15:54","date_gmt":"2020-09-24T08:15:54","guid":{"rendered":"https:\/\/havamall.vn\/?post_type=product&#038;p=16450"},"modified":"2025-03-18T16:04:19","modified_gmt":"2025-03-18T09:04:19","slug":"thung-12-chai-dau-hao-thuong-hang-700g-box-12-bottles-of-haday-superior-oyster-sauce","status":"publish","type":"product","link":"https:\/\/havamall.vn\/en\/shop\/thung-12-chai-dau-hao-thuong-hang-700g-box-12-bottles-of-haday-superior-oyster-sauce\/","title":{"rendered":"Th\u00f9ng 12 Chai D\u1ea7u H\u00e0o Th\u01b0\u1ee3ng H\u1ea1ng 700g &#8211; Box 12 Bottles of Haday Superior oyster sauce"},"content":{"rendered":"<p>D\u1ea7u h\u00e0o ra \u0111\u1eddi t\u1eeb n\u0103m 1888 b\u1edfi Lee Kam Sheung, s\u1ed1ng \u1edf l\u00e0ng Nam Th\u1ee7y, Chu H\u1ea3i, t\u1ec9nh Qu\u1ea3ng \u0110\u00f4ng, Trung Qu\u1ed1c.<\/p>\n<p>D\u1ea7u h\u00e0o l\u00e0 gia v\u1ecb n\u1ed5i ti\u1ebfng t\u1ea1o n\u00ean h\u01b0\u01a1ng, s\u1eafc, v\u1ecb cho v\u00f4 s\u1ed1 m\u00f3n ngon trong n\u1ec1n \u1ea9m th\u1ef1c Trung Hoa (\u0111\u1eb7c bi\u1ec7t l\u00e0 c\u00e1c m\u00f3n Qu\u1ea3ng \u0110\u00f4ng) \u0111\u1ebfn nay gia v\u1ecb n\u00e0y \u0111\u00e3 lan r\u1ea5t nhanh d\u1ea7n d\u1ea7n tr\u1edf th\u00e0nh m\u1ed9t ph\u1ea7n quen thu\u1ed9c trong c\u00e1c m\u00f3n \u0103n c\u1ee7a ng\u01b0\u1eddi Vi\u1ec7t Nam, Th\u00e1i Lan, Philipin v\u00e0 nhi\u1ec1u n\u01b0\u1edbc kh\u00e1c.<\/p>\n<p>D\u1ea7u h\u00e0o l\u00e0 m\u1ed9t lo\u1ea1i n\u01b0\u1edbc x\u1ed1t c\u00f3 m\u00e0u n\u00e2u s\u1eabm h\u01a1n c\u00e1nh gi\u00e1n m\u1ed9t ch\u00fat, d\u1ea7u h\u00e0o c\u00f3 v\u1ecb ng\u1ecdt xen v\u1edbi v\u1ecb m\u1eb7n nh\u1eb9.<\/p>\n<p><img fetchpriority=\"high\" decoding=\"async\" class=\"wp-image-16451 aligncenter\" src=\"https:\/\/havamall.vn\/wp-content\/uploads\/2025\/03\/h1.jpg\" alt=\"\" width=\"527\" height=\"527\" \/><\/p>\n<p><b>C\u00d4NG D\u1ee4NG C\u1ee6A D\u1ea6U H\u00c0O<\/b><\/p>\n<p>\u2013\u00a0D\u00f9ng l\u00e0m n\u01b0\u1edbc ch\u1ea5m cho c\u00e1c m\u00f3n lu\u1ed9c.<\/p>\n<p>\u2013 D\u00f9ng \u0111\u1ec3 t\u1ea9m \u01b0\u1edbp c\u00e1c m\u00f3n th\u1ecbt nh\u01b0 th\u1ecbt b\u00f2, th\u1ecbt heo, th\u1ecbt g\u00e0,\u2026 D\u1ea7u h\u00e0o s\u1ebd gi\u00fap m\u00f3n \u0103n c\u00f3 h\u01b0\u01a1ng th\u01a1m \u0111\u1eb7c s\u1eafc, v\u1ecb \u0111\u1eadm \u0111\u00e0 c\u00f9ng m\u00e0u s\u1eafc v\u00f4 c\u00f9ng b\u1eaft m\u1eaft.<\/p>\n<p>\u2013 S\u1eed d\u1ee5ng d\u1ea7u h\u00e0o khi x\u00e0o c\u00e1c lo\u1ea1i th\u1ecbt c\u0169ng c\u00f3 t\u00e1c d\u1ee5ng l\u00e0m m\u1ec1m th\u1ecbt h\u01a1n khi th\u01b0\u1edfng th\u1ee9c.<\/p>\n<p><img decoding=\"async\" class=\"wp-image-16452 aligncenter\" src=\"https:\/\/havamall.vn\/wp-content\/uploads\/2025\/03\/h2.jpg\" alt=\"\" width=\"528\" height=\"528\" \/><\/p>\n<p><b>C\u00c1CH S\u1eec D\u1ee4NG D\u1ea6U H\u00c0O TRONG N\u1ea4U \u0102N<\/b><\/p>\n<p><em>\u2013 S\u1eed d\u1ee5ng d\u1ea7u h\u00e0o cho c\u00e1c m\u00f3n t\u1ea9m \u01b0\u1edbp<\/em>: C\u00e1c m\u00f3n c\u1ea7n \u01b0\u1edbp gia v\u1ecb tr\u01b0\u1edbc khi ch\u1ebf bi\u1ebfn nh\u01b0 m\u00f3n kho, n\u01b0\u1edbng,\u2026 khi \u01b0\u1edbp b\u1ea1n ch\u1ec9 c\u1ea7n th\u00eam v\u00e0o m\u1ed9t mu\u1ed7ng canh d\u1ea7u h\u00e0o r\u1ed3i tr\u1ed9n \u0111\u1ec1u. D\u1ea7u h\u00e0o \u0111em l\u1ea1i v\u1ecb \u0111\u1eadm \u0111\u00e0, m\u00e0u n\u00e2u \u0111\u1eb9p m\u1eaft, d\u1eady l\u00ean h\u01b0\u01a1ng v\u1ecb th\u01a1m ngon c\u1ee7a m\u00f3n \u0103n.<\/p>\n<p><em>\u2013 D\u00f9ng d\u1ea7u h\u00e0o cho c\u00e1c m\u00f3n x\u00e0o n\u1ea5u:\u00a0<\/em>C\u00e1c m\u00f3n rau c\u1ee7, qu\u1ea3, th\u1ecbt,\u2026 khi \u0111\u00e3 x\u00e0o, n\u1ea5u g\u1ea7n ch\u00edn, b\u1ea1n n\u00eam n\u1ebfm gia v\u1ecb v\u1eeba \u0103n v\u00e0 n\u00eam th\u00eam m\u1ed9t mu\u1ed7ng d\u1ea7u h\u00e0o, \u0111\u1ea3o \u0111\u1ec1u v\u00e0i ph\u00fat th\u00ec t\u1eaft b\u1ebfp v\u00e0 m\u00fac ra \u0103n n\u00f3ng.<\/p>\n<p><em>\u2013 D\u1ea7u h\u00e0o l\u00e0m n\u01b0\u1edbc ch\u1ea5m cho c\u00e1c m\u00f3n lu\u1ed9c:<\/em>\u00a0\u0110un s\u00f4i d\u1ea7u h\u00e0o, th\u00eam v\u00e0o ch\u00fat n\u01b0\u1edbc, \u0111\u01b0\u1eddng, t\u1ecfi b\u0103m, \u1edbt b\u0103m, khu\u1ea5y \u0111\u1ec1u. N\u00eam l\u1ea1i cho v\u1eeba kh\u1ea9u v\u1ecb.<\/p>\n<p><img decoding=\"async\" class=\"size-full wp-image-16453 aligncenter\" src=\"https:\/\/havamall.vn\/wp-content\/uploads\/2025\/03\/h3.jpg\" alt=\"\" width=\"600\" height=\"400\" \/><\/p>\n<p><strong>HAVAMALL h\u01b0\u1edbng d\u1eabn b\u1ea1n c\u00e1ch ch\u1ebf bi\u1ebfn m\u00f3n\u00a0C\u1ea3i th\u00eca x\u00e0o d\u1ea7u h\u00e0o<\/strong><\/p>\n<p><em><strong>Nguy\u00ean li\u1ec7u:<\/strong><\/em><\/p>\n<p>+ 300 gr c\u1ea3i th\u00eca (c\u1ea3i ch\u00edp)<\/p>\n<p>+ 1 c\u1ee7 t\u1ecfi<\/p>\n<p>+ 2 mu\u1ed7ng d\u1ea7u v\u1eebng<\/p>\n<p>+ 2 mu\u1ed7ng d\u1ea7u h\u00e0o<\/p>\n<p><em><strong>C\u00e1ch ch\u1ebf bi\u1ebfn:<\/strong><\/em><\/p>\n<p><em>\u2013 S\u01a1 ch\u1ebf<\/em><\/p>\n<p>+ C\u1ea3i th\u00eca r\u1eeda s\u1ea1ch, c\u1eaft kh\u00fac v\u1eeba \u0103n.<\/p>\n<p>+ T\u1ecfi \u0111\u1eadp d\u1eadp.<\/p>\n<p><em>\u2013 C\u00e1ch ch\u1ebf bi\u1ebfn.<\/em><\/p>\n<p>+ C\u1ea3i th\u00eca ch\u1ea7n qua n\u01b0\u1edbc s\u00f4i 30 gi\u00e2y r\u1ed3i v\u1edbt ra x\u1ea3 n\u01b0\u1edbc l\u1ea1nh, \u0111\u1ec3 r\u00e1o.<\/p>\n<p>+ B\u1eafc ch\u1ea3o d\u1ea7u l\u00ean b\u1ebfp phi th\u01a1m t\u1ecfi r\u1ed3i cho c\u1ea3i th\u00eca v\u00e0o x\u00e0o l\u1eeda l\u1edbn, \u0111\u1ea3o nhanh tay<\/p>\n<p>+ Cho th\u00eam 1 mu\u1ed7ng d\u1ea7u h\u00e0o v\u00e0o \u0111\u1ea3o cho d\u1ea7u v\u1eeba b\u00e1m \u0111\u1ec1u v\u00e0o rau th\u00ec t\u1eaft b\u1ebfp. C\u1ea3i th\u00eca r\u1ea5t nhanh ch\u00edn n\u00ean ch\u00fa \u00fd kh\u00f4ng x\u00e0o qu\u00e1 l\u00e2u.<\/p>\n<p><b>TH\u00d4NG TIN S\u1ea2N PH\u1ea8M<\/b><\/p>\n<p>\u2013 Nh\u00e3n hi\u1ec7u : Haday<\/p>\n<p>\u2013 Xu\u1ea5t x\u1ee9: Trung Qu\u1ed1c<\/p>\n<p>\u2013 Kh\u1ed1i l\u01b0\u1ee3ng t\u1ecbnh: 700g<\/p>\n<p>\u2013 Th\u00e0nh ph\u1ea7n: N\u01b0\u1edbc, chi\u1ebft xu\u1ea5t h\u00e0u, mu\u1ed1i, \u0111\u01b0\u1eddng, ch\u1ea5t \u0111i\u1ec1u v\u1ecb,\u2026<\/p>\n<p>\u2013 H\u01b0\u1edbng d\u1eabn s\u1eed d\u1ee5ng: D\u00f9ng trong c\u00e1c m\u00f3n x\u00e0o v\u00e0 t\u1ea9m \u01b0\u1edbp<\/p>\n<p>\u2013 H\u01b0\u1edbng d\u1eabn b\u1ea3o qu\u1ea3n: B\u1ea3o qu\u1ea3n n\u01a1i kh\u00f4 r\u00e1o, tho\u00e1ng m\u00e1t. Sau khi s\u1eed d\u1ee5ng \u0111\u1eady ch\u1eb7t n\u1eafp v\u00e0 b\u1ea3o qu\u1ea3n trong t\u1ee7 l\u1ea1nh.<\/p>\n<p>\u2013 H\u1ea1n s\u1eed d\u1ee5ng: In tr\u00ean bao b\u00ec c\u1ee7a s\u1ea3n ph\u1ea9m.<\/p>\n<p><em>*L\u01b0u \u00fd:\u00a0 Khi s\u1eed d\u1ee5ng d\u1ea7u h\u00e0o \u0111\u1ec3 n\u00eam n\u1ebfm, b\u1ea1n nh\u1edb gia gi\u1ea3m c\u00e1c gia v\u1ecb kh\u00e1c \u0111\u1ec3 tr\u00e1nh m\u00f3n \u0103n b\u1ecb m\u1eb7n, v\u00ec d\u1ea7u h\u00e0o c\u00f3 v\u1ecb kh\u00e1 \u0111\u1eadm \u0111\u00e0.<\/em><\/p>","protected":false},"excerpt":{"rendered":"<ul>\n<li>D\u1ea7u h\u00e0o th\u01b0\u1ee3ng h\u1ea1ng H\u1ea3i Thi\u00ean mang h\u01b0\u01a1ng v\u1ecb \u0111\u1eb7c tr\u01b0ng c\u1ee7a m\u00f3n \u0103n Trung Qu\u1ed1c b\u1edfi \u0111\u1ed9 \u0111\u1eadm \u0111\u00e0, kh\u00f4ng gi\u1ed1ng d\u1ea7u h\u00e0o Vi\u1ec7t Nam thi\u00ean v\u1ec1 \u0111\u1ed9 ng\u1ecdt.<\/li>\n<li>S\u1ea3n ph\u1ea9m khi s\u1eed d\u1ee5ng \u0111\u1ec3 t\u1ea9m \u01b0\u1edbp v\u00e0 x\u00e0o n\u1ea5u s\u1ebd c\u00f3 m\u1ed9t l\u1edbp s\u1ec7t s\u1ec7t r\u1ea5t b\u1eaft m\u1eaft v\u00e0 ngon mi\u1ec7ng, \u0111\u00f3 l\u00e0 \u0111i\u1ec3m \u0111\u1eb7c bi\u1ec7t c\u1ee7a d\u1ea7u h\u00e0o Trung Qu\u1ed1c.<\/li>\n<\/ul>","protected":false},"featured_media":16454,"comment_status":"open","ping_status":"closed","template":"","meta":[],"product_brand":[],"product_cat":[674,40,36,134],"product_tag":[],"class_list":{"0":"post-16450","1":"product","2":"type-product","3":"status-publish","4":"has-post-thumbnail","6":"product_cat-nhap-khau-trung-quoc","7":"product_cat-sieuthi-giasi","8":"product_cat-thuc-pham-tieu-dung","9":"product_cat-thucpham-saykho","10":"pa_brand-hai-thien","12":"first","13":"instock","14":"sale","15":"shipping-taxable","16":"purchasable","17":"product-type-simple"},"_links":{"self":[{"href":"https:\/\/havamall.vn\/en\/wp-json\/wp\/v2\/product\/16450"}],"collection":[{"href":"https:\/\/havamall.vn\/en\/wp-json\/wp\/v2\/product"}],"about":[{"href":"https:\/\/havamall.vn\/en\/wp-json\/wp\/v2\/types\/product"}],"replies":[{"embeddable":true,"href":"https:\/\/havamall.vn\/en\/wp-json\/wp\/v2\/comments?post=16450"}],"version-history":[{"count":0,"href":"https:\/\/havamall.vn\/en\/wp-json\/wp\/v2\/product\/16450\/revisions"}],"wp:featuredmedia":[{"embeddable":true,"href":"https:\/\/havamall.vn\/en\/wp-json\/wp\/v2\/media\/16454"}],"wp:attachment":[{"href":"https:\/\/havamall.vn\/en\/wp-json\/wp\/v2\/media?parent=16450"}],"wp:term":[{"taxonomy":"product_brand","embeddable":true,"href":"https:\/\/havamall.vn\/en\/wp-json\/wp\/v2\/product_brand?post=16450"},{"taxonomy":"product_cat","embeddable":true,"href":"https:\/\/havamall.vn\/en\/wp-json\/wp\/v2\/product_cat?post=16450"},{"taxonomy":"product_tag","embeddable":true,"href":"https:\/\/havamall.vn\/en\/wp-json\/wp\/v2\/product_tag?post=16450"}],"curies":[{"name":"wp","href":"https:\/\/api.w.org\/{rel}","templated":true}]}}