{"id":16402,"date":"2020-09-23T15:17:29","date_gmt":"2020-09-23T08:17:29","guid":{"rendered":"https:\/\/havamall.vn\/?post_type=product&#038;p=16402"},"modified":"2020-09-29T17:31:58","modified_gmt":"2020-09-29T10:31:58","slug":"kem-oc-que-crunchy-classic-vi-dau-70g-crunchy-cone-classic-strawberry-ice-cream","status":"publish","type":"product","link":"https:\/\/havamall.vn\/en\/shop\/kem-oc-que-crunchy-classic-vi-dau-70g-crunchy-cone-classic-strawberry-ice-cream\/","title":{"rendered":"Kem \u1ed0c Qu\u1ebf Crunchy Classic V\u1ecb D\u00e2u 70g \u2013 Crunchy Cone Classic Strawberry Ice Cream"},"content":{"rendered":"<p>Kem \u1ed1c qu\u1ebf Crunchy Classic v\u1ecb d\u00e2u \u0111\u01b0\u1ee3c l\u00e0m t\u1eeb d\u00e2u t\u00e2y,\u00a0tinh ch\u00e2\u0301t Vani, s\u01b0\u0303a t\u01b0\u01a1i, s\u01b0\u0303a b\u1ecd\u0302t, kem t\u01b0\u01a1i, b\u01a1, \u0111\u01b0\u1eddng,&#8230; T\u1ea5t c\u1ea3 c\u00e1c nguy\u00ean li\u1ec7u \u0111\u1ec1u \u0111\u01b0\u1ee3c ch\u1ecdn l\u1ecdc v\u00e0 ki\u1ec3m tra nghi\u00eam ng\u1eb7t v\u1ec1 ch\u1ea5t l\u01b0\u1ee3ng, mang l\u1ea1i s\u1ef1 tin c\u1eady cho ng\u01b0\u1eddi ti\u00eau d\u00f9ng.<\/p>\n<p>Kem d\u00e2u cung c\u1ea5p n\u0103ng l\u01b0\u1ee3ng, vitamin \u0111\u1eb7c bi\u1ec7t l\u00e0\u00a0vitamin C b\u1edfi trong qu\u1ea3 d\u00e2u c\u00f3 ch\u1ee9a r\u1ea5t nhi\u1ec1u vitamin C v\u00e0 cung c\u1ea5p d\u1ed3i d\u00e0o c\u00e1c ch\u1ea5t flavonoit c\u1ea7n thi\u1ebft cho c\u01a1 th\u1ec3.<\/p>\n<p><img fetchpriority=\"high\" decoding=\"async\" class=\"wp-image-16404 aligncenter\" src=\"https:\/\/havamall.vn\/wp-content\/uploads\/2020\/09\/\u1ed1c-d\u00e2u-1.jpg\" alt=\"\" width=\"502\" height=\"377\" srcset=\"https:\/\/havamall.vn\/wp-content\/uploads\/2020\/09\/\u1ed1c-d\u00e2u-1.jpg 1000w, https:\/\/havamall.vn\/wp-content\/uploads\/2020\/09\/\u1ed1c-d\u00e2u-1-430x323.jpg 430w, https:\/\/havamall.vn\/wp-content\/uploads\/2020\/09\/\u1ed1c-d\u00e2u-1-150x113.jpg 150w, https:\/\/havamall.vn\/wp-content\/uploads\/2020\/09\/\u1ed1c-d\u00e2u-1-700x525.jpg 700w, https:\/\/havamall.vn\/wp-content\/uploads\/2020\/09\/\u1ed1c-d\u00e2u-1-300x225.jpg 300w, https:\/\/havamall.vn\/wp-content\/uploads\/2020\/09\/\u1ed1c-d\u00e2u-1-768x576.jpg 768w, https:\/\/havamall.vn\/wp-content\/uploads\/2020\/09\/\u1ed1c-d\u00e2u-1-600x450.jpg 600w\" sizes=\"(max-width: 502px) 100vw, 502px\" \/><\/p>\n<p>H\u01b0\u01a1ng d\u00e2u th\u01a1m ng\u00e1t, gam m\u00e0u h\u1ed3ng h\u1ea5p d\u1eabn c\u00f9ng ph\u1ea7n \u1ed1c qu\u1ebf l\u00e0m t\u1eeb b\u00e1nh quy gi\u00f2n th\u01a1m h\u00f2a quy\u1ec7n v\u1edbi c\u00e1i l\u1ea1nh m\u00e1t c\u1ee7a kem mang l\u1ea1i b\u1ea1n s\u1ef1 ng\u1ecdt ng\u00e0o kh\u00f3 t\u1ea3 kh\u00f4ng th\u1ec3 b\u1ecf qua.<\/p>\n<p>Kem d\u00e2u \u0111\u01b0\u1ee3c s\u1ea3n xu\u1ea5t theo d\u00e2y chuy\u1ec1n c\u00f4ng ngh\u1ec7 hi\u1ec7n \u0111\u1ea1i c\u1ee7a Th\u00e1i Lan v\u1edbi quy tr\u00ecnh ki\u1ec3m \u0111\u1ecbnh ch\u1ea5t l\u01b0\u1ee3ng nghi\u00eam ng\u1eb7t.<\/p>\n<p>S\u1ea3n ph\u1ea9m \u0111\u01b0\u1ee3c thi\u1ebft k\u1ebf nh\u1ecf g\u1ecdn, mang l\u1ea1i s\u1ef1 ti\u1ec7n l\u1ee3i cho ng\u01b0\u1eddi s\u1eed d\u1ee5ng trong vi\u1ec7c s\u1eed d\u1ee5ng c\u0169ng nh\u01b0 b\u1ea3o qu\u1ea3n. B\u00ean c\u1ea1nh \u0111\u00f3, c\u00f2n ti\u1ebft ki\u1ec7m th\u1eddi gian b\u1edfi t\u00ednh n\u0103ng \u201c\u0103n li\u1ec1n\u201d c\u1ee7a s\u1ea3n ph\u1ea9m, ch\u1ec9 c\u1ea7n m\u1edf bao v\u00ec l\u00e0 c\u00f3 th\u1ec3 th\u01b0\u1edfng th\u1ee9c ngay.<\/p>\n<p><img decoding=\"async\" class=\"wp-image-16415 aligncenter\" src=\"https:\/\/havamall.vn\/wp-content\/uploads\/2020\/09\/d\u00e2u-\u1eb9p.jpg\" alt=\"\" width=\"482\" height=\"482\" srcset=\"https:\/\/havamall.vn\/wp-content\/uploads\/2020\/09\/d\u00e2u-\u1eb9p.jpg 500w, https:\/\/havamall.vn\/wp-content\/uploads\/2020\/09\/d\u00e2u-\u1eb9p-430x430.jpg 430w, https:\/\/havamall.vn\/wp-content\/uploads\/2020\/09\/d\u00e2u-\u1eb9p-150x150.jpg 150w, https:\/\/havamall.vn\/wp-content\/uploads\/2020\/09\/d\u00e2u-\u1eb9p-300x300.jpg 300w, https:\/\/havamall.vn\/wp-content\/uploads\/2020\/09\/d\u00e2u-\u1eb9p-100x100.jpg 100w\" sizes=\"(max-width: 482px) 100vw, 482px\" \/><\/p>\n<p><strong>Th\u00f4ng tin s\u1ea3n ph\u1ea9m<\/strong><\/p>\n<ul>\n<li>Th\u01b0\u01a1ng hi\u1ec7u: Cremo<\/li>\n<li>Xu\u1ea5t x\u1ee9: Th\u00e1i Lan<\/li>\n<li>Th\u00e0nh ph\u1ea7n:\u00a0D\u00e2u t\u00e2y,\u00a0tinh ch\u00e2\u0301t Vani, s\u01b0\u0303a t\u01b0\u01a1i, s\u01b0\u0303a b\u1ecd\u0302t, kem t\u01b0\u01a1i, b\u01a1, \u0111\u01b0\u1eddng,\u2026<\/li>\n<li>Quy c\u00e1ch \u0111\u00f3ng g\u00f3i: 70g<\/li>\n<li>H\u1ea1n s\u1eed d\u1ee5ng: Xem tr\u00ean bao b\u00ec<\/li>\n<\/ul>\n<p><img decoding=\"async\" class=\"wp-image-16406 aligncenter\" src=\"https:\/\/havamall.vn\/wp-content\/uploads\/2020\/09\/\u1ed1c-d\u00e2u.jpg\" alt=\"\" width=\"527\" height=\"351\" srcset=\"https:\/\/havamall.vn\/wp-content\/uploads\/2020\/09\/\u1ed1c-d\u00e2u.jpg 612w, https:\/\/havamall.vn\/wp-content\/uploads\/2020\/09\/\u1ed1c-d\u00e2u-430x287.jpg 430w, https:\/\/havamall.vn\/wp-content\/uploads\/2020\/09\/\u1ed1c-d\u00e2u-150x100.jpg 150w, https:\/\/havamall.vn\/wp-content\/uploads\/2020\/09\/\u1ed1c-d\u00e2u-300x200.jpg 300w, https:\/\/havamall.vn\/wp-content\/uploads\/2020\/09\/\u1ed1c-d\u00e2u-600x400.jpg 600w\" sizes=\"(max-width: 527px) 100vw, 527px\" \/><\/p>\n<p><strong>C\u00e1ch s\u1eed d\u1ee5ng v\u00e0 b\u1ea3o qu\u1ea3n<\/strong><\/p>\n<p>H\u01b0\u1edbng d\u1eabn s\u1eed d\u1ee5ng: S\u1ea3n ph\u1ea9m d\u00f9ng \u0103n ngay sau khi m\u1edf bao b\u00ec.<\/p>\n<p>H\u01b0\u1edbng d\u1eabn b\u1ea3o qu\u1ea3n: B\u1ea3o qu\u1ea3n \u1edf nhi\u1ec7t \u0111\u1ed9 t\u1eeb -18 \u0111\u1ebfn \u2013 25 \u0111\u1ed9 C.<\/p>\n<p>B\u00ean c\u1ea1nh h\u01b0\u01a1ng v\u1ecb d\u00e2u, <strong>Havamall<\/strong> c\u00f2n c\u00f3 h\u01b0\u01a1ng Vani v\u00e0 S\u00f4c\u00f4la cho c\u00e1c b\u1ea1n tha h\u1ed3 l\u1ef1a ch\u1ecdn.<\/p>","protected":false},"excerpt":{"rendered":"<ul>\n<li>Kem \u1ed1c qu\u1ebf Crunchy Classic v\u1ecb d\u00e2u \u0111\u01b0\u1ee3c l\u00e0m t\u1eeb d\u00e2u t\u00e2y,\u00a0tinh ch\u00e2\u0301t Vani, s\u01b0\u0303a t\u01b0\u01a1i, s\u01b0\u0303a b\u1ecd\u0302t, kem t\u01b0\u01a1i, b\u01a1, \u0111\u01b0\u1eddng,&#8230; T\u1ea5t c\u1ea3 c\u00e1c nguy\u00ean li\u1ec7u \u0111\u1ec1u \u0111\u01b0\u1ee3c ch\u1ecdn l\u1ecdc v\u00e0 ki\u1ec3m tra nghi\u00eam ng\u1eb7t v\u1ec1 ch\u1ea5t l\u01b0\u1ee3ng, mang l\u1ea1i s\u1ef1 tin c\u1eady cho ng\u01b0\u1eddi ti\u00eau d\u00f9ng.<\/li>\n<li>H\u01b0\u01a1ng d\u00e2u th\u01a1m ng\u00e1t, gam m\u00e0u h\u1ed3ng h\u1ea5p d\u1eabn c\u00f9ng ph\u1ea7n \u1ed1c qu\u1ebf l\u00e0m t\u1eeb b\u00e1nh quy gi\u00f2n th\u01a1m h\u00f2a quy\u1ec7n v\u1edbi c\u00e1i l\u1ea1nh m\u00e1t c\u1ee7a kem mang l\u1ea1i b\u1ea1n s\u1ef1 ng\u1ecdt ng\u00e0o kh\u00f3 t\u1ea3 kh\u00f4ng th\u1ec3 b\u1ecf qua.<\/li>\n<\/ul>","protected":false},"featured_media":16403,"comment_status":"open","ping_status":"closed","template":"","meta":[],"product_brand":[],"product_cat":[275,36],"product_tag":[],"class_list":{"0":"post-16402","1":"product","2":"type-product","3":"status-publish","4":"has-post-thumbnail","6":"product_cat-thuc-pham-dong-lanh","7":"product_cat-thuc-pham-tieu-dung","9":"first","10":"instock","11":"sale","12":"shipping-taxable","13":"purchasable","14":"product-type-simple"},"_links":{"self":[{"href":"https:\/\/havamall.vn\/en\/wp-json\/wp\/v2\/product\/16402"}],"collection":[{"href":"https:\/\/havamall.vn\/en\/wp-json\/wp\/v2\/product"}],"about":[{"href":"https:\/\/havamall.vn\/en\/wp-json\/wp\/v2\/types\/product"}],"replies":[{"embeddable":true,"href":"https:\/\/havamall.vn\/en\/wp-json\/wp\/v2\/comments?post=16402"}],"version-history":[{"count":0,"href":"https:\/\/havamall.vn\/en\/wp-json\/wp\/v2\/product\/16402\/revisions"}],"wp:featuredmedia":[{"embeddable":true,"href":"https:\/\/havamall.vn\/en\/wp-json\/wp\/v2\/media\/16403"}],"wp:attachment":[{"href":"https:\/\/havamall.vn\/en\/wp-json\/wp\/v2\/media?parent=16402"}],"wp:term":[{"taxonomy":"product_brand","embeddable":true,"href":"https:\/\/havamall.vn\/en\/wp-json\/wp\/v2\/product_brand?post=16402"},{"taxonomy":"product_cat","embeddable":true,"href":"https:\/\/havamall.vn\/en\/wp-json\/wp\/v2\/product_cat?post=16402"},{"taxonomy":"product_tag","embeddable":true,"href":"https:\/\/havamall.vn\/en\/wp-json\/wp\/v2\/product_tag?post=16402"}],"curies":[{"name":"wp","href":"https:\/\/api.w.org\/{rel}","templated":true}]}}