{"id":16393,"date":"2020-09-23T14:43:12","date_gmt":"2020-09-23T07:43:12","guid":{"rendered":"https:\/\/havamall.vn\/?post_type=product&#038;p=16393"},"modified":"2023-04-10T14:02:19","modified_gmt":"2023-04-10T07:02:19","slug":"kem-oc-que-crunchy-classic-vani-70g-crunchy-cone-classic-vanilla-ice-cream","status":"publish","type":"product","link":"https:\/\/havamall.vn\/en\/shop\/kem-oc-que-crunchy-classic-vani-70g-crunchy-cone-classic-vanilla-ice-cream\/","title":{"rendered":"Kem \u1ed0c Qu\u1ebf Crunchy Classic Vani 70g &#8211; Crunchy Cone Classic Vanilla Ice Cream"},"content":{"rendered":"<p>Kem t\u1eeb x\u01b0a \u0111\u1ebfn nay v\u1eabn l\u00e0 m\u00f3n kho\u00e1i kh\u1ea9u c\u1ee7a tr\u1ebb con l\u1eabn ng\u01b0\u1eddi l\u1edbn b\u1edfi h\u01b0\u01a1ng v\u1ecb v\u00e0 nh\u1ea5t l\u00e0 c\u1ea3m gi\u00e1c vui th\u00edch, s\u1ea3ng kho\u00e1i m\u00e0 n\u00f3 mang l\u1ea1i khi th\u01b0\u1edfng th\u1ee9c.<\/p>\n<p>Kem \u1ed1c\u00a0qu\u1ebf Crunchy Classic vani l\u00e0 s\u1ea3n ph\u1ea9m c\u1ee7a Cremo &#8211; th\u01b0\u01a1ng hi\u1ec7u kem h\u00e0ng \u0111\u1ea7u Th\u00e1i Lan t\u1eeb n\u0103m 1979 tr\u1edf l\u1ea1i \u0111\u00e2y.<\/p>\n<p><img fetchpriority=\"high\" decoding=\"async\" class=\"wp-image-16397 aligncenter\" src=\"https:\/\/havamall.vn\/wp-content\/uploads\/2020\/09\/\u00f4c-5-1024x682.jpg\" alt=\"\" width=\"494\" height=\"329\" srcset=\"https:\/\/havamall.vn\/wp-content\/uploads\/2020\/09\/\u00f4c-5-1024x682.jpg 1024w, https:\/\/havamall.vn\/wp-content\/uploads\/2020\/09\/\u00f4c-5-430x287.jpg 430w, https:\/\/havamall.vn\/wp-content\/uploads\/2020\/09\/\u00f4c-5-150x100.jpg 150w, https:\/\/havamall.vn\/wp-content\/uploads\/2020\/09\/\u00f4c-5-700x467.jpg 700w, https:\/\/havamall.vn\/wp-content\/uploads\/2020\/09\/\u00f4c-5-300x200.jpg 300w, https:\/\/havamall.vn\/wp-content\/uploads\/2020\/09\/\u00f4c-5-768x512.jpg 768w, https:\/\/havamall.vn\/wp-content\/uploads\/2020\/09\/\u00f4c-5-1200x800.jpg 1200w, https:\/\/havamall.vn\/wp-content\/uploads\/2020\/09\/\u00f4c-5-600x400.jpg 600w, https:\/\/havamall.vn\/wp-content\/uploads\/2020\/09\/\u00f4c-5.jpg 2000w\" sizes=\"(max-width: 494px) 100vw, 494px\" \/><\/p>\n<p>V\u1ecb vani h\u1ea5p d\u1eabn c\u00f9ng ph\u1ea7n \u1ed1c qu\u1ebf l\u00e0m t\u1eeb b\u00e1nh quy gi\u00f2n th\u01a1m h\u00f2a quy\u1ec7n v\u1edbi c\u00e1i l\u1ea1nh m\u00e1t c\u1ee7a kem mang l\u1ea1i b\u1ea1n s\u1ef1 ng\u1ecdt ng\u00e0o kh\u00f3 t\u1ea3 kh\u00f4ng th\u1ec3 b\u1ecf qua.<\/p>\n<p>Kem gi\u00fap cung c\u1ea5p n\u0103ng l\u01b0\u1ee3ng, vitamin, d\u01b0\u1ee1ng ch\u1ea5t c\u1ea7n thi\u1ebft cho c\u00e1c ho\u1ea1t \u0111\u1ed9ng h\u00e0ng ng\u00e0y. B\u00ean c\u1ea1nh \u0111\u00f3, kem \u0111\u01b0\u1ee3c l\u00e0m t\u1ef1 h\u01b0\u01a1ng v\u1ecb t\u1ef1 nhi\u00ean, ho\u00e0n to\u00e0n kh\u00f4ng ch\u1ee9a c\u00e1c th\u00e0nh ph\u1ea7n h\u00f3a h\u1ecdc, ch\u1ea5t ph\u1ee5 gia n\u00ean khi th\u01b0\u1edfng th\u1ee9c v\u1eabn c\u1ea3m nh\u1eadn \u0111\u01b0\u1ee3c h\u01b0\u01a1ng v\u1ecb vani t\u1ef1 nhi\u00ean nh\u1ea5t.<\/p>\n<p><img decoding=\"async\" class=\"wp-image-16399 aligncenter\" src=\"https:\/\/havamall.vn\/wp-content\/uploads\/2020\/09\/\u1ed1c-3.jpg\" alt=\"\" width=\"494\" height=\"494\" srcset=\"https:\/\/havamall.vn\/wp-content\/uploads\/2020\/09\/\u1ed1c-3.jpg 1000w, https:\/\/havamall.vn\/wp-content\/uploads\/2020\/09\/\u1ed1c-3-430x430.jpg 430w, https:\/\/havamall.vn\/wp-content\/uploads\/2020\/09\/\u1ed1c-3-150x150.jpg 150w, https:\/\/havamall.vn\/wp-content\/uploads\/2020\/09\/\u1ed1c-3-700x700.jpg 700w, https:\/\/havamall.vn\/wp-content\/uploads\/2020\/09\/\u1ed1c-3-300x300.jpg 300w, https:\/\/havamall.vn\/wp-content\/uploads\/2020\/09\/\u1ed1c-3-768x768.jpg 768w, https:\/\/havamall.vn\/wp-content\/uploads\/2020\/09\/\u1ed1c-3-600x600.jpg 600w, https:\/\/havamall.vn\/wp-content\/uploads\/2020\/09\/\u1ed1c-3-100x100.jpg 100w\" sizes=\"(max-width: 494px) 100vw, 494px\" \/><\/p>\n<p>Kem \u0111\u01b0\u1ee3c s\u1ea3n xu\u1ea5t theo d\u00e2y chuy\u1ec1n c\u00f4ng ngh\u1ec7 hi\u1ec7n \u0111\u1ea1i c\u1ee7a Th\u00e1i Lan v\u1edbi quy tr\u00ecnh ki\u1ec3m \u0111\u1ecbnh ch\u1ea5t l\u01b0\u1ee3ng nghi\u00eam ng\u1eb7t. S\u1ea3n ph\u1ea9m \u0111\u01b0\u1ee3c \u0111\u00f3ng h\u1ed9p nh\u1ecf g\u1ecdn, ti\u1ec7n l\u1ee3i cho b\u1ea1n s\u1eed d\u1ee5ng c\u0169ng nh\u01b0 b\u1ea3o qu\u1ea3n.<\/p>\n<p><strong>Th\u00f4ng tin s\u1ea3n ph\u1ea9m<\/strong><\/p>\n<ul>\n<li>Th\u01b0\u01a1ng hi\u1ec7u: Cremo<\/li>\n<li>Xu\u1ea5t x\u1ee9: Th\u00e1i Lan<\/li>\n<li>Th\u00e0nh ph\u1ea7n:\u00a0Vani Madagascar, tinh ch\u00e2\u0301t Vani, s\u01b0\u0303a t\u01b0\u01a1i, s\u01b0\u0303a b\u1ecd\u0302t, kem t\u01b0\u01a1i, b\u01a1, \u0111\u01b0\u1eddng,\u2026<\/li>\n<li>Quy c\u00e1ch \u0111\u00f3ng g\u00f3i: 70g<\/li>\n<li>H\u1ea1n s\u1eed d\u1ee5ng: Xem tr\u00ean bao b\u00ec<\/li>\n<\/ul>\n<p><img decoding=\"async\" class=\"size-full wp-image-16400 aligncenter\" src=\"https:\/\/havamall.vn\/wp-content\/uploads\/2020\/09\/\u1ed1c-4.jpg\" alt=\"\" width=\"500\" height=\"500\" srcset=\"https:\/\/havamall.vn\/wp-content\/uploads\/2020\/09\/\u1ed1c-4.jpg 500w, https:\/\/havamall.vn\/wp-content\/uploads\/2020\/09\/\u1ed1c-4-430x430.jpg 430w, https:\/\/havamall.vn\/wp-content\/uploads\/2020\/09\/\u1ed1c-4-150x150.jpg 150w, https:\/\/havamall.vn\/wp-content\/uploads\/2020\/09\/\u1ed1c-4-300x300.jpg 300w, https:\/\/havamall.vn\/wp-content\/uploads\/2020\/09\/\u1ed1c-4-100x100.jpg 100w\" sizes=\"(max-width: 500px) 100vw, 500px\" \/><\/p>\n<p><strong>C\u00e1ch s\u1eed d\u1ee5ng v\u00e0 b\u1ea3o qu\u1ea3n<\/strong><\/p>\n<p>H\u01b0\u1edbng d\u1eabn s\u1eed d\u1ee5ng: S\u1ea3n ph\u1ea9m d\u00f9ng \u0103n ngay sau khi m\u1edf bao b\u00ec.<\/p>\n<p>H\u01b0\u1edbng d\u1eabn b\u1ea3o qu\u1ea3n: B\u1ea3o qu\u1ea3n \u1edf nhi\u1ec7t \u0111\u1ed9 t\u1eeb -18 \u0111\u1ebfn \u2013 25 \u0111\u1ed9 C.<\/p>\n<p>Hi\u1ec7n t\u1ea1i,\u00a0Kem \u1ed0c Qu\u1ebf Crunch Classic 70g nh\u00e0 <strong>Havamall<\/strong> c\u00f3 3 h\u01b0\u01a1ng v\u1ecb:<\/p>\n<p>&#8211; Vani<\/p>\n<p>&#8211; D\u00e2u<\/p>\n<p>&#8211; S\u00f4c\u00f4la<\/p>","protected":false},"excerpt":{"rendered":"<ul>\n<li>V\u1ecb vani h\u1ea5p d\u1eabn c\u00f9ng ph\u1ea7n \u1ed1c qu\u1ebf l\u00e0m t\u1eeb b\u00e1nh quy gi\u00f2n th\u01a1m h\u00f2a quy\u1ec7n v\u1edbi c\u00e1i l\u1ea1nh m\u00e1t c\u1ee7a kem mang l\u1ea1i b\u1ea1n s\u1ef1 ng\u1ecdt ng\u00e0o kh\u00f3 t\u1ea3 kh\u00f4ng th\u1ec3 b\u1ecf qua.<\/li>\n<li>Kem gi\u00fap cung c\u1ea5p n\u0103ng l\u01b0\u1ee3ng, vitamin, d\u01b0\u1ee1ng ch\u1ea5t c\u1ea7n thi\u1ebft cho c\u00e1c ho\u1ea1t \u0111\u1ed9ng h\u00e0ng ng\u00e0y.<\/li>\n<li>Kem\u00a0\u1ed0c Qu\u1ebf Crunchy Classic Vani \u0111\u01b0\u1ee3c s\u1ea3n xu\u1ea5t theo d\u00e2y chuy\u1ec1n c\u00f4ng ngh\u1ec7 hi\u1ec7n \u0111\u1ea1i c\u1ee7a Th\u00e1i Lan v\u1edbi quy tr\u00ecnh ki\u1ec3m \u0111\u1ecbnh ch\u1ea5t l\u01b0\u1ee3ng nghi\u00eam ng\u1eb7t.<\/li>\n<\/ul>","protected":false},"featured_media":16396,"comment_status":"open","ping_status":"closed","template":"","meta":[],"product_brand":[],"product_cat":[275,36],"product_tag":[],"class_list":{"0":"post-16393","1":"product","2":"type-product","3":"status-publish","4":"has-post-thumbnail","6":"product_cat-thuc-pham-dong-lanh","7":"product_cat-thuc-pham-tieu-dung","9":"first","10":"outofstock","11":"sale","12":"shipping-taxable","13":"purchasable","14":"product-type-simple"},"_links":{"self":[{"href":"https:\/\/havamall.vn\/en\/wp-json\/wp\/v2\/product\/16393"}],"collection":[{"href":"https:\/\/havamall.vn\/en\/wp-json\/wp\/v2\/product"}],"about":[{"href":"https:\/\/havamall.vn\/en\/wp-json\/wp\/v2\/types\/product"}],"replies":[{"embeddable":true,"href":"https:\/\/havamall.vn\/en\/wp-json\/wp\/v2\/comments?post=16393"}],"version-history":[{"count":0,"href":"https:\/\/havamall.vn\/en\/wp-json\/wp\/v2\/product\/16393\/revisions"}],"wp:featuredmedia":[{"embeddable":true,"href":"https:\/\/havamall.vn\/en\/wp-json\/wp\/v2\/media\/16396"}],"wp:attachment":[{"href":"https:\/\/havamall.vn\/en\/wp-json\/wp\/v2\/media?parent=16393"}],"wp:term":[{"taxonomy":"product_brand","embeddable":true,"href":"https:\/\/havamall.vn\/en\/wp-json\/wp\/v2\/product_brand?post=16393"},{"taxonomy":"product_cat","embeddable":true,"href":"https:\/\/havamall.vn\/en\/wp-json\/wp\/v2\/product_cat?post=16393"},{"taxonomy":"product_tag","embeddable":true,"href":"https:\/\/havamall.vn\/en\/wp-json\/wp\/v2\/product_tag?post=16393"}],"curies":[{"name":"wp","href":"https:\/\/api.w.org\/{rel}","templated":true}]}}