{"id":16388,"date":"2020-09-23T13:42:51","date_gmt":"2020-09-23T06:42:51","guid":{"rendered":"https:\/\/havamall.vn\/?post_type=product&#038;p=16388"},"modified":"2021-09-15T09:04:34","modified_gmt":"2021-09-15T02:04:34","slug":"kem-hu-frosty-30z-socola-42g-frosty-30z-chocolate-ice-cream","status":"publish","type":"product","link":"https:\/\/havamall.vn\/en\/shop\/kem-hu-frosty-30z-socola-42g-frosty-30z-chocolate-ice-cream\/","title":{"rendered":"Kem H\u1ee7 Frosty 30Z S\u00f4c\u00f4la 42g \u2013 Frosty 30Z Chocolate Ice Cream"},"content":{"rendered":"<h1>\u0110\u1eb7c \u0111i\u1ec3m th\u01b0\u01a1ng hi\u1ec7u<\/h1>\n<p>Cremo Ice Cream l\u00e0 th\u01b0\u01a1ng hi\u1ec7u kem h\u00e0ng \u0111\u1ea7u Th\u00e1i Lan t\u1eeb n\u0103m 1979 tr\u1edf l\u1ea1i \u0111\u00e2y, ho\u1ea1t \u0111\u1ed9ng \u0111\u01b0\u1ee3c h\u01a1n 40 n\u0103m.<\/p>\n<p>S\u1ea3n ph\u1ea9m kem c\u1ee7a Cremo \u0111a d\u1ea1ng nh\u01b0 kem thanh, c\u1ed1c, x\u00f4 v\u00e0 h\u00ecnh n\u00f3n, t\u1ea5t c\u1ea3 \u0111\u1ec1u \u0111\u01b0\u1ee3c s\u1ea3n xu\u1ea5t v\u1edbi theo quy tr\u00ecnh ki\u1ec3m tra nghi\u00eam ng\u1eb7t, n\u00ean r\u1ea5t an to\u00e0n cho ng\u01b0\u1eddi s\u1eed d\u1ee5ng.<\/p>\n<p>Kem Cremo \u0111\u00e3 \u0111\u01b0\u1ee3c c\u00f4ng nh\u1eadn theo ti\u00eau chu\u1ea9n qu\u1ed1c t\u1ebf trong h\u01a1n 3 th\u1eadp k\u1ef7, bao g\u1ed3m Halal, GMP, HACCP v\u00e0 ISO22000, \u0111\u1ea3m b\u1ea3o r\u1eb1ng c\u00e1c s\u1ea3n ph\u1ea9m \u0111\u01b0\u1ee3c s\u1ea3n xu\u1ea5t c\u00f3 ch\u1ea5t l\u01b0\u1ee3ng an to\u00e0n v\u00e0 \u0111\u00e1ng tin c\u1eady.<\/p>\n<p><img fetchpriority=\"high\" decoding=\"async\" class=\"size-full wp-image-16390 aligncenter\" src=\"https:\/\/havamall.vn\/wp-content\/uploads\/2020\/09\/soc3.jpg\" alt=\"\" width=\"512\" height=\"303\" srcset=\"https:\/\/havamall.vn\/wp-content\/uploads\/2020\/09\/soc3.jpg 512w, https:\/\/havamall.vn\/wp-content\/uploads\/2020\/09\/soc3-430x254.jpg 430w, https:\/\/havamall.vn\/wp-content\/uploads\/2020\/09\/soc3-150x89.jpg 150w, https:\/\/havamall.vn\/wp-content\/uploads\/2020\/09\/soc3-300x178.jpg 300w\" sizes=\"(max-width: 512px) 100vw, 512px\" \/><\/p>\n<h1>Th\u00f4ng tin s\u1ea3n ph\u1ea9m<\/h1>\n<p>\u2013 Th\u01b0\u01a1ng hi\u1ec7u: Cremo<\/p>\n<p>\u2013 Xu\u1ea5t x\u1ee9: Th\u00e1i Lan<\/p>\n<p>\u2013 Th\u00e0nh ph\u1ea7n: Socola, b\u1ed9t cacao, tinh ch\u00e2\u0301t Vani, whipping cream, s\u01b0\u0303a t\u01b0\u01a1i, s\u01b0\u0303a b\u1ecd\u0302t, kem t\u01b0\u01a1i, b\u01a1, \u0111\u01b0\u1eddng,\u2026<\/p>\n<p>\u2013 Quy c\u00e1ch \u0111\u00f3ng g\u00f3i: 42g<\/p>\n<p>\u2013 H\u1ea1n s\u1eed d\u1ee5ng: Xem tr\u00ean bao b\u00ec<\/p>\n<p><img decoding=\"async\" class=\"size-full wp-image-16391 aligncenter\" src=\"https:\/\/havamall.vn\/wp-content\/uploads\/2020\/09\/soc2.jpg\" alt=\"\" width=\"600\" height=\"400\" srcset=\"https:\/\/havamall.vn\/wp-content\/uploads\/2020\/09\/soc2.jpg 600w, https:\/\/havamall.vn\/wp-content\/uploads\/2020\/09\/soc2-430x287.jpg 430w, https:\/\/havamall.vn\/wp-content\/uploads\/2020\/09\/soc2-150x100.jpg 150w, https:\/\/havamall.vn\/wp-content\/uploads\/2020\/09\/soc2-300x200.jpg 300w\" sizes=\"(max-width: 600px) 100vw, 600px\" \/><\/p>\n<h1><strong>\u0110\u1eb7c \u0111i\u1ec3m s\u1ea3n ph\u1ea9m<\/strong><\/h1>\n<p>Kem l\u00e0 m\u1ed9t m\u00f3n \u0103n kho\u00e1i kh\u1ea9u c\u1ee7a t\u1ea5t c\u1ea3 m\u1ecdi ng\u01b0\u1eddi v\u00e0o nh\u1eefng ng\u00e0y h\u00e8 n\u00f3ng b\u1ee9c m\u00e0 ngay c\u1ea3 v\u00e0o nh\u1eefng ng\u00e0y l\u1ea1nh c\u0169ng c\u00f3 r\u1ea5t nhi\u1ec1u ng\u01b0\u1eddi th\u00edch \u0103n kem. Do \u0111\u00f3, kem c\u00e0ng ng\u00e0y kem c\u00e0ng tr\u1edf n\u00ean phong ph\u00fa t\u1eeb h\u00ecnh d\u00e1ng, m\u00e0u s\u1eafc t\u1edbi nguy\u00ean li\u1ec7u.<\/p>\n<p>C\u00f3 th\u00ea\u0309 n\u00f3i s\u00f4c\u00f4la l\u00e0 h\u01b0\u01a1ng v\u1ecb \u201ckh\u00f4ng th\u00ea\u0309 kh\u00f4ng bi\u00ea\u0301t \u0111\u00ea\u0301n\u201d c\u1ee7a b\u00e2\u0301t k\u1ef3 th\u01b0\u0323c kh\u00e1ch s\u00e0nh \u0103n n\u00e0o. Nh\u0103\u0301c \u0111\u00ea\u0301n s\u00f4c\u00f4la l\u00e0 ph\u1ea3i nh\u0103\u0301c \u0111\u00ea\u0301n c\u00e1i v\u1ecb \u0111\u0103\u0301ng v\u00e0 ngo\u0323t t\u01b0\u1edfng ch\u1eebng nh\u01b0 \u0111\u00f4\u0301i nghi\u0323ch nh\u01b0ng la\u0323i r\u00e2\u0301t h\u01a1\u0323p nhau.<\/p>\n<p>Kem H\u1ee7 Frosty 30Z S\u00f4c\u00f4la Kem S\u00f4c\u00f4la \u0111\u01b0\u1ee3c s\u1ea3n xu\u1ea5t theo d\u00e2y chuy\u1ec1n c\u00f4ng ngh\u1ec7 hi\u1ec7n \u0111\u1ea1i c\u1ee7a Th\u00e1i Lan v\u1edbi quy tr\u00ecnh ki\u1ec3m \u0111\u1ecbnh ch\u1ea5t l\u01b0\u1ee3ng nghi\u00eam ng\u1eb7t n\u00ean \u0111\u1ea3m b\u1ea3o an to\u00e0n cho ng\u01b0\u1eddi s\u1eed d\u1ee5ng.<\/p>\n<p><img decoding=\"async\" class=\"size-full wp-image-16392 aligncenter\" src=\"https:\/\/havamall.vn\/wp-content\/uploads\/2020\/09\/soc1.jpg\" alt=\"\" width=\"550\" height=\"365\" srcset=\"https:\/\/havamall.vn\/wp-content\/uploads\/2020\/09\/soc1.jpg 550w, https:\/\/havamall.vn\/wp-content\/uploads\/2020\/09\/soc1-430x285.jpg 430w, https:\/\/havamall.vn\/wp-content\/uploads\/2020\/09\/soc1-150x100.jpg 150w, https:\/\/havamall.vn\/wp-content\/uploads\/2020\/09\/soc1-300x199.jpg 300w\" sizes=\"(max-width: 550px) 100vw, 550px\" \/><\/p>\n<p>Kem \u0111\u01b0\u1ee3c l\u00e0m t\u1ef1 h\u01b0\u01a1ng v\u1ecb t\u1ef1 nhi\u00ean, ho\u00e0n to\u00e0n kh\u00f4ng ch\u1ee9a c\u00e1c th\u00e0nh ph\u1ea7n h\u00f3a h\u1ecdc, ch\u1ea5t ph\u1ee5 gia n\u00ean khi th\u01b0\u1edfng th\u1ee9c, th\u1ef1c kh\u00e1ch v\u1eabn c\u1ea3m nh\u1eadn \u0111\u01b0\u1ee3c h\u01b0\u01a1ng v\u1ecb \u0111\u1eafng c\u1ee7a s\u00f4c\u00f4la h\u00f2a quy\u1ec7n c\u00f9ng v\u1edbi v\u1ecb ng\u1ecdt c\u1ee7a s\u1eefa mang l\u1ea1i c\u1ea3m gi\u00e1c h\u00e0i h\u00f2a.<\/p>\n<p>S\u1ea3n ph\u1ea9m kh\u00f4ng s\u1eed d\u1ee5ng ch\u1ea5t t\u1ea1o m\u00e0u n\u00ean v\u1eabn gi\u1eef \u0111\u01b0\u1ee3c m\u00e0u n\u00e2u v\u1ed1n c\u00f3 c\u1ee7a s\u00f4c\u00f4la, khi\u1ebfn th\u1ef1c kh\u00e1ch c\u00e0ng b\u1ecb thu h\u00fat.<\/p>\n<h1>C\u00e1ch s\u1eed d\u1ee5ng v\u00e0 h\u01b0\u1edbng d\u1eabn<\/h1>\n<p>&#8211; H\u01b0\u1edbng d\u1eabn s\u1eed d\u1ee5ng: S\u1ea3n ph\u1ea9m d\u00f9ng \u0103n ngay sau khi m\u1edf bao b\u00ec.<\/p>\n<p>&#8211; H\u01b0\u1edbng d\u1eabn b\u1ea3o qu\u1ea3n: B\u1ea3o qu\u1ea3n \u1edf nhi\u1ec7t \u0111\u1ed9 t\u1eeb -18 \u0111\u1ebfn \u2013 25 \u0111\u1ed9 C.<\/p>","protected":false},"excerpt":{"rendered":"<p>Kem S\u00f4c\u00f4la \u0111\u01b0\u1ee3c l\u00e0m t\u1ef1 h\u01b0\u01a1ng v\u1ecb t\u1ef1 nhi\u00ean, ho\u00e0n to\u00e0n kh\u00f4ng ch\u1ee9a c\u00e1c th\u00e0nh ph\u1ea7n h\u00f3a h\u1ecdc, ch\u1ea5t ph\u1ee5 gia n\u00ean khi th\u01b0\u1edfng th\u1ee9c, th\u1ef1c kh\u00e1ch v\u1eabn c\u1ea3m nh\u1eadn \u0111\u01b0\u1ee3c h\u01b0\u01a1ng v\u1ecb \u0111\u1eafng c\u1ee7a s\u00f4c\u00f4la h\u00f2a quy\u1ec7n c\u00f9ng v\u1edbi v\u1ecb ng\u1ecdt c\u1ee7a s\u1eefa mang l\u1ea1i c\u1ea3m gi\u00e1c h\u00e0i h\u00f2a<\/p>","protected":false},"featured_media":16395,"comment_status":"open","ping_status":"closed","template":"","meta":[],"product_brand":[],"product_cat":[275,36],"product_tag":[],"class_list":{"0":"post-16388","1":"product","2":"type-product","3":"status-publish","4":"has-post-thumbnail","6":"product_cat-thuc-pham-dong-lanh","7":"product_cat-thuc-pham-tieu-dung","9":"first","10":"outofstock","11":"sale","12":"shipping-taxable","13":"purchasable","14":"product-type-simple"},"_links":{"self":[{"href":"https:\/\/havamall.vn\/en\/wp-json\/wp\/v2\/product\/16388"}],"collection":[{"href":"https:\/\/havamall.vn\/en\/wp-json\/wp\/v2\/product"}],"about":[{"href":"https:\/\/havamall.vn\/en\/wp-json\/wp\/v2\/types\/product"}],"replies":[{"embeddable":true,"href":"https:\/\/havamall.vn\/en\/wp-json\/wp\/v2\/comments?post=16388"}],"version-history":[{"count":0,"href":"https:\/\/havamall.vn\/en\/wp-json\/wp\/v2\/product\/16388\/revisions"}],"wp:featuredmedia":[{"embeddable":true,"href":"https:\/\/havamall.vn\/en\/wp-json\/wp\/v2\/media\/16395"}],"wp:attachment":[{"href":"https:\/\/havamall.vn\/en\/wp-json\/wp\/v2\/media?parent=16388"}],"wp:term":[{"taxonomy":"product_brand","embeddable":true,"href":"https:\/\/havamall.vn\/en\/wp-json\/wp\/v2\/product_brand?post=16388"},{"taxonomy":"product_cat","embeddable":true,"href":"https:\/\/havamall.vn\/en\/wp-json\/wp\/v2\/product_cat?post=16388"},{"taxonomy":"product_tag","embeddable":true,"href":"https:\/\/havamall.vn\/en\/wp-json\/wp\/v2\/product_tag?post=16388"}],"curies":[{"name":"wp","href":"https:\/\/api.w.org\/{rel}","templated":true}]}}