{"id":16381,"date":"2020-09-23T11:47:13","date_gmt":"2020-09-23T04:47:13","guid":{"rendered":"https:\/\/havamall.vn\/?post_type=product&#038;p=16381"},"modified":"2021-09-15T09:04:51","modified_gmt":"2021-09-15T02:04:51","slug":"kem-hu-frosty-30z-dau-42g-frosty-30z-strawberry-ice-cream","status":"publish","type":"product","link":"https:\/\/havamall.vn\/en\/shop\/kem-hu-frosty-30z-dau-42g-frosty-30z-strawberry-ice-cream\/","title":{"rendered":"Kem H\u1ee7 Frosty 30Z D\u00e2u 42g \u2013 Frosty 30Z Strawberry Ice Cream"},"content":{"rendered":"<h1>Th\u00f4ng tin s\u1ea3n ph\u1ea9m<\/h1>\n<p>\u2013 Th\u01b0\u01a1ng hi\u1ec7u: Cremo<\/p>\n<p>\u2013 Xu\u1ea5t x\u1ee9: Th\u00e1i Lan<\/p>\n<p>\u2013 Th\u00e0nh ph\u1ea7n: D\u00e2u t\u00e2y,\u00a0tinh ch\u00e2\u0301t Vani, s\u01b0\u0303a t\u01b0\u01a1i, s\u01b0\u0303a b\u1ecd\u0302t, kem t\u01b0\u01a1i, b\u01a1, \u0111\u01b0\u1eddng,\u2026<\/p>\n<p>\u2013 Quy c\u00e1ch \u0111\u00f3ng g\u00f3i: 42g<\/p>\n<p>\u2013 H\u1ea1n s\u1eed d\u1ee5ng: Xem tr\u00ean bao b\u00ec<\/p>\n<p><img fetchpriority=\"high\" decoding=\"async\" class=\"wp-image-16383 aligncenter\" src=\"https:\/\/havamall.vn\/wp-content\/uploads\/2020\/09\/d\u00e2u-31-1024x731.jpg\" alt=\"\" width=\"493\" height=\"352\" srcset=\"https:\/\/havamall.vn\/wp-content\/uploads\/2020\/09\/d\u00e2u-31-1024x731.jpg 1024w, https:\/\/havamall.vn\/wp-content\/uploads\/2020\/09\/d\u00e2u-31-430x307.jpg 430w, https:\/\/havamall.vn\/wp-content\/uploads\/2020\/09\/d\u00e2u-31-150x107.jpg 150w, https:\/\/havamall.vn\/wp-content\/uploads\/2020\/09\/d\u00e2u-31-700x500.jpg 700w, https:\/\/havamall.vn\/wp-content\/uploads\/2020\/09\/d\u00e2u-31-300x214.jpg 300w, https:\/\/havamall.vn\/wp-content\/uploads\/2020\/09\/d\u00e2u-31-768x549.jpg 768w, https:\/\/havamall.vn\/wp-content\/uploads\/2020\/09\/d\u00e2u-31-1200x857.jpg 1200w, https:\/\/havamall.vn\/wp-content\/uploads\/2020\/09\/d\u00e2u-31-600x429.jpg 600w, https:\/\/havamall.vn\/wp-content\/uploads\/2020\/09\/d\u00e2u-31.jpg 1400w\" sizes=\"(max-width: 493px) 100vw, 493px\" \/><\/p>\n<h1>\u0110\u1eb7c \u0111i\u1ec3m s\u1ea3n ph\u1ea9m<\/h1>\n<p>D\u00e2u t\u00e2y hay c\u00f2n g\u1ecdi l\u00e0 d\u00e2u \u0111\u1ea5t l\u00e0 m\u1ed9t chi th\u1ef1c v\u1eadt h\u1ea1t k\u00edn v\u00e0 lo\u00e0i th\u1ef1c v\u1eadt c\u00f3 hoa thu\u1ed9c h\u1ecd Hoa h\u1ed3ng cho qu\u1ea3 \u0111\u01b0\u1ee3c nhi\u1ec1u ng\u01b0\u1eddi \u01b0a chu\u1ed9ng. D\u00e2u t\u00e2y xu\u1ea5t x\u1ee9 t\u1eeb ch\u00e2u M\u1ef9 v\u00e0 \u0111\u01b0\u1ee3c c\u00e1c nh\u00e0 l\u00e0m v\u01b0\u1eddn ch\u00e2u \u00c2u cho lai t\u1ea1o v\u00e0o th\u1ebf k\u1ef7 18 \u0111\u1ec3 t\u1ea1o n\u00ean gi\u1ed1ng d\u00e2u t\u00e2y \u0111\u01b0\u1ee3c tr\u1ed3ng r\u1ed9ng r\u00e3i hi\u1ec7n nay<\/p>\n<p>\u1ede Vi\u1ec7t Nam, kh\u00ed h\u1eadu m\u00e1t m\u1ebb c\u1ee7a mi\u1ec1n n\u00fai \u0110\u00e0 L\u1ea1t l\u00e0 m\u00f4i tr\u01b0\u1eddng th\u00edch h\u1ee3p v\u1edbi vi\u1ec7c canh t\u00e1c d\u00e2u n\u00ean lo\u1ea1i tr\u00e1i c\u00e2y n\u00e0y \u0111\u01b0\u1ee3c xem l\u00e0 \u0111\u1eb7c s\u1ea3n c\u1ee7a v\u00f9ng cao nguy\u00ean n\u01a1i \u0111\u00e2y.<\/p>\n<p>D\u00e2u t\u00e2y gi\u00e0u vitamin C v\u00e0 l\u00e0 ngu\u1ed3n cung c\u1ea5p d\u1ed3i d\u00e0o c\u00e1c ch\u1ea5t flavonoit c\u1ea7n thi\u1ebft cho c\u01a1 th\u1ec3. Do \u0111\u00f3, qu\u1ea3 d\u00e2u t\u00e2y th\u01b0\u1eddng \u0111\u01b0\u1ee3c s\u1eed d\u1ee5ng \u0111\u1ec3 l\u00e0m c\u00e1c m\u00f3n tr\u00e1ng mi\u1ec7ng v\u00e0 \u0111\u01b0\u1ee3c \u1ee9ng d\u1ee5ng trong s\u1ea3n xu\u1ea5t \u0111\u1ec3 t\u1ea1o ra c\u00e1c lo\u1ea1i b\u00e1nh, k\u1eb9o, s\u1eefa, kem,&#8230; mang h\u01b0\u01a1ng v\u1ecb d\u00e2u.<\/p>\n<p><img decoding=\"async\" class=\"wp-image-16385 aligncenter\" src=\"https:\/\/havamall.vn\/wp-content\/uploads\/2020\/09\/d\u00e2u-12.jpg\" alt=\"\" width=\"542\" height=\"483\" srcset=\"https:\/\/havamall.vn\/wp-content\/uploads\/2020\/09\/d\u00e2u-12.jpg 600w, https:\/\/havamall.vn\/wp-content\/uploads\/2020\/09\/d\u00e2u-12-430x383.jpg 430w, https:\/\/havamall.vn\/wp-content\/uploads\/2020\/09\/d\u00e2u-12-150x134.jpg 150w, https:\/\/havamall.vn\/wp-content\/uploads\/2020\/09\/d\u00e2u-12-300x268.jpg 300w\" sizes=\"(max-width: 542px) 100vw, 542px\" \/><\/p>\n<p>Kem h\u1ee7 frosty 30Z d\u00e2u mang h\u01b0\u01a1ng v\u1ecb d\u00e2u \u0111\u1eb7c tr\u01b0ng v\u1edbi gam m\u00e0u h\u1ed3ng ho\u1eb7c \u0111\u1ecf nh\u1ea1t. Kem d\u00e2u \u0111\u01b0\u1ee3c l\u00e0m b\u1eb1ng c\u00e1ch tr\u1ed9n h\u1ed5n h\u1ee3p d\u00e2u t\u00e2y t\u01b0\u01a1i v\u1edbi tr\u1ee9ng, kem, vani v\u00e0 \u0111\u01b0\u1eddng.<\/p>\n<p>Kem d\u00e2u\u00a0s\u1eed d\u1ee5ng nguy\u00ean li\u1ec7u t\u1ef1 nhi\u00ean, ho\u00e0n to\u00e0n kh\u00f4ng ch\u1ee9a c\u00e1c th\u00e0nh ph\u1ea7n h\u00f3a h\u1ecdc, ch\u1ea5t ph\u1ee5 gia n\u00ean khi th\u01b0\u1edfng th\u1ee9c, th\u1ef1c kh\u00e1ch v\u1eabn c\u1ea3m nh\u1eadn \u0111\u01b0\u1ee3c h\u01b0\u01a1ng v\u1ecb th\u01a1m ng\u00e1t c\u1ee7a d\u00e2u c\u00f9ng v\u1edbi s\u1ef1 m\u00e1t l\u1ea1nh c\u1ee7a kem.<\/p>\n<p>Kem d\u00e2u \u0111\u01b0\u1ee3c s\u1ea3n xu\u1ea5t theo d\u00e2y chuy\u1ec1n c\u00f4ng ngh\u1ec7 hi\u1ec7n \u0111\u1ea1i c\u1ee7a Th\u00e1i Lan v\u1edbi quy tr\u00ecnh ki\u1ec3m \u0111\u1ecbnh ch\u1ea5t l\u01b0\u1ee3ng nghi\u00eam ng\u1eb7t n\u00ean \u0111\u1ea3m b\u1ea3o an to\u00e0n cho ng\u01b0\u1eddi s\u1eed d\u1ee5ng.<\/p>\n<p><img decoding=\"async\" class=\"wp-image-16384 aligncenter\" src=\"https:\/\/havamall.vn\/wp-content\/uploads\/2020\/09\/d\u00e2u-21.jpg\" alt=\"\" width=\"547\" height=\"348\" srcset=\"https:\/\/havamall.vn\/wp-content\/uploads\/2020\/09\/d\u00e2u-21.jpg 600w, https:\/\/havamall.vn\/wp-content\/uploads\/2020\/09\/d\u00e2u-21-430x274.jpg 430w, https:\/\/havamall.vn\/wp-content\/uploads\/2020\/09\/d\u00e2u-21-150x96.jpg 150w, https:\/\/havamall.vn\/wp-content\/uploads\/2020\/09\/d\u00e2u-21-300x191.jpg 300w\" sizes=\"(max-width: 547px) 100vw, 547px\" \/><\/p>\n<p>S\u1ea3n ph\u1ea9m \u0111\u01b0\u1ee3c thi\u1ebft k\u1ebf d\u01b0\u1edbi d\u1ea1ng h\u1ed9p, mang l\u1ea1i s\u1ef1 ti\u1ec7n l\u1ee3i cho ng\u01b0\u1eddi s\u1eed d\u1ee5ng trong vi\u1ec7c s\u1eed d\u1ee5ng c\u0169ng nh\u01b0 b\u1ea3o qu\u1ea3n. B\u00ean c\u1ea1nh \u0111\u00f3, c\u00f2n ti\u1ebft ki\u1ec7m th\u1eddi gian b\u1edfi t\u00ednh n\u0103ng \u201c\u0103n li\u1ec1n\u201d c\u1ee7a s\u1ea3n ph\u1ea9m, ch\u1ec9 c\u1ea7n m\u1edf n\u1eafp v\u00e0 c\u00f3 th\u1ec3 th\u01b0\u1edfng th\u1ee9c ngay.<\/p>\n<p>\u0110\u1ed1i v\u1edbi s\u1ea3n ph\u1ea9m Kem h\u1ee7 frosty vani,<strong> Havamall<\/strong> hi\u1ec7n \u0111ang c\u00f3 3 h\u01b0\u01a1ng v\u1ecb:<\/p>\n<p>\u2013 Vani<\/p>\n<p>\u2013 S\u00f4c\u00f4la<\/p>\n<p>\u2013 D\u00e2u<\/p>","protected":false},"excerpt":{"rendered":"<p>Kem d\u00e2u\u00a0s\u1eed d\u1ee5ng nguy\u00ean li\u1ec7u t\u1ef1 nhi\u00ean, ho\u00e0n to\u00e0n kh\u00f4ng ch\u1ee9a c\u00e1c th\u00e0nh ph\u1ea7n h\u00f3a h\u1ecdc, ch\u1ea5t ph\u1ee5 gia n\u00ean khi th\u01b0\u1edfng th\u1ee9c, th\u1ef1c kh\u00e1ch v\u1eabn c\u1ea3m nh\u1eadn \u0111\u01b0\u1ee3c h\u01b0\u01a1ng v\u1ecb th\u01a1m ng\u00e1t c\u1ee7a d\u00e2u c\u00f9ng v\u1edbi s\u1ef1 m\u00e1t l\u1ea1nh c\u1ee7a kem.<\/p>\n<p>Kem d\u00e2u \u0111\u01b0\u1ee3c s\u1ea3n xu\u1ea5t theo d\u00e2y chuy\u1ec1n c\u00f4ng ngh\u1ec7 hi\u1ec7n \u0111\u1ea1i c\u1ee7a Th\u00e1i Lan v\u1edbi quy tr\u00ecnh ki\u1ec3m \u0111\u1ecbnh ch\u1ea5t l\u01b0\u1ee3ng nghi\u00eam ng\u1eb7t n\u00ean \u0111\u1ea3m b\u1ea3o an to\u00e0n cho ng\u01b0\u1eddi s\u1eed d\u1ee5ng.<\/p>","protected":false},"featured_media":16382,"comment_status":"open","ping_status":"closed","template":"","meta":[],"product_brand":[],"product_cat":[275,36],"product_tag":[],"class_list":{"0":"post-16381","1":"product","2":"type-product","3":"status-publish","4":"has-post-thumbnail","6":"product_cat-thuc-pham-dong-lanh","7":"product_cat-thuc-pham-tieu-dung","9":"first","10":"outofstock","11":"sale","12":"shipping-taxable","13":"purchasable","14":"product-type-simple"},"_links":{"self":[{"href":"https:\/\/havamall.vn\/en\/wp-json\/wp\/v2\/product\/16381"}],"collection":[{"href":"https:\/\/havamall.vn\/en\/wp-json\/wp\/v2\/product"}],"about":[{"href":"https:\/\/havamall.vn\/en\/wp-json\/wp\/v2\/types\/product"}],"replies":[{"embeddable":true,"href":"https:\/\/havamall.vn\/en\/wp-json\/wp\/v2\/comments?post=16381"}],"version-history":[{"count":0,"href":"https:\/\/havamall.vn\/en\/wp-json\/wp\/v2\/product\/16381\/revisions"}],"wp:featuredmedia":[{"embeddable":true,"href":"https:\/\/havamall.vn\/en\/wp-json\/wp\/v2\/media\/16382"}],"wp:attachment":[{"href":"https:\/\/havamall.vn\/en\/wp-json\/wp\/v2\/media?parent=16381"}],"wp:term":[{"taxonomy":"product_brand","embeddable":true,"href":"https:\/\/havamall.vn\/en\/wp-json\/wp\/v2\/product_brand?post=16381"},{"taxonomy":"product_cat","embeddable":true,"href":"https:\/\/havamall.vn\/en\/wp-json\/wp\/v2\/product_cat?post=16381"},{"taxonomy":"product_tag","embeddable":true,"href":"https:\/\/havamall.vn\/en\/wp-json\/wp\/v2\/product_tag?post=16381"}],"curies":[{"name":"wp","href":"https:\/\/api.w.org\/{rel}","templated":true}]}}