{"id":16375,"date":"2020-09-23T11:00:23","date_gmt":"2020-09-23T04:00:23","guid":{"rendered":"https:\/\/havamall.vn\/?post_type=product&#038;p=16375"},"modified":"2021-09-15T09:05:13","modified_gmt":"2021-09-15T02:05:13","slug":"kem-hu-frosty-30z-vani-42g-frosty-30z-vanilla-ice-cream","status":"publish","type":"product","link":"https:\/\/havamall.vn\/en\/shop\/kem-hu-frosty-30z-vani-42g-frosty-30z-vanilla-ice-cream\/","title":{"rendered":"Kem H\u1ee7 Frosty 30Z Vani 42g &#8211; Frosty 30Z Vanilla Ice Cream"},"content":{"rendered":"<h1>Th\u00f4ng tin s\u1ea3n ph\u1ea9m<\/h1>\n<p>\u2013 Th\u01b0\u01a1ng hi\u1ec7u: Cremo<\/p>\n<p>\u2013 Xu\u1ea5t x\u1ee9: Th\u00e1i Lan<\/p>\n<p>\u2013 Th\u00e0nh ph\u1ea7n: Vani Madagascar, tinh ch\u00e2\u0301t Vani, s\u01b0\u0303a t\u01b0\u01a1i, s\u01b0\u0303a b\u1ecd\u0302t, kem t\u01b0\u01a1i, b\u01a1, \u0111\u01b0\u1eddng,\u2026<\/p>\n<p>\u2013 Quy c\u00e1ch \u0111\u00f3ng g\u00f3i: 42g<\/p>\n<p>\u2013 H\u1ea1n s\u1eed d\u1ee5ng: Xem tr\u00ean bao b\u00ec<\/p>\n<p><img fetchpriority=\"high\" decoding=\"async\" class=\"size-full wp-image-16376 aligncenter\" src=\"https:\/\/havamall.vn\/wp-content\/uploads\/2020\/09\/v2.jpg\" alt=\"\" width=\"500\" height=\"390\" srcset=\"https:\/\/havamall.vn\/wp-content\/uploads\/2020\/09\/v2.jpg 500w, https:\/\/havamall.vn\/wp-content\/uploads\/2020\/09\/v2-430x335.jpg 430w, https:\/\/havamall.vn\/wp-content\/uploads\/2020\/09\/v2-150x117.jpg 150w, https:\/\/havamall.vn\/wp-content\/uploads\/2020\/09\/v2-300x234.jpg 300w\" sizes=\"(max-width: 500px) 100vw, 500px\" \/><\/p>\n<h1>\u0110\u1eb7c \u0111i\u1ec3m s\u1ea3n ph\u1ea9m<\/h1>\n<p>Vani (hay vanilla) l\u00e0 m\u1ed9t h\u01b0\u01a1ng li\u1ec7u \u0111\u01b0\u1ee3c chi\u1ebft xu\u1ea5t t\u1eeb nh\u1eefng lo\u00e0i lan thu\u1ed9c chi Vanilla, nh\u01b0ng ch\u1ee7 y\u1ebfu l\u00e0 t\u1eeb lo\u00e0i V. planifolia b\u1eaft ngu\u1ed3n t\u1eeb M\u00e9xico.<\/p>\n<p>Vani l\u00e0 lo\u1ea1i gia v\u1ecb \u0111\u1eaft ti\u1ec1n th\u1ee9 hai tr\u00ean th\u1ebf gi\u1edbi &#8211; ch\u1ec9 x\u1ebfp sau gia v\u1ecb saffron t\u1eeb c\u00e2y ngh\u1ec7 t\u00e2y b\u1edfi ph\u1ea3i m\u1ea5t nhi\u1ec1u c\u00f4ng s\u1ee9c lao \u0111\u1ed9ng. B\u00ean c\u1ea1nh \u0111\u00f3, vani c\u00f2n \u0111\u01b0\u1ee3c \u0111\u00e1nh gi\u00e1 cao nh\u1edd h\u01b0\u01a1ng th\u01a1m &#8220;tinh khi\u1ebft, h\u0103ng v\u00e0 tinh t\u1ebf&#8221;. Trong s\u1ea3n xu\u1ea5t,\u00a0vani \u0111\u01b0\u1ee3c s\u1eed d\u1ee5ng \u0111\u1ec3 l\u00e0m th\u1ef1c ph\u1ea9m, n\u01b0\u1edbc hoa, v\u00e0 trong tr\u1ecb li\u1ec7u d\u00f9ng h\u01b0\u01a1ng th\u01a1m.<\/p>\n<p><img decoding=\"async\" class=\"wp-image-16377 aligncenter\" src=\"https:\/\/havamall.vn\/wp-content\/uploads\/2020\/09\/v4.jpg\" alt=\"\" width=\"556\" height=\"349\" srcset=\"https:\/\/havamall.vn\/wp-content\/uploads\/2020\/09\/v4.jpg 670w, https:\/\/havamall.vn\/wp-content\/uploads\/2020\/09\/v4-430x270.jpg 430w, https:\/\/havamall.vn\/wp-content\/uploads\/2020\/09\/v4-150x94.jpg 150w, https:\/\/havamall.vn\/wp-content\/uploads\/2020\/09\/v4-300x188.jpg 300w, https:\/\/havamall.vn\/wp-content\/uploads\/2020\/09\/v4-600x376.jpg 600w\" sizes=\"(max-width: 556px) 100vw, 556px\" \/><\/p>\n<p>Kem h\u1ee7 frosty 30Z vani l\u00e0 s\u1ea3n ph\u1ea9m k\u1ebft h\u1ee3p \u0111\u1ed9c \u0111\u00e1o gi\u1eefa c\u00f4ng th\u1ee9c truy\u1ec1n th\u1ed1ng v\u00e0 quy tr\u00ecnh ch\u1ebf bi\u1ebfn hi\u1ec7n \u0111\u1ea1i \u0111em l\u1ea1i ch\u1ea5t l\u01b0\u1ee3ng t\u1ed1t nh\u1ea5t tr\u00ean t\u1eebng &#8220;mi\u1ebfng&#8221; kem.<\/p>\n<p>Kem h\u1ee7 frosty 30Z vani gi\u00fap cung c\u1ea5p n\u0103ng l\u01b0\u1ee3ng, vitamin, d\u01b0\u1ee1ng ch\u1ea5t c\u1ea7n thi\u1ebft cho c\u00e1c ho\u1ea1t \u0111\u1ed9ng h\u00e0ng ng\u00e0y, v\u1edbi h\u01b0\u01a1ng v\u1ecb m\u00e1t l\u1ea1nh c\u1ee7a kem mang l\u1ea1i cho b\u1ea1n c\u1ea3m gi\u00e1c th\u1eadt s\u1ea3ng kho\u00e1i m\u1ed7i khi th\u01b0\u1edfng th\u1ee9c.<\/p>\n<p><img decoding=\"async\" class=\"wp-image-16379 aligncenter\" src=\"https:\/\/havamall.vn\/wp-content\/uploads\/2020\/09\/v3.gif\" alt=\"\" width=\"547\" height=\"342\" \/><\/p>\n<p>Kem vani \u0111\u01b0\u1ee3c s\u1ea3n xu\u1ea5t theo d\u00e2y chuy\u1ec1n c\u00f4ng ngh\u1ec7 hi\u1ec7n \u0111\u1ea1i c\u1ee7a Th\u00e1i Lan v\u1edbi quy tr\u00ecnh ki\u1ec3m \u0111\u1ecbnh ch\u1ea5t l\u01b0\u1ee3ng nghi\u00eam ng\u1eb7t.<\/p>\n<p>S\u1ea3n ph\u1ea9m \u0111\u01b0\u1ee3c thi\u1ebft k\u1ebf v\u00e0 \u0111\u00f3ng g\u00f3i d\u01b0\u1edbi d\u1ea1ng h\u1ee7 nh\u1ecf g\u1ecdn mang l\u1ea1i s\u1ef1 ti\u1ec7n l\u1ee3i cho b\u1ea1n khi s\u1eed d\u1ee5ng c\u0169ng nh\u01b0 b\u1ea3o qu\u1ea3n kem.<\/p>\n<p>\u0110\u1ed1i v\u1edbi s\u1ea3n ph\u1ea9m Kem h\u1ee7 frosty vani,<strong> Havamall<\/strong> hi\u1ec7n \u0111ang c\u00f3 3 h\u01b0\u01a1ng v\u1ecb:<\/p>\n<p>\u2013 Vani<\/p>\n<p>\u2013 S\u00f4c\u00f4la<\/p>\n<p>\u2013 D\u00e2u<\/p>","protected":false},"excerpt":{"rendered":"<p>Kem h\u1ee7 frosty 30Z vani gi\u00fap cung c\u1ea5p n\u0103ng l\u01b0\u1ee3ng, vitamin, d\u01b0\u1ee1ng ch\u1ea5t c\u1ea7n thi\u1ebft cho c\u00e1c ho\u1ea1t \u0111\u1ed9ng h\u00e0ng ng\u00e0y, v\u1edbi h\u01b0\u01a1ng v\u1ecb m\u00e1t l\u1ea1nh c\u1ee7a kem mang l\u1ea1i cho b\u1ea1n c\u1ea3m gi\u00e1c th\u1eadt s\u1ea3ng kho\u00e1i m\u1ed7i khi th\u01b0\u1edfng th\u1ee9c.<\/p>\n<p>Kem vani \u0111\u01b0\u1ee3c s\u1ea3n xu\u1ea5t theo d\u00e2y chuy\u1ec1n c\u00f4ng ngh\u1ec7 hi\u1ec7n \u0111\u1ea1i c\u1ee7a Th\u00e1i Lan v\u1edbi quy tr\u00ecnh ki\u1ec3m \u0111\u1ecbnh ch\u1ea5t l\u01b0\u1ee3ng nghi\u00eam ng\u1eb7t.<\/p>\n<p>S\u1ea3n ph\u1ea9m \u0111\u01b0\u1ee3c thi\u1ebft k\u1ebf v\u00e0 \u0111\u00f3ng g\u00f3i d\u01b0\u1edbi d\u1ea1ng h\u1ee7 nh\u1ecf g\u1ecdn mang l\u1ea1i s\u1ef1 ti\u1ec7n l\u1ee3i cho b\u1ea1n khi s\u1eed d\u1ee5ng c\u0169ng nh\u01b0 b\u1ea3o qu\u1ea3n.<\/p>","protected":false},"featured_media":16380,"comment_status":"open","ping_status":"closed","template":"","meta":[],"product_brand":[],"product_cat":[275,36],"product_tag":[],"class_list":{"0":"post-16375","1":"product","2":"type-product","3":"status-publish","4":"has-post-thumbnail","6":"product_cat-thuc-pham-dong-lanh","7":"product_cat-thuc-pham-tieu-dung","9":"first","10":"outofstock","11":"sale","12":"shipping-taxable","13":"purchasable","14":"product-type-simple"},"_links":{"self":[{"href":"https:\/\/havamall.vn\/en\/wp-json\/wp\/v2\/product\/16375"}],"collection":[{"href":"https:\/\/havamall.vn\/en\/wp-json\/wp\/v2\/product"}],"about":[{"href":"https:\/\/havamall.vn\/en\/wp-json\/wp\/v2\/types\/product"}],"replies":[{"embeddable":true,"href":"https:\/\/havamall.vn\/en\/wp-json\/wp\/v2\/comments?post=16375"}],"version-history":[{"count":0,"href":"https:\/\/havamall.vn\/en\/wp-json\/wp\/v2\/product\/16375\/revisions"}],"wp:featuredmedia":[{"embeddable":true,"href":"https:\/\/havamall.vn\/en\/wp-json\/wp\/v2\/media\/16380"}],"wp:attachment":[{"href":"https:\/\/havamall.vn\/en\/wp-json\/wp\/v2\/media?parent=16375"}],"wp:term":[{"taxonomy":"product_brand","embeddable":true,"href":"https:\/\/havamall.vn\/en\/wp-json\/wp\/v2\/product_brand?post=16375"},{"taxonomy":"product_cat","embeddable":true,"href":"https:\/\/havamall.vn\/en\/wp-json\/wp\/v2\/product_cat?post=16375"},{"taxonomy":"product_tag","embeddable":true,"href":"https:\/\/havamall.vn\/en\/wp-json\/wp\/v2\/product_tag?post=16375"}],"curies":[{"name":"wp","href":"https:\/\/api.w.org\/{rel}","templated":true}]}}