{"id":16370,"date":"2020-09-23T10:20:59","date_gmt":"2020-09-23T03:20:59","guid":{"rendered":"https:\/\/havamall.vn\/?post_type=product&#038;p=16370"},"modified":"2021-06-24T15:28:35","modified_gmt":"2021-06-24T08:28:35","slug":"kem-hu-cremo-matrix-viet-quoc-55g-cremo-matrix-blueberry-ice-cream","status":"publish","type":"product","link":"https:\/\/havamall.vn\/en\/shop\/kem-hu-cremo-matrix-viet-quoc-55g-cremo-matrix-blueberry-ice-cream\/","title":{"rendered":"Kem H\u1ee7 Cremo Matrix Vi\u1ec7t Qu\u1ea5t 55g &#8211; Cremo Matrix Blueberry Ice Cream"},"content":{"rendered":"<h1>\u0110\u1eb7c \u0111i\u1ec3m th\u01b0\u01a1ng hi\u1ec7u<\/h1>\n<p>Cremo Ice Cream l\u00e0 th\u01b0\u01a1ng hi\u1ec7u kem h\u00e0ng \u0111\u1ea7u Th\u00e1i Lan t\u1eeb n\u0103m 1979 tr\u1edf l\u1ea1i \u0111\u00e2y, ho\u1ea1t \u0111\u1ed9ng \u0111\u01b0\u1ee3c h\u01a1n 40 n\u0103m.<\/p>\n<p>S\u1ea3n ph\u1ea9m kem c\u1ee7a Cremo \u0111a d\u1ea1ng nh\u01b0 kem thanh, c\u1ed1c, x\u00f4 v\u00e0 h\u00ecnh n\u00f3n, t\u1ea5t c\u1ea3 \u0111\u1ec1u \u0111\u01b0\u1ee3c s\u1ea3n xu\u1ea5t v\u1edbi theo quy tr\u00ecnh ki\u1ec3m tra nghi\u00eam ng\u1eb7t, n\u00ean r\u1ea5t an to\u00e0n cho ng\u01b0\u1eddi s\u1eed d\u1ee5ng.<\/p>\n<p>Kem Cremo \u0111\u00e3 \u0111\u01b0\u1ee3c c\u00f4ng nh\u1eadn theo ti\u00eau chu\u1ea9n qu\u1ed1c t\u1ebf trong h\u01a1n 3 th\u1eadp k\u1ef7, bao g\u1ed3m Halal, GMP, HACCP v\u00e0 ISO22000, \u0111\u1ea3m b\u1ea3o r\u1eb1ng c\u00e1c s\u1ea3n ph\u1ea9m \u0111\u01b0\u1ee3c s\u1ea3n xu\u1ea5t c\u00f3 ch\u1ea5t l\u01b0\u1ee3ng an to\u00e0n v\u00e0 \u0111\u00e1ng tin c\u1eady.<\/p>\n<h1>Th\u00f4ng tin s\u1ea3n ph\u1ea9m<\/h1>\n<p>\u2013 Th\u01b0\u01a1ng hi\u1ec7u: Cremo<\/p>\n<p>\u2013 Xu\u1ea5t x\u1ee9: Th\u00e1i Lan<\/p>\n<p>\u2013 Th\u00e0nh ph\u1ea7n: Vi\u1ec7t qu\u1ea5t,\u00a0whipping cream, s\u01b0\u0303a t\u01b0\u01a1i, s\u01b0\u0303a b\u1ecd\u0302t, kem t\u01b0\u01a1i, b\u01a1, \u0111\u01b0\u1eddng,\u2026<\/p>\n<p>\u2013 Quy c\u00e1ch \u0111\u00f3ng g\u00f3i: 55g<\/p>\n<p>\u2013 H\u1ea1n s\u1eed d\u1ee5ng: Xem tr\u00ean bao b\u00ec<\/p>\n<p><img fetchpriority=\"high\" decoding=\"async\" class=\"wp-image-16372 aligncenter\" src=\"https:\/\/havamall.vn\/wp-content\/uploads\/2020\/09\/vq-22.jpg\" alt=\"\" width=\"479\" height=\"269\" srcset=\"https:\/\/havamall.vn\/wp-content\/uploads\/2020\/09\/vq-22.jpg 730w, https:\/\/havamall.vn\/wp-content\/uploads\/2020\/09\/vq-22-430x242.jpg 430w, https:\/\/havamall.vn\/wp-content\/uploads\/2020\/09\/vq-22-150x84.jpg 150w, https:\/\/havamall.vn\/wp-content\/uploads\/2020\/09\/vq-22-700x393.jpg 700w, https:\/\/havamall.vn\/wp-content\/uploads\/2020\/09\/vq-22-300x168.jpg 300w, https:\/\/havamall.vn\/wp-content\/uploads\/2020\/09\/vq-22-600x337.jpg 600w\" sizes=\"(max-width: 479px) 100vw, 479px\" \/><\/p>\n<h1>\u0110\u1eb7c \u0111i\u1ec3m s\u1ea3n ph\u1ea9m<\/h1>\n<p>Kem vi\u1ec7t qu\u1ea5t \u0111\u01b0\u1ee3c s\u1ea3n xu\u1ea5t tr\u00ean d\u00e2y chuy\u1ec1n c\u00f4ng ngh\u1ec7 hi\u1ec7n \u0111\u1ea1i, s\u1eed d\u1ee5ng nguy\u00ean li\u1ec7u t\u1ef1 nhi\u00ean, ho\u00e0n to\u00e0n kh\u00f4ng ch\u1ee9a c\u00e1c th\u00e0nh ph\u1ea7n h\u00f3a h\u1ecdc, ch\u1ea5t ph\u1ee5 gia.<\/p>\n<p>S\u1ea3n ph\u1ea9m l\u00e0 s\u1ef1 k\u1ebft h\u1ee3p ho\u00e0n h\u1ea3o c\u1ee7a h\u01b0\u01a1ng v\u1ecb vi\u1ec7t qu\u1ea5t v\u00e0 c\u00e1c nguy\u00ean li\u1ec7u kh\u00e1c mang l\u1ea1i cho b\u1ea1n s\u1ef1 th\u00edch th\u00fa, m\u1edbi l\u1ea1 ngay khi th\u01b0\u1edfng th\u1ee9c. V\u1ecb vi\u1ec7t qu\u1ea5t tuy\u1ec7t h\u1ea3o v\u1edbi c\u1ea3m gi\u00e1c m\u00e1t l\u1ea1nh, ph\u00f9 h\u1ee3p \u0111\u1ec3 th\u01b0\u1edfng th\u1ee9c trong nh\u1eefng ng\u00e0y h\u00e8 n\u00f3ng b\u1ee9c hay nh\u1eefng l\u00fac m\u1ec7t m\u1ecfi, stress trong cu\u1ed9c s\u1ed1ng h\u00e0ng ng\u00e0y.<\/p>\n<p><img decoding=\"async\" class=\"size-full wp-image-16374 aligncenter\" src=\"https:\/\/havamall.vn\/wp-content\/uploads\/2020\/09\/vq33.jpg\" alt=\"\" width=\"500\" height=\"336\" srcset=\"https:\/\/havamall.vn\/wp-content\/uploads\/2020\/09\/vq33.jpg 500w, https:\/\/havamall.vn\/wp-content\/uploads\/2020\/09\/vq33-430x289.jpg 430w, https:\/\/havamall.vn\/wp-content\/uploads\/2020\/09\/vq33-150x101.jpg 150w, https:\/\/havamall.vn\/wp-content\/uploads\/2020\/09\/vq33-300x202.jpg 300w\" sizes=\"(max-width: 500px) 100vw, 500px\" \/><\/p>\n<p>B\u00ean c\u1ea1nh h\u01b0\u01a1ng v\u1ecb tuy\u1ec7t h\u1ea3o, kem vi\u1ec7t qu\u1ea5t c\u0169ng gi\u00e0u vitamin kh\u00f4ng k\u00e9m c\u00e1c m\u00f3n \u0103n b\u1ed5 d\u01b0\u1ee1ng kh\u00e1c. Trong kem ch\u1ee9a vitamin A, B6, C, D, E&#8230; Ngo\u00e0i ra, trong kem c\u00f2n ch\u1ee9a vitamin K gi\u00fap ng\u0103n ng\u1eeba ch\u1ee9ng x\u01a1 v\u1eefa \u0111\u1ed9ng m\u1ea1ch v\u00e0 t\u1eafc ngh\u1ebdn m\u1ea1ch m\u00e1u.<\/p>\n<p>Kem cremo vi\u1ec7t qu\u1ea5t \u0111\u01b0\u1ee3c \u0111\u00f3ng g\u00f3i ti\u1ec7n d\u1ee5ng, d\u1ec5 b\u1ea3o qu\u1ea3n v\u00e0 l\u00e0 m\u00f3n kho\u00e1i kh\u1ea9u \u0111\u01b0\u1ee3c c\u1ea3 ng\u01b0\u1eddi l\u1edbn v\u00e0 tr\u1ebb em \u0111\u1ec1u y\u00eau th\u00edch.<\/p>\n<p><img decoding=\"async\" class=\"wp-image-16373 aligncenter\" src=\"https:\/\/havamall.vn\/wp-content\/uploads\/2020\/09\/vq12.jpg\" alt=\"\" width=\"485\" height=\"323\" srcset=\"https:\/\/havamall.vn\/wp-content\/uploads\/2020\/09\/vq12.jpg 600w, https:\/\/havamall.vn\/wp-content\/uploads\/2020\/09\/vq12-430x287.jpg 430w, https:\/\/havamall.vn\/wp-content\/uploads\/2020\/09\/vq12-150x100.jpg 150w, https:\/\/havamall.vn\/wp-content\/uploads\/2020\/09\/vq12-300x200.jpg 300w\" sizes=\"(max-width: 485px) 100vw, 485px\" \/><\/p>\n<h1>C\u00e1ch s\u1eed d\u1ee5ng v\u00e0 b\u1ea3o qu\u1ea3n<\/h1>\n<p>&#8211; H\u01b0\u1edbng d\u1eabn s\u1eed d\u1ee5ng: S\u1ea3n ph\u1ea9m d\u00f9ng \u0103n ngay sau khi m\u1edf bao b\u00ec.<\/p>\n<p>&#8211; H\u01b0\u1edbng d\u1eabn b\u1ea3o qu\u1ea3n: B\u1ea3o qu\u1ea3n \u1edf nhi\u1ec7t \u0111\u1ed9 t\u1eeb -18 \u0111\u1ebfn \u2013 25 \u0111\u1ed9 C.<\/p>","protected":false},"excerpt":{"rendered":"<p>Kem vi\u1ec7t qu\u1ea5t \u0111\u01b0\u1ee3c s\u1ea3n xu\u1ea5t tr\u00ean d\u00e2y chuy\u1ec1n c\u00f4ng ngh\u1ec7 hi\u1ec7n \u0111\u1ea1i, s\u1eed d\u1ee5ng nguy\u00ean li\u1ec7u t\u1ef1 nhi\u00ean, ho\u00e0n to\u00e0n kh\u00f4ng ch\u1ee9a c\u00e1c th\u00e0nh ph\u1ea7n h\u00f3a h\u1ecdc, ch\u1ea5t ph\u1ee5 gia.<\/p>\n<p>Kem cremo vi\u1ec7t qu\u1ea5t \u0111\u01b0\u1ee3c \u0111\u00f3ng g\u00f3i ti\u1ec7n d\u1ee5ng, d\u1ec5 b\u1ea3o qu\u1ea3n v\u00e0 l\u00e0 m\u00f3n kho\u00e1i kh\u1ea9u \u0111\u01b0\u1ee3c c\u1ea3 ng\u01b0\u1eddi l\u1edbn v\u00e0 tr\u1ebb em \u0111\u1ec1u y\u00eau th\u00edch<\/p>","protected":false},"featured_media":16371,"comment_status":"open","ping_status":"closed","template":"","meta":[],"product_brand":[],"product_cat":[275,36],"product_tag":[],"class_list":{"0":"post-16370","1":"product","2":"type-product","3":"status-publish","4":"has-post-thumbnail","6":"product_cat-thuc-pham-dong-lanh","7":"product_cat-thuc-pham-tieu-dung","9":"first","10":"outofstock","11":"sale","12":"shipping-taxable","13":"purchasable","14":"product-type-simple"},"_links":{"self":[{"href":"https:\/\/havamall.vn\/en\/wp-json\/wp\/v2\/product\/16370"}],"collection":[{"href":"https:\/\/havamall.vn\/en\/wp-json\/wp\/v2\/product"}],"about":[{"href":"https:\/\/havamall.vn\/en\/wp-json\/wp\/v2\/types\/product"}],"replies":[{"embeddable":true,"href":"https:\/\/havamall.vn\/en\/wp-json\/wp\/v2\/comments?post=16370"}],"version-history":[{"count":0,"href":"https:\/\/havamall.vn\/en\/wp-json\/wp\/v2\/product\/16370\/revisions"}],"wp:featuredmedia":[{"embeddable":true,"href":"https:\/\/havamall.vn\/en\/wp-json\/wp\/v2\/media\/16371"}],"wp:attachment":[{"href":"https:\/\/havamall.vn\/en\/wp-json\/wp\/v2\/media?parent=16370"}],"wp:term":[{"taxonomy":"product_brand","embeddable":true,"href":"https:\/\/havamall.vn\/en\/wp-json\/wp\/v2\/product_brand?post=16370"},{"taxonomy":"product_cat","embeddable":true,"href":"https:\/\/havamall.vn\/en\/wp-json\/wp\/v2\/product_cat?post=16370"},{"taxonomy":"product_tag","embeddable":true,"href":"https:\/\/havamall.vn\/en\/wp-json\/wp\/v2\/product_tag?post=16370"}],"curies":[{"name":"wp","href":"https:\/\/api.w.org\/{rel}","templated":true}]}}