{"id":16349,"date":"2020-09-23T09:48:51","date_gmt":"2020-09-23T02:48:51","guid":{"rendered":"https:\/\/havamall.vn\/?post_type=product&#038;p=16349"},"modified":"2021-07-27T19:44:11","modified_gmt":"2021-07-27T12:44:11","slug":"kem-hop-cremo-take-vi-khoai-mon-900ml-cremo-take-yam-taro-ice-cream","status":"publish","type":"product","link":"https:\/\/havamall.vn\/en\/shop\/kem-hop-cremo-take-vi-khoai-mon-900ml-cremo-take-yam-taro-ice-cream\/","title":{"rendered":"Kem H\u1ed9p Cremo Take V\u1ecb Khoai M\u00f4n 1000ml \u2013 Cremo Take Yam Taro Ice Cream"},"content":{"rendered":"<h1>Th\u00f4ng tin s\u1ea3n ph\u1ea9m<\/h1>\n<p>\u2013 Th\u01b0\u01a1ng hi\u1ec7u: Cremo<\/p>\n<p>\u2013 Xu\u1ea5t x\u1ee9: Th\u00e1i Lan<\/p>\n<p>\u2013 Th\u00e0nh ph\u1ea7n: khoai m\u00f4n,\u00a0whipping cream, s\u01b0\u0303a t\u01b0\u01a1i, s\u01b0\u0303a b\u1ecd\u0302t, kem t\u01b0\u01a1i, b\u01a1, \u0111\u01b0\u1eddng,\u2026<\/p>\n<p>\u2013 Quy c\u00e1ch \u0111\u00f3ng g\u00f3i: 1000ml<\/p>\n<p>\u2013 H\u1ea1n s\u1eed d\u1ee5ng: Xem tr\u00ean bao b\u00ec<\/p>\n<p><img fetchpriority=\"high\" decoding=\"async\" class=\"wp-image-16368 aligncenter\" src=\"https:\/\/havamall.vn\/wp-content\/uploads\/2020\/09\/m2.jpg\" alt=\"\" width=\"544\" height=\"306\" srcset=\"https:\/\/havamall.vn\/wp-content\/uploads\/2020\/09\/m2.jpg 660w, https:\/\/havamall.vn\/wp-content\/uploads\/2020\/09\/m2-430x242.jpg 430w, https:\/\/havamall.vn\/wp-content\/uploads\/2020\/09\/m2-150x84.jpg 150w, https:\/\/havamall.vn\/wp-content\/uploads\/2020\/09\/m2-300x169.jpg 300w, https:\/\/havamall.vn\/wp-content\/uploads\/2020\/09\/m2-600x337.jpg 600w\" sizes=\"(max-width: 544px) 100vw, 544px\" \/><\/p>\n<h1>\u0110\u1eb7c \u0111i\u1ec3m s\u1ea3n ph\u1ea9m<\/h1>\n<p>Khoai m\u00f4n l\u00e0 lo\u1ea1i c\u1ee7 qu\u1ea3 ch\u1ee9a nhi\u1ec1u d\u01b0\u1ee1ng ch\u1ea5t nh\u01b0 vitamin A, C, E, B6,&#8230;gi\u00fap \u0111\u1ea3m b\u1ea3o m\u1ed9t ch\u1ebf \u0111\u1ed9 \u0103n u\u1ed1ng l\u00e0nh m\u1ea1nh. Khoai m\u00f4n c\u00f2n l\u00e0 h\u01b0\u01a1ng v\u1ecb quen thu\u1ed9c trong c\u00e1c b\u00e1nh, tr\u00e0 s\u1eefa, kem,&#8230;<\/p>\n<p>Kem khoai m\u00f4n hi\u1eb9\u0302n l\u00e0 m\u1ecd\u0302t trong nh\u01b0\u0303ng v\u1ecb kem \u0111\u01b0\u1ee3c \u01b0a chu\u1ed9ng v\u00e0 thu h\u00fat \u00e1nh nh\u00ecn c\u1ee7a th\u1ef1c kh\u00e1ch b\u1edfi m\u00e0u t\u00edm \u0111\u1eb7c tr\u01b0ng.<\/p>\n<p><img decoding=\"async\" class=\"size-full wp-image-16367 aligncenter\" src=\"https:\/\/havamall.vn\/wp-content\/uploads\/2020\/09\/m1.jpg\" alt=\"\" width=\"550\" height=\"366\" srcset=\"https:\/\/havamall.vn\/wp-content\/uploads\/2020\/09\/m1.jpg 550w, https:\/\/havamall.vn\/wp-content\/uploads\/2020\/09\/m1-430x286.jpg 430w, https:\/\/havamall.vn\/wp-content\/uploads\/2020\/09\/m1-150x100.jpg 150w, https:\/\/havamall.vn\/wp-content\/uploads\/2020\/09\/m1-300x200.jpg 300w\" sizes=\"(max-width: 550px) 100vw, 550px\" \/><\/p>\n<p>Kem h\u1ed9p cremo khoai m\u00f4n \u0111\u01b0\u1ee3c s\u1ea3n xu\u1ea5t t\u1eeb ngu\u1ed3n nguy\u00ean li\u1ec7u t\u01b0\u01a1i ngon, kh\u00f4ng ch\u1ee9a \u0111\u01b0\u1eddng h\u00f3a h\u1ecdc, ch\u1ea5t t\u1ea1o ng\u1ecdt, ph\u1ea9m m\u00e0u, an to\u00e0n cho ng\u01b0\u1eddi s\u1eed d\u1ee5ng. Khi th\u01b0\u1edfng th\u1ee9c, th\u1ef1c kh\u00e1ch s\u1ebd c\u1ea3m nh\u1eadn \u0111\u01b0\u1ee3c h\u01b0\u01a1ng v\u1ecb t\u1ef1 nhi\u00ean v\u1ed1n c\u00f3 c\u1ee7a khoai m\u00f4n h\u00f2a quy\u1ec7n v\u1edbi s\u1ef1 m\u00e1t l\u1ea1nh c\u1ee7a kem, mang l\u1ea1i s\u1ef1 ngon mi\u1ec7ng, s\u1ea3ng kho\u00e1i.<\/p>\n<p><img decoding=\"async\" class=\"wp-image-16369 aligncenter\" src=\"https:\/\/havamall.vn\/wp-content\/uploads\/2020\/09\/m3-1024x683.jpg\" alt=\"\" width=\"569\" height=\"379\" srcset=\"https:\/\/havamall.vn\/wp-content\/uploads\/2020\/09\/m3-1024x683.jpg 1024w, https:\/\/havamall.vn\/wp-content\/uploads\/2020\/09\/m3-430x287.jpg 430w, https:\/\/havamall.vn\/wp-content\/uploads\/2020\/09\/m3-150x100.jpg 150w, https:\/\/havamall.vn\/wp-content\/uploads\/2020\/09\/m3-700x467.jpg 700w, https:\/\/havamall.vn\/wp-content\/uploads\/2020\/09\/m3-300x200.jpg 300w, https:\/\/havamall.vn\/wp-content\/uploads\/2020\/09\/m3-768x512.jpg 768w, https:\/\/havamall.vn\/wp-content\/uploads\/2020\/09\/m3-1200x800.jpg 1200w, https:\/\/havamall.vn\/wp-content\/uploads\/2020\/09\/m3-600x400.jpg 600w\" sizes=\"(max-width: 569px) 100vw, 569px\" \/><\/p>\n<p>S\u1ea3n ph\u1ea9m \u0111\u01b0\u1ee3c thi\u1ebft k\u1ebf v\u00e0 \u0111\u00f3ng g\u00f3i d\u01b0\u1edbi d\u1ea1ng h\u1ed9p 1000ml nh\u1ecf g\u1ecdn, ti\u1ec7n l\u1ee3i cho b\u1ea1n s\u1eed d\u1ee5ng c\u0169ng nh\u01b0 b\u1ea3o qu\u1ea3n.<\/p>\n<p>&#8211; H\u01b0\u1edbng d\u1eabn s\u1eed d\u1ee5ng: S\u1ea3n ph\u1ea9m d\u00f9ng \u0103n ngay sau khi m\u1edf bao b\u00ec.<\/p>\n<p>&#8211; H\u01b0\u1edbng d\u1eabn b\u1ea3o qu\u1ea3n: B\u1ea3o qu\u1ea3n \u1edf nhi\u1ec7t \u0111\u1ed9 t\u1eeb -18 \u0111\u1ebfn \u2013 25 \u0111\u1ed9 C.<\/p>","protected":false},"excerpt":{"rendered":"<p>Kem h\u1ed9p cremo khoai m\u00f4n \u0111\u01b0\u1ee3c s\u1ea3n xu\u1ea5t t\u1eeb ngu\u1ed3n nguy\u00ean li\u1ec7u t\u01b0\u01a1i ngon, kh\u00f4ng ch\u1ee9a \u0111\u01b0\u1eddng h\u00f3a h\u1ecdc, ch\u1ea5t t\u1ea1o ng\u1ecdt, ph\u1ea9m m\u00e0u, an to\u00e0n cho ng\u01b0\u1eddi s\u1eed d\u1ee5ng. Khi th\u01b0\u1edfng th\u1ee9c, th\u1ef1c kh\u00e1ch s\u1ebd c\u1ea3m nh\u1eadn \u0111\u01b0\u1ee3c h\u01b0\u01a1ng v\u1ecb t\u1ef1 nhi\u00ean v\u1ed1n c\u00f3 c\u1ee7a khoai m\u00f4n h\u00f2a quy\u1ec7n v\u1edbi s\u1ef1 m\u00e1t l\u1ea1nh c\u1ee7a kem, mang l\u1ea1i s\u1ef1 ngon mi\u1ec7ng, s\u1ea3ng kho\u00e1i.<\/p>","protected":false},"featured_media":16366,"comment_status":"open","ping_status":"closed","template":"","meta":[],"product_brand":[],"product_cat":[275,36],"product_tag":[],"class_list":{"0":"post-16349","1":"product","2":"type-product","3":"status-publish","4":"has-post-thumbnail","6":"product_cat-thuc-pham-dong-lanh","7":"product_cat-thuc-pham-tieu-dung","9":"first","10":"outofstock","11":"sale","12":"shipping-taxable","13":"purchasable","14":"product-type-simple"},"_links":{"self":[{"href":"https:\/\/havamall.vn\/en\/wp-json\/wp\/v2\/product\/16349"}],"collection":[{"href":"https:\/\/havamall.vn\/en\/wp-json\/wp\/v2\/product"}],"about":[{"href":"https:\/\/havamall.vn\/en\/wp-json\/wp\/v2\/types\/product"}],"replies":[{"embeddable":true,"href":"https:\/\/havamall.vn\/en\/wp-json\/wp\/v2\/comments?post=16349"}],"version-history":[{"count":0,"href":"https:\/\/havamall.vn\/en\/wp-json\/wp\/v2\/product\/16349\/revisions"}],"wp:featuredmedia":[{"embeddable":true,"href":"https:\/\/havamall.vn\/en\/wp-json\/wp\/v2\/media\/16366"}],"wp:attachment":[{"href":"https:\/\/havamall.vn\/en\/wp-json\/wp\/v2\/media?parent=16349"}],"wp:term":[{"taxonomy":"product_brand","embeddable":true,"href":"https:\/\/havamall.vn\/en\/wp-json\/wp\/v2\/product_brand?post=16349"},{"taxonomy":"product_cat","embeddable":true,"href":"https:\/\/havamall.vn\/en\/wp-json\/wp\/v2\/product_cat?post=16349"},{"taxonomy":"product_tag","embeddable":true,"href":"https:\/\/havamall.vn\/en\/wp-json\/wp\/v2\/product_tag?post=16349"}],"curies":[{"name":"wp","href":"https:\/\/api.w.org\/{rel}","templated":true}]}}