{"id":16341,"date":"2020-09-22T17:24:16","date_gmt":"2020-09-22T10:24:16","guid":{"rendered":"https:\/\/havamall.vn\/?post_type=product&#038;p=16341"},"modified":"2023-05-16T17:08:21","modified_gmt":"2023-05-16T10:08:21","slug":"kem-hop-cremo-take-coconut-900ml-cremo-take-coconut-ice-cream","status":"publish","type":"product","link":"https:\/\/havamall.vn\/en\/shop\/kem-hop-cremo-take-coconut-900ml-cremo-take-coconut-ice-cream\/","title":{"rendered":"Kem H\u1ed9p Cremo Take V\u1ecb D\u1eeba 1000ml \u2013 Cremo Take Coconut Ice Cream"},"content":{"rendered":"<h1>Th\u00f4ng tin s\u1ea3n ph\u1ea9m<\/h1>\n<p>\u2013 Th\u01b0\u01a1ng hi\u1ec7u: Cremo<\/p>\n<p>\u2013 Xu\u1ea5t x\u1ee9: Th\u00e1i Lan<\/p>\n<p>\u2013 Th\u00e0nh ph\u1ea7n: D\u1eeba t\u01b0\u01a1i, n\u01b0\u1edbc c\u1ed1t d\u1eeba, tinh ch\u1ea5t cani, whipping cream, s\u01b0\u0303a t\u01b0\u01a1i, s\u01b0\u0303a b\u1ecd\u0302t, kem t\u01b0\u01a1i, b\u01a1, \u0111\u01b0\u1eddng,\u2026<\/p>\n<p>\u2013 Quy c\u00e1ch \u0111\u00f3ng g\u00f3i: 1000ml<\/p>\n<p>\u2013 H\u1ea1n s\u1eed d\u1ee5ng: Xem tr\u00ean bao b\u00ec<\/p>\n<p><img fetchpriority=\"high\" decoding=\"async\" class=\"aligncenter\" src=\"https:\/\/havamall.vn\/wp-content\/uploads\/2020\/09\/com-dua-1.png\" alt=\"C\u01a1m d\u1eeba c\u00f3 t\u00e1c d\u1ee5ng g\u00ec \u0111\u1ed1i v\u1edbi s\u1ee9c kh\u1ecfe?\" width=\"490\" height=\"373\" \/><\/p>\n<h1>\u0110\u1eb7c \u0111i\u1ec3m s\u1ea3n ph\u1ea9m<\/h1>\n<p>&#8211; Kem d\u01b0\u0300a Cremo \u0111\u01b0\u1ee3c l\u00e0m t\u1eeb 100% thi\u0323t d\u01b0\u0300a t\u01b0\u01a1i v\u00e0 n\u01b0\u1edbc tr\u00e1i d\u01b0\u0300a \u0111\u01b0\u1ee3c ch\u00ea\u0301 bi\u00ea\u0301n m\u1ecd\u0302t c\u00e1ch tinh t\u00ea\u0301 v\u00e0 k\u1ef9 l\u01b0\u1ee1ng mang \u0111\u00ea\u0301n h\u01b0\u01a1ng v\u1ecb d\u1eeba t\u1ef1 nhi\u00ean cho ng\u01b0\u1eddi th\u01b0\u1edfng th\u1ee9c.<\/p>\n<p>&#8211; Khi \u0103n kem d\u01b0\u0300a, th\u01b0\u0323c kh\u00e1ch s\u1ebd th\u01b0\u1edfng th\u01b0\u0301c \u0111\u01b0\u1ee3c v\u1ecb b\u00f9i \u0111\u1ea1\u0306c tr\u01b0ng cu\u0309a d\u01b0\u0300a t\u01b0\u01a1i, v\u1ecb ng\u1ecdt thanh c\u1ed9ng v\u1ecb b\u00e9o c\u1ee7a kem t\u01b0\u01a1i h\u00f2a quy\u1eb9\u0302n v\u01a1\u0301i ph\u00e2\u0300n c\u01a1m d\u01b0\u0300a non \u0111\u01b0\u1ee3c th\u00e1i nhuy\u1ec5n, c\u1ea3m nh\u1ea1\u0302n r\u00f5 h\u01b0\u01a1ng v\u1ecb \u0111\u1ecd\u0302c \u0111\u00e1o c\u1ee7a \u0111\u1ea1\u0306c s\u1ea3n mi\u00ea\u0300n nhi\u1eb9\u0302t \u0111\u01a1\u0301i.<\/p>\n<p><img decoding=\"async\" class=\"aligncenter\" src=\"https:\/\/havamall.vn\/wp-content\/uploads\/2020\/09\/1_122062.jpg\" alt=\"C\u00e1ch l\u00e0m kem d\u1eeba l\u1ea1c tuy\u1ec7t ngon gi\u00fap gi\u1ea3i nhi\u1ec7t ng\u00e0y h\u00e8 - B\u00e1o Ch\u1ea5t L\u01b0\u1ee3ng Vi\u1ec7t Nam\" width=\"501\" height=\"501\" \/><\/p>\n<p>&#8211; Kem d\u1eeba Cremo \u0111\u01b0\u1ee3c s\u1ea3n xu\u1ea5t theo d\u00e2y chuy\u1ec1n c\u00f4ng ngh\u1ec7 hi\u1ec7n \u0111\u1ea1i c\u1ee7a Th\u00e1i Lan v\u1edbi quy tr\u00ecnh ki\u1ec3m \u0111\u1ecbnh ch\u1ea5t l\u01b0\u1ee3ng nghi\u00eam ng\u1eb7t mang \u0111\u1ebfn s\u1ef1 tin c\u1eady cho ng\u01b0\u1eddi s\u1eed d\u1ee5ng.<\/p>\n<p>&#8211; Kem d\u1eeba gi\u00fap cung c\u1ea5p n\u0103ng l\u01b0\u1ee3ng, vitamin, d\u01b0\u1ee1ng ch\u1ea5t c\u1ea7n thi\u1ebft cho c\u00e1c ho\u1ea1t \u0111\u1ed9ng h\u00e0ng ng\u00e0y. H\u01b0\u01a1ng v\u1ecb m\u00e1t l\u1ea1nh c\u1ee7a kem k\u1ebft h\u1ee3p v\u1edbi v\u1ecb ng\u1ecdt thanh c\u1ee7a d\u1eeba mang l\u1ea1i cho b\u1ea1n c\u1ea3m gi\u00e1c th\u1eadt s\u1ea3ng kho\u00e1i m\u1ed7i khi th\u01b0\u1edfng th\u1ee9c.<\/p>\n<p>&#8211; S\u1ea3n ph\u1ea9m \u0111\u01b0\u1ee3c thi\u1ebft k\u1ebf d\u01b0\u1edbi d\u1ea1ng h\u1ed9p, mang l\u1ea1i s\u1ef1 ti\u1ec7n l\u1ee3i cho ng\u01b0\u1eddi s\u1eed d\u1ee5ng trong vi\u1ec7c s\u1eed d\u1ee5ng c\u0169ng nh\u01b0 b\u1ea3o qu\u1ea3n. B\u00ean c\u1ea1nh \u0111\u00f3, c\u00f2n ti\u1ebft ki\u1ec7m th\u1eddi gian b\u1edfi t\u00ednh n\u0103ng \u201c\u0103n li\u1ec1n\u201d c\u1ee7a s\u1ea3n ph\u1ea9m, ch\u1ec9 c\u1ea7n m\u1edf n\u1eafp v\u00e0 c\u00f3 th\u1ec3 th\u01b0\u1edfng th\u1ee9c ngay.<\/p>\n<p><img decoding=\"async\" class=\"aligncenter\" src=\"https:\/\/havamall.vn\/wp-content\/uploads\/2020\/09\/c\u00e1ch-l\u00e0m-kem-d\u1eeba-07.jpg\" alt=\"C\u00e1ch l\u00e0m kem d\u1eeba \u0111\u01a1n gi\u1ea3n th\u01a1m ngon th\u01b0\u1edfng th\u1ee9c l\u00e0 nghi\u1ec1n\" width=\"518\" height=\"345\" \/><\/p>\n<h1>C\u00e1ch s\u1eed d\u1ee5ng v\u00e0 b\u1ea3o qu\u1ea3n<\/h1>\n<p>\u2013 H\u01b0\u1edbng d\u1eabn s\u1eed d\u1ee5ng : S\u1ea3n ph\u1ea9m d\u00f9ng \u0103n ngay sau khi m\u1edf bao b\u00ec.<\/p>\n<p>\u2013 H\u01b0\u1edbng d\u1eabn b\u1ea3o qu\u1ea3n : B\u1ea3o qu\u1ea3n \u1edf nhi\u1ec7t \u0111\u1ed9 t\u1eeb -18 \u0111\u1ebfn \u2013 25 \u0111\u1ed9 C.<\/p>\n<p>&nbsp;<\/p>","protected":false},"excerpt":{"rendered":"<p>Kem d\u01b0\u0300a Cremo \u0111\u01b0\u1ee3c l\u00e0m t\u1eeb 100% thi\u0323t d\u01b0\u0300a t\u01b0\u01a1i v\u00e0 n\u01b0\u1edbc tr\u00e1i d\u01b0\u0300a \u0111\u01b0\u1ee3c ch\u00ea\u0301 bi\u00ea\u0301n m\u1ecd\u0302t c\u00e1ch tinh t\u00ea\u0301 v\u00e0 k\u1ef9 l\u01b0\u1ee1ng mang \u0111\u00ea\u0301n h\u01b0\u01a1ng v\u1ecb d\u1eeba t\u1ef1 nhi\u00ean cho ng\u01b0\u1eddi th\u01b0\u1edfng th\u1ee9c.<\/p>\n<p>Kem d\u1eeba Cremo \u0111\u01b0\u1ee3c s\u1ea3n xu\u1ea5t theo d\u00e2y chuy\u1ec1n c\u00f4ng ngh\u1ec7 hi\u1ec7n \u0111\u1ea1i c\u1ee7a Th\u00e1i Lan v\u1edbi quy tr\u00ecnh ki\u1ec3m \u0111\u1ecbnh ch\u1ea5t l\u01b0\u1ee3ng nghi\u00eam ng\u1eb7t mang \u0111\u1ebfn s\u1ef1 tin c\u1eady cho ng\u01b0\u1eddi s\u1eed d\u1ee5ng.<\/p>","protected":false},"featured_media":16342,"comment_status":"open","ping_status":"closed","template":"","meta":[],"product_brand":[],"product_cat":[275,36],"product_tag":[],"class_list":{"0":"post-16341","1":"product","2":"type-product","3":"status-publish","4":"has-post-thumbnail","6":"product_cat-thuc-pham-dong-lanh","7":"product_cat-thuc-pham-tieu-dung","9":"first","10":"instock","11":"sale","12":"shipping-taxable","13":"purchasable","14":"product-type-simple"},"_links":{"self":[{"href":"https:\/\/havamall.vn\/en\/wp-json\/wp\/v2\/product\/16341"}],"collection":[{"href":"https:\/\/havamall.vn\/en\/wp-json\/wp\/v2\/product"}],"about":[{"href":"https:\/\/havamall.vn\/en\/wp-json\/wp\/v2\/types\/product"}],"replies":[{"embeddable":true,"href":"https:\/\/havamall.vn\/en\/wp-json\/wp\/v2\/comments?post=16341"}],"version-history":[{"count":0,"href":"https:\/\/havamall.vn\/en\/wp-json\/wp\/v2\/product\/16341\/revisions"}],"wp:featuredmedia":[{"embeddable":true,"href":"https:\/\/havamall.vn\/en\/wp-json\/wp\/v2\/media\/16342"}],"wp:attachment":[{"href":"https:\/\/havamall.vn\/en\/wp-json\/wp\/v2\/media?parent=16341"}],"wp:term":[{"taxonomy":"product_brand","embeddable":true,"href":"https:\/\/havamall.vn\/en\/wp-json\/wp\/v2\/product_brand?post=16341"},{"taxonomy":"product_cat","embeddable":true,"href":"https:\/\/havamall.vn\/en\/wp-json\/wp\/v2\/product_cat?post=16341"},{"taxonomy":"product_tag","embeddable":true,"href":"https:\/\/havamall.vn\/en\/wp-json\/wp\/v2\/product_tag?post=16341"}],"curies":[{"name":"wp","href":"https:\/\/api.w.org\/{rel}","templated":true}]}}