{"id":16335,"date":"2020-09-22T16:54:31","date_gmt":"2020-09-22T09:54:31","guid":{"rendered":"https:\/\/havamall.vn\/?post_type=product&#038;p=16335"},"modified":"2021-09-15T09:14:00","modified_gmt":"2021-09-15T02:14:00","slug":"kem-hop-cremo-take-chocalate-chip-900ml-cremo-take-chocalate-chip-ice-cream","status":"publish","type":"product","link":"https:\/\/havamall.vn\/en\/shop\/kem-hop-cremo-take-chocalate-chip-900ml-cremo-take-chocalate-chip-ice-cream\/","title":{"rendered":"Kem H\u1ed9p Cremo Take Chocalate Chip 1000ml \u2013 Cremo Take Chocalate Chip Ice Cream"},"content":{"rendered":"<h1>\u0110\u1eb7c \u0111i\u1ec3m th\u01b0\u01a1ng hi\u1ec7u<\/h1>\n<p>Cremo Ice Cream l\u00e0 th\u01b0\u01a1ng hi\u1ec7u kem h\u00e0ng \u0111\u1ea7u Th\u00e1i Lan t\u1eeb n\u0103m 1979 tr\u1edf l\u1ea1i \u0111\u00e2y, ho\u1ea1t \u0111\u1ed9ng \u0111\u01b0\u1ee3c h\u01a1n 40 n\u0103m.<\/p>\n<p>S\u1ea3n ph\u1ea9m kem c\u1ee7a Cremo \u0111a d\u1ea1ng nh\u01b0 kem thanh, c\u1ed1c, x\u00f4 v\u00e0 h\u00ecnh n\u00f3n, t\u1ea5t c\u1ea3 \u0111\u1ec1u \u0111\u01b0\u1ee3c s\u1ea3n xu\u1ea5t v\u1edbi theo quy tr\u00ecnh ki\u1ec3m tra nghi\u00eam ng\u1eb7t, n\u00ean r\u1ea5t an to\u00e0n cho ng\u01b0\u1eddi s\u1eed d\u1ee5ng.<\/p>\n<p>Kem Cremo \u0111\u00e3 \u0111\u01b0\u1ee3c c\u00f4ng nh\u1eadn theo ti\u00eau chu\u1ea9n qu\u1ed1c t\u1ebf trong h\u01a1n 3 th\u1eadp k\u1ef7, bao g\u1ed3m Halal, GMP, HACCP v\u00e0 ISO22000, \u0111\u1ea3m b\u1ea3o r\u1eb1ng c\u00e1c s\u1ea3n ph\u1ea9m \u0111\u01b0\u1ee3c s\u1ea3n xu\u1ea5t c\u00f3 ch\u1ea5t l\u01b0\u1ee3ng an to\u00e0n v\u00e0 \u0111\u00e1ng tin c\u1eady.<\/p>\n<p><img fetchpriority=\"high\" decoding=\"async\" class=\"aligncenter\" src=\"https:\/\/havamall.vn\/wp-content\/uploads\/2020\/09\/cach-lam-kem-espresso-chocolate-chip-sieu-ngon-sieu-la-3.jpg\" alt=\"C\u00e1ch l\u00e0m kem espresso chocolate chip si\u00eau ngon si\u00eau l\u1ea1\" width=\"504\" height=\"249\" \/><\/p>\n<h1>Th\u00f4ng tin s\u1ea3n ph\u1ea9m<\/h1>\n<p>\u2013 Th\u01b0\u01a1ng hi\u1ec7u: Cremo<\/p>\n<p>\u2013 Xu\u1ea5t x\u1ee9: Th\u00e1i Lan<\/p>\n<p>\u2013 Th\u00e0nh ph\u1ea7n: Socolate chip, c\u00e0 ph\u00ea, tinh ch\u00e2\u0301t Vani, whipping cream, s\u01b0\u0303a t\u01b0\u01a1i, s\u01b0\u0303a b\u1ecd\u0302t, kem t\u01b0\u01a1i, b\u01a1, \u0111\u01b0\u1eddng,\u2026<\/p>\n<p>\u2013 Quy c\u00e1ch \u0111\u00f3ng g\u00f3i: 1000ml<\/p>\n<p>\u2013 H\u1ea1n s\u1eed d\u1ee5ng: Xem tr\u00ean bao b\u00ec<\/p>\n<p><img decoding=\"async\" class=\"aligncenter\" src=\"https:\/\/havamall.vn\/wp-content\/uploads\/2020\/09\/71lwL8W4xxL._SL1500_.jpg\" alt=\"NaturePlatter Milk Chocolate Chips Premium Quality - 200Gms: Amazon.in: Grocery &amp; Gourmet Foods\" width=\"417\" height=\"427\" \/><\/p>\n<h1>\u0110\u1eb7c \u0111i\u1ec3m s\u1ea3n ph\u1ea9m<\/h1>\n<p>Kem l\u00e0 m\u1ed9t m\u00f3n \u0103n kho\u00e1i kh\u1ea9u c\u1ee7a t\u1ea5t c\u1ea3 m\u1ecdi ng\u01b0\u1eddi v\u00e0o nh\u1eefng ng\u00e0y h\u00e8 n\u00f3ng b\u1ee9c m\u00e0 ngay c\u1ea3 v\u00e0o nh\u1eefng ng\u00e0y l\u1ea1nh c\u0169ng c\u00f3 r\u1ea5t nhi\u1ec1u ng\u01b0\u1eddi th\u00edch \u0103n kem. Do \u0111\u00f3, kem c\u00e0ng ng\u00e0y kem c\u00e0ng tr\u1edf n\u00ean phong ph\u00fa t\u1eeb h\u00ecnh d\u00e1ng, m\u00e0u s\u1eafc t\u1edbi nguy\u00ean li\u1ec7u.<\/p>\n<p>Kem H\u1ed9p Cremo Take Chocalate Chip \u0111\u01b0\u1ee3c l\u00e0m t\u1eeb socolate chip, c\u00e0 ph\u00ea, tinh ch\u00e2\u0301t vani, whipping cream, s\u01b0\u0303a t\u01b0\u01a1i, s\u01b0\u0303a b\u1ecd\u0302t, kem t\u01b0\u01a1i, b\u01a1, \u0111\u01b0\u1eddng,\u2026T\u1ea5t c\u1ea3 c\u00e1c nguy\u00ean li\u1ec7u \u0111\u1ec1u \u0111\u01b0\u1ee3c ch\u1ecdn l\u1ecdc v\u00e0 ki\u1ec3m tra nghi\u00eam ng\u1eb7t v\u1ec1 ch\u1ea5t l\u01b0\u1ee3ng, mang l\u1ea1i s\u1ef1 tin c\u1eady cho ng\u01b0\u1eddi ti\u00eau d\u00f9ng.<\/p>\n<p>Kem chocolate chip gi\u00fap cung c\u1ea5p n\u0103ng l\u01b0\u1ee3ng, vitamin, d\u01b0\u1ee1ng ch\u1ea5t c\u1ea7n thi\u1ebft cho c\u00e1c ho\u1ea1t \u0111\u1ed9ng h\u00e0ng ng\u00e0y. H\u01b0\u01a1ng v\u1ecb m\u00e1t l\u1ea1nh c\u1ee7a kem k\u1ebft h\u1ee3p v\u1edbi v\u1ecb \u0111\u1eafng v\u00e0 ng\u1ecdt c\u1ee7a socolate mang l\u1ea1i cho b\u1ea1n c\u1ea3m gi\u00e1c th\u1eadt s\u1ea3ng kho\u00e1i m\u1ed7i khi th\u01b0\u1edfng th\u1ee9c.<\/p>\n<p><img decoding=\"async\" class=\"size-full wp-image-16365 aligncenter\" src=\"https:\/\/havamall.vn\/wp-content\/uploads\/2020\/09\/ll.jpg\" alt=\"\" width=\"385\" height=\"512\" srcset=\"https:\/\/havamall.vn\/wp-content\/uploads\/2020\/09\/ll.jpg 385w, https:\/\/havamall.vn\/wp-content\/uploads\/2020\/09\/ll-150x199.jpg 150w, https:\/\/havamall.vn\/wp-content\/uploads\/2020\/09\/ll-226x300.jpg 226w\" sizes=\"(max-width: 385px) 100vw, 385px\" \/><\/p>\n<p>S\u1ea3n ph\u1ea9m \u0111\u01b0\u1ee3c thi\u1ebft k\u1ebf d\u01b0\u1edbi d\u1ea1ng h\u1ed9p, mang l\u1ea1i s\u1ef1 ti\u1ec7n l\u1ee3i cho ng\u01b0\u1eddi s\u1eed d\u1ee5ng trong vi\u1ec7c s\u1eed d\u1ee5ng c\u0169ng nh\u01b0 b\u1ea3o qu\u1ea3n. B\u00ean c\u1ea1nh \u0111\u00f3, c\u00f2n ti\u1ebft ki\u1ec7m th\u1eddi gian b\u1edfi t\u00ednh n\u0103ng &#8220;\u0103n li\u1ec1n&#8221; c\u1ee7a s\u1ea3n ph\u1ea9m, ch\u1ec9 c\u1ea7n m\u1edf n\u1eafp v\u00e0 c\u00f3 th\u1ec3 th\u01b0\u1edfng th\u1ee9c ngay.<\/p>\n<p>H\u01b0\u1edbng d\u1eabn s\u1eed d\u1ee5ng: S\u1ea3n ph\u1ea9m d\u00f9ng \u0103n ngay sau khi m\u1edf bao b\u00ec.<\/p>\n<p>H\u01b0\u1edbng d\u1eabn b\u1ea3o qu\u1ea3n: B\u1ea3o qu\u1ea3n \u1edf nhi\u1ec7t \u0111\u1ed9 t\u1eeb -18 \u0111\u1ebfn \u2013 25 \u0111\u1ed9 C.<\/p>","protected":false},"excerpt":{"rendered":"<p>Kem H\u1ed9p Cremo Take Chocalate Chip \u0111\u01b0\u1ee3c l\u00e0m t\u1eeb socolate chip, c\u00e0 ph\u00ea, tinh ch\u00e2\u0301t vani, whipping cream, s\u01b0\u0303a t\u01b0\u01a1i, s\u01b0\u0303a b\u1ecd\u0302t, kem t\u01b0\u01a1i, b\u01a1, \u0111\u01b0\u1eddng,\u2026T\u1ea5t c\u1ea3 c\u00e1c nguy\u00ean li\u1ec7u \u0111\u1ec1u \u0111\u01b0\u1ee3c ch\u1ecdn l\u1ecdc v\u00e0 ki\u1ec3m tra nghi\u00eam ng\u1eb7t v\u1ec1 ch\u1ea5t l\u01b0\u1ee3ng, mang l\u1ea1i s\u1ef1 tin c\u1eady cho ng\u01b0\u1eddi ti\u00eau d\u00f9ng.<\/p>","protected":false},"featured_media":16336,"comment_status":"open","ping_status":"closed","template":"","meta":[],"product_brand":[],"product_cat":[275,36],"product_tag":[],"class_list":{"0":"post-16335","1":"product","2":"type-product","3":"status-publish","4":"has-post-thumbnail","6":"product_cat-thuc-pham-dong-lanh","7":"product_cat-thuc-pham-tieu-dung","9":"first","10":"outofstock","11":"sale","12":"shipping-taxable","13":"purchasable","14":"product-type-simple"},"_links":{"self":[{"href":"https:\/\/havamall.vn\/en\/wp-json\/wp\/v2\/product\/16335"}],"collection":[{"href":"https:\/\/havamall.vn\/en\/wp-json\/wp\/v2\/product"}],"about":[{"href":"https:\/\/havamall.vn\/en\/wp-json\/wp\/v2\/types\/product"}],"replies":[{"embeddable":true,"href":"https:\/\/havamall.vn\/en\/wp-json\/wp\/v2\/comments?post=16335"}],"version-history":[{"count":0,"href":"https:\/\/havamall.vn\/en\/wp-json\/wp\/v2\/product\/16335\/revisions"}],"wp:featuredmedia":[{"embeddable":true,"href":"https:\/\/havamall.vn\/en\/wp-json\/wp\/v2\/media\/16336"}],"wp:attachment":[{"href":"https:\/\/havamall.vn\/en\/wp-json\/wp\/v2\/media?parent=16335"}],"wp:term":[{"taxonomy":"product_brand","embeddable":true,"href":"https:\/\/havamall.vn\/en\/wp-json\/wp\/v2\/product_brand?post=16335"},{"taxonomy":"product_cat","embeddable":true,"href":"https:\/\/havamall.vn\/en\/wp-json\/wp\/v2\/product_cat?post=16335"},{"taxonomy":"product_tag","embeddable":true,"href":"https:\/\/havamall.vn\/en\/wp-json\/wp\/v2\/product_tag?post=16335"}],"curies":[{"name":"wp","href":"https:\/\/api.w.org\/{rel}","templated":true}]}}