{"id":16329,"date":"2020-09-22T16:17:41","date_gmt":"2020-09-22T09:17:41","guid":{"rendered":"https:\/\/havamall.vn\/?post_type=product&#038;p=16329"},"modified":"2023-04-10T14:02:53","modified_gmt":"2023-04-10T07:02:53","slug":"kem-hop-cremo-take-chocalate-900ml-cremo-take-chocalate-ice-cream","status":"publish","type":"product","link":"https:\/\/havamall.vn\/en\/shop\/kem-hop-cremo-take-chocalate-900ml-cremo-take-chocalate-ice-cream\/","title":{"rendered":"Kem H\u1ed9p Cremo Take Chocalate 1000ml \u2013 Cremo Take Chocalate Ice Cream"},"content":{"rendered":"<h1>\u0110\u1eb7c \u0111i\u1ec3m th\u01b0\u01a1ng hi\u1ec7u<\/h1>\n<p>Cremo Ice Cream l\u00e0 th\u01b0\u01a1ng hi\u1ec7u kem h\u00e0ng \u0111\u1ea7u Th\u00e1i Lan t\u1eeb n\u0103m 1979 tr\u1edf l\u1ea1i \u0111\u00e2y, ho\u1ea1t \u0111\u1ed9ng \u0111\u01b0\u1ee3c h\u01a1n 40 n\u0103m.<\/p>\n<p>S\u1ea3n ph\u1ea9m kem c\u1ee7a Cremo \u0111a d\u1ea1ng nh\u01b0 kem thanh, c\u1ed1c, x\u00f4 v\u00e0 h\u00ecnh n\u00f3n, t\u1ea5t c\u1ea3 \u0111\u1ec1u \u0111\u01b0\u1ee3c s\u1ea3n xu\u1ea5t v\u1edbi theo quy tr\u00ecnh ki\u1ec3m tra nghi\u00eam ng\u1eb7t, n\u00ean r\u1ea5t an to\u00e0n cho ng\u01b0\u1eddi s\u1eed d\u1ee5ng.<\/p>\n<p>Kem Cremo \u0111\u00e3 \u0111\u01b0\u1ee3c c\u00f4ng nh\u1eadn theo ti\u00eau chu\u1ea9n qu\u1ed1c t\u1ebf trong h\u01a1n 3 th\u1eadp k\u1ef7, bao g\u1ed3m Halal, GMP, HACCP v\u00e0 ISO22000, \u0111\u1ea3m b\u1ea3o r\u1eb1ng c\u00e1c s\u1ea3n ph\u1ea9m \u0111\u01b0\u1ee3c s\u1ea3n xu\u1ea5t c\u00f3 ch\u1ea5t l\u01b0\u1ee3ng an to\u00e0n v\u00e0 \u0111\u00e1ng tin c\u1eady.<\/p>\n<p><img decoding=\"async\" class=\"aligncenter\" src=\"https:\/\/havamall.vn\/wp-content\/uploads\/2020\/09\/hoc-cach-lam-kem-socola.jpg\" alt=\"C\u00e1ch l\u00e0m kem Socola: t\u1ea1i nh\u00e0 ngon h\u01a1n \u1edf ti\u1ec7m cho t\u00ecnh nh\u00e2n\" \/><\/p>\n<h1>Th\u00f4ng tin s\u1ea3n ph\u1ea9m<\/h1>\n<p>\u2013 Th\u01b0\u01a1ng hi\u1ec7u: Cremo<\/p>\n<p>\u2013 Xu\u1ea5t x\u1ee9: Th\u00e1i Lan<\/p>\n<p>\u2013 Th\u00e0nh ph\u1ea7n: Socola, b\u1ed9t cacao, tinh ch\u00e2\u0301t Vani, whipping cream, s\u01b0\u0303a t\u01b0\u01a1i, s\u01b0\u0303a b\u1ecd\u0302t, kem t\u01b0\u01a1i, b\u01a1, \u0111\u01b0\u1eddng,\u2026<\/p>\n<p>\u2013 Quy c\u00e1ch \u0111\u00f3ng g\u00f3i: 1000ml<\/p>\n<p>\u2013 H\u1ea1n s\u1eed d\u1ee5ng: Xem tr\u00ean bao b\u00ec<\/p>\n<p><img fetchpriority=\"high\" decoding=\"async\" class=\"wp-image-16363 aligncenter\" src=\"https:\/\/havamall.vn\/wp-content\/uploads\/2020\/09\/socola-1024x576.jpg\" alt=\"\" width=\"574\" height=\"346\" \/><\/p>\n<p>&nbsp;<\/p>\n<h1><strong>\u0110\u1eb7c \u0111i\u1ec3m s\u1ea3n ph\u1ea9m<\/strong><\/h1>\n<p>S\u00f4c\u00f4la\u00a0l\u00e0 nguy\u00ean li\u1ec7u c\u01a1 b\u1ea3n trong r\u1ea5t nhi\u1ec1u lo\u1ea1i th\u1ef1c ph\u1ea9m nh\u01b0 k\u1eb9o s\u00f4-c\u00f4-la, kem, b\u00e1nh quy, b\u00e1nh ng\u1ecdt,&#8230; H\u01b0\u01a1ng v\u1ecb S\u00f4c\u00f4la\u00a0l\u00e0 h\u01b0\u01a1ng v\u1ecb ph\u1ed5 bi\u1ebfn th\u1ee9 hai \u1edf M\u1ef9, sau vani.<\/p>\n<p>Kem S\u00f4c\u00f4la hi\u1eb9\u0302n l\u00e0 m\u1ecd\u0302t trong nh\u01b0\u0303ng v\u1ecb kem lu\u00f4n \u0111\u01b0\u1ee3c gi\u1edbi tr\u1ebb \u01b0a chu\u1ed9ng. C\u00f3 th\u00ea\u0309 n\u00f3i s\u00f4c\u00f4la l\u00e0 h\u01b0\u01a1ng v\u1ecb \u201ckh\u00f4ng th\u00ea\u0309 kh\u00f4ng bi\u00ea\u0301t \u0111\u00ea\u0301n\u201d c\u1ee7a b\u00e2\u0301t k\u1ef3 th\u01b0\u0323c kh\u00e1ch s\u00e0nh \u0103n n\u00e0o. Nh\u0103\u0301c \u0111\u00ea\u0301n s\u00f4c\u00f4la l\u00e0 ph\u1ea3i nh\u0103\u0301c \u0111\u00ea\u0301n c\u00e1i v\u1ecb \u0111\u0103\u0301ng v\u00e0 ngo\u0323t t\u01b0\u1edfng ch\u1eebng nh\u01b0 \u0111\u00f4\u0301i nghi\u0323ch nh\u01b0ng la\u0323i r\u00e2\u0301t h\u01a1\u0323p nhau.<\/p>\n<p>Kem h\u1ed9p cremo take chocalate\u00a0\u0111\u01b0\u1ee3c s\u1ea3n xu\u1ea5t t\u1eeb ngu\u1ed3n nguy\u00ean li\u1ec7u t\u01b0\u01a1i ngon, kh\u00f4ng ch\u1ee9a \u0111\u01b0\u1eddng h\u00f3a h\u1ecdc, ch\u1ea5t t\u1ea1o ng\u1ecdt, ph\u1ea9m m\u00e0u, an to\u00e0n cho ng\u01b0\u1eddi s\u1eed d\u1ee5ng.<\/p>\n<p>V\u1ecb kem m\u00e1t l\u1ea1nh, k\u1ebft h\u1ee3p v\u1edbi v\u1ecb \u0111\u1eafng c\u1ee7a\u00a0S\u00f4c\u00f4la v\u00e0 v\u1ecb ng\u1ecdt d\u1ecbu c\u00e1c c\u00e1c nguy\u00ean li\u1ec7u, mang l\u1ea1i s\u1ef1 ngon mi\u1ec7ng, s\u1ea3ng kho\u00e1i cho ng\u01b0\u1eddi th\u01b0\u1edfng th\u1ee9c.<\/p>\n<p>S\u1ea3n ph\u1ea9m \u0111\u01b0\u1ee3c thi\u1ebft k\u1ebf v\u00e0 \u0111\u00f3ng g\u00f3i nh\u1ecf g\u1ecdn, ti\u1ec7n l\u1ee3i cho b\u1ea1n s\u1eed d\u1ee5ng c\u0169ng nh\u01b0 b\u1ea3o qu\u1ea3n.<\/p>\n<p><img decoding=\"async\" class=\"aligncenter\" src=\"https:\/\/havamall.vn\/wp-content\/uploads\/2020\/09\/cach-lam-kem-socola-nd.jpg\" alt=\"C\u00e1ch l\u00e0m kem socola kh\u00f4ng c\u1ea7n kem t\u01b0\u01a1i t\u1ea1i nh\u00e0 - META.vn\" width=\"531\" height=\"354\" \/><\/p>\n<h1>C\u00e1ch s\u1eed d\u1ee5ng v\u00e0 b\u1ea3o qu\u1ea3n<\/h1>\n<p>&#8211; H\u01b0\u1edbng d\u1eabn s\u1eed d\u1ee5ng : S\u1ea3n ph\u1ea9m d\u00f9ng \u0103n ngay sau khi m\u1edf bao b\u00ec.<\/p>\n<p>&#8211; H\u01b0\u1edbng d\u1eabn b\u1ea3o qu\u1ea3n : B\u1ea3o qu\u1ea3n \u1edf nhi\u1ec7t \u0111\u1ed9 t\u1eeb -18 \u0111\u1ebfn &#8211; 25 \u0111\u1ed9 C.<\/p>\n<p>\u0110\u1ed1i v\u1edbi s\u1ea3n ph\u1ea9m Kem H\u1ed9p Cremo Take,\u00a0Havamall\u00a0hi\u1ec7n \u0111ang c\u00f3 6 h\u01b0\u01a1ng v\u1ecb:<\/p>\n<p>&#8211; Tropicana<\/p>\n<p>\u2013 Vanilla<\/p>\n<p>\u2013 Chocolate<\/p>\n<p>\u2013 Chocolate Chip<\/p>\n<p>\u2013 Coconuct<\/p>\n<p>\u2013 Yam Taro<\/p>","protected":false},"excerpt":{"rendered":"<p>Kem h\u1ed9p s\u00f4c\u00f4la hi\u1eb9\u0302n l\u00e0 m\u1ecd\u0302t trong nh\u01b0\u0303ng v\u1ecb kem lu\u00f4n \u0111\u01b0\u1ee3c gi\u1edbi tr\u1ebb \u01b0a chu\u1ed9ng b\u1edfi\u00a0v\u1ecb \u0111\u1eafng c\u1ee7a s\u00f4c\u00f4la v\u00e0 v\u1ecb ng\u1ecdt d\u1ecbu c\u00e1c c\u00e1c nguy\u00ean li\u1ec7u, mang l\u1ea1i s\u1ef1 ngon mi\u1ec7ng, s\u1ea3ng kho\u00e1i khi th\u01b0\u1edfng th\u1ee9c.<\/p>\n<p>Kem h\u1ed9p s\u00f4c\u00f4la \u0111\u01b0\u1ee3c s\u1ea3n xu\u1ea5t t\u1eeb ngu\u1ed3n nguy\u00ean li\u1ec7u t\u01b0\u01a1i ngon, kh\u00f4ng ch\u1ee9a \u0111\u01b0\u1eddng h\u00f3a h\u1ecdc, ch\u1ea5t t\u1ea1o ng\u1ecdt, ph\u1ea9m m\u00e0u n\u00ean \u0111\u1ea3m b\u1ea3o an to\u00e0n cho ng\u01b0\u1eddi s\u1eed d\u1ee5ng.<\/p>\n<p>S\u1ea3n ph\u1ea9m \u0111\u01b0\u1ee3c thi\u1ebft k\u1ebf v\u00e0 \u0111\u00f3ng g\u00f3i nh\u1ecf g\u1ecdn, ti\u1ec7n l\u1ee3i cho b\u1ea1n s\u1eed d\u1ee5ng c\u0169ng nh\u01b0 b\u1ea3o qu\u1ea3n.<\/p>","protected":false},"featured_media":16330,"comment_status":"open","ping_status":"closed","template":"","meta":[],"product_brand":[],"product_cat":[275,36],"product_tag":[],"class_list":{"0":"post-16329","1":"product","2":"type-product","3":"status-publish","4":"has-post-thumbnail","6":"product_cat-thuc-pham-dong-lanh","7":"product_cat-thuc-pham-tieu-dung","9":"first","10":"outofstock","11":"sale","12":"shipping-taxable","13":"purchasable","14":"product-type-simple"},"_links":{"self":[{"href":"https:\/\/havamall.vn\/en\/wp-json\/wp\/v2\/product\/16329"}],"collection":[{"href":"https:\/\/havamall.vn\/en\/wp-json\/wp\/v2\/product"}],"about":[{"href":"https:\/\/havamall.vn\/en\/wp-json\/wp\/v2\/types\/product"}],"replies":[{"embeddable":true,"href":"https:\/\/havamall.vn\/en\/wp-json\/wp\/v2\/comments?post=16329"}],"version-history":[{"count":0,"href":"https:\/\/havamall.vn\/en\/wp-json\/wp\/v2\/product\/16329\/revisions"}],"wp:featuredmedia":[{"embeddable":true,"href":"https:\/\/havamall.vn\/en\/wp-json\/wp\/v2\/media\/16330"}],"wp:attachment":[{"href":"https:\/\/havamall.vn\/en\/wp-json\/wp\/v2\/media?parent=16329"}],"wp:term":[{"taxonomy":"product_brand","embeddable":true,"href":"https:\/\/havamall.vn\/en\/wp-json\/wp\/v2\/product_brand?post=16329"},{"taxonomy":"product_cat","embeddable":true,"href":"https:\/\/havamall.vn\/en\/wp-json\/wp\/v2\/product_cat?post=16329"},{"taxonomy":"product_tag","embeddable":true,"href":"https:\/\/havamall.vn\/en\/wp-json\/wp\/v2\/product_tag?post=16329"}],"curies":[{"name":"wp","href":"https:\/\/api.w.org\/{rel}","templated":true}]}}