{"id":16321,"date":"2020-09-22T15:46:34","date_gmt":"2020-09-22T08:46:34","guid":{"rendered":"https:\/\/havamall.vn\/?post_type=product&#038;p=16321"},"modified":"2021-09-15T09:13:35","modified_gmt":"2021-09-15T02:13:35","slug":"kem-hop-cremo-take-vanilla-900ml-cremo-take-vanilla-ice-cream","status":"publish","type":"product","link":"https:\/\/havamall.vn\/en\/shop\/kem-hop-cremo-take-vanilla-900ml-cremo-take-vanilla-ice-cream\/","title":{"rendered":"Kem H\u1ed9p Cremo Take Vanilla 1000ml &#8211; Cremo Take Vanilla Ice Cream"},"content":{"rendered":"<h1>\u0110\u1eb7c \u0111i\u1ec3m th\u01b0\u01a1ng hi\u1ec7u<\/h1>\n<p>Cremo Ice Cream l\u00e0 th\u01b0\u01a1ng hi\u1ec7u kem h\u00e0ng \u0111\u1ea7u Th\u00e1i Lan t\u1eeb n\u0103m 1979 tr\u1edf l\u1ea1i \u0111\u00e2y, ho\u1ea1t \u0111\u1ed9ng \u0111\u01b0\u1ee3c h\u01a1n 40 n\u0103m.<\/p>\n<p>S\u1ea3n ph\u1ea9m kem c\u1ee7a Cremo \u0111a d\u1ea1ng nh\u01b0 kem thanh, c\u1ed1c, x\u00f4 v\u00e0 h\u00ecnh n\u00f3n, t\u1ea5t c\u1ea3 \u0111\u1ec1u \u0111\u01b0\u1ee3c s\u1ea3n xu\u1ea5t v\u1edbi theo quy tr\u00ecnh ki\u1ec3m tra nghi\u00eam ng\u1eb7t, n\u00ean r\u1ea5t an to\u00e0n cho ng\u01b0\u1eddi s\u1eed d\u1ee5ng.<\/p>\n<p>Kem Cremo \u0111\u00e3 \u0111\u01b0\u1ee3c c\u00f4ng nh\u1eadn theo ti\u00eau chu\u1ea9n qu\u1ed1c t\u1ebf trong h\u01a1n 3 th\u1eadp k\u1ef7, bao g\u1ed3m Halal, GMP, HACCP v\u00e0 ISO22000, \u0111\u1ea3m b\u1ea3o r\u1eb1ng c\u00e1c s\u1ea3n ph\u1ea9m \u0111\u01b0\u1ee3c s\u1ea3n xu\u1ea5t c\u00f3 ch\u1ea5t l\u01b0\u1ee3ng an to\u00e0n v\u00e0 \u0111\u00e1ng tin c\u1eady.<\/p>\n<p><img fetchpriority=\"high\" decoding=\"async\" class=\"aligncenter\" src=\"https:\/\/havamall.vn\/wp-content\/uploads\/2020\/09\/helado-de-vainilla.jpg\" alt=\"Gu\u00eda imprescindible para los fans del helado en C\u00f3rdoba - Gurm\u00e9\" width=\"455\" height=\"256\" \/><\/p>\n<h1>Th\u00f4ng tin s\u1ea3n ph\u1ea9m<\/h1>\n<p>\u2013 Th\u01b0\u01a1ng hi\u1ec7u: Cremo<\/p>\n<p>\u2013 Xu\u1ea5t x\u1ee9: Th\u00e1i Lan<\/p>\n<p>\u2013 Th\u00e0nh ph\u1ea7n: Vani Madagascar, tinh ch\u00e2\u0301t Vani, s\u01b0\u0303a t\u01b0\u01a1i, s\u01b0\u0303a b\u1ecd\u0302t, kem t\u01b0\u01a1i, b\u01a1, \u0111\u01b0\u1eddng,&#8230;<\/p>\n<p>\u2013 Quy c\u00e1ch \u0111\u00f3ng g\u00f3i: 1000ml<\/p>\n<p>\u2013 H\u1ea1n s\u1eed d\u1ee5ng: Xem tr\u00ean bao b\u00ec<\/p>\n<p><img decoding=\"async\" class=\"aligncenter\" src=\"https:\/\/havamall.vn\/wp-content\/uploads\/2020\/09\/kem-vani.jpg\" alt=\"T\u00ecm hi\u1ec3u v\u1ec1 c\u00e1ch l\u00e0m kem t\u01b0\u01a1i v\u1ecb vani \u0103n l\u00e0 m\u00ea\" width=\"516\" height=\"258\" \/><\/p>\n<h1>\u0110\u1eb7c \u0111i\u1ec3m s\u1ea3n ph\u1ea9m<\/h1>\n<p>Kem H\u1ed9p Cremo Take vanilla l\u00e0 lo\u1ea1i kem s\u1eed d\u1ee5ng vani l\u00e0m h\u01b0\u01a1ng v\u1ecb, \u0111\u1eb7c bi\u1ec7t l\u00e0 \u1edf B\u1eafc M\u1ef9 v\u00e0 ch\u00e2u \u00c2u. Kem vani, gi\u1ed1ng nh\u01b0 c\u00e1c h\u01b0\u01a1ng v\u1ecb kem kh\u00e1c, ban \u0111\u1ea7u \u0111\u01b0\u1ee3c t\u1ea1o ra b\u1eb1ng c\u00e1ch l\u00e0m l\u1ea1nh h\u1ed7n h\u1ee3p l\u00e0m t\u1eeb kem, \u0111\u01b0\u1eddng v\u00e0 vani b\u00ean tr\u00ean m\u1ed9t h\u1ed9p \u0111\u1ef1ng \u0111\u00e1 v\u00e0 mu\u1ed1i.<\/p>\n<p>Kem vani \u0111\u01b0\u1ee3c t\u1ea1o h\u01b0\u01a1ng v\u1ecb b\u1eb1ng h\u01b0\u01a1ng li\u1ec7u vani nh\u00e2n t\u1ea1o ho\u1eb7c t\u1ef1 nhi\u00ean. H\u01b0\u01a1ng li\u1ec7u nh\u00e2n t\u1ea1o ch\u1ee9a 100% vanillin, th\u00e0nh ph\u1ea7n ch\u00ednh g\u00f3p ph\u1ea7n t\u1ea1o n\u00ean h\u01b0\u01a1ng v\u1ecb c\u1ee7a vani t\u1ef1 nhi\u00ean.<\/p>\n<p><img decoding=\"async\" class=\"aligncenter\" src=\"https:\/\/havamall.vn\/wp-content\/uploads\/2020\/09\/Easiest-Ice-Cream-1-1-of-1-500x375.jpg\" alt=\"The Best (and Easiest) Ice Cream You\" \/><\/p>\n<p>Kem Cremo take vanilla gi\u00fap cung c\u1ea5p n\u0103ng l\u01b0\u1ee3ng, vitamin, d\u01b0\u1ee1ng ch\u1ea5t c\u1ea7n thi\u1ebft cho c\u00e1c ho\u1ea1t \u0111\u1ed9ng h\u00e0ng ng\u00e0y, v\u1edbi h\u01b0\u01a1ng v\u1ecb m\u00e1t l\u1ea1nh c\u1ee7a kem mang l\u1ea1i cho b\u1ea1n c\u1ea3m gi\u00e1c th\u1eadt s\u1ea3ng kho\u00e1i m\u1ed7i khi th\u01b0\u1edfng th\u1ee9c. S\u1ea3n ph\u1ea9m k\u1ebft h\u1ee3p \u0111\u1ed9c \u0111\u00e1o gi\u1eefa c\u00f4ng th\u1ee9c truy\u1ec1n th\u1ed1ng v\u00e0 quy tr\u00ecnh ch\u1ebf bi\u1ebfn hi\u1ec7n \u0111\u1ea1i \u0111em l\u1ea1i ch\u1ea5t l\u01b0\u1ee3ng t\u1ed1t nh\u1ea5t.<\/p>\n<p>Kem vani \u0111\u01b0\u1ee3c s\u1ea3n xu\u1ea5t theo d\u00e2y chuy\u1ec1n c\u00f4ng ngh\u1ec7 hi\u1ec7n \u0111\u1ea1i c\u1ee7a Th\u00e1i Lan v\u1edbi quy tr\u00ecnh ki\u1ec3m \u0111\u1ecbnh ch\u1ea5t l\u01b0\u1ee3ng nghi\u00eam ng\u1eb7t.<\/p>\n<p>Kem cremo take vanilla \u0111\u01b0\u1ee3c thi\u1ebft k\u1ebf v\u00e0 \u0111\u00f3ng g\u00f3i nh\u1ecf g\u1ecdn, ti\u1ec7n l\u1ee3i cho b\u1ea1n s\u1eed d\u1ee5ng c\u0169ng nh\u01b0 b\u1ea3o qu\u1ea3n.<\/p>\n<p>\u0110\u1ed1i v\u1edbi s\u1ea3n ph\u1ea9m Kem H\u1ed9p Cremo Take, Havamall hi\u1ec7n \u0111ang c\u00f3 6 h\u01b0\u01a1ng v\u1ecb:<\/p>\n<p>&#8211; Tropicana<\/p>\n<p>&#8211; Vanilla<\/p>\n<p>&#8211; Chocolate<\/p>\n<p>&#8211; Chocolate Chip<\/p>\n<p>&#8211; Coconuct<\/p>\n<p>&#8211; Yam Taro<\/p>","protected":false},"excerpt":{"rendered":"<p>Kem vanilla \u0111\u01b0\u1ee3c t\u1ea1o ra v\u1edbi h\u01b0\u01a1ng li\u1ec7u ch\u1ee9a 100% vanillin, th\u00e0nh ph\u1ea7n ch\u00ednh g\u00f3p ph\u1ea7n t\u1ea1o n\u00ean h\u01b0\u01a1ng v\u1ecb c\u1ee7a vani t\u1ef1 nhi\u00ean.<\/p>\n<p>Kem cremo take vanilla gi\u00fap cung c\u1ea5p n\u0103ng l\u01b0\u1ee3ng, vitamin, d\u01b0\u1ee1ng ch\u1ea5t c\u1ea7n thi\u1ebft cho c\u00e1c ho\u1ea1t \u0111\u1ed9ng h\u00e0ng ng\u00e0y, v\u1edbi h\u01b0\u01a1ng v\u1ecb m\u00e1t l\u1ea1nh c\u1ee7a kem mang l\u1ea1i cho b\u1ea1n c\u1ea3m gi\u00e1c th\u1eadt s\u1ea3ng kho\u00e1i m\u1ed7i khi th\u01b0\u1edfng th\u1ee9c.<\/p>\n<p>S\u1ea3n ph\u1ea9m \u0111\u01b0\u1ee3c s\u1ea3n xu\u1ea5t theo d\u00e2y chuy\u1ec1n c\u00f4ng ngh\u1ec7 hi\u1ec7n \u0111\u1ea1i c\u1ee7a Th\u00e1i Lan v\u1edbi quy tr\u00ecnh ki\u1ec3m \u0111\u1ecbnh ch\u1ea5t l\u01b0\u1ee3ng nghi\u00eam ng\u1eb7t.<\/p>","protected":false},"featured_media":16322,"comment_status":"open","ping_status":"closed","template":"","meta":[],"product_brand":[],"product_cat":[275,36],"product_tag":[],"class_list":{"0":"post-16321","1":"product","2":"type-product","3":"status-publish","4":"has-post-thumbnail","6":"product_cat-thuc-pham-dong-lanh","7":"product_cat-thuc-pham-tieu-dung","9":"first","10":"outofstock","11":"sale","12":"shipping-taxable","13":"purchasable","14":"product-type-simple"},"_links":{"self":[{"href":"https:\/\/havamall.vn\/en\/wp-json\/wp\/v2\/product\/16321"}],"collection":[{"href":"https:\/\/havamall.vn\/en\/wp-json\/wp\/v2\/product"}],"about":[{"href":"https:\/\/havamall.vn\/en\/wp-json\/wp\/v2\/types\/product"}],"replies":[{"embeddable":true,"href":"https:\/\/havamall.vn\/en\/wp-json\/wp\/v2\/comments?post=16321"}],"version-history":[{"count":0,"href":"https:\/\/havamall.vn\/en\/wp-json\/wp\/v2\/product\/16321\/revisions"}],"wp:featuredmedia":[{"embeddable":true,"href":"https:\/\/havamall.vn\/en\/wp-json\/wp\/v2\/media\/16322"}],"wp:attachment":[{"href":"https:\/\/havamall.vn\/en\/wp-json\/wp\/v2\/media?parent=16321"}],"wp:term":[{"taxonomy":"product_brand","embeddable":true,"href":"https:\/\/havamall.vn\/en\/wp-json\/wp\/v2\/product_brand?post=16321"},{"taxonomy":"product_cat","embeddable":true,"href":"https:\/\/havamall.vn\/en\/wp-json\/wp\/v2\/product_cat?post=16321"},{"taxonomy":"product_tag","embeddable":true,"href":"https:\/\/havamall.vn\/en\/wp-json\/wp\/v2\/product_tag?post=16321"}],"curies":[{"name":"wp","href":"https:\/\/api.w.org\/{rel}","templated":true}]}}