{"id":16306,"date":"2020-09-22T11:36:22","date_gmt":"2020-09-22T04:36:22","guid":{"rendered":"https:\/\/havamall.vn\/?post_type=product&#038;p=16306"},"modified":"2023-04-10T14:03:01","modified_gmt":"2023-04-10T07:03:01","slug":"cha-gio-tom-thit-500g-meat-and-shrimps-spring-rolls","status":"publish","type":"product","link":"https:\/\/havamall.vn\/en\/shop\/cha-gio-tom-thit-500g-meat-and-shrimps-spring-rolls\/","title":{"rendered":"Ch\u1ea3 Gi\u00f2 T\u00f4m Th\u1ecbt 400g &#8211; Meat and Shrimps Spring Rolls"},"content":{"rendered":"<p><strong>Ch\u1ea3 gi\u00f2 t\u00f4m th\u1ecbt<\/strong> \u0111\u01b0\u1ee3c ch\u1ebf bi\u1ebfn t\u1eeb b\u00e1nh tr\u00e1ng, th\u1ecbt heo, t\u00f4m t\u01b0\u01a1i, s\u1eafn d\u00e2y, c\u00e0 r\u1ed1t v\u00e0 nhi\u1ec1u lo\u1ea1i gia v\u1ecb kh\u00e1c. Th\u00e0nh ph\u1ea7n nguy\u00ean li\u1ec7u trong ch\u1ea3 gi\u00f2 t\u00f4m th\u1ecbt \u0111\u01b0\u1ee3c l\u1ea5y t\u1eeb ngu\u1ed3n th\u1ecbt, t\u00f4m v\u00e0 rau c\u1ee7 t\u01b0\u01a1i ngon n\u00ean \u0111\u1ea3m b\u1ea3o an to\u00e0n cho s\u1ee9c kh\u1ecfe ng\u01b0\u1eddi s\u1eed d\u1ee5ng. \u0110\u1eb7c bi\u1ec7t,\u00a0s\u1ea3n ph\u1ea9m kh\u00f4ng ch\u1ea5t b\u1ea3o qu\u1ea3n n\u00ean v\u1eabn gi\u1eef \u0111\u01b0\u1ee3c h\u01b0\u01a1ng v\u1ecb t\u1ef1 nhi\u00ean khi th\u01b0\u1edfng th\u1ee9c m\u00f3n \u0103n.<\/p>\n<p>S\u1ea3n ph\u1ea9m l\u00e0 m\u1ed9t trong s\u1ed1 c\u00e1c m\u00f3n \u0103n \u0111\u01b0\u1ee3c gi\u1edbi tr\u1ebb y\u00eau th\u00edch b\u1edfi h\u01b0\u01a1ng v\u1ecb th\u01a1m ngon, d\u1ec5 ch\u1ebf bi\u1ebfn v\u00e0 d\u1ec5 \u0103n. Ch\u1ea3 gi\u00f2 t\u00f4m th\u1ecbt l\u00e0 s\u1ea3n ph\u1ea9m \u0111\u01b0\u1ee3c \u01b0a chu\u1ed9ng, \u0111\u00e1p \u1ee9ng nhu c\u1ea7u dinh d\u01b0\u1ee1ng ng\u00e0y c\u00e0ng cao trong b\u1eefa \u0103n c\u1ee7a m\u1ed7i gia \u0111\u00ecnh v\u00ec trong ch\u1ea3 gi\u00f2 t\u00f4m th\u1ecbt ch\u1ee9a h\u00e0m l\u01b0\u1ee3ng c\u00e1c vitamin, canxi, protein cao.<\/p>\n<p><strong><img fetchpriority=\"high\" decoding=\"async\" class=\"aligncenter\" src=\"https:\/\/havamall.vn\/wp-content\/uploads\/2020\/09\/1535044780-497-cung-ram-thang-7-voi-nem-hai-san-gion-tan-thom-lung-14440798_663255457166390_3384795267661301161_n-1535044561-width960height623.jpg\" alt=\"C\u00e1ch l\u00e0m nem h\u1ea3i s\u1ea3n gi\u00f2n tan, th\u01a1m l\u1eebng\" width=\"613\" height=\"397\" \/><\/strong><\/p>\n<p>Ch\u1ea3 gi\u00f2 t\u00f4m th\u1ecbt \u0111\u01b0\u1ee3c ki\u1ec3m tra nghi\u00eam ng\u1eb7t v\u1ec1 \u0111\u1ed9 an to\u00e0n th\u1ef1c ph\u1ea9m, s\u1ea3n ph\u1ea9m \u0111\u01b0\u1ee3c s\u1ea3n xu\u1ea5t tr\u00ean d\u00e2y chuy\u1ec1n kh\u00e9p k\u00edn t\u1eeb kh\u00e2u ch\u1ebf bi\u1ebfn \u0111\u1ebfn \u0111\u00f3ng g\u00f3i. \u0110\u00e2y l\u00e0 s\u1ea3n ph\u1ea9m \u0111\u01b0\u1ee3c ch\u1ee9ng nh\u1eadn \u0111\u1ea3m b\u1ea3o v\u1ec7 sinh an to\u00e0n th\u1ef1c ph\u1ea9m.<\/p>\n<p>Ch\u1ea3 gi\u00f2 t\u00f4m th\u1ecbt l\u00e0 m\u1ed9t s\u1ea3n ph\u1ea9m ti\u1ec7n l\u1ee3i. Khi \u0103n ch\u1ec9 c\u1ea7n l\u1ea5y ra v\u00e0 cho v\u00e0o ch\u1ea3o chi\u00ean l\u1ea1i v\u00e0ng \u0111\u1ec1u 2 m\u1eb7t. G\u1eafp ch\u1ea3 gi\u00f2 ra \u0111\u0129a th\u1ea5m b\u1edbt d\u1ea7u. M\u00f3n \u0103n s\u1ebd tr\u1edf n\u00ean ngon h\u01a1n khi \u0103n n\u00f3ng v\u00e0 \u0103n k\u00e8m v\u1edbi t\u01b0\u01a1ng \u1edbt v\u00e0 rau qu\u1ea3,&#8230;<\/p>\n<p><img decoding=\"async\" class=\"aligncenter\" src=\"https:\/\/havamall.vn\/wp-content\/uploads\/2020\/09\/cha-gio.jpg\" alt=\"H\u01b0\u1edbng d\u1eabn c\u00e1ch l\u00e0m ch\u1ea3 gi\u00f2 t\u00f4m th\u1ecbt ngon ng\u1ea5t ng\u00e2y\" width=\"615\" height=\"396\" \/><\/p>\n<p>\u2013 Th\u01b0\u01a1ng hi\u1ec7u: Tashun<\/p>\n<p>\u2013 Xu\u1ea5t x\u1ee9: Vi\u1ec7t Nam<\/p>\n<p>\u2013 Th\u00e0nh ph\u1ea7n c\u01a1 b\u1ea3n:\u00a0B\u00e1nh tr\u00e1ng, th\u1ecbt heo, t\u00f4m, s\u1eafn d\u00e2y, c\u00e0 r\u1ed1t, gia v\u1ecb\u2026<\/p>\n<p>\u2013 H\u01b0\u1edbng d\u1eabn s\u1eed d\u1ee5ng: Kh\u00f4ng c\u1ea7n r\u00e3 \u0111\u00f4ng, cho t\u1eebng cu\u1ed1n v\u00e0o d\u1ea7u \u0103n nhi\u1ec7t \u0111\u1ed9 170\u00b0C, chi\u00ean v\u00e0ng \u0111\u1ec1u, v\u1edbt ra \u0111\u1ec3 r\u00e1o d\u1ea7u, d\u00f9ng n\u00f3ng.<\/p>\n<p>\u2013 H\u01b0\u1edbng d\u1eabn b\u1ea3o qu\u1ea3n: qu\u1ea3n trong ng\u0103n \u0111\u00e1 t\u1ee7 l\u1ea1nh<\/p>\n<p>\u2013 Quy c\u00e1ch \u0111\u00f3ng g\u00f3i: 20 cu\u1ed9n\/g\u00f3i<\/p>\n<p>\u2013\u00a0Kh\u1ed1i l\u01b0\u1ee3ng t\u1ecbnh: 400g<\/p>\n<p>\u2013 H\u1ea1n s\u1eed d\u1ee5ng: Xem tr\u00ean bao b\u00ec<\/p>","protected":false},"excerpt":{"rendered":"<p>Ch\u1ea3 gi\u00f2 t\u00f4m th\u1ecbt l\u00e0 m\u1ed9t trong s\u1ed1 c\u00e1c m\u00f3n \u0103n \u0111\u01b0\u1ee3c gi\u1edbi tr\u1ebb y\u00eau th\u00edch b\u1edfi h\u01b0\u01a1ng v\u1ecb th\u01a1m ngon, d\u1ec5 ch\u1ebf bi\u1ebfn v\u00e0 trong ch\u1ea3 gi\u00f2 t\u00f4m th\u1ecbt ch\u1ee9a h\u00e0m l\u01b0\u1ee3ng c\u00e1c vitamin, canxi, protein cao.<\/p>","protected":false},"featured_media":16553,"comment_status":"open","ping_status":"closed","template":"","meta":[],"product_brand":[],"product_cat":[275,36],"product_tag":[],"class_list":{"0":"post-16306","1":"product","2":"type-product","3":"status-publish","4":"has-post-thumbnail","6":"product_cat-thuc-pham-dong-lanh","7":"product_cat-thuc-pham-tieu-dung","9":"first","10":"outofstock","11":"sale","12":"shipping-taxable","13":"purchasable","14":"product-type-simple"},"_links":{"self":[{"href":"https:\/\/havamall.vn\/en\/wp-json\/wp\/v2\/product\/16306"}],"collection":[{"href":"https:\/\/havamall.vn\/en\/wp-json\/wp\/v2\/product"}],"about":[{"href":"https:\/\/havamall.vn\/en\/wp-json\/wp\/v2\/types\/product"}],"replies":[{"embeddable":true,"href":"https:\/\/havamall.vn\/en\/wp-json\/wp\/v2\/comments?post=16306"}],"version-history":[{"count":0,"href":"https:\/\/havamall.vn\/en\/wp-json\/wp\/v2\/product\/16306\/revisions"}],"wp:featuredmedia":[{"embeddable":true,"href":"https:\/\/havamall.vn\/en\/wp-json\/wp\/v2\/media\/16553"}],"wp:attachment":[{"href":"https:\/\/havamall.vn\/en\/wp-json\/wp\/v2\/media?parent=16306"}],"wp:term":[{"taxonomy":"product_brand","embeddable":true,"href":"https:\/\/havamall.vn\/en\/wp-json\/wp\/v2\/product_brand?post=16306"},{"taxonomy":"product_cat","embeddable":true,"href":"https:\/\/havamall.vn\/en\/wp-json\/wp\/v2\/product_cat?post=16306"},{"taxonomy":"product_tag","embeddable":true,"href":"https:\/\/havamall.vn\/en\/wp-json\/wp\/v2\/product_tag?post=16306"}],"curies":[{"name":"wp","href":"https:\/\/api.w.org\/{rel}","templated":true}]}}