{"id":16284,"date":"2020-09-21T17:24:03","date_gmt":"2020-09-21T10:24:03","guid":{"rendered":"https:\/\/havamall.vn\/?post_type=product&#038;p=16284"},"modified":"2021-06-24T15:29:05","modified_gmt":"2021-06-24T08:29:05","slug":"m-ghe-farci-320g-crab-farci","status":"publish","type":"product","link":"https:\/\/havamall.vn\/en\/shop\/m-ghe-farci-320g-crab-farci\/","title":{"rendered":"M-Gh\u1eb9 Farci 320g &#8211; Crab Farci"},"content":{"rendered":"<p>Gh\u1eb9 l\u00e0 \u0111\u1ed1i t\u01b0\u1ee3ng h\u1ea3i s\u1ea3n qu\u00fd, c\u00f3 gi\u00e1 tr\u1ecb th\u01b0\u01a1ng m\u1ea1i cao v\u00e0 l\u00e0 m\u1eb7t h\u00e0ng xu\u1ea5t kh\u1ea9u quan tr\u1ecdng c\u1ee7a Vi\u1ec7t Nam. Gh\u1eb9 \u0111\u01b0\u1ee3c ph\u00e2n b\u1ed1 \u1edf kh\u1eafp c\u00e1c v\u00f9ng bi\u1ec3n \u0111\u1ebfn \u0111\u1ed9 s\u00e2u 50 \u2013 100m v\u00e0 c\u1eeda s\u00f4ng, \u0111\u00e1y c\u00e1t b\u00f9n t\u1eeb B\u1eafc v\u00e0o Nam, ngu\u1ed3n l\u1ee3i kh\u00e1 phong ph\u00fa.<\/p>\n<p>Gh\u1eb9 Farci c\u00f3 v\u1ecb ng\u1ecdt th\u01a1m c\u1ee7a th\u1ecbt gh\u1eb9 k\u1ebft h\u1ee3p v\u1edbi th\u1ecbt xay b\u0103m nhuy\u1ec5n c\u00f9ng c\u00e1c gia v\u1ecb kh\u00e1c nh\u01b0 h\u00e0nh t\u00e2y, c\u00e0 r\u1ed1t x\u1eaft nh\u1ecf. Ch\u1eafc ch\u1eafn \u0111\u00e2y s\u1ebd l\u00e0 m\u1ed9t tr\u1ea3i nghi\u1ec7m \u1ea9m th\u1ef1c kh\u00f3 qu\u00ean ngay c\u1ea3 v\u1edbi nh\u1eefng chuy\u00ean gia kh\u00f3 t\u00ednh nh\u1ea5t.<\/p>\n<p><img fetchpriority=\"high\" decoding=\"async\" class=\"aligncenter\" src=\"http:\/\/thachhungphat.com\/wp-content\/uploads\/2014\/03\/Ghe-faci.jpg\" width=\"540\" height=\"360\" \/><\/p>\n<p>Th\u00e0nh ph\u1ea7n dinh d\u01b0\u1ee1ng trong gh\u1eb9 bi\u1ec3n r\u1ea5t phong ph\u00fa. H\u00e0m l\u01b0\u1ee3ng protein trong gh\u1eb9 \u0111\u01b0\u1ee3c ch\u1ee9ng minh l\u00e0 cao h\u01a1n nhi\u1ec1u so v\u1edbi m\u1ed9t s\u1ed1 lo\u1ea1i c\u00e1.<\/p>\n<p>Ngo\u00e0i ra, trong Gh\u1eb9 Farci ch\u1ee9a c\u00e1c ch\u1ea5t dinh d\u01b0\u1ee1ng nh\u01b0 axit b\u00e9o omega 3, c\u00e1c vitamin A, B1, B2, c\u00e1c lo\u1ea1i kho\u00e1ng ch\u1ea5t can-xi, ph\u1ed1t-pho, s\u1eaft. C\u00f3 t\u00e1c d\u1ee5ng h\u1ed7 tr\u1ee3 ph\u00e1t tri\u1ec3n chi\u1ec1u cao, duy tr\u00ec s\u1ef1 \u1ed5n \u0111\u1ecbnh c\u1ee7a h\u1ec7 tim m\u1ea1ch.<\/p>\n<p>Gh\u1eb9 Farci \u0111\u01b0\u1ee3c bi\u1ebft \u0111\u1ebfn l\u00e0 m\u00f3n \u0103n ph\u00f9 h\u1ee3p cho m\u1ecdi l\u1ee9a tu\u1ed5i. \u0110\u1eb7c bi\u1ec7t th\u00edch h\u1ee3p v\u1edbi tr\u1ebb nh\u1ecf nh\u1edd h\u01b0\u01a1ng v\u1ecb th\u01a1m ngon v\u00e0 c\u00e1c c\u00e1ch ch\u1ebf bi\u1ebfn phong ph\u00fa.<\/p>\n<p><img decoding=\"async\" class=\"aligncenter\" src=\"https:\/\/havamall.vn\/wp-content\/uploads\/2020\/09\/ghe-farci-hoa-doanh-khay-400g-201905281551124666.jpg\" alt=\"Gh\u1eb9 Farci Hoa Doanh khay 400g 5\" width=\"484\" height=\"363\" \/><\/p>\n<p>\u2013 Th\u00e0nh ph\u1ea7n:\u00a0Mai ghe\u0323, thi\u0323t ghe\u0323, t\u00f4m, m\u01b0\u0323c, bu\u0301n ta\u0300u, ha\u0300nh, t\u1ecfi, c\u00e0 r\u1ed1t, mu\u1ed1i, ti\u00eau, \u0111\u01b0\u1eddng, b\u00f4\u0323t ngo\u0323t<\/p>\n<p>\u2013 Xu\u1ea5t x\u1ee9: Vi\u1ec7t Nam<\/p>\n<p>\u2013 H\u01b0\u1edbng d\u1eabn s\u1eed d\u1ee5ng:\u00a0R\u00e3 \u0111\u00f4ng t\u1ef1 nhi\u00ean. H\u1ea5p c\u00e1ch th\u1ee7y ho\u1eb7c n\u01b0\u1edbng t\u00f9y th\u00edch, d\u00f9ng \u0103n k\u00e8m v\u1edbi rau v\u00e0 n\u01b0\u1edbc ch\u1ea5m t\u00f9y th\u00edch.<\/p>\n<p><img decoding=\"async\" class=\"aligncenter\" src=\"https:\/\/d1sag4ddilekf6.cloudfront.net\/item\/VNITE2020060606273207159\/photos\/menueditor_item_95dcdfc40ce04f668c297c0cc176d59d_1591424590099444878.jpg\" alt=\"Th\u1ef1c \u0111\u01a1n giao h\u00e0ng t\u1eadn n\u01a1i c\u1ee7a N\u01b0\u1edbc \u00c9p \u0110\u1ed3ng Qu\u00ea | GrabFood VN\" width=\"376\" height=\"376\" \/><\/p>\n<p>\u2013 H\u01b0\u1edbng d\u1eabn b\u1ea3o qu\u1ea3n: B\u1ea3o qu\u1ea3n trong ng\u0103n \u0111\u00e1 t\u1ee7 l\u1ea1nh<\/p>\n<p>\u2013 Quy c\u00e1ch \u0111\u00f3ng g\u00f3i: 320g<\/p>\n<p>\u2013 H\u1ea1n s\u1eed d\u1ee5ng: Xem tr\u00ean bao b\u00ec<\/p>","protected":false},"excerpt":{"rendered":"<p>Gh\u1eb9 Farci ch\u1ee9a c\u00e1c ch\u1ea5t dinh d\u01b0\u1ee1ng nh\u01b0 axit b\u00e9o omega 3, c\u00e1c vitamin A, B1, B2, c\u00e1c lo\u1ea1i kho\u00e1ng ch\u1ea5t can-xi, ph\u1ed1t-pho, s\u1eaft. C\u00f3 t\u00e1c d\u1ee5ng h\u1ed7 tr\u1ee3 ph\u00e1t tri\u1ec3n chi\u1ec1u cao, duy tr\u00ec s\u1ef1 \u1ed5n \u0111\u1ecbnh c\u1ee7a h\u1ec7 tim m\u1ea1ch.<\/p>\n<p>Gh\u1eb9 Farci \u0111\u01b0\u1ee3c bi\u1ebft \u0111\u1ebfn l\u00e0 m\u00f3n \u0103n ph\u00f9 h\u1ee3p cho m\u1ecdi l\u1ee9a tu\u1ed5i. \u0110\u1eb7c bi\u1ec7t th\u00edch h\u1ee3p v\u1edbi tr\u1ebb nh\u1ecf nh\u1edd h\u01b0\u01a1ng v\u1ecb th\u01a1m ngon v\u00e0 c\u00e1c c\u00e1ch ch\u1ebf bi\u1ebfn phong ph\u00fa.<\/p>","protected":false},"featured_media":16286,"comment_status":"open","ping_status":"closed","template":"","meta":[],"product_brand":[],"product_cat":[275,36],"product_tag":[],"class_list":{"0":"post-16284","1":"product","2":"type-product","3":"status-publish","4":"has-post-thumbnail","6":"product_cat-thuc-pham-dong-lanh","7":"product_cat-thuc-pham-tieu-dung","9":"first","10":"outofstock","11":"sale","12":"shipping-taxable","13":"purchasable","14":"product-type-simple"},"_links":{"self":[{"href":"https:\/\/havamall.vn\/en\/wp-json\/wp\/v2\/product\/16284"}],"collection":[{"href":"https:\/\/havamall.vn\/en\/wp-json\/wp\/v2\/product"}],"about":[{"href":"https:\/\/havamall.vn\/en\/wp-json\/wp\/v2\/types\/product"}],"replies":[{"embeddable":true,"href":"https:\/\/havamall.vn\/en\/wp-json\/wp\/v2\/comments?post=16284"}],"version-history":[{"count":0,"href":"https:\/\/havamall.vn\/en\/wp-json\/wp\/v2\/product\/16284\/revisions"}],"wp:featuredmedia":[{"embeddable":true,"href":"https:\/\/havamall.vn\/en\/wp-json\/wp\/v2\/media\/16286"}],"wp:attachment":[{"href":"https:\/\/havamall.vn\/en\/wp-json\/wp\/v2\/media?parent=16284"}],"wp:term":[{"taxonomy":"product_brand","embeddable":true,"href":"https:\/\/havamall.vn\/en\/wp-json\/wp\/v2\/product_brand?post=16284"},{"taxonomy":"product_cat","embeddable":true,"href":"https:\/\/havamall.vn\/en\/wp-json\/wp\/v2\/product_cat?post=16284"},{"taxonomy":"product_tag","embeddable":true,"href":"https:\/\/havamall.vn\/en\/wp-json\/wp\/v2\/product_tag?post=16284"}],"curies":[{"name":"wp","href":"https:\/\/api.w.org\/{rel}","templated":true}]}}