{"id":16279,"date":"2020-09-21T16:43:51","date_gmt":"2020-09-21T09:43:51","guid":{"rendered":"https:\/\/havamall.vn\/?post_type=product&#038;p=16279"},"modified":"2021-06-24T15:29:11","modified_gmt":"2021-06-24T08:29:11","slug":"m-tom-sushi-tam-com-300g-shrimp-sushi-coated-in-rice-flakes","status":"publish","type":"product","link":"https:\/\/havamall.vn\/en\/shop\/m-tom-sushi-tam-com-300g-shrimp-sushi-coated-in-rice-flakes\/","title":{"rendered":"M-T\u00f4m Sushi T\u1ea9m C\u1ed1m 300g &#8211; Shrimp Sushi Coated In Rice Flakes"},"content":{"rendered":"<p>T\u00f4m l\u00e0 th\u1ef1c ph\u1ea9m \u0111\u01b0\u1ee3c r\u1ea5t nhi\u1ec1u ng\u01b0\u1eddi \u01b0a chu\u1ed9ng.\u00a0T\u00f4m ch\u1ee9a r\u1ea5t nhi\u1ec1u ch\u1ea5t dinh d\u01b0\u1ee1ng nh\u01b0 \u0111\u1ea1m, canxi, photpho, acid b\u00e9o kh\u00f4ng cholesterol v\u00e0 c\u00e1c ch\u1ea5t kho\u00e1ng c\u1ea7n thi\u1ebft cho c\u01a1 th\u1ec3. \u0102n t\u00f4m th\u01b0\u1eddng xuy\u00ean gi\u00fap gi\u1ea3m nguy c\u01a1 m\u1eafc c\u00e1c b\u1ec7nh tim m\u1ea1ch, \u0111\u1ed9t qu\u1ef5 v\u00e0 t\u0103ng c\u01b0\u1eddng s\u1ee9c kh\u1ecfe x\u01b0\u01a1ng kh\u1edbp.<\/p>\n<p>M-T\u00f4m Sushi T\u1ea9m C\u1ed1m \u0111\u01b0\u1ee3c ch\u1ebf bi\u1ebfn t\u1eeb ngu\u1ed3n nguy\u00ean li\u1ec7u \u0111\u01b0\u1ee3c ch\u1ecdn l\u1ecdc k\u0129 c\u00e0ng, kh\u00f4ng s\u1eed d\u1ee5ng ph\u1ee5 gia, ch\u1ea5t t\u1ea1o m\u00e0u, ch\u1ea5t b\u1ea3o qu\u1ea3n \u0111\u1ed9c h\u1ea1i, ph\u00f9 h\u1ee3p v\u1edbi m\u1ecdi b\u1eefa \u0103n trong gia \u0111\u00ecnh.<\/p>\n<p><img fetchpriority=\"high\" decoding=\"async\" class=\"aligncenter\" src=\"https:\/\/havamall.vn\/wp-content\/uploads\/2020\/09\/foody-mobile-64347406c21784b7a686-842-636341701356409022.jpg\" alt=\"Hali Sushi - Nguy\u1ec5n V\u0103n L\u01b0\u1ee3ng | \u0110\u1eb7t M\u00f3n &amp; Giao ship t\u1eadn n\u01a1i | Now.vn\" width=\"447\" height=\"216\" \/><\/p>\n<p>M-t\u00f4m Sushi t\u1ea9m \u0111\u01b0\u1ee3c \u0111\u00f3ng g\u00f3i k\u00edn \u0111\u00e1o, d\u1ec5 s\u1eed d\u1ee5ng v\u00e0 b\u1ea3o qu\u1ea3n, gi\u00fap r\u00fat ng\u1eafn \u0111\u01b0\u1ee3c th\u1eddi gian ch\u1ebf bi\u1ebfn. Ch\u1ec9 c\u1ea7n r\u00e3 \u0111\u00f4ng t\u1ef1 nhi\u00ean, sau \u0111\u00f3 r\u00e1n ng\u1eadp trong d\u1ea7u \u0103n \u0111un s\u00f4i, v\u1edbt ra \u0111\u1ec3 r\u00e1o d\u1ea7u l\u00e0 \u0111\u00e3 s\u1eb5n s\u00e0ng cho m\u1ed9t m\u00f3n \u0103n h\u1ea5p d\u1eabn, b\u1ed5 d\u01b0\u1ee1ng.<\/p>\n<p>T\u00f4m Sushi t\u1ea9m c\u1ed1m sau khi chi\u00ean c\u00f3 th\u1ec3\u00a0d\u00f9ng chung v\u1edbi s\u1ed1t mayonnaise, n\u01b0\u1edbc t\u01b0\u01a1ng hay rau c\u00e1i, c\u00e0 chua v\u00e0\u00a0 t\u01b0\u01a1ng \u1edbt \u0111\u1ec3 m\u00f3n \u0103n \u0111\u1eadm v\u1ecb h\u01a1n.<\/p>\n<p><img decoding=\"async\" class=\"aligncenter\" src=\"https:\/\/havamall.vn\/wp-content\/uploads\/2020\/09\/193924497326.jpg\" alt=\"Shrimp paste coated with green rice flakes\" width=\"488\" height=\"325\" \/><\/p>\n<p>\u2013 Th\u00e0nh ph\u1ea7n: T\u00f4m, c\u1ed1m, tinh b\u1ed9t bi\u1ebfn t\u00ednh, mu\u1ed1i, \u0111\u01b0\u1eddng, ti\u00eau,\u2026<\/p>\n<p>\u2013 Xu\u1ea5t x\u1ee9: Vi\u1ec7t Nam<\/p>\n<p><img decoding=\"async\" class=\"aligncenter\" src=\"https:\/\/havamall.vn\/wp-content\/uploads\/2020\/09\/1398054711-img110.jpg\" alt=\"Ngon l\u1ea1 m\u00f3n l\u00e1 l\u1ed1t cu\u1ed9n t\u00f4m chi\u00ean c\u1ed1m\" width=\"422\" height=\"512\" \/><\/p>\n<p>\u2013 H\u01b0\u1edbng d\u1eabn s\u1eed d\u1ee5ng: R\u00e3 \u0111\u00f4ng t\u1ef1 nhi\u00ean ho\u1eb7c trong l\u00f2 vi s\u00f3ng. Chi\u00ean \u1edf nhi\u1ec7t \u0111\u1ed9 140 \u0111\u1ed9 C<\/p>\n<p>\u2013 H\u01b0\u1edbng d\u1eabn b\u1ea3o qu\u1ea3n: B\u1ea3o qu\u1ea3n trong ng\u0103n \u0111\u00e1 t\u1ee7 l\u1ea1nh<\/p>\n<p>\u2013 Quy c\u00e1ch \u0111\u00f3ng g\u00f3i: 300g<\/p>\n<p>\u2013 H\u1ea1n s\u1eed d\u1ee5ng: Xem tr\u00ean bao b\u00ec<\/p>","protected":false},"excerpt":{"rendered":"<p>M-T\u00f4m Sushi T\u1ea9m C\u1ed1m \u0111\u01b0\u1ee3c ch\u1ebf bi\u1ebfn t\u1eeb ngu\u1ed3n nguy\u00ean li\u1ec7u \u0111\u01b0\u1ee3c ch\u1ecdn l\u1ecdc k\u0129 c\u00e0ng, kh\u00f4ng s\u1eed d\u1ee5ng ph\u1ee5 gia, ch\u1ea5t t\u1ea1o m\u00e0u, ch\u1ea5t b\u1ea3o qu\u1ea3n \u0111\u1ed9c h\u1ea1i, ph\u00f9 h\u1ee3p v\u1edbi m\u1ecdi b\u1eefa \u0103n trong gia \u0111\u00ecnh.<\/p>\n<p>T\u00f4m Sushi t\u1ea9m c\u1ed1m sau khi chi\u00ean c\u00f3 th\u1ec3\u00a0d\u00f9ng chung v\u1edbi s\u1ed1t mayonnaise, n\u01b0\u1edbc t\u01b0\u01a1ng hay rau c\u00e1i, c\u00e0 chua v\u00e0\u00a0 t\u01b0\u01a1ng \u1edbt \u0111\u1ec3 m\u00f3n \u0103n \u0111\u1eadm v\u1ecb h\u01a1n.<\/p>","protected":false},"featured_media":16281,"comment_status":"open","ping_status":"closed","template":"","meta":[],"product_brand":[],"product_cat":[275,36],"product_tag":[],"class_list":{"0":"post-16279","1":"product","2":"type-product","3":"status-publish","4":"has-post-thumbnail","6":"product_cat-thuc-pham-dong-lanh","7":"product_cat-thuc-pham-tieu-dung","9":"first","10":"outofstock","11":"sale","12":"shipping-taxable","13":"purchasable","14":"product-type-simple"},"_links":{"self":[{"href":"https:\/\/havamall.vn\/en\/wp-json\/wp\/v2\/product\/16279"}],"collection":[{"href":"https:\/\/havamall.vn\/en\/wp-json\/wp\/v2\/product"}],"about":[{"href":"https:\/\/havamall.vn\/en\/wp-json\/wp\/v2\/types\/product"}],"replies":[{"embeddable":true,"href":"https:\/\/havamall.vn\/en\/wp-json\/wp\/v2\/comments?post=16279"}],"version-history":[{"count":0,"href":"https:\/\/havamall.vn\/en\/wp-json\/wp\/v2\/product\/16279\/revisions"}],"wp:featuredmedia":[{"embeddable":true,"href":"https:\/\/havamall.vn\/en\/wp-json\/wp\/v2\/media\/16281"}],"wp:attachment":[{"href":"https:\/\/havamall.vn\/en\/wp-json\/wp\/v2\/media?parent=16279"}],"wp:term":[{"taxonomy":"product_brand","embeddable":true,"href":"https:\/\/havamall.vn\/en\/wp-json\/wp\/v2\/product_brand?post=16279"},{"taxonomy":"product_cat","embeddable":true,"href":"https:\/\/havamall.vn\/en\/wp-json\/wp\/v2\/product_cat?post=16279"},{"taxonomy":"product_tag","embeddable":true,"href":"https:\/\/havamall.vn\/en\/wp-json\/wp\/v2\/product_tag?post=16279"}],"curies":[{"name":"wp","href":"https:\/\/api.w.org\/{rel}","templated":true}]}}