{"id":16272,"date":"2020-09-21T15:29:40","date_gmt":"2020-09-21T08:29:40","guid":{"rendered":"https:\/\/havamall.vn\/?post_type=product&#038;p=16272"},"modified":"2021-06-24T15:29:17","modified_gmt":"2021-06-24T08:29:17","slug":"m-chao-tom-300g","status":"publish","type":"product","link":"https:\/\/havamall.vn\/en\/shop\/m-chao-tom-300g\/","title":{"rendered":"M-Ch\u1ea1o T\u00f4m 300g &#8211; Shrimp Pasted On Sugar Cane"},"content":{"rendered":"<p><span style=\"font-weight: 400\"><strong>M-ch\u1ea1o t\u00f4m<\/strong> \u0111\u01b0\u1ee3c ch\u1ebf bi\u1ebfn t\u1eeb th\u00e0nh ph\u1ea7n t\u00f4m t\u01b0\u01a1i, th\u1ecbt heo, c\u00e1 th\u00e1t l\u00e1t, m\u00eda, h\u00e0nh, t\u1ecfi v\u00e0 nhi\u1ec1u lo\u1ea1i gia v\u1ecb, s\u1ea3n ph\u1ea9m kh\u00f4ng ch\u1ea5t b\u1ea3o qu\u1ea3n, an to\u00e0n cho s\u1ee9c kh\u1ecfe ng\u01b0\u1eddi s\u1eed d\u1ee5ng. Ch\u1ea1o t\u00f4m c\u00f3 h\u01b0\u01a1ng v\u1ecb th\u01a1m ngon, d\u1ec5 ch\u1ebf bi\u1ebfn v\u00e0 d\u1ec5 \u0103n, \u0111\u00e2y l\u00e0 m\u1ed9t trong nh\u1eefng m\u00f3n kho\u00e1i kh\u1ea9u c\u1ee7a gi\u1edbi tr\u1ebb hi\u1ec7n nay.<\/span><\/p>\n<p><img fetchpriority=\"high\" decoding=\"async\" class=\"wp-image-16275 aligncenter\" src=\"https:\/\/havamall.vn\/wp-content\/uploads\/2020\/09\/ch\u1ea1o-t\u00f4m-2-300x210.png\" alt=\"\" width=\"409\" height=\"286\" srcset=\"https:\/\/havamall.vn\/wp-content\/uploads\/2020\/09\/ch\u1ea1o-t\u00f4m-2-300x210.png 300w, https:\/\/havamall.vn\/wp-content\/uploads\/2020\/09\/ch\u1ea1o-t\u00f4m-2-430x301.png 430w, https:\/\/havamall.vn\/wp-content\/uploads\/2020\/09\/ch\u1ea1o-t\u00f4m-2-150x105.png 150w, https:\/\/havamall.vn\/wp-content\/uploads\/2020\/09\/ch\u1ea1o-t\u00f4m-2-700x490.png 700w, https:\/\/havamall.vn\/wp-content\/uploads\/2020\/09\/ch\u1ea1o-t\u00f4m-2-768x537.png 768w, https:\/\/havamall.vn\/wp-content\/uploads\/2020\/09\/ch\u1ea1o-t\u00f4m-2-1024x716.png 1024w, https:\/\/havamall.vn\/wp-content\/uploads\/2020\/09\/ch\u1ea1o-t\u00f4m-2-220x154.png 220w, https:\/\/havamall.vn\/wp-content\/uploads\/2020\/09\/ch\u1ea1o-t\u00f4m-2-1200x840.png 1200w, https:\/\/havamall.vn\/wp-content\/uploads\/2020\/09\/ch\u1ea1o-t\u00f4m-2-600x420.png 600w, https:\/\/havamall.vn\/wp-content\/uploads\/2020\/09\/ch\u1ea1o-t\u00f4m-2.png 1325w\" sizes=\"(max-width: 409px) 100vw, 409px\" \/><\/p>\n<p><span style=\"font-weight: 400\">M-Ch\u1ea1o t\u00f4m l\u00e0 s\u1ea3n ph\u1ea9m r\u1ea5t \u0111\u01b0\u1ee3c \u01b0a chu\u1ed9ng, \u0111\u00e1p \u1ee9ng nhu c\u1ea7u ng\u00e0y c\u00e0ng cao trong b\u1eefa \u0103n c\u1ee7a m\u1ed7i gia \u0111\u00ecnh. Trong ch\u1ea1o t\u00f4m ch\u1ee9a h\u00e0m l\u01b0\u1ee3ng l\u1edbn ch\u1ea5t x\u01a1, vitamin, canxi, protein, \u0111\u1ea3m b\u1ea3o nhu c\u1ea7u dinh d\u01b0\u1ee1ng c\u1ee7a m\u1ecdi ng\u01b0\u1eddi.<\/span><\/p>\n<p><span style=\"font-weight: 400\">S\u1ea3n ph\u1ea9m \u0111\u01b0\u1ee3c ki\u1ec3m tra nghi\u00eam ng\u1eb7t v\u1ec1 \u0111\u1ed9 an to\u00e0n th\u1ef1c ph\u1ea9m, s\u1ea3n ph\u1ea9m \u0111\u01b0\u1ee3c s\u1ea3n xu\u1ea5t tr\u00ean d\u00e2y chuy\u1ec1n kh\u00e9p k\u00edn t\u1eeb kh\u00e2u ch\u1ebf bi\u1ebfn \u0111\u1ebfn \u0111\u00f3ng g\u00f3i. \u0110\u00e2y l\u00e0 s\u1ea3n ph\u1ea9m \u0111\u01b0\u1ee3c ch\u1ee9ng nh\u1eadn s\u1ea3n ph\u1ea9m \u0111\u1ea3m b\u1ea3o v\u1ec7 sinh an to\u00e0n th\u1ef1c ph\u1ea9m.<\/span><\/p>\n<p><img decoding=\"async\" class=\"aligncenter\" src=\"https:\/\/havamall.vn\/wp-content\/uploads\/2020\/09\/chao-tom-boc-mia.jpg\" alt=\"C\u00e1ch L\u00e0m Ch\u1ea1o T\u00f4m Dai Ngon, H\u1ea5p D\u1eabn\" width=\"542\" height=\"361\" \/><\/p>\n<p><span style=\"font-weight: 400\">&#8211; Th\u01b0\u01a1ng hi\u1ec7u: Tashun<\/span><\/p>\n<p><span style=\"font-weight: 400\">&#8211; Xu\u1ea5t x\u1ee9: Vi\u1ec7t Nam<\/span><\/p>\n<p><span style=\"font-weight: 400\">&#8211; Th\u00e0nh ph\u1ea7n c\u01a1 b\u1ea3n:<\/span> <span style=\"font-weight: 400\">T\u00f4m, m\u00eda, c\u00e1 th\u00e1t l\u00e1t, th\u1ecbt heo, h\u00e0nh, t\u1ecfi, \u0111\u01b0\u1eddng, mu\u1ed1i, ch\u1ea5t \u0111i\u1ec1u v\u1ecb (621), ch\u1ea5t nh\u0169 h\u00f3a (450(i)), ti\u00eau. .<\/span><\/p>\n<p><span style=\"font-weight: 400\">&#8211; H\u01b0\u1edbng d\u1eabn s\u1eed d\u1ee5ng: <\/span><span style=\"font-weight: 400\">D\u00f9ng chi\u00ean, h\u1ea5p ngay kh\u00f4ng c\u1ea7n r\u00e3 \u0111\u00f4ng<\/span><\/p>\n<p><img decoding=\"async\" class=\"aligncenter\" src=\"https:\/\/havamall.vn\/wp-content\/uploads\/2020\/09\/cha-tom-muc-cuon-sa-nuong-hut-hon-ca-gia-dinh-78a128.jpg\" alt=\"Ch\u1ea3 t\u00f4m m\u1ef1c cu\u1ed1n s\u1ea3 n\u01b0\u1edbng h\u00fat h\u1ed3n c\u1ea3 gia \u0111\u00ecnh - \u1ea8m th\u1ef1c - Vi\u1ec7t Gi\u1ea3i Tr\u00ed\" \/><\/p>\n<p><span style=\"font-weight: 400\">&#8211; H\u01b0\u1edbng d\u1eabn b\u1ea3o qu\u1ea3n: b\u1ea3o qu\u1ea3n trong ng\u0103n \u0111\u00e1 t\u1ee7 l\u1ea1nh<\/span><\/p>\n<p><span style=\"font-weight: 400\">&#8211; Quy c\u00e1ch \u0111\u00f3ng g\u00f3i: 300g<\/span><\/p>\n<p><span style=\"font-weight: 400\">&#8211; H\u1ea1n s\u1eed d\u1ee5ng: Xem tr\u00ean bao b\u00ec<\/span><\/p>","protected":false},"excerpt":{"rendered":"<p><span style=\"font-weight: 400\">M-ch\u1ea1o t\u00f4m \u0111\u01b0\u1ee3c ch\u1ebf bi\u1ebfn t\u1eeb th\u00e0nh ph\u1ea7n t\u00f4m t\u01b0\u01a1i, th\u1ecbt heo, c\u00e1 th\u00e1t l\u00e1t, m\u00eda, h\u00e0nh, t\u1ecfi v\u00e0 nhi\u1ec1u lo\u1ea1i gia v\u1ecb, s\u1ea3n ph\u1ea9m kh\u00f4ng ch\u1ea5t b\u1ea3o qu\u1ea3n, an to\u00e0n cho s\u1ee9c kh\u1ecfe ng\u01b0\u1eddi s\u1eed d\u1ee5ng. Ch\u1ea1o t\u00f4m c\u00f3 h\u01b0\u01a1ng v\u1ecb th\u01a1m ngon, d\u1ec5 ch\u1ebf bi\u1ebfn v\u00e0 d\u1ec5 \u0103n, \u0111\u00e2y l\u00e0 m\u1ed9t trong nh\u1eefng m\u00f3n kho\u00e1i kh\u1ea9u c\u1ee7a gi\u1edbi tr\u1ebb hi\u1ec7n nay.<\/span><\/p>","protected":false},"featured_media":16274,"comment_status":"open","ping_status":"closed","template":"","meta":[],"product_brand":[],"product_cat":[275,36],"product_tag":[],"class_list":{"0":"post-16272","1":"product","2":"type-product","3":"status-publish","4":"has-post-thumbnail","6":"product_cat-thuc-pham-dong-lanh","7":"product_cat-thuc-pham-tieu-dung","9":"first","10":"outofstock","11":"sale","12":"shipping-taxable","13":"purchasable","14":"product-type-simple"},"_links":{"self":[{"href":"https:\/\/havamall.vn\/en\/wp-json\/wp\/v2\/product\/16272"}],"collection":[{"href":"https:\/\/havamall.vn\/en\/wp-json\/wp\/v2\/product"}],"about":[{"href":"https:\/\/havamall.vn\/en\/wp-json\/wp\/v2\/types\/product"}],"replies":[{"embeddable":true,"href":"https:\/\/havamall.vn\/en\/wp-json\/wp\/v2\/comments?post=16272"}],"version-history":[{"count":0,"href":"https:\/\/havamall.vn\/en\/wp-json\/wp\/v2\/product\/16272\/revisions"}],"wp:featuredmedia":[{"embeddable":true,"href":"https:\/\/havamall.vn\/en\/wp-json\/wp\/v2\/media\/16274"}],"wp:attachment":[{"href":"https:\/\/havamall.vn\/en\/wp-json\/wp\/v2\/media?parent=16272"}],"wp:term":[{"taxonomy":"product_brand","embeddable":true,"href":"https:\/\/havamall.vn\/en\/wp-json\/wp\/v2\/product_brand?post=16272"},{"taxonomy":"product_cat","embeddable":true,"href":"https:\/\/havamall.vn\/en\/wp-json\/wp\/v2\/product_cat?post=16272"},{"taxonomy":"product_tag","embeddable":true,"href":"https:\/\/havamall.vn\/en\/wp-json\/wp\/v2\/product_tag?post=16272"}],"curies":[{"name":"wp","href":"https:\/\/api.w.org\/{rel}","templated":true}]}}