{"id":16266,"date":"2020-09-21T14:46:32","date_gmt":"2020-09-21T07:46:32","guid":{"rendered":"https:\/\/havamall.vn\/?post_type=product&#038;p=16266"},"modified":"2021-08-24T16:44:01","modified_gmt":"2021-08-24T09:44:01","slug":"m-tom-tam-com-250g","status":"publish","type":"product","link":"https:\/\/havamall.vn\/en\/shop\/m-tom-tam-com-250g\/","title":{"rendered":"M-T\u00f4m T\u1ea9m C\u1ed1m 250g &#8211; Shrimp Coated In Rice Flakes"},"content":{"rendered":"<p><span style=\"font-weight: 400;\">T\u00f4m l\u00e0 nguy\u00ean li\u1ec7u quen thu\u1ed9c, th\u01b0\u1eddng xu\u1ea5t hi\u1ec7n trong b\u1eefa \u0103n c\u1ee7a nhi\u1ec1u gia \u0111\u00ecnh Vi\u1ec7t v\u00e0 \u0111\u01b0\u1ee3c ch\u1ebf bi\u1ebfn th\u00e0nh nhi\u1ec1u m\u00f3n kh\u00e1c nhau.<\/span><\/p>\n<p><span style=\"font-weight: 400;\"><strong>M-T\u00f4m t\u1ea9m c\u1ed1m<\/strong> \u0111\u01b0\u1ee3c ch\u1ebf bi\u1ebfn t\u1eeb ngu\u1ed3n nguy\u00ean li\u1ec7u \u0111\u01b0\u1ee3c ch\u1ecdn l\u1ecdc k\u0129 c\u00e0ng, \u0111\u1ea3m b\u1ea3o mang \u0111\u1ebfn tay ng\u01b0\u1eddi ti\u00eau d\u00f9ng s\u1ea3n ph\u1ea9m ch\u1ea5t l\u01b0\u1ee3ng cao, cung c\u1ea5p \u0111\u1ea7y \u0111\u1ee7 dinh d\u01b0\u1ee1ng cho b\u1eefa \u0103n trong gia \u0111\u00ecnh.\u00a0<\/span><\/p>\n<p><span style=\"font-weight: 400;\">S\u1ea3n ph\u1ea9m t\u00f4m t\u1ea9m c\u1ed1m kh\u00f4ng ch\u1ec9 cung c\u1ea5p \u0111\u1ea7y \u0111\u1ee7 ch\u1ea5t dinh d\u01b0\u1ee1ng cho b\u1eefa \u0103n m\u00e0 c\u00f2n c\u00f3 h\u01b0\u01a1ng v\u1ecb th\u01a1m ngon, h\u1ea5p d\u1eabn, k\u00edch th\u00edch v\u1ecb gi\u00e1c.\u00a0<\/span><\/p>\n<p><img decoding=\"async\" class=\"aligncenter\" src=\"https:\/\/havamall.vn\/wp-content\/uploads\/2020\/09\/unnamed-9.png\" alt=\"T\u00f4m chi\u00ean c\u1ed1m xanh \u0111\u01a1n gi\u1ea3n l\u1ea1 mi\u1ec7ng - M\u00f3n ngon m\u1ed7i ng\u00e0y\" \/><\/p>\n<p><span style=\"font-weight: 400;\">S\u1ea3n ph\u1ea9m kh\u00f4ng s\u1eed d\u1ee5ng ph\u1ee5 gia, ch\u1ea5t t\u1ea1o m\u00e0u, ch\u1ea5t b\u1ea3o qu\u1ea3n \u0111\u1ed9c h\u1ea1i, ph\u00f9 h\u1ee3p v\u1edbi m\u1ecdi b\u1eefa \u0103n trong gia \u0111\u00ecnh.\u00a0<\/span><\/p>\n<p><span style=\"font-weight: 400;\">M-t\u00f4m t\u1ea9m \u0111\u01b0\u1ee3c \u0111\u00f3ng g\u00f3i k\u00edn \u0111\u00e1o, d\u1ec5 s\u1eed d\u1ee5ng v\u00e0 b\u1ea3o qu\u1ea3n, gi\u00fap r\u00fat ng\u1eafn \u0111\u01b0\u1ee3c th\u1eddi gian ch\u1ebf bi\u1ebfn. Ch\u1ec9 c\u1ea7n r\u00e3 \u0111\u00f4ng t\u1ef1 nhi\u00ean, sau \u0111\u00f3 r\u00e1n ng\u1eadp trong d\u1ea7u \u0103n \u0111un s\u00f4i, v\u1edbt ra \u0111\u1ec3 r\u00e1o d\u1ea7u l\u00e0 \u0111\u00e3 s\u1eb5n s\u00e0ng cho m\u1ed9t m\u00f3n \u0103n h\u1ea5p d\u1eabn, b\u1ed5 d\u01b0\u1ee1ng.<\/span><\/p>\n<p><img fetchpriority=\"high\" decoding=\"async\" class=\"aligncenter\" src=\"https:\/\/havamall.vn\/wp-content\/uploads\/2020\/09\/tom-the.jpg\" alt=\"T\u00f4m Th\u1ebb 60 - Th\u1ef1c Ph\u1ea9m T\u1ea5n T\u00e0i\" width=\"536\" height=\"357\" \/><\/p>\n<p><span style=\"font-weight: 400;\">T\u00f4m t\u1ea9m c\u1ed1m sau khi chi\u00ean c\u00f3 th\u1ec3 <\/span><span style=\"font-weight: 400;\">d\u00f9ng chung v\u1edbi s\u1ed1t mayonnaise, n\u01b0\u1edbc t\u01b0\u01a1ng hay t\u01b0\u01a1ng \u1edbt \u0111\u1ec3 m\u00f3n \u0103n th\u00eam h\u1ea5p d\u1eabn v\u00e0 ngon h\u01a1n khi \u0103n n\u00f3ng.<\/span><\/p>\n<p><img decoding=\"async\" class=\"aligncenter\" src=\"https:\/\/havamall.vn\/wp-content\/uploads\/2020\/09\/0b75e990-8832-11e9-a1fb-53794e81f4ad.jpg\" alt=\"T\u00f4m t\u1ea9m c\u1ed1m xanh 200gr gi\u00e1 s\u1ec9 - gi\u00e1 b\u00e1n bu\u00f4n | 2V Foodshop - 0769774029\" width=\"529\" height=\"397\" \/><\/p>\n<p><span style=\"font-weight: 400;\">&#8211; Th\u00e0nh ph\u1ea7n: T\u00f4m, c\u1ed1m, tinh b\u1ed9t bi\u1ebfn t\u00ednh, mu\u1ed1i, \u0111\u01b0\u1eddng, ti\u00eau,&#8230;<\/span><\/p>\n<p>&#8211; Xu\u1ea5t x\u1ee9: Vi\u1ec7t Nam<\/p>\n<p><span style=\"font-weight: 400;\">&#8211; H\u01b0\u1edbng d\u1eabn s\u1eed d\u1ee5ng: R\u00e3 \u0111\u00f4ng t\u1ef1 nhi\u00ean ho\u1eb7c trong l\u00f2 vi s\u00f3ng. Chi\u00ean \u1edf nhi\u1ec7t \u0111\u1ed9 140 \u0111\u1ed9 C<\/span><\/p>\n<p><span style=\"font-weight: 400;\">&#8211; H\u01b0\u1edbng d\u1eabn b\u1ea3o qu\u1ea3n: B\u1ea3o qu\u1ea3n \u1edf nhi\u1ec7t \u0111\u1ed9 kho\u1ea3ng -18 \u0111\u1ed9 C ho\u1eb7c trong ng\u0103n \u0111\u00e1 t\u1ee7 l\u1ea1nh<\/span><\/p>\n<p><span style=\"font-weight: 400;\">&#8211; Quy c\u00e1ch \u0111\u00f3ng g\u00f3i: 250g<\/span><\/p>\n<p><span style=\"font-weight: 400;\">&#8211; H\u1ea1n s\u1eed d\u1ee5ng: Xem tr\u00ean bao b\u00ec<\/span><\/p>","protected":false},"excerpt":{"rendered":"<p><span style=\"font-weight: 400;\">M-T\u00f4m t\u1ea9m c\u1ed1m \u0111\u01b0\u1ee3c ch\u1ebf bi\u1ebfn t\u1eeb ngu\u1ed3n nguy\u00ean li\u1ec7u \u0111\u01b0\u1ee3c ch\u1ecdn l\u1ecdc k\u0129 c\u00e0ng, \u0111\u1ea3m b\u1ea3o mang \u0111\u1ebfn tay ng\u01b0\u1eddi ti\u00eau d\u00f9ng s\u1ea3n ph\u1ea9m ch\u1ea5t l\u01b0\u1ee3ng cao, cung c\u1ea5p \u0111\u1ea7y \u0111\u1ee7 dinh d\u01b0\u1ee1ng cho b\u1eefa \u0103n. <\/span><\/p>\n<p><span style=\"font-weight: 400;\">S\u1ea3n ph\u1ea9m kh\u00f4ng s\u1eed d\u1ee5ng ph\u1ee5 gia, ch\u1ea5t t\u1ea1o m\u00e0u, ch\u1ea5t b\u1ea3o qu\u1ea3n \u0111\u1ed9c h\u1ea1i, ph\u00f9 h\u1ee3p v\u1edbi m\u1ecdi b\u1eefa \u0103n trong gia \u0111\u00ecnh.\u00a0<\/span><\/p>","protected":false},"featured_media":16269,"comment_status":"open","ping_status":"closed","template":"","meta":[],"product_brand":[],"product_cat":[275,36],"product_tag":[],"class_list":{"0":"post-16266","1":"product","2":"type-product","3":"status-publish","4":"has-post-thumbnail","6":"product_cat-thuc-pham-dong-lanh","7":"product_cat-thuc-pham-tieu-dung","9":"first","10":"outofstock","11":"sale","12":"shipping-taxable","13":"purchasable","14":"product-type-simple"},"_links":{"self":[{"href":"https:\/\/havamall.vn\/en\/wp-json\/wp\/v2\/product\/16266"}],"collection":[{"href":"https:\/\/havamall.vn\/en\/wp-json\/wp\/v2\/product"}],"about":[{"href":"https:\/\/havamall.vn\/en\/wp-json\/wp\/v2\/types\/product"}],"replies":[{"embeddable":true,"href":"https:\/\/havamall.vn\/en\/wp-json\/wp\/v2\/comments?post=16266"}],"version-history":[{"count":0,"href":"https:\/\/havamall.vn\/en\/wp-json\/wp\/v2\/product\/16266\/revisions"}],"wp:featuredmedia":[{"embeddable":true,"href":"https:\/\/havamall.vn\/en\/wp-json\/wp\/v2\/media\/16269"}],"wp:attachment":[{"href":"https:\/\/havamall.vn\/en\/wp-json\/wp\/v2\/media?parent=16266"}],"wp:term":[{"taxonomy":"product_brand","embeddable":true,"href":"https:\/\/havamall.vn\/en\/wp-json\/wp\/v2\/product_brand?post=16266"},{"taxonomy":"product_cat","embeddable":true,"href":"https:\/\/havamall.vn\/en\/wp-json\/wp\/v2\/product_cat?post=16266"},{"taxonomy":"product_tag","embeddable":true,"href":"https:\/\/havamall.vn\/en\/wp-json\/wp\/v2\/product_tag?post=16266"}],"curies":[{"name":"wp","href":"https:\/\/api.w.org\/{rel}","templated":true}]}}