{"id":16231,"date":"2020-09-18T10:27:08","date_gmt":"2020-09-18T03:27:08","guid":{"rendered":"https:\/\/havamall.vn\/?post_type=product&#038;p=16231"},"modified":"2023-06-09T10:52:16","modified_gmt":"2023-06-09T03:52:16","slug":"chanh-vang-xat-lat-say-kho-goi-10gr-dried-lemon-slices","status":"publish","type":"product","link":"https:\/\/havamall.vn\/en\/shop\/chanh-vang-xat-lat-say-kho-goi-10gr-dried-lemon-slices\/","title":{"rendered":"Chanh V\u00e0ng X\u1eaft L\u00e1t S\u1ea5y Kh\u00f4 G\u00f3i 10gr &#8211; Dried Lemon Slices"},"content":{"rendered":"<p>Chanh v\u00e0ng (hay c\u00f2n g\u1ecdi l\u00e0 chanh t\u00e2y) c\u00f3 h\u00ecnh b\u1ea7u d\u1ee5c v\u00e0 m\u00e0u v\u00e0ng r\u1ea5t \u0111\u1eb9p m\u1eaft. Trong n\u01b0\u1edbc chanh c\u00f3 ch\u1ee9a kho\u1ea3ng 5% \u0111\u1ebfn 6% acid citric, l\u00e0m cho chanh c\u00f3 v\u1ecb chua r\u1ea5t \u0111\u1eb7c tr\u01b0ng. Chanh v\u00e0ng th\u01b0\u1eddng \u0111\u01b0\u1ee3c ch\u1ebf bi\u1ebfn v\u00e0 s\u1eed d\u1ee5ng theo nhi\u1ec1u c\u00e1ch kh\u00e1c nhau trong \u0111\u1eddi s\u1ed1ng nh\u01b0: d\u00f9ng \u0111\u1ec3 trang tr\u00ed m\u00f3n \u0103n, t\u1ea1o v\u1ecb chua cho \u0111\u1ed3 \u0103n,&#8230;<\/p>\n<p>Chanh v\u00e0ng c\u00f3 ch\u1ee9a h\u00e0m l\u01b0\u1ee3ng vitamin C\u00a0r\u1ea5t cao v\u00e0 r\u1ea5t gi\u00e0u Kali, Vitamin B6, nh\u1eefng lo\u1ea1i kho\u00e1ng ch\u1ea5t c\u00f3 l\u1ee3i cho s\u1ee9c kh\u1ecfe. H\u00e0m l\u01b0\u1ee3ng Vitamin C c\u1ee7a chanh v\u00e0ng chi\u1ebfm 64% th\u00e0nh ph\u1ea7n qu\u1ea3 chanh.<\/p>\n<p><img fetchpriority=\"high\" decoding=\"async\" class=\"alignnone wp-image-16232 aligncenter\" src=\"https:\/\/havamall.vn\/wp-content\/uploads\/2020\/09\/CHANH-S\u1ea4Y-10-300x300.jpg\" alt=\"\" width=\"800\" height=\"800\" srcset=\"https:\/\/havamall.vn\/wp-content\/uploads\/2020\/09\/CHANH-S\u1ea4Y-10-300x300.jpg 300w, https:\/\/havamall.vn\/wp-content\/uploads\/2020\/09\/CHANH-S\u1ea4Y-10-430x430.jpg 430w, https:\/\/havamall.vn\/wp-content\/uploads\/2020\/09\/CHANH-S\u1ea4Y-10-150x150.jpg 150w, https:\/\/havamall.vn\/wp-content\/uploads\/2020\/09\/CHANH-S\u1ea4Y-10-700x700.jpg 700w, https:\/\/havamall.vn\/wp-content\/uploads\/2020\/09\/CHANH-S\u1ea4Y-10-768x768.jpg 768w, https:\/\/havamall.vn\/wp-content\/uploads\/2020\/09\/CHANH-S\u1ea4Y-10-600x600.jpg 600w, https:\/\/havamall.vn\/wp-content\/uploads\/2020\/09\/CHANH-S\u1ea4Y-10-100x100.jpg 100w, https:\/\/havamall.vn\/wp-content\/uploads\/2020\/09\/CHANH-S\u1ea4Y-10.jpg 800w\" sizes=\"(max-width: 800px) 100vw, 800px\" \/><\/p>\n<p>Ng\u00e0y nay, th\u1ef1c ph\u1ea9m s\u1ea5y kh\u00f4 th\u01b0\u1eddng \u0111\u01b0\u1ee3c \u01b0a chu\u1ed9ng, b\u1edfi n\u00f3 thu\u1eadn ti\u1ec7n trong vi\u1ec7c b\u1ea3o qu\u1ea3n, l\u01b0u tr\u1eef v\u00e0 s\u1eed d\u1ee5ng. Ch\u00ednh v\u00ec l\u1ebd \u0111\u00f3, chanh v\u00e0ng s\u1ea5y kh\u00f4 nay \u0111\u00e3 \u0111\u01b0\u1ee3c Havamall nh\u1eadp kh\u1ea9u \u0111\u1ec3 ph\u1ee5c v\u1ee5 qu\u00fd kh\u00e1ch h\u00e0ng.<\/p>\n<p>S\u1ea5y kh\u00f4 l\u00e0 m\u1ed9t trong nh\u1eefng quy tr\u00ecnh gi\u00fap l\u00e0m ch\u1eadm s\u1ef1 h\u1ecfng m\u1ed1c \u0111\u1ec3 th\u1ef1c ph\u1ea9m c\u00f3 th\u1eddi gian s\u1eed d\u1ee5ng l\u00e2u h\u01a1n m\u00e0 kh\u00f4ng l\u00e0m m\u1ea5t \u0111i c\u00e1c gi\u00e1 tr\u1ecb dinh d\u01b0\u1ee1ng t\u1ef1 nhi\u00ean. Chanh v\u00e0ng s\u1ea5y kh\u00f4 \u0111\u01b0\u1ee3c t\u1ea1o ra t\u1eeb nh\u1eefng tr\u00e1i chanh v\u00e0ng t\u01b0\u01a1i ngon ch\u1ea5t l\u01b0\u1ee3ng nh\u1ea5t, \u0111\u01b0\u1ee3c th\u00e1i l\u00e1t v\u00e0 s\u1ea5y kh\u00f4 tr\u00ean d\u00e2y chuy\u1ec1n c\u00f4ng ngh\u1ec7 hi\u1ec7n \u0111\u1ea1i \u0111\u1ea3m b\u1ea3o ch\u1ea5t l\u01b0\u1ee3ng v\u00e0 gi\u1eef nguy\u00ean ch\u1ea5t dinh d\u01b0\u1ee1ng v\u1ed1n c\u00f3 c\u1ee7a n\u00f3.<\/p>\n<p><img decoding=\"async\" class=\"wp-image-16233 aligncenter\" src=\"https:\/\/havamall.vn\/wp-content\/uploads\/2020\/09\/CHANH-S\u1ea4Y-4-300x217.jpg\" alt=\"\" width=\"800\" height=\"579\" srcset=\"https:\/\/havamall.vn\/wp-content\/uploads\/2020\/09\/CHANH-S\u1ea4Y-4-300x217.jpg 300w, https:\/\/havamall.vn\/wp-content\/uploads\/2020\/09\/CHANH-S\u1ea4Y-4-430x311.jpg 430w, https:\/\/havamall.vn\/wp-content\/uploads\/2020\/09\/CHANH-S\u1ea4Y-4-150x109.jpg 150w, https:\/\/havamall.vn\/wp-content\/uploads\/2020\/09\/CHANH-S\u1ea4Y-4-700x507.jpg 700w, https:\/\/havamall.vn\/wp-content\/uploads\/2020\/09\/CHANH-S\u1ea4Y-4-768x556.jpg 768w, https:\/\/havamall.vn\/wp-content\/uploads\/2020\/09\/CHANH-S\u1ea4Y-4-1024x741.jpg 1024w, https:\/\/havamall.vn\/wp-content\/uploads\/2020\/09\/CHANH-S\u1ea4Y-4-1200x868.jpg 1200w, https:\/\/havamall.vn\/wp-content\/uploads\/2020\/09\/CHANH-S\u1ea4Y-4-600x434.jpg 600w\" sizes=\"(max-width: 800px) 100vw, 800px\" \/><\/p>\n<h1>C\u00f4ng d\u1ee5ng c\u1ee7a Chanh v\u00e0ng<\/h1>\n<p>Chanh v\u00e0ng s\u1ea5y kh\u00f4 \u0111\u01b0\u1ee3c d\u00f9ng nhi\u1ec1u nh\u1ea5t trong vi\u1ec7c l\u00e0m tr\u00e0. Tr\u00e0 chanh v\u00e0ng s\u1ebd gi\u00fap b\u1ea1n gi\u1ea3m c\u0103ng th\u1eb3ng, lo \u00e2u v\u00e0 s\u1ee9c kh\u1ecfe c\u0169ng \u0111\u01b0\u1ee3c c\u1ea3i thi\u00ean. Khi b\u1ea1n m\u1ec7t m\u1ecfi hay b\u1ecb m\u1ea5t n\u01b0\u1edbc, h\u01b0\u01a1ng v\u1ecb th\u01a1m ngon v\u00e0 l\u00e0nh t\u00ednh c\u1ee7a tr\u00e0 chanh v\u00e0ng s\u1ebd mang \u0111\u1ebfn nhi\u1ec1u l\u1ee3i \u00edch r\u1ea5t b\u1ea5t ng\u1edd.<\/p>\n<ul>\n<li><em><strong>Cho l\u00e0n da t\u01b0\u01a1i s\u00e1ng:<\/strong><\/em> Tr\u00e0 chanh v\u00e0ng b\u1ed5 sung vitamin C gi\u00fap gi\u1ea3i tr\u1eeb \u0111\u1ed9c t\u1ed1 trong m\u00e1u ra kh\u1ecfi c\u01a1 th\u1ec3, gi\u1eef l\u00e0n da c\u1ee7a b\u1ea1n t\u01b0\u01a1i s\u00e1ng v\u00e0 gi\u1ea3m c\u00e1c n\u1ebfp nh\u0103n.<\/li>\n<li><strong><em>C\u00e2n b\u1eb1ng pH c\u1ee7a c\u01a1 th\u1ec3:<\/em><\/strong> Tr\u00e0 chanh v\u00e0ng c\u00f3 h\u00e0m l\u01b0\u1ee3ng axit cao, s\u1ebd t\u1ea1o ra ph\u1ea3n \u1ee9ng ki\u1ec1m h\u00f3a gi\u00fap \u0111\u1ea9y l\u00f9i b\u1ec7nh t\u1eadt v\u00e0 ti\u00eau di\u1ec7t m\u1ea7m b\u1ec7nh c\u00f2n b\u00e1m tr\u1ee5 trong c\u01a1 th\u1ec3.<\/li>\n<\/ul>\n<p><img decoding=\"async\" class=\"alignnone wp-image-16234 aligncenter\" src=\"https:\/\/havamall.vn\/wp-content\/uploads\/2020\/09\/CHANH-S\u1ea4Y-11-300x200.jpg\" alt=\"\" width=\"800\" height=\"533\" srcset=\"https:\/\/havamall.vn\/wp-content\/uploads\/2020\/09\/CHANH-S\u1ea4Y-11-300x200.jpg 300w, https:\/\/havamall.vn\/wp-content\/uploads\/2020\/09\/CHANH-S\u1ea4Y-11-430x287.jpg 430w, https:\/\/havamall.vn\/wp-content\/uploads\/2020\/09\/CHANH-S\u1ea4Y-11-150x100.jpg 150w, https:\/\/havamall.vn\/wp-content\/uploads\/2020\/09\/CHANH-S\u1ea4Y-11-700x467.jpg 700w, https:\/\/havamall.vn\/wp-content\/uploads\/2020\/09\/CHANH-S\u1ea4Y-11-768x512.jpg 768w, https:\/\/havamall.vn\/wp-content\/uploads\/2020\/09\/CHANH-S\u1ea4Y-11-600x400.jpg 600w, https:\/\/havamall.vn\/wp-content\/uploads\/2020\/09\/CHANH-S\u1ea4Y-11.jpg 850w\" sizes=\"(max-width: 800px) 100vw, 800px\" \/><\/p>\n<ul>\n<li><strong><em>T\u0103ng c\u01b0\u1eddng h\u1ec7 th\u1ed1ng mi\u1ec5n d\u1ecbch:<\/em><\/strong> Kali trong tr\u00e0 chanh gi\u00fap ki\u1ec3m so\u00e1t huy\u1ebft \u00e1p, k\u00edch th\u00edch n\u00e3o b\u1ed9 v\u00e0 \u0111\u1ea3m b\u1ea3o ho\u1ea1t \u0111\u1ed9ng ch\u1ee9c n\u0103ng th\u1ea7n kinh. B\u00ean c\u1ea1nh \u0111\u00f3, vitamin C trong tr\u00e0 chanh v\u00e0ng c\u00f2n l\u00e0m \u201cnhi\u1ec7m v\u1ee5\u201d ch\u1ed1ng ch\u1ecdi v\u1edbi b\u1ec7nh c\u1ea3m c\u00fam. M\u1ed9t ch\u00fat n\u01b0\u1edbc \u1ea5m pha v\u1edbi v\u00e0i l\u00e1t chanh v\u00e0ng v\u00e0 th\u00eam m\u1eadt ong s\u1ebd l\u00e0 \u0111\u1ed3 u\u1ed1ng nhanh ch\u00f3ng gi\u00fap b\u1ea1n h\u1ed3i ph\u1ee5c khi b\u1ecb c\u1ea3m.<\/li>\n<li><strong><em>Gi\u1ea3m c\u00e2n:<\/em><\/strong> Tr\u00e0 chanh v\u00e0ng l\u00e0 tr\u1ee3 th\u1ee7 \u0111\u1eafc l\u1ef1c trong chi\u1ebfn d\u1ecbch c\u1ea3i thi\u1ec7n s\u1ed1 \u0111o c\u01a1 th\u1ec3 c\u1ee7a b\u1ea1n. Th\u00fac \u0111\u1ea9y qu\u00e1 tr\u00ecnh trao \u0111\u1ed5i ch\u1ea5t, ng\u0103n ch\u1eb7n c\u00e1c c\u01a1n th\u00e8m \u0103n v\u00e0 gi\u1eef n\u01b0\u1edbc \u0111\u1ea7y \u0111\u1ee7 l\u00e0 m\u1ed9t s\u1ed1 l\u1ee3i \u00edch m\u00e0 n\u01b0\u1edbc chanh mang l\u1ea1i.<\/li>\n<li><strong><em>Gi\u1ea3i quy\u1ebft c\u1ea3m gi\u00e1c bu\u1ed3n n\u00f4n:<\/em><\/strong> M\u1ed9t c\u1ed1c tr\u00e0 chanh v\u00e0ng \u1ea5m c\u00f3 t\u00e1c d\u1ee5ng nh\u01b0 m\u1ed9t ch\u1ea5t kh\u1eed tr\u00f9ng, s\u1ebd l\u00e0m d\u1ecbu d\u1ea1 d\u00e0y \u0111ang b\u1ecb k\u00edch th\u00edch c\u1ee7a b\u1ea1n, v\u00ed d\u1ee5 sau khi u\u1ed1ng r\u01b0\u1ee3u, c\u1ed1c n\u01b0\u1edbc chanh s\u1ebd tr\u1edf n\u00ean r\u1ea5t tuy\u1ec7t.<\/li>\n<\/ul>\n<p><img loading=\"lazy\" decoding=\"async\" class=\"alignnone wp-image-16235 aligncenter\" src=\"https:\/\/havamall.vn\/wp-content\/uploads\/2020\/09\/CHANH-S\u1ea4Y-7-300x200.jpg\" alt=\"\" width=\"800\" height=\"533\" srcset=\"https:\/\/havamall.vn\/wp-content\/uploads\/2020\/09\/CHANH-S\u1ea4Y-7-300x200.jpg 300w, https:\/\/havamall.vn\/wp-content\/uploads\/2020\/09\/CHANH-S\u1ea4Y-7-430x287.jpg 430w, https:\/\/havamall.vn\/wp-content\/uploads\/2020\/09\/CHANH-S\u1ea4Y-7-150x100.jpg 150w, https:\/\/havamall.vn\/wp-content\/uploads\/2020\/09\/CHANH-S\u1ea4Y-7-700x467.jpg 700w, https:\/\/havamall.vn\/wp-content\/uploads\/2020\/09\/CHANH-S\u1ea4Y-7-768x512.jpg 768w, https:\/\/havamall.vn\/wp-content\/uploads\/2020\/09\/CHANH-S\u1ea4Y-7-600x400.jpg 600w, https:\/\/havamall.vn\/wp-content\/uploads\/2020\/09\/CHANH-S\u1ea4Y-7.jpg 1000w\" sizes=\"(max-width: 800px) 100vw, 800px\" \/><\/p>\n<h1>H\u01b0\u1edbng d\u1eabn s\u1eed d\u1ee5ng v\u00e0 b\u1ea3o qu\u1ea3n<\/h1>\n<p>B\u1ea5t c\u1ee9 khi n\u00e0o b\u1ea1n c\u1ea7n, ch\u1ec9 c\u1ea7n ng\u00e2m l\u00e1t chanh trong n\u01b0\u1edbc \u1ea5m ho\u1eb7c pha m\u1ed9t ly tr\u00e0 hoa th\u1ea3o m\u1ed9c An Tr\u00e0 sau \u0111\u00f3 \u0111\u1ee3i n\u01b0\u1edbc chuy\u1ec3n qua \u1ea5m, th\u1ea3 v\u00e0i l\u00e1t chanh v\u00e0o l\u00e0 s\u1ebd \u0111\u01b0\u1ee3c m\u1ed9t l\u00fd tr\u00e0 chanh th\u01a1m ngon.<\/p>\n<h4><strong><em>*L\u01b0u \u00fd<\/em><\/strong><\/h4>\n<p>&#8211; Kh\u00f4ng cho chanh v\u00e0o khi n\u01b0\u1edbc c\u00f2n n\u00f3ng v\u00ec s\u1ebd l\u00e0m tr\u00e0 b\u1ecb \u0111\u1eafng.<\/p>\n<p>&#8211; C\u00f3 th\u1ec3 pha c\u00f9ng c\u00e1c lo\u1ea1i tr\u00e0 xanh, tr\u00e0 \u0111en (tr\u00e0 oolong, shan tuy\u1ebft, tr\u00e0 l\u00e0i, tr\u00e0 sen\u2026) ho\u1eb7c c\u00e1c lo\u1ea1i tr\u00e0 th\u1ea3o m\u1ed9c ho\u1eb7c ng\u00e2m c\u00f9ng m\u1eadt ong l\u00e0m thu\u1ed1c.<\/p>\n<p>*Tr\u00e1nh n\u01a1i \u1ea9m th\u1ea5p, nhi\u1ec7t \u0111\u1ed9 cao v\u00e0 \u00e1nh s\u00e1ng tr\u1ef1c ti\u1ebfp. \u0110\u1ec3 c\u00f3 ch\u1ea5t l\u01b0\u1ee3ng t\u1ed1t nh\u1ea5t, xin s\u1eed d\u1ee5ng ngay trong v\u00f2ng 3 th\u00e1ng k\u1ec3 t\u1eeb l\u1ea7n \u0111\u1ea7u m\u1edf t\u00fai.<\/p>\n<p><img loading=\"lazy\" decoding=\"async\" class=\"alignnone wp-image-16236 aligncenter\" src=\"https:\/\/havamall.vn\/wp-content\/uploads\/2020\/09\/CHANH-S\u1ea4Y-8-300x184.jpg\" alt=\"\" width=\"800\" height=\"490\" srcset=\"https:\/\/havamall.vn\/wp-content\/uploads\/2020\/09\/CHANH-S\u1ea4Y-8-300x184.jpg 300w, https:\/\/havamall.vn\/wp-content\/uploads\/2020\/09\/CHANH-S\u1ea4Y-8-430x264.jpg 430w, https:\/\/havamall.vn\/wp-content\/uploads\/2020\/09\/CHANH-S\u1ea4Y-8-150x92.jpg 150w, https:\/\/havamall.vn\/wp-content\/uploads\/2020\/09\/CHANH-S\u1ea4Y-8-700x430.jpg 700w, https:\/\/havamall.vn\/wp-content\/uploads\/2020\/09\/CHANH-S\u1ea4Y-8-600x368.jpg 600w, https:\/\/havamall.vn\/wp-content\/uploads\/2020\/09\/CHANH-S\u1ea4Y-8.jpg 855w\" sizes=\"(max-width: 800px) 100vw, 800px\" \/><\/p>","protected":false},"excerpt":{"rendered":"<p>Chanh v\u00e0ng s\u1ea5y kh\u00f4 \u0111\u01b0\u1ee3c t\u1ea1o ra t\u1eeb nh\u1eefng tr\u00e1i chanh v\u00e0ng t\u01b0\u01a1i ngon nh\u1ea5t nh\u1eadp kh\u1ea9u t\u1eeb M\u1ef9, \u0111\u01b0\u1ee3c th\u00e1i l\u00e1t v\u00e0 s\u1ea5y kh\u00f4 tr\u00ean d\u00e2y chuy\u1ec1n c\u00f4ng ngh\u1ec7 hi\u1ec7n \u0111\u1ea1i \u0111\u1ea3m b\u1ea3o ch\u1ea5t l\u01b0\u1ee3ng v\u00e0 gi\u1eef nguy\u00ean ch\u1ea5t dinh d\u01b0\u1ee1ng v\u1ed1n c\u00f3 c\u1ee7a n\u00f3.<\/p>\n<p>Ch\u1ec9 c\u1ea7n ng\u00e2m l\u00e1t chanh trong n\u01b0\u1edbc \u1ea5m ho\u1eb7c, th\u1ea3 v\u00e0i l\u00e1t chanh v\u00e0o l\u00e0 s\u1ebd \u0111\u01b0\u1ee3c m\u1ed9t l\u00fd tr\u00e0 chanh th\u01a1m ngon. u\u1ed1ng v\u1edbi m\u1eadt ong s\u1ebd ngon h\u01a1n.<\/p>\n<p>Chanh v\u00e0ng s\u1ea5y kh\u00f4 \u0111\u01b0\u1ee3c \u0111\u00f3ng v\u00e0o t\u00fai zipper hi\u1ec7n \u0111\u1ea1i v\u00e0 thu\u1eadn ti\u1ec7n, d\u1ec5 b\u1ea3o qu\u1ea3n, th\u00e2n thi\u1ec7n v\u1edbi m\u00f4i tr\u01b0\u1eddng v\u1edbi m\u1eabu m\u00e3 bao b\u00ec \u0111\u1eb9p m\u1eaft.<\/p>","protected":false},"featured_media":16447,"comment_status":"open","ping_status":"closed","template":"","meta":[],"product_brand":[],"product_cat":[595,36,134],"product_tag":[],"class_list":{"0":"post-16231","1":"product","2":"type-product","3":"status-publish","4":"has-post-thumbnail","6":"product_cat-gia-vi-va-che-bien","7":"product_cat-thuc-pham-tieu-dung","8":"product_cat-thucpham-saykho","9":"pa_brand-skx","11":"first","12":"instock","13":"sale","14":"shipping-taxable","15":"purchasable","16":"product-type-variable"},"_links":{"self":[{"href":"https:\/\/havamall.vn\/en\/wp-json\/wp\/v2\/product\/16231"}],"collection":[{"href":"https:\/\/havamall.vn\/en\/wp-json\/wp\/v2\/product"}],"about":[{"href":"https:\/\/havamall.vn\/en\/wp-json\/wp\/v2\/types\/product"}],"replies":[{"embeddable":true,"href":"https:\/\/havamall.vn\/en\/wp-json\/wp\/v2\/comments?post=16231"}],"version-history":[{"count":0,"href":"https:\/\/havamall.vn\/en\/wp-json\/wp\/v2\/product\/16231\/revisions"}],"wp:featuredmedia":[{"embeddable":true,"href":"https:\/\/havamall.vn\/en\/wp-json\/wp\/v2\/media\/16447"}],"wp:attachment":[{"href":"https:\/\/havamall.vn\/en\/wp-json\/wp\/v2\/media?parent=16231"}],"wp:term":[{"taxonomy":"product_brand","embeddable":true,"href":"https:\/\/havamall.vn\/en\/wp-json\/wp\/v2\/product_brand?post=16231"},{"taxonomy":"product_cat","embeddable":true,"href":"https:\/\/havamall.vn\/en\/wp-json\/wp\/v2\/product_cat?post=16231"},{"taxonomy":"product_tag","embeddable":true,"href":"https:\/\/havamall.vn\/en\/wp-json\/wp\/v2\/product_tag?post=16231"}],"curies":[{"name":"wp","href":"https:\/\/api.w.org\/{rel}","templated":true}]}}