{"id":16205,"date":"2020-09-17T18:05:18","date_gmt":"2020-09-17T11:05:18","guid":{"rendered":"https:\/\/havamall.vn\/?post_type=product&#038;p=16205"},"modified":"2023-06-05T17:28:48","modified_gmt":"2023-06-05T10:28:48","slug":"hac-xi-dau-huong-nam-hai-thien-500ml-superior-mushroom-soy-sauce","status":"publish","type":"product","link":"https:\/\/havamall.vn\/en\/shop\/hac-xi-dau-huong-nam-hai-thien-500ml-superior-mushroom-soy-sauce\/","title":{"rendered":"H\u1eafc X\u00ec D\u1ea7u H\u01b0\u01a1ng N\u1ea5m H\u1ea3i Thi\u00ean 500ml &#8211; Superior Mushroom Soy sauce"},"content":{"rendered":"<p><span style=\"font-weight: 400;\">H\u1eafc x\u00ec d\u1ea7u c\u00f2n \u0111\u01b0\u1ee3c bi\u1ebft \u0111\u1ebfn v\u1edbi t\u00ean g\u1ecdi l\u00e0 n\u01b0\u1edbc t\u01b0\u01a1ng \u0111en hay x\u00ec d\u1ea7u ng\u1ecdt, \u0111\u01b0\u1ee3c xem l\u00e0 m\u1ed9t lo\u1ea1i gia v\u1ecb ch\u00ednh trong c\u00e1c m\u00f3n \u0103n. S\u1ea3n ph\u1ea9m \u0111\u01b0\u1ee3c s\u1ea3n xu\u1ea5t tr\u00ean d\u00e2y chuy\u1ec1n c\u00f4ng ngh\u1ec7 ho\u00e0n to\u00e0n m\u1edbi tu\u00e2n th\u1ee7 nghi\u00eam ng\u1eb7t c\u00e1c quy \u0111\u1ecbnh v\u1ec1 an to\u00e0n th\u1ef1c ph\u1ea9m theo quy \u0111\u1ecbnh ph\u00e1p lu\u1eadt n\u00ean r\u1ea5t an to\u00e0n cho s\u1ee9c kh\u1ecfe.<\/span><\/p>\n<p><img fetchpriority=\"high\" decoding=\"async\" class=\"wp-image-17205 aligncenter\" src=\"https:\/\/havamall.vn\/wp-content\/uploads\/2020\/09\/h\u00ecnh-1.jpg\" alt=\"\" width=\"549\" height=\"549\" srcset=\"https:\/\/havamall.vn\/wp-content\/uploads\/2020\/09\/h\u00ecnh-1.jpg 800w, https:\/\/havamall.vn\/wp-content\/uploads\/2020\/09\/h\u00ecnh-1-430x430.jpg 430w, https:\/\/havamall.vn\/wp-content\/uploads\/2020\/09\/h\u00ecnh-1-150x150.jpg 150w, https:\/\/havamall.vn\/wp-content\/uploads\/2020\/09\/h\u00ecnh-1-700x700.jpg 700w, https:\/\/havamall.vn\/wp-content\/uploads\/2020\/09\/h\u00ecnh-1-300x300.jpg 300w, https:\/\/havamall.vn\/wp-content\/uploads\/2020\/09\/h\u00ecnh-1-768x768.jpg 768w, https:\/\/havamall.vn\/wp-content\/uploads\/2020\/09\/h\u00ecnh-1-600x600.jpg 600w, https:\/\/havamall.vn\/wp-content\/uploads\/2020\/09\/h\u00ecnh-1-100x100.jpg 100w\" sizes=\"(max-width: 549px) 100vw, 549px\" \/><\/p>\n<p><strong>C\u00f4ng D\u1ee5ng C\u1ee7a H\u1eafc X\u00ec D\u1ea7u<\/strong><\/p>\n<p><span style=\"font-weight: 400;\">\u2013 H\u1eafc x\u00ec d\u1ea7u l\u00e0 m\u1ed9t lo\u1ea1i gia v\u1ecb d\u00f9ng \u0111\u1ec3 t\u1ea9m \u01b0\u1edbp th\u1ef1c ph\u1ea9m hay d\u00f9ng n\u00eam n\u1ebfm c\u00e1c m\u00f3n \u0103n nh\u1eb1m m\u1ee5c \u0111\u00edch gi\u00fap cho m\u00f3n \u0103n ngon v\u00e0 h\u1ea5p d\u1eabn h\u01a1n c\u1ea3 v\u1ec1 ch\u1ea5t l\u01b0\u1ee3ng v\u00e0 m\u00e0u s\u1eafc.<\/span><\/p>\n<p><span style=\"font-weight: 400;\">\u2013 Ngo\u00e0i ra, h\u1eafc x\u00ec d\u1ea7u c\u00f2n l\u00e0 lo\u1ea1i n\u01b0\u1edbc ch\u1ea5m d\u00f9ng \u0111\u1ec3 ch\u1ea5m rau c\u1ee7 nh\u01b0 c\u00e1c lo\u1ea1i x\u00ec d\u1ea7u kh\u00e1c.<\/span><\/p>\n<p><img decoding=\"async\" class=\"aligncenter\" src=\"https:\/\/havamall.vn\/wp-content\/uploads\/2020\/09\/soya-beans-with-dark-soy-sauce-ceramic-bowl-isolated-white-background_59529-385.jpg\" alt=\"Premium Photo | Soya beans with dark soy sauce in a ceramic bowl isolated over white background\" width=\"410\" height=\"273\" \/><\/p>\n<p><span style=\"font-weight: 400;\">\u2013 H\u1eafc x\u00ec d\u1ea7u c\u00f2n \u0111\u01b0\u1ee3c s\u1eed d\u1ee5ng trong qu\u00e1 tr\u00ecnh ch\u1ebf bi\u1ebfn, \u0111un n\u1ea5u c\u00e1c m\u00f3n \u0103n chay, \u0111\u1ec3 gi\u00fap cho m\u00f3n \u0103n th\u00eam \u0111\u1eadm \u0111\u00e0 v\u00e0 tr\u00f2n v\u1ecb h\u01a1n.<\/span><\/p>\n<p><span style=\"font-weight: 400;\">\u2013 \u0110\u1eb7c bi\u1ec7t, h\u1eafc x\u00ec d\u1ea7u c\u00f2n l\u00e0 nguy\u00ean li\u1ec7u trong l\u00e0m b\u00e1nh Trung thu \u0111\u1ec3 cho b\u00e1nh c\u00f3 v\u1ecb th\u01a1m ngon v\u00e0 \u0111\u1ed9c \u0111\u00e1o.<\/span><\/p>\n<p><span style=\"font-weight: 400;\">\u2013 M\u1ed9t nghi\u00ean c\u1ee9u c\u1ee7a \u0110\u1ea1i h\u1ecdc Qu\u1ed1c gia Singapore ch\u1ec9 ra r\u1eb1ng, c\u00e1c lo\u1ea1i n\u01b0\u1edbc t\u01b0\u01a1ng s\u1eabm m\u00e0u ch\u1ee9a nhi\u1ec1u ch\u1ea5t ch\u1ed1ng oxy h\u00f3a cao g\u1ea5p 10 l\u1ea7n trong r\u01b0\u1ee3u vang \u0111\u1ecf.<\/span><\/p>\n<p><img decoding=\"async\" class=\"aligncenter\" src=\"https:\/\/havamall.vn\/wp-content\/uploads\/2020\/09\/61e7c70ef8ee07b05eff.jpg\" width=\"399\" height=\"399\" \/><\/p>\n<p><span style=\"font-weight: 400;\">Th\u00e0nh ph\u1ea7n: N\u01b0\u1edbc, b\u1ed9t \u0111\u1eadu n\u00e0nh, b\u1ed9t m\u00ec, mu\u1ed1i, \u0111\u01b0\u1eddng, chi\u1ebft xu\u1ea5t n\u1ea5m<\/span><\/p>\n<p><span style=\"font-weight: 400;\">Xu\u1ea5t x\u1ee9: Trung Qu\u1ed1c<\/span><\/p>\n<p><span style=\"font-weight: 400;\">Th\u1ec3 t\u00edch th\u1ef1c: 500ml<\/span><\/p>\n<p><span style=\"font-weight: 400;\">H\u01b0\u1edbng d\u1eabn b\u1ea3o qu\u1ea3n: B\u1ea3o qu\u1ea3n n\u01a1i kh\u00f4 r\u00e1o, tho\u00e1ng m\u00e1t. Sau khi m\u1edf n\u1eafp n\u00ean \u0111\u1eady k\u00edn, b\u1ea3o qu\u1ea3n l\u1ea1nh.<\/span><\/p>","protected":false},"excerpt":{"rendered":"<ul>\n<li>H\u1eafc x\u00ec d\u1ea7u \u0111\u01b0\u1ee3c nh\u1eadp kh\u1ea9u t\u1eeb Trung Qu\u1ed1c<\/li>\n<li>S\u1ea3n ph\u1ea9m \u0111\u01b0\u1ee3c s\u1ea3n xu\u1ea5t tr\u00ean d\u00e2y chuy\u1ec1n c\u00f4ng ngh\u1ec7 ho\u00e0n to\u00e0n m\u1edbi tu\u00e2n th\u1ee7 nghi\u00eam ng\u1eb7t c\u00e1c quy \u0111\u1ecbnh v\u1ec1 an to\u00e0n th\u1ef1c ph\u1ea9m theo quy \u0111\u1ecbnh ph\u00e1p lu\u1eadt, an to\u00e0n s\u1ee9c kh\u1ecfe cho ng\u01b0\u1eddi s\u1eed d\u1ee5ng.<\/li>\n<li>S\u1ea3n ph\u1ea9m d\u00f9ng \u0111\u1ec3 l\u00e0m n\u01b0\u1edbc ch\u1ea5m tr\u1ef1c ti\u1ebfp, ho\u1eb7c \u01b0\u1edbp nguy\u00ean li\u1ec7u, ph\u00f9 h\u1ee3p v\u1edbi c\u1ea3 \u0103n m\u1eb7n v\u00e0 \u0103n chay.<\/li>\n<\/ul>","protected":false},"featured_media":16278,"comment_status":"open","ping_status":"closed","template":"","meta":[],"product_brand":[],"product_cat":[36,134],"product_tag":[],"class_list":{"0":"post-16205","1":"product","2":"type-product","3":"status-publish","4":"has-post-thumbnail","6":"product_cat-thuc-pham-tieu-dung","7":"product_cat-thucpham-saykho","8":"pa_brand-hai-thien","10":"first","11":"instock","12":"sale","13":"shipping-taxable","14":"purchasable","15":"product-type-simple"},"_links":{"self":[{"href":"https:\/\/havamall.vn\/en\/wp-json\/wp\/v2\/product\/16205"}],"collection":[{"href":"https:\/\/havamall.vn\/en\/wp-json\/wp\/v2\/product"}],"about":[{"href":"https:\/\/havamall.vn\/en\/wp-json\/wp\/v2\/types\/product"}],"replies":[{"embeddable":true,"href":"https:\/\/havamall.vn\/en\/wp-json\/wp\/v2\/comments?post=16205"}],"version-history":[{"count":0,"href":"https:\/\/havamall.vn\/en\/wp-json\/wp\/v2\/product\/16205\/revisions"}],"wp:featuredmedia":[{"embeddable":true,"href":"https:\/\/havamall.vn\/en\/wp-json\/wp\/v2\/media\/16278"}],"wp:attachment":[{"href":"https:\/\/havamall.vn\/en\/wp-json\/wp\/v2\/media?parent=16205"}],"wp:term":[{"taxonomy":"product_brand","embeddable":true,"href":"https:\/\/havamall.vn\/en\/wp-json\/wp\/v2\/product_brand?post=16205"},{"taxonomy":"product_cat","embeddable":true,"href":"https:\/\/havamall.vn\/en\/wp-json\/wp\/v2\/product_cat?post=16205"},{"taxonomy":"product_tag","embeddable":true,"href":"https:\/\/havamall.vn\/en\/wp-json\/wp\/v2\/product_tag?post=16205"}],"curies":[{"name":"wp","href":"https:\/\/api.w.org\/{rel}","templated":true}]}}