{"id":16203,"date":"2020-09-17T18:11:31","date_gmt":"2020-09-17T11:11:31","guid":{"rendered":"https:\/\/havamall.vn\/?post_type=product&#038;p=16203"},"modified":"2023-06-09T10:52:21","modified_gmt":"2023-06-09T03:52:21","slug":"la-chanh-say-lanh-5gr-lime-leaves","status":"publish","type":"product","link":"https:\/\/havamall.vn\/en\/shop\/la-chanh-say-lanh-5gr-lime-leaves\/","title":{"rendered":"L\u00e1 Chanh S\u1ea5y L\u1ea1nh 5gr &#8211; Lime Leaves"},"content":{"rendered":"<p>S\u1ea5y l\u1ea1nh l\u00e0 ph\u01b0\u01a1ng ph\u00e1p s\u1ea5y b\u1eb1ng kh\u00f4ng kh\u00ed r\u1ea5t kh\u00f4 \u1edf nhi\u1ec7t \u0111\u1ed9 th\u1ea5p h\u01a1n nhi\u1ec7t \u0111\u1ed9 s\u1ea5y th\u00f4ng th\u01b0\u1eddng. D\u1ea3i nhi\u1ec7t \u0111\u1ed9 s\u1ea5y t\u1eeb 35-65 \u0111\u1ed9 C, \u0111\u1ed9 \u1ea9m kh\u00f4ng kh\u00ed s\u1ea5y v\u00e0o kho\u1ea3ng 10-30%. Gi\u00fap cho l\u00e1 chanh lu\u00f4n gi\u1eef \u0111\u01b0\u1ee3c m\u00e0u xanh t\u1ef1 nhi\u00ean v\u00e0 m\u00f9i th\u01a1m \u0111\u1eb7c tr\u01b0ng v\u1ed1n c\u00f3 c\u1ee7a n\u00f3.<\/p>\n<p>Chanh l\u00e0 lo\u1ea1i c\u00e2y \u0111\u01b0\u1ee3c tr\u1ed3ng r\u1ea5t ph\u1ed5 bi\u1ebfn \u1edf n\u01b0\u1edbc ta. L\u00e1 chanh c\u00f3 v\u1ecb ng\u1ecdt cay.<\/p>\n<p><img fetchpriority=\"high\" decoding=\"async\" class=\"wp-image-16217 aligncenter\" src=\"https:\/\/havamall.vn\/wp-content\/uploads\/2020\/09\/diy-skincare-kaffir-lime-leaves_1024x-300x200.jpg\" alt=\"\" width=\"483\" height=\"322\" srcset=\"https:\/\/havamall.vn\/wp-content\/uploads\/2020\/09\/diy-skincare-kaffir-lime-leaves_1024x-300x200.jpg 300w, https:\/\/havamall.vn\/wp-content\/uploads\/2020\/09\/diy-skincare-kaffir-lime-leaves_1024x-430x287.jpg 430w, https:\/\/havamall.vn\/wp-content\/uploads\/2020\/09\/diy-skincare-kaffir-lime-leaves_1024x-150x100.jpg 150w, https:\/\/havamall.vn\/wp-content\/uploads\/2020\/09\/diy-skincare-kaffir-lime-leaves_1024x-700x467.jpg 700w, https:\/\/havamall.vn\/wp-content\/uploads\/2020\/09\/diy-skincare-kaffir-lime-leaves_1024x-768x512.jpg 768w, https:\/\/havamall.vn\/wp-content\/uploads\/2020\/09\/diy-skincare-kaffir-lime-leaves_1024x-600x400.jpg 600w, https:\/\/havamall.vn\/wp-content\/uploads\/2020\/09\/diy-skincare-kaffir-lime-leaves_1024x.jpg 900w\" sizes=\"(max-width: 483px) 100vw, 483px\" \/><\/p>\n<p>&nbsp;<\/p>\n<p>L\u00e1 chanh s\u1ea5y l\u1ea1nh ngo\u00e0i vi\u1ec7c \u0111\u01b0\u1ee3c nhi\u1ec1u ng\u01b0\u1eddi k\u1ebft h\u1ee3p trong \u1ea9m th\u1ef1c, m\u00e0 b\u00ean c\u1ea1nh \u0111\u00f3 c\u00f2n c\u00f3 nhi\u1ec1u c\u00f4ng d\u1ee5ng tuy\u1ec7t v\u1eddi h\u01a1n \u0111\u1ed1i v\u1edbi s\u1ee9c kh\u1ecfe m\u00e0 b\u1ea1n ch\u01b0a kh\u00e1m ph\u00e1 ra h\u1ebft.<\/p>\n<p><img decoding=\"async\" class=\"wp-image-16215 aligncenter\" src=\"https:\/\/havamall.vn\/wp-content\/uploads\/2020\/09\/AlphaFreshLeanTimmsLR-36_1_530x@2x-300x300.jpg\" alt=\"\" width=\"480\" height=\"480\" srcset=\"https:\/\/havamall.vn\/wp-content\/uploads\/2020\/09\/AlphaFreshLeanTimmsLR-36_1_530x@2x-300x300.jpg 300w, https:\/\/havamall.vn\/wp-content\/uploads\/2020\/09\/AlphaFreshLeanTimmsLR-36_1_530x@2x-430x430.jpg 430w, https:\/\/havamall.vn\/wp-content\/uploads\/2020\/09\/AlphaFreshLeanTimmsLR-36_1_530x@2x-150x150.jpg 150w, https:\/\/havamall.vn\/wp-content\/uploads\/2020\/09\/AlphaFreshLeanTimmsLR-36_1_530x@2x-700x700.jpg 700w, https:\/\/havamall.vn\/wp-content\/uploads\/2020\/09\/AlphaFreshLeanTimmsLR-36_1_530x@2x-768x768.jpg 768w, https:\/\/havamall.vn\/wp-content\/uploads\/2020\/09\/AlphaFreshLeanTimmsLR-36_1_530x@2x-1024x1024.jpg 1024w, https:\/\/havamall.vn\/wp-content\/uploads\/2020\/09\/AlphaFreshLeanTimmsLR-36_1_530x@2x-600x600.jpg 600w, https:\/\/havamall.vn\/wp-content\/uploads\/2020\/09\/AlphaFreshLeanTimmsLR-36_1_530x@2x-100x100.jpg 100w, https:\/\/havamall.vn\/wp-content\/uploads\/2020\/09\/AlphaFreshLeanTimmsLR-36_1_530x@2x.jpg 1060w\" sizes=\"(max-width: 480px) 100vw, 480px\" \/><\/p>\n<p>Trong l\u00e1 chanh c\u00f3 ch\u1ee9a tinh d\u1ea7u th\u01a1m r\u1ea5t d\u1ec5 ch\u1ecbu n\u00ean ng\u01b0\u1eddi ta c\u00f2n d\u00f9ng \u0111\u1ec3 \u0111un n\u01b0\u1edbc x\u00f4ng h\u01a1i gi\u1ea3i c\u1ea3m.<\/p>\n<p>L\u00e1 chanh s\u1ea5y kh\u00f4 v\u1eabn gi\u1eef \u0111\u01b0\u1ee3c h\u01b0\u01a1ng v\u1ecb c\u0169ng nh\u01b0 t\u00e1c d\u1ee5ng nh\u01b0 l\u00e1 chanh t\u01b0\u01a1i. L\u00e1 chanh s\u1ebd gi\u00fap m\u00f3n \u0103n d\u1eady m\u00f9i v\u00e0 c\u00f3 h\u01b0\u01a1ng v\u1ecb r\u1ea5t \u0111\u1eb7c bi\u1ec7t.<\/p>\n<p><img decoding=\"async\" class=\"wp-image-16220 aligncenter\" src=\"https:\/\/havamall.vn\/wp-content\/uploads\/2020\/09\/img15225.1423x711-300x150.jpg\" alt=\"\" width=\"552\" height=\"276\" srcset=\"https:\/\/havamall.vn\/wp-content\/uploads\/2020\/09\/img15225.1423x711-300x150.jpg 300w, https:\/\/havamall.vn\/wp-content\/uploads\/2020\/09\/img15225.1423x711-430x215.jpg 430w, https:\/\/havamall.vn\/wp-content\/uploads\/2020\/09\/img15225.1423x711-150x75.jpg 150w, https:\/\/havamall.vn\/wp-content\/uploads\/2020\/09\/img15225.1423x711-700x350.jpg 700w, https:\/\/havamall.vn\/wp-content\/uploads\/2020\/09\/img15225.1423x711-768x384.jpg 768w, https:\/\/havamall.vn\/wp-content\/uploads\/2020\/09\/img15225.1423x711-1024x512.jpg 1024w, https:\/\/havamall.vn\/wp-content\/uploads\/2020\/09\/img15225.1423x711-1200x600.jpg 1200w, https:\/\/havamall.vn\/wp-content\/uploads\/2020\/09\/img15225.1423x711-600x300.jpg 600w, https:\/\/havamall.vn\/wp-content\/uploads\/2020\/09\/img15225.1423x711.jpg 1423w\" sizes=\"(max-width: 552px) 100vw, 552px\" \/><\/p>\n<table width=\"1191\">\n<tbody>\n<tr>\n<td><strong>Th\u01b0\u01a1ng hi\u1ec7u<\/strong><\/td>\n<td>Havafood<\/td>\n<\/tr>\n<tr>\n<td><strong>\u0110\u00f3ng g\u00f3i<\/strong><\/td>\n<td>B\u1ecbch nh\u1ef1a nh\u1ecf g\u1ecdn ch\u1eafc ch\u1eafn<\/td>\n<\/tr>\n<tr>\n<td><strong>Th\u00e0nh ph\u1ea7n<\/strong><\/td>\n<td>L\u00e1 chanh t\u01b0\u01a1i 100% \u0111\u01b0\u1ee3c tuy\u1ec3n ch\u1ecdn, s\u1ea5y kh\u00f4 b\u1eb1ng c\u00f4ng ngh\u1ec7 hi\u1ec7n \u0111\u1ea1i sau \u0111\u00f3 cho v\u00e0o t\u00fai nh\u1ef1a ch\u1eafc ch\u1eafn<\/td>\n<\/tr>\n<tr>\n<td><strong>H\u1ea1n s\u1eed d\u1ee5ng<\/strong><\/td>\n<td>24 th\u00e1ng k\u1ec3 t\u1eeb ng\u00e0y s\u1ea3n xu\u1ea5t<\/td>\n<\/tr>\n<tr>\n<td><strong>C\u00e1ch s\u1eed d\u1ee5ng<\/strong><\/td>\n<td>D\u00f9ng \u0111\u1ec3 l\u00e0m gia v\u1ecb t\u1ea9m \u01b0\u1edbp, ch\u1ebf bi\u1ebfn c\u00e1c m\u00f3n \u0103n, k\u1eb9o, n\u01b0\u1edbc u\u1ed1ng, c\u00f3 t\u00e1c d\u1ee5ng thanh nhi\u1ec7t.<\/td>\n<\/tr>\n<tr>\n<td><strong>Nh\u1eadp kh\u1ea9u &amp; \u0111\u00f3ng g\u00f3i<\/strong><\/td>\n<td>Vi\u1ec7t Nam<\/td>\n<\/tr>\n<tr>\n<td><strong>\u00a0B\u1ea3o qu\u1ea3n<\/strong><\/td>\n<td>\u00a0N\u01a1i tho\u00e1ng m\u00e1t, tr\u00e1nh \u00e1nh n\u1eafng tr\u1ef1c ti\u1ebfp, tho\u00e1ng m\u00e1t<\/td>\n<\/tr>\n<tr>\n<td><strong>Kh\u1ed1i l\u01b0\u1ee3ng\u00a0<\/strong><\/td>\n<td>5gr<\/td>\n<\/tr>\n<\/tbody>\n<\/table>\n<p>S\u1ea3n ph\u1ea9m \u0111\u01b0\u1ee3c \u0111\u00f3ng g\u00f3i trong b\u1ecbch nh\u1ecf r\u1ea5t s\u1ea1ch s\u1ebd v\u00e0 ti\u1ec7n d\u1ee5ng trong vi\u1ec7c s\u1eed d\u1ee5ng h\u1eb1ng ng\u00e0y. B\u1ea1n c\u00f3 th\u1ec3 cho tr\u1ef1c ti\u1ebfp l\u00e1 chanh v\u00e0o c\u00e1c m\u00f3n \u0103n \u0111\u1ec3 t\u1ea9m \u01b0\u1edbp theo kh\u1ea9u v\u1ecb c\u1ee7a gia \u0111\u00ecnh b\u1ea1n.<\/p>\n<p><img loading=\"lazy\" decoding=\"async\" class=\"wp-image-16221 aligncenter\" src=\"https:\/\/havamall.vn\/wp-content\/uploads\/2020\/09\/hero_chickencurry_article-740x1005-221x300.jpg\" alt=\"\" width=\"391\" height=\"531\" srcset=\"https:\/\/havamall.vn\/wp-content\/uploads\/2020\/09\/hero_chickencurry_article-740x1005-221x300.jpg 221w, https:\/\/havamall.vn\/wp-content\/uploads\/2020\/09\/hero_chickencurry_article-740x1005-430x584.jpg 430w, https:\/\/havamall.vn\/wp-content\/uploads\/2020\/09\/hero_chickencurry_article-740x1005-150x204.jpg 150w, https:\/\/havamall.vn\/wp-content\/uploads\/2020\/09\/hero_chickencurry_article-740x1005-700x951.jpg 700w, https:\/\/havamall.vn\/wp-content\/uploads\/2020\/09\/hero_chickencurry_article-740x1005-600x815.jpg 600w, https:\/\/havamall.vn\/wp-content\/uploads\/2020\/09\/hero_chickencurry_article-740x1005.jpg 740w\" sizes=\"(max-width: 391px) 100vw, 391px\" \/><\/p>\n<blockquote>\n<pre><strong><em>C\u00e1ch n\u1ea5u m\u00f3n G\u00e0 N\u01b0\u1edbng L\u00e1 Chanh:<\/em><\/strong><\/pre>\n<\/blockquote>\n<p><em><span style=\"text-decoration: underline\"><strong>Nguy\u00ean li\u1ec7u:<\/strong><\/span><\/em><\/p>\n<ul>\n<li>1 con g\u00e0<\/li>\n<li>L\u00e1 chanh<\/li>\n<li>S\u1ea3<\/li>\n<li>Mu\u1ed1i<\/li>\n<li>\u1edat xanh<\/li>\n<li>B\u1ed9t ng\u1ecdt<\/li>\n<li>\u0110\u01b0\u1eddng<\/li>\n<li>D\u1ea7u \u0103n<\/li>\n<\/ul>\n<p><em><span style=\"text-decoration: underline\"><strong>C\u00e1ch ch\u1ebf bi\u1ebfn:<\/strong><\/span><\/em><\/p>\n<ol>\n<li>G\u00e0 l\u00e0m s\u1ea1ch. L\u00e1 chanh, s\u1ea3, \u1edbt c\u1eaft nh\u1ecf, gi\u00e3 chung v\u1edbi mu\u1ed1i, \u0111\u01b0\u1eddng, b\u1ed9t ng\u1ecdt, tr\u1ed9n v\u1edbi d\u1ea7u \u0103n.<\/li>\n<li>\u01af\u1edbp g\u00e0 20 ph\u00fat, cho v\u00e0o n\u1ed3i c\u00f9ng v\u00e0i c\u1ee7 s\u1ea3 nguy\u00ean \u0111\u1eadp d\u1eadp. N\u01b0\u1edbng 170 \u0111\u1ed9 trong v\u00f2ng 30 ph\u00fat. Sau \u0111\u00f3 l\u1eadt m\u1eb7t n\u01b0\u1edbng th\u00eam 170 \u0111\u1ed9 trong th\u1eddi gian 10 ph\u00fat l\u00e0 xong r\u1ed3i nh\u00e9.<\/li>\n<\/ol>\n<p><img loading=\"lazy\" decoding=\"async\" class=\"wp-image-16222 aligncenter\" src=\"https:\/\/havamall.vn\/wp-content\/uploads\/2020\/09\/01251bdc1bdafe8daec5c2e5c8376d42-300x200.jpg\" alt=\"\" width=\"614\" height=\"409\" srcset=\"https:\/\/havamall.vn\/wp-content\/uploads\/2020\/09\/01251bdc1bdafe8daec5c2e5c8376d42-300x200.jpg 300w, https:\/\/havamall.vn\/wp-content\/uploads\/2020\/09\/01251bdc1bdafe8daec5c2e5c8376d42-430x287.jpg 430w, https:\/\/havamall.vn\/wp-content\/uploads\/2020\/09\/01251bdc1bdafe8daec5c2e5c8376d42-150x100.jpg 150w, https:\/\/havamall.vn\/wp-content\/uploads\/2020\/09\/01251bdc1bdafe8daec5c2e5c8376d42-600x400.jpg 600w, https:\/\/havamall.vn\/wp-content\/uploads\/2020\/09\/01251bdc1bdafe8daec5c2e5c8376d42.jpg 700w\" sizes=\"(max-width: 614px) 100vw, 614px\" \/><\/p>\n<p>&nbsp;<\/p>","protected":false},"excerpt":{"rendered":"<ul>\n<li>L\u00e1 chanh \u0111\u01b0\u1ee3c l\u00e0m ho\u00e0n to\u00e0n t\u1eeb nguy\u00ean li\u1ec7u t\u1ef1 nhi\u00ean s\u1ea3n xu\u1ea5t t\u1ea1i Vi\u1ec7t Nam theo d\u00e2y chuy\u1ec1n c\u00f4ng ngh\u1ec7 cao an to\u00e0n cho ng\u01b0\u1eddi s\u1eed d\u1ee5ng.<\/li>\n<li>Nh\u1eefng c\u00e2y chanh t\u01b0\u01a1i nh\u1ea5t \u0111\u01b0\u1ee3c l\u1ef1a ch\u1ecdn \u0111\u1ec3 cho ra s\u1ea3n ph\u1ea9m l\u00e1 chanh s\u1ea5y t\u1ed1t nh\u1ea5t.<\/li>\n<li>L\u00e1 chanh th\u01b0\u1eddng \u0111\u01b0\u1ee3c d\u00f9ng \u0111\u1ec3 pha n\u01b0\u1edbc, t\u1ed1t cho s\u1ee9c kh\u1ecfe v\u00e0 \u0111\u1eb9p da, l\u00e1 chanh s\u1ea5y c\u00f2n \u0111\u01b0\u1ee3c th\u00eam v\u00e0o c\u00e1c m\u00f3n \u0103n \u0111\u1ec3 m\u00f9i h\u01b0\u01a1ng th\u00eam h\u1ea5p d\u1eabn.<\/li>\n<li>S\u1ea3n ph\u1ea9m \u0111\u01b0\u1ee3c \u0111\u00f3ng g\u00f3i trong b\u1ecbch nh\u1ef1a nh\u1ecf g\u1ecdn, r\u1ea5t s\u1ea1ch s\u1ebd v\u00e0 ti\u1ec7n d\u1ee5ng trong vi\u1ec7c s\u1eed d\u1ee5ng h\u1eb1ng ng\u00e0y.<\/li>\n<\/ul>","protected":false},"featured_media":16445,"comment_status":"open","ping_status":"closed","template":"","meta":[],"product_brand":[],"product_cat":[595,36,134],"product_tag":[],"class_list":{"0":"post-16203","1":"product","2":"type-product","3":"status-publish","4":"has-post-thumbnail","6":"product_cat-gia-vi-va-che-bien","7":"product_cat-thuc-pham-tieu-dung","8":"product_cat-thucpham-saykho","9":"pa_brand-skx","11":"first","12":"instock","13":"sale","14":"shipping-taxable","15":"purchasable","16":"product-type-simple"},"_links":{"self":[{"href":"https:\/\/havamall.vn\/en\/wp-json\/wp\/v2\/product\/16203"}],"collection":[{"href":"https:\/\/havamall.vn\/en\/wp-json\/wp\/v2\/product"}],"about":[{"href":"https:\/\/havamall.vn\/en\/wp-json\/wp\/v2\/types\/product"}],"replies":[{"embeddable":true,"href":"https:\/\/havamall.vn\/en\/wp-json\/wp\/v2\/comments?post=16203"}],"version-history":[{"count":0,"href":"https:\/\/havamall.vn\/en\/wp-json\/wp\/v2\/product\/16203\/revisions"}],"wp:featuredmedia":[{"embeddable":true,"href":"https:\/\/havamall.vn\/en\/wp-json\/wp\/v2\/media\/16445"}],"wp:attachment":[{"href":"https:\/\/havamall.vn\/en\/wp-json\/wp\/v2\/media?parent=16203"}],"wp:term":[{"taxonomy":"product_brand","embeddable":true,"href":"https:\/\/havamall.vn\/en\/wp-json\/wp\/v2\/product_brand?post=16203"},{"taxonomy":"product_cat","embeddable":true,"href":"https:\/\/havamall.vn\/en\/wp-json\/wp\/v2\/product_cat?post=16203"},{"taxonomy":"product_tag","embeddable":true,"href":"https:\/\/havamall.vn\/en\/wp-json\/wp\/v2\/product_tag?post=16203"}],"curies":[{"name":"wp","href":"https:\/\/api.w.org\/{rel}","templated":true}]}}