{"id":16202,"date":"2020-09-17T17:51:04","date_gmt":"2020-09-17T10:51:04","guid":{"rendered":"https:\/\/havamall.vn\/?post_type=product&#038;p=16202"},"modified":"2023-06-09T10:52:27","modified_gmt":"2023-06-09T03:52:27","slug":"hoa-dau-biec-say-kho-5gr-dried-butterfly-peas","status":"publish","type":"product","link":"https:\/\/havamall.vn\/en\/shop\/hoa-dau-biec-say-kho-5gr-dried-butterfly-peas\/","title":{"rendered":"Hoa \u0110\u1eadu Bi\u1ebfc S\u1ea5y Kh\u00f4 5gr &#8211; Dried Butterfly Peas"},"content":{"rendered":"<p>\u0110\u1eadu bi\u1ebfc c\u00f2n \u0111\u01b0\u1ee3c g\u1ecdi l\u00e0 \u0110\u1eadu hoa t\u00edm, B\u00f4ng bi\u1ebfc, l\u00e0 m\u1ed9t lo\u00e0i c\u00e2y leo, th\u00e2n th\u1ea3o, s\u1ed1ng nhi\u1ec1u n\u0103m, th\u01b0\u1eddng \u0111\u01b0\u1ee3c tr\u1ed3ng l\u00e0m h\u00e0ng r\u00e0o ho\u1eb7c th\u00e0nh gi\u00e0n hoa. C\u00e2y hoa \u0111\u1eadu bi\u1ebfc l\u00e0 m\u1ed9t trong nh\u1eefng lo\u1ea1i c\u00e2y c\u1ea3nh c\u00f3 gi\u00e1 tr\u1ecb th\u1ea9m m\u1ef9 cao. B\u1edfi hoa c\u1ee7a n\u00f3 m\u00e0u xanh bi\u1ebfc kh\u00e1 \u0111\u1eb7c tr\u01b0ng. Hoa c\u00f3 m\u00e0u xanh t\u00edm, xanh lam \u0111\u1eadm ho\u1eb7c m\u00e0u tr\u1eafng, nh\u01b0ng ph\u1ed5 bi\u1ebfn nh\u1ea5t l\u00e0 m\u00e0u xanh t\u00edm.<\/p>\n<p>C\u00e2y hoa \u0111\u1eadu bi\u1ebfc l\u00e0 lo\u00e0i d\u00e2y leo th\u01b0\u1eddng xanh, c\u00f3 chi\u1ec1u cao trung b\u00ecnh t\u1eeb 3-10m, ph\u00e2n nhi\u1ec1u nh\u00e1nh, c\u00f3 \u0111\u1ed9 che ph\u1ee7 r\u1ed9ng. Th\u00e2n c\u00e2y c\u00f3 \u0111\u1eb7c t\u00ednh thay \u0111\u1ed5i m\u00e0u s\u1eafc r\u1ea5t th\u00fa v\u1ecb. Khi c\u00f2n non, th\u00e2n s\u1ebd c\u00f3 m\u00e0u xanh c\u00f2n v\u1ec1 gi\u00e0 s\u1ebd d\u1ea7n chuy\u1ec3n qua m\u00e0u n\u00e2u r\u00f5 r\u1ec7t. \u0110\u00f3 c\u0169ng l\u00e0 l\u00fd do m\u00e0 n\u00f3 \u0111\u01b0\u1ee3c tr\u1ed3ng kh\u00f4ng ch\u1ec9 v\u1edbi m\u1ee5c \u0111\u00edch trang tr\u00ed m\u00e0 c\u00f2n \u0111\u01b0\u1ee3c d\u00f9ng \u0111\u1ec3 che b\u00f3ng m\u00e1t.<\/p>\n<p><img fetchpriority=\"high\" decoding=\"async\" class=\"wp-image-16207 aligncenter\" src=\"https:\/\/havamall.vn\/wp-content\/uploads\/2020\/09\/\u0110\u1eacU-BI\u1ebeC-9-300x215.png\" alt=\"\" width=\"700\" height=\"501\" srcset=\"https:\/\/havamall.vn\/wp-content\/uploads\/2020\/09\/\u0110\u1eacU-BI\u1ebeC-9-300x215.png 300w, https:\/\/havamall.vn\/wp-content\/uploads\/2020\/09\/\u0110\u1eacU-BI\u1ebeC-9-430x308.png 430w, https:\/\/havamall.vn\/wp-content\/uploads\/2020\/09\/\u0110\u1eacU-BI\u1ebeC-9-150x107.png 150w, https:\/\/havamall.vn\/wp-content\/uploads\/2020\/09\/\u0110\u1eacU-BI\u1ebeC-9-700x501.png 700w, https:\/\/havamall.vn\/wp-content\/uploads\/2020\/09\/\u0110\u1eacU-BI\u1ebeC-9-768x550.png 768w, https:\/\/havamall.vn\/wp-content\/uploads\/2020\/09\/\u0110\u1eacU-BI\u1ebeC-9-600x430.png 600w, https:\/\/havamall.vn\/wp-content\/uploads\/2020\/09\/\u0110\u1eacU-BI\u1ebeC-9.png 778w\" sizes=\"(max-width: 700px) 100vw, 700px\" \/><\/p>\n<h1>\u0110\u1eb7c \u0111i\u1ec3m c\u1ee7a hoa \u0111\u1eadu bi\u1ebfc<\/h1>\n<p><strong>Hoa \u0111\u1eadu bi\u1ebfc<\/strong>\u00a0l\u00e0 m\u1ed9t lo\u00e0i hoa kh\u00e1 quen thu\u1ed9c trong tr\u00e0 \u0111\u1ea1o v\u00e0 t\u1ea1o m\u00e0u. Nh\u01b0ng kh\u00f4ng ph\u1ea3i ai c\u0169ng hi\u1ec3u r\u00f5 \u0111\u01b0\u1ee3c c\u00e1c \u0111\u1eb7c \u0111i\u1ec3m c\u1ee7a lo\u00e0i hoa n\u00e0y. \u0110\u1ec3 t\u1eadn d\u1ee5ng t\u00e1c d\u1ee5ng\u00a0hoa \u0111\u1eadu bi\u1ebfc v\u00e0o th\u1ef1c t\u1ebf hi\u1ec7u qu\u1ea3, b\u1ea1n c\u1ea7n hi\u1ec3u r\u00f5 v\u1ec1 n\u00f3.<\/p>\n<p>H\u1ea1t \u0111\u1eadu bi\u1ebfc l\u00e0 m\u1ed9t trong nh\u1eefng lo\u1ea1i h\u1ea1t ch\u1ee9a nhi\u1ec1u th\u00e0nh ph\u1ea7n g\u00e2y \u0111\u1ed9c. V\u00ec v\u1eady, khi d\u00f9ng, ch\u1ec9 n\u00ean d\u00f9ng hoa, tuy\u1ec7t \u0111\u1ed1i kh\u00f4ng d\u00f9ng h\u1ea1t \u0111\u1ec3 n\u1ea5u \u0103n.<\/p>\n<p>Hoa n\u00e0y kh\u00f4ng ch\u1ec9 \u0111\u1eb9p m\u00e0 c\u00f2n c\u00f3 r\u1ea5t nhi\u1ec1u n\u00e9t \u0111\u1eb7c tr\u01b0ng cho n\u00ean \u0111\u01b0\u1ee3c d\u00e2n gian \u0111\u1eb7t cho nhi\u1ec1u c\u00e1i t\u00ean \u1ea5n t\u01b0\u1ee3ng. M\u1ed7i v\u00f9ng s\u1ebd c\u00f3 m\u1ed9t t\u00ean g\u1ecdi kh\u00e1c nhau nh\u01b0 c\u00e2y \u0111\u1eadu hoa t\u00edm, c\u00e2y b\u00f4ng bi\u1ebfc,\u2026 C\u00e2y \u0111\u01b0\u1ee3c nhi\u1ec1u ng\u01b0\u1eddi bi\u1ebft \u0111\u1ebfn v\u1edbi c\u00e1i t\u00ean hoa \u0111\u1eadu bi\u1ebfc.<\/p>\n<p>\u0110\u1eadu bi\u1ebfc l\u00e0 m\u1ed9t trong nh\u1eefng lo\u00e0i hoa kh\u00f4ng ch\u1ec9 \u0111\u1eb9p m\u00e0 c\u00f2n mang l\u1ea1i nhi\u1ec1u l\u1ee3i \u00edch cho s\u1ee9c kh\u1ecfe. C\u00e0ng ng\u00e0y ng\u01b0\u1eddi ta c\u00e0ng nh\u1eadn th\u1ea5y nhi\u1ec1u t\u00e1c d\u1ee5ng tuy\u1ec7t v\u1eddi c\u1ee7a \u0111\u1eadu bi\u1ebfc v\u00e0 \u1ee9ng d\u1ee5ng r\u1ed9ng r\u00e3i trong h\u1ed7 tr\u1ee3 \u0111i\u1ec1u tr\u1ecb b\u1ec7nh. Sau \u0111\u00e2y l\u00e0 m\u1ed9t s\u1ed1 t\u00e1c d\u1ee5ng \u0111i\u1ec3n h\u00ecnh c\u1ee7a lo\u00e0i hoa \u0111\u1eb7c bi\u1ec7t n\u00e0y.<\/p>\n<p><img decoding=\"async\" class=\"wp-image-16208 aligncenter\" src=\"https:\/\/havamall.vn\/wp-content\/uploads\/2020\/09\/\u0110\u1eacU-BI\u1ebeC-5-300x225.jpg\" alt=\"\" width=\"701\" height=\"524\" srcset=\"https:\/\/havamall.vn\/wp-content\/uploads\/2020\/09\/\u0110\u1eacU-BI\u1ebeC-5-300x225.jpg 300w, https:\/\/havamall.vn\/wp-content\/uploads\/2020\/09\/\u0110\u1eacU-BI\u1ebeC-5-150x113.jpg 150w, https:\/\/havamall.vn\/wp-content\/uploads\/2020\/09\/\u0110\u1eacU-BI\u1ebeC-5-600x450.jpg 600w\" sizes=\"(max-width: 701px) 100vw, 701px\" \/><\/p>\n<h1>C\u00f4ng d\u1ee5ng c\u1ee7a hoa \u0111\u1eadu bi\u1ebfc<\/h1>\n<ul>\n<li><em><strong>\u1ea8m th\u1ef1c<\/strong><\/em><\/li>\n<\/ul>\n<p>M\u00f3n \u0103n th\u1ee9c u\u1ed1ng \u0111\u1eb9p m\u1eaft. Hoa \u0110\u1eadu bi\u1ebfc (d\u00f9ng t\u01b0\u01a1i, s\u1ea5y kh\u00f4 hay t\u00e1n th\u00e0nh b\u1ed9t) khi ng\u00e2m trong n\u01b0\u1edbc kho\u1ea3ng 5 ph\u00fat s\u1ebd \u0111\u01b0\u1ee3c m\u1ed9t lo\u1ea1i n\u01b0\u1edbc c\u00f3 m\u00e0u xanh bi\u1ebfc, kh\u00f4ng m\u00f9i v\u1ecb.<\/p>\n<p>L\u1ecdc x\u00e1c hoa l\u1ea5y ph\u1ea7n n\u01b0\u1edbc. Sau \u0111\u00f3 \u0111\u1ed5 v\u00e0o h\u1ed7n h\u1ee3p \u0111\u01b0\u1eddng (m\u1eadt ong), \u0111\u00e1 ho\u1eb7c sinh t\u1ed1, cocktail (c\u00f3 th\u00eam tr\u00e1i c\u00e2y kh\u00e1c nh\u01b0 d\u00e2u t\u00e2y, t\u00e1o\u2026), th\u00eam m\u1ed9t ch\u00fat h\u01b0\u01a1ng vani th\u00ec s\u1ebd th\u00e0nh m\u1ed9t th\u1ee9c u\u1ed1ng c\u00f3 m\u00e0u s\u1eafc tuy\u1ec7t \u0111\u1eb9p. M\u00e0u n\u00e0y bi\u1ebfn \u0111\u1ed5i t\u1eeb xanh bi\u1ebfc, h\u1ed3ng \u0111\u1ebfn t\u00edm t\u00f9y theo l\u01b0\u1ee3ng hoa v\u00e0 nguy\u00ean li\u1ec7u pha ch\u1ebf. Ngo\u00e0i ra, hoa \u0111\u1eadu bi\u1ebfc c\u0169ng c\u00f3 th\u1ec3 t\u1ea1o m\u00e0u s\u1eafc t\u1ef1 nhi\u00ean \u0111\u1eb9p m\u1eaft cho c\u00e1c m\u00f3n \u0103n.<\/p>\n<p><img decoding=\"async\" class=\"wp-image-16210 aligncenter\" src=\"https:\/\/havamall.vn\/wp-content\/uploads\/2020\/09\/\u0110\u1eacU-BI\u1ebeC-7-300x200.jpg\" alt=\"\" width=\"701\" height=\"468\" srcset=\"https:\/\/havamall.vn\/wp-content\/uploads\/2020\/09\/\u0110\u1eacU-BI\u1ebeC-7-300x200.jpg 300w, https:\/\/havamall.vn\/wp-content\/uploads\/2020\/09\/\u0110\u1eacU-BI\u1ebeC-7-430x287.jpg 430w, https:\/\/havamall.vn\/wp-content\/uploads\/2020\/09\/\u0110\u1eacU-BI\u1ebeC-7-150x100.jpg 150w, https:\/\/havamall.vn\/wp-content\/uploads\/2020\/09\/\u0110\u1eacU-BI\u1ebeC-7-700x467.jpg 700w, https:\/\/havamall.vn\/wp-content\/uploads\/2020\/09\/\u0110\u1eacU-BI\u1ebeC-7-768x512.jpg 768w, https:\/\/havamall.vn\/wp-content\/uploads\/2020\/09\/\u0110\u1eacU-BI\u1ebeC-7-1024x683.jpg 1024w, https:\/\/havamall.vn\/wp-content\/uploads\/2020\/09\/\u0110\u1eacU-BI\u1ebeC-7.jpg 1200w, https:\/\/havamall.vn\/wp-content\/uploads\/2020\/09\/\u0110\u1eacU-BI\u1ebeC-7-600x400.jpg 600w\" sizes=\"(max-width: 701px) 100vw, 701px\" \/><\/p>\n<ul>\n<li style=\"background: white\"><strong><em>L\u00e0m \u0111\u1eb9p<\/em><\/strong><\/li>\n<\/ul>\n<p>\u0110\u1eb9p da, \u0111\u1eb9p t\u00f3c, ch\u1ed1ng l\u00e3o h\u00f3a, ch\u1ed1ng b\u00e9o ph\u00ec.\u00a0Ho\u1ea1t ch\u1ea5t trong hoa \u0111\u1eadu bi\u1ebfc c\u1ea3i thi\u1ec7n s\u1ee9c kh\u1ecfe t\u1ebf b\u00e0o. Ch\u00fang c\u0169ng l\u00e0m m\u00e1u l\u01b0u th\u00f4ng t\u1ed1t \u0111\u1ebfn m\u1ecdi ng\u00f3c ng\u00e1ch c\u01a1 th\u1ec3 gi\u00fap nu\u00f4i d\u01b0\u1ee1ng t\u1ed1t da l\u00f4ng, l\u00e0m ch\u1eadm s\u1ef1 l\u00e3o h\u00f3a, ng\u0103n ng\u1eeba r\u1ee5ng t\u00f3c v\u00e0 l\u00e0m cho t\u00f3c \u0111en b\u00f3ng m\u01b0\u1ee3t.<\/p>\n<ul>\n<li><strong><em>T\u0103ng c\u01b0\u1eddng mi\u1ec5n d\u1ecbch<\/em><\/strong><\/li>\n<\/ul>\n<p>M\u00e0u xanh c\u1ee7a hoa c\u00f3 ho\u1ea1t ch\u1ea5t anthocyanin gi\u00fap b\u1ea3o v\u1ec7 DNA v\u00e0 lipid peroxidation kh\u1ecfi t\u1ed5n th\u01b0\u01a1ng v\u00e0 t\u0103ng s\u1ea3n xu\u1ea5t cytokine \u0111\u1ec3 t\u0103ng mi\u1ec5n d\u1ecbch cho c\u01a1 th\u1ec3.<\/p>\n<p><img loading=\"lazy\" decoding=\"async\" class=\"alignnone wp-image-16209 aligncenter\" src=\"https:\/\/havamall.vn\/wp-content\/uploads\/2020\/09\/\u0110\u1eacU-BI\u1ebeC-8-300x169.jpg\" alt=\"\" width=\"701\" height=\"395\" srcset=\"https:\/\/havamall.vn\/wp-content\/uploads\/2020\/09\/\u0110\u1eacU-BI\u1ebeC-8-300x169.jpg 300w, https:\/\/havamall.vn\/wp-content\/uploads\/2020\/09\/\u0110\u1eacU-BI\u1ebeC-8-430x242.jpg 430w, https:\/\/havamall.vn\/wp-content\/uploads\/2020\/09\/\u0110\u1eacU-BI\u1ebeC-8-150x84.jpg 150w, https:\/\/havamall.vn\/wp-content\/uploads\/2020\/09\/\u0110\u1eacU-BI\u1ebeC-8-700x394.jpg 700w, https:\/\/havamall.vn\/wp-content\/uploads\/2020\/09\/\u0110\u1eacU-BI\u1ebeC-8-768x432.jpg 768w, https:\/\/havamall.vn\/wp-content\/uploads\/2020\/09\/\u0110\u1eacU-BI\u1ebeC-8-1024x576.jpg 1024w, https:\/\/havamall.vn\/wp-content\/uploads\/2020\/09\/\u0110\u1eacU-BI\u1ebeC-8.jpg 1200w, https:\/\/havamall.vn\/wp-content\/uploads\/2020\/09\/\u0110\u1eacU-BI\u1ebeC-8-600x338.jpg 600w\" sizes=\"(max-width: 701px) 100vw, 701px\" \/><\/p>\n<ul>\n<li><strong><em>T\u1ed1t cho tim m\u1ea1ch<\/em><\/strong><\/li>\n<\/ul>\n<p>Nhi\u1ec1u nghi\u00ean c\u1ee9u cho th\u1ea5y hoa \u0110\u1eadu bi\u1ebfc c\u1ea3i thi\u1ec7n \u0111\u00e1ng k\u1ec3 nguy c\u01a1 t\u1eed vong do \u0111\u1ed9ng m\u1ea1ch v\u00e0nh v\u00ec gi\u00fap b\u1ea3o v\u1ec7 th\u00e0nh m\u1ea1ch, ng\u1eeba x\u01a1 c\u1ee9ng m\u1ea1ch m\u00e1u, gi\u1ea3m thuy\u00ean t\u1eafc m\u00e1u ng\u0103n ng\u1eeba huy\u1ebft kh\u1ed1i n\u00e3o v\u00e0 gi\u1ea3m huy\u1ebft \u00e1p.<\/p>\n<ul>\n<li><strong><em>H\u1eefu \u00edch cho b\u1ec7nh ti\u1ec3u \u0111\u01b0\u1eddng<\/em><\/strong><\/li>\n<\/ul>\n<p>Hoa \u0110\u1eadu bi\u1ebfc c\u0169ng c\u00f3 th\u1ec3 l\u00e0m t\u0103ng ti\u1ebft insulin gi\u00fap ki\u1ec3m so\u00e1t l\u01b0\u1ee3ng \u0111\u01b0\u1eddng trong m\u00e1u, l\u00e0m gi\u1ea3m m\u1ed9t ph\u1ea7n nguy c\u01a1 m\u1eafc b\u1ec7nh ti\u1ec3u \u0111\u01b0\u1eddng.<\/p>\n<p>H\u00e3y l\u1ef1a ch\u1ecdn Havamall l\u00e0m n\u01a1i mua s\u1eafm uy t\u00edn cho b\u1ea3n th\u00e2n v\u00e0 gia \u0111\u00ecnh m\u00ecnh nh\u00e9.<\/p>","protected":false},"excerpt":{"rendered":"<ul>\n<li><strong>Hoa \u0111\u1eadu bi\u1ebfc<\/strong>\u00a0l\u00e0 m\u1ed9t lo\u00e0i hoa kh\u00e1 quen thu\u1ed9c trong tr\u00e0 \u0111\u1ea1o v\u00e0 t\u1ea1o m\u00e0u.<\/li>\n<li><strong>\u0110\u1eadu bi\u1ebfc<\/strong> l\u00e0 m\u1ed9t trong nh\u1eefng lo\u00e0i hoa kh\u00f4ng ch\u1ec9 \u0111\u1eb9p m\u00e0 c\u00f2n mang l\u1ea1i nhi\u1ec1u l\u1ee3i \u00edch cho s\u1ee9c kh\u1ecfe. C\u00e0ng ng\u00e0y ng\u01b0\u1eddi ta c\u00e0ng nh\u1eadn th\u1ea5y nhi\u1ec1u t\u00e1c d\u1ee5ng tuy\u1ec7t v\u1eddi c\u1ee7a \u0111\u1eadu bi\u1ebfc v\u00e0 \u1ee9ng d\u1ee5ng r\u1ed9ng r\u00e3i trong h\u1ed7 tr\u1ee3 \u0111i\u1ec1u tr\u1ecb b\u1ec7nh.<\/li>\n<li><strong>H\u01b0\u1edbng d\u1eabn s\u1eed d\u1ee5ng<\/strong>: D\u00f9ng t\u1ea1o m\u00e0u cho m\u00f3n \u0103n v\u00e0 \u0111\u1ed3 u\u1ed1ng, nhi\u1ec1u c\u00f4ng d\u1ee5ng t\u1ed1t cho s\u1ee9c kh\u1ecfe.<\/li>\n<li><strong>B\u1ea3o qu\u1ea3n:<\/strong>\u00a0B\u1ea3o qu\u1ea3n n\u01a1i kh\u00f4 r\u00e1o, tho\u00e1ng m\u00e1t, tr\u00e1nh \u00e1nh n\u1eafng tr\u1ef1c ti\u1ebfp chi\u1ebfu v\u00e0o s\u1ea3n ph\u1ea9m.<\/li>\n<li><strong>H\u1ea1n s\u1eed d\u1ee5ng:<\/strong>\u00a024 th\u00e1ng k\u1ec3 t\u1eeb ng\u00e0y s\u1ea3n xu\u1ea5t<\/li>\n<\/ul>","protected":false},"featured_media":16212,"comment_status":"open","ping_status":"closed","template":"","meta":[],"product_brand":[],"product_cat":[595,36,134],"product_tag":[],"class_list":{"0":"post-16202","1":"product","2":"type-product","3":"status-publish","4":"has-post-thumbnail","6":"product_cat-gia-vi-va-che-bien","7":"product_cat-thuc-pham-tieu-dung","8":"product_cat-thucpham-saykho","9":"pa_brand-skx","11":"first","12":"instock","13":"sale","14":"shipping-taxable","15":"purchasable","16":"product-type-variable"},"_links":{"self":[{"href":"https:\/\/havamall.vn\/en\/wp-json\/wp\/v2\/product\/16202"}],"collection":[{"href":"https:\/\/havamall.vn\/en\/wp-json\/wp\/v2\/product"}],"about":[{"href":"https:\/\/havamall.vn\/en\/wp-json\/wp\/v2\/types\/product"}],"replies":[{"embeddable":true,"href":"https:\/\/havamall.vn\/en\/wp-json\/wp\/v2\/comments?post=16202"}],"version-history":[{"count":0,"href":"https:\/\/havamall.vn\/en\/wp-json\/wp\/v2\/product\/16202\/revisions"}],"wp:featuredmedia":[{"embeddable":true,"href":"https:\/\/havamall.vn\/en\/wp-json\/wp\/v2\/media\/16212"}],"wp:attachment":[{"href":"https:\/\/havamall.vn\/en\/wp-json\/wp\/v2\/media?parent=16202"}],"wp:term":[{"taxonomy":"product_brand","embeddable":true,"href":"https:\/\/havamall.vn\/en\/wp-json\/wp\/v2\/product_brand?post=16202"},{"taxonomy":"product_cat","embeddable":true,"href":"https:\/\/havamall.vn\/en\/wp-json\/wp\/v2\/product_cat?post=16202"},{"taxonomy":"product_tag","embeddable":true,"href":"https:\/\/havamall.vn\/en\/wp-json\/wp\/v2\/product_tag?post=16202"}],"curies":[{"name":"wp","href":"https:\/\/api.w.org\/{rel}","templated":true}]}}