{"id":16189,"date":"2020-09-17T17:26:01","date_gmt":"2020-09-17T10:26:01","guid":{"rendered":"https:\/\/havamall.vn\/?post_type=product&#038;p=16189"},"modified":"2023-06-09T10:52:32","modified_gmt":"2023-06-09T03:52:32","slug":"cam-thao-cat-lat-say-kho-10gr-liquorice-root","status":"publish","type":"product","link":"https:\/\/havamall.vn\/en\/shop\/cam-thao-cat-lat-say-kho-10gr-liquorice-root\/","title":{"rendered":"Cam Th\u1ea3o C\u1eaft L\u00e1t S\u1ea5y Kh\u00f4 10gr &#8211; Liquorice Root"},"content":{"rendered":"<p>Cam th\u1ea3o th\u01b0\u1eddng bi\u1ebft \u0111\u1ebfn l\u00e0 m\u1ed9t lo\u1ea1i gia v\u1ecb trong th\u1ef1c ph\u1ea9m v\u00e0 \u0111\u1ed3 u\u1ed1ng. Th\u01b0\u1eddng \u0111\u01b0\u1ee3c ch\u1ebf bi\u1ebfn d\u01b0\u1edbi d\u1ea1ng tr\u00e0 cam th\u1ea3o hay d\u00f9ng chung v\u1edbi vi\u1ec7c \u01b0\u1edbp k\u00e8m b\u1ed9t cam th\u1ea3o trong c\u00e1c m\u00f3n \u0103n ho\u1eb7c \u0111\u1ed3 u\u1ed1ng.<\/p>\n<p><img decoding=\"async\" class=\"aligncenter\" src=\"https:\/\/havamall.vn\/wp-content\/uploads\/2020\/09\/tra-cam-thao-cat-lat-tron-tui-zip-100g-1.jpg\" alt=\"Tr\u00e0 Cam Th\u1ea3o C\u1eaft L\u00e1t Tr\u00f2n T\u00fai Zip 100g\" \/><\/p>\n<p>C\u00e2y cam th\u1ea3o \u0111\u01b0\u1ee3c tr\u1ed3ng ch\u1ee7 y\u1ebfu \u0111\u1ec3 l\u1ea5y r\u1ec5 v\u00e0 r\u1ec5 c\u00e2y d\u00f9ng \u0111\u1ec3 t\u1ea1o ra chi\u1ebft xu\u1ea5t cam th\u1ea3o. Chi\u1ebft xu\u1ea5t n\u00e0y sau \u0111\u00f3 c\u00f3 th\u1ec3 \u0111\u01b0\u1ee3c s\u1eed d\u1ee5ng trong h\u01b0\u01a1ng li\u1ec7u c\u1ee7a b\u00e1nh k\u1eb9o v\u00e0 m\u1ed9t s\u1ed1 lo\u1ea1i th\u1ef1c ph\u1ea9m \u0111\u1ed3 u\u1ed1ng kh\u00e1c.<\/p>\n<p><img fetchpriority=\"high\" decoding=\"async\" class=\"wp-image-16192 aligncenter\" src=\"https:\/\/havamall.vn\/wp-content\/uploads\/2020\/09\/O1CN01S5TC5O1TseBkPxt0H_3923282438-300x300.jpg\" alt=\"\" width=\"482\" height=\"482\" srcset=\"https:\/\/havamall.vn\/wp-content\/uploads\/2020\/09\/O1CN01S5TC5O1TseBkPxt0H_3923282438-300x300.jpg 300w, https:\/\/havamall.vn\/wp-content\/uploads\/2020\/09\/O1CN01S5TC5O1TseBkPxt0H_3923282438-430x430.jpg 430w, https:\/\/havamall.vn\/wp-content\/uploads\/2020\/09\/O1CN01S5TC5O1TseBkPxt0H_3923282438-150x150.jpg 150w, https:\/\/havamall.vn\/wp-content\/uploads\/2020\/09\/O1CN01S5TC5O1TseBkPxt0H_3923282438-700x700.jpg 700w, https:\/\/havamall.vn\/wp-content\/uploads\/2020\/09\/O1CN01S5TC5O1TseBkPxt0H_3923282438-768x768.jpg 768w, https:\/\/havamall.vn\/wp-content\/uploads\/2020\/09\/O1CN01S5TC5O1TseBkPxt0H_3923282438-600x600.jpg 600w, https:\/\/havamall.vn\/wp-content\/uploads\/2020\/09\/O1CN01S5TC5O1TseBkPxt0H_3923282438-100x100.jpg 100w, https:\/\/havamall.vn\/wp-content\/uploads\/2020\/09\/O1CN01S5TC5O1TseBkPxt0H_3923282438.jpg 800w\" sizes=\"(max-width: 482px) 100vw, 482px\" \/><\/p>\n<p>&nbsp;<\/p>\n<blockquote>\n<p style=\"text-align: center\"><em>( Cam th\u1ea3o c\u0169ng \u0111\u01b0\u1ee3c d\u00f9ng nh\u01b0 m\u1ed9t th\u00e0nh ph\u1ea7n trong tr\u00e0 cam th\u1ea3o v\u00e0 tr\u00e0 th\u1ea3o m\u1ed9c h\u1ed7n h\u1ee3p. )<\/em><\/p>\n<p><img decoding=\"async\" class=\"wp-image-16194 aligncenter\" src=\"https:\/\/havamall.vn\/wp-content\/uploads\/2020\/09\/getImage-300x239.jpg\" alt=\"\" width=\"452\" height=\"360\" srcset=\"https:\/\/havamall.vn\/wp-content\/uploads\/2020\/09\/getImage-300x239.jpg 300w, https:\/\/havamall.vn\/wp-content\/uploads\/2020\/09\/getImage-430x343.jpg 430w, https:\/\/havamall.vn\/wp-content\/uploads\/2020\/09\/getImage-150x120.jpg 150w, https:\/\/havamall.vn\/wp-content\/uploads\/2020\/09\/getImage-600x478.jpg 600w, https:\/\/havamall.vn\/wp-content\/uploads\/2020\/09\/getImage.jpg 650w\" sizes=\"(max-width: 452px) 100vw, 452px\" \/><\/p><\/blockquote>\n<table width=\"1191\">\n<tbody>\n<tr>\n<td><strong>Th\u01b0\u01a1ng hi\u1ec7u<\/strong><\/td>\n<td>Havafood<\/td>\n<\/tr>\n<tr>\n<td><strong>\u0110\u00f3ng g\u00f3i<\/strong><\/td>\n<td>B\u1ecbch nh\u1ef1a nh\u1ecf g\u1ecdn ch\u1eafc ch\u1eafn<\/td>\n<\/tr>\n<tr>\n<td><strong>Th\u00e0nh ph\u1ea7n<\/strong><\/td>\n<td>Cam th\u1ea3o t\u01b0\u01a1i 100% \u0111\u01b0\u1ee3c tuy\u1ec3n ch\u1ecdn, s\u1ea5y kh\u00f4 b\u1eb1ng c\u00f4ng ngh\u1ec7 hi\u1ec7n \u0111\u1ea1i sau \u0111\u00f3 th\u00e1i l\u00e1t tr\u00f2n r\u1ed3i s\u1ea5y kh\u00f4 cho v\u00e0o b\u1ecbch nh\u1ef1a ch\u1eafc ch\u1eafn.. Kh\u00f4ng ch\u1ea5t b\u1ea3o qu\u1ea3n<\/td>\n<\/tr>\n<tr>\n<td><strong>H\u1ea1n s\u1eed d\u1ee5ng<\/strong><\/td>\n<td>24 th\u00e1ng k\u1ec3 t\u1eeb ng\u00e0y s\u1ea3n xu\u1ea5t<\/td>\n<\/tr>\n<tr>\n<td><strong>C\u00e1ch s\u1eed d\u1ee5ng<\/strong><\/td>\n<td>D\u00f9ng \u0111\u1ec3 l\u00e0m gia v\u1ecb t\u1ea9m \u01b0\u1edbp, ch\u1ebf bi\u1ebfn c\u00e1c m\u00f3n \u0103n, k\u1eb9o, n\u01b0\u1edbc u\u1ed1ng, c\u00f3 t\u00e1c d\u1ee5ng thanh nhi\u1ec7t.<\/td>\n<\/tr>\n<tr>\n<td><strong>Nh\u1eadp kh\u1ea9u &amp; \u0111\u00f3ng g\u00f3i<\/strong><\/td>\n<td>Vi\u1ec7t Nam<\/td>\n<\/tr>\n<tr>\n<td><strong>\u00a0B\u1ea3o qu\u1ea3n<\/strong><\/td>\n<td>\u00a0N\u01a1i tho\u00e1ng m\u00e1t, tr\u00e1nh \u00e1nh n\u1eafng tr\u1ef1c ti\u1ebfp, tho\u00e1ng m\u00e1t<\/td>\n<\/tr>\n<tr>\n<td><strong>Kh\u1ed1i l\u01b0\u1ee3ng\u00a0<\/strong><\/td>\n<td>10gr<\/td>\n<\/tr>\n<\/tbody>\n<\/table>\n<p>S\u1ea3n ph\u1ea9m \u0111\u01b0\u1ee3c \u0111\u00f3ng g\u00f3i trong b\u1ecbch nh\u1ecf r\u1ea5t s\u1ea1ch s\u1ebd v\u00e0 ti\u1ec7n d\u1ee5ng trong vi\u1ec7c s\u1eed d\u1ee5ng h\u1eb1ng ng\u00e0y. B\u1ea1n c\u00f3 th\u1ec3 cho tr\u1ef1c ti\u1ebfp cam th\u1ea3o v\u00e0o c\u00e1c m\u00f3n \u0103n \u0111\u1ec3 t\u1ea9m \u01b0\u1edbp theo kh\u1ea9u v\u1ecb c\u1ee7a gia \u0111\u00ecnh b\u1ea1n.<\/p>\n<p><img decoding=\"async\" class=\"wp-image-16195 aligncenter\" src=\"https:\/\/havamall.vn\/wp-content\/uploads\/2020\/09\/2020_0509_736184e0j00qa2m22002rc000u000k0m-300x200.jpg\" alt=\"\" width=\"414\" height=\"276\" srcset=\"https:\/\/havamall.vn\/wp-content\/uploads\/2020\/09\/2020_0509_736184e0j00qa2m22002rc000u000k0m-300x200.jpg 300w, https:\/\/havamall.vn\/wp-content\/uploads\/2020\/09\/2020_0509_736184e0j00qa2m22002rc000u000k0m-430x287.jpg 430w, https:\/\/havamall.vn\/wp-content\/uploads\/2020\/09\/2020_0509_736184e0j00qa2m22002rc000u000k0m-150x100.jpg 150w, https:\/\/havamall.vn\/wp-content\/uploads\/2020\/09\/2020_0509_736184e0j00qa2m22002rc000u000k0m-700x467.jpg 700w, https:\/\/havamall.vn\/wp-content\/uploads\/2020\/09\/2020_0509_736184e0j00qa2m22002rc000u000k0m-768x512.jpg 768w, https:\/\/havamall.vn\/wp-content\/uploads\/2020\/09\/2020_0509_736184e0j00qa2m22002rc000u000k0m-1024x683.jpg 1024w, https:\/\/havamall.vn\/wp-content\/uploads\/2020\/09\/2020_0509_736184e0j00qa2m22002rc000u000k0m-600x400.jpg 600w, https:\/\/havamall.vn\/wp-content\/uploads\/2020\/09\/2020_0509_736184e0j00qa2m22002rc000u000k0m.jpg 1080w\" sizes=\"(max-width: 414px) 100vw, 414px\" \/><\/p>\n<pre><strong><em>C\u00e1ch n\u1ea5u m\u00f3n Ch\u00e8 \u0110\u1eadu Cam Th\u1ea3o gi\u1ea3i nhi\u1ec7t khi tr\u1eddi n\u1eafng n\u00f3ng:<\/em><\/strong><\/pre>\n<p><span style=\"text-decoration: underline\"><strong>Nguy\u00ean li\u1ec7u:<\/strong><\/span><\/p>\n<ul>\n<li>100gr \u0111\u1eadu \u0111en<\/li>\n<li>100gr \u0111\u1eadu \u0111\u1ecf<\/li>\n<li>100gr \u0111\u1eadu xanh<\/li>\n<li>6gr cam th\u1ea3o<\/li>\n<li>150gr \u0111\u01b0\u1eddng, mu\u1ed1i<\/li>\n<\/ul>\n<p><span style=\"text-decoration: underline\"><strong>C\u00e1ch l\u00e0m:<\/strong><\/span><\/p>\n<ul>\n<li>R\u1eeda s\u1ea1ch c\u00e1c lo\u1ea1i \u0111\u1eadu, n\u1ebfu c\u00f3 th\u1eddi gian b\u1ea1n n\u00ean ng\u00e2m qua \u0111\u00eam cho \u0111\u1eadu n\u1edf m\u1ec1m. Cam th\u1ea3o r\u1eeda s\u1ea1ch. \u0110un s\u00f4i kho\u1ea3ng 1 l\u00edt n\u01b0\u1edbc, cho \u0111\u1eadu v\u00e0o n\u1ea5u \u0111\u1ebfn khi v\u1eeba ch\u00edn, cho l\u1eeda liu riu, tr\u00e1nh s\u00f4i b\u00f9ng.<\/li>\n<li>Khi \u0111\u1eadu v\u1eeba ch\u00edn t\u1edbi, cho cam th\u1ea3o, \u0111\u01b0\u1eddng v\u00e0 \u00bd th\u00eca c\u00e0 ph\u00ea mu\u1ed1i v\u00e0o n\u1ea5u \u0111\u1ebfn khi \u0111\u1eadu n\u1edf m\u1ec1m v\u1eeba \u0103n. Th\u00eam n\u01b0\u1edbc ch\u00e8 n\u1ebfu qu\u00e1 \u0111\u1eb7c.<\/li>\n<li>Ch\u00e8 n\u00e0y c\u00f3 th\u1ec3 d\u00f9ng n\u00f3ng ho\u1eb7c th\u00eam \u0111\u00e1, t\u00f9y th\u00edch. \u0110\u00e2y l\u00e0 m\u00f3n c\u00f3 t\u00e1c d\u1ee5ng gi\u1ea3i nhi\u1ec7t khi th\u1eddi ti\u1ebft n\u1eafng n\u00f3ng.<\/li>\n<\/ul>\n<p><strong>M\u00e1ch nh\u1ecf:<\/strong> Ch\u00e8 kh\u00f4ng \u0111\u01b0\u1ee3c qu\u00e1 \u0111\u1eb7c ho\u1eb7c qu\u00e1 lo\u00e3ng. N\u00eam \u0111\u01b0\u1eddng v\u1eeba ph\u1ea3i, kh\u00f4ng g\u1eaft \u0111\u1ec3 c\u00f3 th\u1ec3 c\u1ea3m nh\u1eadn \u0111\u01b0\u1ee3c h\u01b0\u01a1ng v\u1ecb thanh v\u00e0 ng\u1ecdt nh\u1eb9 c\u1ee7a cam th\u1ea3o.<\/p>\n<p><img loading=\"lazy\" decoding=\"async\" class=\"wp-image-16191 aligncenter\" src=\"https:\/\/havamall.vn\/wp-content\/uploads\/2020\/09\/121-300x260.jpg\" alt=\"\" width=\"462\" height=\"400\" srcset=\"https:\/\/havamall.vn\/wp-content\/uploads\/2020\/09\/121-300x260.jpg 300w, https:\/\/havamall.vn\/wp-content\/uploads\/2020\/09\/121-430x373.jpg 430w, https:\/\/havamall.vn\/wp-content\/uploads\/2020\/09\/121-150x130.jpg 150w, https:\/\/havamall.vn\/wp-content\/uploads\/2020\/09\/121-700x607.jpg 700w, https:\/\/havamall.vn\/wp-content\/uploads\/2020\/09\/121-768x666.jpg 768w, https:\/\/havamall.vn\/wp-content\/uploads\/2020\/09\/121-1024x888.jpg 1024w, https:\/\/havamall.vn\/wp-content\/uploads\/2020\/09\/121-1200x1041.jpg 1200w, https:\/\/havamall.vn\/wp-content\/uploads\/2020\/09\/121-600x521.jpg 600w, https:\/\/havamall.vn\/wp-content\/uploads\/2020\/09\/121.jpg 1600w\" sizes=\"(max-width: 462px) 100vw, 462px\" \/><\/p>\n<p><strong>Quy tr\u00ecnh s\u1ea3n xu\u1ea5t cam th\u1ea3o c\u1eaft l\u00e1t \u0111\u1ea3m b\u1ea3o:<\/strong><\/p>\n<ul>\n<li>Nh\u1eefng c\u00e2y cam th\u1ea3o s\u1ea3n xu\u1ea5t \u0111\u01b0\u1ee3c l\u1ef1a ch\u1ecdn k\u1ef9 c\u00e0ng, t\u01b0\u01a1i s\u1ea1ch v\u00e0 ch\u1ea5t l\u01b0\u1ee3ng cao nh\u1ea5t.<\/li>\n<li>H\u00ecnh th\u1ee9c:\u00a0L\u00e0m s\u1ea1ch c\u00e2y cam th\u1ea3o v\u00e0 ph\u01a1i kh\u00f4. Sau \u0111\u00f3 th\u00e1i l\u00e1t m\u1ecfng b\u1eb1ng c\u00f4ng ngh\u1ec7 hi\u1ec7n \u0111\u1ea1i<\/li>\n<li>Kh\u00f4ng l\u1eabn b\u1ea5t k\u1ef3 t\u1ea1p ch\u1ea5t n\u00e0o.<\/li>\n<li>Kh\u00f4ng ch\u1ee9a ch\u1ea5t b\u1ea3o qu\u1ea3n.<\/li>\n<li>Kh\u00f4ng s\u1eed d\u1ee5ng ch\u1ea5t t\u1ea1o m\u00f9i.<\/li>\n<li>Kh\u00f4ng ch\u1ea5t t\u1ea1o m\u00e0u.<\/li>\n<li>\u0110\u00f3ng g\u00f3i s\u1ea3n ph\u1ea9m ch\u1eafc ch\u1eafn, \u0111\u1ea3m b\u1ea3o b\u1ea3o qu\u1ea3n \u0111\u01b0\u1ee3c t\u1ed1t nh\u1ea5t.<\/li>\n<li>Th\u1eddi gian b\u1ea3o qu\u1ea3n: 24 th\u00e1ng k\u1ec3 t\u1eeb ng\u00e0y s\u1ea3n xu\u1ea5t.<\/li>\n<\/ul>\n<p>&nbsp;<\/p>","protected":false},"excerpt":{"rendered":"<ul>\n<li>Cam th\u1ea3o \u0111\u01b0\u1ee3c l\u00e0m ho\u00e0n to\u00e0n t\u1eeb nguy\u00ean li\u1ec7u t\u1ef1 nhi\u00ean s\u1ea3n xu\u1ea5t t\u1ea1i Vi\u1ec7t Nam theo d\u00e2y chuy\u1ec1n c\u00f4ng ngh\u1ec7 cao an to\u00e0n cho ng\u01b0\u1eddi s\u1eed d\u1ee5ng.<\/li>\n<li>Nh\u1eefng c\u00e2y cam th\u1ea3o t\u01b0\u01a1i nh\u1ea5t \u0111\u01b0\u1ee3c l\u1ef1a ch\u1ecdn \u0111\u1ec3 cho ra s\u1ea3n ph\u1ea9m cam th\u1ea3o c\u1eaft l\u00e1t ngon nh\u1ea5t.<\/li>\n<li>Cam th\u1ea3o th\u01b0\u1eddng \u0111\u01b0\u1ee3c d\u00f9ng \u0111\u1ec3 pha n\u01b0\u1edbc, l\u00e0m k\u1eb9o, t\u1ed1t cho s\u1ee9c kh\u1ecfe v\u00e0 \u0111\u1eb9p da, cam th\u1ea3o c\u00f2n \u0111\u01b0\u1ee3c th\u00eam v\u00e0o c\u00e1c m\u00f3n \u0103n \u0111\u1ec3 m\u00f9i h\u01b0\u01a1ng th\u00eam h\u1ea5p d\u1eabn.<\/li>\n<li>S\u1ea3n ph\u1ea9m \u0111\u01b0\u1ee3c \u0111\u00f3ng g\u00f3i trong b\u1ecbch nh\u1ef1a nh\u1ecf g\u1ecdn, r\u1ea5t s\u1ea1ch s\u1ebd v\u00e0 ti\u1ec7n d\u1ee5ng trong vi\u1ec7c s\u1eed d\u1ee5ng h\u1eb1ng ng\u00e0y.<\/li>\n<\/ul>","protected":false},"featured_media":16197,"comment_status":"open","ping_status":"closed","template":"","meta":[],"product_brand":[],"product_cat":[595,36,134],"product_tag":[],"class_list":{"0":"post-16189","1":"product","2":"type-product","3":"status-publish","4":"has-post-thumbnail","6":"product_cat-gia-vi-va-che-bien","7":"product_cat-thuc-pham-tieu-dung","8":"product_cat-thucpham-saykho","9":"pa_brand-skx","11":"first","12":"instock","13":"sale","14":"shipping-taxable","15":"purchasable","16":"product-type-simple"},"_links":{"self":[{"href":"https:\/\/havamall.vn\/en\/wp-json\/wp\/v2\/product\/16189"}],"collection":[{"href":"https:\/\/havamall.vn\/en\/wp-json\/wp\/v2\/product"}],"about":[{"href":"https:\/\/havamall.vn\/en\/wp-json\/wp\/v2\/types\/product"}],"replies":[{"embeddable":true,"href":"https:\/\/havamall.vn\/en\/wp-json\/wp\/v2\/comments?post=16189"}],"version-history":[{"count":0,"href":"https:\/\/havamall.vn\/en\/wp-json\/wp\/v2\/product\/16189\/revisions"}],"wp:featuredmedia":[{"embeddable":true,"href":"https:\/\/havamall.vn\/en\/wp-json\/wp\/v2\/media\/16197"}],"wp:attachment":[{"href":"https:\/\/havamall.vn\/en\/wp-json\/wp\/v2\/media?parent=16189"}],"wp:term":[{"taxonomy":"product_brand","embeddable":true,"href":"https:\/\/havamall.vn\/en\/wp-json\/wp\/v2\/product_brand?post=16189"},{"taxonomy":"product_cat","embeddable":true,"href":"https:\/\/havamall.vn\/en\/wp-json\/wp\/v2\/product_cat?post=16189"},{"taxonomy":"product_tag","embeddable":true,"href":"https:\/\/havamall.vn\/en\/wp-json\/wp\/v2\/product_tag?post=16189"}],"curies":[{"name":"wp","href":"https:\/\/api.w.org\/{rel}","templated":true}]}}