{"id":16121,"date":"2020-09-11T16:09:48","date_gmt":"2020-09-11T09:09:48","guid":{"rendered":"https:\/\/havamall.vn\/?post_type=product&#038;p=16121"},"modified":"2021-06-05T11:41:15","modified_gmt":"2021-06-05T04:41:15","slug":"nuoc-hoa-qua-juice-team-vi-anh-dao-1000ml-cherry-juice","status":"publish","type":"product","link":"https:\/\/havamall.vn\/en\/shop\/nuoc-hoa-qua-juice-team-vi-anh-dao-1000ml-cherry-juice\/","title":{"rendered":"N\u01b0\u1edbc Hoa Qu\u1ea3 Juice Team V\u1ecb Anh \u0110\u00e0o 1000ml &#8211; Cherry Juice"},"content":{"rendered":"<p>Ochakovo l\u00e0 nh\u00e0 s\u1ea3n xu\u1ea5t \u0111\u1ed3 u\u1ed1ng t\u1ef1 nhi\u00ean l\u1edbn nh\u1ea5t c\u1ee7a Nga.\u00a0Danh m\u1ee5c n\u01b0\u1edbc tr\u00e1i c\u00e2y c\u00f3 m\u1eb7t trong danh m\u1ee5c m\u1edf r\u1ed9ng c\u1ee7a C\u00f4ng ty b\u1edfi hai th\u01b0\u01a1ng hi\u1ec7u &#8211; Goodini \u1edf ph\u00e2n kh\u00fac cao c\u1ea5p v\u00e0 JuiceTeam \u1edf ph\u00e2n kh\u00fac gi\u00e1 trung b\u00ecnh.<\/p>\n<p>\u0110i\u1ec3m n\u1ed5i b\u1eadt \u1edf n\u01b0\u1edbc tr\u00e1i c\u00e2y n\u00e0y l\u00e0 t\u1ea5t c\u1ea3 ch\u00fang \u0111\u01b0\u1ee3c l\u00e0m ho\u00e0n to\u00e0n t\u1eeb nguy\u00ean li\u1ec7u t\u1ef1 nhi\u00ean m\u00e0 kh\u00f4ng s\u1eed d\u1ee5ng GMO, ch\u1ea5t b\u1ea3o qu\u1ea3n, ho\u1eb7c m\u00e0u th\u1ef1c ph\u1ea9m hay c\u00e1c ph\u1ee5 gia kh\u00e1c nh\u1eb1m t\u1ed1i \u01b0u h\u00f3a c\u00e1c m\u00f9i v\u1ecb c\u1ee7a tr\u00e1i c\u00e2y.<\/p>\n<p><img fetchpriority=\"high\" decoding=\"async\" class=\"alignnone wp-image-16112 aligncenter\" src=\"https:\/\/havamall.vn\/wp-content\/uploads\/2020\/09\/z2067382010547_187ce3740047064d7e8167e0b5faad20-300x212.jpg\" alt=\"\" width=\"600\" height=\"424\" srcset=\"https:\/\/havamall.vn\/wp-content\/uploads\/2020\/09\/z2067382010547_187ce3740047064d7e8167e0b5faad20-300x212.jpg 300w, https:\/\/havamall.vn\/wp-content\/uploads\/2020\/09\/z2067382010547_187ce3740047064d7e8167e0b5faad20-430x304.jpg 430w, https:\/\/havamall.vn\/wp-content\/uploads\/2020\/09\/z2067382010547_187ce3740047064d7e8167e0b5faad20-150x106.jpg 150w, https:\/\/havamall.vn\/wp-content\/uploads\/2020\/09\/z2067382010547_187ce3740047064d7e8167e0b5faad20-700x495.jpg 700w, https:\/\/havamall.vn\/wp-content\/uploads\/2020\/09\/z2067382010547_187ce3740047064d7e8167e0b5faad20-768x543.jpg 768w, https:\/\/havamall.vn\/wp-content\/uploads\/2020\/09\/z2067382010547_187ce3740047064d7e8167e0b5faad20-220x154.jpg 220w, https:\/\/havamall.vn\/wp-content\/uploads\/2020\/09\/z2067382010547_187ce3740047064d7e8167e0b5faad20-600x425.jpg 600w, https:\/\/havamall.vn\/wp-content\/uploads\/2020\/09\/z2067382010547_187ce3740047064d7e8167e0b5faad20.jpg 800w\" sizes=\"(max-width: 600px) 100vw, 600px\" \/><\/p>\n<p>C\u00e1c lo\u1ea1i tr\u00e1i c\u00e2y, rau v\u00e0 qu\u1ea3 ch\u00edn \u0111\u01b0\u1ee3c ch\u1ecdn l\u1ecdc v\u00e0 ch\u1ebf bi\u1ebfn th\u00e0nh n\u01b0\u1edbc \u00e9p ngay sau khi thu ho\u1ea1ch tr\u1ef1c ti\u1ebfp t\u1eeb tr\u00ean c\u00e2y, v\u1eabn gi\u1eef nguy\u00ean \u0111\u01b0\u1ee3c th\u00e0nh ph\u1ea7n vitamin v\u00e0 ch\u1ea5t dinh d\u01b0\u1ee1ng c\u00f3 l\u1ee3i cho s\u1ee9c kh\u1ecfe.<\/p>\n<p>Do nhu c\u1ea7u th\u1ecb tr\u01b0\u1eddng ng\u00e0y c\u00e0ng t\u0103ng \u0111\u00f2i h\u1ecfi c\u00e1c lo\u1ea1i n\u01b0\u1edbc tr\u00e1i c\u00e2y \u0111\u01b0\u1ee3c ch\u1ebf bi\u1ebfn ra ph\u1ea3i \u0111\u1ea3m b\u1ea3o y\u1ebfu t\u1ed1 h\u1ee3p v\u1ec7 sinh, nguy\u00ean li\u1ec7u t\u1ef1 nhi\u00ean nh\u1ea5t ch\u00ednh v\u00ec v\u1eady Ochakovo quy\u1ebft \u0111\u1ecbnh t\u1eadp trung v\u00e0 n\u1ed7 l\u1ef1c cho ra \u0111\u1eddi kh\u00f4ng ph\u1ea3i l\u00e0 lo\u1ea1i n\u01b0\u1edbc tr\u00e1i c\u00e2y \u0111\u01a1n thu\u1ea7n nh\u01b0 c\u00e1c lo\u1ea1i kh\u00e1c, m\u00e0 thay v\u00e0o \u0111\u00f3 l\u00e0 h\u1ed7n h\u1ee3p tr\u00e1i c\u00e2y v\u00e0 rau c\u1ee7 t\u1ef1 nhi\u00ean \u0111\u1ec3 t\u0103ng th\u00eam ch\u1ea5t dinh d\u01b0\u1ee1ng.\u00a0Nay \u0111\u01b0\u1ee3c Havamall \u0111em t\u1edbi h\u01b0\u01a1ng v\u1ecb m\u1edbi l\u1ea1 v\u00e0 \u0111\u1ed9c \u0111\u00e1o cho th\u1ef1c kh\u00e1ch c\u1ee7a Havamall.<\/p>\n<p><img decoding=\"async\" class=\"alignnone wp-image-16113 aligncenter\" src=\"https:\/\/havamall.vn\/wp-content\/uploads\/2020\/09\/z2067382018568_fc6c523113890b40c2bb4b0d3ef59c4f-300x212.jpg\" alt=\"\" width=\"600\" height=\"424\" srcset=\"https:\/\/havamall.vn\/wp-content\/uploads\/2020\/09\/z2067382018568_fc6c523113890b40c2bb4b0d3ef59c4f-300x212.jpg 300w, https:\/\/havamall.vn\/wp-content\/uploads\/2020\/09\/z2067382018568_fc6c523113890b40c2bb4b0d3ef59c4f-430x304.jpg 430w, https:\/\/havamall.vn\/wp-content\/uploads\/2020\/09\/z2067382018568_fc6c523113890b40c2bb4b0d3ef59c4f-150x106.jpg 150w, https:\/\/havamall.vn\/wp-content\/uploads\/2020\/09\/z2067382018568_fc6c523113890b40c2bb4b0d3ef59c4f-700x495.jpg 700w, https:\/\/havamall.vn\/wp-content\/uploads\/2020\/09\/z2067382018568_fc6c523113890b40c2bb4b0d3ef59c4f-768x543.jpg 768w, https:\/\/havamall.vn\/wp-content\/uploads\/2020\/09\/z2067382018568_fc6c523113890b40c2bb4b0d3ef59c4f-220x154.jpg 220w, https:\/\/havamall.vn\/wp-content\/uploads\/2020\/09\/z2067382018568_fc6c523113890b40c2bb4b0d3ef59c4f-600x425.jpg 600w, https:\/\/havamall.vn\/wp-content\/uploads\/2020\/09\/z2067382018568_fc6c523113890b40c2bb4b0d3ef59c4f.jpg 800w\" sizes=\"(max-width: 600px) 100vw, 600px\" \/><\/p>\n<p>V\u1edbi thi\u1ebft k\u1ebf l\u00e0 m\u1ed9t \u0111\u1ed9i h\u00ecnh b\u00f3ng \u0111\u00e1, Juice Team th\u1ec3 hi\u1ec7n \u0111\u1ecbnh v\u1ecb c\u1ee7a m\u00ecnh, thu h\u00fat s\u1ef1 ch\u00fa \u00fd gi\u1eefa v\u00e0 x\u00e2y d\u1ef1ng th\u01b0\u01a1ng hi\u1ec7u m\u1ed9t c\u00e1ch r\u00f5 r\u00e0ng v\u00e0 \u0111\u1ed9c \u0111\u00e1o nh\u1ea5t. H\u00ecnh \u1ea3nh tr\u1ef1c quan c\u1ee7a Juice Team l\u00e0 \u0111\u1ea1i di\u1ec7n s\u1ef1 \u1ea9n d\u1ee5 c\u1ee7a th\u01b0\u01a1ng hi\u1ec7u nh\u01b0 m\u1ed9t \u0111\u1ed9i th\u1ec3 thao th\u00e2n thi\u1ec7n v\u00e0 g\u1eafn b\u00f3 tr\u1ef1c ti\u1ebfp v\u1edbi c\u00e1c lo\u1ea1i n\u01b0\u1edbc tr\u00e1i c\u00e2y.<\/p>\n<p><img decoding=\"async\" class=\"wp-image-16114 aligncenter\" src=\"https:\/\/havamall.vn\/wp-content\/uploads\/2020\/09\/z2067382018579_5bdd792617fd55027aca26de25724792-300x212.jpg\" alt=\"\" width=\"601\" height=\"424\" srcset=\"https:\/\/havamall.vn\/wp-content\/uploads\/2020\/09\/z2067382018579_5bdd792617fd55027aca26de25724792-300x212.jpg 300w, https:\/\/havamall.vn\/wp-content\/uploads\/2020\/09\/z2067382018579_5bdd792617fd55027aca26de25724792-430x304.jpg 430w, https:\/\/havamall.vn\/wp-content\/uploads\/2020\/09\/z2067382018579_5bdd792617fd55027aca26de25724792-150x106.jpg 150w, https:\/\/havamall.vn\/wp-content\/uploads\/2020\/09\/z2067382018579_5bdd792617fd55027aca26de25724792-700x495.jpg 700w, https:\/\/havamall.vn\/wp-content\/uploads\/2020\/09\/z2067382018579_5bdd792617fd55027aca26de25724792-768x543.jpg 768w, https:\/\/havamall.vn\/wp-content\/uploads\/2020\/09\/z2067382018579_5bdd792617fd55027aca26de25724792-220x154.jpg 220w, https:\/\/havamall.vn\/wp-content\/uploads\/2020\/09\/z2067382018579_5bdd792617fd55027aca26de25724792.jpg 800w\" sizes=\"(max-width: 601px) 100vw, 601px\" \/><\/p>\n<p>H\u00e0m l\u01b0\u1ee3ng \u0111\u01b0\u1eddng trong n\u01b0\u1edbc tr\u00e1i c\u00e2y theo ti\u1ec3u chu\u1ea9n h\u00e0ng \u0111\u1ea7u c\u1ee7a th\u1ebf gi\u1edbi, ch\u1ec9 ch\u1ee9a \u0111\u01b0\u1eddng t\u1ef1 nhi\u00ean trong tr\u00e1i c\u00e2y.<\/p>\n<p>N\u01b0\u1edbc tr\u00e1i c\u00e2y kh\u00f4ng c\u00f3 d\u1ea5u hi\u1ec7u b\u1ecb lo\u00e3ng, v\u00ec kh\u00f4ng ch\u1ee9a b\u1ea5t k\u1ef3 t\u1ea1p ch\u1ea5t n\u00e0o.<\/p>\n<p>Kh\u00f4ng c\u00f3 n\u1ed3ng \u0111\u1ed9 natri d\u01b0 th\u1eeba trong n\u01b0\u1edbc \u00e9p, v\u00ec \u0111\u00e3 s\u1eed d\u1ee5ng l\u01b0\u1ee3ng n\u01b0\u1edbc \u0111\u00e3 \u0111\u01b0\u1ee3c tinh l\u1ecdc t\u1ed1t nh\u1ea5t.<\/p>\n<p>M\u00e0u s\u1eafc c\u1ee7a n\u01b0\u1edbc s\u1ebd \u0111\u1eb7c tr\u01b0ng cho m\u00e0u c\u1ee7a qu\u1ea3 m\u00e0 n\u00f3 t\u1ea1o ra.<\/p>\n<p>V\u1ecb v\u00e0 m\u00f9i c\u1ee7a n\u01b0\u1edbc tr\u00e1i c\u00e2y s\u1ebd \u0111\u01b0\u1ee3c gi\u1eef nguy\u00ean th\u1ee7y t\u1eeb ch\u00ednh c\u00e1c lo\u1ea1i tr\u00e1i c\u00e2y t\u01b0\u01a1i.<\/p>\n<p>Dung t\u00edch th\u1ef1c t\u1ebf: 1Lit<\/p>\n<p>H\u1ea1n s\u1eed d\u1ee5ng: 01 n\u0103m<\/p>","protected":false},"excerpt":{"rendered":"<p>Ch\u1ec9 c\u00f3 nh\u1eefng lo\u1ea1i tr\u00e1i c\u00e2y hoa qu\u1ea3 \u0111\u00e3 \u0111\u01b0\u1ee3c ch\u1ecdn l\u1ecdc tinh t\u00fay nh\u1ea5t m\u1edbi \u0111\u01b0\u1ee3c cho ra \u0111\u1eddi Juice Team v\u00ec v\u1eady khi d\u00f9ng kh\u00f4ng c\u1ea7n th\u00eam b\u1ea5t c\u1ee9 ph\u1ee5 gia \u0111\u01b0\u1eddng n\u00e0o kh\u00e1c \u0111\u1ec3 \u0111i\u1ec1u ch\u1ec9nh h\u01b0\u01a1ng v\u1ecb.<\/p>\n<p>Ochavoko t\u1ea1o ra nh\u1eefng h\u01b0\u01a1ng v\u1ecb tuy\u1ec7t v\u1eddi nh\u1ea5t cho Juice Team, nguy\u00ean li\u1ec7u \u0111\u01b0\u1ee3c mang t\u1eeb kh\u1eafp n\u01a1i tr\u00ean th\u1ebf gi\u1edbi \u0111\u1ec3 s\u1ea3n xu\u1ea5t.<\/p>\n<p>T\u00e1o \u0111\u01b0\u1ee3c s\u1eed d\u1ee5ng c\u1ee7a Nga, D\u1ee9a c\u1ee7a Brazil v\u00e0 Israel, Qu\u00fdt c\u1ee7a T\u00e2y Ban Nha. Ch\u00fang \u0111\u01b0\u1ee3c chuy\u1ec3n th\u00e0nh n\u01b0\u1edbc \u00e9p c\u00f4 \u0111\u1eb7c ngay sau khi thu ho\u1ea1ch \u0111\u1ec3 gi\u1eef c\u00e1c ch\u1ea5t c\u00f3 gi\u00e1 tr\u1ecb dinh d\u01b0\u1ee1ng trong tr\u00e1i c\u00e2y.<\/p>","protected":false},"featured_media":16123,"comment_status":"open","ping_status":"closed","template":"","meta":[],"product_brand":[],"product_cat":[36,135],"product_tag":[],"class_list":{"0":"post-16121","1":"product","2":"type-product","3":"status-publish","4":"has-post-thumbnail","6":"product_cat-thuc-pham-tieu-dung","7":"product_cat-sua-do-uong","9":"first","10":"outofstock","11":"sale","12":"shipping-taxable","13":"purchasable","14":"product-type-simple"},"_links":{"self":[{"href":"https:\/\/havamall.vn\/en\/wp-json\/wp\/v2\/product\/16121"}],"collection":[{"href":"https:\/\/havamall.vn\/en\/wp-json\/wp\/v2\/product"}],"about":[{"href":"https:\/\/havamall.vn\/en\/wp-json\/wp\/v2\/types\/product"}],"replies":[{"embeddable":true,"href":"https:\/\/havamall.vn\/en\/wp-json\/wp\/v2\/comments?post=16121"}],"version-history":[{"count":0,"href":"https:\/\/havamall.vn\/en\/wp-json\/wp\/v2\/product\/16121\/revisions"}],"wp:featuredmedia":[{"embeddable":true,"href":"https:\/\/havamall.vn\/en\/wp-json\/wp\/v2\/media\/16123"}],"wp:attachment":[{"href":"https:\/\/havamall.vn\/en\/wp-json\/wp\/v2\/media?parent=16121"}],"wp:term":[{"taxonomy":"product_brand","embeddable":true,"href":"https:\/\/havamall.vn\/en\/wp-json\/wp\/v2\/product_brand?post=16121"},{"taxonomy":"product_cat","embeddable":true,"href":"https:\/\/havamall.vn\/en\/wp-json\/wp\/v2\/product_cat?post=16121"},{"taxonomy":"product_tag","embeddable":true,"href":"https:\/\/havamall.vn\/en\/wp-json\/wp\/v2\/product_tag?post=16121"}],"curies":[{"name":"wp","href":"https:\/\/api.w.org\/{rel}","templated":true}]}}