{"id":16091,"date":"2020-09-10T14:21:38","date_gmt":"2020-09-10T07:21:38","guid":{"rendered":"https:\/\/havamall.vn\/?post_type=product&#038;p=16091"},"modified":"2021-06-15T08:59:45","modified_gmt":"2021-06-15T01:59:45","slug":"nuoc-giai-khat-kvas-nga-400ml","status":"publish","type":"product","link":"https:\/\/havamall.vn\/en\/shop\/nuoc-giai-khat-kvas-nga-400ml\/","title":{"rendered":"N\u01b0\u1edbc Gi\u1ea3i Kh\u00e1t Kvas Nga 400ml"},"content":{"rendered":"<p>Kvas hay Kvass l\u00e0 m\u1ed9t th\u1ee9c u\u1ed1ng ph\u1ed5 bi\u1ebfn \u1edf \u0110\u00f4ng \u00c2u t\u1eeb th\u1eddi c\u1ed5 \u0111\u1ea1i, c\u00f9ng m\u1ed9t d\u1ea1ng v\u1edbi c\u00e1c th\u1ee9c u\u1ed1ng t\u1eeb x\u01b0a d\u00f9ng ng\u0169 c\u1ed1c l\u00ean men nh\u01b0 bia (\u1ee7 t\u1eeb l\u00faa m\u1ea1ch c\u00f3 t\u1eeb Ai C\u1eadp c\u1ed5 \u0111\u1ea1i), bia k\u00ea (ch\u00e2u Phi), r\u01b0\u1ee3u g\u1ea1o (ch\u00e2u \u00c1), chicha (l\u00e0m b\u1eb1ng ng\u00f4 ho\u1eb7c s\u1eafn c\u1ee7a th\u1ed5 d\u00e2n ch\u00e2u M\u1ef9). Kvas l\u00e0 m\u1ed9t lo\u1ea1i n\u01b0\u1edbc truy\u1ec1n th\u1ed1ng r\u1ea5t n\u1ed5i ti\u1ebfng c\u1ee7a n\u01b0\u1edbc Nga, nay \u0111\u00e3 c\u00f3 m\u1eb7t t\u1ea1i Havamall \u0111\u1ec3 ph\u1ee5c v\u1ee5 c\u00e1c t\u00edn \u0111\u1ed3 c\u1ee7a n\u01b0\u1edbc gi\u1ea3i kh\u00e1t kh\u00f4ng c\u1ed3n.<\/p>\n<p><img fetchpriority=\"high\" decoding=\"async\" class=\"alignnone wp-image-16092 aligncenter\" src=\"https:\/\/havamall.vn\/wp-content\/uploads\/2020\/09\/z2067382333541_323f09a14d9756f561b186320c14dad4-300x212.jpg\" alt=\"\" width=\"572\" height=\"405\" srcset=\"https:\/\/havamall.vn\/wp-content\/uploads\/2020\/09\/z2067382333541_323f09a14d9756f561b186320c14dad4-300x212.jpg 300w, https:\/\/havamall.vn\/wp-content\/uploads\/2020\/09\/z2067382333541_323f09a14d9756f561b186320c14dad4-430x304.jpg 430w, https:\/\/havamall.vn\/wp-content\/uploads\/2020\/09\/z2067382333541_323f09a14d9756f561b186320c14dad4-150x106.jpg 150w, https:\/\/havamall.vn\/wp-content\/uploads\/2020\/09\/z2067382333541_323f09a14d9756f561b186320c14dad4-700x495.jpg 700w, https:\/\/havamall.vn\/wp-content\/uploads\/2020\/09\/z2067382333541_323f09a14d9756f561b186320c14dad4-768x543.jpg 768w, https:\/\/havamall.vn\/wp-content\/uploads\/2020\/09\/z2067382333541_323f09a14d9756f561b186320c14dad4-600x425.jpg 600w, https:\/\/havamall.vn\/wp-content\/uploads\/2020\/09\/z2067382333541_323f09a14d9756f561b186320c14dad4.jpg 800w\" sizes=\"(max-width: 572px) 100vw, 572px\" \/><\/p>\n<p>Kvas \u0111\u01b0\u1ee3c s\u1ea3n xu\u1ea5t t\u1eeb qu\u00e1 tr\u00ecnh l\u00ean men t\u1ef1 nhi\u00ean c\u1ee7a b\u00e1nh \u0111\u01b0\u1ee3c l\u00e0m t\u1eeb l\u00faa m\u00ec, l\u00faa m\u1ea1ch ho\u1eb7c l\u00faa m\u1ea1ch \u0111en (\u0111\u00e2y c\u0169ng l\u00e0 nguy\u00ean li\u1ec7u g\u00f3p ph\u1ea7n l\u00e0m s\u00e1ng m\u00e0u ho\u1eb7c t\u1ed1i m\u00e0u cho lo\u1ea1i th\u1ee9c u\u1ed1ng n\u00e0y, \u0111\u00f4i khi c\u00f2n k\u00e8m theo h\u01b0\u01a1ng v\u1ecb tr\u00e1i c\u00e2y, nho kh\u00f4 ho\u1eb7c b\u1ea1ch d\u01b0\u01a1ng. M\u00f3n u\u1ed1ng n\u00e0y ngo\u00e0i ra c\u00f2n \u0111\u01b0\u1ee3c ch\u1ebf bi\u1ebfn c\u00f9ng v\u1edbi rau th\u01a1m (nh\u01b0 b\u1ea1c h\u00e0) hay tr\u00e1i c\u00e2y (nh\u01b0 d\u00e2u t\u00e2y).<\/p>\n<p>Kvas \u0111\u01b0\u1ee3c l\u00e0m b\u1eb1ng c\u00e1ch \u0111\u1ed5 n\u01b0\u1edbc n\u00f3ng l\u00ean b\u00e1nh m\u00ec \u0111\u00e3 n\u01b0\u1edbng r\u1ed3i \u0111\u1ec3 l\u00ean men trong c\u00e1c \u1ed1ng g\u1ed7, ng\u01b0\u1eddi u\u1ed1ng c\u00f3 th\u1ec3 pha th\u00eam v\u1ecb nho, d\u00e2u, b\u1ea1c h\u00e0 khi th\u01b0\u1edfng th\u1ee9c.<\/p>\n<p><img decoding=\"async\" class=\"wp-image-16093 aligncenter\" src=\"https:\/\/havamall.vn\/wp-content\/uploads\/2020\/09\/z2067382341712_f4bf8784874f762eefeffa3b2e0b667e-300x212.jpg\" alt=\"\" width=\"566\" height=\"401\" srcset=\"https:\/\/havamall.vn\/wp-content\/uploads\/2020\/09\/z2067382341712_f4bf8784874f762eefeffa3b2e0b667e-300x212.jpg 300w, https:\/\/havamall.vn\/wp-content\/uploads\/2020\/09\/z2067382341712_f4bf8784874f762eefeffa3b2e0b667e-430x304.jpg 430w, https:\/\/havamall.vn\/wp-content\/uploads\/2020\/09\/z2067382341712_f4bf8784874f762eefeffa3b2e0b667e-150x106.jpg 150w, https:\/\/havamall.vn\/wp-content\/uploads\/2020\/09\/z2067382341712_f4bf8784874f762eefeffa3b2e0b667e-700x495.jpg 700w, https:\/\/havamall.vn\/wp-content\/uploads\/2020\/09\/z2067382341712_f4bf8784874f762eefeffa3b2e0b667e-768x543.jpg 768w, https:\/\/havamall.vn\/wp-content\/uploads\/2020\/09\/z2067382341712_f4bf8784874f762eefeffa3b2e0b667e-600x425.jpg 600w, https:\/\/havamall.vn\/wp-content\/uploads\/2020\/09\/z2067382341712_f4bf8784874f762eefeffa3b2e0b667e.jpg 800w\" sizes=\"(max-width: 566px) 100vw, 566px\" \/><\/p>\n<p>&nbsp;<\/p>\n<p>Kvas \u0111\u01b0\u1ee3c ph\u00e2n lo\u1ea1i l\u00e0 \u0111\u1ed3 u\u1ed1ng kh\u00f4ng c\u1ed3n theo ti\u00eau chu\u1ea9n c\u1ee7a Nga v\u00e0 Ba Lan. V\u00ec h\u00e0m l\u01b0\u1ee3ng c\u1ed3n t\u00ednh t\u1eeb qu\u00e1 tr\u00ecnh l\u00ean men r\u1ea5t th\u1ea5p, ch\u1ec9 \u1edf m\u1ee9c t\u1eeb 0,5-1%.<\/p>\n<p><em><strong>\u00a0 C\u00f4ng d\u1ee5ng:<\/strong><\/em><\/p>\n<ul>\n<li>Kvas th\u01b0\u1eddng kh\u00f4ng \u0111\u01b0\u1ee3c l\u1ecdc, n\u00ean khi u\u1ed1ng, n\u00f3 v\u1eabn c\u00f2n n\u1ea5m men, th\u00eam h\u01b0\u01a1ng v\u1ecb tuy\u1ec7t v\u1eddi c\u0169ng nh\u01b0 h\u00e0m l\u01b0\u1ee3ng vitamin B kh\u00e1 cao trong th\u00e0nh ph\u1ea7n c\u1ee7a n\u00f3.<\/li>\n<li>Kvas kh\u00f4ng ch\u1ec9 \u0111\u01b0\u1ee3c y\u00eau th\u00edch nh\u1edd gi\u00e1 tr\u1ecb dinh d\u01b0\u1ee1ng, m\u00e0 c\u00f2n c\u00f3 t\u00e1c d\u1ee5ng l\u00ean c\u01a1 th\u1ec3 c\u0169ng t\u01b0\u01a1ng t\u1ef1 nh\u01b0 s\u1eefa chua.<\/li>\n<li>Kvas c\u0169ng nh\u01b0 m\u1ecdi s\u1ea3n ph\u1ea9m l\u00ean men kh\u00e1c, n\u00f3 gi\u00fap \u0111i\u1ec1u h\u00f2a ho\u1ea1t \u0111\u1ed9ng gi\u1eefa ru\u1ed9t v\u00e0 d\u1ea1 d\u00e0y, ng\u0103n ng\u1eeba nh\u1eefng vi khu\u1ea9n g\u00e2y b\u1ec7nh, t\u0103ng c\u01b0\u1eddng qu\u00e1 tr\u00ecnh trao \u0111\u1ed5i ch\u1ea5t v\u00e0 c\u00f3 t\u00e1c d\u1ee5ng t\u1ed1t v\u1edbi h\u1ec7 tim m\u1ea1ch.<\/li>\n<li>\u1ea8m th\u1ef1c Nga c\u00f2n d\u00f9ng Kvas \u0111\u1ec3 ch\u1ebf bi\u1ebfn m\u00f3n s\u00fap l\u1ea1nh m\u00f9a h\u00e8, m\u00f3n soup Okroshka.<\/li>\n<\/ul>\n<p>&nbsp;<\/p>\n<p><img decoding=\"async\" class=\"wp-image-16094 aligncenter\" src=\"https:\/\/havamall.vn\/wp-content\/uploads\/2020\/09\/20171007_12_05_04_4-300x178.jpg\" alt=\"\" width=\"560\" height=\"332\" srcset=\"https:\/\/havamall.vn\/wp-content\/uploads\/2020\/09\/20171007_12_05_04_4-300x178.jpg 300w, https:\/\/havamall.vn\/wp-content\/uploads\/2020\/09\/20171007_12_05_04_4-430x256.jpg 430w, https:\/\/havamall.vn\/wp-content\/uploads\/2020\/09\/20171007_12_05_04_4-150x89.jpg 150w, https:\/\/havamall.vn\/wp-content\/uploads\/2020\/09\/20171007_12_05_04_4-600x357.jpg 600w, https:\/\/havamall.vn\/wp-content\/uploads\/2020\/09\/20171007_12_05_04_4.jpg 624w\" sizes=\"(max-width: 560px) 100vw, 560px\" \/><\/p>\n<p><em><strong>\u00a0 H\u01b0\u1edbng d\u1eabn s\u1eed d\u1ee5ng v\u00e0 b\u1ea3o qu\u1ea3n:<\/strong><\/em><\/p>\n<p>D\u00f9ng tr\u1ef1c ti\u1ebfp, ngon h\u01a1n khi u\u1ed1ng l\u1ea1nh.<\/p>\n<p>B\u1ea3o qu\u1ea3n \u1edf nhi\u1ec7t \u0111\u1ed9 t\u1eeb 0 \u0111\u1ed9 C \u0111\u1ebfn +25 \u0111\u1ed9 C v\u00e0 \u0111\u1ed9 \u1ea9m t\u01b0\u01a1ng \u0111\u1ed1i l\u00e0 75%.<\/p>","protected":false},"excerpt":{"rendered":"<p>N\u01b0\u1edbc gi\u1ea3i kh\u00e1t Kvas l\u00e0 m\u1ed9t lo\u1ea1i n\u01b0\u1edbc truy\u1ec1n th\u1ed1ng n\u1ed5i ti\u1ebfng \u1edf n\u01b0\u1edbc Nga, nay \u0111\u00e3 c\u00f3 m\u1eb7t t\u1ea1i Vi\u1ec7t Nam.<\/p>\n<p>Kvas l\u00e0 lo\u1ea1i th\u1ee9c u\u1ed1ng l\u00ean men l\u00e0m t\u1eeb l\u00faa m\u1ea1ch \u0111en ho\u1eb7c b\u00e1nh m\u00ec l\u00faa m\u1ea1ch \u0111en, t\u1ea1o n\u00ean m\u00e0u s\u1eafc \u0111\u1eb7c tr\u01b0ng c\u1ee7a lo\u1ea1i th\u1ee9c u\u1ed1ng n\u00e0y.<\/p>\n<p>Kvas kh\u00f4ng ch\u1ec9 \u0111\u01b0\u1ee3c y\u00eau th\u00edch nh\u1edd h\u01b0\u01a1ng v\u1ecb th\u01a1m ngon m\u00e0 c\u00f2n c\u00f3 nhi\u1ec1u c\u00f4ng d\u1ee5ng t\u1ed1t cho s\u1ee9c kh\u1ecfe, \u0111\u1eb7c bi\u1ec7t t\u1ed1t cho h\u1ec7 ti\u00eau h\u00f3a v\u00e0 tim m\u1ea1ch.<\/p>","protected":false},"featured_media":16097,"comment_status":"open","ping_status":"closed","template":"","meta":[],"product_brand":[],"product_cat":[135],"product_tag":[],"class_list":{"0":"post-16091","1":"product","2":"type-product","3":"status-publish","4":"has-post-thumbnail","6":"product_cat-sua-do-uong","8":"first","9":"outofstock","10":"sale","11":"shipping-taxable","12":"purchasable","13":"product-type-simple"},"_links":{"self":[{"href":"https:\/\/havamall.vn\/en\/wp-json\/wp\/v2\/product\/16091"}],"collection":[{"href":"https:\/\/havamall.vn\/en\/wp-json\/wp\/v2\/product"}],"about":[{"href":"https:\/\/havamall.vn\/en\/wp-json\/wp\/v2\/types\/product"}],"replies":[{"embeddable":true,"href":"https:\/\/havamall.vn\/en\/wp-json\/wp\/v2\/comments?post=16091"}],"version-history":[{"count":0,"href":"https:\/\/havamall.vn\/en\/wp-json\/wp\/v2\/product\/16091\/revisions"}],"wp:featuredmedia":[{"embeddable":true,"href":"https:\/\/havamall.vn\/en\/wp-json\/wp\/v2\/media\/16097"}],"wp:attachment":[{"href":"https:\/\/havamall.vn\/en\/wp-json\/wp\/v2\/media?parent=16091"}],"wp:term":[{"taxonomy":"product_brand","embeddable":true,"href":"https:\/\/havamall.vn\/en\/wp-json\/wp\/v2\/product_brand?post=16091"},{"taxonomy":"product_cat","embeddable":true,"href":"https:\/\/havamall.vn\/en\/wp-json\/wp\/v2\/product_cat?post=16091"},{"taxonomy":"product_tag","embeddable":true,"href":"https:\/\/havamall.vn\/en\/wp-json\/wp\/v2\/product_tag?post=16091"}],"curies":[{"name":"wp","href":"https:\/\/api.w.org\/{rel}","templated":true}]}}