{"id":15977,"date":"2020-08-27T15:16:48","date_gmt":"2020-08-27T08:16:48","guid":{"rendered":"https:\/\/havamall.vn\/?post_type=product&#038;p=15977"},"modified":"2022-01-24T17:06:27","modified_gmt":"2022-01-24T10:06:27","slug":"combo-gia-dinh","status":"publish","type":"product","link":"https:\/\/havamall.vn\/en\/shop\/combo-gia-dinh\/","title":{"rendered":"Combo Gia \u0110\u00ecnh"},"content":{"rendered":"<p>\u27a4 Trong nh\u1ecbp s\u1ed1ng v\u1ed9i v\u00e3 hi\u1ec7n nay, c\u00e1c gia \u0111\u00ecnh lu\u00f4n t\u1ea5t b\u1eadt v\u1edbi c\u00e1c c\u00f4ng vi\u1ec7c th\u01b0\u1eddng ng\u00e0y c\u1ee7a m\u00ecnh tr\u00ean c\u00f4ng s\u1edf, kh\u00f4ng th\u1ec3 m\u1ea5t th\u1eddi gian ch\u1ecdn l\u1ef1a t\u1eebng m\u00f3n s\u1ea3n ph\u1ea9m \u0111\u1ec3 th\u1ef1c hi\u1ec7n c\u00e1c m\u00f3n \u0103n cho gia \u0111\u00ecnh \u0111\u01b0\u1ee3c.<\/p>\n<p><strong>\u2714 <\/strong>Hi\u1ec3u \u0111\u01b0\u1ee3c t\u00e2m l\u00fd \u0111\u00f3 nay <em>Havamall<\/em> \u0111\u00e3 cho ra \u0111\u1eddi <strong>Combo Gia \u0110\u00ecnh<\/strong> gi\u00fap b\u1ea1n x\u00f3a tan \u0111i n\u1ed7i lo \u0111\u00f3.<\/p>\n<p><img fetchpriority=\"high\" decoding=\"async\" class=\"wp-image-15978 aligncenter\" src=\"https:\/\/havamall.vn\/wp-content\/uploads\/2020\/08\/avt-giadinh-800px-300x300.png\" alt=\"\" width=\"751\" height=\"751\" srcset=\"https:\/\/havamall.vn\/wp-content\/uploads\/2020\/08\/avt-giadinh-800px-300x300.png 300w, https:\/\/havamall.vn\/wp-content\/uploads\/2020\/08\/avt-giadinh-800px-430x430.png 430w, https:\/\/havamall.vn\/wp-content\/uploads\/2020\/08\/avt-giadinh-800px-150x150.png 150w, https:\/\/havamall.vn\/wp-content\/uploads\/2020\/08\/avt-giadinh-800px-700x700.png 700w, https:\/\/havamall.vn\/wp-content\/uploads\/2020\/08\/avt-giadinh-800px-768x768.png 768w, https:\/\/havamall.vn\/wp-content\/uploads\/2020\/08\/avt-giadinh-800px-600x600.png 600w, https:\/\/havamall.vn\/wp-content\/uploads\/2020\/08\/avt-giadinh-800px-100x100.png 100w, https:\/\/havamall.vn\/wp-content\/uploads\/2020\/08\/avt-giadinh-800px.png 800w\" sizes=\"(max-width: 751px) 100vw, 751px\" \/><\/p>\n<p><strong>\u2714 <\/strong>V\u1edbi <strong>Combo Gia \u0110\u00ecnh<\/strong> b\u1ea1n c\u00f3 th\u1ec3 th\u1ef1c hi\u1ec7n \u0111\u01b0\u1ee3c c\u00e1c bu\u1ed5i \u0103n s\u00e1ng ti\u1ec7n l\u1ee3i, nhanh ch\u00f3ng, nh\u01b0ng v\u1eabn \u0111\u1ea3m b\u1ea3o \u0111\u01b0\u1ee3c dinh d\u01b0\u1ee1ng h\u1eb1ng ng\u00e0y b\u1ea1n nh\u00e9.<\/p>\n<p><img decoding=\"async\" class=\"wp-image-15980 aligncenter\" src=\"https:\/\/havamall.vn\/wp-content\/uploads\/2020\/08\/2-1-300x225.jpg\" alt=\"\" width=\"750\" height=\"562\" srcset=\"https:\/\/havamall.vn\/wp-content\/uploads\/2020\/08\/2-1-300x225.jpg 300w, https:\/\/havamall.vn\/wp-content\/uploads\/2020\/08\/2-1-430x323.jpg 430w, https:\/\/havamall.vn\/wp-content\/uploads\/2020\/08\/2-1-150x113.jpg 150w, https:\/\/havamall.vn\/wp-content\/uploads\/2020\/08\/2-1-700x525.jpg 700w, https:\/\/havamall.vn\/wp-content\/uploads\/2020\/08\/2-1-768x576.jpg 768w, https:\/\/havamall.vn\/wp-content\/uploads\/2020\/08\/2-1-1024x768.jpg 1024w, https:\/\/havamall.vn\/wp-content\/uploads\/2020\/08\/2-1.jpg 1200w, https:\/\/havamall.vn\/wp-content\/uploads\/2020\/08\/2-1-600x450.jpg 600w\" sizes=\"(max-width: 750px) 100vw, 750px\" \/><\/p>\n<p>Combo bao g\u1ed3m:<\/p>\n<ul>\n<li><em>N\u01b0\u1edbc t\u01b0\u01a1ng Nh\u1ea5t Ph\u1ea9m Ti\u00ean H\u1ea3i Thi\u00ean 500ml<\/em> n\u1ed5i ti\u1ebfng tr\u1ee9 danh:<\/li>\n<\/ul>\n<p>&nbsp;<\/p>\n<p>S\u1ea3n xu\u1ea5t v\u00e0 ch\u1ebf bi\u1ebfn theo ph\u01b0\u01a1ng ph\u00e1p truy\u1ec1n th\u1ed1ng. \u00c1p d\u1ee5ng c\u00f4ng ngh\u1ec7 hi\u1ec7n \u0111\u1ea1i, \u0111\u1ea3m b\u1ea3o an to\u00e0n v\u1ec7 sinh th\u1ef1c ph\u1ea9m. D\u00f9ng tr\u1ef1c ti\u1ebfp l\u00e0m n\u01b0\u1edbc ch\u1ea5m, l\u00e0m\u00a0gia v\u1ecb t\u1ea9m \u01b0\u1edbp, kho, x\u00e0o, \u2026Gia v\u1ecb kh\u00f4ng th\u1ec3 thi\u1ebfu c\u1ee7a c\u00e1c m\u00f3n h\u1ea3i s\u1ea3n.<\/p>\n<p><img decoding=\"async\" class=\"wp-image-15981 aligncenter\" src=\"https:\/\/havamall.vn\/wp-content\/uploads\/2020\/08\/3-300x140.jpg\" alt=\"\" width=\"750\" height=\"350\" srcset=\"https:\/\/havamall.vn\/wp-content\/uploads\/2020\/08\/3-300x140.jpg 300w, https:\/\/havamall.vn\/wp-content\/uploads\/2020\/08\/3-430x201.jpg 430w, https:\/\/havamall.vn\/wp-content\/uploads\/2020\/08\/3-150x70.jpg 150w, https:\/\/havamall.vn\/wp-content\/uploads\/2020\/08\/3-700x327.jpg 700w, https:\/\/havamall.vn\/wp-content\/uploads\/2020\/08\/3-600x280.jpg 600w, https:\/\/havamall.vn\/wp-content\/uploads\/2020\/08\/3.jpg 750w\" sizes=\"(max-width: 750px) 100vw, 750px\" \/><\/p>\n<p>&nbsp;<\/p>\n<p>C\u00e1ch d\u00f9ng:<\/p>\n<p>\u2013 D\u00f9ng tr\u1ef1c ti\u1ebfp l\u00e0m n\u01b0\u1edbc ch\u1ea5m:<\/p>\n<p>+ Ch\u1ea5m c\u00e1c m\u00f3n rau, c\u1ee7, qu\u1ea3<\/p>\n<p>+ Pha l\u1eabn v\u1edbi m\u00f9 t\u1ea1t ch\u1ea5m g\u1ecfi cu\u1ed1n, sushi, c\u00e1c m\u00f3n g\u1ecfi t\u01b0\u01a1i s\u1ed1ng,..<\/p>\n<p>+ Pha ch\u1ebf v\u1edbi t\u1ecfi, \u1edbt b\u0103m nh\u1ecf ch\u1ea5m c\u00e1c m\u00f3n n\u01b0\u1edbng, lu\u1ed9c, chi\u00ean,..<\/p>\n<p>\u2013 D\u00f9ng l\u00e0m gia v\u1ecb \u01b0\u1edbp kho, x\u00e0o, t\u1ea1o m\u00e0u s\u1eafc \u0111\u1eadm \u0111\u00e0 v\u00e0 th\u01a1m ngon h\u01a1n c\u00e1ch th\u1eafng \u0111\u01b0\u1eddng th\u00f4ng th\u01b0\u1eddng.<\/p>\n<p>\u2013 D\u00f9ng l\u00e0m gia v\u1ecb t\u1ea7m \u01b0\u1edbp v\u00e0 ch\u1ebf bi\u1ebfn c\u00e1c m\u00f3n h\u1ea3i s\u1ea3n, th\u1ecbt, c\u00e1,.. n\u01b0\u1edbng, l\u1ea9u v\u00e0 nhi\u1ec1u m\u00f3n \u0103n kh\u00e1c mang l\u1ea1i h\u01b0\u01a1ng v\u1ecb r\u1ea5t ngon v\u00e0 kh\u00e1c bi\u1ec7t.<\/p>\n<ul>\n<li>B\u01a1 Ph\u00e1p Bretel:<\/li>\n<\/ul>\n<p><img loading=\"lazy\" decoding=\"async\" class=\"wp-image-15983 aligncenter\" src=\"https:\/\/havamall.vn\/wp-content\/uploads\/2020\/08\/5-1-300x300.jpg\" alt=\"\" width=\"750\" height=\"750\" srcset=\"https:\/\/havamall.vn\/wp-content\/uploads\/2020\/08\/5-1-300x300.jpg 300w, https:\/\/havamall.vn\/wp-content\/uploads\/2020\/08\/5-1-150x150.jpg 150w, https:\/\/havamall.vn\/wp-content\/uploads\/2020\/08\/5-1-100x100.jpg 100w, https:\/\/havamall.vn\/wp-content\/uploads\/2020\/08\/5-1.jpg 350w\" sizes=\"(max-width: 750px) 100vw, 750px\" \/><\/p>\n<p>Beurre Bretel Butter \u0111\u01b0\u1ee3c l\u00e0m t\u1eeb ch\u1ea5t b\u00e9o s\u1eefa cao c\u1ea5p t\u1eeb nh\u1eefng gi\u1ed1ng b\u00f2 qu\u00ed tr\u00ean nh\u1eefng c\u00e1nh \u0111\u1ed3ng c\u1ecf c\u1ee7a v\u00f9ng Bretel n\u1ed5i ti\u1ebfng c\u1ee7a Ph\u00e1p<\/p>\n<ul>\n<li>B\u01a1 Bretel hay c\u00f2n g\u1ecdi l\u00e0 B\u01a1 \u0110\u1ed3ng Ti\u1ec1n, \u0111\u1ed1i v\u1edbi nhi\u1ec1u kh\u00e1ch h\u00e0ng trung ni\u00ean th\u00ec \u0111\u00e2y kh\u00f4ng ch\u1ec9 l\u00e0 m\u00f3n b\u01a1 quen d\u00f9ng m\u00e0 n\u00f3 c\u00f2n g\u1eafn v\u1edbi nhi\u1ec1u k\u1ec9 ni\u1ec7m th\u1eddi tr\u1ebb c\u1ee7a h\u1ecd.<br \/>\nB\u01a1 \u0111\u01b0\u1ee3c d\u00f9ng \u0111\u1ec3 qu\u1ebft l\u00ean b\u00e1nh m\u00ec, d\u00f9ng l\u00e0m gia v\u1ecb, c\u0169ng nh\u01b0 d\u00f9ng trong n\u1ea5u n\u01b0\u1edbng ch\u1eb3ng h\u1ea1n nh\u01b0 l\u00e0m n\u01b0\u1edbc x\u1ed1t, r\u00e1n, n\u01b0\u1edbng.<\/li>\n<li>B\u01a1 th\u01b0\u1eddng c\u00f3 m\u00e0u v\u00e0ng nh\u1ea1t nh\u01b0ng c\u0169ng th\u1ec3 c\u00f3 gam m\u00e0u t\u1eeb v\u00e0ng th\u1eabm \u0111\u1ebfn g\u1ea7n nh\u01b0 tr\u1eafng.<br \/>\nBeurre Bretel Butter \u0111\u01b0\u1ee3c l\u00e0m t\u1eeb ch\u1ea5t b\u00e9o s\u1eefa cao c\u1ea5p t\u1eeb nh\u1eefng gi\u1ed1ng b\u00f2 qu\u00ed tr\u00ean nh\u1eefng c\u00e1nh \u0111\u1ed3ng c\u1ecf c\u1ee7a v\u00f9ng Bretel n\u1ed5i ti\u1ebfng c\u1ee7a Ph\u00e1p<\/li>\n<\/ul>\n<p><img loading=\"lazy\" decoding=\"async\" class=\"wp-image-15979 aligncenter\" src=\"https:\/\/havamall.vn\/wp-content\/uploads\/2020\/08\/1-300x300.jpg\" alt=\"\" width=\"750\" height=\"750\" srcset=\"https:\/\/havamall.vn\/wp-content\/uploads\/2020\/08\/1-300x300.jpg 300w, https:\/\/havamall.vn\/wp-content\/uploads\/2020\/08\/1-430x430.jpg 430w, https:\/\/havamall.vn\/wp-content\/uploads\/2020\/08\/1-150x150.jpg 150w, https:\/\/havamall.vn\/wp-content\/uploads\/2020\/08\/1-600x600.jpg 600w, https:\/\/havamall.vn\/wp-content\/uploads\/2020\/08\/1-100x100.jpg 100w, https:\/\/havamall.vn\/wp-content\/uploads\/2020\/08\/1.jpg 640w\" sizes=\"(max-width: 750px) 100vw, 750px\" \/><\/p>\n<p>Ngo\u00e0i chuy\u1ec7n \u0103n v\u1edbi b\u00e1nh m\u1ef3 th\u00ec b\u01a1 cho v\u00e0o khoai t\u00e2y r\u00e1n c\u0169ng r\u1ea5t ngon, v\u00ec n\u1ebfu x\u00f3c mu\u1ed1i th\u00ec r\u1ea5t d\u1ec5 ho\u1eb7c qu\u00e1 nh\u1ea1t ho\u1eb7c qu\u00e1 m\u1eb7n, c\u00f2n tr\u1ed9n b\u01a1 th\u00ec n\u1ebfu cho \u0111\u1ee7 b\u01a1 l\u00e0 t\u1ef1 kh\u1eafc v\u1ecb m\u1eb7n \u0111\u00e3 v\u1eeba.<\/p>\n<p>B\u01a1 Bretel \u0111\u01b0\u1ee3c s\u1ea3n xu\u1ea5t t\u1ea1i Ph\u00e1p.<\/p>\n<p><img loading=\"lazy\" decoding=\"async\" class=\"wp-image-15984 aligncenter\" src=\"https:\/\/havamall.vn\/wp-content\/uploads\/2020\/08\/bo4-200x300.jpg\" alt=\"\" width=\"561\" height=\"842\" srcset=\"https:\/\/havamall.vn\/wp-content\/uploads\/2020\/08\/bo4-200x300.jpg 200w, https:\/\/havamall.vn\/wp-content\/uploads\/2020\/08\/bo4-430x645.jpg 430w, https:\/\/havamall.vn\/wp-content\/uploads\/2020\/08\/bo4-150x225.jpg 150w, https:\/\/havamall.vn\/wp-content\/uploads\/2020\/08\/bo4-600x900.jpg 600w, https:\/\/havamall.vn\/wp-content\/uploads\/2020\/08\/bo4.jpg 640w\" sizes=\"(max-width: 561px) 100vw, 561px\" \/><\/p>\n<ul>\n<li>C\u00e1c lo\u1ea1i Pate n\u1ed5i ti\u1ebfng c\u1ee7a Jean Floc\u2019H nh\u01b0:<\/li>\n<li>Pate Th\u1ecbt Heo 200gr<\/li>\n<li>Pate G\u00e0 T\u00e2y<\/li>\n<li>Pate Gan G\u00e0<\/li>\n<li>Pate Gan Heo<\/li>\n<li>Pate Jambon \u0110\u00f9i Heo<\/li>\n<li>Pate \u0110\u1ed3ng Qu\u00ea<\/li>\n<\/ul>\n<p>Pate hi\u1ec7u Jean Floc\u2019H \u0111\u01b0\u1ee3c nh\u1eadp kh\u1ea9u tr\u1ef1c ti\u1ebfp t\u1eeb Ph\u00e1p, mang \u0111\u00fang v\u1ecb chu\u1ea9n pate Ph\u00e1p, s\u1ea3n ph\u1ea9m \u0111\u01b0\u1ee3c s\u1ea3n xu\u1ea5t tr\u00ean d\u00e2y chuy\u1ec1n hi\u1ec7n \u0111\u1ea1i, \u0111\u1ea3m b\u1ea3o an to\u00e0n v\u1ec7 sinh th\u1ef1c ph\u1ea9m.<\/p>\n<p><img loading=\"lazy\" decoding=\"async\" class=\"wp-image-15987 aligncenter\" src=\"https:\/\/havamall.vn\/wp-content\/uploads\/2020\/08\/cba29dbc16a763768ac64203241c78d9-300x169.jpg\" alt=\"\" width=\"751\" height=\"423\" srcset=\"https:\/\/havamall.vn\/wp-content\/uploads\/2020\/08\/cba29dbc16a763768ac64203241c78d9-300x169.jpg 300w, https:\/\/havamall.vn\/wp-content\/uploads\/2020\/08\/cba29dbc16a763768ac64203241c78d9-430x242.jpg 430w, https:\/\/havamall.vn\/wp-content\/uploads\/2020\/08\/cba29dbc16a763768ac64203241c78d9-150x84.jpg 150w, https:\/\/havamall.vn\/wp-content\/uploads\/2020\/08\/cba29dbc16a763768ac64203241c78d9-700x394.jpg 700w, https:\/\/havamall.vn\/wp-content\/uploads\/2020\/08\/cba29dbc16a763768ac64203241c78d9-768x432.jpg 768w, https:\/\/havamall.vn\/wp-content\/uploads\/2020\/08\/cba29dbc16a763768ac64203241c78d9-1024x576.jpg 1024w, https:\/\/havamall.vn\/wp-content\/uploads\/2020\/08\/cba29dbc16a763768ac64203241c78d9-600x338.jpg 600w, https:\/\/havamall.vn\/wp-content\/uploads\/2020\/08\/cba29dbc16a763768ac64203241c78d9.jpg 1152w\" sizes=\"(max-width: 751px) 100vw, 751px\" \/><\/p>\n<p>&nbsp;<\/p>\n<ul>\n<li>M\u00f3n n\u00e0y th\u01b0\u1eddng \u0111\u01b0\u1ee3c \u0103n k\u00e8m v\u1edbi b\u00e1nh m\u1ef3, x\u00f4i n\u00f3ng cho b\u1eefa s\u00e1ng ho\u1eb7c nh\u1eefng b\u1eefa \u0103n nh\u1eb9 \u0111\u1ec3 l\u1ea5y l\u1ea1i s\u1ee9c kh\u1ecfe cho c\u00f4ng vi\u1ec7c, h\u1ecdc t\u1eadp.<\/li>\n<li>S\u1ea3n ph\u1ea9m nh\u1eadp kh\u1ea9u nguy\u00ean h\u1ed9p t\u1eeb Ph\u00e1p.<\/li>\n<li>Pate gan, th\u1ecbt heo hi\u1ec7u Jean Floc\u2019h, nguy\u00ean li\u1ec7u kh\u00f4ng th\u1ec3 thi\u1ebfu \u0111\u1ec3 n\u1ea5u m\u00f3n pate v\u1edbi th\u1ecbt heo\/th\u1ecbt b\u00f2\/th\u1ecbt g\u00e0. V\u1ecb b\u00e9o c\u1ee7a gan, \u0111\u1eadm \u0111\u00e0 c\u1ee7a th\u1ecbt, h\u01b0\u01a1ng v\u1ecb th\u01a1m ngon c\u1ee7a pate Ph\u00e1p gi\u00fap m\u00f3n \u0103n kh\u00f4ng ch\u00ea v\u00e0o \u0111\u00e2u \u0111\u01b0\u1ee3c. H\u01b0\u01a1ng v\u1ecb nh\u1edb m\u00e3i kh\u00f4ng qu\u00ean!<\/li>\n<\/ul>\n<p><img loading=\"lazy\" decoding=\"async\" class=\"wp-image-15986 aligncenter\" src=\"https:\/\/havamall.vn\/wp-content\/uploads\/2020\/08\/teaser_meo_bo_sung_vitamin_a_tu_mon_pate-1187829-300x225.jpg\" alt=\"\" width=\"750\" height=\"562\" srcset=\"https:\/\/havamall.vn\/wp-content\/uploads\/2020\/08\/teaser_meo_bo_sung_vitamin_a_tu_mon_pate-1187829-300x225.jpg 300w, https:\/\/havamall.vn\/wp-content\/uploads\/2020\/08\/teaser_meo_bo_sung_vitamin_a_tu_mon_pate-1187829-430x323.jpg 430w, https:\/\/havamall.vn\/wp-content\/uploads\/2020\/08\/teaser_meo_bo_sung_vitamin_a_tu_mon_pate-1187829-150x113.jpg 150w, https:\/\/havamall.vn\/wp-content\/uploads\/2020\/08\/teaser_meo_bo_sung_vitamin_a_tu_mon_pate-1187829-700x525.jpg 700w, https:\/\/havamall.vn\/wp-content\/uploads\/2020\/08\/teaser_meo_bo_sung_vitamin_a_tu_mon_pate-1187829-768x576.jpg 768w, https:\/\/havamall.vn\/wp-content\/uploads\/2020\/08\/teaser_meo_bo_sung_vitamin_a_tu_mon_pate-1187829-1024x768.jpg 1024w, https:\/\/havamall.vn\/wp-content\/uploads\/2020\/08\/teaser_meo_bo_sung_vitamin_a_tu_mon_pate-1187829-1200x900.jpg 1200w, https:\/\/havamall.vn\/wp-content\/uploads\/2020\/08\/teaser_meo_bo_sung_vitamin_a_tu_mon_pate-1187829-600x450.jpg 600w, https:\/\/havamall.vn\/wp-content\/uploads\/2020\/08\/teaser_meo_bo_sung_vitamin_a_tu_mon_pate-1187829.jpg 2000w\" sizes=\"(max-width: 750px) 100vw, 750px\" \/><\/p>\n<p>Cu\u1ed9c s\u1ed1ng b\u1eadn r\u1ed9n khi\u1ebfn b\u1ea1n nhi\u1ec1u khi kh\u00f4ng c\u00f3 nhi\u1ec1u th\u1eddi gian chu\u1ea9n b\u1ecb cho b\u1eefa c\u01a1m gia \u0111\u00ecnh. V\u1edbi s\u1ea3n ph\u1ea9m\u00a0Pate Foie Jean Floc\u2019H, b\u1ea1n s\u1ebd r\u00fat ng\u1eafn \u0111\u01b0\u1ee3c th\u1eddi gian cho vi\u1ec7c n\u1ea5u \u0103n. S\u1ea3n ph\u1ea9m c\u00f3 th\u1ec3 d\u00f9ng tr\u1ef1c ti\u1ebfp ho\u1eb7c l\u00e0m n\u00f3ng l\u1ea1i tr\u01b0\u1edbc khi d\u00f9ng l\u00e0 \u0111\u00e3 s\u1eb5n s\u00e0ng cho m\u1ed9t m\u00f3n \u0103n th\u01a1m ngon b\u1ed5 d\u01b0\u1ee1ng.<\/p>\n<p><img loading=\"lazy\" decoding=\"async\" class=\"wp-image-15988 aligncenter\" src=\"https:\/\/havamall.vn\/wp-content\/uploads\/2020\/08\/photo-pate-JEAN-FLOCH-ANTOINE.jpg-300x158.png\" alt=\"\" width=\"750\" height=\"395\" srcset=\"https:\/\/havamall.vn\/wp-content\/uploads\/2020\/08\/photo-pate-JEAN-FLOCH-ANTOINE.jpg-300x158.png 300w, https:\/\/havamall.vn\/wp-content\/uploads\/2020\/08\/photo-pate-JEAN-FLOCH-ANTOINE.jpg-430x226.png 430w, https:\/\/havamall.vn\/wp-content\/uploads\/2020\/08\/photo-pate-JEAN-FLOCH-ANTOINE.jpg-150x79.png 150w, https:\/\/havamall.vn\/wp-content\/uploads\/2020\/08\/photo-pate-JEAN-FLOCH-ANTOINE.jpg-700x368.png 700w, https:\/\/havamall.vn\/wp-content\/uploads\/2020\/08\/photo-pate-JEAN-FLOCH-ANTOINE.jpg-768x403.png 768w, https:\/\/havamall.vn\/wp-content\/uploads\/2020\/08\/photo-pate-JEAN-FLOCH-ANTOINE.jpg-1024x538.png 1024w, https:\/\/havamall.vn\/wp-content\/uploads\/2020\/08\/photo-pate-JEAN-FLOCH-ANTOINE.jpg.png 1200w, https:\/\/havamall.vn\/wp-content\/uploads\/2020\/08\/photo-pate-JEAN-FLOCH-ANTOINE.jpg-600x315.png 600w\" sizes=\"(max-width: 750px) 100vw, 750px\" \/><\/p>\n<p><strong>\u2714 <\/strong>C\u00f3 th\u1ec3 d\u00f9ng\u00a0Pate Foie Jean Floc\u2019H\u00a0ch\u1ebf bi\u1ebfn th\u00e0nh c\u00e1c m\u00f3n \u0103n kh\u00e1c t\u00f9y s\u1edf th\u00edch. S\u1ea3n ph\u1ea9m \u0111\u01b0\u1ee3c \u0111\u00f3ng h\u1ed9p nh\u1ecf g\u1ecdn, ti\u1ec7n l\u1ee3i s\u1eed d\u1ee5ng trong gia \u0111\u00ecnh ho\u1eb7c mang \u0111i du l\u1ecbch, d\u00e3 ngo\u1ea1i.<\/p>\n<p>&nbsp;<\/p>\n<p>&nbsp;<\/p>","protected":false},"excerpt":{"rendered":"<p>\u27a4 Trong nh\u1ecbp s\u1ed1ng v\u1ed9i v\u00e3 hi\u1ec7n nay, c\u00e1c gia \u0111\u00ecnh lu\u00f4n t\u1ea5t b\u1eadt v\u1edbi c\u00e1c c\u00f4ng vi\u1ec7c th\u01b0\u1eddng ng\u00e0y c\u1ee7a m\u00ecnh tr\u00ean c\u00f4ng s\u1edf, kh\u00f4ng th\u1ec3 m\u1ea5t th\u1eddi gian ch\u1ecdn l\u1ef1a t\u1eebng m\u00f3n s\u1ea3n ph\u1ea9m \u0111\u1ec3 th\u1ef1c hi\u1ec7n c\u00e1c m\u00f3n \u0103n cho gia \u0111\u00ecnh \u0111\u01b0\u1ee3c.<\/p>\n<p><strong>\u2714 <\/strong>Hi\u1ec3u \u0111\u01b0\u1ee3c t\u00e2m l\u00fd \u0111\u00f3 nay <em>Havamall<\/em> \u0111\u00e3 cho ra \u0111\u1eddi <strong>Combo Gia \u0110\u00ecnh<\/strong> gi\u00fap b\u1ea1n x\u00f3a tan \u0111i n\u1ed7i lo \u0111\u00f3.<\/p>\n<p><strong>\u2714 <\/strong>V\u1edbi <strong>Combo Gia \u0110\u00ecnh<\/strong> b\u1ea1n c\u00f3 th\u1ec3 th\u1ef1c hi\u1ec7n \u0111\u01b0\u1ee3c c\u00e1c bu\u1ed5i \u0103n s\u00e1ng ti\u1ec7n l\u1ee3i, nhanh ch\u00f3ng, nh\u01b0ng v\u1eabn \u0111\u1ea3m b\u1ea3o \u0111\u01b0\u1ee3c dinh d\u01b0\u1ee1ng h\u1eb1ng ng\u00e0y b\u1ea1n nh\u00e9.<\/p>","protected":false},"featured_media":15978,"comment_status":"open","ping_status":"closed","template":"","meta":[],"product_brand":[],"product_cat":[409,40,36,143],"product_tag":[],"class_list":{"0":"post-15977","1":"product","2":"type-product","3":"status-publish","4":"has-post-thumbnail","6":"product_cat-hop-qua-set-qua","7":"product_cat-sieuthi-giasi","8":"product_cat-thuc-pham-tieu-dung","9":"product_cat-thuc-pham-dong-hop","11":"first","12":"instock","13":"sale","14":"shipping-taxable","15":"purchasable","16":"product-type-simple"},"_links":{"self":[{"href":"https:\/\/havamall.vn\/en\/wp-json\/wp\/v2\/product\/15977"}],"collection":[{"href":"https:\/\/havamall.vn\/en\/wp-json\/wp\/v2\/product"}],"about":[{"href":"https:\/\/havamall.vn\/en\/wp-json\/wp\/v2\/types\/product"}],"replies":[{"embeddable":true,"href":"https:\/\/havamall.vn\/en\/wp-json\/wp\/v2\/comments?post=15977"}],"version-history":[{"count":0,"href":"https:\/\/havamall.vn\/en\/wp-json\/wp\/v2\/product\/15977\/revisions"}],"wp:featuredmedia":[{"embeddable":true,"href":"https:\/\/havamall.vn\/en\/wp-json\/wp\/v2\/media\/15978"}],"wp:attachment":[{"href":"https:\/\/havamall.vn\/en\/wp-json\/wp\/v2\/media?parent=15977"}],"wp:term":[{"taxonomy":"product_brand","embeddable":true,"href":"https:\/\/havamall.vn\/en\/wp-json\/wp\/v2\/product_brand?post=15977"},{"taxonomy":"product_cat","embeddable":true,"href":"https:\/\/havamall.vn\/en\/wp-json\/wp\/v2\/product_cat?post=15977"},{"taxonomy":"product_tag","embeddable":true,"href":"https:\/\/havamall.vn\/en\/wp-json\/wp\/v2\/product_tag?post=15977"}],"curies":[{"name":"wp","href":"https:\/\/api.w.org\/{rel}","templated":true}]}}