{"id":15963,"date":"2020-08-26T17:38:29","date_gmt":"2020-08-26T10:38:29","guid":{"rendered":"https:\/\/havamall.vn\/?post_type=product&#038;p=15963"},"modified":"2023-10-24T16:35:02","modified_gmt":"2023-10-24T09:35:02","slug":"combo-keo-striking-va-icee","status":"publish","type":"product","link":"https:\/\/havamall.vn\/en\/shop\/combo-keo-striking-va-icee\/","title":{"rendered":"Combo K\u1eb9o Striking V\u00e0 Icee"},"content":{"rendered":"<div>Combo K\u1eb9o n\u1ed5 Striking v\u00e0 K\u1eb9o Icee hi\u1ec7n \u0111ang th\u00e0nh c\u01a1n s\u1ed1t th\u1ecb tr\u01b0\u1eddng k\u1eb9o \u0110\u00e0i Loan, v\u1edbi 1 h\u1ed9p combo k\u1eb9o nh\u1ecf nh\u1eafn nh\u01b0ng bao g\u1ed3m t\u1ea5t c\u1ea3 c\u00e1c v\u1ecb \u0111ang HOT hi\u1ec7n nay nay \u0111\u00e3 \u0111\u01b0\u1ee3c ra m\u1eaft v\u1edbi 1 b\u1ed9 d\u1ea1ng thi\u1ebft k\u1ebf m\u1edbi. R\u1ea5t th\u00edch h\u1ee3p s\u1eed d\u1ee5ng l\u00e0m qu\u00e0 t\u1eb7ng trong m\u1ecdi d\u1ecbp \u0111\u1eb7c bi\u1ec7t.<\/div>\n<div><\/div>\n<div>\n<div><img fetchpriority=\"high\" decoding=\"async\" class=\"aligncenter\" src=\"https:\/\/havamall.vn\/wp-content\/uploads\/2020\/08\/87a010da4bffabdbb083865561570ecf.jpg\" width=\"1104\" height=\"1015\" \/><\/div>\n<div><\/div>\n<div><\/div>\n<\/div>\n<div>K\u1eb9o n\u1ed5 m\u1ed9t trong nh\u1eefng lo\u1ea1i k\u1eb9o y\u00eau th\u00edch c\u1ee7a c\u00e1c b\u00e9 v\u00e0 \u0111\u00f4i khi l\u00e0 c\u1ea3 ng\u01b0\u1eddi l\u1edbn, nh\u1eefng ti\u1ebfng n\u1ed5 b\u00f4m n\u1ed1p vui mi\u1ec7ng c\u00f9ng h\u01b0\u01a1ng v\u1ecb chua chua ng\u1ecdt ng\u1ecdt l\u00e0 \u0111\u00e1ng nh\u1edb h\u01a1n h\u1ebft. K\u1eb9o n\u1ed5 t\u00ed t\u00e1ch khi ng\u1eadm trong mi\u1ec7ng. Vui vui, l\u1ea1 l\u1ea1, r\u00f4m r\u1ea3 c\u1ea3 nh\u00e0<\/div>\n<div>\n<div><img decoding=\"async\" class=\"aligncenter\" src=\"https:\/\/havamall.vn\/wp-content\/uploads\/2020\/08\/9c76c601320ec3acae55af715088e19b.jpg\" width=\"1101\" height=\"419\" \/><\/div>\n<div><\/div>\n<p>M\u1ed9t trong nh\u1eefng lo\u1ea1i k\u1eb9o g\u1eafn li\u1ec1n v\u1edbi tu\u1ed5i th\u01a1 c\u1ee7a ch\u00fang ta. Nh\u1eefng v\u1ee5n k\u1eb9o b\u00e9 t\u00ed v\u1eeba ng\u1ecdt v\u1eeba th\u01a1m n\u1ee9c v\u1ecb tr\u00e1i c\u00e2y, \u0111\u1eb7c bi\u1ec7t khi v\u1eeba b\u1ecf v\u00e0o mi\u1ec7ng l\u00e0 n\u1ed5 l\u1ed1p b\u1ed1p nh\u01b0 qu\u1ea3 bom t\u00ed hon ph\u00e1t n\u1ed5. V\u1eeba ngon l\u1ea1i v\u1eeba th\u00fa v\u1ecb v\u00f4 c\u00f9ng.<\/p>\n<\/div>\n<div>\n<p>K\u1eb9o n\u1ed5 l\u00e0 m\u1ed9t trong nh\u1eefng lo\u1ea1i k\u1eb9o y\u00eau th\u00edch c\u1ee7a c\u00e1c b\u00e9 v\u00e0 \u0111\u00f4i khi l\u00e0 k\u1ec3 c\u1ea3 ng\u01b0\u1eddi l\u1edbn, nh\u01b0ng ti\u1ebfng n\u1ed5 b\u00f4m b\u1ed1p vui mi\u1ec7ng c\u00f9ng v\u1edbi h\u01b0\u01a1ng v\u1ecb chua ng\u1ecdt l\u00e0 \u0111\u00e1ng nh\u1edb h\u01a1n h\u1ebft. K\u1eb9o n\u1ed5 t\u00ed t\u00e1ch khi ng\u1eadm trong mi\u1ec7ng, vui vui l\u1ea1 l\u1ea1 r\u00f4m r\u1ea3 c\u1ea3 nh\u00e0.<\/p>\n<div><\/div>\n<div><img decoding=\"async\" class=\"aligncenter\" src=\"https:\/\/havamall.vn\/wp-content\/uploads\/2020\/08\/29efc7fd568c0e8f8f3c0bb549743753.png\" width=\"700\" height=\"1061\" \/><\/div>\n<div><\/div>\n<div><\/div>\n<div>B\u00ean c\u1ea1nh \u0111\u00f3 K\u1eb9o The Ice (v\u1ecb \u0110\u00e0o) v\u00e0 ( v\u1ecb Cam ) nay \u0111\u00e3 c\u00f3 d\u1ea1ng g\u00f3i ti\u1ec7n d\u1ee5ng. V\u1edbi kho\u00e1 zipper, gi\u00fap b\u1ea1n d\u1ec5 d\u00e0ng b\u1ea3o qu\u1ea3n, v\u1edbi c\u00e1c th\u00e0nh ph\u1ea7n g\u1ed3m ch\u1ea5t t\u1ea1o ng\u1ecdt 97,999%, h\u01b0\u01a1ng cam t\u01b0\u01a1i m\u00e1t, tinh d\u1ea7u \u0111\u00e0o 0,8 %,\u2026 \u0111\u00e3 t\u1ea1o n\u00ean vi\u00ean k\u1eb9o th\u01a1m ngon, ng\u1ecdt thanh v\u00e0 the nh\u1eb9.<\/div>\n<div><\/div>\n<div><img loading=\"lazy\" decoding=\"async\" class=\"aligncenter\" src=\"https:\/\/havamall.vn\/wp-content\/uploads\/2020\/08\/5b69c1ab1202eaedb708f6271cc4a07c.png\" width=\"700\" height=\"991\" \/><\/div>\n<div><\/div>\n<p>C\u1ea3m nh\u1eadn v\u1ecb ng\u1ecdt ng\u00e0o c\u1ee7a tr\u00e1i c\u00e2y t\u1ef1 nhi\u00ean ch\u1eafc h\u1eb3n s\u1ebd r\u1ea5t th\u00fa v\u1ecb thu h\u00fat c\u1ea3 ng\u01b0\u1eddi l\u1edbn v\u00e0 tr\u1ebb nh\u1ecf. K\u1eb9o r\u1ea5t th\u00edch h\u1ee3p l\u00e0m m\u00f3n tr\u00e1ng mi\u1ec7ng trong b\u1eefa tr\u01b0a ho\u1eb7c l\u00e0m th\u1ee9c \u0103n nh\u1eb9.<\/p>\n<div>Xu\u1ea5t x\u1ee9: Hongkong.<\/div>\n<div>Ng\u00e0y s\u1ea3n xu\u1ea5t: In tr\u00ean bao b\u00ec s\u1ea3n ph\u1ea9m.<\/div>\n<div>H\u1ea1n s\u1eed d\u1ee5ng: 2 n\u0103m k\u1ec3 t\u1eeb ng\u00e0y s\u1ea3n xu\u1ea5t.<\/div>\n<\/div>","protected":false},"excerpt":{"rendered":"<p>Combo K\u1eb9o n\u1ed5 Striking v\u00e0 K\u1eb9o Icee hi\u1ec7n \u0111ang th\u00e0nh c\u01a1n s\u1ed1t th\u1ecb tr\u01b0\u1eddng k\u1eb9o \u0110\u00e0i Loan, v\u1edbi 1 h\u1ed9p combo k\u1eb9o nh\u1ecf nh\u1eafn nh\u01b0ng bao g\u1ed3m t\u1ea5t c\u1ea3 c\u00e1c v\u1ecb \u0111ang HOT hi\u1ec7n nay nay \u0111\u00e3 \u0111\u01b0\u1ee3c ra m\u1eaft v\u1edbi 1 b\u1ed9 d\u1ea1ng thi\u1ebft k\u1ebf m\u1edbi. R\u1ea5t th\u00edch h\u1ee3p s\u1eed d\u1ee5ng l\u00e0m qu\u00e0 t\u1eb7ng trong m\u1ecdi d\u1ecbp \u0111\u1eb7c bi\u1ec7t<\/p>","protected":false},"featured_media":15975,"comment_status":"open","ping_status":"closed","template":"","meta":[],"product_brand":[],"product_cat":[409,40,36,133,134,143],"product_tag":[],"class_list":{"0":"post-15963","1":"product","2":"type-product","3":"status-publish","4":"has-post-thumbnail","6":"product_cat-hop-qua-set-qua","7":"product_cat-sieuthi-giasi","8":"product_cat-thuc-pham-tieu-dung","9":"product_cat-banh-keo-chocolate","10":"product_cat-thucpham-saykho","11":"product_cat-thuc-pham-dong-hop","12":"pa_brand-icee","14":"first","15":"outofstock","16":"sale","17":"shipping-taxable","18":"purchasable","19":"product-type-simple"},"_links":{"self":[{"href":"https:\/\/havamall.vn\/en\/wp-json\/wp\/v2\/product\/15963"}],"collection":[{"href":"https:\/\/havamall.vn\/en\/wp-json\/wp\/v2\/product"}],"about":[{"href":"https:\/\/havamall.vn\/en\/wp-json\/wp\/v2\/types\/product"}],"replies":[{"embeddable":true,"href":"https:\/\/havamall.vn\/en\/wp-json\/wp\/v2\/comments?post=15963"}],"version-history":[{"count":0,"href":"https:\/\/havamall.vn\/en\/wp-json\/wp\/v2\/product\/15963\/revisions"}],"wp:featuredmedia":[{"embeddable":true,"href":"https:\/\/havamall.vn\/en\/wp-json\/wp\/v2\/media\/15975"}],"wp:attachment":[{"href":"https:\/\/havamall.vn\/en\/wp-json\/wp\/v2\/media?parent=15963"}],"wp:term":[{"taxonomy":"product_brand","embeddable":true,"href":"https:\/\/havamall.vn\/en\/wp-json\/wp\/v2\/product_brand?post=15963"},{"taxonomy":"product_cat","embeddable":true,"href":"https:\/\/havamall.vn\/en\/wp-json\/wp\/v2\/product_cat?post=15963"},{"taxonomy":"product_tag","embeddable":true,"href":"https:\/\/havamall.vn\/en\/wp-json\/wp\/v2\/product_tag?post=15963"}],"curies":[{"name":"wp","href":"https:\/\/api.w.org\/{rel}","templated":true}]}}