{"id":15944,"date":"2020-08-26T16:54:47","date_gmt":"2020-08-26T09:54:47","guid":{"rendered":"https:\/\/havamall.vn\/?post_type=product&#038;p=15944"},"modified":"2021-05-27T15:56:47","modified_gmt":"2021-05-27T08:56:47","slug":"hang-cong-ty-nhap-khau-combo-gia-vi-thao-moc-dac-trung-tay-au-chau-a-ot-cayenne-taco-bot-que-bot-nghe-xuyen-tieu-ngo-tay-bot-ngo-huong-thao-kho","status":"publish","type":"product","link":"https:\/\/havamall.vn\/en\/shop\/hang-cong-ty-nhap-khau-combo-gia-vi-thao-moc-dac-trung-tay-au-chau-a-ot-cayenne-taco-bot-que-bot-nghe-xuyen-tieu-ngo-tay-bot-ngo-huong-thao-kho\/","title":{"rendered":"Combo Gia V\u1ecb Th\u1ea3o M\u1ed9c \u0110\u1eb7c Tr\u01b0ng T\u00e2y \u00c2u &#8211; Ch\u00e2u \u00c1 ( \u1edat Cayenne, Taco, B\u1ed9t Qu\u1ebf, B\u1ed9t Ngh\u1ec7, Xuy\u00ean Ti\u00eau, Ng\u00f2 T\u00e2y, B\u1ed9t Ng\u00f2, H\u01b0\u01a1ng Th\u1ea3o Kh\u00f4 )"},"content":{"rendered":"<div class=\"html-content pdp-product-highlights\">\n<ul class=\"\">\n<li class=\"\">Gia v\u1ecb l\u00e0 m\u1ed9t th\u00e0nh ph\u1ea7n kh\u00f4ng th\u1ec3 thi\u1ebfu \u0111\u1ec3 t\u1ea1o n\u00ean c\u00e1c m\u00f3n \u0103n ngon v\u1edbi h\u01b0\u01a1ng v\u1ecb \u0111\u1ea7y h\u1ea5p d\u1eabn. B\u1ea1n c\u00f3 th\u1ec3 th\u00eam gia v\u1ecb v\u00e0o c\u00e1c m\u00f3n s\u00fap, rau c\u1ee7 x\u00e0o, c\u00e1c m\u00f3n m\u00ec x\u00e0o, ho\u1eb7c c\u00e1c m\u00f3n th\u1ecbt, c\u00e1, h\u1ea3i s\u1ea3n chi\u00ean, n\u01b0\u1edbng \u0111\u1ec3 t\u0103ng th\u00eam h\u01b0\u01a1ng v\u1ecb.V\u00ec v\u1eady Combo Gia V\u1ecb Th\u1ea3o M\u1ed9c bao g\u1ed3m: ( \u1edaT CAYENNE, TACO, B\u1ed8T QU\u1ebe, B\u1ed8T NGH\u1ec6, XUY\u00caN TI\u00caU, NG\u00d2 T\u00c2Y, B\u1ed8T NG\u00d2, H\u01af\u01a0NG TH\u1ea2O KH\u00d4 ) s\u1ebd l\u00e0 tr\u1ee3 th\u1ee7 \u0111\u1eafc l\u1ef1c cho b\u1ea1n khi b\u1ea1n c\u1ea7n 1 m\u00f3n \u0103n ngon nh\u00e9.<\/li>\n<\/ul>\n<\/div>\n<div class=\"html-content detail-content\">\n<div>\n<div><img fetchpriority=\"high\" decoding=\"async\" class=\"aligncenter\" src=\"https:\/\/havamall.vn\/wp-content\/uploads\/2020\/08\/66069670eaa329981c6e1435e6dc03a6.png\" width=\"929\" height=\"461\" \/><\/div>\n<div><\/div>\n<\/div>\n<div>Combo Gia V\u1ecb Th\u1ea3o M\u1ed9c s\u1ebd gi\u00fap b\u1ea1n ti\u1ebft ki\u1ec7m r\u1ea5t nhi\u1ec1u th\u1eddi gian v\u00e0o b\u1ebfp. B\u00ean c\u1ea1nh \u0111\u00f3 v\u1edbi h\u1ed9p combo nh\u1ecf xinh ch\u00fang ta c\u0169ng c\u00f3 th\u1ec3 d\u00e0nh t\u1eb7ng cho ng\u01b0\u1eddi th\u00e2n \u0111\u1ec3 th\u1ec3 hi\u1ec7n s\u1ef1 quan t\u00e2m h\u01a1n.<\/div>\n<div>\n<div>\n<div><img decoding=\"async\" class=\"aligncenter\" src=\"https:\/\/havamall.vn\/wp-content\/uploads\/2020\/08\/d0e62cfc81bce633c3866005f9653e03.jpg\" width=\"931\" height=\"527\" \/><\/div>\n<\/div>\n<\/div>\n<div>B\u1ea1n c\u00f3 th\u1ec3 th\u00eam b\u1ed9t \u1edbt Cajenne v\u00e0o c\u00e1c m\u00f3n s\u00fap, rau c\u1ee7 x\u00e0o, c\u00e1c m\u00f3n m\u00ec x\u00e0o, ho\u1eb7c c\u00e1c m\u00f3n th\u1ecbt, c\u00e1, h\u1ea3i s\u1ea3n chi\u00ean, n\u01b0\u1edbng \u0111\u1ec3 t\u0103ng th\u00eam h\u01b0\u01a1ng v\u1ecb. \u1edat Cajennethu\u1ed9ch\u1ecd c\u00e0v\u00e0 c\u00f3 li\u00ean quan m\u1eadt thi\u1ebft v\u1edbi \u1edbt chu\u00f4ng, \u1edbt jalapani v\u00e0 \u1edbt b\u1ed9t paprika. Ch\u00fang c\u00f3 ngu\u1ed3n g\u1ed1c \u1edf Trung v\u00e0 Nam M\u1ef9 v\u00e0o th\u1ebf k\u1ef7 15. \u1edat Cajennel\u00e0 lo\u1ea1i gia v\u1ecb ph\u1ed5 bi\u1ebfn \u0111\u01b0\u1ee3c d\u00f9ng trong nhi\u1ec1u ph\u01b0\u01a1ng th\u1ee9c n\u1ea5u \u0103n \u1edf t\u1eebng v\u00f9ng mi\u1ec1n kh\u00e1c nhau.<\/div>\n<div>\n<div>\n<div><img decoding=\"async\" class=\"aligncenter\" src=\"https:\/\/havamall.vn\/wp-content\/uploads\/2020\/08\/75b132a8e320e620fb74eb627bf5fc9f.png\" width=\"931\" height=\"698\" \/><\/div>\n<\/div>\n<div><\/div>\n<p>\u0110\u1ec3 s\u1ea3n xu\u1ea5t \u0111\u01b0\u1ee3c\u00a0<strong>b\u1ed9t \u1edbt\u00a0<\/strong>ch\u1ea5t l\u01b0\u1ee3ng c\u1ea7n ch\u1ecdn l\u1ecdc t\u1eebng tr\u00e1i \u1edbt t\u01b0\u01a1i, to \u0111em \u0111i ph\u01a1i kh\u00f4. Sau \u0111\u00f3 s\u1ea5y c\u00e1ch nhi\u1ec7t l\u1ea5y h\u01a1i n\u00f3ng t\u1ef1 nhi\u1ec7n v\u00e0 xay nhuy\u1ec5n th\u00e0nh d\u1ea1ng b\u1ed9t.<\/p>\n<\/div>\n<div>\n<div>\n<div><img loading=\"lazy\" decoding=\"async\" class=\"aligncenter\" src=\"https:\/\/havamall.vn\/wp-content\/uploads\/2020\/08\/834d0a4a7324928a341c552d5e078030.png\" width=\"931\" height=\"745\" \/><\/div>\n<\/div>\n<div><\/div>\n<p>B\u1ed9t Taco c\u1ee7a Havafood c\u00f3 th\u1ec3 \u0111\u01b0\u1ee3c s\u1eed d\u1ee5ngtuy\u1ec7t v\u1eddi nh\u01b0 m\u1ed9t gia v\u1ecb n\u00eam n\u1ebfm v\u1eeba mi\u1ec7ng cho t\u1ea5t c\u1ea3 m\u1ecdi nguy\u00ean li\u1ec7u b\u00ean trong nh\u00e2n b\u1ed9t chi\u1ebfc b\u00e1nh Taco t\u1eeb rau, th\u1ecbt, h\u1ea3i s\u1ea3n, g\u1ea1o, \u0111\u1eadu, s\u00fap, salad v\u00e0 nhi\u1ec1u h\u01a1n th\u1ebf n\u1eefa. Kh\u00f4ng nh\u1eefng ch\u1ec9 l\u00e0 gia v\u1ecb cho chi\u1ebfc b\u00e1nh Taco, ch\u00fang c\u00f2n c\u00f2n th\u1ec3 s\u1eed d\u1ee5ng \u0111\u1ec3 n\u00eam n\u1ebfm c\u00e1c m\u00f3n \u0103n t\u1edbi t\u1eeb Ch\u00e2u \u00c2u nh\u01b0 C\u01a1m Mexican tr\u1ed9n c\u00f9ng v\u1edbi h\u1ea1t \u0111\u1eadu \u0111en, gia v\u1ecb cho m\u00f3n th\u1ecbt h\u1ea7m.<\/p>\n<\/div>\n<div>\n<div>\n<div><img decoding=\"async\" class=\"aligncenter\" src=\"https:\/\/havamall.vn\/wp-content\/uploads\/2020\/08\/a164aef839dcbc1c054f08972a9a4c11.png\" \/><\/div>\n<\/div>\n<div><\/div>\n<p>B\u1ed9t Taco Havafood l\u00e0 s\u1ef1 k\u1ebft h\u1ee3p \u1edbt kh\u00f3i v\u1edbi t\u1ecfi, h\u00e0nh t\u00e2y v\u00e0 m\u1ed9t ch\u00fat qu\u1ebf v\u00e0 \u0111\u01b0\u1eddng n\u00e2u. H\u1ed7n h\u1ee3p n\u00e0y s\u1ebd k\u00edch ho\u1ea1t v\u1ecb gi\u00e1c c\u1ee7a b\u1ea1n v\u1edbi b\u1ea5t k\u1ef3 lo\u1ea1i th\u1ecbt taco n\u00e0o b\u1ea1n s\u1eed d\u1ee5ng v\u00e0o chi\u1ebfc b\u00e1nh Taco, n\u00f3 c\u0169ng gi\u00fap t\u0103ng th\u00eam h\u01b0\u01a1ng v\u1ecb cho c\u00e1c lo\u1ea1i th\u1ecbt n\u01b0\u1edbng nhi\u1ec1u protein nh\u01b0 th\u1ecbt g\u00e0, c\u00e1, h\u1ea3i s\u1ea3n ho\u1eb7c th\u1ecbt l\u1ee3n.<\/p>\n<\/div>\n<div>\n<div>\n<div><img loading=\"lazy\" decoding=\"async\" class=\"aligncenter\" src=\"https:\/\/havamall.vn\/wp-content\/uploads\/2020\/08\/3524b38aee3066616e4d8f03c1fab574.jpg\" width=\"929\" height=\"697\" \/><\/div>\n<\/div>\n<div><\/div>\n<div><\/div>\n<p>B\u1ed9t qu\u1ebf l\u00e0 d\u01b0\u1ee3c li\u1ec7u qu\u00fd, l\u00e0 ph\u1ea7n v\u1ecf c\u00e2y qu\u1ebf, \u0111\u01b0\u1ee3c b\u00e0o ch\u1ebf th\u00e0nh d\u1ea1ng b\u1ed9t m\u1ecbn. B\u1ed9t qu\u1ebf c\u00f3 m\u00e0u v\u00e0ng n\u00e2u. B\u1ed9t qu\u1ebf c\u00f3 m\u00f9i th\u01a1m, \u0111i\u1ec3m \u0111\u1eb7c bi\u1ec7t m\u00e0 c\u00e1c d\u01b0\u1ee3c li\u1ec7u kh\u00e1c kh\u00f3 c\u00f3 \u0111\u00f3 ch\u00ednh l\u00e0 m\u00f9i th\u01a1m c\u1ee7a b\u1ed9t qu\u1ebf r\u1ea5t l\u00e2u m\u1edbi bay m\u00f9i. B\u1ed9t qu\u1ebf c\u00f3 nhi\u1ec1u t\u00e1c d\u1ee5ng \u0111\u1ec3 h\u1ed7 tr\u1ee3 \u0111i\u1ec1u tr\u1ecb b\u1ec7nh, gi\u1ea3m c\u00e2n, l\u00e0m \u0111\u1eb9p.<\/p>\n<\/div>\n<div>\n<div>\n<div><img loading=\"lazy\" decoding=\"async\" class=\"aligncenter\" src=\"https:\/\/havamall.vn\/wp-content\/uploads\/2020\/08\/50ed36a2e5f9afee653a067aa6fa3f6b.png\" width=\"935\" height=\"657\" \/><\/div>\n<\/div>\n<div>B\u1ed9t ngh\u1ec7 \u0111\u01b0\u1ee3c t\u00e1ch, l\u1ecdc, s\u1ea5y kh\u00f4 m\u1ed9t c\u00e1ch c\u1ea9n th\u1eadn nh\u1eb1m \u0111\u1ea3m b\u1ea3o gi\u1eef \u0111\u01b0\u1ee3c d\u01b0\u1ee1ng ch\u1ea5t c\u00f3 trong ngh\u1ec7, c\u00f3 m\u00e0u v\u00e0ng. B\u1ed9t ngh\u1ec7 ch\u1ee9a nhi\u1ec1u ch\u1ea5t dinh d\u01b0\u1ee1ng nh\u01b0 protein, ch\u1ea5t x\u01a1, niacin,&#8230; B\u1ed9t ngh\u1ec7 c\u00f3 t\u00e1c d\u1ee5ng ch\u1eefa vi\u00eam lo\u00e9t d\u1ea1 d\u00e0y, ng\u0103n ng\u1eeba ung th\u01b0, h\u1ed7 tr\u1ee3 gi\u1ea3m c\u00e2n,&#8230;Trong \u1ea9m th\u1ef1c, b\u1ed9t ngh\u1ec7 \u0111\u01b0\u1ee3c d\u00f9ng l\u00e0m nguy\u00ean li\u1ec7u t\u1ea1o h\u01b0\u01a1ng v\u1ecb v\u00e0 m\u00e0u v\u00e0ng \u0111\u1eb7c tr\u01b0ng cho c\u00e1c m\u00f3n \u0103n.<\/div>\n<\/div>\n<div>\n<div>\n<div><img loading=\"lazy\" decoding=\"async\" class=\"aligncenter\" src=\"https:\/\/havamall.vn\/wp-content\/uploads\/2020\/08\/73e652059f7d5b67b6ea90cf303c351d.png\" width=\"934\" height=\"534\" \/><\/div>\n<\/div>\n<div><\/div>\n<p>H\u1ea1t Xuy\u00ean Ti\u00eau hay c\u00f2n c\u00f3 t\u00ean g\u1ecdi kh\u00e1c l\u00e0 Hoa Ti\u00eau \u2013 m\u1ed9t lo\u1ea1i gia v\u1ecb \u0111\u01b0\u1ee3c ng\u01b0\u1eddi T\u1ee9 Xuy\u00ean s\u1eed d\u1ee5ng ph\u1ed5 bi\u1ebfn trong c\u00e1c m\u00f3n \u0103n c\u1ee7a h\u1ecd. \u0110\u00e2y l\u00e0 m\u1ed9t th\u00e0nh ph\u1ea7n l\u00e0m n\u00ean n\u00e9t \u0111\u1eb7c tr\u01b0ng c\u1ee7a \u1ea9m th\u1ef1c T\u1ee9 Xuy\u00ean.Xuy\u00ean ti\u00eau \u0111\u01b0\u01a1\u0323c du\u0300ng nhi\u00ea\u0300u trong \u00e2\u0309m th\u01b0\u0323c va\u0300 y ho\u0323c c\u00f4\u0309 truy\u00ea\u0300n. \u0110\u1eb7c bi\u1ec7t l\u00e0 lo\u1ea1i L\u00e2\u0309u T\u01b0\u0301 Xuy\u00ean c\u1ee7a Trung Hoa kh\u00f4ng th\u00ea\u0309 thi\u00ea\u0301u loa\u0323i gia vi\u0323 na\u0300y.<\/p>\n<\/div>\n<div>\n<div>\n<div><img loading=\"lazy\" decoding=\"async\" class=\"aligncenter\" src=\"https:\/\/havamall.vn\/wp-content\/uploads\/2020\/08\/63da6b5f447720a34af860cbdc380738.jpg\" width=\"933\" height=\"622\" \/><\/div>\n<\/div>\n<div><\/div>\n<p>Xuy\u00ean Ti\u00eau c\u00f3 m\u1ed9t v\u1ecb cay m\u00e0 kh\u00f3 c\u00f3 gia v\u1ecb n\u00e0o thay th\u1ebf \u0111\u01b0\u1ee3c, cay \u1edf \u0111\u00e2y kh\u00f4ng ph\u1ea3i cay n\u1ed3ng nh\u01b0 ti\u00eau \u0111en c\u1ee7a ng\u01b0\u1eddi Vi\u1ec7t m\u00ecnh m\u00e0 l\u00e0 v\u1ecb cay t\u00ea \u1edf \u0111\u1ea7u l\u01b0\u1ee1i, t\u1ea1o c\u1ea3m gi\u00e1c k\u00edch th\u00edch cho ng\u01b0\u1eddi th\u01b0\u1edfng th\u1ee9c.<\/p>\n<\/div>\n<div>\n<div>\n<div><img loading=\"lazy\" decoding=\"async\" class=\"aligncenter\" src=\"https:\/\/havamall.vn\/wp-content\/uploads\/2020\/08\/a3470130b2ea9fc6e9e5149d5c4a39c7.jpg\" width=\"930\" height=\"620\" \/><\/div>\n<\/div>\n<p>Parsley ti\u1ebfng Vi\u1ec7t c\u00f2n g\u1ecdi l\u00e0 rau m\u00f9i t\u00e2y, c\u00f3 ngo\u1ea1i h\u00ecnh kh\u00e1 t\u01b0\u01a1ng \u0111\u1ed3ng v\u1edbi rau m\u00f9i c\u1ee7a Vi\u1ec7t Nam. Tuy nhi\u00ean Parsley th\u01b0\u1eddng c\u00f3 m\u00e0u l\u00e1 \u0111\u1eadm h\u01a1n v\u00e0 l\u00e1 d\u00e0y h\u01a1n, kh\u00f4ng qu\u00e1 m\u1ecfng manh nh\u01b0 rau m\u00f9i c\u1ee7a ch\u00fang ta.<\/p>\n<\/div>\n<div>\n<div>\n<div>\n<div><img decoding=\"async\" class=\"aligncenter\" src=\"https:\/\/havamall.vn\/wp-content\/uploads\/2020\/08\/78995d308fcfd9645c265ac1ff1458bd.png\" \/><\/div>\n<\/div>\n<\/div>\n<\/div>\n<div>\n<p>L\u00e0m nguy\u00ean li\u1ec7u ph\u1ee5 t\u1ea1o th\u00eam h\u01b0\u01a1ng v\u1ecb th\u01a1m ngon cho c\u00e1c m\u00f3n \u0103n ( salad, c\u00e1c m\u00f3n h\u1ea7m, n\u01b0\u1edbng, s\u00fap, n\u01b0\u1edbc s\u1ed1t,..) hay c\u00e1c lo\u1ea1i b\u00e1nh m\u1eb7n (nh\u01b0 pizza, tart m\u1eb7n); gi\u00fap k\u00edch th\u00edch v\u1ecb gi\u00e1c, t\u0103ng c\u1ea3m gi\u00e1c ngon mi\u1ec7ng khi th\u01b0\u1edfng th\u1ee9c m\u00f3n \u0103n.\u0110\u1eb7c bi\u1ec7t, Parsley khi k\u1ebft h\u1ee3p v\u1edbi t\u1ecfi s\u1ebd t\u1ea1o n\u00ean m\u00f9i h\u01b0\u01a1ng th\u01a1m ngon kh\u00f3 c\u01b0\u1ee1ng, ch\u00ednh v\u00ec v\u1eady n\u00f3 r\u1ea5t hay \u0111\u01b0\u1ee3c d\u00f9ng \u0111\u1ec3 ch\u1ebf bi\u1ebfn s\u1ed1t spaghetti.<\/p>\n<\/div>\n<div>\n<div>\n<div><img loading=\"lazy\" decoding=\"async\" class=\"aligncenter\" src=\"https:\/\/havamall.vn\/wp-content\/uploads\/2020\/08\/196401de2b0a4d628d2fd49d99cb4f45.png\" width=\"933\" height=\"534\" \/><\/div>\n<\/div>\n<div><\/div>\n<div><\/div>\n<p>B\u1ed9t ng\u00f2 hay c\u00f2n g\u1ecdi l\u00e0 b\u1ed9t rau m\u00f9i, b\u1ed9t ng\u00f2 r\u00ed l\u00e0 lo\u1ea1i b\u1ed9t \u0111\u01b0\u1ee3c l\u00e0m b\u1eb1ng c\u00e1ch xay nhuy\u1ec5n h\u1ea1t rau m\u00f9i (ng\u00f2 r\u00ed) kh\u00f4.<\/p>\n<\/div>\n<div>\n<div>\n<div><img loading=\"lazy\" decoding=\"async\" class=\"aligncenter\" src=\"https:\/\/havamall.vn\/wp-content\/uploads\/2020\/08\/ae4c591a7604b1d2a13cf707156874d7.png\" width=\"927\" height=\"927\" \/><\/div>\n<\/div>\n<p>B\u1ed9t ng\u00f2, b\u1ed9t rau m\u00f9i, b\u1ed9t ng\u00f2 r\u00ed th\u01b0\u1eddng \u0111\u01b0\u1ee3c c\u00e1c nh\u00e0 n\u1ed9i tr\u1ee3 s\u1eed d\u1ee5ng l\u00e0m nguy\u00ean li\u1ec7u n\u00eam n\u1ebfm, c\u0169ng nh\u01b0 s\u1eed d\u1ee5ng l\u00e0 m\u1ed9t th\u00e0nh ph\u1ea7n kh\u00f4ng th\u1ec3 thi\u1ebfu \u0111\u01b0\u1ee3c khi l\u00e0m m\u00f3n ph\u1edf. B\u1ed9t ng\u00f2 kh\u00f4 \u0111\u01b0\u1ee3c s\u1eed d\u1ee5ng r\u1ed9ng r\u00e3i trong nhi\u1ec1u m\u00f3n \u0103n, n\u00f3 kh\u00f4ng ch\u1ec9 l\u00e0m cho m\u00f3n \u0103n ngon, m\u00e0 c\u00f2n cung c\u1ea5p nhi\u1ec1u lo\u1ea1i vitamin v\u00e0 kho\u00e1ng ch\u1ea5t.<\/p>\n<\/div>\n<div>\n<p>L\u00e1 h\u01b0\u01a1ng th\u1ea3o \u0111\u01b0\u1ee3c bi\u1ebft \u0111\u1ebfn v\u1eeba l\u00e0 gia v\u1ecb s\u1eed d\u1ee5ng nhi\u1ec1u trong nh\u1eefng m\u00f3n \u0103n, \u0111\u1ed3ng th\u1eddi c\u0169ng l\u00e0 th\u1ea3o d\u01b0\u1ee3c qu\u00fd v\u1edbi s\u1ee9c kh\u1ecfe.<\/p>\n<\/div>\n<div>\n<div>\n<div><img loading=\"lazy\" decoding=\"async\" class=\"aligncenter\" src=\"https:\/\/havamall.vn\/wp-content\/uploads\/2020\/08\/7f63a93d82db43debbfdebd9e5d1c3fa.png\" width=\"867\" height=\"1066\" \/><\/div>\n<\/div>\n<\/div>\n<div>\n<p>C\u00e2y h\u01b0\u01a1ng th\u1ea3o c\u00f2n \u0111\u01b0\u1ee3c d\u00f9ng \u0111\u1ec3 l\u00e0m gia v\u1ecb trong m\u00f3n b\u00f2 b\u00edt-t\u1ebft, s\u01b0\u1eddn n\u01b0\u1edbng, hoa qu\u1ea3 n\u01b0\u1edbng\u2026 \u1edf Ph\u00e1p v\u00e0 c\u00e1c n\u01b0\u1edbc ch\u00e2u \u00c2u, \u0110\u1ecba trung h\u1ea3i th\u00ec H\u01b0\u01a1ng th\u1ea3o l\u00e0 gia v\u1ecb c\u1ef1c k\u1ef3 \u0111\u1eb7c bi\u1ec7t, h\u01b0\u01a1ng th\u01a1m, v\u1ecb \u0111\u1eafng nh\u1eb9 r\u1ea5t quy\u1ebfn r\u0169, kh\u00f3 c\u00f3 lo\u1ea1i gia v\u1ecb n\u00e0o nh\u01b0 v\u00e2y. G\u00e0 cu\u1ed9n n\u1ea5m x\u1ed1t rosemary mang h\u01b0\u01a1ng v\u1ecb \u0111\u1eb7c tr\u01b0ng v\u1edbi v\u1ecb ng\u1ecdt \u0111\u1eadm \u0111\u00e0 c\u1ee7a g\u00e0, v\u1ecb th\u01a1m c\u1ee7a n\u1ea5m k\u1ebft h\u1ee3p v\u1edbi h\u01b0\u01a1ng th\u1ea3o cho m\u00f3n \u0103n ngon, l\u1ea1 mang h\u01a1i th\u1edf c\u1ee7a v\u00f9ng \u0110\u1ecba Trung H\u1ea3i.<\/p>\n<\/div>\n<\/div>","protected":false},"excerpt":{"rendered":"<ul class=\"\">\n<li class=\"\">Gia v\u1ecb l\u00e0 m\u1ed9t th\u00e0nh ph\u1ea7n kh\u00f4ng th\u1ec3 thi\u1ebfu \u0111\u1ec3 t\u1ea1o n\u00ean c\u00e1c m\u00f3n \u0103n ngon v\u1edbi h\u01b0\u01a1ng v\u1ecb \u0111\u1ea7y h\u1ea5p d\u1eabn. B\u1ea1n c\u00f3 th\u1ec3 th\u00eam gia v\u1ecb v\u00e0o c\u00e1c m\u00f3n s\u00fap, rau c\u1ee7 x\u00e0o, c\u00e1c m\u00f3n m\u00ec x\u00e0o, ho\u1eb7c c\u00e1c m\u00f3n th\u1ecbt, c\u00e1, h\u1ea3i s\u1ea3n chi\u00ean, n\u01b0\u1edbng \u0111\u1ec3 t\u0103ng th\u00eam h\u01b0\u01a1ng v\u1ecb.V\u00ec v\u1eady Combo Gia V\u1ecb Th\u1ea3o M\u1ed9c bao g\u1ed3m: ( \u1edaT CAYENNE, TACO, B\u1ed8T QU\u1ebe, B\u1ed8T NGH\u1ec6, XUY\u00caN TI\u00caU, NG\u00d2 T\u00c2Y, B\u1ed8T NG\u00d2, H\u01af\u01a0NG TH\u1ea2O KH\u00d4 ) s\u1ebd l\u00e0 tr\u1ee3 th\u1ee7 \u0111\u1eafc l\u1ef1c cho b\u1ea1n khi b\u1ea1n c\u1ea7n 1 m\u00f3n \u0103n ngon nh\u00e9.<\/li>\n<\/ul>","protected":false},"featured_media":15972,"comment_status":"open","ping_status":"closed","template":"","meta":[],"product_brand":[],"product_cat":[409,40,154,36,134,143],"product_tag":[],"class_list":{"0":"post-15944","1":"product","2":"type-product","3":"status-publish","4":"has-post-thumbnail","6":"product_cat-hop-qua-set-qua","7":"product_cat-sieuthi-giasi","8":"product_cat-gia-vi","9":"product_cat-thuc-pham-tieu-dung","10":"product_cat-thucpham-saykho","11":"product_cat-thuc-pham-dong-hop","13":"first","14":"instock","15":"sale","16":"shipping-taxable","17":"purchasable","18":"product-type-simple"},"_links":{"self":[{"href":"https:\/\/havamall.vn\/en\/wp-json\/wp\/v2\/product\/15944"}],"collection":[{"href":"https:\/\/havamall.vn\/en\/wp-json\/wp\/v2\/product"}],"about":[{"href":"https:\/\/havamall.vn\/en\/wp-json\/wp\/v2\/types\/product"}],"replies":[{"embeddable":true,"href":"https:\/\/havamall.vn\/en\/wp-json\/wp\/v2\/comments?post=15944"}],"version-history":[{"count":0,"href":"https:\/\/havamall.vn\/en\/wp-json\/wp\/v2\/product\/15944\/revisions"}],"wp:featuredmedia":[{"embeddable":true,"href":"https:\/\/havamall.vn\/en\/wp-json\/wp\/v2\/media\/15972"}],"wp:attachment":[{"href":"https:\/\/havamall.vn\/en\/wp-json\/wp\/v2\/media?parent=15944"}],"wp:term":[{"taxonomy":"product_brand","embeddable":true,"href":"https:\/\/havamall.vn\/en\/wp-json\/wp\/v2\/product_brand?post=15944"},{"taxonomy":"product_cat","embeddable":true,"href":"https:\/\/havamall.vn\/en\/wp-json\/wp\/v2\/product_cat?post=15944"},{"taxonomy":"product_tag","embeddable":true,"href":"https:\/\/havamall.vn\/en\/wp-json\/wp\/v2\/product_tag?post=15944"}],"curies":[{"name":"wp","href":"https:\/\/api.w.org\/{rel}","templated":true}]}}