{"id":15924,"date":"2020-08-25T11:17:05","date_gmt":"2020-08-25T04:17:05","guid":{"rendered":"https:\/\/havamall.vn\/?post_type=product&#038;p=15924"},"modified":"2023-10-24T16:35:44","modified_gmt":"2023-10-24T09:35:44","slug":"keo-icee-vi-dua-luoi-hu-23g-icee-candy-melon-flavor","status":"publish","type":"product","link":"https:\/\/havamall.vn\/en\/shop\/keo-icee-vi-dua-luoi-hu-23g-icee-candy-melon-flavor\/","title":{"rendered":"K\u1eb9o Icee v\u1ecb D\u01b0a L\u01b0\u1edbi h\u1ee7 23g \u2013 Icee Candy Melon Flavor"},"content":{"rendered":"<p>\u27a4 K\u1eb9o the v\u1ecb d\u01b0a l\u01b0\u1edbi The Icee l\u00e0 m\u1ed9t s\u1ea3n ph\u1ea9m n\u1ed5i ti\u1ebfng \u0111\u1ebfn t\u1eeb Hongkong v\u00e0 chi\u1ebfm \u0111\u01b0\u1ee3c t\u00ecnh c\u1ea3m c\u1ee7a \u0111\u00f4ng \u0111\u1ea3o ng\u01b0\u1eddi s\u1eed d\u1ee5ng.<\/p>\n<p><img fetchpriority=\"high\" decoding=\"async\" class=\"wp-image-15925 aligncenter\" src=\"https:\/\/havamall.vn\/wp-content\/uploads\/2020\/08\/dualuoi-800px-300x300.png\" alt=\"\" width=\"400\" height=\"400\" srcset=\"https:\/\/havamall.vn\/wp-content\/uploads\/2020\/08\/dualuoi-800px-300x300.png 300w, https:\/\/havamall.vn\/wp-content\/uploads\/2020\/08\/dualuoi-800px-430x430.png 430w, https:\/\/havamall.vn\/wp-content\/uploads\/2020\/08\/dualuoi-800px-150x150.png 150w, https:\/\/havamall.vn\/wp-content\/uploads\/2020\/08\/dualuoi-800px-700x700.png 700w, https:\/\/havamall.vn\/wp-content\/uploads\/2020\/08\/dualuoi-800px-768x768.png 768w, https:\/\/havamall.vn\/wp-content\/uploads\/2020\/08\/dualuoi-800px-600x600.png 600w, https:\/\/havamall.vn\/wp-content\/uploads\/2020\/08\/dualuoi-800px-100x100.png 100w, https:\/\/havamall.vn\/wp-content\/uploads\/2020\/08\/dualuoi-800px.png 800w\" sizes=\"(max-width: 400px) 100vw, 400px\" \/><\/p>\n<p>T\u1eebng vi\u00ean k\u1eb9o xinh x\u1eafn m\u00e1t l\u1ea1nh h\u01b0\u01a1ng b\u1ea1c h\u00e0 h\u00f2a quy\u1ec7n c\u00f9ng v\u1ecb d\u01b0a l\u01b0\u1edbi th\u01a1m ngon t\u1ef1 nhi\u00ean gi\u00fap th\u1ed5i b\u00f9ng c\u1ea3m gi\u00e1c s\u1ea3ng kho\u00e1i, kh\u01a1i d\u1eady h\u1ee9ng kh\u1edfi v\u00e0 gi\u1ea3m c\u0103ng th\u1eb3ng ngay t\u1ee9c th\u00ec. S\u1ea3n ph\u1ea9m mang l\u1ea1i cho b\u1ea1n h\u01a1i th\u1edf th\u01a1m tho, ph\u00f9 h\u1ee3p v\u1edbi m\u1ecdi l\u1ee9a tu\u1ed5i v\u00e0 \u0111\u01b0\u1ee3c s\u1ea3n xu\u1ea5t t\u1eeb nguy\u00ean li\u1ec7u ch\u1ecdn l\u1ecdc, \u0111\u1ea3m b\u1ea3o an to\u00e0n v\u1ec7 sinh tuy\u1ec7t \u0111\u1ed1i.<\/p>\n<p><strong>\u2217<\/strong> K\u1eb9o the v\u1ecb d\u01b0a l\u01b0\u1edbi The Icee l\u00e0 lo\u1ea1i k\u1eb9o n\u1ed5i ti\u1ebfng c\u1ee7a Hongkong. N\u1ebfu tr\u01b0\u1edbc \u0111\u00e2y ch\u1ec9 b\u00e1n \u0111\u1ed9c quy\u1ec1n t\u1ea1i c\u00e1c si\u00eau th\u1ecb th\u00ec nay \u0111\u00e3 c\u00f3 m\u1eb7t t\u1ea1i <strong><em>Havamall <\/em><\/strong>!<\/p>\n<p>K\u1eb9o \u0111\u01b0\u1ee3c xem nh\u01b0 &#8220;\u0111\u00e0n em&#8221; c\u1ee7a lo\u1ea1i k\u1eb9o the d\u01b0a h\u1ea5u, chanh d\u00e2y \u0111ang \u0111\u01b0\u1ee3c r\u1ea5t nhi\u1ec1u ng\u01b0\u1eddi y\u00eau th\u00edch. K\u1eb9o gi\u00fap l\u00e0m th\u01a1m mi\u1ec7ng, th\u00f4ng c\u1ed5 v\u1edbi h\u01b0\u01a1ng d\u01b0a l\u01b0\u1edbi th\u01a1m ngon v\u00e0 v\u1ecb the m\u00e1t nh\u1eb9 nh\u00e0ng t\u1eeb tinh ch\u1ea5t b\u1ea1c h\u00e0.<\/p>\n<p><strong>\u0110<\/strong><strong>\u1eb7c bi\u1ec7t<\/strong>, lo\u1ea1i k\u1eb9o ng\u1eadm n\u00e0y c\u00f2n b\u1ed5 sung th\u00eam <strong>vitamin C <\/strong>v\u00e0 kh\u00f4ng ch\u1ee9a \u0111\u01b0\u1eddng n\u00ean ho\u00e0n to\u00e0n th\u00e2n thi\u1ec7n cho s\u1ee9c kho\u1ebb.<\/p>\n<p>K\u1eb9o the 2 l\u1edbp th\u01a1m m\u00e1t:<\/p>\n<p>\u27a4 K\u1ebft h\u1ee3p gi\u1eefa h\u01b0\u01a1ng d\u01b0a l\u01b0\u1edbi chua ng\u1ecdt, th\u01a1m th\u01a1m v\u1edbi Methol b\u1ea1c h\u00e0 the m\u00e1t, gi\u00fap \u0111\u00e1nh tan m\u00f9i h\u00f4i mi\u1ec7ng kh\u00f3 ch\u1ecbu gi\u00fap b\u1ea1n tr\u1edf n\u00ean t\u1ef1 tin h\u01a1n v\u1edbi h\u01a1i th\u1edf th\u01a1m m\u00e1t m\u1ed7i ng\u00e0y.<\/p>\n<p>\u27a4 K\u1eb9o c\u00f3 v\u1ecb the nh\u1eb9 nh\u00e0ng ch\u1ee9 kh\u00f4ng cay n\u1ed3ng kh\u00f3 ch\u1ecbu nh\u01b0 c\u00e1c lo\u1ea1i k\u1eb9o b\u1ea1c h\u00e0 kh\u00e1c. S\u1eed d\u1ee5ng k\u1eb9o the h\u01b0\u01a1ng d\u01b0a l\u01b0\u1edbi The Icee m\u1ed7i ng\u00e0y \u0111\u1ec3 khoang mi\u1ec7ng lu\u00f4n th\u01a1m s\u1ea1ch s\u1ea3ng kho\u00e1i.<\/p>\n<p>B\u1ed5 sung th\u00eam vitamin C:<\/p>\n<p>\u27a4 Kh\u00f4ng ch\u1ec9 l\u00e0m th\u01a1m mi\u1ec7ng, d\u01b0a l\u01b0\u1edbi The Icee c\u00f2n b\u1ed5 sung th\u00eam vitamin C, gi\u00fap t\u0103ng c\u01b0\u1eddng s\u1ee9c \u0111\u1ec1 kh\u00e1ng v\u00e0 cho c\u01a1 th\u1ec3 lu\u00f4n kho\u1ebb kho\u1eafn m\u1ed7i ng\u00e0y.<\/p>\n<p>\u27a4 Ngo\u00e0i ra, nh\u1eefng b\u1ea1n mu\u1ed1n ki\u1ec3m so\u00e1t l\u01b0\u1ee3ng \u0111\u01b0\u1eddng n\u1ea1p v\u00e0o c\u01a1 th\u1ec3 c\u0169ng c\u00f3 th\u1ec3 y\u00ean t\u00e2m th\u01b0\u1edfng th\u1ee9c d\u01b0a l\u01b0\u1edbi The Icee v\u00ec \u0111\u00e2y l\u00e0 lo\u1ea1i k\u1eb9o kh\u00f4ng ch\u1ee9a \u0111\u01b0\u1eddng (Sugar Free).<\/p>\n<ul>\n<li>Th\u00e0nh ph\u1ea7n: Ch\u1ea5t t\u1ea1o ng\u1ecdt, h\u01b0\u01a1ng d\u01b0a l\u01b0\u1edbi t\u1ed5ng h\u1ee3p, tinh d\u1ea7u b\u1ea1c h\u00e0, vitamin C,\u2026<\/li>\n<li>C\u00f4ng d\u1ee5ng: Gi\u00fap th\u01a1m mi\u1ec7ng, gi\u1ea3m \u0111au h\u1ecdng, gi\u1ea3m stress<\/li>\n<li>H\u01b0\u1edbng d\u1eabn s\u1eed d\u1ee5ng: \u0102n tr\u1ef1c ti\u1ebfp<\/li>\n<li>B\u1ea3o qu\u1ea3n: N\u01a1i kh\u00f4 r\u00e1o tho\u00e1ng m\u00e1t<\/li>\n<li>Tr\u1ecdng l\u01b0\u1ee3ng: H\u1ee7 23gr<\/li>\n<li>Xu\u1ea5t x\u1ee9 th\u01b0\u01a1ng hi\u1ec7u: Hong Kong<\/li>\n<li>C\u00e1ch d\u00f9ng: D\u00f9ng ngay sau khi m\u1edf h\u1ee7. Tr\u00e1nh \u00e1nh n\u1eafng tr\u1ef1c ti\u1ebfp v\u00e0 n\u01a1i \u1ea9m m\u1ed1c.<\/li>\n<li>S\u1ed1 l\u01b0\u1ee3ng : 24 vi\u00ean<\/li>\n<\/ul>\n<p>&nbsp;<\/p>","protected":false},"excerpt":{"rendered":"<p>K\u1eb9o the v\u1ecb d\u01b0a l\u01b0\u1edbi The Icee l\u00e0 m\u1ed9t s\u1ea3n ph\u1ea9m n\u1ed5i ti\u1ebfng \u0111\u1ebfn t\u1eeb Hongkong v\u00e0 chi\u1ebfm \u0111\u01b0\u1ee3c t\u00ecnh c\u1ea3m c\u1ee7a \u0111\u00f4ng \u0111\u1ea3o ng\u01b0\u1eddi s\u1eed d\u1ee5ng.<\/p>","protected":false},"featured_media":15928,"comment_status":"open","ping_status":"closed","template":"","meta":[],"product_brand":[],"product_cat":[36,133],"product_tag":[],"class_list":{"0":"post-15924","1":"product","2":"type-product","3":"status-publish","4":"has-post-thumbnail","6":"product_cat-thuc-pham-tieu-dung","7":"product_cat-banh-keo-chocolate","8":"pa_brand-icee","10":"first","11":"outofstock","12":"sale","13":"shipping-taxable","14":"purchasable","15":"product-type-simple"},"_links":{"self":[{"href":"https:\/\/havamall.vn\/en\/wp-json\/wp\/v2\/product\/15924"}],"collection":[{"href":"https:\/\/havamall.vn\/en\/wp-json\/wp\/v2\/product"}],"about":[{"href":"https:\/\/havamall.vn\/en\/wp-json\/wp\/v2\/types\/product"}],"replies":[{"embeddable":true,"href":"https:\/\/havamall.vn\/en\/wp-json\/wp\/v2\/comments?post=15924"}],"version-history":[{"count":0,"href":"https:\/\/havamall.vn\/en\/wp-json\/wp\/v2\/product\/15924\/revisions"}],"wp:featuredmedia":[{"embeddable":true,"href":"https:\/\/havamall.vn\/en\/wp-json\/wp\/v2\/media\/15928"}],"wp:attachment":[{"href":"https:\/\/havamall.vn\/en\/wp-json\/wp\/v2\/media?parent=15924"}],"wp:term":[{"taxonomy":"product_brand","embeddable":true,"href":"https:\/\/havamall.vn\/en\/wp-json\/wp\/v2\/product_brand?post=15924"},{"taxonomy":"product_cat","embeddable":true,"href":"https:\/\/havamall.vn\/en\/wp-json\/wp\/v2\/product_cat?post=15924"},{"taxonomy":"product_tag","embeddable":true,"href":"https:\/\/havamall.vn\/en\/wp-json\/wp\/v2\/product_tag?post=15924"}],"curies":[{"name":"wp","href":"https:\/\/api.w.org\/{rel}","templated":true}]}}