{"id":15882,"date":"2020-08-19T16:29:09","date_gmt":"2020-08-19T09:29:09","guid":{"rendered":"https:\/\/havamall.vn\/?post_type=product&#038;p=15882"},"modified":"2026-02-11T11:06:52","modified_gmt":"2026-02-11T04:06:52","slug":"fresiweed-xa-lat-rong-bien-1kg","status":"publish","type":"product","link":"https:\/\/havamall.vn\/en\/shop\/fresiweed-xa-lat-rong-bien-1kg\/","title":{"rendered":"Salad Rong Bi\u1ec3n H\u00e0n Qu\u1ed1c Fresiweed 1kg"},"content":{"rendered":"<p><em>Rong bi\u1ec3n<\/em>\u00a0l\u00e0 1 th\u1ef1c ph\u1ea9m \u0111\u01b0\u1ee3c nhi\u1ec1u ng\u01b0\u1eddi y\u00eau th\u00edch v\u00e0 \u01b0a chu\u1ed9ng, trong \u0111\u00f3 rong bi\u1ec3n c\u00f3 4 lo\u1ea1i ch\u00ednh \u0111\u1eb7c bi\u1ec7t nh\u1ea5t ch\u1eafc h\u1eb3n ai c\u0169ng \u0111\u00e3 t\u1eebng nge qua r\u1eb1ng rong bi\u1ec3n wakame ch\u00ednh l\u00e0 lo\u1ea1i th\u1ef1c ph\u1ea9m tr\u01b0\u1eddng th\u1ecd l\u00e0 m\u00f3n \u0103n ph\u1ed5 bi\u1ebfn nh\u1ea5t c\u1ee7a ng\u01b0\u1eddi d\u00e2n Nh\u1eadt B\u1ea3n, \u1edf rong bi\u1ec3n cung c\u1ea5p nhi\u1ec1u ch\u1ea5t dinh d\u01b0\u1ee1ng \u0111\u1eb7c bi\u1ec7t m\u00e0 nh\u1eefng lo\u1ea1i th\u1ef1c ph\u1ea9m kh\u00e1c kh\u00f4ng th\u1ec3 s\u00e1nh b\u1eb1ng.<\/p>\n<p>Th\u00f4ng th\u01b0\u1eddng rong bi\u1ec3n th\u01b0\u1eddng \u0111\u01b0\u1ee3c s\u1eed d\u1ee5ng \u0111\u1ec3 l\u00e0m c\u00e1c m\u00f3n salad, canh, s\u00fap, \u2026.ho\u1eb7c c\u00f3 th\u1ec3 d\u00f9ng l\u00e0m m\u00f3n \u0103n k\u00e8m trong c\u00e1c b\u1eefa \u0103n ch\u00ednh c\u1ee7a m\u00ecnh, nh\u01b0ng \u0111\u1ec3 ph\u00e1t huy ch\u1ea5t b\u1ed5 d\u01b0\u1ee1ng b\u1eadc nh\u1ea5t ch\u1ec9 c\u00f3 th\u1ec3 l\u00e0 rong bi\u1ec3n t\u01b0\u01a1i.<\/p>\n<p><img fetchpriority=\"high\" decoding=\"async\" class=\"aligncenter\" src=\"https:\/\/havamall.com\/wp-content\/uploads\/2026\/02\/a9fc3e3304db6297c40ec71d287daf81.jpg\" alt=\"Seaweed Salad | Recipe | Seaweed salad recipes, Food, Salad recipes\" width=\"991\" height=\"550\" \/><\/p>\n<p>D\u00f2ng Salad \u0103n li\u1ec1n cao c\u1ea5p t\u1eeb rong bi\u1ec3n\u00a0<strong><em>FRESIWEED HIYASHI WAKAME SALAD<\/em><\/strong>\u00a0cung c\u1ea5p nhi\u1ec1u ch\u1ea5t dinh d\u01b0\u1ee1ng, kho\u00e1ng ch\u1ea5t v\u00f4 c\u00f9ng c\u1ea7n thi\u1ebft cho con ng\u01b0\u1eddi: protein, vitamin c\u00e1c lo\u1ea1i nh\u01b0: A, B12, C v\u00e0 c\u00e1c kho\u00e1ng ch\u1ea5t thi\u1ebft y\u1ebfu kh\u00e1c c\u00f2n l\u1ea1i..<\/p>\n<p><strong><em>FRESIWEED l\u00e0 th\u01b0\u01a1ng hi\u1ec7u c\u1ee7a JH, chuy\u00ean v\u1ec1 s\u1ea3n ph\u1ea9m rong bi\u1ec3n cao c\u1ea5p \u0111\u01b0\u1ee3c ch\u1ebf bi\u1ebfn v\u00e0 \u0111\u00f3ng g\u00f3i t\u1ea1i H\u00e0n Qu\u1ed1c.<\/em><\/strong><\/p>\n<p><strong><em>Salad rong bi\u1ec3n t\u01b0\u01a1i<\/em><\/strong>\u00a0l\u00e0 1 trong nh\u1eefng m\u00f3n \u0103n \u0111\u01a1n gi\u1ea3n nh\u01b0ng l\u1ea1i \u0111\u1ed9c \u0111\u00e1o,\u00a0<em>salad rong bi\u1ec3n<\/em>\u00a0\u0111\u01b0\u1ee3c ng\u01b0\u1eddi d\u00e2n Nh\u1eadt B\u1ea3n hay H\u00e0n Qu\u1ed1c s\u1eed d\u1ee5ng r\u1ea5t nhi\u1ec1u c\u0169ng c\u00f3 th\u1ec3 n\u00f3i \u0111\u00e2y ch\u00ednh l\u00e0 m\u00f3n \u0103n truy\u1ec1n th\u1ed1ng trong \u1ea9m th\u1ef1c c\u1ee7a ng\u01b0\u1eddi H\u00e0n Qu\u1ed1c.<\/p>\n<ul>\n<li>Th\u00e0nh ph\u1ea7n: Rong bi\u1ec3n t\u01b0\u01a1i wakame, th\u1ea1ch, n\u1ea5m, h\u1ea1t m\u00e8, d\u1ea7u m\u00e8\u2026<\/li>\n<li>H\u01b0\u1edbng d\u1eabn s\u1eed d\u1ee5ng: R\u00e3 \u0111\u00f4ng sau \u0111\u00f3 h\u00e3y s\u1eed d\u1ee5ng ngay.<\/li>\n<li>H\u01b0\u1edbng d\u1eabn b\u1ea3o qu\u1ea3n: B\u1ea3o qu\u1ea3n \u1edf t\u1ee7 \u0111\u00f4ng -18 \u0111\u1ed9 C<\/li>\n<li>Xu\u1ea5t x\u1ee9: Nh\u1eadt B\u1ea3n<\/li>\n<li>Quy c\u00e1ch \u0111\u00f3ng g\u00f3i: 1000gr<\/li>\n<\/ul>\n<p>V\u1edbi nh\u1eefng th\u00e0nh ph\u1ea7n \u0111\u01a1n gi\u1ea3n nh\u01b0 rong bi\u1ec3n, d\u1ea5m, d\u1ea7u m\u00e8,\u2026r\u1ea5t t\u1ed1t khi s\u1eed d\u1ee5ng \u0111\u1ec3 khai v\u1ecb cho m\u1ed9t b\u1eefa \u0103n ngon v\u00e0 k\u00edch th\u00edch v\u1ecb gi\u00e1c c\u1ee7a b\u1ea1n m\u00e0 c\u00f2n h\u00f2a h\u1ee3p v\u1edbi h\u1ea7u h\u1ebft t\u1ea5t c\u1ea3 c\u00e1c m\u00f3n \u0103n khi c\u00e1c b\u1ea1n mu\u1ed1n \u0103n k\u00e8m v\u1edbi rong bi\u1ec3n<\/p>\n<ul>\n<li>Si\u00eau ti\u1ebft ki\u1ec7m: S\u1ea3n ph\u1ea9m c\u00f3 th\u1ec3 d\u00f9ng h\u00e0ng ng\u00e0y thay cho l\u01b0\u1ee3ng rau xanh, th\u00edch h\u1ee3p cho tr\u1ebb em, ng\u01b0\u1eddi gi\u00e0, xanh v\u00e0 s\u1ea1ch, kh\u00f4ng ch\u1ea5t b\u1ea3o qu\u1ea3n.<\/li>\n<li>R\u1ea5t ti\u1ec7n l\u1ee3i v\u00e0 th\u00f4ng minh khi d\u00f2ng s\u1ea3n ph\u1ea9m salad rong bi\u1ec3n \u0111\u01b0\u1ee3c chia s\u1eb5n ph\u00f9 h\u1ee3p v\u1edbi 1 b\u1eefa \u0103n gia \u0111\u00ecnh 3-4 ng\u01b0\u1eddi, ho\u1eb7c c\u00f3 th\u1ec3 mang \u0111i du l\u1ecbch ti\u1ec7n l\u1ee3i v\u00e0 nhanh g\u1ecdn.<\/li>\n<li>Nhi\u1ec1u ch\u1ea5t dinh d\u01b0\u1ee1ng v\u00e0 kho\u00e1ng ch\u1ea5t ph\u00f9 h\u1ee3p cho c\u1ea3 gia \u0111\u00ecnh.<\/li>\n<\/ul>\n<p><img decoding=\"async\" class=\"aligncenter\" src=\"https:\/\/havamall.com\/wp-content\/uploads\/2026\/02\/Rong-biE1BB83n-trE1BB99n-mC3A8-NhE1BAADt.jpg\" alt=\"Rong Bi\u1ec3n T\u01b0\u01a1i Tr\u1ed9n M\u00e8 Nh\u1eadt B\u1ea3n - H\u1ea3i S\u1ea3n Ho\u00e0ng Long\" width=\"750\" height=\"750\" \/><\/p>\n<p>Ngon nh\u1ea5t khi \u0103n v\u1edbi c\u00e1 h\u1ed3i, c\u00e1c m\u00f3n n\u01b0\u1edbng\u2026 nh\u01b0 1 m\u00f3n salad trong b\u1eefa \u0103n h\u00e0ng ng\u00e0y hay l\u00e0m sushi rong bi\u1ec3n, ngo\u00e0i ra c\u00f3 th\u1ec3 s\u1eed d\u1ee5ng\u00a0<a href=\"https:\/\/moshimoshi.vn\/nuoc-tuong\" target=\"_blank\" rel=\"noopener\">n\u01b0\u1edbc t\u01b0\u01a1ng nh\u1eadt<\/a>\u00a0ho\u1eb7c\u00a0<a href=\"https:\/\/moshimoshi.vn\/mu-tat-wasabi\" target=\"_blank\" rel=\"noopener\">m\u00f9 t\u1ea1t wasabi<\/a>\u00a0d\u00f9ng chung \u0111\u1ec3 k\u00edch th\u00edch kh\u1ea9u v\u1ecb khi \u0103n. M\u00f3n salad rong bi\u1ec3n c\u0169ng r\u1ea5t \u0111\u01b0\u1ee3c \u01b0a chu\u1ed9ng trong m\u00f9a h\u00e8, v\u1ecb t\u01b0\u01a1i m\u00e1t gi\u00fap gi\u1ea3i nhi\u1ec7t r\u1ea5t t\u1ed1t.<\/p>\n<p><strong><em>Salad rong bi\u1ec3n t\u01b0\u01a1i\u00a0<\/em><\/strong>l\u00e0 s\u1ea3n ph\u1ea9m \u0111\u00e3 qua ch\u1ebf bi\u1ebfn v\u00e0 ki\u1ec3m duy\u1ec7t v\u00ec th\u1ebf b\u1ea1n ch\u1ec9 c\u1ea7n b\u01b0\u1edbc r\u00e3 \u0111\u00f4ng l\u00e0 c\u00f3 th\u1ec3 d\u00f9ng \u0111\u01b0\u1ee3c ngay, l\u00e0 1 s\u1ea3n ph\u1ea9m \u0103n k\u00e8m r\u1ea5t ti\u1ec7n l\u1ee3i m\u00e0 b\u1ea5t k\u00ec ai c\u0169ng n\u00ean tr\u1eef s\u1eb5n \u1edf nh\u00e0 nh\u00e9.<\/p>","protected":false},"excerpt":{"rendered":"<p><em>Rong bi\u1ec3n<\/em>\u00a0l\u00e0 1 th\u1ef1c ph\u1ea9m \u0111\u01b0\u1ee3c nhi\u1ec1u ng\u01b0\u1eddi y\u00eau th\u00edch v\u00e0 \u01b0a chu\u1ed9ng, trong \u0111\u00f3 rong bi\u1ec3n c\u00f3 4 lo\u1ea1i ch\u00ednh \u0111\u1eb7c bi\u1ec7t nh\u1ea5t ch\u1eafc h\u1eb3n ai c\u0169ng \u0111\u00e3 t\u1eebng nge qua r\u1eb1ng rong bi\u1ec3n wakame ch\u00ednh l\u00e0 lo\u1ea1i th\u1ef1c ph\u1ea9m tr\u01b0\u1eddng th\u1ecd l\u00e0 m\u00f3n \u0103n ph\u1ed5 bi\u1ebfn nh\u1ea5t c\u1ee7a ng\u01b0\u1eddi d\u00e2n Nh\u1eadt B\u1ea3n, \u1edf rong bi\u1ec3n cung c\u1ea5p nhi\u1ec1u ch\u1ea5t dinh d\u01b0\u1ee1ng \u0111\u1eb7c bi\u1ec7t m\u00e0 nh\u1eefng lo\u1ea1i th\u1ef1c ph\u1ea9m kh\u00e1c kh\u00f4ng th\u1ec3 s\u00e1nh b\u1eb1ng.<\/p>","protected":false},"featured_media":29288,"comment_status":"open","ping_status":"closed","template":"","meta":[],"product_brand":[],"product_cat":[275,496,36],"product_tag":[],"class_list":{"0":"post-15882","1":"product","2":"type-product","3":"status-publish","4":"has-post-thumbnail","6":"product_cat-thuc-pham-dong-lanh","7":"product_cat-thuc-pham-thuan-chay","8":"product_cat-thuc-pham-tieu-dung","10":"first","11":"outofstock","12":"sale","13":"shipping-taxable","14":"purchasable","15":"product-type-simple"},"_links":{"self":[{"href":"https:\/\/havamall.vn\/en\/wp-json\/wp\/v2\/product\/15882"}],"collection":[{"href":"https:\/\/havamall.vn\/en\/wp-json\/wp\/v2\/product"}],"about":[{"href":"https:\/\/havamall.vn\/en\/wp-json\/wp\/v2\/types\/product"}],"replies":[{"embeddable":true,"href":"https:\/\/havamall.vn\/en\/wp-json\/wp\/v2\/comments?post=15882"}],"version-history":[{"count":0,"href":"https:\/\/havamall.vn\/en\/wp-json\/wp\/v2\/product\/15882\/revisions"}],"wp:featuredmedia":[{"embeddable":true,"href":"https:\/\/havamall.vn\/en\/wp-json\/wp\/v2\/media\/29288"}],"wp:attachment":[{"href":"https:\/\/havamall.vn\/en\/wp-json\/wp\/v2\/media?parent=15882"}],"wp:term":[{"taxonomy":"product_brand","embeddable":true,"href":"https:\/\/havamall.vn\/en\/wp-json\/wp\/v2\/product_brand?post=15882"},{"taxonomy":"product_cat","embeddable":true,"href":"https:\/\/havamall.vn\/en\/wp-json\/wp\/v2\/product_cat?post=15882"},{"taxonomy":"product_tag","embeddable":true,"href":"https:\/\/havamall.vn\/en\/wp-json\/wp\/v2\/product_tag?post=15882"}],"curies":[{"name":"wp","href":"https:\/\/api.w.org\/{rel}","templated":true}]}}