{"id":15880,"date":"2020-08-19T15:38:28","date_gmt":"2020-08-19T08:38:28","guid":{"rendered":"https:\/\/havamall.vn\/?post_type=product&#038;p=15880"},"modified":"2022-11-01T16:31:42","modified_gmt":"2022-11-01T09:31:42","slug":"fresiweed-rong-bien-no-160gr","status":"publish","type":"product","link":"https:\/\/havamall.vn\/en\/shop\/fresiweed-rong-bien-no-160gr\/","title":{"rendered":"Fresiweed Rong Bi\u1ec3n N\u01a1 160gr"},"content":{"rendered":"<p><em>Rong bi\u1ec3n<\/em> l\u00e0 1 th\u1ef1c ph\u1ea9m \u0111\u01b0\u1ee3c nhi\u1ec1u ng\u01b0\u1eddi y\u00eau th\u00edch v\u00e0 \u01b0a chu\u1ed9ng, trong \u0111\u00f3 rong bi\u1ec3n c\u00f3 4 lo\u1ea1i ch\u00ednh \u0111\u1eb7c bi\u1ec7t nh\u1ea5t ch\u1eafc h\u1eb3n ai c\u0169ng \u0111\u00e3 t\u1eebng nge qua r\u1eb1ng rong bi\u1ec3n wakame ch\u00ednh l\u00e0 lo\u1ea1i th\u1ef1c ph\u1ea9m tr\u01b0\u1eddng th\u1ecd l\u00e0 m\u00f3n \u0103n ph\u1ed5 bi\u1ebfn nh\u1ea5t c\u1ee7a ng\u01b0\u1eddi d\u00e2n Nh\u1eadt B\u1ea3n, \u1edf rong bi\u1ec3n cung c\u1ea5p nhi\u1ec1u ch\u1ea5t dinh d\u01b0\u1ee1ng \u0111\u1eb7c bi\u1ec7t m\u00e0 nh\u1eefng lo\u1ea1i th\u1ef1c ph\u1ea9m kh\u00e1c kh\u00f4ng th\u1ec3 s\u00e1nh b\u1eb1ng.<\/p>\n<p>Th\u00f4ng th\u01b0\u1eddng rong bi\u1ec3n th\u01b0\u1eddng \u0111\u01b0\u1ee3c s\u1eed d\u1ee5ng \u0111\u1ec3 l\u00e0m c\u00e1c m\u00f3n salad, canh, s\u00fap, \u2026.ho\u1eb7c c\u00f3 th\u1ec3 d\u00f9ng l\u00e0m m\u00f3n \u0103n k\u00e8m trong c\u00e1c b\u1eefa \u0103n ch\u00ednh c\u1ee7a m\u00ecnh, nh\u01b0ng \u0111\u1ec3 ph\u00e1t huy ch\u1ea5t b\u1ed5 d\u01b0\u1ee1ng b\u1eadc nh\u1ea5t ch\u1ec9 c\u00f3 th\u1ec3 l\u00e0 rong bi\u1ec3n t\u01b0\u01a1i.<\/p>\n<p><img fetchpriority=\"high\" decoding=\"async\" class=\"wp-image-15892 aligncenter\" src=\"https:\/\/havamall.vn\/wp-content\/uploads\/2020\/08\/rongbienno2-300x300.jpg\" alt=\"\" width=\"480\" height=\"480\" srcset=\"https:\/\/havamall.vn\/wp-content\/uploads\/2020\/08\/rongbienno2-300x300.jpg 300w, https:\/\/havamall.vn\/wp-content\/uploads\/2020\/08\/rongbienno2-430x430.jpg 430w, https:\/\/havamall.vn\/wp-content\/uploads\/2020\/08\/rongbienno2-150x150.jpg 150w, https:\/\/havamall.vn\/wp-content\/uploads\/2020\/08\/rongbienno2-700x700.jpg 700w, https:\/\/havamall.vn\/wp-content\/uploads\/2020\/08\/rongbienno2-600x600.jpg 600w, https:\/\/havamall.vn\/wp-content\/uploads\/2020\/08\/rongbienno2-100x100.jpg 100w, https:\/\/havamall.vn\/wp-content\/uploads\/2020\/08\/rongbienno2.jpg 730w\" sizes=\"(max-width: 480px) 100vw, 480px\" \/><\/p>\n<p>&nbsp;<\/p>\n<p>&nbsp;<\/p>\n<p><strong><em>FRESIWEED l\u00e0 th\u01b0\u01a1ng hi\u1ec7u c\u1ee7a JH, chuy\u00ean v\u1ec1 s\u1ea3n ph\u1ea9m rong bi\u1ec3n cao c\u1ea5p \u0111\u01b0\u1ee3c ch\u1ebf bi\u1ebfn v\u00e0 \u0111\u00f3ng g\u00f3i t\u1ea1i H\u00e0n Qu\u1ed1c.<\/em><\/strong><\/p>\n<p><strong><em>Rong bi\u1ec3n t\u01b0\u01a1i<\/em><\/strong> l\u00e0 1 trong nh\u1eefng m\u00f3n \u0103n \u0111\u01a1n gi\u1ea3n nh\u01b0ng l\u1ea1i \u0111\u1ed9c \u0111\u00e1o, <em>rong bi\u1ec3n<\/em> \u0111\u01b0\u1ee3c ng\u01b0\u1eddi d\u00e2n Nh\u1eadt B\u1ea3n hay H\u00e0n Qu\u1ed1c s\u1eed d\u1ee5ng r\u1ea5t nhi\u1ec1u c\u0169ng c\u00f3 th\u1ec3 n\u00f3i \u0111\u00e2y ch\u00ednh l\u00e0 m\u00f3n \u0103n truy\u1ec1n th\u1ed1ng trong \u1ea9m th\u1ef1c c\u1ee7a ng\u01b0\u1eddi H\u00e0n Qu\u1ed1c.<\/p>\n<p>S\u1ea3n ph\u1ea9m <strong><em>\u201c Rong bi\u1ec3n n\u01a1 Ribbon Kelp \u201c<\/em><\/strong> l\u00e0 d\u00f2ng rong bi\u1ec3n t\u01b0\u01a1i ch\u01b0a qua ch\u1ebf bi\u1ebfn v\u1eabn gi\u1eef nguy\u00ean \u0111\u01b0\u1ee3c nhi\u1ec1u ch\u1ea5t dinh d\u01b0\u1ee1ng, v\u00e0 c\u00e1c kho\u00e1ng ch\u1ea5t ph\u00f9 h\u1ee3p v\u00e0 thay th\u1ebf rau. B\u1ea1n c\u00f3 th\u1ec3 t\u00f9y \u00fd n\u00eam n\u1ebfm theo c\u00e1c c\u00e1ch m\u00e0 b\u1ea1n mu\u1ed1n.<\/p>\n<p><img decoding=\"async\" class=\"wp-image-15893 aligncenter\" src=\"https:\/\/havamall.vn\/wp-content\/uploads\/2020\/08\/rongbienno3-300x300.jpg\" alt=\"\" width=\"483\" height=\"483\" srcset=\"https:\/\/havamall.vn\/wp-content\/uploads\/2020\/08\/rongbienno3-300x300.jpg 300w, https:\/\/havamall.vn\/wp-content\/uploads\/2020\/08\/rongbienno3-430x430.jpg 430w, https:\/\/havamall.vn\/wp-content\/uploads\/2020\/08\/rongbienno3-150x150.jpg 150w, https:\/\/havamall.vn\/wp-content\/uploads\/2020\/08\/rongbienno3-700x700.jpg 700w, https:\/\/havamall.vn\/wp-content\/uploads\/2020\/08\/rongbienno3-768x768.jpg 768w, https:\/\/havamall.vn\/wp-content\/uploads\/2020\/08\/rongbienno3-600x600.jpg 600w, https:\/\/havamall.vn\/wp-content\/uploads\/2020\/08\/rongbienno3-100x100.jpg 100w, https:\/\/havamall.vn\/wp-content\/uploads\/2020\/08\/rongbienno3.jpg 800w\" sizes=\"(max-width: 483px) 100vw, 483px\" \/><\/p>\n<p>L\u00e0 lo\u1ea1i rong kh\u00f4ng tanh v\u00e0 kh\u00f4ng kh\u00f3 \u0103n nh\u01b0 c\u00e1c lo\u1ea1i rong th\u00f4ng th\u01b0\u1eddng, sau khi \u0103n th\u1eed b\u1ea1n s\u1ebd \u0111\u01b0\u1ee3c tr\u1ea3i nghi\u1ec7m m\u00f9i v\u1ecb th\u01a1m t\u1ef1 nhi\u00ean c\u1ee7a rong, gi\u00f2n gi\u00f2n, k\u1ebft h\u1ee3p th\u00eam s\u1ef1 n\u00eam n\u1ebfm v\u1eeba mi\u1ec7ng c\u1ee7a b\u1ea1n th\u00ec ch\u1eafc ch\u1eafn m\u00f3n rong bi\u1ec3n n\u00e0y s\u1ebd l\u00e0m b\u1ea1n c\u1ef1c k\u1ef3 h\u00e0i l\u00f2ng.<\/p>\n<ul>\n<li>Th\u00e0nh ph\u1ea7n: Rong bi\u1ec3n t\u01b0\u01a1i wakame.<\/li>\n<li>H\u01b0\u1edbng d\u1eabn s\u1eed d\u1ee5ng: R\u00e3 \u0111\u00f4ng sau \u0111\u00f3 h\u00e3y s\u1eed d\u1ee5ng ngay.<\/li>\n<li>H\u01b0\u1edbng d\u1eabn b\u1ea3o qu\u1ea3n: B\u1ea3o qu\u1ea3n \u1edf t\u1ee7 \u0111\u00f4ng -18 \u0111\u1ed9 C<\/li>\n<li>Xu\u1ea5t x\u1ee9: H\u00e0n Qu\u1ed1c<\/li>\n<li>Quy c\u00e1ch \u0111\u00f3ng g\u00f3i: 160gr<\/li>\n<\/ul>\n<p>&nbsp;<\/p>\n<p><img decoding=\"async\" class=\"wp-image-15894 aligncenter\" src=\"https:\/\/havamall.vn\/wp-content\/uploads\/2020\/08\/rongbienno1-300x221.jpg\" alt=\"\" width=\"580\" height=\"427\" srcset=\"https:\/\/havamall.vn\/wp-content\/uploads\/2020\/08\/rongbienno1-300x221.jpg 300w, https:\/\/havamall.vn\/wp-content\/uploads\/2020\/08\/rongbienno1-430x317.jpg 430w, https:\/\/havamall.vn\/wp-content\/uploads\/2020\/08\/rongbienno1-150x111.jpg 150w, https:\/\/havamall.vn\/wp-content\/uploads\/2020\/08\/rongbienno1-700x516.jpg 700w, https:\/\/havamall.vn\/wp-content\/uploads\/2020\/08\/rongbienno1-768x567.jpg 768w, https:\/\/havamall.vn\/wp-content\/uploads\/2020\/08\/rongbienno1-1024x755.jpg 1024w, https:\/\/havamall.vn\/wp-content\/uploads\/2020\/08\/rongbienno1-1200x885.jpg 1200w, https:\/\/havamall.vn\/wp-content\/uploads\/2020\/08\/rongbienno1-600x443.jpg 600w, https:\/\/havamall.vn\/wp-content\/uploads\/2020\/08\/rongbienno1.jpg 1300w\" sizes=\"(max-width: 580px) 100vw, 580px\" \/><\/p>\n<p>L\u00e0 s\u1ea3n ph\u1ea9m c\u1ef1c HOT \u1edf \u0111\u1ea5t n\u01b0\u1edbc H\u00e0n Qu\u1ed1c, nay \u0111\u00e3 c\u00f3 m\u1eb7t \u1edf Havamall v\u00e0 \u0111\u1eb7c bi\u1ec7t nhi\u1ec1u s\u1ef1 l\u1ef1a ch\u1ecdn cho c\u00e1c b\u1ea1n khi s\u1ea3n ph\u1ea9m c\u00f3 nhi\u1ec1u kh\u1ed1i l\u01b0\u1ee3ng t\u00f9y theo nhu c\u1ea7u c\u1ee7a c\u00e1c b\u1ea1n \u0111\u1ec3 cho b\u1ea1n lu\u00f4n ti\u1ec7n l\u1ee3i trong qu\u00e1 tr\u00ecnh s\u1eed d\u1ee5ng.<\/p>\n<p>&nbsp;<\/p>","protected":false},"excerpt":{"rendered":"<p><em>Rong bi\u1ec3n<\/em> l\u00e0 1 th\u1ef1c ph\u1ea9m \u0111\u01b0\u1ee3c nhi\u1ec1u ng\u01b0\u1eddi y\u00eau th\u00edch v\u00e0 \u01b0a chu\u1ed9ng, trong \u0111\u00f3 rong bi\u1ec3n c\u00f3 4 lo\u1ea1i ch\u00ednh \u0111\u1eb7c bi\u1ec7t nh\u1ea5t ch\u1eafc h\u1eb3n ai c\u0169ng \u0111\u00e3 t\u1eebng nge qua r\u1eb1ng rong bi\u1ec3n wakame ch\u00ednh l\u00e0 lo\u1ea1i th\u1ef1c ph\u1ea9m tr\u01b0\u1eddng th\u1ecd l\u00e0 m\u00f3n \u0103n ph\u1ed5 bi\u1ebfn nh\u1ea5t c\u1ee7a ng\u01b0\u1eddi d\u00e2n Nh\u1eadt B\u1ea3n, \u1edf rong bi\u1ec3n cung c\u1ea5p nhi\u1ec1u ch\u1ea5t dinh d\u01b0\u1ee1ng \u0111\u1eb7c bi\u1ec7t m\u00e0 nh\u1eefng lo\u1ea1i th\u1ef1c ph\u1ea9m kh\u00e1c kh\u00f4ng th\u1ec3 s\u00e1nh b\u1eb1ng.<\/p>","protected":false},"featured_media":15881,"comment_status":"open","ping_status":"closed","template":"","meta":[],"product_brand":[],"product_cat":[275,496,36],"product_tag":[],"class_list":{"0":"post-15880","1":"product","2":"type-product","3":"status-publish","4":"has-post-thumbnail","6":"product_cat-thuc-pham-dong-lanh","7":"product_cat-thuc-pham-thuan-chay","8":"product_cat-thuc-pham-tieu-dung","10":"first","11":"outofstock","12":"sale","13":"shipping-taxable","14":"purchasable","15":"product-type-simple"},"_links":{"self":[{"href":"https:\/\/havamall.vn\/en\/wp-json\/wp\/v2\/product\/15880"}],"collection":[{"href":"https:\/\/havamall.vn\/en\/wp-json\/wp\/v2\/product"}],"about":[{"href":"https:\/\/havamall.vn\/en\/wp-json\/wp\/v2\/types\/product"}],"replies":[{"embeddable":true,"href":"https:\/\/havamall.vn\/en\/wp-json\/wp\/v2\/comments?post=15880"}],"version-history":[{"count":0,"href":"https:\/\/havamall.vn\/en\/wp-json\/wp\/v2\/product\/15880\/revisions"}],"wp:featuredmedia":[{"embeddable":true,"href":"https:\/\/havamall.vn\/en\/wp-json\/wp\/v2\/media\/15881"}],"wp:attachment":[{"href":"https:\/\/havamall.vn\/en\/wp-json\/wp\/v2\/media?parent=15880"}],"wp:term":[{"taxonomy":"product_brand","embeddable":true,"href":"https:\/\/havamall.vn\/en\/wp-json\/wp\/v2\/product_brand?post=15880"},{"taxonomy":"product_cat","embeddable":true,"href":"https:\/\/havamall.vn\/en\/wp-json\/wp\/v2\/product_cat?post=15880"},{"taxonomy":"product_tag","embeddable":true,"href":"https:\/\/havamall.vn\/en\/wp-json\/wp\/v2\/product_tag?post=15880"}],"curies":[{"name":"wp","href":"https:\/\/api.w.org\/{rel}","templated":true}]}}