{"id":15865,"date":"2020-08-19T11:16:32","date_gmt":"2020-08-19T04:16:32","guid":{"rendered":"https:\/\/havamall.vn\/?post_type=product&#038;p=15865"},"modified":"2023-06-14T11:35:46","modified_gmt":"2023-06-14T04:35:46","slug":"fresiweed-xa-lat-7-vi-rong-bien-110gr","status":"publish","type":"product","link":"https:\/\/havamall.vn\/en\/shop\/fresiweed-xa-lat-7-vi-rong-bien-110gr\/","title":{"rendered":"Salad 7 V\u1ecb Rong Bi\u1ec3n H\u00e0n Qu\u1ed1c Fresiweed 110gr"},"content":{"rendered":"<ul>\n<li><em>Rong bi\u1ec3n<\/em> l\u00e0 1 th\u1ef1c ph\u1ea9m \u0111\u01b0\u1ee3c nhi\u1ec1u ng\u01b0\u1eddi y\u00eau th\u00edch v\u00e0 \u01b0a chu\u1ed9ng, trong \u0111\u00f3 rong bi\u1ec3n c\u00f3 4 lo\u1ea1i ch\u00ednh \u0111\u1eb7c bi\u1ec7t nh\u1ea5t ch\u1eafc h\u1eb3n ai c\u0169ng \u0111\u00e3 t\u1eebng nge qua r\u1eb1ng rong bi\u1ec3n wakame ch\u00ednh l\u00e0 lo\u1ea1i th\u1ef1c ph\u1ea9m tr\u01b0\u1eddng th\u1ecd l\u00e0 m\u00f3n \u0103n ph\u1ed5 bi\u1ebfn nh\u1ea5t c\u1ee7a ng\u01b0\u1eddi d\u00e2n Nh\u1eadt B\u1ea3n, \u1edf rong bi\u1ec3n cung c\u1ea5p nhi\u1ec1u ch\u1ea5t dinh d\u01b0\u1ee1ng \u0111\u1eb7c bi\u1ec7t m\u00e0 nh\u1eefng lo\u1ea1i th\u1ef1c ph\u1ea9m kh\u00e1c kh\u00f4ng th\u1ec3 s\u00e1nh b\u1eb1ng.Th\u00f4ng th\u01b0\u1eddng rong bi\u1ec3n th\u01b0\u1eddng \u0111\u01b0\u1ee3c s\u1eed d\u1ee5ng \u0111\u1ec3 l\u00e0m c\u00e1c m\u00f3n salad, canh, s\u00fap, \u2026.ho\u1eb7c c\u00f3 th\u1ec3 d\u00f9ng l\u00e0m m\u00f3n \u0103n k\u00e8m trong c\u00e1c b\u1eefa \u0103n ch\u00ednh c\u1ee7a m\u00ecnh, nh\u01b0ng \u0111\u1ec3 ph\u00e1t huy ch\u1ea5t b\u1ed5 d\u01b0\u1ee1ng b\u1eadc nh\u1ea5t ch\u1ec9 c\u00f3 th\u1ec3 l\u00e0 rong bi\u1ec3n t\u01b0\u01a1i.<\/li>\n<\/ul>\n<p><img fetchpriority=\"high\" decoding=\"async\" class=\"wp-image-15897 aligncenter\" src=\"https:\/\/havamall.vn\/wp-content\/uploads\/2020\/08\/ronbien7vi3-300x200.jpg\" alt=\"\" width=\"680\" height=\"453\" srcset=\"https:\/\/havamall.vn\/wp-content\/uploads\/2020\/08\/ronbien7vi3-300x200.jpg 300w, https:\/\/havamall.vn\/wp-content\/uploads\/2020\/08\/ronbien7vi3-430x287.jpg 430w, https:\/\/havamall.vn\/wp-content\/uploads\/2020\/08\/ronbien7vi3-150x100.jpg 150w, https:\/\/havamall.vn\/wp-content\/uploads\/2020\/08\/ronbien7vi3-700x467.jpg 700w, https:\/\/havamall.vn\/wp-content\/uploads\/2020\/08\/ronbien7vi3-768x512.jpg 768w, https:\/\/havamall.vn\/wp-content\/uploads\/2020\/08\/ronbien7vi3-1024x683.jpg 1024w, https:\/\/havamall.vn\/wp-content\/uploads\/2020\/08\/ronbien7vi3-1200x801.jpg 1200w, https:\/\/havamall.vn\/wp-content\/uploads\/2020\/08\/ronbien7vi3-600x400.jpg 600w, https:\/\/havamall.vn\/wp-content\/uploads\/2020\/08\/ronbien7vi3.jpg 1400w\" sizes=\"(max-width: 680px) 100vw, 680px\" \/><\/p>\n<ul>\n<li>D\u00f2ng Salad \u0103n li\u1ec1n cao c\u1ea5p t\u1eeb rong bi\u1ec3n <strong><em>FRESIWEED HIYASHI WAKAME SALAD<\/em><\/strong> cung c\u1ea5p nhi\u1ec1u ch\u1ea5t dinh d\u01b0\u1ee1ng, kho\u00e1ng ch\u1ea5t v\u00f4 c\u00f9ng c\u1ea7n thi\u1ebft cho con ng\u01b0\u1eddi: protein, vitamin c\u00e1c lo\u1ea1i nh\u01b0: A, B12, C v\u00e0 c\u00e1c kho\u00e1ng ch\u1ea5t thi\u1ebft y\u1ebfu kh\u00e1c c\u00f2n l\u1ea1i..<strong><em>FRESIWEED l\u00e0 th\u01b0\u01a1ng hi\u1ec7u c\u1ee7a JH, chuy\u00ean v\u1ec1 s\u1ea3n ph\u1ea9m rong bi\u1ec3n cao c\u1ea5p \u0111\u01b0\u1ee3c ch\u1ebf bi\u1ebfn v\u00e0 \u0111\u00f3ng g\u00f3i t\u1ea1i H\u00e0n Qu\u1ed1c.<\/em><\/strong><strong><em>Salad rong bi\u1ec3n t\u01b0\u01a1i<\/em><\/strong> l\u00e0 1 trong nh\u1eefng m\u00f3n \u0103n \u0111\u01a1n gi\u1ea3n nh\u01b0ng l\u1ea1i \u0111\u1ed9c \u0111\u00e1o, <em>salad rong bi\u1ec3n<\/em> \u0111\u01b0\u1ee3c ng\u01b0\u1eddi d\u00e2n Nh\u1eadt B\u1ea3n hay H\u00e0n Qu\u1ed1c s\u1eed d\u1ee5ng r\u1ea5t nhi\u1ec1u c\u0169ng c\u00f3 th\u1ec3 n\u00f3i \u0111\u00e2y ch\u00ednh l\u00e0 m\u00f3n \u0103n truy\u1ec1n th\u1ed1ng trong \u1ea9m th\u1ef1c c\u1ee7a ng\u01b0\u1eddi H\u00e0n Qu\u1ed1c.<strong><em><img decoding=\"async\" class=\"wp-image-15895 aligncenter\" src=\"https:\/\/havamall.vn\/wp-content\/uploads\/2020\/08\/ronbien7vi1-300x200.jpg\" alt=\"\" width=\"665\" height=\"443\" srcset=\"https:\/\/havamall.vn\/wp-content\/uploads\/2020\/08\/ronbien7vi1-300x200.jpg 300w, https:\/\/havamall.vn\/wp-content\/uploads\/2020\/08\/ronbien7vi1-430x287.jpg 430w, https:\/\/havamall.vn\/wp-content\/uploads\/2020\/08\/ronbien7vi1-150x100.jpg 150w, https:\/\/havamall.vn\/wp-content\/uploads\/2020\/08\/ronbien7vi1-700x467.jpg 700w, https:\/\/havamall.vn\/wp-content\/uploads\/2020\/08\/ronbien7vi1-768x512.jpg 768w, https:\/\/havamall.vn\/wp-content\/uploads\/2020\/08\/ronbien7vi1-1024x683.jpg 1024w, https:\/\/havamall.vn\/wp-content\/uploads\/2020\/08\/ronbien7vi1-1200x801.jpg 1200w, https:\/\/havamall.vn\/wp-content\/uploads\/2020\/08\/ronbien7vi1-600x400.jpg 600w, https:\/\/havamall.vn\/wp-content\/uploads\/2020\/08\/ronbien7vi1.jpg 1400w\" sizes=\"(max-width: 665px) 100vw, 665px\" \/><\/em><\/strong><\/li>\n<\/ul>\n<p>&nbsp;<\/p>\n<p style=\"padding-left: 30px\"><strong><em>\u201c Salad 7 v\u1ecb rong bi\u1ec3n \u201c<\/em><\/strong> c\u0169ng v\u1eady v\u1edbi s\u1ef1 k\u1ebft h\u1ee3p t\u1eeb 7 lo\u1ea1i rong bi\u1ec3n v\u00f4 c\u00f9ng dinh d\u01b0\u1ee1ng c\u1ee7a H\u00e0n Qu\u1ed1c:<\/p>\n<p style=\"padding-left: 60px\">Rong bi\u1ec3n Sea String<\/p>\n<p style=\"padding-left: 60px\">Rong bi\u1ec3n Hijiki<\/p>\n<p style=\"padding-left: 60px\">Rong bi\u1ec3n Wakame<\/p>\n<p style=\"padding-left: 60px\">Rong bi\u1ec3n Kombu<\/p>\n<p style=\"padding-left: 60px\">Rong bi\u1ec3n Gloiopeltis Tenax<\/p>\n<p style=\"padding-left: 60px\">Rong bi\u1ec3n Gloiopeltis Furcata<\/p>\n<p style=\"padding-left: 60px\">Rong bi\u1ec3n Laver<\/p>\n<ul>\n<li>V\u1edbi 7 lo\u1ea1i rong bi\u1ec3n \u0111\u01b0\u1ee3c tr\u1ed9n s\u1eb5n c\u00f9ng v\u1edbi \u0111\u01b0\u1eddng, d\u1ea7u m\u00e8, mu\u1ed1i, r\u01b0\u1ee3u n\u1ea5u, gi\u1ea5m, s\u1ea3n ph\u1ea9m mang \u0111\u1ebfn h\u01b0\u01a1ng v\u1ecb th\u01a1m ngon, gi\u00f2n r\u1ee5m c\u1ef1c nghi\u1ec7n.<\/li>\n<li>S\u1ea3n ph\u1ea9m l\u00e0 m\u00f3n \u0103n ti\u1ec7n l\u1ee3i, kh\u00f4ng c\u1ea7n ch\u1ebf bi\u1ebfn c\u1ea7u k\u1ef3, gi\u00fap ng\u01b0\u1eddi ti\u00eau d\u00f9ng ti\u1ebft ki\u1ec7m th\u1eddi gian n\u1ea5u n\u01b0\u1edbng khi b\u1eadn r\u1ed9n. Ch\u1ec9 c\u1ea7n 1 b\u01b0\u1edbc \u0111\u01a1n gi\u1ea3n r\u00e3 \u0111\u00f4ng t\u1ef1 nhi\u00ean l\u00e0 s\u1ebd d\u00f9ng \u0111\u01b0\u1ee3c ngay. C\u00f3 th\u1ec3 k\u1ebft h\u1ee3p c\u00f9ng v\u1edbi c\u1ee7 c\u1ea3i, c\u00e0 r\u1ed1t b\u00e0o s\u1ee3i, th\u00eam ch\u00fat s\u1ed1t m\u00e8 rang, s\u1ed1t mayonaise s\u1ebd t\u0103ng th\u00eam h\u01b0\u01a1ng v\u1ecb h\u01a1n.<\/li>\n<\/ul>\n<p>Ngon nh\u1ea5t khi \u0103n v\u1edbi c\u00e1 h\u1ed3i, c\u00e1c m\u00f3n n\u01b0\u1edbng&#8230; nh\u01b0 1 m\u00f3n salad trong b\u1eefa \u0103n h\u00e0ng ng\u00e0y hay l\u00e0m sushi rong bi\u1ec3n, ngo\u00e0i ra c\u00f3 th\u1ec3 s\u1eed d\u1ee5ng\u00a0<a href=\"https:\/\/moshimoshi.vn\/nuoc-tuong\" target=\"_blank\" rel=\"noopener\">n\u01b0\u1edbc t\u01b0\u01a1ng nh\u1eadt<\/a>\u00a0ho\u1eb7c\u00a0<a href=\"https:\/\/moshimoshi.vn\/mu-tat-wasabi\" target=\"_blank\" rel=\"noopener\">m\u00f9 t\u1ea1t wasabi<\/a>\u00a0d\u00f9ng chung \u0111\u1ec3 k\u00edch th\u00edch kh\u1ea9u v\u1ecb khi \u0103n. M\u00f3n salad rong bi\u1ec3n c\u0169ng r\u1ea5t \u0111\u01b0\u1ee3c \u01b0a chu\u1ed9ng trong m\u00f9a h\u00e8, v\u1ecb t\u01b0\u01a1i m\u00e1t gi\u00fap gi\u1ea3i nhi\u1ec7t r\u1ea5t t\u1ed1t.<\/p>\n<ul>\n<li>Si\u00eau ti\u1ebft ki\u1ec7m: S\u1ea3n ph\u1ea9m c\u00f3 th\u1ec3 d\u00f9ng h\u00e0ng ng\u00e0y thay cho l\u01b0\u1ee3ng rau xanh, th\u00edch h\u1ee3p cho tr\u1ebb em, ng\u01b0\u1eddi gi\u00e0,xanh v\u00e0 s\u1ea1ch, kh\u00f4ng th\u00eam b\u1ea5t k\u00ec ch\u1ea5t b\u1ea3o qu\u1ea3n n\u00e0o.<\/li>\n<li>R\u1ea5t ti\u1ec7n l\u1ee3i v\u00e0 th\u00f4ng minh khi d\u00f2ng s\u1ea3n ph\u1ea9m salad rong bi\u1ec3n \u0111\u01b0\u1ee3c chia s\u1eb5n th\u00e0nh c\u00e1c khay ph\u00f9 h\u1ee3p v\u1edbi 1 b\u1eefa c\u1ee7a gia \u0111\u00ecnh, ho\u1eb7c c\u00f3 th\u1ec3 mang \u0111i du l\u1ecbch ti\u1ec7n l\u1ee3i v\u00e0 nhanh g\u1ecdn.<\/li>\n<li>Nhi\u1ec1u ch\u1ea5t dinh d\u01b0\u1ee1ng v\u00e0 kho\u00e1ng ch\u1ea5t ph\u00f9 h\u1ee3p cho c\u1ea3 gia \u0111\u00ecnh.<\/li>\n<\/ul>\n<p><img decoding=\"async\" class=\"wp-image-15896 aligncenter\" src=\"https:\/\/havamall.vn\/wp-content\/uploads\/2020\/08\/ronbien7vi2-300x200.jpg\" alt=\"\" width=\"679\" height=\"452\" srcset=\"https:\/\/havamall.vn\/wp-content\/uploads\/2020\/08\/ronbien7vi2-300x200.jpg 300w, https:\/\/havamall.vn\/wp-content\/uploads\/2020\/08\/ronbien7vi2-430x287.jpg 430w, https:\/\/havamall.vn\/wp-content\/uploads\/2020\/08\/ronbien7vi2-150x100.jpg 150w, https:\/\/havamall.vn\/wp-content\/uploads\/2020\/08\/ronbien7vi2-700x467.jpg 700w, https:\/\/havamall.vn\/wp-content\/uploads\/2020\/08\/ronbien7vi2-768x512.jpg 768w, https:\/\/havamall.vn\/wp-content\/uploads\/2020\/08\/ronbien7vi2-600x400.jpg 600w, https:\/\/havamall.vn\/wp-content\/uploads\/2020\/08\/ronbien7vi2.jpg 1000w\" sizes=\"(max-width: 679px) 100vw, 679px\" \/><\/p>\n<p>&nbsp;<\/p>\n<p style=\"padding-left: 30px\"><strong><em>\u201cSalad 7 v\u1ecb rong bi\u1ec3n\u201d <\/em><\/strong>\u00a0l\u00e0 s\u1ea3n ph\u1ea9m \u0111\u00e3 qua ch\u1ebf bi\u1ebfn v\u00e0 ki\u1ec3m duy\u1ec7t v\u00ec th\u1ebf b\u1ea1n ch\u1ec9 c\u1ea7n b\u01b0\u1edbc r\u00e3 \u0111\u00f4ng l\u00e0 c\u00f3 th\u1ec3 d\u00f9ng \u0111\u01b0\u1ee3c ngay, l\u00e0 1 s\u1ea3n ph\u1ea9m \u0103n k\u00e8m r\u1ea5t ti\u1ec7n l\u1ee3i \u00e0m b\u1ea5t k\u00ec ai c\u0169ng n\u00ean tr\u1eef s\u1eb5n \u1edf nh\u00e0 nh\u00e9.<\/p>\n<p>&nbsp;<\/p>\n<p>&nbsp;<\/p>","protected":false},"excerpt":{"rendered":"<p><em>Rong bi\u1ec3n<\/em> l\u00e0 1 th\u1ef1c ph\u1ea9m \u0111\u01b0\u1ee3c nhi\u1ec1u ng\u01b0\u1eddi y\u00eau th\u00edch v\u00e0 \u01b0a chu\u1ed9ng, trong \u0111\u00f3 rong bi\u1ec3n c\u00f3 4 lo\u1ea1i ch\u00ednh \u0111\u1eb7c bi\u1ec7t nh\u1ea5t ch\u1eafc h\u1eb3n ai c\u0169ng \u0111\u00e3 t\u1eebng nge qua r\u1eb1ng rong bi\u1ec3n wakame ch\u00ednh l\u00e0 lo\u1ea1i th\u1ef1c ph\u1ea9m tr\u01b0\u1eddng th\u1ecd l\u00e0 m\u00f3n \u0103n ph\u1ed5 bi\u1ebfn nh\u1ea5t c\u1ee7a ng\u01b0\u1eddi d\u00e2n Nh\u1eadt B\u1ea3n, \u1edf rong bi\u1ec3n cung c\u1ea5p nhi\u1ec1u ch\u1ea5t dinh d\u01b0\u1ee1ng \u0111\u1eb7c bi\u1ec7t m\u00e0 nh\u1eefng lo\u1ea1i th\u1ef1c ph\u1ea9m kh\u00e1c kh\u00f4ng th\u1ec3 s\u00e1nh b\u1eb1ng.<\/p>","protected":false},"featured_media":29290,"comment_status":"open","ping_status":"closed","template":"","meta":[],"product_brand":[],"product_cat":[275,36],"product_tag":[],"class_list":{"0":"post-15865","1":"product","2":"type-product","3":"status-publish","4":"has-post-thumbnail","6":"product_cat-thuc-pham-dong-lanh","7":"product_cat-thuc-pham-tieu-dung","9":"first","10":"instock","11":"sale","12":"shipping-taxable","13":"purchasable","14":"product-type-simple"},"_links":{"self":[{"href":"https:\/\/havamall.vn\/en\/wp-json\/wp\/v2\/product\/15865"}],"collection":[{"href":"https:\/\/havamall.vn\/en\/wp-json\/wp\/v2\/product"}],"about":[{"href":"https:\/\/havamall.vn\/en\/wp-json\/wp\/v2\/types\/product"}],"replies":[{"embeddable":true,"href":"https:\/\/havamall.vn\/en\/wp-json\/wp\/v2\/comments?post=15865"}],"version-history":[{"count":0,"href":"https:\/\/havamall.vn\/en\/wp-json\/wp\/v2\/product\/15865\/revisions"}],"wp:featuredmedia":[{"embeddable":true,"href":"https:\/\/havamall.vn\/en\/wp-json\/wp\/v2\/media\/29290"}],"wp:attachment":[{"href":"https:\/\/havamall.vn\/en\/wp-json\/wp\/v2\/media?parent=15865"}],"wp:term":[{"taxonomy":"product_brand","embeddable":true,"href":"https:\/\/havamall.vn\/en\/wp-json\/wp\/v2\/product_brand?post=15865"},{"taxonomy":"product_cat","embeddable":true,"href":"https:\/\/havamall.vn\/en\/wp-json\/wp\/v2\/product_cat?post=15865"},{"taxonomy":"product_tag","embeddable":true,"href":"https:\/\/havamall.vn\/en\/wp-json\/wp\/v2\/product_tag?post=15865"}],"curies":[{"name":"wp","href":"https:\/\/api.w.org\/{rel}","templated":true}]}}