{"id":15834,"date":"2020-08-17T15:56:02","date_gmt":"2020-08-17T08:56:02","guid":{"rendered":"https:\/\/havamall.vn\/?post_type=product&#038;p=15834"},"modified":"2021-06-04T17:34:18","modified_gmt":"2021-06-04T10:34:18","slug":"banh-trung-thu-lava-trung-muoi-chay-emperor-440gr-mooncake-lava-salted-eggs-emperor-440gr","status":"publish","type":"product","link":"https:\/\/havamall.vn\/en\/shop\/banh-trung-thu-lava-trung-muoi-chay-emperor-440gr-mooncake-lava-salted-eggs-emperor-440gr\/","title":{"rendered":"B\u00e1nh Trung Thu Lava Tr\u1ee9ng Mu\u1ed1i Ch\u1ea3y Emperor 440gr &#8211; Mooncake Lava Salted Eggs Emperor 440gr"},"content":{"rendered":"<p style=\"text-align: left\"><em>\u00a0B\u00e1nh trung thu<\/em> ng\u00e0y tr\u01b0\u1edbc ch\u1ec9 c\u00f3 lo\u1ea1i b\u00e1nh trung thu n\u01b0\u1edbng truy\u1ec1n th\u1ed1ng th\u1ebf nh\u01b0ng \u0111\u1ebfn nay b\u00e1nh trung thu c\u00f3 r\u1ea5t nhi\u1ec1u lo\u1ea1i v\u1edbi nhi\u1ec1u nh\u00e2n kh\u00e1c nhau. Trong kh\u00f4ng kh\u00ed r\u1ed9n r\u00e0ng v\u00e0o nh\u1eefng d\u1ecbp g\u1ea7n \u0111\u1ebfn T\u1ebft Trung Thu th\u00ec c\u00e1c l\u00f2 n\u01b0\u1edbng \u0111\u00e3 r\u1ee5c r\u1ecbch chu\u1ea9n b\u1ecb t\u1eebng kh\u00e2u \u0111\u1ec3 cho ra \u0111\u1eddi m\u00f3n b\u00e1nh trung thu \u0111\u1ec3 c\u1ea3 gia \u0111\u00ecnh c\u00f3 th\u1ec3 qu\u00e2y qu\u1ea7n ng\u1ed3i b\u00ea nhau \u0111\u00f3n c\u00e1i T\u1ebft \u0111o\u00e0n vi\u00ean truy\u1ec1n th\u1ed1ng n\u00e0y.<\/p>\n<p><img decoding=\"async\" class=\"aligncenter\" src=\"https:\/\/havamall.vn\/wp-content\/uploads\/2020\/08\/17819259_1892407537693778_7761988618159128576_n.jpg\" alt=\"banh-trung-thu-man\" \/><em>B\u00e1nh Trung thu<\/em> ng\u00e0y tr\u01b0\u1edbc ch\u1ec9 c\u00f3 lo\u1ea1i b\u00e1nh n\u01b0\u1edbng truy\u1ec1n th\u1ed1ng th\u1ebf n\u00ean hi\u1ec7n nay c\u00f9ng v\u1edbi s\u1ef1 \u0111a d\u1ea1ng c\u1ee7a c\u00e1c nh\u00e2n b\u00e1nh v\u00e0 th\u00eam t\u00e0i ngh\u1ec7 l\u00e0m b\u00e1nh b\u1eadc nh\u1ea5t c\u1ee7a c\u00e1c nh\u00e0 l\u00e0m b\u00e1nh \u0111\u00e3 cho ra \u0111\u1eddi nhi\u1ec1u lo\u1ea1i b\u00e1nh v\u1edbi nhi\u1ec1u lo\u1ea1i nh\u00e2n kh\u00e1c nhau.<\/p>\n<p><img decoding=\"async\" src=\"https:\/\/havamall.vn\/wp-content\/uploads\/2020\/08\/SIN_1110_aspect16x9.jpg\" alt=\"Four Seasons Hotel Singapore Unveils Elegant Mooncake Collection ...\" \/><\/p>\n<p><em><strong>B\u00e1nh Trung Thu Lava Tr\u1ee9ng Mu\u1ed1i Ch\u1ea3y<\/strong><\/em> l\u00e0 lo\u1ea1i b\u00e1nh trung thu b\u00e1n ch\u1ea1y nh\u1ea5t \u1edf \u0110\u00e0i Loan hi\u1ec7n nay \u0111\u00e3 ph\u1ed5 bi\u1ebfn tr\u00ean th\u1ecb tr\u01b0\u1eddng Vi\u1ec7t Nam.<\/p>\n<p><img decoding=\"async\" src=\"https:\/\/havamall.vn\/wp-content\/uploads\/2020\/08\/yes.jpg\" alt=\"Mooncake Collection | IMPERIAL PATISSERIE\" \/><\/p>\n<ul>\n<li>V\u1edbi s\u1ef1 k\u1ebft h\u1ee3p v\u1ecb th\u01a1m c\u1ee7a b\u01a1, c\u1ed9ng th\u00eam m\u1ed9t ch\u00fat \u0111\u1eadu xanh, v\u00e0 quan tr\u1ecdng h\u01a1n c\u00f2n c\u00f3 s\u1ef1 g\u00f3p m\u1eb7t c\u1ee7a s\u1eefa d\u1eeba, t\u1ea5t c\u1ea3 h\u00f2a quy\u1ec7n l\u1ea1i t\u1ea1o n\u00ean m\u1ed9t nguy\u00ean li\u1ec7u ph\u1ee5 m\u00e0 trong \u0111\u00f3 kh\u00f4ng th\u1ec3 thi\u1ebfu nguy\u00ean li\u1ec7u ch\u00ednh \u0111\u00f3 l\u00e0 tr\u1ee9ng mu\u1ed1i \u0111\u01b0\u1ee3c ch\u1ea3y ra tan trong mi\u1ec7ng.<\/li>\n<li>Ch\u1ec9 c\u1ea7n c\u1eafn m\u1ed9t mi\u1ebfng th\u00ec b\u1ea1n c\u00f3 th\u1ec3 c\u1ea3m nh\u1eadn r\u00f5 \u0111\u01b0\u1ee3c l\u1edbp v\u1ecf b\u00e1nh th\u01a1m m\u1ec1m sau \u0111\u00f3 v\u1ecb \u0111\u1ecdng l\u1ea1i beo b\u00e9o c\u1ee7a tr\u1ee9ng mu\u1ed1i, v\u1ecb th\u01a1m c\u1ee7a s\u1eefa d\u1eeba, m\u1ed9t ch\u00fat ng\u1ecdt nh\u1eb9 nh\u00e0ng th\u1ecfang qua c\u1ee7a \u0111\u1eadu xanh, m\u00f9i th\u01a1m thoang tho\u1ea3ng c\u1ee7a b\u01a1. \u0110\u00f3 ch\u00ednh l\u00e0 m\u1ed9t s\u1ef1 k\u1ebft h\u1ee3p ho\u00e0n h\u1ea3o d\u00e0nh cho si\u00eau ph\u1ea9m b\u00e1nh trung thu n\u00e0y.<\/li>\n<\/ul>\n<p>&nbsp;<\/p>\n<p><img fetchpriority=\"high\" decoding=\"async\" class=\"wp-image-15854 aligncenter\" src=\"https:\/\/havamall.vn\/wp-content\/uploads\/2020\/08\/z2029245097586_3f79dfa8c62aec895b11875a820d6622-237x300.jpg\" alt=\"\" width=\"564\" height=\"714\" srcset=\"https:\/\/havamall.vn\/wp-content\/uploads\/2020\/08\/z2029245097586_3f79dfa8c62aec895b11875a820d6622-237x300.jpg 237w, https:\/\/havamall.vn\/wp-content\/uploads\/2020\/08\/z2029245097586_3f79dfa8c62aec895b11875a820d6622-430x544.jpg 430w, https:\/\/havamall.vn\/wp-content\/uploads\/2020\/08\/z2029245097586_3f79dfa8c62aec895b11875a820d6622-150x190.jpg 150w, https:\/\/havamall.vn\/wp-content\/uploads\/2020\/08\/z2029245097586_3f79dfa8c62aec895b11875a820d6622-700x885.jpg 700w, https:\/\/havamall.vn\/wp-content\/uploads\/2020\/08\/z2029245097586_3f79dfa8c62aec895b11875a820d6622-768x971.jpg 768w, https:\/\/havamall.vn\/wp-content\/uploads\/2020\/08\/z2029245097586_3f79dfa8c62aec895b11875a820d6622-810x1024.jpg 810w, https:\/\/havamall.vn\/wp-content\/uploads\/2020\/08\/z2029245097586_3f79dfa8c62aec895b11875a820d6622-1200x1518.jpg 1200w, https:\/\/havamall.vn\/wp-content\/uploads\/2020\/08\/z2029245097586_3f79dfa8c62aec895b11875a820d6622-600x759.jpg 600w, https:\/\/havamall.vn\/wp-content\/uploads\/2020\/08\/z2029245097586_3f79dfa8c62aec895b11875a820d6622-scaled.jpg 2024w\" sizes=\"(max-width: 564px) 100vw, 564px\" \/><\/p>\n<p><em><strong>B\u00e1nh Trung Thu Lava Tr\u1ee9ng Mu\u1ed1i Ch\u1ea3y<\/strong><\/em> r\u1ea5t v\u1eeba \u0103n, kh\u00f4ng qu\u00e1 ng\u1ecdt, n\u00ean c\u1ea3 tr\u1ebb em l\u1eabn ng\u01b0\u1eddi l\u1edbn \u0111\u1ec1u y\u00eau th\u00edch. Ng\u1ed3i nh\u00e2m nhi chi\u1ebfc b\u00e1nh ngon th\u01b0\u1ee3ng h\u1ea1ng v\u1edbi m\u1ed9t t\u00e1ch tr\u00e0 n\u00f3ng v\u00e0 \u0111\u01b0\u1ee3c qu\u00e2y qu\u1ea7n b\u00ean c\u1ea3 gia \u0111\u00ecnh d\u1ecbp T\u1ebft trung thu th\u00ec c\u00f2n g\u00ec b\u1eb1ng.<\/p>\n<p><img decoding=\"async\" class=\"wp-image-15855 aligncenter\" src=\"https:\/\/havamall.vn\/wp-content\/uploads\/2020\/08\/z2029245106114_11ed398adc2f4e6c369f1979680c44de-1-237x300.jpg\" alt=\"\" width=\"451\" height=\"571\" srcset=\"https:\/\/havamall.vn\/wp-content\/uploads\/2020\/08\/z2029245106114_11ed398adc2f4e6c369f1979680c44de-1-237x300.jpg 237w, https:\/\/havamall.vn\/wp-content\/uploads\/2020\/08\/z2029245106114_11ed398adc2f4e6c369f1979680c44de-1-430x544.jpg 430w, https:\/\/havamall.vn\/wp-content\/uploads\/2020\/08\/z2029245106114_11ed398adc2f4e6c369f1979680c44de-1-150x190.jpg 150w, https:\/\/havamall.vn\/wp-content\/uploads\/2020\/08\/z2029245106114_11ed398adc2f4e6c369f1979680c44de-1-700x885.jpg 700w, https:\/\/havamall.vn\/wp-content\/uploads\/2020\/08\/z2029245106114_11ed398adc2f4e6c369f1979680c44de-1-768x971.jpg 768w, https:\/\/havamall.vn\/wp-content\/uploads\/2020\/08\/z2029245106114_11ed398adc2f4e6c369f1979680c44de-1-810x1024.jpg 810w, https:\/\/havamall.vn\/wp-content\/uploads\/2020\/08\/z2029245106114_11ed398adc2f4e6c369f1979680c44de-1-1200x1518.jpg 1200w, https:\/\/havamall.vn\/wp-content\/uploads\/2020\/08\/z2029245106114_11ed398adc2f4e6c369f1979680c44de-1-600x759.jpg 600w, https:\/\/havamall.vn\/wp-content\/uploads\/2020\/08\/z2029245106114_11ed398adc2f4e6c369f1979680c44de-1-scaled.jpg 2024w\" sizes=\"(max-width: 451px) 100vw, 451px\" \/><\/p>\n<p>\u27a4 Th\u00e0nh ph\u1ea7n:\u00a0\u0110\u1eadu xanh, b\u01a1, tr\u1ee9ng, l\u00f2ng \u0111\u1ecf tr\u1ee9ng mu\u1ed1i, s\u1eefa d\u1eeba,<\/p>\n<p>\u27a4 Kh\u1ed1i l\u01b0\u1ee3ng t\u1ecbnh: 55gr\/c\u00e1i<\/p>\n<p>\u27a4 Xu\u1ea5t x\u1ee9: \u0110\u00e0i loan<\/p>\n<p><em><strong>B\u00e1nh Trung Thu Lava Tr\u1ee9ng Mu\u1ed1i Ch\u1ea3y<\/strong><\/em> theo th\u1eddi gian \u0111\u01b0\u1ee3c c\u1ea3i ti\u1ebfn \u0111\u1eb9p m\u1eaft h\u01a1n. M\u1ed7i h\u1ed9p b\u00e1nh \u0111\u1ec1u c\u00f3 ri\u00eang m\u1ed9t t\u00fai gi\u1ea5y sang tr\u1ecdng, c\u1ef1c k\u1ef3 ph\u00f9 h\u1ee3p \u0111\u1ec3 b\u1ea1n c\u00f3 th\u1ec3 d\u00e0nh l\u00e0m qu\u00e0 t\u1eb7ng trong c\u00e1c d\u1ecbp \u0111\u1eb7c bi\u1ec7t.<\/p>\n<p><img decoding=\"async\" class=\"wp-image-15856 aligncenter\" src=\"https:\/\/havamall.vn\/wp-content\/uploads\/2020\/08\/z2029249149014_43adb8834f5ceb131aa24972d32e179f-1-225x300.jpg\" alt=\"\" width=\"397\" height=\"530\" srcset=\"https:\/\/havamall.vn\/wp-content\/uploads\/2020\/08\/z2029249149014_43adb8834f5ceb131aa24972d32e179f-1-225x300.jpg 225w, https:\/\/havamall.vn\/wp-content\/uploads\/2020\/08\/z2029249149014_43adb8834f5ceb131aa24972d32e179f-1-430x573.jpg 430w, https:\/\/havamall.vn\/wp-content\/uploads\/2020\/08\/z2029249149014_43adb8834f5ceb131aa24972d32e179f-1-150x200.jpg 150w, https:\/\/havamall.vn\/wp-content\/uploads\/2020\/08\/z2029249149014_43adb8834f5ceb131aa24972d32e179f-1-700x933.jpg 700w, https:\/\/havamall.vn\/wp-content\/uploads\/2020\/08\/z2029249149014_43adb8834f5ceb131aa24972d32e179f-1-768x1024.jpg 768w, https:\/\/havamall.vn\/wp-content\/uploads\/2020\/08\/z2029249149014_43adb8834f5ceb131aa24972d32e179f-1-1200x1600.jpg 1200w, https:\/\/havamall.vn\/wp-content\/uploads\/2020\/08\/z2029249149014_43adb8834f5ceb131aa24972d32e179f-1-600x800.jpg 600w, https:\/\/havamall.vn\/wp-content\/uploads\/2020\/08\/z2029249149014_43adb8834f5ceb131aa24972d32e179f-1-scaled.jpg 1920w\" sizes=\"(max-width: 397px) 100vw, 397px\" \/><\/p>\n<p>T\u1eebng chi\u1ebfc b\u00e1nh c\u00f2n \u0111\u01b0\u1ee3c in h\u1ecda ti\u1ebft s\u1eafc s\u1ea3o, tinh t\u1ebf, t\u1ea5t c\u1ea3 \u0111\u01b0\u1ee3c th\u1ec3 hi\u1ec7n r\u00f5 n\u00e9t qua t\u1eebng b\u00e1nh.<\/p>\n<p><strong><em>H\u01b0\u1edbng d\u1eabn s\u1eed d\u1ee5ng v\u00e0 b\u1ea3o qu\u1ea3n:\u00a0<\/em><\/strong><\/p>\n<ol>\n<li>N\u00ean \u0103n ngay sau khi m\u1edf.<\/li>\n<li>B\u00e1nh ngon, th\u01a1m v\u00e0 ng\u1ecdt nh\u1eb9 kh\u00f4ng g\u1eaft c\u00f3 th\u1ec3 th\u01b0\u1edfng th\u1ee9c c\u00f9ng ly tr\u00e0 n\u00f3ng.<\/li>\n<\/ol>\n<p><em><strong>H\u01b0\u1edbng d\u1eabn b\u1ea3o qu\u1ea3n:<\/strong><\/em><\/p>\n<ul>\n<li>B\u1ea3o qu\u1ea3n n\u01a1i kh\u00f4 r\u00e1o tho\u00e1ng m\u00e1t.<\/li>\n<\/ul>\n<p>&nbsp;<\/p>\n<p><strong>\u2749L\u01b0u \u00fd:<\/strong> kh\u00f4ng n\u00ean m\u1edf b\u00e1nh qu\u00e1 l\u00e2u s\u1ebd m\u1ea5t \u0111i h\u01b0\u01a1ng v\u1ecb \u0111\u1eb7c tr\u01b0ng v\u1ed1n c\u00f3 c\u1ee7a b\u00e1nh. Kh\u00f4ng d\u00f9ng b\u00e1nh \u0111\u00e3 h\u1ebft h\u1ea1n.<\/p>\n<p>&nbsp;<\/p>\n<p>&nbsp;<\/p>\n<p>&nbsp;<\/p>\n<p>&nbsp;<\/p>\n<p>&nbsp;<\/p>\n<p>&nbsp;<\/p>\n<p>&nbsp;<\/p>\n<p>&nbsp;<\/p>\n<p>&nbsp;<\/p>\n<p>&nbsp;<\/p>\n<p>&nbsp;<\/p>\n<p>&nbsp;<\/p>\n<p>&nbsp;<\/p>\n<p>&nbsp;<\/p>\n<p>&nbsp;<\/p>\n<p>&nbsp;<\/p>\n<p>&nbsp;<\/p>\n<p>&nbsp;<\/p>\n<p>&nbsp;<\/p>\n<p>&nbsp;<\/p>\n<p>&nbsp;<\/p>\n<p>&nbsp;<\/p>\n<p>&nbsp;<\/p>\n<p>&nbsp;<\/p>\n<p>&nbsp;<\/p>\n<p>&nbsp;<\/p>\n<p>&nbsp;<\/p>","protected":false},"excerpt":{"rendered":"<ul>\n<li>S\u1ea3n ph\u1ea9m l\u00e0 k\u1ebft qu\u1ea3 c\u1ee7a m\u1ed9t qu\u00e1 tr\u00ecnh ch\u1ecdn l\u1ecdc nguy\u00ean li\u1ec7u kh\u1eaft khe, c\u00f9ng b\u00e0n tay nh\u00e0o n\u1eb7n l\u00e0nh ngh\u1ec1 t\u1eeb th\u1ee3 l\u00e0m b\u00e1nh c\u00f3 kinh nghi\u1ec7m v\u00e0 \u0111\u01b0\u1ee3c ch\u1ebf bi\u1ebfn h\u1ee3p v\u1ec7 sinh, an to\u00e0n th\u1ef1c ph\u1ea9m, mang h\u01b0\u01a1ng v\u1ecb \u201cnguy\u00ean v\u1eb9n\u201d \u0111\u1ebfn tay ng\u01b0\u1eddi th\u01b0\u1edfng th\u1ee9c.<\/li>\n<li>B\u00ean c\u1ea1nh c\u00e1c b\u00e1nh trung thu c\u00f3 c\u00e1c nh\u00e2n \u0111a d\u1ea1ng tr\u00ean th\u1ecb tr\u01b0\u1eddng hi\u1ec7n nay trong \u0111\u00f3 tr\u1ee9ng mu\u1ed1i ch\u1ea3y \u0111\u01b0\u1ee3c nhi\u1ec1u ng\u01b0\u1eddi \u0111\u00e1nh gi\u00e1 nh\u1ea5t.<\/li>\n<\/ul>\n<p>&nbsp;<\/p>\n<p>&nbsp;<\/p>\n<p>&nbsp;<\/p>\n<p>&nbsp;<\/p>","protected":false},"featured_media":15858,"comment_status":"open","ping_status":"closed","template":"","meta":[],"product_brand":[],"product_cat":[36,133,143],"product_tag":[],"class_list":{"0":"post-15834","1":"product","2":"type-product","3":"status-publish","4":"has-post-thumbnail","6":"product_cat-thuc-pham-tieu-dung","7":"product_cat-banh-keo-chocolate","8":"product_cat-thuc-pham-dong-hop","10":"first","11":"outofstock","12":"sale","13":"shipping-taxable","14":"purchasable","15":"product-type-simple"},"_links":{"self":[{"href":"https:\/\/havamall.vn\/en\/wp-json\/wp\/v2\/product\/15834"}],"collection":[{"href":"https:\/\/havamall.vn\/en\/wp-json\/wp\/v2\/product"}],"about":[{"href":"https:\/\/havamall.vn\/en\/wp-json\/wp\/v2\/types\/product"}],"replies":[{"embeddable":true,"href":"https:\/\/havamall.vn\/en\/wp-json\/wp\/v2\/comments?post=15834"}],"version-history":[{"count":0,"href":"https:\/\/havamall.vn\/en\/wp-json\/wp\/v2\/product\/15834\/revisions"}],"wp:featuredmedia":[{"embeddable":true,"href":"https:\/\/havamall.vn\/en\/wp-json\/wp\/v2\/media\/15858"}],"wp:attachment":[{"href":"https:\/\/havamall.vn\/en\/wp-json\/wp\/v2\/media?parent=15834"}],"wp:term":[{"taxonomy":"product_brand","embeddable":true,"href":"https:\/\/havamall.vn\/en\/wp-json\/wp\/v2\/product_brand?post=15834"},{"taxonomy":"product_cat","embeddable":true,"href":"https:\/\/havamall.vn\/en\/wp-json\/wp\/v2\/product_cat?post=15834"},{"taxonomy":"product_tag","embeddable":true,"href":"https:\/\/havamall.vn\/en\/wp-json\/wp\/v2\/product_tag?post=15834"}],"curies":[{"name":"wp","href":"https:\/\/api.w.org\/{rel}","templated":true}]}}