{"id":15787,"date":"2020-08-13T15:48:50","date_gmt":"2020-08-13T08:48:50","guid":{"rendered":"https:\/\/havamall.vn\/?post_type=product&#038;p=15787"},"modified":"2021-06-10T09:33:49","modified_gmt":"2021-06-10T02:33:49","slug":"banh-gao-topokki-pink-pocket-truyen-thong-coc-120g-pink-pocket-topokki-original-120g","status":"publish","type":"product","link":"https:\/\/havamall.vn\/en\/shop\/banh-gao-topokki-pink-pocket-truyen-thong-coc-120g-pink-pocket-topokki-original-120g\/","title":{"rendered":"B\u00e1nh G\u1ea1o Topokki Pink Pocket Truy\u1ec1n Th\u1ed1ng C\u1ed1c 120g &#8211; Pink Pocket Topokki Original 120g"},"content":{"rendered":"<p>B\u00e1nh g\u1ea1o l\u00e0 m\u00f3n \u0103n \u0111\u01b0\u1eddng ph\u1ed1 \u0111\u01b0\u1ee3c \u01b0a chu\u1ed9ng t\u1ea1i H\u00e0n Qu\u1ed1c v\u00e0 nh\u1eefng n\u0103m g\u1ea7n \u0111\u00e2y \u0111\u00e3 gia nh\u1eadp v\u00e0o th\u1ecb tr\u01b0\u1eddng Vi\u1ec7t Nam v\u00e0 \u0111\u01b0\u1ee3c ng\u01b0\u1eddi ti\u00eau d\u00f9ng t\u1ea1i Vi\u1ec7t Nam r\u1ea5t y\u00eau th\u00edch.<\/p>\n<p><img fetchpriority=\"high\" decoding=\"async\" class=\"wp-image-15780 aligncenter\" src=\"https:\/\/havamall.vn\/wp-content\/uploads\/2020\/08\/116228812_179079893630613_6760640670102981574_o-300x200.jpg\" alt=\"\" width=\"883\" height=\"588\" srcset=\"https:\/\/havamall.vn\/wp-content\/uploads\/2020\/08\/116228812_179079893630613_6760640670102981574_o-300x200.jpg 300w, https:\/\/havamall.vn\/wp-content\/uploads\/2020\/08\/116228812_179079893630613_6760640670102981574_o-430x287.jpg 430w, https:\/\/havamall.vn\/wp-content\/uploads\/2020\/08\/116228812_179079893630613_6760640670102981574_o-150x100.jpg 150w, https:\/\/havamall.vn\/wp-content\/uploads\/2020\/08\/116228812_179079893630613_6760640670102981574_o-700x467.jpg 700w, https:\/\/havamall.vn\/wp-content\/uploads\/2020\/08\/116228812_179079893630613_6760640670102981574_o-768x512.jpg 768w, https:\/\/havamall.vn\/wp-content\/uploads\/2020\/08\/116228812_179079893630613_6760640670102981574_o-600x400.jpg 600w, https:\/\/havamall.vn\/wp-content\/uploads\/2020\/08\/116228812_179079893630613_6760640670102981574_o.jpg 960w\" sizes=\"(max-width: 883px) 100vw, 883px\" \/><\/p>\n<p>Topokki th\u01b0\u01a1ng hi\u1ec7u Pink Rocket l\u00e0 1 s\u1ea3n ph\u1ea9m \u0111\u01b0\u1ee3c s\u1ea3n xu\u1ea5t b\u1edfi Young Poong, th\u01b0\u01a1ng hi\u1ec7u uy t\u00edn l\u00e2u \u0111\u1eddi t\u1eeb \u0111\u1ea5t n\u01b0\u1edbc c\u1ee7 s\u00e2m H\u00e0n Qu\u1ed1c. Nay \u0111\u01b0\u1ee3c Havamall nh\u1eadp kh\u1ea9u \u0111\u1ec3 \u0111em t\u1edbi h\u01b0\u01a1ng v\u1ecb m\u00f3n \u0103n ngon l\u00e0nh cho c\u00e1c th\u1ef1c kh\u00e1ch c\u1ee7a Havamall<\/p>\n<h1><strong>\u0110\u1eb7c \u0111i\u1ec3m n\u1ed5i b\u1eadt c\u1ee7a s\u1ea3n ph\u1ea9m<\/strong><\/h1>\n<p>B\u00e1nh g\u1ea1o Topokki Pink Rocket H\u00e0n Qu\u1ed1c d\u1ea1ng c\u1ed1c 120g l\u00e0 s\u1ea3n ph\u1ea9m khi\u1ebfn b\u1ea1n kh\u00f4ng th\u1ec3 ch\u1ed1i t\u1eeb. V\u1edbi m\u00f3n b\u00e1nh g\u1ea1o \u201cTopokki\u201d dai dai gi\u00f2n gi\u00f2n \u0111\u1ebfn t\u1eeb H\u00e0n Qu\u1ed1c h\u00f2a quy\u1ec7n c\u00f9ng n\u01b0\u1edbc s\u1ed1t c\u1ef1c k\u1ef3 \u0111\u1eadm \u0111\u00e0 v\u00e0 th\u01a1m ngon, Havamall \u0111\u1ea3m b\u1ea3o s\u1ebd \u0111em t\u1edbi cho b\u1ea1n m\u00f3n \u0103n v\u1eb7t \u0111\u1ea7y m\u1edbi m\u1ebb v\u00e0 ngon mi\u1ec7ng, ngo\u00e0i ra c\u0169ng tr\u1edf th\u00e0nh m\u00f3n \u0103n nhanh cho nh\u1eefng ng\u00e0y b\u1eadn r\u1ed9n.<\/p>\n<p><img decoding=\"async\" class=\"wp-image-15789 aligncenter\" src=\"https:\/\/havamall.vn\/wp-content\/uploads\/2020\/08\/banh-gao-pink-rocket-topokki-vi-truyen-thong-goi-240g-202004221408470212-300x225.jpg\" alt=\"\" width=\"767\" height=\"575\" srcset=\"https:\/\/havamall.vn\/wp-content\/uploads\/2020\/08\/banh-gao-pink-rocket-topokki-vi-truyen-thong-goi-240g-202004221408470212-300x225.jpg 300w, https:\/\/havamall.vn\/wp-content\/uploads\/2020\/08\/banh-gao-pink-rocket-topokki-vi-truyen-thong-goi-240g-202004221408470212-430x323.jpg 430w, https:\/\/havamall.vn\/wp-content\/uploads\/2020\/08\/banh-gao-pink-rocket-topokki-vi-truyen-thong-goi-240g-202004221408470212-150x113.jpg 150w, https:\/\/havamall.vn\/wp-content\/uploads\/2020\/08\/banh-gao-pink-rocket-topokki-vi-truyen-thong-goi-240g-202004221408470212-700x525.jpg 700w, https:\/\/havamall.vn\/wp-content\/uploads\/2020\/08\/banh-gao-pink-rocket-topokki-vi-truyen-thong-goi-240g-202004221408470212-768x576.jpg 768w, https:\/\/havamall.vn\/wp-content\/uploads\/2020\/08\/banh-gao-pink-rocket-topokki-vi-truyen-thong-goi-240g-202004221408470212.jpg 1024w, https:\/\/havamall.vn\/wp-content\/uploads\/2020\/08\/banh-gao-pink-rocket-topokki-vi-truyen-thong-goi-240g-202004221408470212-600x450.jpg 600w\" sizes=\"(max-width: 767px) 100vw, 767px\" \/><\/p>\n<p>C\u00f3 r\u1ea5t nhi\u1ec1u h\u01b0\u01a1ng v\u1ecb kh\u00e1c nhau cho b\u1ea1n l\u1ef1a ch\u1ecdn nh\u01b0 : truy\u1ec1n th\u1ed1ng, c\u00e0 chua v\u00e0 ph\u00f4 mai,&#8230; B\u00e1nh g\u1ea1o Topokki Pink Rocket H\u00e0n Qu\u1ed1c l\u00e0 s\u1ea3n ph\u1ea9m ch\u1ea5t l\u01b0\u1ee3ng cao \u0111\u01b0\u1ee3c nh\u1eadp kh\u1ea9u tr\u1ef1c ti\u1ebfp t\u1eeb H\u00e0n Qu\u1ed1c. B\u00e1nh g\u1ea1o Topokki Pink Rocket H\u00e0n Qu\u1ed1c \u0111\u01b0\u1ee3c coi l\u00e0 m\u00f3n \u0103n \u0111\u1eb7c s\u1ea3n c\u1ee7a X\u1ee9 s\u1edf Kim Chi b\u1edfi v\u00ec ch\u00fang c\u00f3 h\u01b0\u01a1ng v\u1ecb b\u00e9o ng\u1eady \u0111\u1ea7y h\u1ea5p d\u1eabn, \u0111\u01b0\u1ee3c m\u1ecdi l\u1ee9a tu\u1ed5i y\u00eau th\u00edch.<\/p>\n<p><img decoding=\"async\" class=\"wp-image-15791 aligncenter\" src=\"https:\/\/havamall.vn\/wp-content\/uploads\/2020\/08\/116922064_180131493525453_708835734934626317_n-300x300.jpg\" alt=\"\" width=\"730\" height=\"730\" srcset=\"https:\/\/havamall.vn\/wp-content\/uploads\/2020\/08\/116922064_180131493525453_708835734934626317_n-300x300.jpg 300w, https:\/\/havamall.vn\/wp-content\/uploads\/2020\/08\/116922064_180131493525453_708835734934626317_n-430x430.jpg 430w, https:\/\/havamall.vn\/wp-content\/uploads\/2020\/08\/116922064_180131493525453_708835734934626317_n-150x150.jpg 150w, https:\/\/havamall.vn\/wp-content\/uploads\/2020\/08\/116922064_180131493525453_708835734934626317_n-700x700.jpg 700w, https:\/\/havamall.vn\/wp-content\/uploads\/2020\/08\/116922064_180131493525453_708835734934626317_n-768x768.jpg 768w, https:\/\/havamall.vn\/wp-content\/uploads\/2020\/08\/116922064_180131493525453_708835734934626317_n-600x600.jpg 600w, https:\/\/havamall.vn\/wp-content\/uploads\/2020\/08\/116922064_180131493525453_708835734934626317_n-100x100.jpg 100w, https:\/\/havamall.vn\/wp-content\/uploads\/2020\/08\/116922064_180131493525453_708835734934626317_n.jpg 900w\" sizes=\"(max-width: 730px) 100vw, 730px\" \/><\/p>\n<p>H\u01b0\u01a1ng v\u1ecb b\u00e1nh g\u1ea1o h\u00f2a quy\u1ec7n c\u00f9ng s\u1ed1t cay ng\u1ecdt truy\u1ec1n th\u1ed1ng v\u1ed1n \u0111\u00e3 n\u1ed5i ti\u1ebfng s\u1ebd \u0111em t\u1edbi cho c\u00e1c b\u1ea1n m\u1ed9t tr\u1ea3i nghi\u1ec7m th\u00e2n thu\u1ed9c nh\u01b0ng l\u1ea1i mang ch\u1ea5t ri\u00eang c\u1ee7a n\u01b0\u1edbc s\u1ed1t nh\u00e0 Young Poong \u0111\u1ea5y nh\u00e9<\/p>\n<table border=\"1\" width=\"829\" cellspacing=\"0\">\n<tbody>\n<tr>\n<td><strong>Th\u01b0\u01a1ng hi\u1ec7u<\/strong><\/td>\n<td>Young Poong<\/td>\n<\/tr>\n<tr>\n<td><strong>\u0110\u00f3ng g\u00f3i<\/strong><\/td>\n<td>Ly gi\u1ea5y ti\u1ec7n d\u1ee5ng<\/td>\n<\/tr>\n<tr>\n<td><strong>Xu\u1ea5t x\u1ee9<\/strong><\/td>\n<td>H\u00e0n Qu\u1ed1c<\/td>\n<\/tr>\n<tr>\n<td><strong>H\u1ea1n s\u1eed d\u1ee5ng<\/strong><\/td>\n<td>12 th\u00e1ng k\u1ec3 t\u1eeb ng\u00e0y s\u1ea3n xu\u1ea5t<\/td>\n<\/tr>\n<tr>\n<td><strong>C\u00e1ch s\u1eed d\u1ee5ng<\/strong><\/td>\n<td>D\u00f9ng \u0103n li\u1ec1n hay ch\u1ebf bi\u1ebfn c\u00f9ng c\u00e1c m\u00f3n \u0103n ph\u1ee5 kh\u00e1c.<\/td>\n<\/tr>\n<tr>\n<td><strong>Nh\u1eadp kh\u1ea9u<\/strong><\/td>\n<td>Vi\u1ec7t Nam<\/td>\n<\/tr>\n<tr>\n<td><strong>B\u1ea3o qu\u1ea3n<\/strong><\/td>\n<td>N\u01a1i tho\u00e1ng m\u00e1t, tr\u00e1nh \u00e1nh n\u1eafng tr\u1ef1c ti\u1ebfp, tho\u00e1ng m\u00e1t<\/td>\n<\/tr>\n<tr>\n<td><strong>Kh\u1ed1i l\u01b0\u1ee3ng\u00a0<\/strong><\/td>\n<td>120g<\/td>\n<\/tr>\n<\/tbody>\n<\/table>\n<p><strong>Th\u00e0nh ph\u1ea7n<\/strong><\/p>\n<p>B\u00e1nh g\u1ea1o &#8211; g\u1ea1o 99,1%, mu\u1ed1i, ch\u1ea5t \u0111i\u1ec1u ch\u1ec9nh acid.<br \/>\nGia v\u1ecb &#8211; b\u1ed9t s\u1eefa, b\u1ed9t Whey, b\u01a1, protein, tinh b\u1ed9t, mu\u1ed1i, \u0111\u01b0\u1eddng, ph\u00f4 mai, b\u1ed9t t\u1ecfi, n\u01b0\u1edbc tr\u1ed9n, ti\u00eau tr\u1eafng, b\u1ed9t chi\u1ebfc xu\u1ea5t n\u1ea5m men, ti\u00eau \u0111en, rau m\u00f9i, ch\u1ea5t \u0111i\u1ec1u v\u1ecb disodium 5&#8242;-ribonucleotide.<\/p>\n<p><img loading=\"lazy\" decoding=\"async\" class=\"wp-image-15792 aligncenter\" src=\"https:\/\/havamall.vn\/wp-content\/uploads\/2020\/08\/116446869_180131743525428_6292464026101245922_n-300x300.jpg\" alt=\"\" width=\"722\" height=\"722\" srcset=\"https:\/\/havamall.vn\/wp-content\/uploads\/2020\/08\/116446869_180131743525428_6292464026101245922_n-300x300.jpg 300w, https:\/\/havamall.vn\/wp-content\/uploads\/2020\/08\/116446869_180131743525428_6292464026101245922_n-430x430.jpg 430w, https:\/\/havamall.vn\/wp-content\/uploads\/2020\/08\/116446869_180131743525428_6292464026101245922_n-150x150.jpg 150w, https:\/\/havamall.vn\/wp-content\/uploads\/2020\/08\/116446869_180131743525428_6292464026101245922_n-700x700.jpg 700w, https:\/\/havamall.vn\/wp-content\/uploads\/2020\/08\/116446869_180131743525428_6292464026101245922_n-768x768.jpg 768w, https:\/\/havamall.vn\/wp-content\/uploads\/2020\/08\/116446869_180131743525428_6292464026101245922_n-600x600.jpg 600w, https:\/\/havamall.vn\/wp-content\/uploads\/2020\/08\/116446869_180131743525428_6292464026101245922_n-100x100.jpg 100w, https:\/\/havamall.vn\/wp-content\/uploads\/2020\/08\/116446869_180131743525428_6292464026101245922_n.jpg 900w\" sizes=\"(max-width: 722px) 100vw, 722px\" \/><\/p>\n<p>\u0110\u01b0\u1ee3c l\u00e0m t\u1eeb nh\u1eefng nguy\u00ean li\u1ec7u \u0111\u00e3 qua ch\u1ecdn loc k\u0129 l\u01b0\u1ee1ng, quy tr\u00ecnh ch\u1ebf bi\u1ebfn v\u00e0 \u0111\u00f3ng h\u1ed9p kh\u00e9p k\u00edn, B\u00e1nh g\u1ea1o Topokki Pink Rocket H\u00e0n Qu\u1ed1c \u0111\u00e1p \u1ee9ng m\u1ecdi ti\u00eau chu\u1ea9n v\u1ec1 v\u1ec7 sinh an to\u00e0n th\u1ef1c ph\u1ea9m, kh\u00f4ng ch\u1ee9a ph\u1ee5 gia g\u00e2y h\u1ea1i cho s\u1ee9c kh\u1ecfe ng\u01b0\u1eddi ti\u00eau d\u00f9ng.<\/p>\n<p>Thi\u1ebft k\u1ebf bao b\u00ec s\u1ea3n ph\u1ea9m d\u1ec5 th\u01b0\u01a1ng, ph\u00f9 h\u1ee3p v\u1edbi \u0111\u1ed1i t\u01b0\u1ee3ng kh\u00e1ch h\u00e0ng, chi\u1ebfm \u0111\u01b0\u1ee3c \u01b0u th\u1ebf khi tr\u01b0ng b\u00e0y tr\u00ean k\u1ec7 b\u00e1n h\u00e0ng.<\/p>\n<h1><strong>H\u01b0\u1edbng d\u1eabn s\u1eed d\u1ee5ng<\/strong><\/h1>\n<div><em><strong>N\u1ea5u b\u1eb1ng ch\u1ea3o<\/strong><\/em><\/div>\n<ul>\n<li>Sau khi m\u1edf n\u1eafp, l\u1ea5y b\u00e1nh g\u1ea1o v\u00e0 g\u00f3i s\u1ed1t gia v\u1ecb ra.<\/li>\n<li>Cho v\u00e0o ch\u1ea3o 160ml n\u01b0\u1edbc s\u00f4i r\u1ed3i cho b\u00e1nh g\u1ea1o v\u00e0 n\u1ea5u trong 1 ph\u00fat 30 gi\u00e2y.<\/li>\n<li>Sau khi mi\u1ebfn v\u00e0 b\u00e1nh g\u1ea1o m\u1ec1m, cho g\u00f3i s\u1ed1t gia v\u1ecb v\u00e0o n\u1ea5u th\u00eam 2 ph\u00fat r\u1ed3i th\u01b0\u1edfng th\u1ee9c.<\/li>\n<\/ul>\n<p><img loading=\"lazy\" decoding=\"async\" class=\"wp-image-15793 aligncenter\" src=\"https:\/\/havamall.vn\/wp-content\/uploads\/2020\/08\/banh-gao-pink-rocket-topokki-vi-truyen-thong-ly-120g-202004141235411581-300x225.jpg\" alt=\"\" width=\"936\" height=\"702\" srcset=\"https:\/\/havamall.vn\/wp-content\/uploads\/2020\/08\/banh-gao-pink-rocket-topokki-vi-truyen-thong-ly-120g-202004141235411581-300x225.jpg 300w, https:\/\/havamall.vn\/wp-content\/uploads\/2020\/08\/banh-gao-pink-rocket-topokki-vi-truyen-thong-ly-120g-202004141235411581-430x323.jpg 430w, https:\/\/havamall.vn\/wp-content\/uploads\/2020\/08\/banh-gao-pink-rocket-topokki-vi-truyen-thong-ly-120g-202004141235411581-150x113.jpg 150w, https:\/\/havamall.vn\/wp-content\/uploads\/2020\/08\/banh-gao-pink-rocket-topokki-vi-truyen-thong-ly-120g-202004141235411581-700x525.jpg 700w, https:\/\/havamall.vn\/wp-content\/uploads\/2020\/08\/banh-gao-pink-rocket-topokki-vi-truyen-thong-ly-120g-202004141235411581-768x576.jpg 768w, https:\/\/havamall.vn\/wp-content\/uploads\/2020\/08\/banh-gao-pink-rocket-topokki-vi-truyen-thong-ly-120g-202004141235411581.jpg 1024w, https:\/\/havamall.vn\/wp-content\/uploads\/2020\/08\/banh-gao-pink-rocket-topokki-vi-truyen-thong-ly-120g-202004141235411581-600x450.jpg 600w\" sizes=\"(max-width: 936px) 100vw, 936px\" \/><\/p>\n<p><em><strong>N\u1ea5u b\u1eb1ng l\u00f2 vi s\u00f3ng<\/strong><\/em><\/p>\n<ul>\n<li>Sau khi m\u1edf n\u1eafp, l\u1ea5y b\u00e1nh g\u1ea1o v\u00e0 g\u00f3i s\u1ed1t gia v\u1ecb ra.<\/li>\n<li>Cho 90ml n\u01b0\u1edbc s\u00f4i v\u00e0o trong t\u00f4.<\/li>\n<li>L\u1ea7n l\u01b0\u1ee3t cho b\u00e1nh g\u1ea1o v\u00e0 s\u1ed1t gia v\u1ecb v\u00e0o h\u1ed9p.<\/li>\n<li>\u0110\u1eady h\u00e9 n\u1eafp v\u00e0 b\u1ecf v\u00e0o l\u00f2 vi s\u00f3ng n\u1ea5u trong 4 ph\u00fat r\u1ed3i l\u1ea5y ra tr\u1ed9n \u0111\u1ec1u v\u00e0 th\u01b0\u1edfng th\u1ee9c.<\/li>\n<\/ul>\n<p><img decoding=\"async\" class=\"aligncenter\" src=\"https:\/\/havamall.vn\/wp-content\/uploads\/2020\/08\/teo.jpg\" alt=\"H\u01b0\u1edbng d\u1eabn c\u00e1ch l\u00e0m b\u00e1nh Tteokbokki chu\u1ea9n \u1ea9m th\u1ef1c H\u00e0n Qu\u1ed1c\" \/><\/p>\n<h1><strong>C\u00e1ch b\u1ea3o qu\u1ea3n<\/strong><\/h1>\n<ul>\n<li>D\u00f9ng \u0103n tr\u1ef1c ti\u1ebfp ho\u1eb7c \u0103n k\u00e8m v\u1edbi c\u00e1c m\u00f3n \u0103n kh\u00e1c.<\/li>\n<li>B\u1ea3o qu\u1ea3n n\u01a1i kh\u00f4 r\u00e1o tho\u00e1ng m\u00e1t.<\/li>\n<li>Tr\u00e1nh \u00e1nh n\u1eafng tr\u1ef1c ti\u1ebfp t\u1eeb m\u1eb7t tr\u1eddi<\/li>\n<\/ul>\n<p>&nbsp;<\/p>","protected":false},"excerpt":{"rendered":"<ul class=\"list\">\n<li>B\u00e1nh g\u1ea1o l\u00e0 m\u00f3n \u0103n \u0111\u01b0\u1eddng ph\u1ed1 \u0111\u01b0\u1ee3c \u01b0a chu\u1ed9ng t\u1ea1i H\u00e0n Qu\u1ed1c v\u00e0 nh\u1eefng n\u0103m g\u1ea7n \u0111\u00e2y \u0111\u00e3 gia nh\u1eadp v\u00e0o th\u1ecb tr\u01b0\u1eddng Vi\u1ec7t Nam v\u00e0 \u0111\u01b0\u1ee3c ng\u01b0\u1eddi ti\u00eau d\u00f9ng t\u1ea1i Vi\u1ec7t Nam r\u1ea5t y\u00eau th\u00edch<\/li>\n<li>Topokki th\u01b0\u01a1ng hi\u1ec7u Pink Rocket l\u00e0 1 s\u1ea3n ph\u1ea9m \u0111\u01b0\u1ee3c s\u1ea3n xu\u1ea5t b\u1edfi Young Poong<\/li>\n<\/ul>","protected":false},"featured_media":15794,"comment_status":"open","ping_status":"closed","template":"","meta":[],"product_brand":[],"product_cat":[36,134,143],"product_tag":[],"class_list":{"0":"post-15787","1":"product","2":"type-product","3":"status-publish","4":"has-post-thumbnail","6":"product_cat-thuc-pham-tieu-dung","7":"product_cat-thucpham-saykho","8":"product_cat-thuc-pham-dong-hop","10":"first","11":"outofstock","12":"sale","13":"shipping-taxable","14":"purchasable","15":"product-type-simple"},"_links":{"self":[{"href":"https:\/\/havamall.vn\/en\/wp-json\/wp\/v2\/product\/15787"}],"collection":[{"href":"https:\/\/havamall.vn\/en\/wp-json\/wp\/v2\/product"}],"about":[{"href":"https:\/\/havamall.vn\/en\/wp-json\/wp\/v2\/types\/product"}],"replies":[{"embeddable":true,"href":"https:\/\/havamall.vn\/en\/wp-json\/wp\/v2\/comments?post=15787"}],"version-history":[{"count":0,"href":"https:\/\/havamall.vn\/en\/wp-json\/wp\/v2\/product\/15787\/revisions"}],"wp:featuredmedia":[{"embeddable":true,"href":"https:\/\/havamall.vn\/en\/wp-json\/wp\/v2\/media\/15794"}],"wp:attachment":[{"href":"https:\/\/havamall.vn\/en\/wp-json\/wp\/v2\/media?parent=15787"}],"wp:term":[{"taxonomy":"product_brand","embeddable":true,"href":"https:\/\/havamall.vn\/en\/wp-json\/wp\/v2\/product_brand?post=15787"},{"taxonomy":"product_cat","embeddable":true,"href":"https:\/\/havamall.vn\/en\/wp-json\/wp\/v2\/product_cat?post=15787"},{"taxonomy":"product_tag","embeddable":true,"href":"https:\/\/havamall.vn\/en\/wp-json\/wp\/v2\/product_tag?post=15787"}],"curies":[{"name":"wp","href":"https:\/\/api.w.org\/{rel}","templated":true}]}}