{"id":15752,"date":"2020-08-13T11:57:48","date_gmt":"2020-08-13T04:57:48","guid":{"rendered":"https:\/\/havamall.vn\/?post_type=product&#038;p=15752"},"modified":"2025-06-08T14:42:56","modified_gmt":"2025-06-08T07:42:56","slug":"bot-nhuc-dau-khau-lo-thuy-tinh-50g-nutmeg-powder-50g","status":"publish","type":"product","link":"https:\/\/havamall.vn\/en\/shop\/bot-nhuc-dau-khau-lo-thuy-tinh-50g-nutmeg-powder-50g\/","title":{"rendered":"B\u1ed9t Nh\u1ee5c \u0110\u1eadu Kh\u1ea5u L\u1ecd Th\u1ee7y Tinh 74g &#8211; Nutmeg Powder 74g"},"content":{"rendered":"<h1><strong>B\u1ed9t nh\u1ee5c \u0111\u1eadu kh\u1ea5u l\u00e0 g\u00ec?<\/strong><\/h1>\n<p>Nh\u1ee5c \u0111\u1eadu kh\u1ea5u c\u00f3 ngu\u1ed3n g\u1ed1c \u1edf v\u00f9ng \u0111\u1ea3o Th\u00e1i B\u00ecnh D\u01b0\u01a1ng \u0111\u01b0\u1ee3c nh\u1eadp v\u00e0o \u0111\u1ea5t li\u1ec1n \u1edf kh\u1eafp v\u00f9ng nhi\u1ec7t \u0111\u1edbi Nam \u00c1 v\u00e0 \u0110\u00f4ng Nam \u00c1. \u1ede Vi\u1ec7t Nam, c\u00e2y ch\u1ee7 y\u1ebfu \u0111\u01b0\u1ee3c tr\u1ed3ng \u1edf c\u00e1c t\u1ec9nh ph\u00eda Nam.\u00a0Nh\u1ee5c \u0111\u1eadu kh\u1ea5u ch\u1ee9a nhi\u1ec1u lo\u1ea1i vitamin, kho\u00e1ng ch\u1ea5t nh\u01b0 n\u01b0\u1edbc, protein, hydrat cacbon, ph\u1ed1t pho, s\u1eaft, tinh d\u1ea7u\u2026c\u00f3 t\u00e1c d\u1ee5ng ch\u1eefa b\u1ec7nh.<\/p>\n<p><img fetchpriority=\"high\" decoding=\"async\" class=\"aligncenter\" src=\"https:\/\/havamall.com\/wp-content\/uploads\/2025\/06\/what-is-nutmeg-1328522-nutmeg-01-b3330ce42a93446a80c804320ad7d2a0.webp\" alt=\"Nutmeg vs mace\" width=\"850\" height=\"567\" \/><\/p>\n<p>B\u1ed9t nh\u1ee5c \u0111\u1eadu kh\u1ea5u \u0111\u01b0\u1ee3c ph\u01a1i kh\u00f4 v\u00e0 xay nhuy\u1ec5n t\u1eeb h\u1ea1t nh\u1ee5c \u0111\u1eadu kh\u1ea5u, c\u00f2n \u0111\u01b0\u1ee3c g\u1ecdi l\u00e0 Nh\u1ee5c qu\u1ea3 y hay Ng\u1ecdc qu\u1ea3 hoa. C\u00e2y nh\u1ee5c \u0111\u1eadu kh\u1ea5u l\u00e0 lo\u1ea1i c\u00e2y to, cao kho\u1ea3ng 8 \u2013 10m ; c\u00f3 l\u00e1 m\u1ecdc so le; th\u00e2n nh\u1eb5n; \u00a0hoa m\u00e0u v\u00e0ng tr\u1eafng; qu\u1ea3 m\u1ecdng, th\u00f5ng xu\u1ed1ng, h\u00ecnh c\u1ea7u hay h\u00ecnh qu\u1ea3 l\u00ea, khi ch\u00edn n\u1edf theo chi\u1ec1u d\u1ecdc th\u00e0nh 2 m\u1ea3nh, b\u00ean trong c\u00f3 1 h\u1ea1t, l\u1edbp v\u1ecf d\u00e0y c\u1ee9ng, bao b\u1ecdc b\u1edfi 1 \u00e1o h\u1ea1t c\u00f3 v\u1ecf m\u00e0u h\u1ed3ng b\u1ecb r\u00e1ch.<\/p>\n<p><img decoding=\"async\" class=\"aligncenter\" src=\"https:\/\/havamall.com\/wp-content\/uploads\/2025\/06\/what-is-nutmeg-1328522-nutmeg-03-98c8ea3e291641618783344ff60ccfbd.webp\" alt=\"Whole vs ground nutmeg\" width=\"850\" height=\"567\" \/><\/p>\n<p>B\u1ed9t nh\u1ee5c \u0111\u1eadu kh\u1ea5u\u00a0t\u00ean ti\u1ebfng anh l\u00e0 Nutmeg, c\u00f3 v\u1ecb ng\u1ecdt, tr\u1ea7m \u1ea5m, b\u00f9i v\u00e0 h\u01a1i the the v\u1edbi h\u01b0\u01a1ng th\u01a1m ph\u1ee9c t\u1ea1p v\u1eeba gi\u1ed1ng g\u1ed7 th\u01a1m, v\u1eeba gi\u1ed1ng \u00f4-mai.<\/p>\n<h1><strong>\u0110\u1eb7c \u0111i\u1ec3m n\u1ed5i b\u1eadt c\u1ee7a s\u1ea3n ph\u1ea9m<\/strong><\/h1>\n<p>B\u1ed9t c\u00f3 m\u00f9i th\u01a1m \u0111\u01b0\u1ee3c b\u1ea3o qu\u1ea3n trong l\u1ecd k\u00edn n\u00ean gi\u1eef nguy\u00ean ch\u1ea5t l\u01b0\u1ee3ng v\u00e0 h\u01b0\u01a1ng v\u1ecb \u0111\u1eb7c tr\u01b0ng v\u1ed1n c\u00f3, d\u1ec5 d\u00e0ng b\u1ea3o qu\u1ea3n trong th\u1eddi gian d\u00e0i m\u00e0 kh\u00f4ng b\u1ecb thay \u0111\u1ed5i m\u00f9i v\u1ecb.<\/p>\n<p><img decoding=\"async\" class=\"aligncenter\" src=\"https:\/\/havamall.com\/wp-content\/uploads\/2025\/06\/what-is-nutmeg-1328522-hero-01-3ded45fff3c6484eb7e8d900ee0e268d.webp\" alt=\"Nutmeg\" width=\"849\" height=\"566\" \/><\/p>\n<p>C\u00e1c s\u1ea3n ph\u1ea9m b\u1ed9t Nh\u1ee5c \u0111\u1eadu kh\u1ea5u t\u1ea1i Havamall \u0111\u01b0\u1ee3c s\u1ea3n xu\u1ea5t v\u00e0 \u0111\u00f3ng g\u00f3i theo d\u00e2y chuy\u1ec1n c\u00f4ng ngh\u1ec7 hi\u1ec7n \u0111\u1ea1i v\u1edbi ngu\u1ed3n nguy\u00ean li\u1ec7u \u0111\u1ea3m b\u1ea3o v\u1ec7 sinh an to\u00e0n th\u1ef1c ph\u1ea9m<\/p>\n<table>\n<tbody>\n<tr>\n<td>Th\u01b0\u01a1ng hi\u1ec7u<\/td>\n<td>Havafood<\/td>\n<\/tr>\n<tr>\n<td>Xu\u1ea5t x\u1ee9<\/td>\n<td>\u0110\u1ee9c<\/td>\n<\/tr>\n<tr>\n<td>Th\u00e0nh ph\u1ea7n<\/td>\n<td>100% B\u1ed9t Nh\u1ee5c \u0110\u1eadu Kh\u1ea5u<\/td>\n<\/tr>\n<tr>\n<td>H\u1ea1n s\u1eed d\u1ee5ng<\/td>\n<td>Xem tr\u00ean bao b\u00ec<\/td>\n<\/tr>\n<tr>\n<td>H\u01b0\u1edbng d\u1eabn s\u1eed d\u1ee5ng<\/td>\n<td>D\u00f9ng l\u00e0m gia v\u1ecb cho ch\u1ebf bi\u1ebfn m\u00f3n \u0103n<\/td>\n<\/tr>\n<tr>\n<td>B\u1ea3o qu\u1ea3n<\/td>\n<td>N\u01a1i kh\u00f4 r\u00e1o, tho\u00e1ng m\u00e1t, tr\u00e1nh \u00e1nh s\u00e1ng tr\u1ef1c ti\u1ebfp t\u1eeb m\u1eb7t tr\u1eddi<\/td>\n<\/tr>\n<\/tbody>\n<\/table>\n<p><b>Th\u00f4ng tin chi ti\u1ebft<\/b><\/p>\n<ul>\n<li>Xuy\u00ean ti\u00eau Havafood \u0111\u01b0\u1ee3c \u0111\u00f3ng g\u00f3i d\u1ea1ng l\u1ecd th\u1ee7y tinh \u0111\u1eb9p m\u1eaft, gi\u00fap gi\u1eef h\u01b0\u01a1ng v\u1ecb t\u1ed1t h\u01a1n.<\/li>\n<li>Gia v\u1ecb ho\u00e0n to\u00e0n an to\u00e0n v\u1ec1 ch\u1ea5t l\u01b0\u1ee3ng l\u1eabn v\u1ec7 sinh th\u1ef1c ph\u1ea9m.<\/li>\n<li>Quy tr\u00ecnh kh\u00e9p k\u00edn, \u0111\u1ea1t chu\u1ea9n qu\u1ed1c t\u1ebf<\/li>\n<li>Nguy\u00ean li\u1ec7u t\u1eeb th\u1ea3o m\u1ed9c s\u1ea1ch r\u1ea5t t\u1ed1t cho s\u1ee9c kh\u1ecfe v\u00e0 \u0111\u1ea3m b\u1ea3o an to\u00e0n dinh d\u01b0\u1ee1ng<\/li>\n<li>H\u01b0\u01a1ng v\u1ecb ph\u00f9 h\u1ee3p v\u1edbi kh\u1ea9u v\u1ecb m\u1ecdi nh\u00e0<\/li>\n<li>Ch\u1ebf bi\u1ebfn ti\u1ec7n l\u1ee3i<\/li>\n<\/ul>\n<p><img loading=\"lazy\" decoding=\"async\" class=\"aligncenter\" src=\"https:\/\/havamall.com\/wp-content\/uploads\/2025\/06\/what-is-nutmeg-1328522-nutmeg-04-bb88239ea073418689d6c399abe99194.webp\" alt=\"Chopped nutmeg\" width=\"849\" height=\"566\" \/><\/p>\n<h1><strong>\u00a0C\u00f4ng d\u1ee5ng c\u1ee7a nh\u1ee5c \u0111\u1eadu kh\u1ea5u<\/strong><\/h1>\n<h4><em><strong>Khi l\u00e0m gia v\u1ecb<\/strong><\/em><\/h4>\n<ul>\n<li>B\u1ed9t nh\u1ee5c \u0111\u1eadu kh\u1ea5u \u0111\u01b0\u1ee3c d\u00f9ng r\u1ea5t ph\u1ed5 bi\u1ebfn l\u00e0m h\u01b0\u01a1ng li\u1ec7u, gia v\u1ecb. V\u1edbi h\u01b0\u01a1ng v\u1ecb n\u1ed3ng v\u00e0 ng\u1ecdt, b\u1ed9t nh\u1ee5c \u0111\u1eadu kh\u1ea5u l\u00e0 gia v\u1ecb tuy\u1ec7t v\u1eddi khi k\u1ebft h\u1ee3p v\u1edbi c\u00e1c m\u00f3n n\u1ea5u v\u1edbi s\u1eefa v\u00e0 pho m\u00e1t.<\/li>\n<li>Nh\u1ee5c \u0111\u1eadu kh\u1ea5u l\u00e0 m\u1ed9t trong c\u00e1c lo\u1ea1i gia v\u1ecb \u0111\u01b0\u1ee3c s\u1eed d\u1ee5ng trong m\u00f3n th\u1ecbt b\u00f2 b\u0103m cu\u1ed1n r\u00e1n nh\u1ee5c \u0111\u1eadu kh\u1ea5u&#8230; Ngo\u00e0i ra, nh\u1ee5c \u0111\u1eadu kh\u1ea5u c\u00f2n l\u00e0 m\u1ed9t trong nh\u1eefng nguy\u00ean li\u1ec7u d\u00f9ng \u0111\u1ec3 l\u00e0m b\u00e1nh, pha ch\u1ebf, mang l\u1ea1i h\u01b0\u01a1ng v\u1ecb th\u01a1m ngon, h\u1ea5p d\u1eabn, ph\u00f9 h\u1ee3p v\u1edbi kh\u1ea9u v\u1ecb ng\u01b0\u1eddi Vi\u1ec7t Nam.<\/li>\n<li>Th\u00eam v\u00e0o m\u00f3n tr\u00e1ng mi\u1ec7ng,\u00a0c\u00e1c m\u00f3n \u0103n\u00a0ngon\u00a0v\u00e0 \u0111\u1eb7c bi\u1ec7t\u00a0c\u0169ng ph\u00f9 h\u1ee3p\u00a0v\u1edbi\u00a0qu\u1ebf\u2026 D\u00f9ng r\u1eafc l\u00ean c\u00e1c m\u00f3n tr\u00e1ng mi\u1ec7ng, th\u1ecbt cu\u1ed9n, g\u00e0 s\u1ed1t kem, pasta v\u00e0 khoai lang.<\/li>\n<li>Ng\u01b0\u1eddi ta th\u01b0\u1eddng d\u00f9ng b\u1ed9t nh\u1ee5c \u0111\u1eadu kh\u1ea5u\u00a0\u0111\u1ec3 gia v\u1ecb cho c\u00e1c lo\u1ea1i x\u00fac x\u00edch, m\u00f3n h\u1ea7m, s\u00fap, rau c\u1ee7 nghi\u1ec1n hay m\u1ed9t v\u00e0i m\u00f3n ng\u1ecdt ki\u1ec3u Anh c\u0169ng s\u1eed d\u1ee5ng lo\u1ea1i gia v\u1ecb n\u00e0y. Ngo\u00e0i ra, n\u00f3 c\u00f2n l\u00e0 k\u1ebft h\u1ee3p tuy\u1ec7t v\u1eddi v\u1edbi nh\u1eefng lo\u1ea1i s\u1ed1t c\u00f3 v\u1ecb b\u00e9o, \u0111\u1eb7c bi\u1ec7t l\u00e0 s\u1ed1t Bechamel \u2013 m\u1ed9t trong n\u0103m lo\u1ea1i s\u1ed1t g\u1ed1c c\u1ee7a \u1ea9m th\u1ef1c Ph\u00e1p.<\/li>\n<\/ul>\n<p><strong><em>L\u01b0u \u00fd:<\/em><\/strong><em>\u00a0D\u00f9ng qu\u00e1 nhi\u1ec1u b\u1ed9t nh\u1ee5c \u0111\u1eadu kh\u1ea5u\u00a0s\u1ebd t\u1ea1o ra v\u1ecb \u0111\u1eafng kh\u00f3 ch\u1ecbu nh\u01b0ng v\u1edbi l\u01b0\u1ee3ng nh\u1ecf v\u1eeba ph\u1ea3i, n\u00f3 s\u1ebd khi\u1ebfn m\u00f3n \u0103n c\u1ee7a b\u1ea1n h\u1ea5p d\u1eabn h\u01a1n r\u1ea5t nhi\u1ec1u<\/em><\/p>\n<h4><em><strong>Trong s\u1ee9c kh\u1ecfe<\/strong><\/em><\/h4>\n<ul>\n<li><strong>Gi\u1ea3m \u0111au c\u01a1 kh\u1edbp<\/strong>:\u00a0Th\u00e0nh ph\u1ea7n c\u1ee7a h\u1ea1t nh\u1ee5c \u0111\u1eadu kh\u1ea5u c\u00f3 c\u00e1c lo\u1ea1i nh\u01b0 tinh d\u1ea7u b\u1ea1c h\u00e0 n\u00ean r\u1ea5t t\u1ed1t trong vi\u1ec7c \u0111i\u1ec1u tr\u1ecb c\u00e1c c\u01a1n \u0111au c\u01a1, kh\u1edbp, gi\u1ea3m s\u01b0ng vi\u00eam.<\/li>\n<li><strong>Thanh l\u1ecdc c\u01a1 th\u1ec3<\/strong>:\u00a0Trong c\u00e1c c\u00f4ng d\u1ee5ng c\u00f3 l\u1ee3i cho s\u1ee9c kh\u1ecfe, th\u00ec h\u1ea1t nh\u1ee5c \u0111\u1eadu kh\u1ea5u \u0111\u00f3ng vai tr\u00f2 nh\u01b0 m\u1ed9t lo\u1ea1i thu\u1ed1c b\u1ed5 gi\u00fap t\u0103ng c\u01b0\u1eddng s\u1ee9c kh\u1ecfe cho to\u00e0n b\u1ed9 c\u01a1 th\u1ec3 c\u1ee7a b\u1ea1n. Nh\u1ee5c \u0111\u1eadu kh\u1ea5u l\u00e0m s\u1ea1ch nh\u1eefng \u0111\u1ed9c t\u1ed1 c\u00f3 th\u1ec3 \u0111\u01b0\u1ee3c l\u01b0u tr\u1eef \u1edf \u0111\u00f3 t\u1eeb r\u01b0\u1ee3u, ma t\u00fay, \u00f4 nhi\u1ec5m, th\u1ef1c ph\u1ea9m, ho\u1eb7c c\u00e1c ch\u1ea5t \u0111\u1ed9c h\u1eefu c\u01a1 t\u1ef1 nhi\u00ean ra kh\u1ecfi c\u00e1c b\u1ed9 ph\u1eadn c\u1ee7a c\u01a1 th\u1ec3. H\u01a1n th\u1ebf n\u1eefa, ho\u1ea1t ch\u1ea5t trong h\u1ea1t nh\u1ee5c \u0111\u1eadu kh\u1ea5u c\u00f3 th\u1ec3 l\u00e0m tan s\u1ecfi th\u1eadn v\u00e0 t\u0103ng ch\u1ee9c n\u0103ng hi\u1ec7u qu\u1ea3 c\u1ee7a th\u1eadn v\u00e0 gan.<\/li>\n<li><strong>C\u1ea3i thi\u1ec7n ch\u1ee9ng m\u1ea5t ng\u1ee7<\/strong>:\u00a0H\u00e0m l\u01b0\u1ee3ng Magie trong qu\u1ea3 nh\u1ee5c \u0111\u1eadu kh\u1ea5u gi\u00fap c\u01a1 th\u1ec3 gi\u1ea3m b\u1edbt c\u0103ng th\u1eb3ng th\u1ea7n kinh v\u00e0 k\u00edch th\u00edch s\u1ea3n sinh Serotonin gi\u00fap b\u1ea1n ng\u1ee7 ngon h\u01a1n. V\u00ec th\u1ebf, nh\u1ee5c \u0111\u1eadu kh\u1ea5u \u0111\u01b0\u1ee3c c\u00e1c chuy\u00ean gia khuy\u1ebfn c\u00e1o nh\u01b0 m\u1ed9t bi\u1ec7n ph\u00e1p c\u1ea3i thi\u1ec7n ch\u1ee9ng m\u1ea5t ng\u1ee7.<\/li>\n<li><strong>Gi\u00fap l\u01b0u th\u00f4ng m\u00e1u<\/strong>:\u00a0M\u00f9i h\u01b0\u01a1ng c\u1ee7a nh\u1ee5c \u0111\u1eadu kh\u1ea5u c\u00f3 t\u00e1c d\u1ee5ng t\u0103ng tu\u1ea7n ho\u00e0n m\u00e1u, gi\u00fap m\u00e1u l\u01b0u th\u00f4ng t\u1ed1t h\u01a1n. Ngo\u00e0i ra, h\u00e0m l\u01b0\u1ee3ng Kali c\u00f3 trong nh\u1ee5c \u0111\u1eadu kh\u1ea5u l\u00e0 m\u1ed9t ch\u1ea5t gi\u00fap gi\u00e3n m\u1ea1ch m\u00e1u, gi\u1ea3m huy\u1ebft \u00e1p v\u00e0 gi\u1ea3m b\u1edbt c\u0103ng th\u1eb3ng cho h\u1ec7 th\u1ed1ng tim m\u1ea1ch. H\u01a1n th\u1ebf n\u1eefa, nh\u1ee5c \u0111\u1eadu kh\u1ea5u c\u00f2n l\u00e0 ngu\u1ed3n cung c\u1ea5p canxi, gi\u00fap t\u0103ng c\u01b0\u1eddng s\u1ee9c kh\u1ecfe c\u1ee7a x\u01b0\u01a1ng kh\u1edbp, l\u00e0m ch\u1eadm qu\u00e1 tr\u00ecnh l\u00e3o h\u00f3a x\u01b0\u01a1ng.<\/li>\n<\/ul>","protected":false},"excerpt":{"rendered":"<p>B\u1ed9t nh\u1ee5c \u0111\u1eadu kh\u1ea5u\u00a0t\u00ean ti\u1ebfng anh l\u00e0 Nutmeg, c\u00f3 v\u1ecb ng\u1ecdt, tr\u1ea7m \u1ea5m, b\u00f9i v\u00e0 h\u01a1i the the v\u1edbi h\u01b0\u01a1ng th\u01a1m ph\u1ee9c t\u1ea1p v\u1eeba gi\u1ed1ng g\u1ed7 th\u01a1m, v\u1eeba gi\u1ed1ng \u00f4-mai.\u00a0B\u1ed9t c\u00f3 m\u00f9i th\u01a1m \u0111\u01b0\u1ee3c b\u1ea3o qu\u1ea3n trong l\u1ecd k\u00edn n\u00ean gi\u1eef nguy\u00ean ch\u1ea5t l\u01b0\u1ee3ng v\u00e0 h\u01b0\u01a1ng v\u1ecb \u0111\u1eb7c tr\u01b0ng v\u1ed1n c\u00f3, d\u1ec5 d\u00e0ng b\u1ea3o qu\u1ea3n trong th\u1eddi gian d\u00e0i m\u00e0 kh\u00f4ng b\u1ecb thay \u0111\u1ed5i m\u00f9i v\u1ecb.<\/p>","protected":false},"featured_media":39235,"comment_status":"open","ping_status":"closed","template":"","meta":[],"product_brand":[],"product_cat":[595,36,143],"product_tag":[],"class_list":{"0":"post-15752","1":"product","2":"type-product","3":"status-publish","4":"has-post-thumbnail","6":"product_cat-gia-vi-va-che-bien","7":"product_cat-thuc-pham-tieu-dung","8":"product_cat-thuc-pham-dong-hop","9":"pa_brand-skx","11":"first","12":"instock","13":"sale","14":"shipping-taxable","15":"purchasable","16":"product-type-simple"},"_links":{"self":[{"href":"https:\/\/havamall.vn\/en\/wp-json\/wp\/v2\/product\/15752"}],"collection":[{"href":"https:\/\/havamall.vn\/en\/wp-json\/wp\/v2\/product"}],"about":[{"href":"https:\/\/havamall.vn\/en\/wp-json\/wp\/v2\/types\/product"}],"replies":[{"embeddable":true,"href":"https:\/\/havamall.vn\/en\/wp-json\/wp\/v2\/comments?post=15752"}],"version-history":[{"count":0,"href":"https:\/\/havamall.vn\/en\/wp-json\/wp\/v2\/product\/15752\/revisions"}],"wp:featuredmedia":[{"embeddable":true,"href":"https:\/\/havamall.vn\/en\/wp-json\/wp\/v2\/media\/39235"}],"wp:attachment":[{"href":"https:\/\/havamall.vn\/en\/wp-json\/wp\/v2\/media?parent=15752"}],"wp:term":[{"taxonomy":"product_brand","embeddable":true,"href":"https:\/\/havamall.vn\/en\/wp-json\/wp\/v2\/product_brand?post=15752"},{"taxonomy":"product_cat","embeddable":true,"href":"https:\/\/havamall.vn\/en\/wp-json\/wp\/v2\/product_cat?post=15752"},{"taxonomy":"product_tag","embeddable":true,"href":"https:\/\/havamall.vn\/en\/wp-json\/wp\/v2\/product_tag?post=15752"}],"curies":[{"name":"wp","href":"https:\/\/api.w.org\/{rel}","templated":true}]}}