{"id":15729,"date":"2020-08-13T10:49:59","date_gmt":"2020-08-13T03:49:59","guid":{"rendered":"https:\/\/havamall.vn\/?post_type=product&#038;p=15729"},"modified":"2023-06-09T10:57:37","modified_gmt":"2023-06-09T03:57:37","slug":"gia-vi-pho-goi-havafood-30g-havafood-pho-spice-sachet-30g","status":"publish","type":"product","link":"https:\/\/havamall.vn\/en\/shop\/gia-vi-pho-goi-havafood-30g-havafood-pho-spice-sachet-30g\/","title":{"rendered":"Gia V\u1ecb Ph\u1edf G\u00f3i Havafood 30g &#8211; Havafood Ph\u1edf Spice Sachet 30g"},"content":{"rendered":"<p>M\u1ed9t trong nh\u1eefng ni\u1ec1m t\u1ef1 h\u00e0o c\u1ee7a v\u0103n h\u00f3a Vi\u1ec7t Nam l\u00e0 kho t\u00e0ng \u1ea9m th\u1ef1c v\u1edbi h\u00e0ng ng\u00e0n m\u00f3n \u0103n mang \u0111\u1eadm b\u1ea3n s\u1eafc d\u00e2n t\u1ed9c tr\u1ea3i d\u1ecdc kh\u1eafp 3 mi\u1ec1n B\u1eafc \u2013 Trung \u2013 Nam. \u1ea8m th\u1ef1c Vi\u1ec7t th\u1ef1c s\u1ef1 l\u00e0 s\u1ef1 ho\u00e0 quy\u1ec7n &amp; ph\u1ed1i h\u1ee3p tinh t\u1ebf gi\u1eefa kh\u1ea9u v\u1ecb \u0110\u00f4ng- T\u00e2y, khi\u1ebfn cho nh\u1eefng ng\u01b0\u1eddi con Vi\u1ec7t Nam xa qu\u00ea \u0111i \u0111\u00e2u c\u0169ng nh\u1edb v\u1ec1 h\u01b0\u01a1ng v\u1ecb qu\u00ea nh\u00e0, n\u00f3 c\u00f2n d\u1ec5 d\u00e0ng chinh ph\u1ee5c h\u00e0ng tri\u1ec7u tr\u00e1i tim c\u1ee7a ng\u01b0\u1eddi s\u00e0nh \u0103n tr\u00ean kh\u1eafp th\u1ebf gi\u1edbi. Ni\u1ec1m \u0111am m\u00ea c\u1ee7a Havamall c\u0169ng b\u1eaft ngu\u1ed3n t\u1eeb \u0111\u00f3, ch\u00fang t\u00f4i c\u0169ng nh\u1eadn ra r\u1eb1ng \u1ea9m th\u1ef1c Vi\u1ec7t Nam \u0111\u01b0\u1ee3c r\u1ea5t nhi\u1ec1u b\u1ea1n b\u00e8 qu\u1ed1c t\u1ebf ng\u00e0y c\u00e0ng y\u00eau th\u00edch v\u00ec s\u1ef1 ho\u00e0 quy\u1ec7n v\u00e0 c\u00e2n b\u1eb1ng trong h\u01b0\u01a1ng v\u1ecb &amp; \u0111\u1eb7c bi\u1ec7t r\u1ea5t t\u1ed1t cho s\u1ee9c kh\u1ecfe do c\u00e1c m\u00f3n \u0103n Vi\u1ec7t lu\u00f4n c\u00f3 nhi\u1ec1u rau xanh, th\u1ea3o m\u1ed9c l\u1ea1i \u00edt d\u1ea7u m\u1ee1.<\/p>\n<p><img decoding=\"async\" class=\"aligncenter\" src=\"https:\/\/havamall.vn\/wp-content\/uploads\/2020\/08\/instant-pot-pho.jpg\" alt=\"Instant Pot Pho (Vietnamese Beef Noodle Soup) | Tested by Amy + Jacky\" \/><\/p>\n<p><strong>Gia vi\u0323 ph\u1edf b\u00f2<\/strong>\u00a0c\u00f3 vai tro\u0300 c\u01b0\u0323c ki\u0300 quan tro\u0323ng trong ch\u1ebf bi\u1ebfn m\u00f3n ph\u1edf b\u00f2. Gia v\u1ecb ph\u1edf b\u00f2 l\u00e0m cho th\u1ee9c \u0103n c\u00f3 c\u1ea3m gi\u00e1c ngon h\u01a1n, k\u00edch th\u00edch v\u1ecb gi\u00e1c gi\u00fap ng\u01b0\u1eddi \u0103n c\u1ea3m gi\u00e1c ngon h\u01a1n. \u0110\u1eb7c bi\u1ec7t ch\u00fang r\u1ea5t t\u1ed1t cho s\u1ee9c kh\u1ecfe.\u00a0<strong>Gia v\u1ecb<\/strong>\u00a0ph\u1edf b\u00f2 l\u00e0 s\u1ef1 k\u1ebft h\u1ee3p c\u1ee7a nhi\u1ec1u gia v\u1ecb kh\u00e1c nhau \u0111\u1ec3 \u0111em l\u1ea1i nh\u1eefng \u0111\u1eb7c tr\u01b0ng ri\u00eang.\u00a0Vi\u1ec7c s\u1eed d\u1ee5ng gia v\u1ecb ph\u1edf b\u00f2 gi\u00fap m\u00f3n \u0103n th\u00eam ph\u1ea7n tinh t\u1ebf trong \u1ea9m th\u1ef1c Vi\u1ec7t Nam<\/p>\n<p><img decoding=\"async\" class=\"aligncenter\" src=\"https:\/\/cf.shopee.vn\/file\/617f301f1816a3548f8f1ec504445348\" alt=\"Set 3-6 v\u1ecb n\u01b0\u1edbc Ph\u1edf, L\u1ea9u (g\u1ed3m Qu\u1ebf, \u0110\u1ea1i h\u1ed3i, th\u1ea3o qu\u1ea3, \u0111inh h\u01b0\u01a1ng ...\" \/><\/p>\n<p>V\u1edbi gia v\u1ecb ph\u1edf Havafood, ch\u00fang t\u00f4i tin ch\u1eafc s\u1ebd mang t\u1edbi cho b\u1ea1n h\u01b0\u01a1ng v\u1ecb n\u01b0\u1edbc d\u00f9ng ph\u1edf t\u01b0\u01a1i ngon chu\u1ea9n v\u1ecb, t\u1ef1 tay n\u1ea5u l\u00ean nh\u1eefng b\u00e1t ph\u1edf th\u01a1m n\u1ee9c, s\u1ebd gi\u00fap cho gia d\u00ecnh th\u00eam g\u1eafn k\u1ebft, mang t\u1edbi nh\u1eefng dinh d\u01b0\u1ee1ng v\u00e0 b\u1eefa \u0103n ngon cho nh\u1eefng ng\u01b0\u1eddi ch\u00fang ta y\u00eau m\u1ebfn<\/p>\n<h1><strong>\u0110\u1eb7c \u0111i\u1ec3m n\u1ed5i b\u1eadt c\u1ee7a s\u1ea3n ph\u1ea9m<\/strong><\/h1>\n<p>Ph\u1edf l\u00e0 m\u1ed9t m\u00f3n \u0103n truy\u1ec1n th\u1ed1ng c\u1ee7a Vi\u1ec7t Nam, \u0111\u01b0\u1ee3c cho l\u00e0 c\u00f3 ngu\u1ed3n g\u1ed1c t\u1eeb Nam \u0110\u1ecbnh, c\u0169ng c\u00f3 th\u1ec3 xem l\u00e0 m\u1ed9t trong nh\u1eefng m\u00f3n \u0103n ti\u00eau bi\u1ec3u cho n\u1ec1n \u1ea9m th\u1ef1c Vi\u1ec7t Nam. \u0110\u1ec3 c\u00f3 \u0111\u01b0\u1ee3c nh\u1eefng b\u00e1t ph\u1edf ngon t\u00f9y thu\u1ed9c r\u1ea5t nhi\u1ec1u v\u00e0o kinh nghi\u1ec7m v\u00e0 b\u00ed quy\u1ebft truy\u1ec1n th\u1ed1ng c\u1ee7a ng\u01b0\u1eddi ch\u1ebf bi\u1ebfn, trong \u0111\u00f3 quan tr\u1ecdng \u0111\u1eb7c bi\u1ec7t l\u00e0 n\u1ed3i n\u01b0\u1edbc d\u00f9ng.<\/p>\n<p><img decoding=\"async\" class=\"aligncenter\" src=\"https:\/\/havamall.vn\/wp-content\/uploads\/2020\/08\/gfg-7966.jpg\" alt=\"HO CHI MINH CITY PRIVATE TOUR - FOOD TOUR- WALKING TOUR- MOTORBIKE ...\" \/><\/p>\n<table>\n<tbody>\n<tr>\n<td>Th\u01b0\u01a1ng hi\u1ec7u<\/td>\n<td>Havafood<\/td>\n<\/tr>\n<tr>\n<td>Xu\u1ea5t x\u1ee9<\/td>\n<td>Vi\u1ec7t nam<\/td>\n<\/tr>\n<tr>\n<td>Th\u00e0nh ph\u1ea7n<\/td>\n<td>\u0110\u1ea1i h\u1ed3i, ti\u1ec3u h\u1ed3i, b\u1ed9t \u0111inh h\u01b0\u01a1ng, th\u1ea3o qu\u1ea3, tr\u1ea7n b\u00ec, ng\u00f2 h\u1ed9t, cam th\u1ea3o, qu\u1ebf.<\/td>\n<\/tr>\n<tr>\n<td>H\u1ea1n s\u1eed d\u1ee5ng<\/td>\n<td>Xem tr\u00ean bao b\u00ec<\/td>\n<\/tr>\n<tr>\n<td>H\u01b0\u1edbng d\u1eabn s\u1eed d\u1ee5ng<\/td>\n<td>D\u00f9ng l\u00e0m gia v\u1ecb cho ch\u1ebf bi\u1ebfn n\u01b0\u1edbc d\u00f9ng ph\u1edf<\/td>\n<\/tr>\n<tr>\n<td>B\u1ea3o qu\u1ea3n<\/td>\n<td>N\u01a1i kh\u00f4 r\u00e1o, tho\u00e1ng m\u00e1t, tr\u00e1nh \u00e1nh s\u00e1ng tr\u1ef1c ti\u1ebfp t\u1eeb m\u1eb7t tr\u1eddi<\/td>\n<\/tr>\n<\/tbody>\n<\/table>\n<p><b>Th\u00f4ng tin chi ti\u1ebft<\/b><\/p>\n<ul>\n<li>Gia v\u1ecb ph\u1edf Havafood \u0111\u01b0\u1ee3c \u0111\u00f3ng g\u00f3i d\u1ea1ng b\u1ecbch nh\u1ef1a \u0111\u1eb9p m\u1eaft, gi\u00fap gi\u1eef h\u01b0\u01a1ng v\u1ecb t\u1ed1t h\u01a1n.<\/li>\n<li>Gia v\u1ecb ho\u00e0n to\u00e0n an to\u00e0n v\u1ec1 ch\u1ea5t l\u01b0\u1ee3ng l\u1eabn v\u1ec7 sinh th\u1ef1c ph\u1ea9m.<\/li>\n<li>Quy tr\u00ecnh kh\u00e9p k\u00edn, \u0111\u1ea1t chu\u1ea9n qu\u1ed1c t\u1ebf<\/li>\n<li>Nguy\u00ean li\u1ec7u t\u1eeb th\u1ea3o m\u1ed9c s\u1ea1ch r\u1ea5t t\u1ed1t cho s\u1ee9c kh\u1ecfe v\u00e0 \u0111\u1ea3m b\u1ea3o an to\u00e0n dinh d\u01b0\u1ee1ng<\/li>\n<li>H\u01b0\u01a1ng v\u1ecb ph\u00f9 h\u1ee3p v\u1edbi kh\u1ea9u v\u1ecb m\u1ecdi nh\u00e0<\/li>\n<li>Ch\u1ebf bi\u1ebfn ti\u1ec7n l\u1ee3i<\/li>\n<\/ul>\n<h1>Hu\u1edbng d\u1eabn s\u1eed d\u1ee5ng<\/h1>\n<p><em><strong>C\u1ea7n chu\u1ea9n b\u1ecb th\u00eam:\u00a0<\/strong><\/em>200 &#8211; 300g th\u1ecbt g\u00e0 \u0111\u01b0\u1ee3c n\u1ea5u ch\u00edn ho\u1eb7c th\u1ecbt b\u00f2 fillet s\u1ed1ng + 100g rau (h\u00fang qu\u1ebf, gi\u00e1, h\u00e0nh l\u00e1, c\u1ee7 h\u00e0nh t\u00e2y tr\u1eafng, ng\u00f2 gai ) + 400g Ph\u1edf + 1 mu\u1ed7ng canh n\u01b0\u1edbc m\u1eafm ngon (7g).<\/p>\n<p><img decoding=\"async\" class=\"aligncenter\" src=\"https:\/\/havamall.vn\/wp-content\/uploads\/2020\/08\/Cheater-Pho-Asian-Noodle-SoupIMG_9265edit-720x1080.jpg\" alt=\"Cheater Pho (Asian Noodle Soup) - Damn Delicious\" \/><\/p>\n<p><em><strong>Qu\u00e1 tr\u00ecnh ch\u1ebf bi\u1ebfn:<\/strong><\/em><\/p>\n<ul>\n<li>Rang c\u00e1c gia v\u1ecb n\u00e0y l\u00ean tr\u01b0\u1edbc khi n\u1ea5u, ch\u00fa \u00fd b\u1ecf qu\u1ebf, h\u1ed3i, th\u1ea3o qu\u1ea3 v\u00e0o rang tr\u01b0\u1edbc sau \u0111\u00f3 m\u1edbi b\u1ecf h\u1ea1t ng\u00f2, ti\u1ec3u h\u1ed3i v\u00e0 \u0111inh h\u01b0\u01a1ng v\u00e0o.<\/li>\n<li>Khi n\u00e0o c\u00f3 m\u00f9i th\u01a1m b\u1ed1c l\u00ean th\u00ec cho d\u1eebng l\u1eeda v\u00e0 \u0111\u1ea3o \u0111\u1ec1u gia v\u1ecb tr\u00e1nh b\u1ecb kh\u00e9t ho\u1eb7c qu\u00e1 ch\u00edn s\u1ebd l\u00e0m cho n\u01b0\u1edbc d\u00f9ng kh\u00f4ng th\u01a1m.<\/li>\n<li>Ngo\u00e0i ra khi n\u1ea5u n\u01b0\u1edbc l\u00e8o ph\u1ea3i s\u1eed d\u1ee5ng th\u00eam H\u00e0nh T\u00edm, t\u1ecfi v\u00e0 G\u1eebng, n\u01b0\u1edbng ho\u1eb7c rang l\u00ean \u0111\u1ec3 n\u1ed3i n\u01b0\u1edbc d\u00f9ng \u0111\u01b0\u1ee3c th\u01a1m v\u00e0 ngon h\u01a1n.<\/li>\n<li>Cho 1.6 l\u00edt n\u01b0\u1edbc ho\u1eb7c n\u01b0\u1edbc s\u00fap h\u1ea7m th\u1ecbt b\u00f2 ho\u1eb7c g\u00e0 v\u00e0o n\u1ed3i \u0111un s\u00f4i v\u1edbi g\u00f3i m\u00f9i v\u1ecb, gi\u1ea3m nh\u1ecf l\u1eeda ti\u1ebfp t\u1ee5c n\u1ea5u kho\u1ea3ng 5 ph\u00fat cho h\u00f2a tan h\u1ebft m\u00f9i v\u00e0 v\u1ecb trong t\u00fai l\u1ecdc.<\/li>\n<li>Th\u00e1i m\u1ecfng h\u00e0nh l\u00e1, h\u00e0nh t\u00e2y, th\u1ecbt b\u00f2 s\u1ed1ng ho\u1eb7c th\u1ecbt g\u00e0 ch\u00edn.<\/li>\n<li>Cho ph\u1edf kh\u00f4 v\u00e0o n\u1ed3i n\u01b0\u1edbc s\u00f4i lu\u1ed9c trong 3 ph\u00fat. L\u1ea5y ph\u1edf ra l\u00e0m ngu\u1ed9i trong thau n\u01b0\u1edbc l\u1ea1nh r\u1ed3i v\u1edbt ra \u0111\u1ec3 r\u00e1o.<\/li>\n<li>\u0110\u1eb7t ph\u1edf \u0111\u00e3 tr\u1ee5ng v\u00e0o t\u00f4, cho h\u00e0nh l\u00e1, h\u00e0nh t\u00e2y, gi\u00e1, hung qu\u1ebf, th\u1ecbt b\u00f2 ho\u1eb7c th\u1ecbt g\u00e0 l\u00ean tr\u00ean. \u0110\u1ed5 n\u01b0\u1edbc s\u00fap n\u00f3ng v\u00e0o t\u00f4. D\u00f9ng n\u00f3ng v\u1edbi t\u01b0\u01a1ng \u1edbt v\u00e0 t\u01b0\u01a1ng \u0111en.<\/li>\n<\/ul>\n<p><img decoding=\"async\" class=\"aligncenter\" src=\"https:\/\/havamall.vn\/wp-content\/uploads\/2020\/08\/1511_Easy-Vietnamese-Pho-Noodle-Soup_002-1.jpg\" alt=\"Easy Vietnamese Pho Noodle Soup | Omnivore\" \/><\/p>","protected":false},"excerpt":{"rendered":"<ul>\n<li><strong>Gia vi\u0323 ph\u1edf b\u00f2<\/strong>\u00a0c\u00f3 vai tro\u0300 c\u01b0\u0323c ki\u0300 quan tro\u0323ng trong ch\u1ebf bi\u1ebfn m\u00f3n ph\u1edf b\u00f2. Gia v\u1ecb ph\u1edf b\u00f2 l\u00e0m cho th\u1ee9c \u0103n c\u00f3 c\u1ea3m gi\u00e1c ngon h\u01a1n, k\u00edch th\u00edch v\u1ecb gi\u00e1c gi\u00fap ng\u01b0\u1eddi \u0103n c\u1ea3m gi\u00e1c ngon h\u01a1n. \u0110\u1eb7c bi\u1ec7t ch\u00fang r\u1ea5t t\u1ed1t cho s\u1ee9c kh\u1ecfe.<\/li>\n<li><strong>Gia v\u1ecb<\/strong>\u00a0ph\u1edf b\u00f2 l\u00e0 s\u1ef1 k\u1ebft h\u1ee3p c\u1ee7a nhi\u1ec1u gia v\u1ecb kh\u00e1c nhau \u0111\u1ec3 \u0111em l\u1ea1i nh\u1eefng \u0111\u1eb7c tr\u01b0ng ri\u00eang.\u00a0Vi\u1ec7c s\u1eed d\u1ee5ng gia v\u1ecb ph\u1edf b\u00f2 gi\u00fap m\u00f3n \u0103n th\u00eam ph\u1ea7n tinh t\u1ebf trong \u1ea9m th\u1ef1c Vi\u1ec7t Nam<\/li>\n<\/ul>","protected":false},"featured_media":15733,"comment_status":"open","ping_status":"closed","template":"","meta":[],"product_brand":[],"product_cat":[595,36,134],"product_tag":[],"class_list":{"0":"post-15729","1":"product","2":"type-product","3":"status-publish","4":"has-post-thumbnail","6":"product_cat-gia-vi-va-che-bien","7":"product_cat-thuc-pham-tieu-dung","8":"product_cat-thucpham-saykho","9":"pa_brand-skx","11":"first","12":"instock","13":"sale","14":"shipping-taxable","15":"purchasable","16":"product-type-simple"},"_links":{"self":[{"href":"https:\/\/havamall.vn\/en\/wp-json\/wp\/v2\/product\/15729"}],"collection":[{"href":"https:\/\/havamall.vn\/en\/wp-json\/wp\/v2\/product"}],"about":[{"href":"https:\/\/havamall.vn\/en\/wp-json\/wp\/v2\/types\/product"}],"replies":[{"embeddable":true,"href":"https:\/\/havamall.vn\/en\/wp-json\/wp\/v2\/comments?post=15729"}],"version-history":[{"count":0,"href":"https:\/\/havamall.vn\/en\/wp-json\/wp\/v2\/product\/15729\/revisions"}],"wp:featuredmedia":[{"embeddable":true,"href":"https:\/\/havamall.vn\/en\/wp-json\/wp\/v2\/media\/15733"}],"wp:attachment":[{"href":"https:\/\/havamall.vn\/en\/wp-json\/wp\/v2\/media?parent=15729"}],"wp:term":[{"taxonomy":"product_brand","embeddable":true,"href":"https:\/\/havamall.vn\/en\/wp-json\/wp\/v2\/product_brand?post=15729"},{"taxonomy":"product_cat","embeddable":true,"href":"https:\/\/havamall.vn\/en\/wp-json\/wp\/v2\/product_cat?post=15729"},{"taxonomy":"product_tag","embeddable":true,"href":"https:\/\/havamall.vn\/en\/wp-json\/wp\/v2\/product_tag?post=15729"}],"curies":[{"name":"wp","href":"https:\/\/api.w.org\/{rel}","templated":true}]}}