{"id":15697,"date":"2020-08-12T11:09:19","date_gmt":"2020-08-12T04:09:19","guid":{"rendered":"https:\/\/havamall.vn\/?post_type=product&#038;p=15697"},"modified":"2021-06-10T09:35:36","modified_gmt":"2021-06-10T02:35:36","slug":"banh-gao-cha-ca-vi-cay-143g-fish-cake-tteikbokki-with-spicy-soup-143g","status":"publish","type":"product","link":"https:\/\/havamall.vn\/en\/shop\/banh-gao-cha-ca-vi-cay-143g-fish-cake-tteikbokki-with-spicy-soup-143g\/","title":{"rendered":"B\u00e1nh G\u1ea1o Ch\u1ea3 C\u00e1 V\u1ecb Cay 143g &#8211; Fish Cake Tteikbokki With Spicy Soup 143g"},"content":{"rendered":"<p>M\u1ed7i khi mua b\u00e1nh g\u1ea1o \u0103n li\u1ec1n, ch\u00fang ta lu\u00f4n ph\u1ea3i b\u0103n kho\u0103n, ph\u00e2n v\u00e2n c\u00f3 n\u00ean mua hay kh\u00f4ng ch\u1ea3 c\u00e1 v\u00ec kh\u00f4ng c\u00f3 ch\u1ea3 c\u00e1 th\u00ec m\u00f3n \u0103n kh\u00f4ng c\u00f2n tr\u1ecdn v\u1eb9n, m\u00e0 \u0111\u1ec3 mua th\u00eam ch\u1ea3 c\u00e1 r\u1ed3i c\u1eaft th\u00e1i th\u00ec c\u00f2n g\u00ec l\u00e0 s\u1ef1 ti\u1ec7n l\u1ee3i c\u1ee7a m\u00f3n \u0103n nhanh! Hi\u1ec3u \u0111\u01b0\u1ee3c t\u00e2m l\u00ed c\u1ee7a kh\u00e1ch h\u00e0ng, nay Havamall cho ra m\u1eaft b\u1ed9 3 s\u1ea3n ph\u1ea9m B\u00e1nh G\u1ea1o Ch\u1ea3 C\u00e1 H\u00e0n Qu\u1ed1c v\u1edbi ba v\u1ecb \u0111\u1eb7c tr\u01b0ng v\u00e0 ph\u1ed5 bi\u1ebfn, gi\u00fap m\u1ecdi ng\u01b0\u1eddi c\u00f3 th\u00eam m\u1ed9t m\u00f3n \u0103n ti\u1ec7n l\u1ee3i \u0103n li\u1ec1n v\u00e0o menu \u0103n v\u1eb7t trong nh\u1eefng ng\u00e0y b\u1eadn r\u1ed9n.<\/p>\n<p><img fetchpriority=\"high\" decoding=\"async\" class=\"wp-image-15705 aligncenter\" src=\"https:\/\/havamall.vn\/wp-content\/uploads\/2020\/08\/30e89df75e41352911f46f3a137808e1-300x300.jpg\" alt=\"\" width=\"615\" height=\"615\" srcset=\"https:\/\/havamall.vn\/wp-content\/uploads\/2020\/08\/30e89df75e41352911f46f3a137808e1-300x300.jpg 300w, https:\/\/havamall.vn\/wp-content\/uploads\/2020\/08\/30e89df75e41352911f46f3a137808e1-430x430.jpg 430w, https:\/\/havamall.vn\/wp-content\/uploads\/2020\/08\/30e89df75e41352911f46f3a137808e1-150x150.jpg 150w, https:\/\/havamall.vn\/wp-content\/uploads\/2020\/08\/30e89df75e41352911f46f3a137808e1-700x700.jpg 700w, https:\/\/havamall.vn\/wp-content\/uploads\/2020\/08\/30e89df75e41352911f46f3a137808e1-768x768.jpg 768w, https:\/\/havamall.vn\/wp-content\/uploads\/2020\/08\/30e89df75e41352911f46f3a137808e1-600x600.jpg 600w, https:\/\/havamall.vn\/wp-content\/uploads\/2020\/08\/30e89df75e41352911f46f3a137808e1-100x100.jpg 100w, https:\/\/havamall.vn\/wp-content\/uploads\/2020\/08\/30e89df75e41352911f46f3a137808e1.jpg 1024w\" sizes=\"(max-width: 615px) 100vw, 615px\" \/><\/p>\n<h1>\u0110\u1eb7c \u0111i\u1ec3m n\u1ed5i b\u1eadt c\u1ee7a s\u1ea3n ph\u1ea9m<\/h1>\n<p>Kh\u00f4ng th\u1ec3 ch\u1ed1i t\u1eeb v\u1edbi m\u00f3n b\u00e1nh g\u1ea1o \u0111\u1ebfn t\u1eeb H\u00e0n Qu\u1ed1c, v\u1edbi n\u01b0\u1edbc s\u1ed1t c\u1ef1c k\u1ef3 \u0111\u1eadm \u0111\u00e0\u00a0v\u00e0 b\u00e1nh g\u1ea1o dai dai th\u01a1m ngon v\u1ed1n kh\u00f4ng nh\u1eefng n\u1ed5i ti\u1ebfng v\u1edbi gi\u1edbi tr\u1ebb VI\u1ec7t Nam hi\u1ec7n nay\u00a0m\u00e0 c\u00f2n \u0111\u01b0\u1ee3c m\u1ecdi l\u1ee9a tu\u1ed5i y\u00eau th\u00edch. B\u00e1nh g\u1ea1o ch\u1ea3 c\u1ea3 v\u1ecb cay s\u1ebd \u0111em t\u1edbi h\u01b0\u01a1ng v\u1ecb th\u01a1m n\u1ed3ng \u0111\u1eb7c bi\u1ec7t c\u00f9ng v\u1ecb ngon nh\u01b0 qu\u00e1n \u0103n cho nh\u1eefng kh\u00e1ch h\u00e0ng th\u00edch \u0103n cay v\u00e0 \u0111am m\u00ea \u0111\u1ed3 cay.<\/p>\n<p><img decoding=\"async\" class=\"wp-image-15699 aligncenter\" src=\"https:\/\/havamall.vn\/wp-content\/uploads\/2020\/08\/f34bcd63cb02751fdd9cfd1cbf83ba45.jpg_1200x1200q80-300x300.jpg\" alt=\"\" width=\"641\" height=\"641\" srcset=\"https:\/\/havamall.vn\/wp-content\/uploads\/2020\/08\/f34bcd63cb02751fdd9cfd1cbf83ba45.jpg_1200x1200q80-300x300.jpg 300w, https:\/\/havamall.vn\/wp-content\/uploads\/2020\/08\/f34bcd63cb02751fdd9cfd1cbf83ba45.jpg_1200x1200q80-430x430.jpg 430w, https:\/\/havamall.vn\/wp-content\/uploads\/2020\/08\/f34bcd63cb02751fdd9cfd1cbf83ba45.jpg_1200x1200q80-150x150.jpg 150w, https:\/\/havamall.vn\/wp-content\/uploads\/2020\/08\/f34bcd63cb02751fdd9cfd1cbf83ba45.jpg_1200x1200q80-700x700.jpg 700w, https:\/\/havamall.vn\/wp-content\/uploads\/2020\/08\/f34bcd63cb02751fdd9cfd1cbf83ba45.jpg_1200x1200q80-768x768.jpg 768w, https:\/\/havamall.vn\/wp-content\/uploads\/2020\/08\/f34bcd63cb02751fdd9cfd1cbf83ba45.jpg_1200x1200q80-1024x1024.jpg 1024w, https:\/\/havamall.vn\/wp-content\/uploads\/2020\/08\/f34bcd63cb02751fdd9cfd1cbf83ba45.jpg_1200x1200q80.jpg 1200w, https:\/\/havamall.vn\/wp-content\/uploads\/2020\/08\/f34bcd63cb02751fdd9cfd1cbf83ba45.jpg_1200x1200q80-600x600.jpg 600w, https:\/\/havamall.vn\/wp-content\/uploads\/2020\/08\/f34bcd63cb02751fdd9cfd1cbf83ba45.jpg_1200x1200q80-100x100.jpg 100w\" sizes=\"(max-width: 641px) 100vw, 641px\" \/><\/p>\n<p>B\u00e1nh g\u1ea1o ch\u1ea3 c\u00e1 H\u00e0n Qu\u1ed1c v\u1edbi h\u01b0\u01a1ng v\u1ecb th\u01a1m ngon ch\u01b0a t\u1eebng c\u00f3 s\u1ebd gi\u00fap b\u1ea1n d\u1ec5 d\u00e0ng th\u01b0\u1edfng th\u1ee9c m\u1ed9t b\u1eefa \u0103n ho\u00e0n ch\u1ec9nh th\u01a1m ngon, h\u1ea5p d\u1eabn. c\u00f3 3 l\u1ef1a ch\u1ecdn tuy\u1ec7t v\u1eddi \u0111\u1ec3 ch\u1ecdn l\u1ef1a:<\/p>\n<ul>\n<li class=\"title-name-product\">B\u00e1nh g\u1ea1o ch\u1ea3 c\u00e1 v\u1ecb cay<\/li>\n<li class=\"title-name-product\">B\u00e1nh g\u1ea1o ch\u1ea3 c\u00e1 x\u1ed1t d\u1ea7u m\u00e8<\/li>\n<li class=\"title-name-product\">B\u00e1nh g\u1ea1o ch\u1ea3 c\u00e1 v\u1ecb cay ng\u1ecdt<\/li>\n<\/ul>\n<p><img decoding=\"async\" class=\"wp-image-15700 aligncenter\" src=\"https:\/\/havamall.vn\/wp-content\/uploads\/2020\/08\/733ec766ef248c225a3e0eba4af8c677-300x300.jpg\" alt=\"\" width=\"684\" height=\"684\" srcset=\"https:\/\/havamall.vn\/wp-content\/uploads\/2020\/08\/733ec766ef248c225a3e0eba4af8c677-300x300.jpg 300w, https:\/\/havamall.vn\/wp-content\/uploads\/2020\/08\/733ec766ef248c225a3e0eba4af8c677-430x430.jpg 430w, https:\/\/havamall.vn\/wp-content\/uploads\/2020\/08\/733ec766ef248c225a3e0eba4af8c677-150x150.jpg 150w, https:\/\/havamall.vn\/wp-content\/uploads\/2020\/08\/733ec766ef248c225a3e0eba4af8c677-700x700.jpg 700w, https:\/\/havamall.vn\/wp-content\/uploads\/2020\/08\/733ec766ef248c225a3e0eba4af8c677-768x768.jpg 768w, https:\/\/havamall.vn\/wp-content\/uploads\/2020\/08\/733ec766ef248c225a3e0eba4af8c677-600x600.jpg 600w, https:\/\/havamall.vn\/wp-content\/uploads\/2020\/08\/733ec766ef248c225a3e0eba4af8c677-100x100.jpg 100w, https:\/\/havamall.vn\/wp-content\/uploads\/2020\/08\/733ec766ef248c225a3e0eba4af8c677.jpg 900w\" sizes=\"(max-width: 684px) 100vw, 684px\" \/><\/p>\n<table style=\"height: 325px\" border=\"1\" width=\"829\" cellspacing=\"0\">\n<tbody>\n<tr>\n<td><strong>Th\u01b0\u01a1ng hi\u1ec7u<\/strong><\/td>\n<td>G\u1ee5ngeonbang<\/td>\n<\/tr>\n<tr>\n<td><strong>\u0110\u00f3ng g\u00f3i<\/strong><\/td>\n<td>H\u1ed9p gi\u1ea5y ti\u1ec7n d\u1ee5ng<\/td>\n<\/tr>\n<tr>\n<td><strong>Xu\u1ea5t x\u1ee9<\/strong><\/td>\n<td>H\u00e0n Qu\u1ed1c<\/td>\n<\/tr>\n<tr>\n<td><strong>H\u1ea1n s\u1eed d\u1ee5ng<\/strong><\/td>\n<td>12 th\u00e1ng k\u1ec3 t\u1eeb ng\u00e0y s\u1ea3n xu\u1ea5t<\/td>\n<\/tr>\n<tr>\n<td><strong>C\u00e1ch s\u1eed d\u1ee5ng<\/strong><\/td>\n<td>D\u00f9ng \u0103n li\u1ec1n hay ch\u1ebf bi\u1ebfn c\u00f9ng c\u00e1c m\u00f3n \u0103n ph\u1ee5 kh\u00e1c, qu\u00e0 t\u1eb7ng.<\/td>\n<\/tr>\n<tr>\n<td><strong>Nh\u1eadp kh\u1ea9u &amp; \u0111\u00f3ng g\u00f3i<\/strong><\/td>\n<td>Vi\u1ec7t Nam<\/td>\n<\/tr>\n<tr>\n<td><strong>\u00a0B\u1ea3o qu\u1ea3n<\/strong><\/td>\n<td>N\u01a1i tho\u00e1ng m\u00e1t, tr\u00e1nh \u00e1nh n\u1eafng tr\u1ef1c ti\u1ebfp, tho\u00e1ng m\u00e1t<\/td>\n<\/tr>\n<tr>\n<td><strong>Kh\u1ed1i l\u01b0\u1ee3ng\u00a0<\/strong><\/td>\n<td>143g<\/td>\n<\/tr>\n<\/tbody>\n<\/table>\n<h3><img loading=\"lazy\" decoding=\"async\" class=\"wp-image-15702 aligncenter\" src=\"https:\/\/havamall.vn\/wp-content\/uploads\/2020\/08\/4b0885bfd4e8fa582303989df7832aff-1-300x300.jpg\" alt=\"\" width=\"700\" height=\"700\" srcset=\"https:\/\/havamall.vn\/wp-content\/uploads\/2020\/08\/4b0885bfd4e8fa582303989df7832aff-1-300x300.jpg 300w, https:\/\/havamall.vn\/wp-content\/uploads\/2020\/08\/4b0885bfd4e8fa582303989df7832aff-1-430x430.jpg 430w, https:\/\/havamall.vn\/wp-content\/uploads\/2020\/08\/4b0885bfd4e8fa582303989df7832aff-1-150x150.jpg 150w, https:\/\/havamall.vn\/wp-content\/uploads\/2020\/08\/4b0885bfd4e8fa582303989df7832aff-1-700x700.jpg 700w, https:\/\/havamall.vn\/wp-content\/uploads\/2020\/08\/4b0885bfd4e8fa582303989df7832aff-1-768x768.jpg 768w, https:\/\/havamall.vn\/wp-content\/uploads\/2020\/08\/4b0885bfd4e8fa582303989df7832aff-1-600x600.jpg 600w, https:\/\/havamall.vn\/wp-content\/uploads\/2020\/08\/4b0885bfd4e8fa582303989df7832aff-1-100x100.jpg 100w, https:\/\/havamall.vn\/wp-content\/uploads\/2020\/08\/4b0885bfd4e8fa582303989df7832aff-1.jpg 900w\" sizes=\"(max-width: 700px) 100vw, 700px\" \/><\/h3>\n<h3><em><strong>T<\/strong><\/em><em><strong>h\u00e0nh ph\u1ea7n<\/strong><\/em><\/h3>\n<p><em><strong>B\u00e1nh g\u1ea1o<\/strong><\/em>: G\u1ea1o (99,1 %), mu\u1ed1i, \u0111\u01b0\u1ee3c l\u00e0m t\u1eeb nh\u1eefng nguy\u00ean li\u1ec7u \u0111\u00e3 qua ch\u1ecdn loc k\u0129 l\u01b0\u1ee1ng, s\u1ea3n ph\u1ea9m \u0111\u00e1p \u1ee9ng m\u1ecdi ti\u00eau chu\u1ea9n v\u1ec1 v\u1ec7 sinh an to\u00e0n th\u1ef1c ph\u1ea9m, kh\u00f4ng ch\u1ee9a ph\u1ee5 gia g\u00e2y h\u1ea1i cho s\u1ee9c kh\u1ecfe ng\u01b0\u1eddi ti\u00eau d\u00f9ng.<\/p>\n<p><em><strong>Ch\u1ea3 c\u00e1<\/strong><\/em>: Ch\u1ea3 c\u1ea3 3g (2%), d\u1ea7u c\u1ecd, nguy\u00ean li\u1ec7u \u0111\u00e3 qua ch\u1ecdn loc k\u0129 l\u01b0\u1ee1ng, quy tr\u00ecnh ch\u1ebf bi\u1ebfn v\u00e0 \u0111\u00f3ng h\u1ed9p kh\u00e9p k\u00edn.<\/p>\n<p><em><strong>B\u1ed9t x\u1ed1t 20g<\/strong><\/em> (14%): H\u1ed7n h\u1ee3p N\u01b0\u1edbc s\u1ed1t \u0111\u1eadm \u0111\u00e0, chu\u1ea9n v\u1ecb.<\/p>\n<p><em>S\u1ea3n ph\u1ea9m \u0111\u01b0\u1ee3c s\u1ea3n xu\u1ea5t theo c\u00f4ng ngh\u1ec7 hi\u1ec7n \u0111\u1ea1i, kh\u00f4ng ch\u1ee9a h\u00f3a ch\u1ea5t, ch\u1ea5t b\u1ea3o qu\u1ea3n \u0111\u1ed9c h\u1ea1i, \u0111\u1ea3m b\u1ea3o an to\u00e0n cho s\u1ee9c kh\u1ecfe ng\u01b0\u1eddi ti\u00eau d\u00f9ng.\u00a0Quy tr\u00ecnh s\u1ea3n xu\u1ea5t v\u00e0 \u0111\u00f3ng g\u00f3i B\u00e1nh g\u1ea1o ch\u1ea3 c\u00e1 H\u00e0n Qu\u1ed1c ho\u00e0n to\u00e0n kh\u00e9p k\u00edn, tu\u00e2n th\u1ee7 nghi\u00eam ng\u1eb7t c\u00e1c \u0111i\u1ec1u ki\u1ec7n v\u1ec1 v\u1ec7 sinh an to\u00e0n th\u1ef1c ph\u1ea9m.<\/em><\/p>\n<h1><strong>H\u01b0\u1edbng d\u1eabn s\u1eed d\u1ee5ng v\u00e0 b\u1ea3o qu\u1ea3n<\/strong><\/h1>\n<p><em><strong>Khi n\u1ea5u b\u1eb1ng ch\u1ea3o<\/strong><\/em>:<\/p>\n<ul>\n<li>M\u1edf n\u1eafp h\u1ed9p b\u1ecf 120g b\u00e1nh g\u1ea1o + 20g soup gia v\u1ecb + v\u1edbi g\u00f3i ch\u1ea3 c\u00e1 3g.<\/li>\n<li>Th\u00eam n\u01b0\u1edbc n\u01b0\u1edbc ng\u1eadp \u0111\u1ebfn \u0111\u01b0\u1eddng vi\u1ec1n ph\u00eda trong c\u1ed1c. Khi b\u1eaft \u0111\u1ea7u s\u00f4i \u0111i\u1ec1u ch\u1ec9nh l\u1eeda \u0111un t\u1ea7m 5 ph\u00fat cho \u0111\u1ebfn khi b\u00e1nh g\u1ea1o, ch\u1ea3 c\u00e1 m\u1ec1m,v\u00e0 n\u01b0\u1edbc s\u1ed1t s\u1ec7t l\u1ea1i l\u00e0 b\u1ea1n c\u00f3 th\u1ec3 th\u01b0\u1edfng th\u1ee9c.<\/li>\n<li>T\u00f9y thu\u1ed9c v\u00e0o s\u1edf th\u00edch b\u1ea1n c\u00f3 th\u1ec3 b\u1ecf th\u00eam ch\u1ea3 c\u00e1, mi\u1ebfn, tr\u1ee9ng, rau, h\u00e0nh\u2026v\u00e0o \u0111\u1ec3 \u0111\u01b0\u1ee3c m\u00f3n topokki ngon mi\u1ec7ng h\u01a1n<\/li>\n<\/ul>\n<p><em><strong>Khi n\u1ea5u b\u1eb1ng l\u00f2 vi s\u00f3ng<\/strong><\/em>:<\/p>\n<ul>\n<li>M\u1edf n\u1eafp h\u1ed9p b\u1ecf 120g b\u00e1nh g\u1ea1o + 20g soup gia v\u1ecb + v\u1edbi g\u00f3i ch\u1ea3 c\u00e1 3g th\u00eam n\u01b0\u1edbc n\u01b0\u1edbc ng\u1eadp \u0111\u1ebfn \u0111\u01b0\u1eddng vi\u1ec1n ph\u00eda trong c\u1ed1c.<\/li>\n<li>N\u1ea5u trong t\u1ea7m 1m \u0111\u1ebfn 1m30s (1.000w), 2m \u0111\u1ebfn 2m30s (700w) b\u1eb1ng l\u00f2 vi s\u00f3ng.<\/li>\n<li>Ngon h\u01a1n n\u1ebfu thay n\u01b0\u1edbc b\u1eb1ng s\u1eefa t\u01b0\u01a1i.<\/li>\n<\/ul>\n<p><em><strong>C\u00e1ch b\u1ea3o qu\u1ea3n<\/strong><\/em><\/p>\n<ul>\n<li>B\u1ea3o qu\u1ea3n: N\u01a1i kh\u00f4 r\u00e1o, tho\u00e1ng m\u00e1t \u0111\u1ea3m b\u1ea3o \u0111i\u1ec1u ki\u1ec7n an to\u00e0n v\u1ec7 sinh an to\u00e0n th\u1ef1c ph\u1ea9m, tr\u00e1nh \u00e1nh s\u00e1ng m\u1eb7t tr\u1eddi chi\u1ebfu tr\u1ef1c ti\u1ebfp v\u00e0 n\u01a1i \u1ea9m \u01b0\u1edbt.<\/li>\n<\/ul>\n<p><img loading=\"lazy\" decoding=\"async\" class=\"wp-image-15703 aligncenter\" src=\"https:\/\/havamall.vn\/wp-content\/uploads\/2020\/08\/374ae02912213aad0afd3246fc23215a-300x300.jpg\" alt=\"\" width=\"734\" height=\"734\" srcset=\"https:\/\/havamall.vn\/wp-content\/uploads\/2020\/08\/374ae02912213aad0afd3246fc23215a-300x300.jpg 300w, https:\/\/havamall.vn\/wp-content\/uploads\/2020\/08\/374ae02912213aad0afd3246fc23215a-430x430.jpg 430w, https:\/\/havamall.vn\/wp-content\/uploads\/2020\/08\/374ae02912213aad0afd3246fc23215a-150x150.jpg 150w, https:\/\/havamall.vn\/wp-content\/uploads\/2020\/08\/374ae02912213aad0afd3246fc23215a-700x700.jpg 700w, https:\/\/havamall.vn\/wp-content\/uploads\/2020\/08\/374ae02912213aad0afd3246fc23215a-768x768.jpg 768w, https:\/\/havamall.vn\/wp-content\/uploads\/2020\/08\/374ae02912213aad0afd3246fc23215a-1024x1024.jpg 1024w, https:\/\/havamall.vn\/wp-content\/uploads\/2020\/08\/374ae02912213aad0afd3246fc23215a-1200x1200.jpg 1200w, https:\/\/havamall.vn\/wp-content\/uploads\/2020\/08\/374ae02912213aad0afd3246fc23215a-600x600.jpg 600w, https:\/\/havamall.vn\/wp-content\/uploads\/2020\/08\/374ae02912213aad0afd3246fc23215a-100x100.jpg 100w, https:\/\/havamall.vn\/wp-content\/uploads\/2020\/08\/374ae02912213aad0afd3246fc23215a.jpg 1280w\" sizes=\"(max-width: 734px) 100vw, 734px\" \/><\/p>","protected":false},"excerpt":{"rendered":"<ul class=\"list\">\n<li>S\u1ea3n ph\u1ea9m Nh\u1eadp kh\u1ea9u v\u00e0 ph\u00e2n ph\u1ed1i \u0111\u1ed9c quy\u1ec1n, nh\u1eadp 100% t\u1eeb H\u00e0n Qu\u1ed1c<\/li>\n<li>V\u1ecb: c\u00f3 3 v\u1ecb cay ng\u1ecdt, v\u1ecb cay, x\u1ed1t d\u1ea7u m\u00e8<\/li>\n<li>Kh\u1ed1i l\u01b0\u1ee3ng 143g\/g\u00f3i<\/li>\n<li>HSD: 12 th\u00e1ng k\u1ec3 t\u1eeb ng\u00e0y s\u1ea3n xu\u1ea5t<\/li>\n<li>Bao g\u1ed3m: t\u1ea5c b\u00e1nh g\u1ea1o v\u00e0 s\u1ed1t<\/li>\n<li>C\u00f4ng d\u1ee5ng: \u0102n chay, qu\u00e0 t\u1eb7ng, m\u00f3n \u0103n ti\u1ec7n l\u1ee3i (fastfood)<\/li>\n<li>C\u00e1ch ch\u1ebf bi\u1ebfn: Cho b\u00e1nh g\u1ea1o, g\u00f3i gia v\u1ecb v\u00e0o c\u1ed1c, \u0111\u1ed5 n\u01b0\u1edbc s\u00f4i \u0111\u1ebfn v\u1ea1ch, n\u1ea5u trong l\u00f2 vi s\u00f3ng 1,3 &#8211; 2,5 ph\u00fat ho\u1eb7c cho v\u00e0o ch\u1ea3o n\u1ea5u trong 5 ph\u00fat<\/li>\n<\/ul>","protected":false},"featured_media":15704,"comment_status":"open","ping_status":"closed","template":"","meta":[],"product_brand":[],"product_cat":[36,143],"product_tag":[],"class_list":{"0":"post-15697","1":"product","2":"type-product","3":"status-publish","4":"has-post-thumbnail","6":"product_cat-thuc-pham-tieu-dung","7":"product_cat-thuc-pham-dong-hop","9":"first","10":"outofstock","11":"sale","12":"shipping-taxable","13":"purchasable","14":"product-type-simple"},"_links":{"self":[{"href":"https:\/\/havamall.vn\/en\/wp-json\/wp\/v2\/product\/15697"}],"collection":[{"href":"https:\/\/havamall.vn\/en\/wp-json\/wp\/v2\/product"}],"about":[{"href":"https:\/\/havamall.vn\/en\/wp-json\/wp\/v2\/types\/product"}],"replies":[{"embeddable":true,"href":"https:\/\/havamall.vn\/en\/wp-json\/wp\/v2\/comments?post=15697"}],"version-history":[{"count":0,"href":"https:\/\/havamall.vn\/en\/wp-json\/wp\/v2\/product\/15697\/revisions"}],"wp:featuredmedia":[{"embeddable":true,"href":"https:\/\/havamall.vn\/en\/wp-json\/wp\/v2\/media\/15704"}],"wp:attachment":[{"href":"https:\/\/havamall.vn\/en\/wp-json\/wp\/v2\/media?parent=15697"}],"wp:term":[{"taxonomy":"product_brand","embeddable":true,"href":"https:\/\/havamall.vn\/en\/wp-json\/wp\/v2\/product_brand?post=15697"},{"taxonomy":"product_cat","embeddable":true,"href":"https:\/\/havamall.vn\/en\/wp-json\/wp\/v2\/product_cat?post=15697"},{"taxonomy":"product_tag","embeddable":true,"href":"https:\/\/havamall.vn\/en\/wp-json\/wp\/v2\/product_tag?post=15697"}],"curies":[{"name":"wp","href":"https:\/\/api.w.org\/{rel}","templated":true}]}}