{"id":15643,"date":"2020-07-28T17:31:25","date_gmt":"2020-07-28T10:31:25","guid":{"rendered":"https:\/\/havamall.vn\/?post_type=product&#038;p=15643"},"modified":"2023-06-09T10:58:10","modified_gmt":"2023-06-09T03:58:10","slug":"ky-tu-kho-hava-foodies-goi-30gr-dried-goji-berry","status":"publish","type":"product","link":"https:\/\/havamall.vn\/en\/shop\/ky-tu-kho-hava-foodies-goi-30gr-dried-goji-berry\/","title":{"rendered":"K\u1ef7 T\u1eed Kh\u00f4 Hava Foodies G\u00f3i 10g &#8211; Dried Goji Berry"},"content":{"rendered":"<h2><b>K\u1ef7 t\u1eed l\u00e0 g\u00ec?<\/b><\/h2>\n<p><span style=\"font-weight: 400\">C\u00e2u k\u1ef7 t\u1eed c\u00f2n g\u1ecdi l\u00e0 Thi\u00ean Tinh, \u0111\u00e2y l\u00e0 qu\u1ea3 c\u1ee7a c\u00e2y k\u1ef7 t\u1eed. C\u00e2u k\u1ef7 t\u1eed \u0111\u01b0\u1ee3c s\u1eed d\u1ee5ng k\u1ebft h\u1ee3p v\u1edbi m\u1ed9t s\u1ed1 lo\u1ea1i th\u1ea3o d\u01b0\u1ee3c kh\u00e1c \u0111\u1ec3 \u0111\u1ea1t hi\u1ec7u qu\u1ea3 ch\u1eefa b\u1ec7nh cao nh\u1ea5t. C\u00e2u k\u1ef7 t\u1eed c\u00f3 m\u00e0u \u0111\u1ecf \u0111\u1eadm t\u1ef1 nhi\u00ean d\u00f9ng \u0111\u1ec3 h\u00e3m tr\u00e0 u\u1ed1ng thay n\u01b0\u1edbc gi\u1ea3i kh\u00e1t ho\u1eb7c l\u00e0m nguy\u00ean li\u1ec7u t\u1ea1o h\u01b0\u01a1ng v\u1ecb cho c\u00e1c m\u00f3n \u0103n b\u1ed5 d\u01b0\u1ee1ng.\u00a0<\/span><\/p>\n<p><span style=\"font-weight: 400\">Theo \u0111\u00f4ng y, c\u00e2u k\u1ef3 t\u1eed l\u00e0 m\u1ed9t lo\u1ea1i gi\u00fap b\u1ed5 m\u00e1u t\u1ed1t nh\u1ea5t, ch\u00fang ta th\u01b0\u1eddng th\u1ea5y n\u00f3 trong c\u00e1c \u0111\u01a1n thu\u1ed1c b\u1eafc. Ngo\u00e0i ra, c\u00e2u k\u1ef7 t\u1eed c\u00f2n \u0111\u01b0\u1ee3c s\u1eed d\u1ee5ng \u0111\u1ec3 ng\u00e2m r\u01b0\u1ee3u, r\u01b0\u1ee3u c\u00e2u k\u1ef7 t\u1eed gi\u00fap b\u1ed5 m\u00e1u, s\u00e1ng m\u1eaft v\u00e0 c\u00f3 c\u00f4ng d\u1ee5ng ch\u1ed1ng l\u00e3o h\u00f3a r\u1ea5t t\u1ed1t. C\u00e1c ch\u1ecb c\u00f3 th\u1ec3 s\u1eed d\u1ee5ng tr\u00e0 c\u00e2u k\u1ef7 t\u1eed u\u1ed1ng v\u1edbi hoa c\u00fac c\u00f3 t\u00e1c d\u1ee5ng gi\u1ea3m m\u1ee1 m\u00e1u v\u00e0 gi\u1ea3m c\u00e2n c\u1ef1c t\u1ed1t.<\/span><\/p>\n<p><img decoding=\"async\" class=\"aligncenter\" src=\"https:\/\/havamall.vn\/wp-content\/uploads\/2020\/07\/cau-ky-tu.jpg\" alt=\"C\u00e2u k\u1ef7 t\u1eed - Th\u1ea7n d\u01b0\u1ee3c tr\u1ecb b\u1ec7nh ch\u1ed1n nh\u00e2n gian\" \/><\/p>\n<h2><b>Th\u00f4ng tin chi ti\u1ebft s\u1ea3n ph\u1ea9m<\/b><\/h2>\n<ul>\n<li style=\"font-weight: 400\"><span style=\"font-weight: 400\">Tr\u1ecdng l\u01b0\u1ee3ng: 10gr<\/span><\/li>\n<li style=\"font-weight: 400\"><span style=\"font-weight: 400\">Xu\u1ea5t x\u1ee9: \u1ea4n \u0110\u1ed9<\/span><\/li>\n<li style=\"font-weight: 400\"><span style=\"font-weight: 400\">Quy c\u00e1ch \u0111\u00f3ng g\u00f3i: g\u00f3i PE nh\u1ecf seal k\u00edn mi\u1ec7ng.<\/span><\/li>\n<li style=\"font-weight: 400\"><span style=\"font-weight: 400\">H\u1ea1n s\u1eed d\u1ee5ng: xem tr\u00ean bao b\u00ec<\/span><\/li>\n<li style=\"font-weight: 400\"><span style=\"font-weight: 400\">Ng\u00e0y s\u1ea3n xu\u1ea5t: 2 n\u0103m tr\u01b0\u1edbc ng\u00e0y h\u1ebft h\u1ea1n<\/span><\/li>\n<li style=\"font-weight: 400\"><span style=\"font-weight: 400\">H\u01b0\u1edbng d\u1eabn b\u1ea3o qu\u1ea3n:\u00a0 B\u1ea3o qu\u1ea3n n\u01a1i kh\u00f4 r\u00e1o tho\u00e1ng m\u00e1t, tr\u00e1nh \u00e1nh n\u1eafng m\u1eb7t tr\u1eddi. N\u00ean bu\u1ed9c th\u1eadt k\u00edn trong t\u00fai nilon \u0111\u1ec3 b\u1ed9t kh\u00f4ng b\u1ecb m\u1ea5t m\u00f9i v\u1ecb v\u00e0 kh\u00f4ng b\u1ecb \u1ea9m.<\/span><\/li>\n<\/ul>\n<h2><b>Quy tr\u00ecnh s\u1ea3n xu\u1ea5t k\u1ef7 t\u1eed kh\u00f4 \u0111\u1ea3m b\u1ea3o<\/b><\/h2>\n<ul>\n<li><span style=\"font-weight: 400\">Nguy\u00ean li\u1ec7u \u0111\u01b0\u1ee3c l\u1ef1a ch\u1ecdn k\u1ef9 c\u00e0ng, t\u01b0\u01a1i s\u1ea1ch v\u00e0 ch\u1ea5t l\u01b0\u1ee3ng cao nh\u1ea5t.<\/span><\/li>\n<li><span style=\"font-weight: 400\">H\u00ecnh th\u1ee9c: L\u00e0m s\u1ea1ch nguy\u00ean li\u1ec7u v\u00e0 ph\u01a1i kh\u00f4. Sau \u0111\u00f3 xay m\u1ecbn b\u1eb1ng c\u00f4ng ngh\u1ec7 hi\u1ec7n \u0111\u1ea1i<\/span><\/li>\n<li><span style=\"font-weight: 400\">Kh\u00f4ng l\u1eabn b\u1ea5t k\u1ef3 t\u1ea1p ch\u1ea5t n\u00e0o.<\/span><\/li>\n<li><span style=\"font-weight: 400\">Kh\u00f4ng ch\u1ee9a ch\u1ea5t b\u1ea3o qu\u1ea3n.<\/span><\/li>\n<\/ul>\n<p><img decoding=\"async\" class=\"aligncenter\" src=\"https:\/\/havamall.vn\/wp-content\/uploads\/2020\/07\/cau-ky-tu-1-ky-tu-do.jpg\" alt=\"K\u1ef7 T\u1eed \u0110\u1ecf C\u00e2u K\u1ef7 T\u1eed \u2013 TR\u00c0 HOA C\u00daC \u2013 TINH HOA TR\u00c0 VI\u1ec6T\" \/><\/p>\n<ul>\n<li><span style=\"font-weight: 400\">Kh\u00f4ng s\u1eed d\u1ee5ng ch\u1ea5t t\u1ea1o m\u00f9i.<\/span><\/li>\n<li><span style=\"font-weight: 400\">Kh\u00f4ng ch\u1ea5t t\u1ea1o m\u00e0u.<\/span><\/li>\n<li><span style=\"font-weight: 400\">\u0110\u00f3ng g\u00f3i s\u1ea3n ph\u1ea9m ch\u1eafc ch\u1eafn, \u0111\u1ea3m b\u1ea3o b\u1ea3o qu\u1ea3n \u0111\u01b0\u1ee3c t\u1ed1t nh\u1ea5t.<\/span><\/li>\n<\/ul>\n<h2><strong>T\u00e1c d\u1ee5ng c\u1ee7a c\u00e2u k\u1ef7 t\u1eed<\/strong><\/h2>\n<h3><b>Thu\u1ed9c t\u00ednh b\u1ea3o v\u1ec7 th\u1ea7n kinh<\/b><\/h3>\n<p><span style=\"font-weight: 400\">Nh\u00f3m nghi\u00ean c\u1ee9u Trung Qu\u1ed1c \u0111\u00e3 ch\u1ec9 ra r\u1eb1ng c\u00e2u k\u1ef7 t\u1eed gi\u00fap \u0111i\u1ec1u tr\u1ecb v\u00e0 ng\u0103n ng\u1eeba b\u1ec7nh Alzheimer ( \u0111\u00e2y l\u00e0 m\u1ed9t t\u00ecnh tr\u1ea1ng tho\u00e1i h\u00f3a th\u1ea7n kinh). Trong c\u00e2u k\u1ef7 t\u1eed c\u00f3 ch\u1ee9a m\u1ed9t ch\u1ea5t c\u00f3 t\u00ean l\u00e0\u00a0 fructus lycii polysacarit c\u00f3 kh\u1ea3 n\u0103ng kh\u00e1ng v\u1edbi nhi\u1ec1u lo\u1ea1i peptide beta amyloid ( \u0111\u00e2y l\u00e0 nh\u1eefng ch\u1ea5t \u0111\u1ed9c th\u1ea7n kinh, nguy\u00ean nh\u00e2n g\u00e2y ra b\u1ec7nh Alzheimer). C\u00e2u k\u1ef7 t\u1eed gi\u00fap b\u1ea3o v\u1ec7 th\u1ea7n kinh hi\u1ec7u qu\u1ea3.<\/span><\/p>\n<h3><b>T\u00ednh ch\u1ea5t ch\u1ed1ng oxy h\u00f3a<\/b><\/h3>\n<p><span style=\"font-weight: 400\">C\u00e2u k\u1ef7 t\u1eed c\u00f3 ch\u1ee9a c\u00e1c ch\u1ea5t ch\u1ed1ng oxy h\u00f3a. H\u00e0m l\u01b0\u1ee3ng flavonoid c\u1ee7a d\u1ecbch chi\u1ebft bao g\u1ed3m 1,56 miligam quercetin ( \u0111\u00e2y l\u00e0 m\u1ed9t ch\u1ea5t ch\u1ed1ng oxy h\u00f3a m\u1ea1nh, y\u1ebfu t\u1ed1 g\u00e2y b\u1ec7nh trong t\u1ed5n th\u01b0\u01a1ng t\u1ebf b\u00e0o)<\/span><\/p>\n<p><span style=\"font-weight: 400\">Chi\u1ebft xu\u1ea5t c\u00e2u k\u1ef7 t\u1eed \u0111\u00e3 ch\u1ee9ng minh ho\u1ea1t \u0111\u1ed9ng ch\u1ed1ng oxy h\u00f3a m\u1ea1nh m\u1ebd d\u1ef1a tr\u00ean 3 ho\u1ea1t \u0111\u1ed9ng ch\u00ednh: thanh l\u1ecdc, kh\u1eed \u0111\u1ed9c v\u00e0 kh\u1eed c\u00e1c g\u1ed1c t\u1ef1 do. Trong qu\u00e1 tr\u00ecnh th\u1ea3i s\u1eaft, m\u1ed9t ph\u00e2n t\u1eed ch\u1ed1ng oxy h\u00f3a li\u00ean k\u1ebft v\u1edbi m\u1ed9t h\u1ee3p ch\u1ea5t kim lo\u1ea1i n\u1eb7ng \u0111\u1ec3 \u0111\u1ea9y nhanh qu\u00e1 tr\u00ecnh lo\u1ea1i b\u1ecf c\u00e1c g\u1ed1c t\u1ef1 do ra kh\u1ecfi c\u01a1 th\u1ec3.<\/span><\/p>\n<h3><b>Gi\u00fap kh\u1ecfe m\u1eaft<\/b><\/h3>\n<p><span style=\"font-weight: 400\">M\u1ed9t nghi\u00ean c\u1ee9u Trung Qu\u1ed1c &amp; Hoa K\u1ef3 \u0111\u00e3 ch\u1ec9 ra r\u1eb1ng c\u00e2u k\u1ef7 t\u1eed l\u00e0 m\u1ed9t ngu\u1ed3n zeaxanthin. M\u1ed9t lo\u1ea1i caroten m\u1ed9t ho\u1ea1t ch\u1ea5t gi\u00fap t\u0103ng c\u01b0\u1eddng th\u1ecb l\u1ef1c, l\u00e0m t\u0103ng s\u1ee9c kh\u1ecfe cho m\u1eaft.\u00a0<\/span><\/p>\n<p><img decoding=\"async\" class=\"aligncenter\" src=\"https:\/\/image.voso.vn\/users\/vosoimage\/images\/6f93797487c340b22093627d1bc66524?t%5B0%5D=compress%3Alevel%3D100&amp;accessToken=22ffc290fa91f806c3578ae7f05ac9282c11075020d8ae9b3d458a67b03bedb7\" alt=\"K\u1ef7 t\u1eed \u0111\u1ecf h\u1ea1t to_M\u1ed9c Tr\u00e0 - Tr\u00e0 hoa \u0110\u00e0 N\u1eb5ng - P99361 | S\u00e0n th\u01b0\u01a1ng ...\" \/><\/p>\n<p><b>M\u1ed9t s\u1ed1 t\u00e1c d\u1ee5ng ch\u00ednh c\u1ee7a c\u00e2u k\u1ef7 t\u1eed v\u1edbi s\u1ee9c kh\u1ecfe:<\/b><\/p>\n<ul>\n<li style=\"font-weight: 400\"><span style=\"font-weight: 400\">C\u00e2u k\u1ef7 t\u1eed c\u00f2n gi\u00fap \u0111i\u1ec1u ch\u1ec9nh huy\u1ebft \u00e1p \u1edf tr\u1ea1ng th\u00e1i c\u00e2n b\u1eb1ng<\/span><\/li>\n<li style=\"font-weight: 400\"><span style=\"font-weight: 400\">C\u00e2u k\u1ef7 t\u1eed gi\u00fap gi\u1ea3m c\u00e2n<\/span><\/li>\n<li style=\"font-weight: 400\"><span style=\"font-weight: 400\">C\u1ea3i thi\u1ec7n kh\u1ea3 n\u0103ng t\u00ecnh d\u1ee5c<\/span><\/li>\n<li style=\"font-weight: 400\"><span style=\"font-weight: 400\">Ch\u1ed1ng tr\u1ea7m c\u1ea3m<\/span><\/li>\n<li style=\"font-weight: 400\"><span style=\"font-weight: 400\">Th\u1ea3i \u0111\u1ed9c cho gan<\/span><\/li>\n<li style=\"font-weight: 400\"><span style=\"font-weight: 400\">T\u0103ng c\u01b0\u1eddng h\u1ec7 mi\u1ec5n d\u1ecbch<\/span><\/li>\n<li style=\"font-weight: 400\"><span style=\"font-weight: 400\">H\u1ed7 tr\u1ee3 gi\u1ea3m \u0111au<\/span><\/li>\n<li style=\"font-weight: 400\"><span style=\"font-weight: 400\">C\u00e2u k\u1ef7 t\u1eed d\u00f9ng \u0111\u1ec3 l\u00e0m \u0111\u1eb9p da v\u00e0 gi\u00fap t\u00f3c nhanh d\u00e0i<\/span><\/li>\n<li style=\"font-weight: 400\"><span style=\"font-weight: 400\">C\u1ea3i thi\u1ec7n s\u1ee9c kh\u1ecfe c\u1ee7a ph\u1ed5i<\/span><\/li>\n<\/ul>\n<h2><b>C\u00e1ch d\u00f9ng c\u00e2u k\u1ef7 t\u1eed<\/b><\/h2>\n<p><span style=\"font-weight: 400\">C\u00e2u k\u1ef7 t\u1eed c\u00f3 th\u1ec3 s\u1eed d\u1ee5ng cho m\u1ecdi \u0111\u1ed1i t\u01b0\u1ee3ng v\u00e0 tuy\u1ec7t \u0111\u1ed1i an to\u00e0n cho s\u1ee9c kh\u1ecfe ng\u01b0\u1eddi s\u1eed d\u1ee5ng. C\u00e2u k\u1ef7 t\u1eed c\u00f3 h\u01b0\u01a1ng v\u1ecb r\u1ea5t \u0111\u1eb7c bi\u1ec7t\u00a0 + C\u00e2u k\u1ef7 t\u1eed s\u1eed d\u1ee5ng \u0111\u1ec3 n\u1ea5u c\u00f9ng v\u1edbi g\u00e0 c\u00f4ng nghi\u1ec7p ho\u1eb7c th\u1ecbt l\u1ee3n n\u1ea1c \u0111\u1ec3 t\u0103ng th\u00eam m\u1ed9t v\u1ecb ng\u1ecdt th\u01a1m cho c\u00e1c m\u00f3n \u0103n th\u00eam \u0111\u1eadm \u0111\u00e0. Ngo\u00e0i ra, h\u00e0m l\u01b0\u1ee3ng vitamin C trong c\u00e2u k\u1ef7 t\u1eed gi\u00fap b\u1ea1n h\u1ea5p th\u1ee5 nhi\u1ec1u ch\u1ea5t s\u1eaft t\u1eeb th\u1ecbt.<\/span><\/p>\n<p><span style=\"font-weight: 400\">+ Tr\u1ecb x\u01a1 gan do \u00e2m h\u01b0, gan vi\u00eam m\u1ea1n t\u00ednh: C\u00e2u k\u1ef7 t\u1eed 12g, b\u1eafc sa s\u00e2m 12g, \u0111\u01b0\u01a1ng quy 12g, m\u1ea1ch m\u00f4n 12g, sinh \u0111\u1ecba 24g, xuy\u00ean luy\u1ec7n t\u1eed 6g. T\u1ea5t c\u1ea3 cho v\u00e0o \u0111un s\u1eafc n\u01b0\u1edbc u\u1ed1ng h\u00e0ng ng\u00e0y.<\/span><\/p>\n<p><img decoding=\"async\" class=\"aligncenter\" src=\"https:\/\/havamall.vn\/wp-content\/uploads\/2020\/07\/tra-hoa-cuc-tao-do-ky-tu-long-nhan.jpg\" alt=\"K\u1ef3 t\u1eed v\u00e0 t\u00e1c d\u1ee5ng v\u1edbi c\u01a1 th\u1ec3 - Tr\u00e0 hoa c\u00fac k\u1ef3 t\u1eed t\u00e1o \u0111\u1ecf\" \/><\/p>\n<p><span style=\"font-weight: 400\">+ Tr\u1ecb th\u1eadn h\u01b0, huy\u1ebft tr\u1eafng nhi\u1ec1u, di tinh, \u0111au l\u01b0ng, m\u1ecfi g\u1ed1i, t\u00ecnh tr\u1ea1ng c\u01a1 th\u1ec3 b\u1ecb suy nh\u01b0\u1ee3c: C\u00e2u k\u1ef7 t\u1eed 160gram, ng\u01b0u t\u1ea5t 120gram, th\u1ee5c \u0111\u1ecba 320g, s\u01a1n d\u01b0\u1ee3c (sao v\u00e0ng) 160g, th\u1ecf ty t\u1eed 160g, S\u01a1n th\u00f9 nh\u1ee5c 160g, quy b\u1ea3n (sao v\u00e0ng) 160g, l\u1ed9c giao (sao v\u00e0ng) 160g. T\u1ea5t c\u1ea3 t\u00e1n b\u1ed9t, tr\u1ed9n m\u1eadt l\u00e0m vi\u00ean ho\u00e0n. u\u1ed1ng 12-16g m\u1ed7i l\u1ea7n, chia 2-3 l\u1ea7n u\u1ed1ng m\u1ed7i ng\u00e0y.<\/span><\/p>\n<p><span style=\"font-weight: 400\">+ Tr\u1ecb hoa m\u1eaft, th\u1ecb l\u1ef1c k\u00e9m, \u0111\u1ee5c th\u1ee7y tinh th\u1ec3, c\u01b0\u1eddm m\u1eaft tu\u1ed5i gi\u00e0: C\u00e2u k\u1ef7 t\u1eed 120gram, th\u1ee5c \u0111\u1ecba 320g, s\u01a1n d\u01b0\u1ee3c 160g, s\u01a1n th\u00f9 1690, \u0111\u01a1n b\u00ec 80g, ph\u1ee5c linh 80g, tr\u1ea1ch t\u1ea3 80g, c\u00fac hoa 120g. T\u1ea5t c\u1ea3 t\u00e1n b\u1ed9t, tr\u1ed9n v\u1edbi m\u1eadt l\u00e0m ho\u00e0n, ng\u00e0y u\u1ed1ng 2-3 l\u1ea7n, m\u1ed7i l\u1ea7n u\u1ed1ng 10-12g.<\/span><\/p>\n<p><span style=\"font-weight: 400\">+ Pha tr\u00e0 d\u00f9ng h\u00e0ng ng\u00e0y: C\u00e2u t\u1eed t\u1eed 15g, b\u00f4ng c\u00fac 30 gram, \u0111\u01b0\u1eddng ph\u00e8n\u200b. \u0110un n\u01b0\u1edbc s\u00f4i sau \u0111\u00f3 c\u00e1c nguy\u00ean li\u1ec7u v\u00e0o h\u00e3m gi\u1ed1ng tr\u00e0 trong th\u1eddi gian 5-7 ph\u00fat. Pha xong d\u00f9ng r\u00e2y l\u1ecdc h\u1ebft b\u00e3 c\u1ee7a k\u1ef7 t\u1eed, b\u00f4ng c\u00fac thu \u0111i ta thu \u0111\u01b0\u1ee3c n\u01b0\u1edbc c\u1ed1t, s\u1eed d\u1ee5ng u\u1ed1ng khi c\u00f2n n\u00f3ng s\u1ebd th\u01a1m, ngon h\u01a1n.<\/span><\/p>","protected":false},"excerpt":{"rendered":"<ul>\n<li style=\"font-weight: 400\"><span style=\"font-weight: 400\">Tr\u1ecdng l\u01b0\u1ee3ng: 30gr<\/span><\/li>\n<li style=\"font-weight: 400\"><span style=\"font-weight: 400\">Xu\u1ea5t x\u1ee9:\u00a0\u1ea4n \u0110\u1ed9<\/span><\/li>\n<li style=\"font-weight: 400\"><span style=\"font-weight: 400\">Quy c\u00e1ch \u0111\u00f3ng g\u00f3i: g\u00f3i PE nh\u1ecf seal k\u00edn mi\u1ec7ng.<\/span><\/li>\n<li style=\"font-weight: 400\"><span style=\"font-weight: 400\">H\u1ea1n s\u1eed d\u1ee5ng: xem tr\u00ean bao b\u00ec<\/span><\/li>\n<li style=\"font-weight: 400\"><span style=\"font-weight: 400\">Ng\u00e0y s\u1ea3n xu\u1ea5t: 2 n\u0103m tr\u01b0\u1edbc ng\u00e0y h\u1ebft h\u1ea1n<\/span><\/li>\n<li style=\"font-weight: 400\"><span style=\"font-weight: 400\">H\u01b0\u1edbng d\u1eabn b\u1ea3o qu\u1ea3n:\u00a0 B\u1ea3o qu\u1ea3n n\u01a1i kh\u00f4 r\u00e1o tho\u00e1ng m\u00e1t, tr\u00e1nh \u00e1nh n\u1eafng m\u1eb7t tr\u1eddi. N\u00ean bu\u1ed9c th\u1eadt k\u00edn trong t\u00fai nilon \u0111\u1ec3 b\u1ed9t kh\u00f4ng b\u1ecb m\u1ea5t m\u00f9i v\u1ecb v\u00e0 kh\u00f4ng b\u1ecb \u1ea9m.<\/span><\/li>\n<\/ul>","protected":false},"featured_media":15649,"comment_status":"open","ping_status":"closed","template":"","meta":[],"product_brand":[],"product_cat":[595,36,134],"product_tag":[],"class_list":{"0":"post-15643","1":"product","2":"type-product","3":"status-publish","4":"has-post-thumbnail","6":"product_cat-gia-vi-va-che-bien","7":"product_cat-thuc-pham-tieu-dung","8":"product_cat-thucpham-saykho","9":"pa_brand-skx","11":"first","12":"outofstock","13":"sale","14":"shipping-taxable","15":"purchasable","16":"product-type-simple"},"_links":{"self":[{"href":"https:\/\/havamall.vn\/en\/wp-json\/wp\/v2\/product\/15643"}],"collection":[{"href":"https:\/\/havamall.vn\/en\/wp-json\/wp\/v2\/product"}],"about":[{"href":"https:\/\/havamall.vn\/en\/wp-json\/wp\/v2\/types\/product"}],"replies":[{"embeddable":true,"href":"https:\/\/havamall.vn\/en\/wp-json\/wp\/v2\/comments?post=15643"}],"version-history":[{"count":0,"href":"https:\/\/havamall.vn\/en\/wp-json\/wp\/v2\/product\/15643\/revisions"}],"wp:featuredmedia":[{"embeddable":true,"href":"https:\/\/havamall.vn\/en\/wp-json\/wp\/v2\/media\/15649"}],"wp:attachment":[{"href":"https:\/\/havamall.vn\/en\/wp-json\/wp\/v2\/media?parent=15643"}],"wp:term":[{"taxonomy":"product_brand","embeddable":true,"href":"https:\/\/havamall.vn\/en\/wp-json\/wp\/v2\/product_brand?post=15643"},{"taxonomy":"product_cat","embeddable":true,"href":"https:\/\/havamall.vn\/en\/wp-json\/wp\/v2\/product_cat?post=15643"},{"taxonomy":"product_tag","embeddable":true,"href":"https:\/\/havamall.vn\/en\/wp-json\/wp\/v2\/product_tag?post=15643"}],"curies":[{"name":"wp","href":"https:\/\/api.w.org\/{rel}","templated":true}]}}