{"id":15426,"date":"2020-07-23T16:47:50","date_gmt":"2020-07-23T09:47:50","guid":{"rendered":"https:\/\/havamall.vn\/?post_type=product&#038;p=15426"},"modified":"2021-06-24T15:30:58","modified_gmt":"2021-06-24T08:30:58","slug":"pate-gan-ngong-hame-105g-hame-foie-gras-pate","status":"publish","type":"product","link":"https:\/\/havamall.vn\/en\/shop\/pate-gan-ngong-hame-105g-hame-foie-gras-pate\/","title":{"rendered":"Pate Gan Ng\u1ed7ng Ham\u00e9 105g &#8211; Ham\u00e9 Foie Gras Pate"},"content":{"rendered":"<p><span style=\"font-weight: 400\">Pate gan ng\u1ed7ng Hame la\u0300 mo\u0301n a\u0306n cao c\u00e2\u0301p, tinh t\u00ea\u0301 va\u0300 n\u00f4\u0309i ti\u00ea\u0301ng trong va\u0306n ho\u0301a \u00e2\u0309m th\u01b0\u0323c Cha\u0302u A\u0302u, ngu\u00f4\u0300n nguye\u0302n li\u1eb9\u0302u quy\u0301 gia\u0301 va\u0300 tuy\u1eb9\u0302t ha\u0309o \u0111\u00ea\u0309 ta\u0323o ne\u0302n ha\u0300ng tra\u0306m mo\u0301n a\u0306n h\u00e2\u0301p d\u00e2\u0303n va\u0300 b\u00f4\u0309 du\u031b\u01a1\u0303ng, r\u00e2\u0301t t\u00f4\u0301t cho s\u01b0\u0301c kho\u0309e.<\/span><\/p>\n<p><span style=\"font-weight: 400\">Gan ng\u1ed7ng l\u00e0 m\u1ed9t m\u00f3n \u0103n tinh t\u1ebf ho\u00e0n to\u00e0n nh\u1edd h\u01b0\u01a1ng v\u1ecb t\u1ef1 nhi\u00ean m\u00e0 tr\u1edf n\u00ean \u0111\u1ed9c \u0111\u00e1o. Th\u01b0\u1edfng th\u1ee9c gan ng\u1ed7ng th\u01b0\u1eddng ph\u1ea3i t\u1eeb t\u1ed1n \u0111\u1ec3 c\u1ea3m nh\u1eadn v\u1ecb b\u00e9o v\u00e0 m\u00f9i th\u01a1m c\u1ee7a gan nh\u01b0 tan d\u1ea7n tr\u00ean \u0111\u1ea7u l\u01b0\u1ee1i m\u1ed9t c\u00e1ch nh\u1eb9 nh\u00e0ng, quy\u1ebfn r\u0169 \u0111\u1ebfn l\u1ea1 l\u00f9ng. M\u1ed9t v\u1ecb b\u00e9o nh\u1eb9 ph\u1ea3ng ph\u1ea5t, kh\u00f4ng g\u1eaft, kh\u00f4ng h\u0103ng, tr\u00f4i xu\u1ed1ng c\u1ed5 m\u00e0 kh\u00f4ng c\u00f3 c\u1ea3m gi\u00e1c ng\u1eady.<\/span><\/p>\n<p><img decoding=\"async\" class=\"aligncenter\" src=\"https:\/\/havamall.vn\/wp-content\/uploads\/2020\/07\/1991bb0a5accbc92e5dd.jpg\" alt=\"PATE NG\u1ed6NG NGA HAME 105GR Alee Gourmet Shop\" \/><\/p>\n<h2><strong>\u0110\u1eb7c \u0111i\u1ec3m s\u1ea3n ph\u1ea9m<\/strong><\/h2>\n<p><span style=\"font-weight: 400\">Pate gan ng\u1ed7ng co\u0301 vi\u0323 thanh tao, be\u0301o nhu\u031bng kho\u0302ng ng\u1ea1\u0302y, k\u00ea\u0301t c\u00e2\u0301u m\u00ea\u0300m ma\u0323i nhu\u031b lu\u0323a tan ngay tre\u0302n \u0111\u00e2\u0300u lu\u031b\u01a1\u0303i. Hu\u031bo\u031bng vi\u0323 tuy\u1eb9\u0302t ha\u0309o na\u0300y \u0111\u00ea\u0301n t\u01b0\u0300 l\u01a1\u0301p m\u01a1\u0309 be\u0301o \u0111\u1ea1\u0306c tru\u031bng co\u0301 trong gan ng\u00f4\u0303ng\/ gan vi\u0323t \u0111u\u031b\u01a1\u0323c v\u00f4\u0303 be\u0301o.<\/span><\/p>\n<p><span style=\"font-weight: 400\">Pate ngon nh\u00e2\u0301t la\u0300 du\u0300ng tr\u01b0\u0323c ti\u00ea\u0301p ho\u1ea1\u0306c a\u0306n ke\u0300m ba\u0301nh my\u0300 baguette; du\u0300ng v\u01a1\u0301i thi\u0323t nu\u031b\u01a1\u0301ng, ch\u00ea\u0301 bi\u00ea\u0301n mo\u0301n a\u0301p cha\u0309o ru\u031b\u01a1\u0301i s\u00f4\u0301t hoa qua\u0309, ta\u0301o xanh \u0111u\u0301t lo\u0300, Ngoa\u0300i ra, ru\u031b\u01a1\u0323u vang chi\u0301nh la\u0300 s\u01b0\u0323 k\u00ea\u0301t h\u01a1\u0323p vi\u0323 gia\u0301c t\u00f4\u0301t nh\u00e2\u0301t v\u01a1\u0301i foie gras \u0111\u00ea\u0309 ta\u0323o ne\u0302n hu\u031bo\u031bng vi\u0323 tuy\u1eb9\u0302t v\u01a1\u0300i nh\u00e2\u0301t.<\/span><\/p>\n<p><span style=\"font-weight: 400\">Kh\u00e1c v\u1edbi c\u00e1c d\u00f2ng s\u1ea3n ph\u1ea9m c\u00f9ng lo\u1ea1i th\u00f4ng th\u01b0\u1eddng, pate gan ng\u1ed7ng Hame c\u00f3 c\u00f4ng d\u1ee5ng gi\u1ea3m c\u00e2n, ph\u00f9 h\u1ee3p v\u1edbi nh\u1eefng ng\u01b0\u1eddi \u0103n ki\u00eang nh\u01b0ng v\u1eabn \u0111\u1ea3m b\u1ea3o cung c\u1ea5p l\u01b0\u1ee3ng dinh d\u01b0\u1ee1ng c\u1ea7n thi\u1ebft \u0111\u00f3 nha m\u1ea5y n\u00e0ng.<\/span><\/p>\n<p><img decoding=\"async\" class=\"aligncenter\" src=\"https:\/\/havamall.vn\/wp-content\/uploads\/2020\/07\/q80BhCd.jpg\" alt=\"Di\u1ec5n \u0111\u00e0n M\u1eb9 v\u00e0 B\u00e9\" \/><\/p>\n<p><span style=\"font-weight: 400\">&#8211; Thanh b\u00f9i, kh\u00f4ng ng\u00e1n<\/span><\/p>\n<p><span style=\"font-weight: 400\">&#8211; K\u1ebft c\u1ea5u m\u1ec1m m\u1ea1i nh\u01b0 l\u1ee5a<\/span><\/p>\n<p><span style=\"font-weight: 400\">&#8211; Gi\u00e0u ch\u1ea5t dinh d\u01b0\u1ee1ng b\u1eadc nh\u1ea5t trong s\u1ed1 nh\u1eefng lo\u1ea1i th\u1ef1c ph\u1ea9m t\u1eeb \u0111\u1ed9ng v\u1eadt<\/span><\/p>\n<p><span style=\"font-weight: 400\">&#8211; H\u00e0m l\u01b0\u1ee3ng \u0111\u1ea1m cao<\/span><\/p>\n<p><span style=\"font-weight: 400\">&#8211; Cung c\u1ea5p nhi\u1ec1u ch\u1ea5t s\u1eaft, acid folic, vitamin A, axit b\u00e9o kh\u00f4ng b\u00e3o h\u00f2a<\/span><\/p>\n<p><span style=\"font-weight: 400\">&#8211; Ng\u0103n ch\u1eb7n b\u1ec7nh tim m\u1ea1ch do ch\u1ee9a nhi\u1ec1u axit b\u00e9o kh\u00f4ng b\u00e3o h\u00f2a gi\u00fap h\u1ea1 t\u1ef7 l\u1ec7 cholesterol x\u1ea5u trong c\u01a1 th\u1ec3<\/span><\/p>\n<p><span style=\"font-weight: 400\">&#8211; Gan ng\u1ed7ng l\u00e0 m\u1ed9t trong nh\u1eefng nguy\u00ean li\u1ec7u \u0111\u1eaft \u0111\u1ecf b\u1eadc nh\u1ea5t trong l\u00e0ng \u1ea9m th\u1ef1c th\u1ebf gi\u1edbi.<\/span><\/p>\n<ul>\n<li><span style=\"font-weight: 400\">Kh\u1ed1i l\u01b0\u1ee3ng t\u1ecbnh: 105 g<\/span><\/li>\n<li><span style=\"font-weight: 400\">Th\u00e0nh ph\u1ea7n: Gan ng\u1ed7ng (36%), th\u1ecbt gia c\u1ea7m, n\u01b0\u1edbc, th\u1ecbt l\u1ee3n b\u1ecf g\u00e2n, b\u00ec l\u1ee3n, m\u1ee1 l\u1ee3n, mu\u1ed1i, nitric (mu\u1ed1i, ch\u1ea5t b\u1ea3o qu\u1ea3n E250), h\u00e0nh t\u00e2y, d\u1ea7u th\u1ef1c v\u1eadt tinh b\u1ed9t khoai t\u00e2y v\u00e0 c\u00e1c lo\u1ea1i gia v\u1ecb<\/span><\/li>\n<li><span style=\"font-weight: 400\">C\u00e1ch d\u00f9ng: D\u00f9ng \u0103n tr\u1ef1c ti\u1ebfp v\u1edbi b\u00e1nh m\u00ec, c\u01a1m, x\u00f4i ho\u1eb7c c\u00e1c m\u00f3n kh\u00e1c<\/span><\/li>\n<li><span style=\"font-weight: 400\">B\u1ea3o qu\u1ea3n: Nhi\u1ec7t \u0111\u1ed9 ph\u00f2ng, tr\u00e1nh \u00e1nh n\u1eafng tr\u1ef1c ti\u1ebfp. \u0110\u1ed9 \u1ea9m &lt;70%, sau khi m\u1edf n\u1eafp, b\u1ea3o qu\u1ea3n \u1edf nhi\u1ec7t \u0111\u1ed9 &lt;5\u00b0C v\u00e0 kh\u00f4ng qu\u00e1 48 gi\u1edd<\/span><\/li>\n<li><span style=\"font-weight: 400\">HSD: 3 n\u0103m k\u1ec3 t\u1eeb ng\u00e0y NSX ghi, xem \u1edf c\u1ea1nh b\u00ean bao b\u00ec<\/span><\/li>\n<li><span style=\"font-weight: 400\">Xu\u1ea5t x\u1ee9: Nga<\/span><\/li>\n<\/ul>\n<p><img decoding=\"async\" class=\"aligncenter\" src=\"https:\/\/cf.shopee.vn\/file\/55c4978692c78d5f721d158510018656\" alt=\"pate gan ng\u1ed7ng | Shopee Vi\u1ec7t Nam\" \/><\/p>\n<p><span style=\"font-weight: 400\">\ud83e\udd86Ph\u1ea7n gan ng\u1ed7ng \u0111\u01b0\u1ee3c l\u00e0m pate c\u1ee7a Nga \u0111\u01b0\u1ee3c l\u1ef1a ch\u1ecdn k\u1ef9 c\u00e0ng t\u1eeb nh\u1eefng trang tr\u1ea1i chuy\u00ean nu\u00f4i ng\u1ed7ng \u0111\u1ec3 l\u1ea5y gan ph\u1ee5c v\u1ee5 l\u00e0m pate. V\u00ec v\u1eady, t\u1eebng l\u00e1t pate Nga r\u1ea5t \u0111\u1ed3ng \u0111\u1ec1u, s\u00e1nh m\u1ecbn v\u00e0 th\u01a1m ngon. Kh\u00f4ng ch\u1ec9 c\u00f3 v\u1eady, kh\u00e1c v\u1edbi c\u00e1c n\u01b0\u1edbc T\u00e2y \u00c2u, gan ng\u1ed7ng c\u1ee7a Nga \u0111\u01b0\u1ee3c lu\u1ed9c tr\u01b0\u1edbc, sau \u0111\u00f3 xay nhuy\u1ec5n v\u00e0 k\u1ebft h\u1ee3p v\u1edbi nhi\u1ec1u lo\u1ea1i gia v\u1ecb \u0111\u1eb7c tr\u01b0ng mang \u0111\u1eadm h\u01b0\u01a1ng v\u1ecb Nga \u0111em \u0111\u1ebfn m\u00f9i v\u1ecb pate kh\u00f4ng th\u1ec3 tr\u1ed9n l\u1eabn.\u00a0<\/span><\/p>\n<p><span style=\"font-weight: 400\">\ud83e\udd86B\u1ea1n n\u00ean th\u01b0\u1edfng th\u1ee9c Pate gan ng\u1ed7ng c\u1ee7a Nga t\u1eeb t\u1eeb \u0111\u1ec3 c\u1ea3m nh\u1eadn v\u1ecb thanh m\u00e1t tan d\u1ea7n tr\u00ean \u0111\u1ea7u l\u01b0\u1ee1i, sau khi nu\u1ed1t v\u1eabn c\u00f2n ph\u1ea3ng ph\u1ea5t h\u01b0\u01a1ng th\u01a1m b\u00e9o ng\u1eady quanh khoang mi\u1ec7ng. Lo\u1ea1i pate n\u00e0y ngon nh\u1ea5t khi \u0103n k\u00e8m c\u00f9ng b\u00e1nh m\u00ec \u0111\u1eb7c bi\u1ec7t th\u00edch h\u1ee3p cho m\u1ed7i bu\u1ed5i s\u00e1ng b\u1eadn b\u1ecbu hay nh\u1eefng l\u1ea7n c\u1eafm tr\u1ea1i c\u00f9ng gia \u0111\u00ecnh v\u00e0 b\u1ea1n b\u00e8.<\/span><\/p>\n<p><img decoding=\"async\" class=\"aligncenter\" src=\"https:\/\/havamall.vn\/wp-content\/uploads\/2020\/07\/Mushroom-Pate-board-805x1024.jpg\" alt=\"Citrus-Kissed Mushroom P\u00e2t\u00e9 - Mushrooms Canada\" \/><\/p>\n<p><span style=\"font-weight: 400\">\ud83e\udd86Pate gan ng\u1ed7ng c\u1ee7a Nga n\u00ean \u0103n theo t\u1eebng l\u00e1t d\u00e0y, \u0111\u1ec3 \u0111em l\u1ea1i c\u1ea3m gi\u00e1c tr\u00f2n v\u1ecb, mi\u1ebfng pate kh\u00f4ng b\u1ecb n\u00e1t. Kh\u00f4ng ch\u1ec9 \u0103n tr\u1ef1c ti\u1ebfp, b\u1ea1n c\u00f3 th\u1ec3 k\u1eb9p pate gan ng\u1ed7ng c\u1ee7a Nga c\u00f9ng b\u00e1nh m\u00ec r\u1ed3i n\u01b0\u1edbng h\u01a1i v\u00e0ng c\u1ea1nh \u0103n k\u00e8m salad v\u00e0 n\u01b0\u1edbc hoa qu\u1ea3. Ch\u1ec9 \u0111\u01a1n gi\u1ea3n v\u1eady th\u00f4i l\u00e0 b\u1ea1n \u0111\u00e3 c\u00f3 ngay b\u1eefa s\u00e1ng \u0111\u1ea7y \u0111\u1ee7 ch\u1ea5t dinh d\u01b0\u1ee1ng v\u00e0 v\u00f4 c\u00f9ng l\u1ea1 mi\u1ec7ng cho c\u1ea3 nh\u00e0.<\/span><\/p>","protected":false},"excerpt":{"rendered":"<ul>\n<li><span style=\"font-weight: 400\">Kh\u1ed1i l\u01b0\u1ee3ng t\u1ecbnh: 105 g<\/span><\/li>\n<li><span style=\"font-weight: 400\">Th\u00e0nh ph\u1ea7n: Gan ng\u1ed7ng (36%), th\u1ecbt gia c\u1ea7m, n\u01b0\u1edbc, th\u1ecbt l\u1ee3n b\u1ecf g\u00e2n, b\u00ec l\u1ee3n, m\u1ee1 l\u1ee3n, mu\u1ed1i, nitric (mu\u1ed1i, ch\u1ea5t b\u1ea3o qu\u1ea3n E250), h\u00e0nh t\u00e2y, d\u1ea7u th\u1ef1c v\u1eadt tinh b\u1ed9t khoai t\u00e2y v\u00e0 c\u00e1c lo\u1ea1i gia v\u1ecb<\/span><\/li>\n<li><span style=\"font-weight: 400\">C\u00e1ch d\u00f9ng: D\u00f9ng \u0103n tr\u1ef1c ti\u1ebfp v\u1edbi b\u00e1nh m\u00ec, c\u01a1m, x\u00f4i ho\u1eb7c c\u00e1c m\u00f3n kh\u00e1c<\/span><\/li>\n<li><span style=\"font-weight: 400\">B\u1ea3o qu\u1ea3n: Nhi\u1ec7t \u0111\u1ed9 ph\u00f2ng, tr\u00e1nh \u00e1nh n\u1eafng tr\u1ef1c ti\u1ebfp. \u0110\u1ed9 \u1ea9m &lt;70%, sau khi m\u1edf n\u1eafp, b\u1ea3o qu\u1ea3n \u1edf nhi\u1ec7t \u0111\u1ed9 &lt;5\u00b0C v\u00e0 kh\u00f4ng qu\u00e1 48 gi\u1edd<\/span><\/li>\n<li><span style=\"font-weight: 400\">HSD: 3 n\u0103m k\u1ec3 t\u1eeb ng\u00e0y NSX ghi, xem \u1edf c\u1ea1nh b\u00ean bao b\u00ec<\/span><\/li>\n<li><span style=\"font-weight: 400\">Xu\u1ea5t x\u1ee9: Nga<\/span><\/li>\n<\/ul>","protected":false},"featured_media":15427,"comment_status":"open","ping_status":"closed","template":"","meta":[],"product_brand":[],"product_cat":[36,143],"product_tag":[],"class_list":{"0":"post-15426","1":"product","2":"type-product","3":"status-publish","4":"has-post-thumbnail","6":"product_cat-thuc-pham-tieu-dung","7":"product_cat-thuc-pham-dong-hop","8":"pa_brand-hame","10":"first","11":"outofstock","12":"sale","13":"shipping-taxable","14":"purchasable","15":"product-type-simple"},"_links":{"self":[{"href":"https:\/\/havamall.vn\/en\/wp-json\/wp\/v2\/product\/15426"}],"collection":[{"href":"https:\/\/havamall.vn\/en\/wp-json\/wp\/v2\/product"}],"about":[{"href":"https:\/\/havamall.vn\/en\/wp-json\/wp\/v2\/types\/product"}],"replies":[{"embeddable":true,"href":"https:\/\/havamall.vn\/en\/wp-json\/wp\/v2\/comments?post=15426"}],"version-history":[{"count":0,"href":"https:\/\/havamall.vn\/en\/wp-json\/wp\/v2\/product\/15426\/revisions"}],"wp:featuredmedia":[{"embeddable":true,"href":"https:\/\/havamall.vn\/en\/wp-json\/wp\/v2\/media\/15427"}],"wp:attachment":[{"href":"https:\/\/havamall.vn\/en\/wp-json\/wp\/v2\/media?parent=15426"}],"wp:term":[{"taxonomy":"product_brand","embeddable":true,"href":"https:\/\/havamall.vn\/en\/wp-json\/wp\/v2\/product_brand?post=15426"},{"taxonomy":"product_cat","embeddable":true,"href":"https:\/\/havamall.vn\/en\/wp-json\/wp\/v2\/product_cat?post=15426"},{"taxonomy":"product_tag","embeddable":true,"href":"https:\/\/havamall.vn\/en\/wp-json\/wp\/v2\/product_tag?post=15426"}],"curies":[{"name":"wp","href":"https:\/\/api.w.org\/{rel}","templated":true}]}}