{"id":15385,"date":"2020-07-22T16:07:02","date_gmt":"2020-07-22T09:07:02","guid":{"rendered":"https:\/\/havamall.vn\/?post_type=product&#038;p=15385"},"modified":"2021-09-10T10:33:59","modified_gmt":"2021-09-10T03:33:59","slug":"tao-va-dau-tay-say-gion-dja-25g-dja-strawberry-apple-mix-crisps","status":"publish","type":"product","link":"https:\/\/havamall.vn\/en\/shop\/tao-va-dau-tay-say-gion-dja-25g-dja-strawberry-apple-mix-crisps\/","title":{"rendered":"T\u00e1o V\u00e0 D\u00e2u T\u00e2y S\u1ea5y Gi\u00f2n DJ&amp;A 25g &#8211; DJ&amp;A Strawberry &amp; Apple Mix Crisps"},"content":{"rendered":"<p><span style=\"font-weight: 400\">T\u00e1o mix d\u00e2u t\u00e2y s\u1ea5y gi\u00f2n DJ&amp;A \u0111\u01b0\u1ee3c l\u00e0m t\u1eeb qu\u1ea3 t\u00e1o v\u00e0 d\u00e2u t\u00e2y thu\u1ea7n ch\u1ee7ng tr\u1ed3ng theo m\u00f4 h\u00ecnh s\u1ea1ch organic t\u1ea1i Australia.<\/span><\/p>\n<p><span style=\"font-weight: 400\">Nh\u1eefng qu\u1ea3 t\u00e1o v\u00e0 d\u00e2u \u0111\u01b0\u1ee3c ch\u1eaft l\u1ecdc r\u1ea5t k\u1ef9 v\u1ec1 ch\u1ea5t l\u01b0\u1ee3ng v\u00e0 k\u00edch c\u1ee1 v\u00e0 s\u1ea5y l\u1ea1nh b\u1eb1ng c\u00f4ng ngh\u1ec7 Freeze Dried DJ&amp;A.<\/span><\/p>\n<p><span style=\"font-weight: 400\">Freeze Dried Strawberries v\u1eabn gi\u1eef \u0111\u01b0\u1ee3c h\u00ecnh d\u1ea1ng, h\u01b0\u01a1ng v\u1ecb v\u00e0 \u0111\u1ed9 chua ng\u1ecdt v\u1eeba ph\u1ea3i c\u1ee7a qu\u1ea3 d\u00e2u t\u01b0\u01a1i.<\/span><\/p>\n<p><img decoding=\"async\" class=\"aligncenter\" src=\"https:\/\/havamall.vn\/wp-content\/uploads\/2020\/07\/BatlowProduct_752x752_AppleStrawberry-458x458.png\" alt=\"Products - Batlow Apples\" \/><\/p>\n<p><span style=\"font-weight: 400\">\u0110\u1ed9 gi\u00f2n c\u1ee7a qu\u1ea3 d\u00e2u v\u00e0 mi\u1ebfng t\u00e1o s\u1ea5y l\u1ea1nh DJ&amp;A gi\u00fap b\u1ea1n c\u1ea3m nh\u1eadn m\u00f3n \u0103n tuy\u1ec7t v\u1eddi n\u00e0y t\u01b0\u01a1ng t\u1ef1 nh\u01b0 Snack, ngon mi\u1ec7ng, gi\u00e0u d\u01b0\u1ee1ng ch\u1ea5t v\u00e0 t\u1ed1t cho s\u1ee9c kh\u1ecfe.<\/span><\/p>\n<ul>\n<li style=\"font-weight: 400\"><span style=\"font-weight: 400\">V\u1edbi c\u00f4ng ngh\u1ec7 s\u1ea5y l\u1ea1nh hi\u1ec7n \u0111\u1ea1i gi\u00fap gi\u1eef \u0111\u01b0\u1ee3c h\u00ecnh d\u1ea1ng, h\u01b0\u01a1ng v\u1ecb v\u00e0 \u0111\u1ed9 chua ng\u1ecdt v\u1eeba ph\u1ea3i c\u1ee7a tr\u00e1i c\u00e2y t\u01b0\u01a1i.<\/span><\/li>\n<li style=\"font-weight: 400\"><span style=\"font-weight: 400\">\u0110\u1ed9 gi\u00f2n c\u1ee7a tr\u00e1i c\u00e2y s\u1ea5y l\u1ea1nh DJ&amp;A gi\u00fap b\u1ea1n c\u1ea3m nh\u1eadn m\u00f3n \u0103n tuy\u1ec7t v\u1eddi n\u00e0y t\u01b0\u01a1ng t\u1ef1 nh\u01b0 Snack, ngon mi\u1ec7ng, gi\u00e0u d\u01b0\u1ee1ng ch\u1ea5t v\u00e0 t\u1ed1t cho s\u1ee9c kh\u1ecfe.<\/span><\/li>\n<li style=\"font-weight: 400\"><span style=\"font-weight: 400\">Kh\u00f4ng th\u00eam \u0111\u01b0\u1eddng<\/span><\/li>\n<li style=\"font-weight: 400\"><span style=\"font-weight: 400\">Kh\u00f4ng bi\u1ebfn \u0111\u1ed5i gen<\/span><\/li>\n<li style=\"font-weight: 400\"><span style=\"font-weight: 400\">Kh\u00f4ng Gluten<\/span><\/li>\n<li style=\"font-weight: 400\"><span style=\"font-weight: 400\">An to\u00e0n, d\u1ec5 s\u1eed d\u1ee5ng cho b\u00e9 \u0103n d\u1eb7m, ng\u01b0\u1eddi l\u1edbn, ng\u01b0\u1eddi \u0103n chay\u2026<\/span><\/li>\n<\/ul>\n<p><img decoding=\"async\" class=\"aligncenter\" src=\"https:\/\/havamall.vn\/wp-content\/uploads\/2020\/07\/1571806722-ewo.jpg\" alt=\"Vatgia.com: Mua h\u00e0ng online Gi\u00e1 \u01b0u \u0111\u00e3i t\u1eeb TOP Gian h\u00e0ng \u0110\u1ea3m b\u1ea3o Uy ...\" \/><\/p>\n<p><span style=\"font-weight: 400\">D\u00e2u t\u00e2y l\u00e0 m\u1ed9t lo\u1ea1i qu\u1ea3 \u0111\u1eb7c bi\u1ec7t c\u00f3 l\u1ee3i cho s\u1ee9c kh\u1ecfe con ng\u01b0\u1eddi, gi\u00e0u Vitamin C v\u00e0 l\u00e0 ngu\u1ed3n cung c\u1ea5p d\u1ed3i d\u00e0o c\u00e1c ch\u1ea5t Flavonoid gi\u00fap ch\u1ed1ng oxy h\u00f3a c\u1ef1c t\u1ed1t cho l\u00e0n da tr\u1ebb \u0111\u1eb9p v\u00e0 gi\u00fap c\u01a1 th\u1ec3 kh\u1ecfe m\u1ea1nh. C\u00f3 m\u00f9i th\u01a1m h\u1ea5p d\u1eabn c\u00f9ng v\u1ecb ng\u1ecdt l\u1eabn chua n\u00ean d\u00e2u t\u00e2y r\u1ea5t \u0111\u01b0\u1ee3c \u01b0a chu\u1ed9ng \u0111\u1ec3 l\u00e0m c\u00e1c m\u00f3n tr\u00e1ng mi\u1ec7ng, sinh t\u1ed1 d\u00e2 chua ng\u1ecdt t\u01b0\u01a1i m\u00e1t.<\/span><\/p>\n<p>T\u00e1o cung c\u1ea5p nhi\u1ec1u vitamin, kho\u00e1ng ch\u1ea5t, gi\u00fap duy tr\u00ec cholesterol \u1edf m\u1ee9c \u0111\u1ed9 t\u1ed1t cho s\u1ee9c kh\u1ecfe, ph\u00f9 h\u1ee3p trong ch\u1ebf \u0111\u1ed9 \u0103n c\u1ee7a ng\u01b0\u1eddi gi\u1ea3m c\u00e2n.<\/p>\n<p><span style=\"font-weight: 400\">T\u00e1o mix d\u00e2u t\u00e2y s\u1ea5y gi\u00f2n DJ&amp;A l\u00e0 s\u1ef1 k\u1ebft h\u1ee3p t\u1eeb v\u1ecb chua nh\u1eb9 c\u1ee7a d\u00e2u t\u00e2y v\u00e0 ng\u1ecdt thanh c\u1ee7a t\u00e1o, l\u00e0 l\u1ef1a ch\u1ecdn tuy\u1ec7t v\u1eddi cho c\u00e1c b\u1ea1n th\u00edch \u0103n v\u1eb7t.\u00a0<\/span><\/p>\n<p><img decoding=\"async\" class=\"aligncenter\" src=\"https:\/\/cf.shopee.vn\/file\/393e22e93e3a92e9c19b23c458aa5328\" alt=\"H\u00c0NG CH\u00cdNH H\u00c3NG] T\u00e1o V\u00e0 D\u00e2u T\u00e2y S\u1ea5y Gi\u00f2n DJ&amp;A 25gr | Shopee Vi\u1ec7t Nam\" \/><\/p>","protected":false},"excerpt":{"rendered":"<ul>\n<li style=\"font-weight: 400\"><span style=\"font-weight: 400\">V\u1edbi c\u00f4ng ngh\u1ec7 s\u1ea5y l\u1ea1nh hi\u1ec7n \u0111\u1ea1i gi\u00fap gi\u1eef \u0111\u01b0\u1ee3c h\u00ecnh d\u1ea1ng, h\u01b0\u01a1ng v\u1ecb v\u00e0 \u0111\u1ed9 chua ng\u1ecdt v\u1eeba ph\u1ea3i c\u1ee7a tr\u00e1i c\u00e2y t\u01b0\u01a1i.<\/span><\/li>\n<li style=\"font-weight: 400\"><span style=\"font-weight: 400\">\u0110\u1ed9 gi\u00f2n c\u1ee7a tr\u00e1i c\u00e2y s\u1ea5y l\u1ea1nh DJ&amp;A gi\u00fap b\u1ea1n c\u1ea3m nh\u1eadn m\u00f3n \u0103n tuy\u1ec7t v\u1eddi n\u00e0y t\u01b0\u01a1ng t\u1ef1 nh\u01b0 Snack, ngon mi\u1ec7ng, gi\u00e0u d\u01b0\u1ee1ng ch\u1ea5t v\u00e0 t\u1ed1t cho s\u1ee9c kh\u1ecfe.<\/span><\/li>\n<li style=\"font-weight: 400\"><span style=\"font-weight: 400\">Kh\u00f4ng th\u00eam \u0111\u01b0\u1eddng<\/span><\/li>\n<li style=\"font-weight: 400\"><span style=\"font-weight: 400\">Kh\u00f4ng bi\u1ebfn \u0111\u1ed5i gen<\/span><\/li>\n<li style=\"font-weight: 400\"><span style=\"font-weight: 400\">Kh\u00f4ng Gluten<\/span><\/li>\n<li style=\"font-weight: 400\"><span style=\"font-weight: 400\">An to\u00e0n, d\u1ec5 s\u1eed d\u1ee5ng cho b\u00e9 \u0103n d\u1eb7m, ng\u01b0\u1eddi l\u1edbn, ng\u01b0\u1eddi \u0103n chay\u2026<\/span><\/li>\n<\/ul>","protected":false},"featured_media":18289,"comment_status":"open","ping_status":"closed","template":"","meta":[],"product_brand":[],"product_cat":[36,134],"product_tag":[],"class_list":{"0":"post-15385","1":"product","2":"type-product","3":"status-publish","4":"has-post-thumbnail","6":"product_cat-thuc-pham-tieu-dung","7":"product_cat-thucpham-saykho","8":"pa_brand-dja","10":"first","11":"outofstock","12":"sale","13":"shipping-taxable","14":"purchasable","15":"product-type-simple"},"_links":{"self":[{"href":"https:\/\/havamall.vn\/en\/wp-json\/wp\/v2\/product\/15385"}],"collection":[{"href":"https:\/\/havamall.vn\/en\/wp-json\/wp\/v2\/product"}],"about":[{"href":"https:\/\/havamall.vn\/en\/wp-json\/wp\/v2\/types\/product"}],"replies":[{"embeddable":true,"href":"https:\/\/havamall.vn\/en\/wp-json\/wp\/v2\/comments?post=15385"}],"version-history":[{"count":0,"href":"https:\/\/havamall.vn\/en\/wp-json\/wp\/v2\/product\/15385\/revisions"}],"wp:featuredmedia":[{"embeddable":true,"href":"https:\/\/havamall.vn\/en\/wp-json\/wp\/v2\/media\/18289"}],"wp:attachment":[{"href":"https:\/\/havamall.vn\/en\/wp-json\/wp\/v2\/media?parent=15385"}],"wp:term":[{"taxonomy":"product_brand","embeddable":true,"href":"https:\/\/havamall.vn\/en\/wp-json\/wp\/v2\/product_brand?post=15385"},{"taxonomy":"product_cat","embeddable":true,"href":"https:\/\/havamall.vn\/en\/wp-json\/wp\/v2\/product_cat?post=15385"},{"taxonomy":"product_tag","embeddable":true,"href":"https:\/\/havamall.vn\/en\/wp-json\/wp\/v2\/product_tag?post=15385"}],"curies":[{"name":"wp","href":"https:\/\/api.w.org\/{rel}","templated":true}]}}