{"id":15381,"date":"2020-07-22T14:17:10","date_gmt":"2020-07-22T07:17:10","guid":{"rendered":"https:\/\/havamall.vn\/?post_type=product&#038;p=15381"},"modified":"2021-09-10T10:33:54","modified_gmt":"2021-09-10T03:33:54","slug":"dau-tay-say-dja-25g-dja-crispy-whole-strawberries-25g","status":"publish","type":"product","link":"https:\/\/havamall.vn\/en\/shop\/dau-tay-say-dja-25g-dja-crispy-whole-strawberries-25g\/","title":{"rendered":"D\u00e2u T\u00e2y S\u1ea5y DJ&amp;A 25g &#8211; DJ&amp;A Crispy Whole Strawberries 25g"},"content":{"rendered":"<p><span style=\"font-weight: 400\">D\u00e2u t\u00e2y l\u00e0 m\u1ed9t lo\u1ea1i qu\u1ea3 \u0111\u1eb7c bi\u1ec7t c\u00f3 l\u1ee3i cho s\u1ee9c kh\u1ecfe con ng\u01b0\u1eddi, gi\u00e0u Vitamin C v\u00e0 l\u00e0 ngu\u1ed3n cung c\u1ea5p d\u1ed3i d\u00e0o c\u00e1c ch\u1ea5t Flavonoid gi\u00fap ch\u1ed1ng oxy h\u00f3a c\u1ef1c t\u1ed1t cho l\u00e0n da tr\u1ebb \u0111\u1eb9p v\u00e0 gi\u00fap c\u01a1 th\u1ec3 kh\u1ecfe m\u1ea1nh. C\u00f3 m\u00f9i th\u01a1m h\u1ea5p d\u1eabn c\u00f9ng v\u1ecb ng\u1ecdt l\u1eabn chua n\u00ean d\u00e2u t\u00e2y r\u1ea5t \u0111\u01b0\u1ee3c \u01b0a chu\u1ed9ng \u0111\u1ec3 l\u00e0m c\u00e1c m\u00f3n tr\u00e1ng mi\u1ec7ng, sinh t\u1ed1 d\u00e2u chua ng\u1ecdt t\u01b0\u01a1i m\u00e1t.<\/span><\/p>\n<p><span style=\"font-weight: 400\">D\u00e2u t\u00e2y c\u1ee7a Australia gi\u00e0u d\u01b0\u1ee1ng ch\u1ea5t \u0111\u01b0\u1ee3c tr\u1ed3ng theo m\u00f4 h\u00ecnh organic<\/span><\/p>\n<p><span style=\"font-weight: 400\">Tuy nhi\u00ean, d\u00e2u t\u00e2y l\u00e0 lo\u1ea1i tr\u00e1i c\u00e2y r\u1ea5t kh\u00f3 b\u1ea3o qu\u1ea3n, lo\u1ea1i qu\u1ea3 n\u00e0y nhanh h\u00e9o, d\u1ec5 d\u1eadp th\u1ed1i ch\u1ec9 sau 01 ng\u00e0y thu ho\u1ea1ch. L\u01b0u tr\u1eef d\u00e2u t\u00e2y trong t\u1ee7 l\u1ea1nh c\u0169ng ch\u1ec9 t\u1ed1i \u0111a \u0111\u01b0\u1ee3c 3 ng\u00e0y, n\u00ean ngo\u00e0i \u0103n t\u01b0\u01a1i, l\u00e0m m\u1ee9t, \u1edf Australia d\u00e2u t\u00e2y \u0111\u01b0\u1ee3c s\u1ea5y l\u1ea1nh b\u1eb1ng c\u00f4ng ngh\u1ec7 Freeze Dried DJ&amp;A \u0111\u1ec3 c\u00f3 th\u1ec3 b\u1ea3o qu\u1ea3n lo\u1ea1i qu\u1ea3 n\u00e0y l\u00e2u h\u01a1n, gi\u1eef tr\u1ecdn v\u1eb9n h\u00e0m l\u01b0\u1ee3ng dinh d\u01b0\u1ee1ng c\u00f3 trong qu\u1ea3 v\u00e0 v\u1eadn chuy\u1ec3n khi \u0111\u01b0\u1eddng xa.<\/span><\/p>\n<p><img fetchpriority=\"high\" decoding=\"async\" class=\"aligncenter\" src=\"https:\/\/havamall.vn\/wp-content\/uploads\/2020\/07\/201702111222_nhat_ban_hai_le_hoi.4.jpg\" alt=\"Nh\u1eadt B\u1ea3n] \u201cS\u0103n\u201d d\u00e2u t\u00e2y \u1edf v\u01b0\u01a1ng qu\u1ed1c tr\u00e1i c\u00e2y Ibaraki - Kh\u00e1m Ph\u00e1 ...\" width=\"794\" height=\"529\" \/><\/p>\n<p><span style=\"font-weight: 400\">\u0110\u01b0\u1ee3c l\u00e0m t\u1eeb qu\u1ea3 d\u00e2u t\u00e2y thu\u1ea7n ch\u1ee7ng tr\u1ed3ng theo m\u00f4 h\u00ecnh s\u1ea1ch organic t\u1ea1i Australia. Nh\u1eefng qu\u1ea3 d\u00e2u \u0111\u01b0\u1ee3c ch\u1eaft l\u1ecdc r\u1ea5t k\u1ef9 v\u1ec1 ch\u1ea5t l\u01b0\u1ee3ng v\u00e0 k\u00edch c\u1ee1\u00a0 v\u00e0 s\u1ea5y l\u1ea1nh kh\u00f4 b\u1eb1ng c\u00f4ng ngh\u1ec7 Freeze Dried DJ&amp;A. Freeze Dried Strawberries v\u1eabn gi\u1eef \u0111\u01b0\u1ee3c h\u00ecnh d\u1ea1ng,\u00a0 h\u01b0\u01a1ng v\u1ecb v\u00e0 \u0111\u1ed9 chua ng\u1ecdt v\u1eeba ph\u1ea3i c\u1ee7a qu\u1ea3 d\u00e2u t\u01b0\u01a1i. \u0110\u1ed9 gi\u00f2n c\u1ee7a qu\u1ea3 d\u00e2u s\u1ea5y l\u1ea1nh DJ&amp;A gi\u00fap b\u1ea1n c\u1ea3m nh\u1eadn m\u00f3n \u0103n tuy\u1ec7t v\u1eddi n\u00e0y t\u01b0\u01a1ng t\u1ef1 nh\u01b0 snack, ngon mi\u1ec7ng, gi\u00e0u d\u01b0\u1ee1ng ch\u1ea5t v\u00e0 t\u1ed1t cho s\u1ee9c kh\u1ecfe.<\/span><\/p>\n<p><span style=\"font-weight: 400\">T\u1ea1i khu v\u01b0\u1eddn tr\u1ed3ng d\u00e2u t\u00e2y s\u1ea1ch l\u1edbn nh\u1ea5t t\u1ea1i Australia, d\u00e2u t\u00e2y \u0111\u01b0\u1ee3c thu h\u00e1i \u0111\u00fang th\u1eddi \u0111i\u1ec3m v\u00ec n\u1ebfu d\u00e2u t\u00e2y gi\u00e0 s\u1ebd c\u00f3 th\u1ec3 b\u1ecb kh\u00f4 v\u00e0 r\u1ed7ng ru\u1ed9t. Nh\u1eefng tr\u00e1i D\u00e2u t\u00e2y m\u1ecdng \u0111\u1ecf, v\u1eabn c\u00f2n nguy\u00ean cu\u1ed1ng v\u00e0 \u0111\u00e0i xanh t\u01b0\u01a1i ngon sau khi \u0111\u01b0\u1ee3c l\u1ef1a ch\u1ecdn k\u1ef9 l\u01b0\u1ee1ng, s\u1ebd \u0111\u01b0\u1ee3c m\u00e1y r\u1eeda s\u1ea1ch b\u1ee5i b\u1ea9n, sau \u0111\u00f3 \u0111\u01b0\u1ee3c \u0111em v\u00e0o c\u00e1c m\u00e1y s\u1ea5y l\u1ea1nh c\u00f4ng su\u1ea5t l\u1edbn theo quy tr\u00ecnh kh\u00e9p k\u00edn, \u0111\u1ea3m b\u1ea3o an to\u00e0n th\u1ef1c ph\u1ea9m tuy\u1ec7t \u0111\u1ed1i khi \u0111\u1ebfn tay th\u1ef1c kh\u00e1ch.<\/span><\/p>\n<h1><strong>\u0110\u1eb7c \u0111i\u1ec3m n\u1ed5i b\u1eadt c\u1ee7a s\u1ea3n ph\u1ea9m<\/strong><\/h1>\n<p><span style=\"font-weight: 400\">D\u00e2u t\u00e2y s\u1ea5y gi\u00f2n DJ&amp;A \u0111\u01b0\u1ee3c l\u00e0m t\u1eeb qu\u1ea3 d\u00e2u t\u00e2y thu\u1ea7n ch\u1ee7ng tr\u1ed3ng theo m\u00f4 h\u00ecnh s\u1ea1ch organic t\u1ea1i Australia.<\/span><\/p>\n<p><span style=\"font-weight: 400\">Nh\u1eefng qu\u1ea3 d\u00e2u \u0111\u01b0\u1ee3c ch\u1eaft l\u1ecdc r\u1ea5t k\u1ef9 v\u1ec1 ch\u1ea5t l\u01b0\u1ee3ng v\u00e0 k\u00edch c\u1ee1 v\u00e0 s\u1ea5y l\u1ea1nh b\u1eb1ng c\u00f4ng ngh\u1ec7 Freeze Dried DJ&amp;A.<\/span><\/p>\n<p><span style=\"font-weight: 400\">Freeze Dried Strawberries v\u1eabn gi\u1eef \u0111\u01b0\u1ee3c h\u00ecnh d\u1ea1ng, h\u01b0\u01a1ng v\u1ecb v\u00e0 \u0111\u1ed9 chua ng\u1ecdt v\u1eeba ph\u1ea3i c\u1ee7a qu\u1ea3 d\u00e2u t\u01b0\u01a1i.<\/span><\/p>\n<p><img decoding=\"async\" class=\"aligncenter\" src=\"https:\/\/cf.shopee.vn\/file\/15ed93693146ba9026e1e3556857daa6\" alt=\"D\u00e2u T\u00e2y \u00dac S\u1ea5y Gi\u00f2n DJ&amp;A | Shopee Vi\u1ec7t Nam\" \/><\/p>\n<p><span style=\"font-weight: 400\">\u0110\u1ed9 gi\u00f2n c\u1ee7a qu\u1ea3 d\u00e2u s\u1ea5y l\u1ea1nh DJ&amp;A gi\u00fap b\u1ea1n c\u1ea3m nh\u1eadn m\u00f3n \u0103n tuy\u1ec7t v\u1eddi n\u00e0y t\u01b0\u01a1ng t\u1ef1 nh\u01b0 Snack, ngon mi\u1ec7ng, gi\u00e0u d\u01b0\u1ee1ng ch\u1ea5t v\u00e0 t\u1ed1t cho s\u1ee9c kh\u1ecfe.<\/span><\/p>\n<ul>\n<li style=\"font-weight: 400\"><span style=\"font-weight: 400\">V\u1edbi c\u00f4ng ngh\u1ec7 s\u1ea5y l\u1ea1nh hi\u1ec7n \u0111\u1ea1i gi\u00fap d\u00e2u v\u1eabn gi\u1eef \u0111\u01b0\u1ee3c h\u00ecnh d\u1ea1ng, h\u01b0\u01a1ng v\u1ecb v\u00e0 \u0111\u1ed9 chua ng\u1ecdt v\u1eeba ph\u1ea3i c\u1ee7a qu\u1ea3 d\u00e2u t\u01b0\u01a1i.<\/span><\/li>\n<li style=\"font-weight: 400\"><span style=\"font-weight: 400\">\u0110\u1ed9 gi\u00f2n c\u1ee7a qu\u1ea3 d\u00e2u s\u1ea5y l\u1ea1nh DJ&amp;A gi\u00fap b\u1ea1n c\u1ea3m nh\u1eadn m\u00f3n \u0103n tuy\u1ec7t v\u1eddi n\u00e0y t\u01b0\u01a1ng t\u1ef1 nh\u01b0 Snack, ngon mi\u1ec7ng, gi\u00e0u d\u01b0\u1ee1ng ch\u1ea5t v\u00e0 t\u1ed1t cho s\u1ee9c kh\u1ecfe.<\/span><\/li>\n<li style=\"font-weight: 400\"><span style=\"font-weight: 400\">Kh\u00f4ng th\u00eam \u0111\u01b0\u1eddng<\/span><\/li>\n<li style=\"font-weight: 400\"><span style=\"font-weight: 400\">Kh\u00f4ng bi\u1ebfn \u0111\u1ed5i gen<\/span><\/li>\n<li style=\"font-weight: 400\"><span style=\"font-weight: 400\">Kh\u00f4ng Gluten<\/span><\/li>\n<li style=\"font-weight: 400\"><span style=\"font-weight: 400\">An to\u00e0n, d\u1ec5 s\u1eed d\u1ee5ng cho b\u00e9 \u0103n d\u1eb7m, ng\u01b0\u1eddi l\u1edbn, ng\u01b0\u1eddi \u0103n chay\u2026<\/span><\/li>\n<\/ul>\n<p><span style=\"font-weight: 400\">C\u1ea7m tr\u00ean tay tr\u00e1i d\u00e2u s\u1ea5y \u0111\u1ecf h\u1ed3ng b\u1eaft m\u1eaft \u0111\u00e3 ng\u1eedi th\u1ea5y ngay h\u01b0\u01a1ng th\u01a1m quy\u1ebfn r\u0169 c\u1ee7a d\u00e2u t\u00e2y, \u0111\u01b0a v\u00e0o mi\u1ec7ng c\u1eafn nh\u1eb9 b\u1ea1n s\u1ebd c\u1ea3m nh\u1eadn ngay \u00e2m thanh gi\u00f2n x\u1ed1p r\u1ea5t th\u00fa v\u1ecb nh\u01b0 \u0111ang \u0103n snack, sau \u0111\u00f3 mi\u1ebfng d\u00e2u t\u00e2y tan d\u1ea7n trong mi\u1ec7ng chua ng\u1ecdt kh\u00f3 c\u01b0\u1ee1ng. \u0110\u1eb7c bi\u1ec7t m\u00f3n \u0103n c\u00e0ng \u0103n c\u00e0ng ghi\u1ec1n n\u00e0y kh\u00f4ng g\u00e2y t\u0103ng c\u00e2n, mang l\u1ea1i nhi\u1ec1u l\u1ee3i \u00edch cho s\u1ee9c kh\u1ecfe t\u1eeb tr\u1ebb nh\u1ecf cho \u0111\u1ebfn ng\u01b0\u1eddi gi\u00e0.\u00a0<\/span><\/p>\n<p><span style=\"font-weight: 400\">N\u1ebfu b\u1ea1n l\u00e0 t\u00edn \u0111\u1ed3 y\u00eau th\u00edch d\u00e2u t\u00e2y hay ch\u1ec9 \u0111\u01a1n gi\u1ea3n l\u00e0 b\u1ea1n th\u00edch nh\u1ea5m nh\u00e1p nh\u1eefng m\u00f3n chua chua ng\u1ecdt ng\u1ecdt th\u00ec \u0111\u00e2y ch\u00ednh l\u00e0 s\u1ef1 l\u1ef1a ch\u1ecdn tuy\u1ec7t v\u1eddi d\u00e0nh cho b\u1ea1n, b\u1ea1n s\u1ebd kh\u00f4ng c\u1ea7n ph\u1ea3i qua Australia m\u1edbi c\u00f3 th\u1ec3 mua th\u01b0\u1edfng th\u1ee9c m\u00f3n \u0103n th\u00fa v\u1ecb n\u00e0y.\u00a0<\/span><\/p>\n<p><img decoding=\"async\" class=\"aligncenter\" src=\"https:\/\/havamall.vn\/wp-content\/uploads\/2020\/07\/956d1e14cce1cbc12fb150250337dd48.jpg\" alt=\"D\u00e2u t\u00e2y s\u1ea5y gi\u00f2n DJ&amp;A Fruity Crips Strawberries g\u00f3i 25gr | Lazada.vn\" width=\"799\" height=\"799\" \/><\/p>\n<p><span style=\"font-weight: 400\">\u0110\u1eb7c bi\u1ec7t, Freeze Dried Strawberries &#8211; D\u00e2u t\u00e2y s\u1ea5y gi\u00f2n DJ&amp;A ch\u1eafc ch\u1eafn s\u1ebd l\u00e0 m\u00f3n qu\u00e0 \u00fd ngh\u0129a, thi\u1ebft th\u1ef1c \u0111\u1ec3 b\u1ea1n g\u1eedi t\u1eb7ng \u0111\u1ebfn nh\u1eefng ng\u01b0\u1eddi th\u00e2n y\u00eau, b\u1ea1n b\u00e8 v\u00e0 \u0111\u1ed3ng nghi\u1ec7p:\u00a0<\/span><\/p>\n<ul>\n<li><span style=\"font-weight: 400\">Th\u00e0nh ph\u1ea7n: 100% d\u00e2u t\u00e2y Australia organic \u0111\u00e3 qua tuy\u1ec3n ch\u1ecdn.<\/span><\/li>\n<li><span style=\"font-weight: 400\">H\u01b0\u1edbng d\u1eabn s\u1eed d\u1ee5ng v\u00e0 c\u00e1ch b\u1ea3o qu\u1ea3n:<\/span><\/li>\n<li><span style=\"font-weight: 400\">H\u01b0\u1edbng d\u1eabn s\u1eed d\u1ee5ng: \u0102n tr\u1ef1c ti\u1ebfp, l\u00e0m m\u00f3n \u0103n t\u00f9y th\u00edch.<\/span><\/li>\n<li><span style=\"font-weight: 400\">\u0110\u1ed1i t\u01b0\u1ee3ng s\u1eed d\u1ee5ng: Ph\u00f9 h\u1ee3p v\u1edbi m\u1ecdi l\u1ee9a tu\u1ed5i.<\/span><\/li>\n<li><span style=\"font-weight: 400\">Quy c\u00e1ch: t\u00fai 25 gram<\/span><\/li>\n<li><span style=\"font-weight: 400\">Xu\u1ea5t x\u1ee9: DJ&amp;A &#8211; \u00dac<\/span><\/li>\n<li><span style=\"font-weight: 400\">B\u1ea3o qu\u1ea3n: \u0110\u1ec3 n\u01a1i kh\u00f4 r\u00e1o, tr\u00e1nh \u00e1nh n\u1eafng tr\u1ef1c ti\u1ebfp.<\/span><\/li>\n<\/ul>\n<h3><strong>Nh\u1eefng l\u1ee3i \u00edch c\u1ee7a tr\u00e1i d\u00e2u t\u00e2y<\/strong><\/h3>\n<ul>\n<li><span style=\"font-weight: 400\">Cung c\u1ea5p vitamin C tuy\u1ec7t v\u1eddi c\u00f3 kh\u1ea3 n\u0103ng t\u0103ng c\u01b0\u1eddng mi\u1ec5n d\u1ecbch \u0111\u1ed3ng th\u1eddi c\u00f2n l\u00e0 m\u1ed9t ch\u1ea5t ch\u1ed1ng oxy h\u00f3a m\u1ea1nh m\u1ebd.\u00a0<\/span><\/li>\n<li><span style=\"font-weight: 400\">Gi\u00fap ng\u0103n ng\u1eeba b\u1ec7nh \u0111\u1ee5c th\u1ee7y tinh th\u1ec3. B\u1ed5 vitamin C \u0111\u1ec3 b\u1ea3o v\u1ec7 m\u1eaft kh\u00f4ng ti\u1ebfp x\u00fac v\u1edbi c\u00e1c g\u1ed1c t\u1ef1 do t\u1eeb nh\u1eefng tia t\u1eed ngo\u1ea1i gay g\u1eaft c\u1ee7a m\u1eb7t tr\u1eddi, t\u0103ng c\u01b0\u1eddng s\u1ef1 kh\u1ecfe m\u1ea1nh cho gi\u00e1c m\u1ea1c v\u00e0 v\u00f5ng m\u1ea1c c\u1ee7a m\u1eaft.<\/span><\/li>\n<li><span style=\"font-weight: 400\">Axit ellagic c\u00f3 trong qu\u1ea3 d\u00e2u t\u00e2y s\u1ea5y gi\u00f2n DJ&amp;A \u0111\u00e3 \u0111\u01b0\u1ee3c ch\u1ee9ng minh l\u00e0 c\u00f3 c\u00f4ng d\u1ee5ng ch\u1ed1ng ung th\u01b0 b\u1eb1ng c\u00e1ch ch\u1ebf ng\u1ef1 s\u1ef1 ph\u00e1t tri\u1ec3n c\u00e1c t\u1ebf b\u00e0o ung th\u01b0.<\/span><\/li>\n<li><span style=\"font-weight: 400\">T\u0103ng s\u1ee9c \u0111\u1ec1 kh\u00e1ng b\u1ea3o v\u1ec7 c\u01a1 th\u1ec3 tr\u01b0\u1edbc c\u00e1c t\u00e1c nh\u00e2n g\u00e2y b\u1ec7nh.\u00a0<\/span><\/li>\n<li><span style=\"font-weight: 400\">Gi\u00fap s\u1ea3n sinh ra collagen, c\u1ea3i thi\u1ec7n \u0111\u1ed9 \u0111\u00e0n h\u1ed3i c\u1ee7a da v\u00e0 ng\u0103n ng\u1eeba n\u1ebfp nh\u0103n, ch\u1ed1ng l\u00e3o h\u00f3a.<\/span><\/li>\n<li><span style=\"font-weight: 400\">\u0110\u00e1nh b\u1ea1i cholesterol c\u00f3 h\u1ea1i h\u1ed7 tr\u1ee3 m\u1ea1nh m\u1ebd cho s\u1ee9c kh\u1ecfe c\u1ee7a tim, h\u1ea1 th\u1ea5p l\u01b0\u1ee3ng m\u1ee1 trong m\u00e1u, ng\u0103n ng\u1eeba b\u1ec7nh ti\u1ec3u \u0111\u01b0\u1eddng.<\/span><\/li>\n<\/ul>\n<p><img decoding=\"async\" class=\"aligncenter\" src=\"https:\/\/havamall.vn\/wp-content\/uploads\/2020\/07\/l\u00e0m-\u0111\u1eb9p-b\u1eb1ng-d\u00e2u-t\u00e2y-1.jpg\" alt=\"4 c\u00e1ch l\u00e0m \u0111\u1eb9p b\u1eb1ng d\u00e2u t\u00e2y t\u1ea1i nh\u00e0 c\u1ef1c hi\u1ec7u qu\u1ea3 | \u0110\u1eb9p365\" width=\"791\" height=\"565\" \/><\/p>\n<ul>\n<li><span style=\"font-weight: 400\">H\u1ea1n ch\u1ebf c\u00e1c b\u1ec7nh vi\u00eam nhi\u1ec5m v\u00e0 \u0111au kh\u1edbp.<\/span><\/li>\n<li><span style=\"font-weight: 400\">Th\u00e0nh ph\u1ea7n kali c\u00f3 trong d\u00e2u t\u00e2y s\u1ea5y gi\u00f2n gi\u00fap \u1ed5n \u0111\u1ecbnh huy\u1ebft \u00e1p hi\u1ec7u qu\u1ea3.<\/span><\/li>\n<li><span style=\"font-weight: 400\">T\u0103ng c\u01b0\u1eddng ch\u1ea5t x\u01a1 h\u1ed7 tr\u1ee3 h\u1ec7 ti\u00eau h\u00f3a kh\u1ecfe m\u1ea1nh, h\u1ea1n ch\u1ebf t\u00ecnh tr\u1ea1ng t\u00e1o b\u00f3n v\u00e0 b\u1ec7nh vi\u00eam t\u00fai th\u1eeba \u1edf ng\u01b0\u1eddi gi\u00e0 tr\u00ean 60 tu\u1ed5i.<\/span><\/li>\n<li><span style=\"font-weight: 400\">D\u00e2u t\u00e2y v\u1ed1n ch\u1ee9a l\u01b0\u1ee3ng calo r\u1ea5t th\u1ea5p, kh\u00f4ng c\u00f3 ch\u1ea5t b\u00e9o, l\u1ea1i ch\u1ee9a \u00edt natri gi\u00fap ki\u1ec3m so\u00e1t c\u00e2n n\u1eb7ng.<\/span><\/li>\n<li><span style=\"font-weight: 400\">H\u1ed7 tr\u1ee3 cho s\u1ee9c kh\u1ecfe ti\u1ec1n sinh s\u1ea3n: Folate l\u00e0 m\u1ed9t vitamin nh\u00f3m B r\u1ea5t c\u1ea7n thi\u1ebft cho nh\u1eefng ph\u1ee5 n\u1eef \u0111ang mang thai ho\u1eb7c \u0111ang c\u1ed1 g\u1eafng th\u1ee5 thai.\u00a0<\/span><\/li>\n<\/ul>","protected":false},"excerpt":{"rendered":"<ul>\n<li><span style=\"font-weight: 400\">Th\u00e0nh ph\u1ea7n: 100% d\u00e2u t\u00e2y Australia organic \u0111\u00e3 qua tuy\u1ec3n ch\u1ecdn.<\/span><\/li>\n<li><span style=\"font-weight: 400\">H\u01b0\u1edbng d\u1eabn s\u1eed d\u1ee5ng v\u00e0 c\u00e1ch b\u1ea3o qu\u1ea3n:<\/span><\/li>\n<li><span style=\"font-weight: 400\">H\u01b0\u1edbng d\u1eabn s\u1eed d\u1ee5ng: \u0102n tr\u1ef1c ti\u1ebfp, l\u00e0m m\u00f3n \u0103n t\u00f9y th\u00edch.<\/span><\/li>\n<li><span style=\"font-weight: 400\">\u0110\u1ed1i t\u01b0\u1ee3ng s\u1eed d\u1ee5ng: Ph\u00f9 h\u1ee3p v\u1edbi m\u1ecdi l\u1ee9a tu\u1ed5i.<\/span><\/li>\n<li><span style=\"font-weight: 400\">Quy c\u00e1ch: t\u00fai 25 gram<\/span><\/li>\n<li><span style=\"font-weight: 400\">Xu\u1ea5t x\u1ee9: DJ&amp;A &#8211; \u00dac<\/span><\/li>\n<li><span style=\"font-weight: 400\">B\u1ea3o qu\u1ea3n: \u0110\u1ec3 n\u01a1i kh\u00f4 r\u00e1o, tr\u00e1nh \u00e1nh n\u1eafng tr\u1ef1c ti\u1ebfp.<\/span><\/li>\n<\/ul>","protected":false},"featured_media":18267,"comment_status":"open","ping_status":"closed","template":"","meta":[],"product_brand":[],"product_cat":[36,134],"product_tag":[],"class_list":{"0":"post-15381","1":"product","2":"type-product","3":"status-publish","4":"has-post-thumbnail","6":"product_cat-thuc-pham-tieu-dung","7":"product_cat-thucpham-saykho","8":"pa_brand-dja","10":"first","11":"outofstock","12":"sale","13":"shipping-taxable","14":"purchasable","15":"product-type-simple"},"_links":{"self":[{"href":"https:\/\/havamall.vn\/en\/wp-json\/wp\/v2\/product\/15381"}],"collection":[{"href":"https:\/\/havamall.vn\/en\/wp-json\/wp\/v2\/product"}],"about":[{"href":"https:\/\/havamall.vn\/en\/wp-json\/wp\/v2\/types\/product"}],"replies":[{"embeddable":true,"href":"https:\/\/havamall.vn\/en\/wp-json\/wp\/v2\/comments?post=15381"}],"version-history":[{"count":0,"href":"https:\/\/havamall.vn\/en\/wp-json\/wp\/v2\/product\/15381\/revisions"}],"wp:featuredmedia":[{"embeddable":true,"href":"https:\/\/havamall.vn\/en\/wp-json\/wp\/v2\/media\/18267"}],"wp:attachment":[{"href":"https:\/\/havamall.vn\/en\/wp-json\/wp\/v2\/media?parent=15381"}],"wp:term":[{"taxonomy":"product_brand","embeddable":true,"href":"https:\/\/havamall.vn\/en\/wp-json\/wp\/v2\/product_brand?post=15381"},{"taxonomy":"product_cat","embeddable":true,"href":"https:\/\/havamall.vn\/en\/wp-json\/wp\/v2\/product_cat?post=15381"},{"taxonomy":"product_tag","embeddable":true,"href":"https:\/\/havamall.vn\/en\/wp-json\/wp\/v2\/product_tag?post=15381"}],"curies":[{"name":"wp","href":"https:\/\/api.w.org\/{rel}","templated":true}]}}