{"id":15310,"date":"2020-07-20T16:41:43","date_gmt":"2020-07-20T09:41:43","guid":{"rendered":"https:\/\/havamall.vn\/?post_type=product&#038;p=15310"},"modified":"2021-08-17T19:28:53","modified_gmt":"2021-08-17T12:28:53","slug":"15310","status":"publish","type":"product","link":"https:\/\/havamall.vn\/en\/shop\/15310\/","title":{"rendered":"\u0110\u00e0o Ng\u00e2m N\u01b0\u1edbc \u0110\u01b0\u1eddng Baan Mai 820g &#8211; Baan Mai Peach In Light Syrup 820g"},"content":{"rendered":"<p><strong>\u0110\u00e0o ng\u00e2m \u0111\u00f3ng h\u1ed9p Baan Mai<\/strong>\u00a0\u0111\u01b0\u1ee3c l\u00e0m t\u1eeb \u0111\u00e0o t\u01b0\u01a1i, ch\u1ecdn l\u1ef1a k\u1ef9 c\u00e0ng t\u1eeb c\u00e1c n\u00f4ng tr\u1ea1i, c\u00f2n k\u1ebft h\u1ee3p c\u00f9ng v\u1edbi c\u00e1c lo\u1ea1i gia v\u1ecb h\u1ea3o h\u1ea1ng. Xu\u1ea5t x\u1ee9 Vi\u1ec7t Nam th\u1ebf nh\u01b0ng v\u1edbi v\u1ecb \u0111\u00e0o gi\u00f2n, m\u00e0u v\u00e0ng s\u1eadm \u0111\u1eb9p m\u1eaft gi\u00fap n\u00f3 kh\u00f4ng lu m\u1edd tr\u01b0\u1edbc c\u00e1c th\u01b0\u01a1ng hi\u1ec7u \u0111\u00e0o n\u01b0\u1edbc ngo\u00e0i.\u00a0Ch\u1ea5t l\u01b0\u1ee3ng c\u1ee7a \u0111\u00e0o ng\u00e2m Baan Mai \u0111\u1ed3ng nh\u1ea5t, v\u1edbi h\u00ecnh d\u1ea1ng, m\u00e0u s\u1eafc \u0111\u1ed9 gi\u00f2n c\u1ee7a c\u00e1c h\u1ed9p \u0111\u00e0o trong 1 th\u00f9ng v\u00e0 \u0111\u1ed9 gi\u00f2n c\u1ee7a c\u00e1c mi\u1ebfng \u0111\u00e0o trong lon \u0111\u1ed3ng \u0111\u1ec1u gi\u1ed1ng nhau. Ch\u00ednh v\u00ec th\u1ebf, d\u00f9 \u0111\u00e2y l\u00e0 d\u00f2ng \u0111\u00e0o m\u1edbi gia nh\u1eadp th\u1ecb tr\u01b0\u1eddng \u0111\u00e0o ng\u00e2m nh\u01b0ng \u0110\u00e0o Ng\u00e2m Baan Mai \u0111\u00e3 tr\u1edf n\u00ean th\u00e2n thu\u1ed9c v\u1edbi c\u00e1c qu\u00e1n\u00a0tr\u00e0 \u0111\u00e0o\u00a0nh\u1ecf, l\u1edbn.<\/p>\n<p><img decoding=\"async\" class=\"aligncenter\" src=\"https:\/\/havamall.vn\/wp-content\/uploads\/2020\/07\/peaches-peeled-stages.jpg\" alt=\"Peeling Peaches | Blog \u00bb grosvenormarket.com\" \/><\/p>\n<h1><strong>\u0110\u1eb7c \u0111i\u1ec3m th\u01b0\u01a1ng hi\u1ec7u<\/strong><\/h1>\n<p><strong>Baan Mai<\/strong> l\u00e0 th\u01b0\u01a1ng hi\u1ec7u h\u00e0ng Vi\u1ec7t Nam ch\u1ea5t l\u01b0\u1ee3ng cao, v\u1edbi c\u00e1c m\u1eb7t h\u00e0ng thu\u1ed9c c\u00e2y nh\u00e0 l\u00e1 v\u01b0\u1eddn, v\u1edbi quy tr\u00ecnh gieo tr\u00f4ng v\u00e0 ch\u0103m s\u00f3c ch\u00ednh b\u1edfi ng\u01b0\u1eddi n\u00f4ng d\u00e2n ch\u1ea5t ph\u00e1c Vi\u1ec7t Nam, h\u1ecdc h\u1ecfi c\u00e1c k\u0129 thu\u1eadt t\u1eeb c\u00e1c n\u01b0\u1edbc ph\u00e1t tri\u1ec3n. Baan Mai cam k\u1ebft c\u00e1c s\u1ea3n ph\u1ea9m tr\u00e1i c\u00e2y \u0111\u00f3ng h\u1ed9p \u0111\u1ec1u kh\u00f4ng ch\u1ee9a ch\u1ea5t \u0111\u1ed9c h\u1ea1i, kh\u00f4ng ch\u1ee9a h\u00f3a ch\u1ea5t k\u00edch th\u00edch t\u0103ng tr\u01b0\u1edfng, \u0111em \u0111\u1ebfn cho qu\u00fd kh\u00e1ch nh\u1eefng s\u1ea3n ph\u1ea9m ch\u1ea5t l\u01b0\u1ee3ng theo \u0111\u00fang chu\u1ea9n v\u1edbi gi\u00e1 c\u1ea3 ph\u1ea3i ch\u0103ng. M\u1ee5c ti\u00eau v\u00e0 h\u01b0\u1edbng \u0111i d\u00e0i h\u1ea1n c\u1ee7a th\u01b0\u01a1ng hi\u1ec7u nh\u1eafm t\u1edbi k\u00edch c\u1ea7u xu h\u01b0\u1edbng mua h\u00e0ng th\u1ef1c ph\u1ea9m n\u1ed9i \u0111\u1ecba c\u1ee7a ng\u01b0\u1eddi Vi\u1ec7t Nam &#8220;Ng\u01b0\u1eddi Vi\u1ec7t x\u00e0i h\u00e0ng Vi\u1ec7t&#8221; v\u1ed1n \u0111ang d\u1ea7n m\u1ea5t \u0111i.<\/p>\n<p><img decoding=\"async\" class=\"aligncenter\" src=\"https:\/\/scontent.fsgn2-2.fna.fbcdn.net\/v\/t1.0-9\/13406840_484717295060131_8022529457637249720_n.jpg?_nc_cat=103&amp;_nc_sid=7aed08&amp;_nc_ohc=HJfDUis5r7gAX91hUNs&amp;_nc_ht=scontent.fsgn2-2.fna&amp;oh=50267355f7d642514c71a02b890e84b3&amp;oe=5F3A404A\" alt=\"Trong h\u00ecnh \u1ea3nh c\u00f3 th\u1ec3 c\u00f3: v\u0103n b\u1ea3n\" \/><\/p>\n<p>Sau m\u1ed9t th\u1eddi gian ho\u1ea1t \u0111\u1ed9ng, Baan Mai \u0111\u00e3 c\u00f3 nh\u1eefng b\u01b0\u1edbc ti\u1ebfn \u0111\u00e1ng k\u1ec3 c\u1ea3 v\u1ec1 ch\u1ea5t l\u01b0\u1ee3ng v\u00e0 h\u00ecnh th\u1ee9c. S\u1ed1 l\u01b0\u1ee3ng kh\u00e1ch h\u00e0ng th\u00e2n thi\u1ebft s\u1eed d\u1ee5ng s\u1ea3n ph\u1ea9m t\u0103ng l\u00ean \u0111\u00e1ng k\u1ec3.\u00a0Baan Mai h\u1ee9a h\u1eb9n s\u1ebd d\u1eabn \u0111\u1ea7u th\u1ecb tr\u01b0\u1eddng th\u01b0\u01a1ng hi\u1ec7u tr\u00e1i c\u00e2y \u0111\u00f3ng lon t\u1ea1i Vi\u1ec7t Nam n\u00f3i ri\u00eang v\u00e0 m\u1edf r\u1ed9ng th\u1ecb tr\u01b0\u1eddng ra Ch\u00e2u \u00c1 n\u00f3i chung.<\/p>\n<h1><strong>\u0110\u1eb7c \u0111i\u1ec3m n\u1ed5i b\u1eadt<\/strong><\/h1>\n<p>\u0110\u00e0o Ng\u00e2m Baan Mai \u2013 th\u01b0\u01a1ng hi\u1ec7u Vi\u1ec7t nam \u0111\u01b0\u1ee3c gi\u1edbi tr\u1ebb \u01b0a th\u00edch v\u00e0 cu\u1ed3ng nhi\u1ec7t khi n\u00f3i t\u1edbi h\u01b0\u01a1ng v\u1ecb nh\u1eefng tr\u00e1i \u0111\u00e0o ng\u00e2m trong nh\u1eefng ly n\u01b0\u1edbc tr\u00e0 \u0111\u00e0o th\u01a1m m\u00e1t. Nh\u1eefng tr\u00e1i \u0111\u00e0o t\u01b0\u01a1i ngon v\u1eeba \u0111\u1ebfn \u0111\u1ed9 ch\u00edn, \u0111\u01b0\u1ee3c h\u00e1i tr\u1ef1c ti\u1ebfp t\u1eeb c\u00e2y v\u00e0 ch\u1ecdn l\u1ef1a k\u0129 l\u01b0\u1ee1ng v\u00e0 ngay sau \u0111\u00f3 \u0111\u01b0\u1ee3c ch\u1ebf bi\u1ebfn, b\u1ea3o qu\u1ea3n v\u00e0 \u0111\u00f3ng g\u00f3i b\u1eb1ng c\u00f4ng ngh\u1ec7 hi\u1ec7n \u0111\u1ea1i \u0111\u01b0\u1ee3c h\u1ecdc h\u1ecfi t\u1eeb c\u00e1c n\u01b0\u1edbc Ch\u00e2u \u00c2u, do \u0111\u00f3 m\u00f9i h\u01b0\u01a1ng v\u00e0 tinh ch\u1ea5t b\u1ed5 d\u01b0\u1ee1ng c\u1ee7a \u0111\u00e0o h\u1ea7u nh\u01b0 \u0111\u01b0\u1ee3c gi\u1eef nguy\u00ean.<\/p>\n<p><img decoding=\"async\" class=\"aligncenter\" src=\"https:\/\/havamall.vn\/wp-content\/uploads\/2020\/07\/silvia-collocas-preserved-peaches-in-vanilla-syrup-27674-2.jpg\" alt=\"Silvia Colloca\" \/><\/p>\n<p>S\u1ee9c kh\u1ecfe v\u00e0 s\u1ef1 an to\u00e0n c\u1ee7a kh\u00e1ch h\u00e0ng l\u00e0 m\u1ed1i quan t\u00e2m h\u00e0ng \u0111\u1ea7u c\u1ee7a Baan Mai. C\u00f3 th\u1ec3 kh\u1eb3ng \u0111\u1ecbnh r\u1eb1ng, \u0111\u00e0o \u0111\u00f3ng h\u1ed9p ng\u00e2m c\u1ee7a Baan Mai l\u00e0 s\u1ea3n ph\u1ea9m \u0111\u00e0o \u0111\u1ea1t \u0111\u1ee7 y\u00eau c\u1ea7u v\u1ec1 ch\u1ea5t l\u01b0\u1ee3ng nh\u1ea5t th\u1ecb tr\u01b0\u1eddng hi\u1ec7n nay.<\/p>\n<p><strong>\u0110\u00e0o ng\u00e2m Baan Mai\u00a0<\/strong>\u0111\u01b0\u1ee3c \u0111\u00f3ng lon\u00a0ti\u1ec7n d\u1ee5ng, d\u1ec5 b\u1ea3o qu\u1ea3n v\u00e0 d\u00f9ng \u0111\u01b0\u1ee3c l\u00e2u. B\u1ea1n c\u0169ng c\u00f3 th\u1ec3 mang theo d\u1ec5 d\u00e0ng trong nh\u1eefng chuy\u1ebfn \u0111i ch\u01a1i, picnic \u0111\u1ec3 c\u00f9ng chia s\u1ebb v\u1edbi m\u1ecdi ng\u01b0\u1eddi hay d\u00e0nh l\u00e0m qu\u00e0 t\u1eb7ng cho b\u1ea1n b\u00e8, ng\u01b0\u1eddi th\u00e2n.\u00a0S\u1ea3n ph\u1ea9m do Havamall ph\u00e2n ph\u1ed1i lu\u00f4n mang \u0111\u1ebfn ch\u1ea5t l\u01b0\u1ee3ng\u00a0t\u1ed1t nh\u1ea5t cho ng\u01b0\u1eddi ti\u00eau d\u00f9ng.<\/p>\n<p><img decoding=\"async\" class=\"aligncenter\" src=\"https:\/\/havamall.vn\/wp-content\/uploads\/2020\/07\/IMG_6243.jpg\" alt=\"Small Batch Canned Peaches \u2013 The Fountain Avenue Kitchen\" \/><\/p>\n<p><strong>Th\u00e0nh ph\u1ea7n ch\u00ednh:<\/strong> 45% \u0111\u00e0o t\u01b0\u01a1i, 18% \u0111\u01b0\u1eddng tinh luy\u1ec7n, ch\u1ea5t \u0111i\u1ec1u ch\u1ec9nh \u0111\u1ed9 axits, Axit citric ( E330).<\/p>\n<p><strong>Kh\u1ed1i l\u01b0\u1ee3ng t\u1ecbnh<\/strong>: 820 g\/lon \u00b1 5g<\/p>\n<p><strong>Kh\u1ed1i l\u01b0\u1ee3ng c\u00e1i<\/strong>: 470 g\/lon \u00b1 2g<\/p>\n<p><strong>Ng\u00e0y s\u1ea3n xu\u1ea5t:<\/strong> Xem tr\u00ean bao b\u00ec s\u1ea3n ph\u1ea9m<\/p>\n<p><strong>H\u1ea1n s\u1eed d\u1ee5ng:<\/strong> 24 th\u00e1ng k\u1ec3 t\u1eeb ng\u00e0y s\u1ea3n xu\u1ea5t<\/p>\n<p><strong>M\u00e0u s\u1eafc:<\/strong>\u00a0V\u00e0ng t\u01b0\u01a1i t\u1ef1 nhi\u00ean, kh\u00f4ng ph\u1ea9m m\u00e0u<\/p>\n<p><strong>S\u1ed1 l\u00e1t: 4-6 l\u00e1t\/lon<\/strong><\/p>\n<p><strong>\u0110\u1ed9 d\u00e0y c\u01a1m:<\/strong> &gt;20mm<\/p>\n<p><strong>H\u00e0m l\u01b0\u1ee3ng \u0111\u01b0\u1eddng:\u00a0<\/strong>th\u1ea5p ch\u1ec9 c\u00f3 17% n\u00ean kh\u00f4ng l\u00e0m \u1ea3nh h\u01b0\u1edfng \u0111\u1ebfn m\u00f9i v\u1ecb t\u1ef1 nhi\u00ean c\u1ee7a \u0111\u00e0o t\u01b0\u01a1i<\/p>\n<p><strong>M\u00f9i t\u1ef1 nhi\u00ean \u0111\u1eb7c tr\u01b0ng c\u1ee7a \u0111\u00e0o: <\/strong>Kh\u00f4ng c\u00f3 h\u01b0\u01a1ng li\u1ec7u, ph\u1ea9m m\u00e0u, s\u1ea3n ph\u1ea9m ho\u00e0n to\u00e0n t\u1ef1 nhi\u00ean<\/p>\n<p><strong>T\u1ea1p ch\u1ea5t:<\/strong> 0%<\/p>\n<p><strong>D\u01b0 l\u01b0\u1ee3ng thu\u1ed1c b\u1ea3o v\u1ec7 th\u1ef1c v\u1eadt:<\/strong> 0%<\/p>\n<p><strong>C\u00f3 \u0111\u1ed9 s\u1ef1c v\u00e0 gi\u00f2n nh\u1ea5t \u0111\u1ecbnh khi c\u1eafn v\u00e0o<\/strong><\/p>\n<h1><strong>H\u01b0\u1edbng d\u1eabn s\u1eed d\u1ee5ng v\u00e0 b\u1ea3o qu\u1ea3n<\/strong><\/h1>\n<p>S\u1eed d\u1ee5ng \u0111\u00e0o ng\u00e2m Baan Mai \u0111\u1ec3 pha tr\u00e0 \u0111\u00e0o:<\/p>\n<ul>\n<li>Sau khi l\u1ecdc tr\u00e0 \u0111\u00e0o l\u1ea5y n\u01b0\u1edbc th\u00ec \u0111\u1ec3 mi\u1ebfng \u0111\u00e0o ng\u00e2m Baan Mai l\u00ean tr\u00ean trang tr\u00ed (c\u00f3 th\u1ec3 \u0111\u1ec3 nguy\u00ean mi\u1ebfng ho\u1eb7c c\u1eaft m\u1ecfng t\u00f9y theo h\u00ecnh th\u1ee9c trang tr\u00ed). B\u1ecf th\u00eam 1 mu\u1ed7ng l\u1edbn sir\u00f4 trong h\u1ed9p v\u00e0o \u0111\u1ec3 t\u0103ng th\u00eam v\u1ecb \u0111\u00e0o (Siro c\u00f3 th\u1ec3 d\u00f9ng Torani, Monin\u2026 \u0111\u1ec3 \u0111\u1ea1t \u0111\u01b0\u1ee3c m\u00f9i v\u1ecb mong mu\u1ed1n)<\/li>\n<li>C\u00f3 th\u1ec3 \u0103n li\u1ec1n (th\u00eam \u0111\u00e1)<\/li>\n<li>Ch\u1ebf Bi\u1ebfn c\u00e1c m\u00f3n n\u01b0\u1edbc gi\u1ea3i kh\u00e1t: Tr\u00e0 \u0110\u00e0o, Sinh t\u1ed1 \u0111\u00e0o,\u00a0Topping c\u00e1c m\u00f3n n\u01b0\u1edbc gi\u1ea3i kh\u00e1t, tr\u00e0 s\u1eefa, s\u1eefa t\u01b0\u01a1i, kem\u2026<\/li>\n<li>D\u00f9ng ch\u1ebf bi\u1ebfn th\u1ef1c ph\u1ea9m:\u00a0 B\u00e1nh t\u01b0\u01a1i, b\u00e1nh n\u01b0\u1edbng<\/li>\n<li>D\u00f9ng l\u00e0m m\u1ee9t, nh\u00e2n b\u00e1nh ng\u1ecdt\u2026<\/li>\n<li>C\u00e1ch b\u1ea3o qu\u1ea3n H\u1ed9p \u0110\u00e0o Ng\u00e2m: \u0110\u00f3ng h\u1ed9p ch\u1eafc ch\u1eafn n\u00ean c\u00f3 th\u1ec3 b\u1ea3o qu\u1ea3n b\u1ea5t c\u1ee9 \u0111\u00e2u. Tr\u00e1nh \u00e1nh n\u1eafng chi\u1ebfu tr\u1ef1c ti\u1ebfp v\u00e0o h\u1ed9p \u0111\u00e0o s\u1ebd l\u00e0m h\u1ed9p n\u00f3ng l\u00ean v\u00e0 c\u00f3 th\u1ec3 b\u1ecb h\u01b0<\/li>\n<li>H\u1ed9p \u0111\u00e3 m\u1edf ra b\u1ea3o qu\u1ea3n t\u1ee7 m\u00e1t n\u1ebfu \u0111\u1ec3 s\u1eed d\u1ee5ng tr\u00ean 24h<\/li>\n<li>Khui n\u1eafp ra l\u00e0 c\u00f3 th\u1ec3 s\u1eed d\u1ee5ng \u0111\u01b0\u1ee3c ngay<\/li>\n<\/ul>\n<p><img decoding=\"async\" class=\"aligncenter\" src=\"https:\/\/havamall.vn\/wp-content\/uploads\/2020\/07\/cach-lam-dao-ngam-gion-ngon-nhu-mua-ngoai-tiem9.jpg\" alt=\"Video] C\u00e1ch l\u00e0m \u0111\u00e0o ng\u00e2m gi\u00f2n ngon nh\u01b0 mua ngo\u00e0i ti\u1ec7m m\u00e0 c\u1ef1c d\u1ec5 l\u00e0m\" \/><\/p>\n<p>H\u00e3y l\u1ef1a ch\u1ecdn Havamall l\u00e0m n\u01a1i mua h\u00e0ng uy t\u00edn c\u1ee7a b\u1ea1n \u0111\u1ec3 \u0111\u1ea3m b\u1ea3o gi\u00e1 th\u00e0nh ph\u1ea3i ch\u0103ng v\u00e0 ch\u1ea5t l\u01b0\u1ee3ng tuy\u1ec7t v\u1eddi!!!<\/p>\n<div class=\"site-content col-sm-12 content-with-products\" role=\"main\">\n<div id=\"product-15222\" class=\"single-product-page single-product-content product-design-default tabs-location-standard tabs-type-tabs meta-location-add_to_cart reviews-location-tabs product-no-bg product-with-attachments post-15222 product type-product status-publish has-post-thumbnail product_cat-khuyen-mai product_cat-thuc-pham-tieu-dung product_cat-thuc-pham-dong-hop first instock sale shipping-taxable purchasable product-type-simple\">\n<div class=\"product-tabs-wrapper\">\n<div class=\"container\">\n<div class=\"row\">\n<div class=\"col-sm-12 poduct-tabs-inner\">\n<div class=\"woocommerce-tabs wc-tabs-wrapper tabs-layout-tabs\">\n<div class=\"woodmart-tab-wrapper\"><\/div>\n<\/div>\n<\/div>\n<\/div>\n<\/div>\n<\/div>\n<\/div>\n<\/div>\n<p>&nbsp;<\/p>\n<p>&nbsp;<\/p>","protected":false},"excerpt":{"rendered":"<ul>\n<li><strong>\u0110\u00e0o ng\u00e2m Baan Mai\u00a0<\/strong>\u0111\u01b0\u1ee3c \u0111\u00f3ng lon\u00a0ti\u1ec7n d\u1ee5ng, d\u1ec5 b\u1ea3o qu\u1ea3n v\u00e0 d\u00f9ng \u0111\u01b0\u1ee3c l\u00e2u. B\u1ea1n c\u0169ng c\u00f3 th\u1ec3 mang theo d\u1ec5 d\u00e0ng trong nh\u1eefng chuy\u1ebfn \u0111i ch\u01a1i, picnic \u0111\u1ec3 c\u00f9ng chia s\u1ebb v\u1edbi m\u1ecdi ng\u01b0\u1eddi hay d\u00e0nh l\u00e0m qu\u00e0 t\u1eb7ng cho b\u1ea1n b\u00e8, ng\u01b0\u1eddi th\u00e2n.<\/li>\n<li>S\u1ea3n ph\u1ea9m do Havamall ph\u00e2n ph\u1ed1i lu\u00f4n mang \u0111\u1ebfn ch\u1ea5t l\u01b0\u1ee3ng\u00a0t\u1ed1t nh\u1ea5t cho ng\u01b0\u1eddi ti\u00eau d\u00f9ng.<\/li>\n<li>Nguy\u00ean li\u1ec7u ch\u00ednh d\u00f9ng \u0111\u1ec3 pha ch\u1ebf tr\u00e0 \u0111\u00e0o \u0111ang hot hi\u1ec7n nay, ngo\u00e0i ra c\u00f2n \u0111\u01b0\u1ee3c d\u00f9ng \u0111\u1ec3 trang tr\u00ed ho\u1eb7c l\u00e0m Bing-su \u0111\u00e0o<\/li>\n<li>Khui n\u1eafp ra l\u00e0 c\u00f3 th\u1ec3 s\u1eed d\u1ee5ng \u0111\u01b0\u1ee3c ngay ho\u1eb7c \u0111\u1ec3 c\u1eaft l\u00e1t d\u00f9ng trong tr\u00e0 \u0111\u00e0o , l\u00e0m b\u00e1nh kem. Ho\u1eb7c xay nhuy\u1ec5n trong sinh t\u1ed1 \u0111\u00e1 xay<\/li>\n<\/ul>","protected":false},"featured_media":15331,"comment_status":"open","ping_status":"closed","template":"","meta":[],"product_brand":[],"product_cat":[36,143],"product_tag":[],"class_list":{"0":"post-15310","1":"product","2":"type-product","3":"status-publish","4":"has-post-thumbnail","6":"product_cat-thuc-pham-tieu-dung","7":"product_cat-thuc-pham-dong-hop","8":"pa_brand-bann-mai","10":"first","11":"outofstock","12":"sale","13":"shipping-taxable","14":"purchasable","15":"product-type-simple"},"_links":{"self":[{"href":"https:\/\/havamall.vn\/en\/wp-json\/wp\/v2\/product\/15310"}],"collection":[{"href":"https:\/\/havamall.vn\/en\/wp-json\/wp\/v2\/product"}],"about":[{"href":"https:\/\/havamall.vn\/en\/wp-json\/wp\/v2\/types\/product"}],"replies":[{"embeddable":true,"href":"https:\/\/havamall.vn\/en\/wp-json\/wp\/v2\/comments?post=15310"}],"version-history":[{"count":0,"href":"https:\/\/havamall.vn\/en\/wp-json\/wp\/v2\/product\/15310\/revisions"}],"wp:featuredmedia":[{"embeddable":true,"href":"https:\/\/havamall.vn\/en\/wp-json\/wp\/v2\/media\/15331"}],"wp:attachment":[{"href":"https:\/\/havamall.vn\/en\/wp-json\/wp\/v2\/media?parent=15310"}],"wp:term":[{"taxonomy":"product_brand","embeddable":true,"href":"https:\/\/havamall.vn\/en\/wp-json\/wp\/v2\/product_brand?post=15310"},{"taxonomy":"product_cat","embeddable":true,"href":"https:\/\/havamall.vn\/en\/wp-json\/wp\/v2\/product_cat?post=15310"},{"taxonomy":"product_tag","embeddable":true,"href":"https:\/\/havamall.vn\/en\/wp-json\/wp\/v2\/product_tag?post=15310"}],"curies":[{"name":"wp","href":"https:\/\/api.w.org\/{rel}","templated":true}]}}