{"id":15291,"date":"2020-07-20T16:04:51","date_gmt":"2020-07-20T09:04:51","guid":{"rendered":"https:\/\/havamall.vn\/?post_type=product&#038;p=15291"},"modified":"2022-03-23T14:30:38","modified_gmt":"2022-03-23T07:30:38","slug":"nhan-sen-ngam-nuoc-duong-560g-longan-lotus-nuts-in-light-syrup-560g","status":"publish","type":"product","link":"https:\/\/havamall.vn\/en\/shop\/nhan-sen-ngam-nuoc-duong-560g-longan-lotus-nuts-in-light-syrup-560g\/","title":{"rendered":"Nh\u00e3n Sen Ng\u00e2m N\u01b0\u1edbc \u0110\u01b0\u1eddng Baan Mai 560g &#8211; Longan Lotus Nuts In Light Syrup 560g"},"content":{"rendered":"<h1><strong>\u0110\u1eb7c \u0111i\u1ec3m th\u01b0\u01a1ng hi\u1ec7u<\/strong><\/h1>\n<p><strong>Baan Mai<\/strong>\u00a0l\u00e0 th\u01b0\u01a1ng hi\u1ec7u h\u00e0ng Vi\u1ec7t Nam ch\u1ea5t l\u01b0\u1ee3ng cao, v\u1edbi c\u00e1c m\u1eb7t h\u00e0ng thu\u1ed9c c\u00e2y nh\u00e0 l\u00e1 v\u01b0\u1eddn, v\u1edbi quy tr\u00ecnh gieo tr\u00f4ng v\u00e0 ch\u0103m s\u00f3c ch\u00ednh b\u1edfi ng\u01b0\u1eddi n\u00f4ng d\u00e2n ch\u1ea5t ph\u00e1c Vi\u1ec7t Nam, h\u1ecdc h\u1ecfi c\u00e1c k\u0129 thu\u1eadt t\u1eeb c\u00e1c n\u01b0\u1edbc ph\u00e1t tri\u1ec3n. Baan Mai cam k\u1ebft c\u00e1c s\u1ea3n ph\u1ea9m tr\u00e1i c\u00e2y \u0111\u00f3ng h\u1ed9p \u0111\u1ec1u kh\u00f4ng ch\u1ee9a ch\u1ea5t \u0111\u1ed9c h\u1ea1i, kh\u00f4ng ch\u1ee9a h\u00f3a ch\u1ea5t k\u00edch th\u00edch t\u0103ng tr\u01b0\u1edfng, \u0111em \u0111\u1ebfn cho qu\u00fd kh\u00e1ch nh\u1eefng s\u1ea3n ph\u1ea9m ch\u1ea5t l\u01b0\u1ee3ng theo \u0111\u00fang chu\u1ea9n v\u1edbi gi\u00e1 c\u1ea3 ph\u1ea3i ch\u0103ng. M\u1ee5c ti\u00eau v\u00e0 h\u01b0\u1edbng \u0111i d\u00e0i h\u1ea1n c\u1ee7a th\u01b0\u01a1ng hi\u1ec7u nh\u1eafm t\u1edbi k\u00edch c\u1ea7u xu h\u01b0\u1edbng mua h\u00e0ng th\u1ef1c ph\u1ea9m n\u1ed9i \u0111\u1ecba c\u1ee7a ng\u01b0\u1eddi Vi\u1ec7t Nam \u201cNg\u01b0\u1eddi Vi\u1ec7t x\u00e0i h\u00e0ng Vi\u1ec7t\u201d v\u1ed1n \u0111ang d\u1ea7n m\u1ea5t \u0111i.<\/p>\n<h1><strong><img fetchpriority=\"high\" decoding=\"async\" class=\"aligncenter\" src=\"https:\/\/havamall.vn\/wp-content\/uploads\/2020\/07\/d6ef4b73df0b753de6671ead14258728.jpg\" alt=\"NH\u00c3N -SEN NG\u00c2M N\u01af\u1edaC \u0110\u01af\u1edcNG - NH\u00c3N SEN \u0110\u00d3NG H\u1ed8P BAAN MAI | Lazada.vn\" width=\"814\" height=\"543\" \/><\/strong><\/h1>\n<p>Sau m\u1ed9t th\u1eddi gian ho\u1ea1t \u0111\u1ed9ng, Baan Mai \u0111\u00e3 c\u00f3 nh\u1eefng b\u01b0\u1edbc ti\u1ebfn \u0111\u00e1ng k\u1ec3 c\u1ea3 v\u1ec1 ch\u1ea5t l\u01b0\u1ee3ng v\u00e0 h\u00ecnh th\u1ee9c. S\u1ed1 l\u01b0\u1ee3ng kh\u00e1ch h\u00e0ng th\u00e2n thi\u1ebft s\u1eed d\u1ee5ng s\u1ea3n ph\u1ea9m t\u0103ng l\u00ean \u0111\u00e1ng k\u1ec3.\u00a0Baan Mai h\u1ee9a h\u1eb9n s\u1ebd d\u1eabn \u0111\u1ea7u th\u1ecb tr\u01b0\u1eddng th\u01b0\u01a1ng hi\u1ec7u tr\u00e1i c\u00e2y \u0111\u00f3ng lon t\u1ea1i Vi\u1ec7t Nam n\u00f3i ri\u00eang v\u00e0 m\u1edf r\u1ed9ng th\u1ecb tr\u01b0\u1eddng ra Ch\u00e2u \u00c1 n\u00f3i chung.<\/p>\n<h1><strong>\u0110\u1eb7c \u0111i\u1ec3m n\u1ed5i b\u1eadt c\u1ee7a s\u1ea3n ph\u1ea9m<\/strong><\/h1>\n<p><span style=\"font-weight: 400\">H\u1ea1t Sen c\u00f3 l\u1ee3i cho s\u1ee9c kh\u1ecfe v\u1edbi h\u00e0m l\u01b0\u1ee3ng natri th\u1ea5p v\u00e0 magi\u00ea cao, an to\u00e0n d\u00e0nh cho nh\u1eefng ng\u01b0\u1eddi m\u1eafc b\u1ec7nh tim, ti\u1ec3u \u0111\u01b0\u1eddng, huy\u1ebft \u00e1p cao v\u00e0 b\u00e9o ph\u00ec. H\u1ea1t Sen ch\u1ee9a m\u1ed9t lo\u1ea1i enzyme ch\u1ed1ng l\u00e3o h\u00f3a, \u0111\u01b0\u1ee3c cho l\u00e0 s\u1eeda ch\u1eefa protein b\u1ecb h\u01b0 h\u1ecfng\u2026<\/span><\/p>\n<p><span style=\"font-weight: 400\">Qu\u1ea3 Nh\u00e3n c\u0169ng ch\u1ee9a c\u00e1c kho\u00e1ng ch\u1ea5t nh\u01b0 s\u1eaft, ph\u1ed1t pho, magi\u00ea v\u00e0 kali. N\u00f3 c\u0169ng gi\u00e0u Vitamin A v\u00e0 c\u1ea7n thi\u1ebft trong vi\u1ec7c ch\u1ed1ng oxy h\u00f3a\u00a0<\/span><\/p>\n<ul>\n<li><span style=\"font-weight: 400\">Th\u00e0nh Ph\u1ea7n: Nh\u00e3n Sen 45%,\u0111\u01b0\u1eddng 17%, n\u01b0\u1edbc, ch\u1ea5t \u0111i\u1ec1u ch\u1ec9nh \u0111\u1ed9 acid (acid citric &#8211; INS 330)<\/span><\/li>\n<li><span style=\"font-weight: 400\">Kh\u1ed1i l\u01b0\u1ee3ng t\u1ecbnh: 560g\/lon\u00b1 5g<\/span><\/li>\n<li><span style=\"font-weight: 400\">Kh\u1ed1i L\u01b0\u1ee3ng c\u00e1i: 250g\/lon \u00b1 2g<\/span><\/li>\n<\/ul>\n<p><img decoding=\"async\" class=\"wp-image-25897 aligncenter\" src=\"https:\/\/havamall.vn\/wp-content\/uploads\/2020\/07\/che-hat-sen-300x200.png\" alt=\"\" width=\"811\" height=\"540\" srcset=\"https:\/\/havamall.vn\/wp-content\/uploads\/2020\/07\/che-hat-sen-300x200.png 300w, https:\/\/havamall.vn\/wp-content\/uploads\/2020\/07\/che-hat-sen-430x287.png 430w, https:\/\/havamall.vn\/wp-content\/uploads\/2020\/07\/che-hat-sen-150x100.png 150w, https:\/\/havamall.vn\/wp-content\/uploads\/2020\/07\/che-hat-sen-700x467.png 700w, https:\/\/havamall.vn\/wp-content\/uploads\/2020\/07\/che-hat-sen-768x512.png 768w, https:\/\/havamall.vn\/wp-content\/uploads\/2020\/07\/che-hat-sen-600x400.png 600w, https:\/\/havamall.vn\/wp-content\/uploads\/2020\/07\/che-hat-sen.png 900w\" sizes=\"(max-width: 811px) 100vw, 811px\" \/><\/p>\n<ul>\n<li><span style=\"font-weight: 400\">Ng\u00e0y SX:Xem Tr\u00ean bao b\u00ec s\u1ea3n ph\u1ea9m<\/span><\/li>\n<li><span style=\"font-weight: 400\">HSD: 24 th\u00e1ng k\u1ec3 t\u1eeb ng\u00e0y s\u1ea3n xu\u1ea5t<\/span><\/li>\n<li><span style=\"font-weight: 400\">Qu\u1ea3 Nh\u00e3n v\u00e0 Sen \u0111\u01b0\u1ee3c tr\u1ed3ng v\u00e0 ch\u0103m s\u00f3c theo TC Vietgap c\u1ee7a v\u00f9ng \u0111\u1ea5t Ch\u00e2u Th\u00e0nh \u2013 \u0110\u1ed3ng Th\u00e1p.H\u1ea1t Sen \u0111\u01b0\u1ee3c l\u00f2ng v\u00e0o qu\u1ea3 Nh\u00e3n.<\/span><\/li>\n<li><span style=\"font-weight: 400\">S\u1ed1 tr\u00e1i v\u00e0 H\u1ea1t Sen : 30-35 tr\u00e1i\/lon<\/span><\/li>\n<li><span style=\"font-weight: 400\">\u0110\u01b0\u1eddng k\u00ednh qu\u1ea3 Nh\u00e3n \u2265 24 mm<\/span><\/li>\n<li><span style=\"font-weight: 400\">\u0110\u1ed9 d\u00e0y c\u01a1m qu\u1ea3 Nh\u00e3n \u2265 3 mm<\/span><\/li>\n<li><span style=\"font-weight: 400\">M\u00f9i h\u01b0\u01a1ng t\u1ef1 nhi\u00ean v\u00e0 \u0111\u1eb7c tr\u01b0ng c\u1ee7a qu\u1ea3 Nh\u00e3n, kh\u00f4ng c\u00f3 m\u00f9i l\u1ea1 ( m\u1ed1c, ch\u00e1y, th\u1ed1i\u2026)<\/span><\/li>\n<li><span style=\"font-weight: 400\">T\u1ef7 l\u1ec7 tr\u00e1i kh\u00f4ng \u0111\u1ea1t &lt; 3%<\/span><\/li>\n<li><span style=\"font-weight: 400\">T\u1ea1p ch\u1ea5t 0%<\/span><\/li>\n<li><span style=\"font-weight: 400\">D\u01b0 l\u01b0\u1ee3ng thu\u1ed1c b\u1ea3o v\u1ec7 th\u1ef1c v\u1eadt 0%<\/span><\/li>\n<\/ul>\n<p><img decoding=\"async\" class=\"aligncenter\" src=\"https:\/\/havamall.vn\/wp-content\/uploads\/2020\/07\/che_long_nhan_hat_sen_02.jpeg\" alt=\"Ch\u00e8 h\u1ea1t sen long nh\u00e3n - tinh t\u00fay c\u1ee7a \u0111\u1ea5t tr\u1eddi | Du l\u1ecbch Ho\u00e0n M\u1ef9\" width=\"793\" height=\"595\" \/><\/p>\n<h1><strong>H\u01b0\u1edbng d\u1eabn s\u1eed d\u1ee5ng v\u00e0 b\u1ea3o qu\u1ea3n<\/strong><\/h1>\n<ul>\n<li><span style=\"font-weight: 400\">C\u00f3 th\u1ec3 \u0103n li\u1ec1n N\u00f3ng (h\u00e2m n\u00f3ng nh\u01b0 Ch\u00e8),\u00a0 dung l\u1ea1nh (th\u00eam \u0111\u00e1).<\/span><\/li>\n<li><span style=\"font-weight: 400\">Ch\u1ebf Bi\u1ebfn c\u00e1c m\u00f3n n\u01b0\u1edbc gi\u1ea3i kh\u00e1t: Topping c\u00e1c m\u00f3n n\u01b0\u1edbc gi\u1ea3i kh\u00e1t, tr\u00e0 s\u1eefa, sinh t\u1ed1, kem\u2026<\/span><\/li>\n<li><span style=\"font-weight: 400\">D\u00f9ng ch\u1ebf bi\u1ebfn th\u1ef1c ph\u1ea9m:\u00a0 B\u00e1nh t\u01b0\u01a1i, n\u01b0\u1edbng\u2026<\/span><\/li>\n<li><span style=\"font-weight: 400\">D\u00f9ng l\u00e0m m\u1ee9t, nh\u00e2n b\u00e1nh ng\u1ecdt\u2026<\/span><\/li>\n<li>H\u01b0\u1edbng d\u1eabn b\u1ea3o qu\u1ea3n: B\u1ea3o qu\u1ea3n n\u01a1i kh\u00f4 r\u00e1o, tho\u00e1ng m\u00e1t, tr\u00e1nh \u00e1nh n\u1eafng chi\u1ebfu tr\u1ef1c ti\u1ebfp<\/li>\n<li>H\u1ed9p \u0111\u00e3 m\u1edf ra b\u1ea3o qu\u1ea3n t\u1ee7 m\u00e1t n\u1ebfu \u0111\u1ec3 s\u1eed d\u1ee5ng tr\u00ean 24h<\/li>\n<\/ul>","protected":false},"excerpt":{"rendered":"<ul>\n<li><span style=\"font-weight: 400\">C\u00f3 th\u1ec3 \u0103n li\u1ec1n N\u00f3ng (h\u00e2m n\u00f3ng nh\u01b0 Ch\u00e8),\u00a0 dung l\u1ea1nh (th\u00eam \u0111\u00e1).<\/span><\/li>\n<li><span style=\"font-weight: 400\">Ch\u1ebf Bi\u1ebfn c\u00e1c m\u00f3n n\u01b0\u1edbc gi\u1ea3i kh\u00e1t: Topping c\u00e1c m\u00f3n n\u01b0\u1edbc gi\u1ea3i kh\u00e1t, tr\u00e0 s\u1eefa, sinh t\u1ed1, kem\u2026<\/span><\/li>\n<li><span style=\"font-weight: 400\">D\u00f9ng ch\u1ebf bi\u1ebfn th\u1ef1c ph\u1ea9m:\u00a0 B\u00e1nh t\u01b0\u01a1i, n\u01b0\u1edbng\u2026<\/span><\/li>\n<li><span style=\"font-weight: 400\">D\u00f9ng l\u00e0m m\u1ee9t, nh\u00e2n b\u00e1nh ng\u1ecdt\u2026<\/span><\/li>\n<li>H\u01b0\u1edbng d\u1eabn b\u1ea3o qu\u1ea3n: B\u1ea3o qu\u1ea3n n\u01a1i kh\u00f4 r\u00e1o, tho\u00e1ng m\u00e1t, tr\u00e1nh \u00e1nh n\u1eafng chi\u1ebfu tr\u1ef1c ti\u1ebfp<\/li>\n<li>H\u1ed9p \u0111\u00e3 m\u1edf ra b\u1ea3o qu\u1ea3n t\u1ee7 m\u00e1t n\u1ebfu \u0111\u1ec3 s\u1eed d\u1ee5ng tr\u00ean 24h<\/li>\n<\/ul>","protected":false},"featured_media":15349,"comment_status":"open","ping_status":"closed","template":"","meta":[],"product_brand":[],"product_cat":[36,143],"product_tag":[],"class_list":{"0":"post-15291","1":"product","2":"type-product","3":"status-publish","4":"has-post-thumbnail","6":"product_cat-thuc-pham-tieu-dung","7":"product_cat-thuc-pham-dong-hop","8":"pa_brand-bann-mai","10":"first","11":"outofstock","12":"sale","13":"shipping-taxable","14":"purchasable","15":"product-type-simple"},"_links":{"self":[{"href":"https:\/\/havamall.vn\/en\/wp-json\/wp\/v2\/product\/15291"}],"collection":[{"href":"https:\/\/havamall.vn\/en\/wp-json\/wp\/v2\/product"}],"about":[{"href":"https:\/\/havamall.vn\/en\/wp-json\/wp\/v2\/types\/product"}],"replies":[{"embeddable":true,"href":"https:\/\/havamall.vn\/en\/wp-json\/wp\/v2\/comments?post=15291"}],"version-history":[{"count":0,"href":"https:\/\/havamall.vn\/en\/wp-json\/wp\/v2\/product\/15291\/revisions"}],"wp:featuredmedia":[{"embeddable":true,"href":"https:\/\/havamall.vn\/en\/wp-json\/wp\/v2\/media\/15349"}],"wp:attachment":[{"href":"https:\/\/havamall.vn\/en\/wp-json\/wp\/v2\/media?parent=15291"}],"wp:term":[{"taxonomy":"product_brand","embeddable":true,"href":"https:\/\/havamall.vn\/en\/wp-json\/wp\/v2\/product_brand?post=15291"},{"taxonomy":"product_cat","embeddable":true,"href":"https:\/\/havamall.vn\/en\/wp-json\/wp\/v2\/product_cat?post=15291"},{"taxonomy":"product_tag","embeddable":true,"href":"https:\/\/havamall.vn\/en\/wp-json\/wp\/v2\/product_tag?post=15291"}],"curies":[{"name":"wp","href":"https:\/\/api.w.org\/{rel}","templated":true}]}}