{"id":15287,"date":"2020-07-20T16:05:48","date_gmt":"2020-07-20T09:05:48","guid":{"rendered":"https:\/\/havamall.vn\/?post_type=product&#038;p=15287"},"modified":"2021-05-05T14:25:42","modified_gmt":"2021-05-05T07:25:42","slug":"hat-sen-dong-lon-bann-mai-560g-bann-mai-lotus-nuts-in-light-syrup-560g","status":"publish","type":"product","link":"https:\/\/havamall.vn\/en\/shop\/hat-sen-dong-lon-bann-mai-560g-bann-mai-lotus-nuts-in-light-syrup-560g\/","title":{"rendered":"H\u1ea1t Sen Ng\u00e2m N\u01b0\u1edbc \u0110\u01b0\u1eddng Baan Mai 560g &#8211; Baan Mai Lotus Nuts In Light Syrup 560g"},"content":{"rendered":"<p>Sen l\u00e0 c\u00e2y thu\u1ed1c qu\u00fd \u0111\u00e3 \u0111\u01b0\u1ee3c bi\u1ebft \u0111\u1ebfn t\u1eeb l\u00e2u, t\u1ea5t c\u1ea3 c\u00e1c b\u1ed9 ph\u1eadn c\u1ee7a c\u00e2y \u0111\u1ec1u \u0111\u01b0\u1ee3c d\u00f9ng l\u00e0m thu\u1ed1c. Trong \u0111\u00f3, h\u1ea1t sen c\u0169ng \u0111\u01b0\u1ee3c nghi\u00ean c\u1ee9u v\u00e0 c\u00f3 nhi\u1ec1u t\u00e1c d\u1ee5ng kh\u00e1c nhau. Nh\u1eefng n\u0103m g\u1ea7n \u0111\u00e2y, c\u00e1c nh\u00e0 th\u1ef1c v\u1eadt h\u1ecdc \u0111\u00e3 ch\u1ee9ng minh b\u1eb1ng th\u1ef1c nghi\u1ec7m r\u1eb1ng trong h\u1ea1t sen c\u00f3 ch\u1ea5t ki\u1ec1m, gluc\u00f4xit th\u01a1m c\u00f3 t\u00e1c d\u1ee5ng an th\u1ea7n. Sau khi \u0103n h\u1ea1t sen, tuy\u1ebfn t\u1ee5y ti\u1ebft ra ch\u1ea5t insulin l\u00e0m ng\u01b0\u1eddi ta d\u1ec5 ng\u1ee7 h\u01a1n.<img decoding=\"async\" class=\"aligncenter\" src=\"https:\/\/havamall.vn\/wp-content\/uploads\/2020\/07\/hat-sen-tuoi.jpg\" alt=\"H\u1ea1t sen, l\u00e1 sen \u0111i\u1ec1u tr\u1ecb suy nh\u01b0\u1ee3c, m\u1ea5t ng\u1ee7, di m\u1ed9ng tinh\" \/><\/p>\n<p>Ngo\u00e0i c\u00f3 t\u00e1c d\u1ee5ng ch\u1eefa b\u1ec7nh, h\u1ea1t sen c\u00f2n ph\u00f9 h\u1ee3p \u0111\u1ec3 l\u00e0m c\u00e1c m\u00f3n \u0103n ho\u1eb7c c\u00e1c m\u00f3n n\u01b0\u1edbc \u0111a d\u1ea1ng t\u1eeb b\u00e1nh sen, ch\u00e8 sen, ch\u00e1o sen cho t\u1edbi tr\u00e0 s\u1eefa sen, kem sen,&#8230;.H\u1ea1t sen \u0111\u00f3ng lon Baan Mai ch\u1eafc h\u1eb3n s\u1ebd kh\u00f4ng l\u00e0m th\u1ef1c kh\u00e1ch th\u1ea5t v\u1ecdng v\u1edbi ch\u1ea5t l\u01b0\u1ee3ng sen c\u00e2y nh\u00e0 l\u00e1 v\u01b0\u1eddn nh\u01b0ng v\u1eabn \u0111\u1ea3m b\u1ea3o ch\u1ea5t l\u01b0\u1ee3ng h\u00e0ng Vi\u1ec7t Nam Ch\u1ea5t L\u01b0\u1ee3ng Cao.<\/p>\n<p><img decoding=\"async\" class=\"aligncenter\" src=\"https:\/\/havamall.vn\/wp-content\/uploads\/2020\/07\/che-hat-sen-duong-phen.jpg\" alt=\"C\u00e1ch n\u1ea5u ch\u00e8 h\u1ea1t sen \u0111\u01b0\u1eddng ph\u00e8n th\u01a1m ngon \u0111\u01a1n gi\u1ea3n - DTBTAAu\" \/><\/p>\n<p>&nbsp;<\/p>\n<h1><strong>\u0110\u1eb7c \u0111i\u1ec3m th\u01b0\u01a1ng hi\u1ec7u<\/strong><\/h1>\n<p><strong>Baan Mai<\/strong> l\u00e0 th\u01b0\u01a1ng hi\u1ec7u h\u00e0ng Vi\u1ec7t Nam ch\u1ea5t l\u01b0\u1ee3ng cao, v\u1edbi c\u00e1c m\u1eb7t h\u00e0ng thu\u1ed9c c\u00e2y nh\u00e0 l\u00e1 v\u01b0\u1eddn, v\u1edbi quy tr\u00ecnh gieo tr\u00f4ng v\u00e0 ch\u0103m s\u00f3c ch\u00ednh b\u1edfi ng\u01b0\u1eddi n\u00f4ng d\u00e2n ch\u1ea5t ph\u00e1c Vi\u1ec7t Nam, h\u1ecdc h\u1ecfi c\u00e1c k\u0129 thu\u1eadt t\u1eeb c\u00e1c n\u01b0\u1edbc ph\u00e1t tri\u1ec3n. Baan Mai cam k\u1ebft c\u00e1c s\u1ea3n ph\u1ea9m tr\u00e1i c\u00e2y \u0111\u00f3ng h\u1ed9p \u0111\u1ec1u kh\u00f4ng ch\u1ee9a ch\u1ea5t \u0111\u1ed9c h\u1ea1i, kh\u00f4ng ch\u1ee9a h\u00f3a ch\u1ea5t k\u00edch th\u00edch t\u0103ng tr\u01b0\u1edfng, \u0111em \u0111\u1ebfn cho qu\u00fd kh\u00e1ch nh\u1eefng s\u1ea3n ph\u1ea9m ch\u1ea5t l\u01b0\u1ee3ng theo \u0111\u00fang chu\u1ea9n v\u1edbi gi\u00e1 c\u1ea3 ph\u1ea3i ch\u0103ng. M\u1ee5c ti\u00eau v\u00e0 h\u01b0\u1edbng \u0111i d\u00e0i h\u1ea1n c\u1ee7a th\u01b0\u01a1ng hi\u1ec7u nh\u1eafm t\u1edbi k\u00edch c\u1ea7u xu h\u01b0\u1edbng mua h\u00e0ng th\u1ef1c ph\u1ea9m n\u1ed9i \u0111\u1ecba c\u1ee7a ng\u01b0\u1eddi Vi\u1ec7t Nam &#8220;Ng\u01b0\u1eddi Vi\u1ec7t x\u00e0i h\u00e0ng Vi\u1ec7t&#8221; v\u1ed1n \u0111ang d\u1ea7n m\u1ea5t \u0111i.<\/p>\n<p><img decoding=\"async\" class=\"aligncenter\" src=\"https:\/\/scontent.fsgn2-2.fna.fbcdn.net\/v\/t1.0-9\/13406840_484717295060131_8022529457637249720_n.jpg?_nc_cat=103&amp;_nc_sid=7aed08&amp;_nc_ohc=HJfDUis5r7gAX91hUNs&amp;_nc_ht=scontent.fsgn2-2.fna&amp;oh=50267355f7d642514c71a02b890e84b3&amp;oe=5F3A404A\" alt=\"Trong h\u00ecnh \u1ea3nh c\u00f3 th\u1ec3 c\u00f3: v\u0103n b\u1ea3n\" \/><\/p>\n<p>Sau m\u1ed9t th\u1eddi gian ho\u1ea1t \u0111\u1ed9ng, Baan Mai \u0111\u00e3 c\u00f3 nh\u1eefng b\u01b0\u1edbc ti\u1ebfn \u0111\u00e1ng k\u1ec3 c\u1ea3 v\u1ec1 ch\u1ea5t l\u01b0\u1ee3ng v\u00e0 h\u00ecnh th\u1ee9c. S\u1ed1 l\u01b0\u1ee3ng kh\u00e1ch h\u00e0ng th\u00e2n thi\u1ebft s\u1eed d\u1ee5ng s\u1ea3n ph\u1ea9m t\u0103ng l\u00ean \u0111\u00e1ng k\u1ec3.\u00a0Baan Mai h\u1ee9a h\u1eb9n s\u1ebd d\u1eabn \u0111\u1ea7u th\u1ecb tr\u01b0\u1eddng th\u01b0\u01a1ng hi\u1ec7u tr\u00e1i c\u00e2y \u0111\u00f3ng lon t\u1ea1i Vi\u1ec7t Nam n\u00f3i ri\u00eang v\u00e0 m\u1edf r\u1ed9ng th\u1ecb tr\u01b0\u1eddng ra Ch\u00e2u \u00c1 n\u00f3i chung.<\/p>\n<h1><strong>\u0110\u1eb7c \u0111i\u1ec3m n\u1ed5i b\u1eadt c\u1ee7a s\u1ea3n ph\u1ea9m<\/strong><\/h1>\n<p>H\u1ea1t Sen Baan Mai \u0111\u01b0\u1ee3c s\u1ea3n xu\u1ea5t tr\u00ean d\u00e2y chuy\u1ec1n c\u00f4ng ngh\u1ec7 hi\u1ec7n \u0111\u1ea1i t\u1eeb nh\u1eefng nguy\u00ean li\u1ec7u cao c\u1ea5p, kh\u00f4ng ch\u1ee9a ph\u1ee5 gia \u0111\u1ed9c h\u1ea1i, \u0111\u1ea3m b\u1ea3o an to\u00e0n cho s\u1ee9c kh\u1ecfe ng\u01b0\u1eddi ti\u00eau d\u00f9ng, \u0111em \u0111\u1ebfn cho b\u1ea1n nh\u1eefng m\u00f3n \u0103n ngon v\u00e0 b\u1ed5 d\u01b0\u1ee1ng<\/p>\n<p><img fetchpriority=\"high\" decoding=\"async\" class=\"wp-image-15292 aligncenter\" src=\"https:\/\/havamall.vn\/wp-content\/uploads\/2020\/07\/35596101-vietnamese-food-sweet-lotus-seed-gruel-ingredients-lotus-bean-mung-bean-water-chestnut-and-sugar-can-300x199.jpg\" alt=\"\" width=\"751\" height=\"498\" srcset=\"https:\/\/havamall.vn\/wp-content\/uploads\/2020\/07\/35596101-vietnamese-food-sweet-lotus-seed-gruel-ingredients-lotus-bean-mung-bean-water-chestnut-and-sugar-can-300x199.jpg 300w, https:\/\/havamall.vn\/wp-content\/uploads\/2020\/07\/35596101-vietnamese-food-sweet-lotus-seed-gruel-ingredients-lotus-bean-mung-bean-water-chestnut-and-sugar-can-430x285.jpg 430w, https:\/\/havamall.vn\/wp-content\/uploads\/2020\/07\/35596101-vietnamese-food-sweet-lotus-seed-gruel-ingredients-lotus-bean-mung-bean-water-chestnut-and-sugar-can-150x100.jpg 150w, https:\/\/havamall.vn\/wp-content\/uploads\/2020\/07\/35596101-vietnamese-food-sweet-lotus-seed-gruel-ingredients-lotus-bean-mung-bean-water-chestnut-and-sugar-can-700x465.jpg 700w, https:\/\/havamall.vn\/wp-content\/uploads\/2020\/07\/35596101-vietnamese-food-sweet-lotus-seed-gruel-ingredients-lotus-bean-mung-bean-water-chestnut-and-sugar-can-768x510.jpg 768w, https:\/\/havamall.vn\/wp-content\/uploads\/2020\/07\/35596101-vietnamese-food-sweet-lotus-seed-gruel-ingredients-lotus-bean-mung-bean-water-chestnut-and-sugar-can-1024x680.jpg 1024w, https:\/\/havamall.vn\/wp-content\/uploads\/2020\/07\/35596101-vietnamese-food-sweet-lotus-seed-gruel-ingredients-lotus-bean-mung-bean-water-chestnut-and-sugar-can-1200x797.jpg 1200w, https:\/\/havamall.vn\/wp-content\/uploads\/2020\/07\/35596101-vietnamese-food-sweet-lotus-seed-gruel-ingredients-lotus-bean-mung-bean-water-chestnut-and-sugar-can-600x398.jpg 600w, https:\/\/havamall.vn\/wp-content\/uploads\/2020\/07\/35596101-vietnamese-food-sweet-lotus-seed-gruel-ingredients-lotus-bean-mung-bean-water-chestnut-and-sugar-can.jpg 1300w\" sizes=\"(max-width: 751px) 100vw, 751px\" \/><\/p>\n<p>\u0110\u01b0\u1ee3c ch\u1ebf bi\u1ebfn t\u1eeb nh\u1eefng b\u00f4ng sen \u0111\u1eb7c tr\u01b0ng t\u1eeb \u0111\u1ed3ng th\u00e1p m\u01b0\u1eddi t\u01b0\u01a1i ngon, \u0111\u01b0\u1ee3c ch\u1ecdn l\u1ecdc k\u1ef9 l\u01b0\u1ee1ng lu\u00f4n \u0111\u1ea3m b\u1ea3o \u0111\u01b0\u1ee3c s\u1ef1 an to\u00e0n v\u00e0 v\u1ec7 sinh th\u1ef1c ph\u1ea9m cho ng\u01b0\u1eddi s\u1eed d\u1ee5ng.<\/p>\n<p>C\u00f3 th\u1ec3 d\u00f9ng \u0103n tr\u1ef1c ti\u1ebfp ho\u1eb7c ch\u1ebf bi\u1ebfn c\u00e1c lo\u1ea1i m\u00f3n \u0103n tr\u00e1ng mi\u1ec7ng cho gia \u0111\u00ecnh v\u00e0 b\u1ea1n b\u00e8 c\u00f9ng th\u01b0\u1edfng th\u1ee9c.<\/p>\n<p>S\u1ea3n ph\u1ea9m \u0111\u01b0\u1ee3c \u0111\u00f3ng lon ti\u1ec7n d\u1ee5ng, d\u1ec5 d\u00e0ng b\u1ea3o qu\u1ea3n<\/p>\n<p><strong>Th\u00e0nh ph\u1ea7n ch\u00ednh:<\/strong> 45% h\u1ea1t sen, 18% \u0111\u01b0\u1eddng tinh luy\u1ec7n, ch\u1ea5t \u0111i\u1ec1u ch\u1ec9nh \u0111\u1ed9 axits, Axit citric ( E330).<\/p>\n<p><strong>Kh\u1ed1i l\u01b0\u1ee3ng t\u1ecbnh<\/strong>: 560 g\/lon \u00b1 5g<\/p>\n<p><strong>Kh\u1ed1i l\u01b0\u1ee3ng c\u00e1i<\/strong>: 250 g\/lon \u00b1 2g<\/p>\n<p><strong>Ng\u00e0y s\u1ea3n xu\u1ea5t:<\/strong> Xem tr\u00ean bao b\u00ec s\u1ea3n ph\u1ea9m<\/p>\n<p><strong>H\u1ea1n s\u1eed d\u1ee5ng:<\/strong> 24 th\u00e1ng k\u1ec3 t\u1eeb ng\u00e0y s\u1ea3n xu\u1ea5t<\/p>\n<p><strong>M\u00e0u s\u1eafc:<\/strong>\u00a0V\u00e0ng s\u00e1ng t\u1ef1 nhi\u00ean, kh\u00f4ng ph\u1ea9m m\u00e0u<\/p>\n<p><strong>S\u1ed1 h\u1ea1t:\u00a0<\/strong>650 h\u1ea1t\/kg t\u01b0\u01a1ng \u0111\u01b0\u01a1ng 160-165 h\u1ea1t\/lon<\/p>\n<p><strong>H\u00e0m l\u01b0\u1ee3ng \u0111\u01b0\u1eddng:\u00a0<\/strong>th\u1ea5p ch\u1ec9 c\u00f3 17% n\u00ean kh\u00f4ng l\u00e0m \u1ea3nh h\u01b0\u1edfng \u0111\u1ebfn m\u00f9i v\u1ecb t\u1ef1 nhi\u00ean c\u1ee7a h\u1ea1t sen<\/p>\n<p><strong>M\u00f9i t\u1ef1 nhi\u00ean \u0111\u1eb7c tr\u01b0ng c\u1ee7a h\u01b0\u01a1ng sen: <\/strong>Kh\u00f4ng c\u00f3 h\u01b0\u01a1ng li\u1ec7u, ph\u1ea9m m\u00e0u, s\u1ea3n ph\u1ea9m ho\u00e0n to\u00e0n t\u1ef1 nhi\u00ean<\/p>\n<p><strong>T\u1ef7 l\u1ec7 s\u00f3t tim:<\/strong>\u00a00-0.5%\/lon<\/p>\n<p><strong>T\u1ea1p ch\u1ea5t:<\/strong> 0%<\/p>\n<p><strong>D\u01b0 l\u01b0\u1ee3ng thu\u1ed1c b\u1ea3o v\u1ec7 th\u1ef1c v\u1eadt:<\/strong> 0%<\/p>\n<p><img decoding=\"async\" class=\"aligncenter\" src=\"https:\/\/havamall.vn\/wp-content\/uploads\/2020\/07\/12388ebc-2370-4f28-a921-dad69315f7ff__42518.1520945322.jpg\" alt=\"Organic Premium Dried Shelled Lotus Seeds Nut without Plumule Lian ...\" \/><\/p>\n<h1><strong>C\u00f4ng d\u1ee5ng c\u1ee7a h\u1ea1t sen<\/strong><\/h1>\n<ul>\n<li class=\"TrT0Xe\">Ch\u1eefa m\u1ea5t ng\u1ee7: Trong d\u00e2n gian, c\u00f3 nhi\u1ec1u c\u00e1ch \u0111\u1ec3 \u0111i\u1ec1u tr\u1ecb ch\u1ee9ng m\u1ea5t ng\u1ee7, trong \u0111\u00f3 d\u00f9ng\u00a0<b>h\u1ea1t sen<\/b>\u00a0\u0111\u1ec3 u\u1ed1ng ho\u1eb7c \u0103n l\u00e0 b\u00e0i thu\u1ed1c v\u00f4 c\u00f9ng h\u1eefu hi\u1ec7u.<\/li>\n<li class=\"TrT0Xe\">Tr\u1ecb \u0111au \u0111\u1ea7u: Theo \u0110\u00f4ng y,\u00a0<b>h\u1ea1t sen<\/b>\u00a0c\u00f3 v\u1ecb ng\u1ecdt, t\u00ednh b\u00ecnh, gi\u00fap an th\u1ea7n hi\u1ec7u qu\u1ea3.<\/li>\n<li class=\"TrT0Xe\">B\u1ed3i b\u1ed5 cho b\u00e0 b\u1ea7u v\u00e0 thai nhi<\/li>\n<li class=\"TrT0Xe\">L\u00e0m \u0111\u1eb9p da.<\/li>\n<li class=\"TrT0Xe\">Ch\u1eefa thi\u1ebfu m\u00e1u.<\/li>\n<li class=\"TrT0Xe\">Tr\u1ecb ti\u00eau ch\u1ea3y.<\/li>\n<li class=\"TrT0Xe\">Ch\u1ed1ng l\u00e3o h\u00f3a.<\/li>\n<\/ul>\n<p><img decoding=\"async\" class=\"aligncenter\" src=\"https:\/\/havamall.vn\/wp-content\/uploads\/2020\/07\/hue-lotus-seed-and-longan-sweet-soup.jpg\" alt=\"Hue lotus seed and longan sweet soup - Scooter Saigon Tour\" \/><\/p>\n<h1><strong>H\u01b0\u1edbng d\u1eabn s\u1eed d\u1ee5ng v\u00e0 b\u1ea3o qu\u1ea3n<\/strong><\/h1>\n<ul>\n<li>C\u00f3 th\u1ec3 \u0103n li\u1ec1n (th\u00eam \u0111\u00e1) ho\u1eb7c h\u00e2m n\u00f3ng nh\u01b0 \u0103n ch\u00e8<\/li>\n<li>Ch\u1ebf Bi\u1ebfn c\u00e1c m\u00f3n n\u01b0\u1edbc gi\u1ea3i kh\u00e1t: Tr\u00e0 Sen V\u00e0ng, S\u1eefa chua sen v\u00e0ng,\u00a0 Topping c\u00e1c m\u00f3n n\u01b0\u1edbc gi\u1ea3i kh\u00e1t, tr\u00e0 s\u1eefa, s\u1eefa t\u01b0\u01a1i, kem\u2026<\/li>\n<li>D\u00f9ng ch\u1ebf bi\u1ebfn th\u1ef1c ph\u1ea9m:\u00a0 Ch\u00e1o sen, nh\u00e2n b\u00e1nh, canh sen<\/li>\n<li>D\u00f9ng l\u00e0m m\u1ee9t, nh\u00e2n b\u00e1nh ng\u1ecdt\u2026<\/li>\n<li>C\u00e1ch b\u1ea3o qu\u1ea3n H\u1ed9p Sen: \u0110\u00f3ng h\u1ed9p ch\u1eafc ch\u1eafn n\u00ean c\u00f3 th\u1ec3 b\u1ea3o qu\u1ea3n b\u1ea5t c\u1ee9 \u0111\u00e2u. Tr\u00e1nh \u00e1nh n\u1eafng chi\u1ebfu tr\u1ef1c ti\u1ebfp v\u00e0o h\u1ed9p \u0111\u00e0o s\u1ebd l\u00e0m h\u1ed9p n\u00f3ng l\u00ean v\u00e0 c\u00f3 th\u1ec3 b\u1ecb h\u01b0.<\/li>\n<li>H\u1ed9p \u0111\u00e3 m\u1edf ra b\u1ea3o qu\u1ea3n t\u1ee7 m\u00e1t n\u1ebfu \u0111\u1ec3 s\u1eed d\u1ee5ng tr\u00ean 24h<\/li>\n<li>Khui n\u1eafp ra l\u00e0 c\u00f3 th\u1ec3 s\u1eed d\u1ee5ng \u0111\u01b0\u1ee3c ngay<\/li>\n<\/ul>\n<p><img decoding=\"async\" class=\"wp-image-15297 aligncenter\" src=\"https:\/\/havamall.vn\/wp-content\/uploads\/2020\/07\/62985201-red-dates-lotus-seeds-and-white-fungus-soup-300x200.jpg\" alt=\"\" width=\"859\" height=\"572\" srcset=\"https:\/\/havamall.vn\/wp-content\/uploads\/2020\/07\/62985201-red-dates-lotus-seeds-and-white-fungus-soup-300x200.jpg 300w, https:\/\/havamall.vn\/wp-content\/uploads\/2020\/07\/62985201-red-dates-lotus-seeds-and-white-fungus-soup-430x286.jpg 430w, https:\/\/havamall.vn\/wp-content\/uploads\/2020\/07\/62985201-red-dates-lotus-seeds-and-white-fungus-soup-150x100.jpg 150w, https:\/\/havamall.vn\/wp-content\/uploads\/2020\/07\/62985201-red-dates-lotus-seeds-and-white-fungus-soup-700x466.jpg 700w, https:\/\/havamall.vn\/wp-content\/uploads\/2020\/07\/62985201-red-dates-lotus-seeds-and-white-fungus-soup-768x512.jpg 768w, https:\/\/havamall.vn\/wp-content\/uploads\/2020\/07\/62985201-red-dates-lotus-seeds-and-white-fungus-soup-1024x682.jpg 1024w, https:\/\/havamall.vn\/wp-content\/uploads\/2020\/07\/62985201-red-dates-lotus-seeds-and-white-fungus-soup-1200x799.jpg 1200w, https:\/\/havamall.vn\/wp-content\/uploads\/2020\/07\/62985201-red-dates-lotus-seeds-and-white-fungus-soup-600x400.jpg 600w, https:\/\/havamall.vn\/wp-content\/uploads\/2020\/07\/62985201-red-dates-lotus-seeds-and-white-fungus-soup.jpg 1300w\" sizes=\"(max-width: 859px) 100vw, 859px\" \/><\/p>\n<p>H\u00e3y l\u1ef1a ch\u1ecdn Havamall l\u00e0m n\u01a1i mua h\u00e0ng uy t\u00edn c\u1ee7a b\u1ea1n \u0111\u1ec3 \u0111\u1ea3m b\u1ea3o gi\u00e1 th\u00e0nh ph\u1ea3i ch\u0103ng v\u00e0 ch\u1ea5t l\u01b0\u1ee3ng tuy\u1ec7t v\u1eddi!!!<\/p>\n<div class=\"site-content col-sm-12 content-with-products\" role=\"main\">\n<div id=\"product-15222\" class=\"single-product-page single-product-content product-design-default tabs-location-standard tabs-type-tabs meta-location-add_to_cart reviews-location-tabs product-no-bg product-with-attachments post-15222 product type-product status-publish has-post-thumbnail product_cat-khuyen-mai product_cat-thuc-pham-tieu-dung product_cat-thuc-pham-dong-hop first instock sale shipping-taxable purchasable product-type-simple\">\n<div class=\"product-tabs-wrapper\">\n<div class=\"container\">\n<div class=\"row\">\n<div class=\"col-sm-12 poduct-tabs-inner\">\n<div class=\"woocommerce-tabs wc-tabs-wrapper tabs-layout-tabs\">\n<div class=\"woodmart-tab-wrapper\"><\/div>\n<\/div>\n<\/div>\n<\/div>\n<\/div>\n<\/div>\n<\/div>\n<\/div>\n<p>&nbsp;<\/p>","protected":false},"excerpt":{"rendered":"<ul>\n<li>H\u01b0\u01a1ng sen \u0111\u1ebfn t\u1eeb t\u1ef1 nhi\u00ean.<\/li>\n<li>H\u1ea1t sen \u0111\u01b0\u1ee3c tuy\u1ec3n ch\u1ecdn t\u1eeb ngu\u1ed3n nguy\u00ean li\u1ec7u \u0111\u1eb7c tr\u01b0ng v\u00f9ng Th\u00e1p M\u01b0\u1eddi.<\/li>\n<li>S\u1ea3n ph\u1ea9m c\u1ee7a c\u00f4ng ty Baan Mai, nh\u00e3n hi\u1ec7u \u0111\u00e3 \u0111\u01b0\u1ee3c \u0111\u0103ng k\u00fd b\u1ea3o h\u1ed9 \u0111\u1ed9c quy\u1ec1n.<\/li>\n<li>L\u1ee3i \u00edch s\u1ee9c kh\u1ecfe c\u1ee7a H\u1ea1t Sen: H\u00e0m l\u01b0\u1ee3ng natri th\u1ea5p v\u00e0 magi\u00ea cao ph\u00f9 h\u1ee3p cho nh\u1eefng ng\u01b0\u1eddi m\u1eafc b\u1ec7nh tim, ti\u1ec3u \u0111\u01b0\u1eddng, huy\u1ebft \u00e1p cao v\u00e0 b\u00e9o ph\u00ec. Nh\u1eefng h\u1ea1t n\u00e0y ch\u1ee9a m\u1ed9t lo\u1ea1i enzyme ch\u1ed1ng l\u00e3o h\u00f3a, \u0111\u01b0\u1ee3c cho l\u00e0 s\u1eeda ch\u1eefa protein b\u1ecb h\u01b0 h\u1ecfng<\/li>\n<\/ul>","protected":false},"featured_media":15335,"comment_status":"open","ping_status":"closed","template":"","meta":[],"product_brand":[],"product_cat":[36,143],"product_tag":[],"class_list":{"0":"post-15287","1":"product","2":"type-product","3":"status-publish","4":"has-post-thumbnail","6":"product_cat-thuc-pham-tieu-dung","7":"product_cat-thuc-pham-dong-hop","8":"pa_brand-bann-mai","10":"first","11":"instock","12":"sale","13":"shipping-taxable","14":"purchasable","15":"product-type-simple"},"_links":{"self":[{"href":"https:\/\/havamall.vn\/en\/wp-json\/wp\/v2\/product\/15287"}],"collection":[{"href":"https:\/\/havamall.vn\/en\/wp-json\/wp\/v2\/product"}],"about":[{"href":"https:\/\/havamall.vn\/en\/wp-json\/wp\/v2\/types\/product"}],"replies":[{"embeddable":true,"href":"https:\/\/havamall.vn\/en\/wp-json\/wp\/v2\/comments?post=15287"}],"version-history":[{"count":0,"href":"https:\/\/havamall.vn\/en\/wp-json\/wp\/v2\/product\/15287\/revisions"}],"wp:featuredmedia":[{"embeddable":true,"href":"https:\/\/havamall.vn\/en\/wp-json\/wp\/v2\/media\/15335"}],"wp:attachment":[{"href":"https:\/\/havamall.vn\/en\/wp-json\/wp\/v2\/media?parent=15287"}],"wp:term":[{"taxonomy":"product_brand","embeddable":true,"href":"https:\/\/havamall.vn\/en\/wp-json\/wp\/v2\/product_brand?post=15287"},{"taxonomy":"product_cat","embeddable":true,"href":"https:\/\/havamall.vn\/en\/wp-json\/wp\/v2\/product_cat?post=15287"},{"taxonomy":"product_tag","embeddable":true,"href":"https:\/\/havamall.vn\/en\/wp-json\/wp\/v2\/product_tag?post=15287"}],"curies":[{"name":"wp","href":"https:\/\/api.w.org\/{rel}","templated":true}]}}