{"id":15274,"date":"2020-07-20T15:11:43","date_gmt":"2020-07-20T08:11:43","guid":{"rendered":"https:\/\/havamall.vn\/?post_type=product&#038;p=15274"},"modified":"2022-02-22T14:04:52","modified_gmt":"2022-02-22T07:04:52","slug":"15274","status":"publish","type":"product","link":"https:\/\/havamall.vn\/en\/shop\/15274\/","title":{"rendered":"V\u1ea3i Thi\u1ec1u Ng\u00e2m N\u01b0\u1edbc \u0110\u01b0\u1eddng Baan Mai 560g &#8211; Baan Mai Lychee In Light Syrup 560g"},"content":{"rendered":"<p>M\u00f9a h\u00e8 n\u00f3ng n\u1ef1c, c\u00f3 m\u1ed9t ly n\u01b0\u1edbc gi\u1ea3i kh\u00e1t m\u00e1t l\u1ea1nh t\u1eeb tr\u00e1i c\u00e2y th\u00ec th\u1eadt tuy\u1ec7t ph\u1ea3i kh\u00f4ng? C\u00e1c m\u00f3n n\u01b0\u1edbc\u00a0t\u1eeb tr\u00e1i c\u00e2y n\u00e0y kh\u00f4ng ch\u1ec9 ngon, b\u1ed5, r\u1ebb m\u00e0 c\u00f2n th\u1ef1c s\u1ef1 gi\u00fap b\u1ea1n thanh nhi\u1ec7t gi\u1ea3i \u0111\u1ed9c hi\u1ec7u qu\u1ea3 trong ng\u00e0y\u00a0h\u00e8\u00a0n\u1eafng n\u00f3ng. M\u00f9a h\u00e8 l\u00e0 m\u00f9a c\u1ee7a r\u1ea5t nhi\u1ec1u tr\u00e1i c\u00e2y th\u01a1m ngon nh\u01b0 nh\u00e3n, ch\u00f4m ch\u00f4m, v\u1ea3i,&#8230;h\u00e3y th\u1eed \u0111\u1ed5i v\u1ecb cho gia \u0111\u00ecnh v\u1edbi tr\u00e0 v\u1ea3i xem sao n\u00e8! M\u1ed9t ly tr\u00e0 v\u1ea3i th\u01a1m m\u00e1t, ng\u1ecdt ng\u1ecdt chua chua s\u1ebd khi\u1ebfn d\u1ecbu \u0111i c\u00e1i n\u1eafng gay g\u1eaft, \u0111em l\u1ea1i cho b\u1ea1n m\u1ed9t c\u1ea3m g\u00edac s\u1ea3ng kho\u00e1i gi\u1eefa nh\u1eefng ng\u00e0y h\u00e8 oi n\u00f3ng. V\u1edbi v\u1ea3i \u0111\u00f3ng lon c\u1ee7a Baan Mai, b\u1ea1n c\u00f3 th\u1ec3 d\u1ec5 d\u00e0ng pha m\u1ed9t ly tr\u00e0 v\u1ea3i th\u01a1m ngon m\u00e0 kh\u00f4ng c\u1ea7n t\u1ed1n qu\u00e1 nhi\u1ec1u c\u00f4ng s\u1ee9c nh\u00e9.<\/p>\n<p><img decoding=\"async\" class=\"aligncenter\" src=\"https:\/\/havamall.vn\/wp-content\/uploads\/2020\/07\/lychee-martini-with-homemade-liqueur-recipe-761097-hero-01-ff2e0a6cb6804876a978bdb8b5d1aa06.jpg\" alt=\"Lychee martini with homemade liqueur recipe\" \/><\/p>\n<p>S\u1ea3n ph\u1ea9m V\u1ea3i \u0111\u00f3ng lon Baan Mai c\u00f3 h\u01b0\u01a1ng v\u1ecb th\u01a1m ngon c\u1ee7a nh\u1eefng nguy\u00ean li\u1ec7u t\u1ef1 nhi\u00ean \u0111\u01b0\u1ee3c ch\u1ecdn l\u1ecdc k\u1ef9 c\u00e0ng, s\u1ebd mang l\u1ea1i cho b\u1ea1n nh\u1eefng ph\u00fat gi\u1ea3i tr\u00ed v\u00e0 th\u01b0\u1edfng th\u1ee9c th\u1eadt tuy\u1ec7t v\u1eddi b\u00ean c\u1ea1nh b\u1ea1n b\u00e8 ho\u1eb7c ng\u01b0\u1eddi th\u00e2n.<\/p>\n<h1><strong>\u0110\u1eb7c \u0111i\u1ec3m th\u01b0\u01a1ng hi\u1ec7u<\/strong><\/h1>\n<p><strong>Baan Mai<\/strong> l\u00e0 th\u01b0\u01a1ng hi\u1ec7u h\u00e0ng Vi\u1ec7t Nam ch\u1ea5t l\u01b0\u1ee3ng cao, v\u1edbi c\u00e1c m\u1eb7t h\u00e0ng thu\u1ed9c c\u00e2y nh\u00e0 l\u00e1 v\u01b0\u1eddn, v\u1edbi quy tr\u00ecnh gieo tr\u00f4ng v\u00e0 ch\u0103m s\u00f3c ch\u00ednh b\u1edfi ng\u01b0\u1eddi n\u00f4ng d\u00e2n ch\u1ea5t ph\u00e1c Vi\u1ec7t Nam, h\u1ecdc h\u1ecfi c\u00e1c k\u0129 thu\u1eadt t\u1eeb c\u00e1c n\u01b0\u1edbc ph\u00e1t tri\u1ec3n. Baan Mai cam k\u1ebft c\u00e1c s\u1ea3n ph\u1ea9m tr\u00e1i c\u00e2y \u0111\u00f3ng h\u1ed9p \u0111\u1ec1u kh\u00f4ng ch\u1ee9a ch\u1ea5t \u0111\u1ed9c h\u1ea1i, kh\u00f4ng ch\u1ee9a h\u00f3a ch\u1ea5t k\u00edch th\u00edch t\u0103ng tr\u01b0\u1edfng, \u0111em \u0111\u1ebfn cho qu\u00fd kh\u00e1ch nh\u1eefng s\u1ea3n ph\u1ea9m ch\u1ea5t l\u01b0\u1ee3ng theo \u0111\u00fang chu\u1ea9n v\u1edbi gi\u00e1 c\u1ea3 ph\u1ea3i ch\u0103ng. M\u1ee5c ti\u00eau v\u00e0 h\u01b0\u1edbng \u0111i d\u00e0i h\u1ea1n c\u1ee7a th\u01b0\u01a1ng hi\u1ec7u nh\u1eafm t\u1edbi k\u00edch c\u1ea7u xu h\u01b0\u1edbng mua h\u00e0ng th\u1ef1c ph\u1ea9m n\u1ed9i \u0111\u1ecba c\u1ee7a ng\u01b0\u1eddi Vi\u1ec7t Nam &#8220;Ng\u01b0\u1eddi Vi\u1ec7t x\u00e0i h\u00e0ng Vi\u1ec7t&#8221; v\u1ed1n \u0111ang d\u1ea7n m\u1ea5t \u0111i.<\/p>\n<p><img decoding=\"async\" class=\"aligncenter\" src=\"https:\/\/scontent.fsgn2-2.fna.fbcdn.net\/v\/t1.0-9\/13406840_484717295060131_8022529457637249720_n.jpg?_nc_cat=103&amp;_nc_sid=7aed08&amp;_nc_ohc=HJfDUis5r7gAX91hUNs&amp;_nc_ht=scontent.fsgn2-2.fna&amp;oh=50267355f7d642514c71a02b890e84b3&amp;oe=5F3A404A\" alt=\"Trong h\u00ecnh \u1ea3nh c\u00f3 th\u1ec3 c\u00f3: v\u0103n b\u1ea3n\" \/><\/p>\n<p>Sau m\u1ed9t th\u1eddi gian ho\u1ea1t \u0111\u1ed9ng, Baan Mai \u0111\u00e3 c\u00f3 nh\u1eefng b\u01b0\u1edbc ti\u1ebfn \u0111\u00e1ng k\u1ec3 c\u1ea3 v\u1ec1 ch\u1ea5t l\u01b0\u1ee3ng v\u00e0 h\u00ecnh th\u1ee9c. S\u1ed1 l\u01b0\u1ee3ng kh\u00e1ch h\u00e0ng th\u00e2n thi\u1ebft s\u1eed d\u1ee5ng s\u1ea3n ph\u1ea9m t\u0103ng l\u00ean \u0111\u00e1ng k\u1ec3.\u00a0Baan Mai h\u1ee9a h\u1eb9n s\u1ebd d\u1eabn \u0111\u1ea7u th\u1ecb tr\u01b0\u1eddng th\u01b0\u01a1ng hi\u1ec7u tr\u00e1i c\u00e2y \u0111\u00f3ng lon t\u1ea1i Vi\u1ec7t Nam n\u00f3i ri\u00eang v\u00e0 m\u1edf r\u1ed9ng th\u1ecb tr\u01b0\u1eddng ra Ch\u00e2u \u00c1 n\u00f3i chung.<\/p>\n<h1><strong>\u0110\u1eb7c \u0111i\u1ec3m n\u1ed5i b\u1eadt c\u1ee7a s\u1ea3n ph\u1ea9m<\/strong><\/h1>\n<p>V\u1ea3i Thi\u1ec1u\u00a0n\u01b0\u1edbc \u0111\u01b0\u1eddng Baan Mai \u0111\u01b0\u1ee3c s\u1ea3n xu\u1ea5t tr\u00ean d\u00e2y chuy\u1ec1n c\u00f4ng ngh\u1ec7 hi\u1ec7n \u0111\u1ea1i t\u1eeb nh\u1eefng nguy\u00ean li\u1ec7u cao c\u1ea5p, kh\u00f4ng ch\u1ee9a ph\u1ee5 gia \u0111\u1ed9c h\u1ea1i, \u0111\u1ea3m b\u1ea3o an to\u00e0n cho s\u1ee9c kh\u1ecfe ng\u01b0\u1eddi ti\u00eau d\u00f9ng, \u0111em \u0111\u1ebfn cho b\u1ea1n nh\u1eefng m\u00f3n \u0103n ngon v\u00e0 b\u1ed5 d\u01b0\u1ee1ng<\/p>\n<p>\u0110\u01b0\u1ee3c ch\u1ebf bi\u1ebfn t\u1eeb nh\u1eefng tr\u00e1i v\u1ea3i t\u01b0\u01a1i ngon \u0111\u01b0\u1ee3c ch\u1ecdn l\u1ecdc k\u1ef9 l\u01b0\u1ee1ng lu\u00f4n \u0111\u1ea3m b\u1ea3o \u0111\u01b0\u1ee3c s\u1ef1 an to\u00e0n v\u00e0 v\u1ec7 sinh th\u1ef1c ph\u1ea9m cho ng\u01b0\u1eddi s\u1eed d\u1ee5ng.<\/p>\n<p><img decoding=\"async\" class=\"aligncenter\" src=\"https:\/\/havamall.vn\/wp-content\/uploads\/2020\/07\/lychee-martini-with-homemade-liqueur-recipe-761097--lychee-syrup-step-04-fdd064ed1ae84f5e9fb4c05b6878a3c2.jpg\" \/><\/p>\n<p>C\u00f3 th\u1ec3 d\u00f9ng \u0103n tr\u1ef1c ti\u1ebfp ho\u1eb7c ch\u1ebf bi\u1ebfn c\u00e1c lo\u1ea1i m\u00f3n \u0103n tr\u00e1ng mi\u1ec7ng cho gia \u0111\u00ecnh v\u00e0 b\u1ea1n b\u00e8 c\u00f9ng th\u01b0\u1edfng th\u1ee9c.<\/p>\n<p><img decoding=\"async\" class=\"aligncenter\" src=\"https:\/\/havamall.vn\/wp-content\/uploads\/2020\/07\/lychee-martini-with-homemade-liqueur-recipe-761097--lychee-syrup-step-06-b5f3e16bd062457cabde4d918cd2db9d.jpg\" alt=\"Remove from heat\" \/><\/p>\n<p>S\u1ea3n ph\u1ea9m \u0111\u01b0\u1ee3c \u0111\u00f3ng lon ti\u1ec7n d\u1ee5ng, d\u1ec5 d\u00e0ng b\u1ea3o qu\u1ea3n<\/p>\n<p><img decoding=\"async\" class=\"aligncenter\" src=\"https:\/\/havamall.vn\/wp-content\/uploads\/2020\/07\/lychee-martini-with-homemade-liqueur-recipe-761097-lychee-liqueur-step-04-e6c0da3d8a884778819844348235e5f1.jpg\" \/><\/p>\n<p><strong>Th\u00e0nh ph\u1ea7n:<\/strong> N\u01b0\u1edbc, v\u1ea3i thi\u1ec1u \u2265 45%, \u0111\u01b0\u1eddng, axit citric, ch\u1ea5t ch\u1ed1ng oxi h\u00f3a, h\u01b0\u01a1ng v\u1ea3i t\u1ed5ng h\u1ee3p.<\/p>\n<p><strong>Kh\u1ed1i l\u01b0\u1ee3ng t\u1ecbnh<\/strong>: 560 g\/lon \u00b1 5g<\/p>\n<p><strong>Kh\u1ed1i l\u01b0\u1ee3ng c\u00e1i<\/strong>: 250 g\/lon \u00b1 2g<\/p>\n<p><strong>Ng\u00e0y s\u1ea3n xu\u1ea5t:<\/strong> Xem tr\u00ean bao b\u00ec s\u1ea3n ph\u1ea9m<\/p>\n<p><strong>H\u1ea1n s\u1eed d\u1ee5ng:<\/strong> 24 th\u00e1ng k\u1ec3 t\u1eeb ng\u00e0y s\u1ea3n xu\u1ea5t<\/p>\n<p><strong>M\u00e0u s\u1eafc:<\/strong>\u00a0Tr\u1eafng \u0111\u1ee5c, \u00e1nh h\u1ed3ng<\/p>\n<p><strong>S\u1ed1 tr\u00e1i: <\/strong>17-19 tr\u00e1i\/lon<\/p>\n<p><strong>\u0110\u01b0\u1eddng k\u00ednh tr\u00e1i:<\/strong> &gt;30mm<\/p>\n<p><strong>\u0110\u1ed9 d\u00e0y c\u01a1m:<\/strong> &gt;4mm<\/p>\n<p><strong>M\u00f9i t\u1ef1 nhi\u00ean \u0111\u1eb7c tr\u01b0ng c\u1ee7a Q\u1ee7a v\u1ea3i<\/strong>: kh\u00f4ng c\u00f3 m\u00f9i l\u1ea1 (m\u1ed1c, ch\u00e1y, th\u1ed1i\u2026)<\/p>\n<p><strong>T\u1ef7 l\u1ec7 H\u1ea1t kh\u00f4ng \u0111\u1ea1t:<\/strong> &lt; 2%<\/p>\n<p><strong>T\u1ea1p ch\u1ea5t:<\/strong> 0%<\/p>\n<p><strong>D\u01b0 l\u01b0\u1ee3ng thu\u1ed1c b\u1ea3o v\u1ec7 th\u1ef1c v\u1eadt:<\/strong> 0%<\/p>\n<p><img decoding=\"async\" class=\"aligncenter\" src=\"https:\/\/havamall.vn\/wp-content\/uploads\/2020\/07\/3db5cfe5cf7237d199f106d07f22eed7.jpg\" alt=\"Deliciously Easy Almond Jelly with Lychees | Recipe | Almond jelly ...\" \/><\/p>\n<h1><strong>C\u00f4ng d\u1ee5ng c\u1ee7a qu\u1ea3 v\u1ea3i<\/strong><\/h1>\n<ul>\n<li>T\u0103ng c\u01b0\u1eddng mi\u1ec5n d\u1ecbch<\/li>\n<li>Ph\u00f2ng ch\u1ed1ng ung th\u01b0<\/li>\n<li>H\u1ed7 tr\u1ee3 ti\u00eau h\u00f3a<\/li>\n<li>Gi\u1ea3m n\u1ebfp nh\u0103n v\u00e0 t\u00e0n nhang<\/li>\n<li>Duy tr\u00ec m\u00e1i t\u00f3c kh\u1ecfe m\u1ea1nh<\/li>\n<\/ul>\n<h1><strong>H\u01b0\u1edbng d\u1eabn s\u1eed d\u1ee5ng v\u00e0 b\u1ea3o qu\u1ea3n<\/strong><\/h1>\n<ul>\n<li>C\u00f3 th\u1ec3 \u0103n li\u1ec1n (th\u00eam \u0111\u00e1).<\/li>\n<li>Ch\u1ebf Bi\u1ebfn c\u00e1c m\u00f3n n\u01b0\u1edbc gi\u1ea3i kh\u00e1t: Tr\u00e0 V\u1ea3i, Sinh t\u1ed1 v\u1ea3i\u00a0 Topping c\u00e1c m\u00f3n n\u01b0\u1edbc gi\u1ea3i kh\u00e1t, tr\u00e0 s\u1eefa, s\u1eefa t\u01b0\u01a1i, kem\u2026<\/li>\n<li>D\u00f9ng ch\u1ebf bi\u1ebfn th\u1ef1c ph\u1ea9m:\u00a0 B\u00e1nh t\u01b0\u01a1i, n\u01b0\u1edbng\u2026<\/li>\n<li>D\u00f9ng l\u00e0m m\u1ee9t, nh\u00e2n b\u00e1nh ng\u1ecdt\u2026<\/li>\n<li>C\u00e1ch b\u1ea3o qu\u1ea3n H\u1ed9p V\u1ea3i: \u0110\u00f3ng h\u1ed9p ch\u1eafc ch\u1eafn n\u00ean c\u00f3 th\u1ec3 b\u1ea3o qu\u1ea3n b\u1ea5t c\u1ee9 \u0111\u00e2u. Tr\u00e1nh \u00e1nh n\u1eafng chi\u1ebfu tr\u1ef1c ti\u1ebfp v\u00e0o h\u1ed9p \u0111\u00e0o s\u1ebd l\u00e0m h\u1ed9p n\u00f3ng l\u00ean v\u00e0 c\u00f3 th\u1ec3 b\u1ecb h\u01b0.<\/li>\n<li>H\u1ed9p \u0111\u00e3 m\u1edf ra b\u1ea3o qu\u1ea3n t\u1ee7 m\u00e1t n\u1ebfu \u0111\u1ec3 s\u1eed d\u1ee5ng tr\u00ean 24h<\/li>\n<li>Khui n\u1eafp ra l\u00e0 c\u00f3 th\u1ec3 s\u1eed d\u1ee5ng \u0111\u01b0\u1ee3c ngay<\/li>\n<\/ul>\n<p><img decoding=\"async\" class=\"aligncenter\" src=\"https:\/\/havamall.vn\/wp-content\/uploads\/2020\/07\/coconut-pudding-with-lychee-and-mango-salad-72137-1.jpeg\" alt=\"Coconut pudding with lychee and mango salad\" \/><\/p>\n<p>&nbsp;<\/p>\n<div class=\"site-content col-sm-12 content-with-products\" role=\"main\">\n<div id=\"product-15222\" class=\"single-product-page single-product-content product-design-default tabs-location-standard tabs-type-tabs meta-location-add_to_cart reviews-location-tabs product-no-bg product-with-attachments post-15222 product type-product status-publish has-post-thumbnail product_cat-khuyen-mai product_cat-thuc-pham-tieu-dung product_cat-thuc-pham-dong-hop first instock sale shipping-taxable purchasable product-type-simple\">\n<div class=\"product-tabs-wrapper\">\n<div class=\"container\">\n<div class=\"row\">\n<div class=\"col-sm-12 poduct-tabs-inner\">\n<div class=\"woocommerce-tabs wc-tabs-wrapper tabs-layout-tabs\">\n<div class=\"woodmart-tab-wrapper\">\n<div id=\"tab-description\" class=\"woocommerce-Tabs-panel woocommerce-Tabs-panel--description panel entry-content wc-tab\">\n<div class=\"wc-tab-inner\">\n<div class=\"\">\n<p>H\u00e3y l\u1ef1a ch\u1ecdn Havamall l\u00e0m n\u01a1i mua h\u00e0ng uy t\u00edn c\u1ee7a b\u1ea1n \u0111\u1ec3 \u0111\u1ea3m b\u1ea3o gi\u00e1 th\u00e0nh ph\u1ea3i ch\u0103ng v\u00e0 ch\u1ea5t l\u01b0\u1ee3ng tuy\u1ec7t v\u1eddi!!!<\/p>\n<\/div>\n<\/div>\n<\/div>\n<\/div>\n<div class=\"woodmart-tab-wrapper\"><\/div>\n<\/div>\n<\/div>\n<\/div>\n<\/div>\n<\/div>\n<\/div>\n<\/div>\n<p>&nbsp;<\/p>","protected":false},"excerpt":{"rendered":"<ul>\n<li>V\u1ea3i Thi\u1ec1u\u00a0n\u01b0\u1edbc \u0111\u01b0\u1eddng Baan Mai \u0111\u01b0\u1ee3c s\u1ea3n xu\u1ea5t tr\u00ean d\u00e2y chuy\u1ec1n c\u00f4ng ngh\u1ec7 hi\u1ec7n \u0111\u1ea1i t\u1eeb nh\u1eefng nguy\u00ean li\u1ec7u cao c\u1ea5p, kh\u00f4ng ch\u1ee9a ph\u1ee5 gia \u0111\u1ed9c h\u1ea1i, \u0111\u1ea3m b\u1ea3o an to\u00e0n cho s\u1ee9c kh\u1ecfe ng\u01b0\u1eddi ti\u00eau d\u00f9ng, \u0111em \u0111\u1ebfn cho b\u1ea1n nh\u1eefng m\u00f3n \u0103n ngon v\u00e0 b\u1ed5 d\u01b0\u1ee1ng<\/li>\n<li>\u0110\u01b0\u1ee3c ch\u1ebf bi\u1ebfn t\u1eeb nh\u1eefng tr\u00e1i v\u1ea3i t\u01b0\u01a1i ngon \u0111\u01b0\u1ee3c ch\u1ecdn l\u1ecdc k\u1ef9 l\u01b0\u1ee1ng lu\u00f4n \u0111\u1ea3m b\u1ea3o \u0111\u01b0\u1ee3c s\u1ef1 an to\u00e0n v\u00e0 v\u1ec7 sinh th\u1ef1c ph\u1ea9m cho ng\u01b0\u1eddi s\u1eed d\u1ee5ng.<\/li>\n<li>C\u00f3 th\u1ec3 \u0103n li\u1ec1n (th\u00eam \u0111\u00e1).<\/li>\n<li>Ch\u1ebf Bi\u1ebfn c\u00e1c m\u00f3n n\u01b0\u1edbc gi\u1ea3i kh\u00e1t: Tr\u00e0 V\u1ea3i, Sinh t\u1ed1 v\u1ea3i\u00a0 Topping c\u00e1c m\u00f3n n\u01b0\u1edbc gi\u1ea3i kh\u00e1t, tr\u00e0 s\u1eefa, s\u1eefa t\u01b0\u01a1i, kem\u2026<\/li>\n<li>D\u00f9ng ch\u1ebf bi\u1ebfn th\u1ef1c ph\u1ea9m:\u00a0 B\u00e1nh t\u01b0\u01a1i, n\u01b0\u1edbng\u2026<\/li>\n<li>D\u00f9ng l\u00e0m m\u1ee9t, nh\u00e2n b\u00e1nh ng\u1ecdt\u2026<\/li>\n<\/ul>","protected":false},"featured_media":15362,"comment_status":"open","ping_status":"closed","template":"","meta":[],"product_brand":[],"product_cat":[36,143],"product_tag":[],"class_list":{"0":"post-15274","1":"product","2":"type-product","3":"status-publish","4":"has-post-thumbnail","6":"product_cat-thuc-pham-tieu-dung","7":"product_cat-thuc-pham-dong-hop","8":"pa_brand-bann-mai","10":"first","11":"outofstock","12":"sale","13":"shipping-taxable","14":"purchasable","15":"product-type-simple"},"_links":{"self":[{"href":"https:\/\/havamall.vn\/en\/wp-json\/wp\/v2\/product\/15274"}],"collection":[{"href":"https:\/\/havamall.vn\/en\/wp-json\/wp\/v2\/product"}],"about":[{"href":"https:\/\/havamall.vn\/en\/wp-json\/wp\/v2\/types\/product"}],"replies":[{"embeddable":true,"href":"https:\/\/havamall.vn\/en\/wp-json\/wp\/v2\/comments?post=15274"}],"version-history":[{"count":0,"href":"https:\/\/havamall.vn\/en\/wp-json\/wp\/v2\/product\/15274\/revisions"}],"wp:featuredmedia":[{"embeddable":true,"href":"https:\/\/havamall.vn\/en\/wp-json\/wp\/v2\/media\/15362"}],"wp:attachment":[{"href":"https:\/\/havamall.vn\/en\/wp-json\/wp\/v2\/media?parent=15274"}],"wp:term":[{"taxonomy":"product_brand","embeddable":true,"href":"https:\/\/havamall.vn\/en\/wp-json\/wp\/v2\/product_brand?post=15274"},{"taxonomy":"product_cat","embeddable":true,"href":"https:\/\/havamall.vn\/en\/wp-json\/wp\/v2\/product_cat?post=15274"},{"taxonomy":"product_tag","embeddable":true,"href":"https:\/\/havamall.vn\/en\/wp-json\/wp\/v2\/product_tag?post=15274"}],"curies":[{"name":"wp","href":"https:\/\/api.w.org\/{rel}","templated":true}]}}