{"id":15273,"date":"2020-07-20T15:27:03","date_gmt":"2020-07-20T08:27:03","guid":{"rendered":"https:\/\/havamall.vn\/?post_type=product&#038;p=15273"},"modified":"2021-11-26T09:35:23","modified_gmt":"2021-11-26T02:35:23","slug":"dua-nuoc-ngam-nuoc-duong-560g-nypa-palm-in-light-syrup-560g","status":"publish","type":"product","link":"https:\/\/havamall.vn\/en\/shop\/dua-nuoc-ngam-nuoc-duong-560g-nypa-palm-in-light-syrup-560g\/","title":{"rendered":"D\u1eeba N\u01b0\u1edbc Ng\u00e2m N\u01b0\u1edbc \u0110\u01b0\u1eddng Baan Mai 560g &#8211; Nypa Palm In Light Syrup"},"content":{"rendered":"<h1><strong>\u0110\u1eb7c \u0111i\u1ec3m th\u01b0\u01a1ng hi\u1ec7u<\/strong><\/h1>\n<p><strong>Baan Mai<\/strong>\u00a0l\u00e0 th\u01b0\u01a1ng hi\u1ec7u h\u00e0ng Vi\u1ec7t Nam ch\u1ea5t l\u01b0\u1ee3ng cao, v\u1edbi c\u00e1c m\u1eb7t h\u00e0ng thu\u1ed9c c\u00e2y nh\u00e0 l\u00e1 v\u01b0\u1eddn, v\u1edbi quy tr\u00ecnh gieo tr\u00f4ng v\u00e0 ch\u0103m s\u00f3c ch\u00ednh b\u1edfi ng\u01b0\u1eddi n\u00f4ng d\u00e2n ch\u1ea5t ph\u00e1c Vi\u1ec7t Nam, h\u1ecdc h\u1ecfi c\u00e1c k\u0129 thu\u1eadt t\u1eeb c\u00e1c n\u01b0\u1edbc ph\u00e1t tri\u1ec3n. Baan Mai cam k\u1ebft c\u00e1c s\u1ea3n ph\u1ea9m tr\u00e1i c\u00e2y \u0111\u00f3ng h\u1ed9p \u0111\u1ec1u kh\u00f4ng ch\u1ee9a ch\u1ea5t \u0111\u1ed9c h\u1ea1i, kh\u00f4ng ch\u1ee9a h\u00f3a ch\u1ea5t k\u00edch th\u00edch t\u0103ng tr\u01b0\u1edfng, \u0111em \u0111\u1ebfn cho qu\u00fd kh\u00e1ch nh\u1eefng s\u1ea3n ph\u1ea9m ch\u1ea5t l\u01b0\u1ee3ng theo \u0111\u00fang chu\u1ea9n v\u1edbi gi\u00e1 c\u1ea3 ph\u1ea3i ch\u0103ng. M\u1ee5c ti\u00eau v\u00e0 h\u01b0\u1edbng \u0111i d\u00e0i h\u1ea1n c\u1ee7a th\u01b0\u01a1ng hi\u1ec7u nh\u1eafm t\u1edbi k\u00edch c\u1ea7u xu h\u01b0\u1edbng mua h\u00e0ng th\u1ef1c ph\u1ea9m n\u1ed9i \u0111\u1ecba c\u1ee7a ng\u01b0\u1eddi Vi\u1ec7t Nam \u201cNg\u01b0\u1eddi Vi\u1ec7t x\u00e0i h\u00e0ng Vi\u1ec7t\u201d v\u1ed1n \u0111ang d\u1ea7n m\u1ea5t \u0111i.<\/p>\n<p><img decoding=\"async\" class=\"aligncenter\" src=\"https:\/\/scontent.fsgn2-2.fna.fbcdn.net\/v\/t1.0-9\/13406840_484717295060131_8022529457637249720_n.jpg?_nc_cat=103&amp;_nc_sid=7aed08&amp;_nc_ohc=HJfDUis5r7gAX91hUNs&amp;_nc_ht=scontent.fsgn2-2.fna&amp;oh=50267355f7d642514c71a02b890e84b3&amp;oe=5F3A404A\" alt=\"Trong h\u00ecnh \u1ea3nh c\u00f3 th\u1ec3 c\u00f3: v\u0103n b\u1ea3n\" \/><\/p>\n<p>Sau m\u1ed9t th\u1eddi gian ho\u1ea1t \u0111\u1ed9ng, Baan Mai \u0111\u00e3 c\u00f3 nh\u1eefng b\u01b0\u1edbc ti\u1ebfn \u0111\u00e1ng k\u1ec3 c\u1ea3 v\u1ec1 ch\u1ea5t l\u01b0\u1ee3ng v\u00e0 h\u00ecnh th\u1ee9c. S\u1ed1 l\u01b0\u1ee3ng kh\u00e1ch h\u00e0ng th\u00e2n thi\u1ebft s\u1eed d\u1ee5ng s\u1ea3n ph\u1ea9m t\u0103ng l\u00ean \u0111\u00e1ng k\u1ec3.\u00a0Baan Mai h\u1ee9a h\u1eb9n s\u1ebd d\u1eabn \u0111\u1ea7u th\u1ecb tr\u01b0\u1eddng th\u01b0\u01a1ng hi\u1ec7u tr\u00e1i c\u00e2y \u0111\u00f3ng lon t\u1ea1i Vi\u1ec7t Nam n\u00f3i ri\u00eang v\u00e0 m\u1edf r\u1ed9ng th\u1ecb tr\u01b0\u1eddng ra Ch\u00e2u \u00c1 n\u00f3i chung.<\/p>\n<h1><strong>\u0110\u1eb7c \u0111i\u1ec3m n\u1ed5i b\u1eadt c\u1ee7a s\u1ea3n ph\u1ea9m<\/strong><\/h1>\n<p><span style=\"font-weight: 400\">Tr\u00e1i D\u1eeba N\u01b0\u1edbc Ng\u00e2m \u0110\u01b0\u1eddng \u0111\u01b0\u1ee3c l\u00e0m t\u1eeb n\u01b0\u1edbc, d\u1eeba n\u01b0\u1edbc t\u01b0\u01a1i, \u0111\u01b0\u1eddng\u2026 \u0111\u01b0\u1ee3c s\u1ea3n xu\u1ea5t tr\u00ean d\u00e2y chuy\u1ec1n c\u00f4ng ngh\u1ec7 hi\u1ec7n \u0111\u1ea1i, \u0111\u1ea3m b\u1ea3o an to\u00e0n khi s\u1eed d\u1ee5ng. S\u1ea3n ph\u1ea9m c\u00f3 h\u01b0\u01a1ng v\u1ecb th\u01a1m ngon \u0111\u1eb7c tr\u01b0ng c\u1ee7a d\u1eeba n\u01b0\u1edbc, \u0111\u01b0\u1ee3c s\u1eed d\u1ee5ng trong \u1ea9m th\u1ef1c, t\u1ea1o n\u00ean nhi\u1ec1u m\u00f3n \u0103n, th\u1ee9c u\u1ed1ng.<\/span><\/p>\n<p><img decoding=\"async\" class=\"aligncenter\" src=\"https:\/\/havamall.vn\/wp-content\/uploads\/2020\/07\/dua-nuoc-4.jpg\" alt=\"C\u00e2y D\u1eeba N\u01b0\u1edbc - Gi\u00e1 Tr\u1ecb Dinh D\u01b0\u1ee1ng, T\u00e1c D\u1ee5ng &amp; C\u00e1ch D\u00f9ng\" \/><\/p>\n<p><span style=\"font-weight: 400\">K<\/span><span style=\"font-weight: 400\">h\u00f4ng s\u1eed d\u1ee5ng ch\u1ea5t t\u1ea1o m\u00e0u, ch\u1ea5t b\u1ea3o qu\u1ea3n v\u00e0 ch\u1ea5t t\u1ea1o h\u01b0\u01a1ng \u0111\u1ed9c h\u1ea1i, mang t\u1edbi h\u01b0\u01a1ng v\u1ecb d\u1eeba n\u01b0\u1edbc t\u1ef1 nhi\u00ean \u0111\u1eb7c tr\u01b0ng th\u01a1m ngon, h\u1ea5p d\u1eabn.<\/span><\/p>\n<p><span style=\"font-weight: 400\">V\u1edbi h\u01b0\u01a1ng v\u1ecb th\u01a1m ngon ri\u00eang c\u00f3, d\u1eeba n\u01b0\u1edbc ng\u00e2m n\u01b0\u1edbc \u0111\u01b0\u1eddng c\u00f3 th\u1ec3 d\u00f9ng v\u1edbi nhi\u1ec1u m\u1ee5c \u0111\u00edch s\u1eed d\u1ee5ng kh\u00e1c nhau. B\u1ea1n c\u00f3 th\u1ec3 d\u00f9ng s\u1ea3n ph\u1ea9m \u0111\u1ec3 pha ch\u1ebf n\u01b0\u1edbc u\u1ed1ng gi\u1ea3i kh\u00e1t, ch\u1ebf bi\u1ebfn th\u00e0nh c\u00e1c m\u00f3n \u0103n hay c\u00f3 th\u1ec3 \u0103n ngay, kh\u00f4ng c\u1ea7n qua x\u1eed l\u00fd nhi\u1ec7t.<\/span><\/p>\n<p><span style=\"font-weight: 400\">D\u1eeba n\u01b0\u1edbc ng\u00e2m \u0111\u01b0\u1eddng \u0111\u01b0\u1ee3c s\u1ea3n xu\u1ea5t theo d\u00e2y chuy\u1ec1n c\u00f4ng ngh\u1ec7 hi\u1ec7n \u0111\u1ea1i, \u0111\u1ea1t ti\u00eau chu\u1ea9n ch\u1ea5t l\u01b0\u1ee3ng an to\u00e0n v\u1ec7 sinh th\u1ef1c ph\u1ea9m gi\u00fap s\u1ea3n ph\u1ea9m v\u1eabn gi\u1eef \u0111\u01b0\u1ee3c h\u01b0\u01a1ng v\u1ecb th\u01a1m ngon v\u00e0 b\u1ed5 d\u01b0\u1ee1ng. S\u1ea3n ph\u1ea9m \u0111\u1ea3m b\u1ea3o an to\u00e0n cho s\u1ee9c kh\u1ecfe ng\u01b0\u1eddi ti\u00eau d\u00f9ng.<\/span><\/p>\n<p><span style=\"font-weight: 400\">Tr\u00e1i d\u1eeba n\u01b0\u1edbc ng\u00e2m n\u01b0\u1edbc \u0111\u01b0\u1eddng \u0111\u00e3 \u0111\u01b0\u1ee3c \u0111\u00f3ng lon nh\u00f4m nh\u1ecf g\u1ecdn, \u0111em l\u1ea1i cho b\u1ea1n s\u1ef1 ti\u1ec7n l\u1ee3i trong vi\u1ec7c s\u1eed d\u1ee5ng c\u0169ng nh\u01b0 b\u1ea3o qu\u1ea3n hay mang theo nh\u1eefng chuy\u1ebfn du l\u1ecbch, d\u00e3 ngo\u1ea1i.<\/span><\/p>\n<p><span style=\"font-weight: 400\">D\u1eeba n\u01b0\u1edbc m\u1ecdc t\u1ef1 nhi\u00ean ven c\u00e1c s\u00f4ng r\u1ea1ch \u0111\u1ed3ng b\u1eb1ng s\u00f4ng C\u1eedu Long, \u0111\u1ea3m b\u1ea3o kh\u00f4ng ph\u00e2n b\u00f3n, thu\u1ed1c tr\u1eeb s\u00e2u\u2026 \u0111\u01b0\u1ee3c thu ho\u1ea1ch khu qu\u1ea3 v\u1eeba \u0111\u1ee7 gi\u00e0.<\/span><\/p>\n<p><img decoding=\"async\" class=\"aligncenter\" src=\"https:\/\/havamall.vn\/wp-content\/uploads\/2020\/07\/1ab4fffa084806ab6a06545a461eb639.jpg\" alt=\"D\u1eeba N\u01b0\u1edbc Ng\u00e2m N\u01b0\u1edbc \u0110\u01b0\u1eddng BaanMai - Nguy\u00ean li\u1ec7u pha ch\u1ebf, L\u00e0m n\u01b0\u1edbc ...\" \/><\/p>\n<ul>\n<li><span style=\"font-weight: 400\">M\u00e0u s\u1eafc: Tr\u1eafng s\u00e1ng<\/span><\/li>\n<li><span style=\"font-weight: 400\">S\u1ed1 l\u00e1t: 17-19 l\u00e1t\/lon<\/span><\/li>\n<li><span style=\"font-weight: 400\">\u0110\u1ed9 d\u00e0y c\u01a1m &gt; 4mm<\/span><\/li>\n<li><span style=\"font-weight: 400\">M\u00f9i t\u1ef1 nhi\u00ean \u0111\u1eb7c tr\u01b0ng c\u1ee7a D\u1eeba N\u01b0\u1edbc, kh\u00f4ng c\u00f3 m\u00f9i l\u1ea1 ( m\u1ed1c, ch\u00e1y, th\u1ed1i\u2026)<\/span><\/li>\n<li><span style=\"font-weight: 400\">T\u1ef7 l\u1ec7 h\u1ea1t kh\u00f4ng \u0111\u1ea1t &lt; 2%<\/span><\/li>\n<li><span style=\"font-weight: 400\">T\u1ea1p ch\u1ea5t 0%<\/span><\/li>\n<\/ul>\n<h1><strong>H\u01b0\u1edbng d\u1eabn s\u1eed d\u1ee5ng v\u00e0 b\u1ea3o qu\u1ea3n<\/strong><\/h1>\n<ul>\n<li>C\u00f3 th\u1ec3 \u0103n li\u1ec1n (th\u00eam \u0111\u00e1).<\/li>\n<li><span style=\"font-weight: 400\">D\u00f9ng l\u00e0m th\u1ee9c u\u1ed1ng gi\u1ea3i kh\u00e1t, ch\u1ebf bi\u1ebfn th\u00e0nh c\u00e1c m\u00f3n \u0103n, \u0103n ngay, kh\u00f4ng qua x\u1eed l\u00fd nhi\u1ec7t<\/span><\/li>\n<li>Ch\u1ebf Bi\u1ebfn c\u00e1c m\u00f3n n\u01b0\u1edbc gi\u1ea3i kh\u00e1t, topping c\u00e1c m\u00f3n n\u01b0\u1edbc gi\u1ea3i kh\u00e1t, tr\u00e0 s\u1eefa, s\u1eefa t\u01b0\u01a1i, kem\u2026<img fetchpriority=\"high\" decoding=\"async\" class=\"aligncenter\" src=\"https:\/\/havamall.vn\/wp-content\/uploads\/2020\/07\/c-0-d-1530960659.jpg\" alt=\"Gi\u1ea3i nhi\u1ec7t m\u00f9a h\u00e8 v\u1edbi 2 lo\u1ea1i tr\u00e1i c\u00e2y d\u00e2n d\u00e3 mi\u1ec1n T\u00e2y\" width=\"735\" height=\"578\" \/><\/li>\n<li>D\u00f9ng ch\u1ebf bi\u1ebfn th\u1ef1c ph\u1ea9m:\u00a0 B\u00e1nh t\u01b0\u01a1i, n\u01b0\u1edbng\u2026<\/li>\n<li><span style=\"font-weight: 400\">H\u01b0\u1edbng d\u1eabn b\u1ea3o qu\u1ea3n: B\u1ea3o qu\u1ea3n n\u01a1i kh\u00f4 r\u00e1o, tho\u00e1ng m\u00e1t, tr\u00e1nh \u00e1nh n\u1eafng chi\u1ebfu tr\u1ef1c ti\u1ebfp<\/span><\/li>\n<li>H\u1ed9p \u0111\u00e3 m\u1edf ra b\u1ea3o qu\u1ea3n t\u1ee7 m\u00e1t n\u1ebfu \u0111\u1ec3 s\u1eed d\u1ee5ng tr\u00ean 24h<\/li>\n<\/ul>","protected":false},"excerpt":{"rendered":"<ul>\n<li>C\u00f3 th\u1ec3 \u0103n li\u1ec1n (th\u00eam \u0111\u00e1).<\/li>\n<li><span style=\"font-weight: 400\">D\u00f9ng l\u00e0m th\u1ee9c u\u1ed1ng gi\u1ea3i kh\u00e1t, ch\u1ebf bi\u1ebfn th\u00e0nh c\u00e1c m\u00f3n \u0103n, \u0103n ngay, kh\u00f4ng qua x\u1eed l\u00fd nhi\u1ec7t<\/span><\/li>\n<li>Ch\u1ebf Bi\u1ebfn c\u00e1c m\u00f3n n\u01b0\u1edbc gi\u1ea3i kh\u00e1t, topping c\u00e1c m\u00f3n n\u01b0\u1edbc gi\u1ea3i kh\u00e1t, tr\u00e0 s\u1eefa, s\u1eefa t\u01b0\u01a1i, kem\u2026<\/li>\n<li>D\u00f9ng ch\u1ebf bi\u1ebfn th\u1ef1c ph\u1ea9m:\u00a0 B\u00e1nh t\u01b0\u01a1i, n\u01b0\u1edbng\u2026<\/li>\n<li><span style=\"font-weight: 400\">H\u01b0\u1edbng d\u1eabn b\u1ea3o qu\u1ea3n: B\u1ea3o qu\u1ea3n n\u01a1i kh\u00f4 r\u00e1o, tho\u00e1ng m\u00e1t, tr\u00e1nh \u00e1nh n\u1eafng chi\u1ebfu tr\u1ef1c ti\u1ebfp<\/span><\/li>\n<li>H\u1ed9p \u0111\u00e3 m\u1edf ra b\u1ea3o qu\u1ea3n t\u1ee7 m\u00e1t n\u1ebfu \u0111\u1ec3 s\u1eed d\u1ee5ng tr\u00ean 24h<\/li>\n<\/ul>","protected":false},"featured_media":15353,"comment_status":"open","ping_status":"closed","template":"","meta":[],"product_brand":[],"product_cat":[36,143],"product_tag":[],"class_list":{"0":"post-15273","1":"product","2":"type-product","3":"status-publish","4":"has-post-thumbnail","6":"product_cat-thuc-pham-tieu-dung","7":"product_cat-thuc-pham-dong-hop","8":"pa_brand-bann-mai","10":"first","11":"outofstock","12":"sale","13":"shipping-taxable","14":"purchasable","15":"product-type-simple"},"_links":{"self":[{"href":"https:\/\/havamall.vn\/en\/wp-json\/wp\/v2\/product\/15273"}],"collection":[{"href":"https:\/\/havamall.vn\/en\/wp-json\/wp\/v2\/product"}],"about":[{"href":"https:\/\/havamall.vn\/en\/wp-json\/wp\/v2\/types\/product"}],"replies":[{"embeddable":true,"href":"https:\/\/havamall.vn\/en\/wp-json\/wp\/v2\/comments?post=15273"}],"version-history":[{"count":0,"href":"https:\/\/havamall.vn\/en\/wp-json\/wp\/v2\/product\/15273\/revisions"}],"wp:featuredmedia":[{"embeddable":true,"href":"https:\/\/havamall.vn\/en\/wp-json\/wp\/v2\/media\/15353"}],"wp:attachment":[{"href":"https:\/\/havamall.vn\/en\/wp-json\/wp\/v2\/media?parent=15273"}],"wp:term":[{"taxonomy":"product_brand","embeddable":true,"href":"https:\/\/havamall.vn\/en\/wp-json\/wp\/v2\/product_brand?post=15273"},{"taxonomy":"product_cat","embeddable":true,"href":"https:\/\/havamall.vn\/en\/wp-json\/wp\/v2\/product_cat?post=15273"},{"taxonomy":"product_tag","embeddable":true,"href":"https:\/\/havamall.vn\/en\/wp-json\/wp\/v2\/product_tag?post=15273"}],"curies":[{"name":"wp","href":"https:\/\/api.w.org\/{rel}","templated":true}]}}