{"id":15244,"date":"2020-07-16T11:29:51","date_gmt":"2020-07-16T04:29:51","guid":{"rendered":"https:\/\/havamall.vn\/?post_type=product&#038;p=15244"},"modified":"2021-07-13T19:33:47","modified_gmt":"2021-07-13T12:33:47","slug":"pho-mai-hun-khoi-sua-de-que-50g-smoked-cheese-goats-50g","status":"publish","type":"product","link":"https:\/\/havamall.vn\/en\/shop\/pho-mai-hun-khoi-sua-de-que-50g-smoked-cheese-goats-50g\/","title":{"rendered":"Ph\u00f4 Mai Hun Kh\u00f3i S\u1eefa D\u00ea Que 50g &#8211; Smoked Cheese Goats 50g"},"content":{"rendered":"<p><span style=\"font-weight: 400\">Ph\u00f4 mai hun kh\u00f3i NH \u0111\u01b0\u1ee3c l\u00e0m t\u1eeb th\u00e0nh ph\u1ea7n s\u1eefa, men, enzyme, mu\u1ed1i ch\u1ecdn l\u1ecdc k\u1ef9 l\u01b0\u1ee1ng cho ra th\u00e0nh ph\u1ea9m v\u1edbi ch\u1ea5t l\u01b0\u1ee3ng cao, \u0111\u00e1p \u1ee9ng y\u00eau c\u1ea7u kh\u1eaft khe c\u1ee7a ng\u01b0\u1eddi ti\u00eau d\u00f9ng. Kh\u00f4ng ch\u1ec9 c\u00f3 h\u01b0\u01a1ng v\u1ecb th\u01a1m ngon, trong ph\u00f4 mai c\u00f2n c\u00f3 l\u01b0\u1ee3ng \u0111\u1ea1m r\u1ea5t cao, chi\u1ebfm g\u1ea7n 25% t\u1ed5ng gi\u00e1 tr\u1ecb dinh d\u01b0\u1ee1ng n\u00ean ph\u00f4 mai l\u00e0 ngu\u1ed3n cung c\u1ea5p \u0111\u1ea1m d\u1ed3i d\u00e0o cho kh\u1ea9u ph\u1ea7n \u0103n, t\u01b0\u01a1ng \u0111\u01b0\u01a1ng v\u1edbi th\u1ecbt, c\u00e1, tr\u1ee9ng. S\u1ea3n ph\u1ea9m s\u1ebd l\u00e0 m\u00f3n \u0103n v\u1eb7t dinh d\u01b0\u1ee1ng v\u00e0 ph\u00f9 h\u1ee3p kh\u1ea9u v\u1ecb c\u1ee7a nhi\u1ec1u th\u00e0nh vi\u00ean trong gia \u0111\u00ecnh.<\/span><\/p>\n<h2><strong>\u0110\u1eb7c \u0111i\u1ec3m s\u1ea3n ph\u1ea9m<\/strong><\/h2>\n<p><span style=\"font-weight: 400\">L\u00e0 m\u00f3n \u0103n truy\u1ec1n th\u1ed1ng c\u1ee7a Nga<\/span><\/p>\n<p><span style=\"font-weight: 400\">S\u1ea3n ph\u1ea9m \u0111\u01b0\u1ee3c ch\u1ebf bi\u1ebfn t\u1eeb s\u1eefa d\u00ea v\u00e0 s\u1eefa b\u00f2 t\u01b0\u01a1i\u2026 k\u1ebft \u0111\u00f4ng, l\u00ean men v\u00e0 cu\u1ed1i c\u00f9ng l\u00e0 hun kh\u00f3i. Ph\u00f4 mai hun kh\u00f3i c\u00f3 ch\u1ee9a h\u1ea7u nh\u01b0 \u0111\u1ea7y \u0111\u1ee7 c\u00e1c ch\u1ea5t dinh d\u01b0\u1ee1ng c\u00f3 l\u1ee3i cho s\u1ee9c kh\u1ecfe m\u00e0 s\u1eefa mang l\u1ea1i: protein, canxi, photpho,\u2026<\/span><\/p>\n<p><span style=\"font-weight: 400\">S\u1ee3i ph\u00f4 mai hun kh\u00f3i dai dai m\u1eb7n m\u1eb7n, v\u1eeba c\u00f3 v\u1ecb b\u00e9o c\u1ee7a ph\u00f4 mai, r\u1ea5t th\u00edch h\u1ee3p l\u00e0m m\u00f3n nh\u1eafm, \u0103n v\u1eb7t.<\/span><\/p>\n<p><img decoding=\"async\" class=\"aligncenter\" src=\"https:\/\/havamall.vn\/wp-content\/uploads\/2020\/07\/img_4869.jpg\" alt=\"Smoked String Cheese\" \/><\/p>\n<p><span style=\"font-weight: 400\">khi d\u00f9ng, \u0111em ph\u00f4 mai t\u00e1ch s\u1ee3i \u0111\u00e3 \u0111\u01b0\u1ee3c xo\u1eafn th\u1eebng, x\u00e9 nh\u1ecf, \u0111\u1ec3 ngo\u00e0i kh\u00f4ng kh\u00ed 2-4 ti\u1ebfng \u0111\u1ec3 ph\u00f4 mai se l\u1ea1i, l\u00fac \u0111\u1ea5y s\u1ebd \u0103n r\u1ea5t ngon, \u0111\u1ec3 t\u0103ng th\u00eam v\u1ecb ngon n\u00ean \u0103n k\u00e8m v\u1edbi t\u01b0\u01a1ng \u1edbt. C\u00f3 th\u1ec3 \u0103n chung v\u1edbi h\u1ea3i s\u1ea3n, c\u00e1c m\u00f3n ch\u1ebf bi\u1ebfn c\u00f9ng h\u1ea3i s\u1ea3n nh\u01b0 m\u00ec \u1ed1ng, b\u00e1nh pizza\u2026<\/span><\/p>\n<p><span style=\"font-weight: 400\">Ngo\u00e0i vi\u1ec7c \u0103n li\u1ec1n (\u0103n kh\u00f4ng \u2013 gi\u1ed1ng ki\u1ec3u \u0103n v\u1eb7t, nh\u00e2m nhi c\u00f9ng v\u1edbi th\u1ecbt b\u00f2 kh\u00f4, bia, r\u01b0\u1ee3u vodka,\u2026) b\u1ea1n c\u00f3 th\u1ec3 \u0103n phomai d\u00e2y x\u00f4ng kh\u00f3i v\u1edbi salad, ho\u1eb7c cho v\u00e0o n\u01b0\u1edbng pizza, hay c\u1ea7u k\u1ef3 h\u01a1n c\u00f3 th\u1ec3 l\u00e0m m\u00f3n \u201cCarpaccio c\u00e1 h\u1ed3i v\u1edbi ph\u00f4 mai x\u00f4ng kh\u00f3i\u201d<\/span><\/p>\n<p><span style=\"font-weight: 400\">L\u01b0u \u00fd:<\/span><\/p>\n<p><span style=\"font-weight: 400\">\u2013 Khi mua phomai d\u00e2y v\u1ec1 n\u1ebfu kh\u00f4ng c\u00f3 \u00fd \u0111\u1ecbnh \u0111\u1ec3 l\u00e2u th\u00ec b\u1ea1n n\u00ean \u0111\u1ec3 1 v\u00e0i d\u00e2y phomai \u1edf ngo\u00e0i kh\u00f4ng kh\u00ed tho\u00e1ng \u0111\u00e3ng , khi d\u00f9ng b\u1ea1n t\u00e1ch t\u1eebng s\u1ee3i phomai \u0111\u00e3 \u0111\u01b0\u1ee3c xo\u1eafn th\u1eebng ra (l\u01b0u \u00fd t\u00e1ch c\u00e0ng nh\u1ecf c\u00e0ng t\u1ed1t), \u0111\u1ec3 \u1edf ngo\u00e0i kh\u00f4ng kh\u00ed n\u01a1i kh\u00f4 r\u00e1o kho\u1ea3ng 2-4 ti\u1ebfng \u0111\u1ec3 phomai h\u01a1i kh\u00f4 se se l\u1ea1i . L\u00fac \u0111\u1ea5y l\u00e0 th\u1eddi \u0111i\u1ec3m phomai \u0103n ngon nh\u1ea5t.<\/span><\/p>\n<p><span style=\"font-weight: 400\">\u2013 N\u1ebfu t\u00e1ch ra \u0103n kh\u00f4ng h\u1ebft, b\u1ea1n \u0111\u1ec3 phomai v\u00e0o t\u00fai nilon r\u1ed3i bu\u1ed9c k\u00edn v\u00e0 gi\u1eef l\u1ea1i trong ng\u0103n m\u00e1t t\u1ee7 l\u1ea1nh. (Phomai s\u1ebd b\u1ecb kh\u00f4 n\u1ebfu \u0111\u1ec3 \u1edf ngo\u00e0i qu\u00e1 l\u00e2u, tr\u00ean 12 ti\u1ebfng \u0111\u1ed3ng h\u1ed3)<\/span><\/p>\n<p><img decoding=\"async\" class=\"aligncenter\" src=\"https:\/\/havamall.vn\/wp-content\/uploads\/2020\/07\/cropped-Cheese-table_1200x630.jpg\" alt=\"Leprino Foods | Global Dairy Ingredients Supplier\" \/><\/p>\n<ul>\n<li><span style=\"font-weight: 400\">Th\u00e0nh ph\u1ea7n: S\u1eefa d\u00ea t\u01b0\u01a1i, s\u1eefa b\u00f2 t\u01b0\u01a1i, mu\u1ed1i \u0103n, men s\u1eefa.<\/span><\/li>\n<li><span style=\"font-weight: 400\">Ch\u1ec9 ti\u00eau ch\u1ea5t l\u01b0\u1ee3ng ch\u00ednh: Protein-\u0111\u1ea1m (34,56%).<\/span><\/li>\n<li><span style=\"font-weight: 400\">H\u01b0\u1edbng d\u1eabn s\u1eed d\u1ee5ng: S\u1ea3n ph\u1ea9m \u0103n li\u1ec1n, kh\u00f4ng c\u1ea7n ch\u1ebf bi\u1ebfn l\u1ea1i. T\u00e1ch s\u1ee3i \u0103n tr\u1ef1c ti\u1ebfp, \u0103n c\u00f9ng t\u01b0\u01a1ng \u1edbt, m\u00f9 t\u1ea1t, ngon nh\u1ea5t khi \u0103n k\u00e8m v\u1edbi bia, r\u01b0\u1ee3u.<\/span><\/li>\n<li><span style=\"font-weight: 400\">H\u01b0\u1edbng d\u1eabn b\u1ea3o qu\u1ea3n: 4 \u0111\u1ed9 C \u2013 16 \u0111\u1ed9 C.<\/span><\/li>\n<li><span style=\"font-weight: 400\">Kh\u1ed1i l\u01b0\u1ee3ng t\u1ecbnh: 50g<\/span><\/li>\n<li><span style=\"font-weight: 400\">Xu\u1ea5t x\u1ee9: Nga<\/span><\/li>\n<\/ul>","protected":false},"excerpt":{"rendered":"<ul>\n<li><span style=\"font-weight: 400\">Th\u00e0nh ph\u1ea7n: S\u1eefa d\u00ea t\u01b0\u01a1i, s\u1eefa b\u00f2 t\u01b0\u01a1i, mu\u1ed1i \u0103n, men s\u1eefa.<\/span><\/li>\n<li><span style=\"font-weight: 400\">Ch\u1ec9 ti\u00eau ch\u1ea5t l\u01b0\u1ee3ng ch\u00ednh: Protein-\u0111\u1ea1m (34,56%).<\/span><\/li>\n<li><span style=\"font-weight: 400\">H\u01b0\u1edbng d\u1eabn s\u1eed d\u1ee5ng: S\u1ea3n ph\u1ea9m \u0103n li\u1ec1n, kh\u00f4ng c\u1ea7n ch\u1ebf bi\u1ebfn l\u1ea1i. T\u00e1ch s\u1ee3i \u0103n tr\u1ef1c ti\u1ebfp, \u0103n c\u00f9ng t\u01b0\u01a1ng \u1edbt, m\u00f9 t\u1ea1t, ngon nh\u1ea5t khi \u0103n k\u00e8m v\u1edbi bia, r\u01b0\u1ee3u.<\/span><\/li>\n<li><span style=\"font-weight: 400\">H\u01b0\u1edbng d\u1eabn b\u1ea3o qu\u1ea3n: 4 \u0111\u1ed9 C \u2013 16 \u0111\u1ed9 C.<\/span><\/li>\n<li><span style=\"font-weight: 400\">Kh\u1ed1i l\u01b0\u1ee3ng t\u1ecbnh:\u00a0<\/span><\/li>\n<li><span style=\"font-weight: 400\">Xu\u1ea5t x\u1ee9: Nga<\/span><\/li>\n<\/ul>","protected":false},"featured_media":15257,"comment_status":"open","ping_status":"closed","template":"","meta":[],"product_brand":[],"product_cat":[275,36],"product_tag":[],"class_list":{"0":"post-15244","1":"product","2":"type-product","3":"status-publish","4":"has-post-thumbnail","6":"product_cat-thuc-pham-dong-lanh","7":"product_cat-thuc-pham-tieu-dung","9":"first","10":"outofstock","11":"sale","12":"shipping-taxable","13":"purchasable","14":"product-type-simple"},"_links":{"self":[{"href":"https:\/\/havamall.vn\/en\/wp-json\/wp\/v2\/product\/15244"}],"collection":[{"href":"https:\/\/havamall.vn\/en\/wp-json\/wp\/v2\/product"}],"about":[{"href":"https:\/\/havamall.vn\/en\/wp-json\/wp\/v2\/types\/product"}],"replies":[{"embeddable":true,"href":"https:\/\/havamall.vn\/en\/wp-json\/wp\/v2\/comments?post=15244"}],"version-history":[{"count":0,"href":"https:\/\/havamall.vn\/en\/wp-json\/wp\/v2\/product\/15244\/revisions"}],"wp:featuredmedia":[{"embeddable":true,"href":"https:\/\/havamall.vn\/en\/wp-json\/wp\/v2\/media\/15257"}],"wp:attachment":[{"href":"https:\/\/havamall.vn\/en\/wp-json\/wp\/v2\/media?parent=15244"}],"wp:term":[{"taxonomy":"product_brand","embeddable":true,"href":"https:\/\/havamall.vn\/en\/wp-json\/wp\/v2\/product_brand?post=15244"},{"taxonomy":"product_cat","embeddable":true,"href":"https:\/\/havamall.vn\/en\/wp-json\/wp\/v2\/product_cat?post=15244"},{"taxonomy":"product_tag","embeddable":true,"href":"https:\/\/havamall.vn\/en\/wp-json\/wp\/v2\/product_tag?post=15244"}],"curies":[{"name":"wp","href":"https:\/\/api.w.org\/{rel}","templated":true}]}}