{"id":15222,"date":"2020-07-16T09:21:22","date_gmt":"2020-07-16T02:21:22","guid":{"rendered":"https:\/\/havamall.vn\/?post_type=product&#038;p=15222"},"modified":"2022-12-28T11:46:48","modified_gmt":"2022-12-28T04:46:48","slug":"15222","status":"publish","type":"product","link":"https:\/\/havamall.vn\/en\/shop\/15222\/","title":{"rendered":"\u0110\u00e0o Ng\u00e2m Golden Classic &#8211; Peach In Syrup Golden Classic"},"content":{"rendered":"<p>Kho\u1ea3ng 80% ng\u01b0\u1eddi ti\u00eau d\u00f9ng Vi\u1ec7t Nam coi v\u1ea5n \u0111\u1ec1 an to\u00e0n th\u1ef1c ph\u1ea9m l\u00e0 quan tr\u1ecdng nh\u1ea5t, tr\u00ean c\u1ea3 c\u00f4ng vi\u1ec7c, chi ph\u00ed sinh ho\u1ea1t, v\u00e0 thi\u00ean tai.\u201d \u2013 Lu\u00f4n l\u1eafng nghe, th\u1ea5u hi\u1ec3u m\u1ed1i quan t\u00e2m c\u1ee7a ng\u01b0\u1eddi Vi\u1ec7t Nam v\u1ec1 s\u1ef1 an to\u00e0n c\u1ee7a th\u1ef1c ph\u1ea9m hi\u1ec7n nay, Golden lu\u00f4n tu\u00e2n th\u1ee7 tuy\u1ec7t \u0111\u1ed1i ch\u1ea5t l\u01b0\u1ee3ng v\u1ec7 sinh th\u1ef1c ph\u1ea9m t\u1eeb qu\u00e1 tr\u00ecnh thu mua, ch\u1ebf bi\u1ebfn, \u0111\u00f3ng g\u00f3i v\u00e0 nh\u1eadp kh\u1ea9u v\u1ec1 Vi\u1ec7t Nam. S\u1ea3n ph\u1ea9m c\u1ee7a Golden \u0111\u00e3 \u0111\u01b0\u1ee3c ch\u1ee9ng nh\u1eadn HACCP qu\u1ed1c t\u1ebf, \u0111\u1ee7 \u0111i\u1ec1u ki\u1ec7n cung c\u1ea5p s\u1ea3n ph\u1ea9m cho nh\u1eefng nh\u00e0 h\u00e0ng, kh\u00e1ch s\u1ea1n 5 sao tr\u00ean th\u1ebf gi\u1edbi.<\/p>\n<p><img fetchpriority=\"high\" decoding=\"async\" class=\"wp-image-15225 aligncenter\" src=\"https:\/\/havamall.vn\/wp-content\/uploads\/2020\/07\/\u0111\u00e0o-1-300x300.jpg\" alt=\"\" width=\"592\" height=\"592\" srcset=\"https:\/\/havamall.vn\/wp-content\/uploads\/2020\/07\/\u0111\u00e0o-1-300x300.jpg 300w, https:\/\/havamall.vn\/wp-content\/uploads\/2020\/07\/\u0111\u00e0o-1-430x430.jpg 430w, https:\/\/havamall.vn\/wp-content\/uploads\/2020\/07\/\u0111\u00e0o-1-150x150.jpg 150w, https:\/\/havamall.vn\/wp-content\/uploads\/2020\/07\/\u0111\u00e0o-1-700x700.jpg 700w, https:\/\/havamall.vn\/wp-content\/uploads\/2020\/07\/\u0111\u00e0o-1-768x768.jpg 768w, https:\/\/havamall.vn\/wp-content\/uploads\/2020\/07\/\u0111\u00e0o-1-600x600.jpg 600w, https:\/\/havamall.vn\/wp-content\/uploads\/2020\/07\/\u0111\u00e0o-1-100x100.jpg 100w, https:\/\/havamall.vn\/wp-content\/uploads\/2020\/07\/\u0111\u00e0o-1.jpg 800w\" sizes=\"(max-width: 592px) 100vw, 592px\" \/><\/p>\n<h1><strong>\u0110\u1eb7c \u0111i\u1ec3m n\u1ed5i b\u1eadt<\/strong><\/h1>\n<p>\u0110\u00e0o Ng\u00e2m Golden \u2013 850g \u2013 th\u01b0\u01a1ng hi\u1ec7u \u0111\u01b0\u1ee3c gi\u1edbi tr\u1ebb \u01b0a th\u00edch v\u00e0 cu\u1ed3ng nhi\u1ec7t t\u1ea1i x\u1ee9 s\u1edf b\u00f2 t\u00f3t T\u00e2y Ban Nha, \u0111\u00e3 xu\u1ea5t hi\u1ec7n ch\u00e0o s\u00e2n t\u1ea1i th\u1ecb tr\u01b0\u1eddng Vi\u1ec7t Nam. Nh\u1eefng tr\u00e1i \u0111\u00e0o t\u01b0\u01a1i ngon v\u1eeba \u0111\u1ebfn \u0111\u1ed9 ch\u00edn, \u0111\u01b0\u1ee3c h\u00e1i tr\u1ef1c ti\u1ebfp t\u1eeb c\u00e2y v\u00e0 ch\u1ecdn l\u1ef1a k\u0129 l\u01b0\u1ee1ng v\u00e0 ngay sau \u0111\u00f3 \u0111\u01b0\u1ee3c ch\u1ebf bi\u1ebfn, b\u1ea3o qu\u1ea3n v\u00e0 \u0111\u00f3ng g\u00f3i b\u1eb1ng c\u00f4ng ngh\u1ec7 hi\u1ec7n \u0111\u1ea1i nh\u1ea5t Ch\u00e2u \u00c2u, do \u0111\u00f3 m\u00f9i h\u01b0\u01a1ng v\u00e0 tinh ch\u1ea5t b\u1ed5 d\u01b0\u1ee1ng c\u1ee7a \u0111\u00e0o h\u1ea7u nh\u01b0 \u0111\u01b0\u1ee3c gi\u1eef nguy\u00ean.<\/p>\n<p><img decoding=\"async\" class=\"wp-image-15224 aligncenter\" src=\"https:\/\/havamall.vn\/wp-content\/uploads\/2020\/07\/9a743636b8b5c7d9665827b7faa20103-1-300x264.jpg\" alt=\"\" width=\"715\" height=\"630\" srcset=\"https:\/\/havamall.vn\/wp-content\/uploads\/2020\/07\/9a743636b8b5c7d9665827b7faa20103-1-300x264.jpg 300w, https:\/\/havamall.vn\/wp-content\/uploads\/2020\/07\/9a743636b8b5c7d9665827b7faa20103-1-430x378.jpg 430w, https:\/\/havamall.vn\/wp-content\/uploads\/2020\/07\/9a743636b8b5c7d9665827b7faa20103-1-150x132.jpg 150w, https:\/\/havamall.vn\/wp-content\/uploads\/2020\/07\/9a743636b8b5c7d9665827b7faa20103-1-700x616.jpg 700w, https:\/\/havamall.vn\/wp-content\/uploads\/2020\/07\/9a743636b8b5c7d9665827b7faa20103-1-768x676.jpg 768w, https:\/\/havamall.vn\/wp-content\/uploads\/2020\/07\/9a743636b8b5c7d9665827b7faa20103-1-600x528.jpg 600w, https:\/\/havamall.vn\/wp-content\/uploads\/2020\/07\/9a743636b8b5c7d9665827b7faa20103-1.jpg 909w\" sizes=\"(max-width: 715px) 100vw, 715px\" \/><\/p>\n<table>\n<tbody>\n<tr>\n<td class=\"specs-table__property\"><strong>H\u1ea1n s\u1eed d\u1ee5ng<\/strong><\/td>\n<td class=\"specs-table__value\">36 th\u00e1ng<\/td>\n<\/tr>\n<tr>\n<td class=\"specs-table__property\"><strong>Quy c\u00e1ch \u0111\u00f3ng g\u00f3i (s\u1ec9)<\/strong><\/td>\n<td class=\"specs-table__value\">12 Lon\/th\u00f9ng<\/td>\n<\/tr>\n<tr>\n<td class=\"specs-table__property\"><strong>Kh\u1ed1i l\u01b0\u1ee3ng<\/strong><\/td>\n<td class=\"specs-table__value\">820g<\/td>\n<\/tr>\n<tr>\n<td class=\"specs-table__property\"><strong>H\u01b0\u1edbng d\u1eabn s\u1eed d\u1ee5ng<\/strong><\/td>\n<td class=\"specs-table__value\">D\u00f9ng tr\u1ef1c ti\u1ebfp ho\u1eb7c d\u00f9ng \u0111\u1ec3 ch\u1ebf bi\u1ebfn tr\u00e0 \u0111\u00e0o v\u00e0 c\u00e1c m\u00f3n tr\u00e1ng mi\u1ec7ng, pha ch\u1ebf cocktail, tr\u00e0, l\u00e0m c\u00e1c lo\u1ea1i b\u00e1nh, b\u00e1nh kem, trang tr\u00ed, u\u1ed1ng &#8230;<\/td>\n<\/tr>\n<tr>\n<td class=\"specs-table__property\"><strong>Th\u00e0nh ph\u1ea7n nguy\u00ean li\u1ec7u<\/strong><\/td>\n<td class=\"specs-table__value\">\u0110\u00e0o, n\u01b0\u1edbc, \u0111\u01b0\u1eddng, ch\u1ea5t \u0111i\u1ec1u ch\u1ec9nh \u0111\u1ed9 axit: E330,&#8230;<\/td>\n<\/tr>\n<tr>\n<td class=\"specs-table__property\"><strong>H\u01b0\u1edbng d\u1eabn b\u1ea3o qu\u1ea3n<\/strong><\/td>\n<td class=\"specs-table__value\">B\u1ea3o qu\u1ea3n n\u01a1i kh\u00f4 r\u00e1o tho\u00e1ng m\u00e1t. Sau khi m\u1edf, b\u1ea3o qu\u1ea3n l\u1ea1nh trong \u0111\u1ed3 \u0111\u1ef1ng b\u1eb1ng th\u1ee7y tinh ho\u1eb7c nh\u1ef1a v\u00e0 s\u1eed d\u1ee5ng trong 3 ng\u00e0y<\/td>\n<\/tr>\n<tr>\n<td class=\"specs-table__property\"><strong>Xu\u1ea5t x\u1ee9<\/strong><\/td>\n<td class=\"specs-table__value\">T\u00e2y Ban Nha<\/td>\n<\/tr>\n<\/tbody>\n<\/table>\n<p>S\u1ee9c kh\u1ecfe v\u00e0 s\u1ef1 an to\u00e0n c\u1ee7a kh\u00e1ch h\u00e0ng l\u00e0 m\u1ed1i quan t\u00e2m h\u00e0ng \u0111\u1ea7u c\u1ee7a Golden. C\u00f3 th\u1ec3 kh\u1eb3ng \u0111\u1ecbnh r\u1eb1ng, \u0111\u00e0o \u0111\u00f3ng h\u1ed9p ng\u00e2m syrup Golden l\u00e0 s\u1ea3n ph\u1ea9m \u0111\u00e0o \u0111\u1ea1t \u0111\u1ee7 y\u00eau c\u1ea7u v\u1ec1 ch\u1ea5t l\u01b0\u1ee3ng nh\u1ea5t th\u1ecb tr\u01b0\u1eddng hi\u1ec7n nay.<\/p>\n<p><strong>\u0110\u00e0o ng\u00e2m Golden Classic\u00a0<\/strong>\u0111\u01b0\u1ee3c \u0111\u00f3ng lon\u00a0ti\u1ec7n d\u1ee5ng, d\u1ec5 b\u1ea3o qu\u1ea3n v\u00e0 d\u00f9ng \u0111\u01b0\u1ee3c l\u00e2u. B\u1ea1n c\u0169ng c\u00f3 th\u1ec3 mang theo d\u1ec5 d\u00e0ng trong nh\u1eefng chuy\u1ebfn \u0111i ch\u01a1i, picnic \u0111\u1ec3 c\u00f9ng chia s\u1ebb v\u1edbi m\u1ecdi ng\u01b0\u1eddi hay d\u00e0nh l\u00e0m qu\u00e0 t\u1eb7ng cho b\u1ea1n b\u00e8, ng\u01b0\u1eddi th\u00e2n.\u00a0S\u1ea3n ph\u1ea9m do Havamall ph\u00e2n ph\u1ed1i lu\u00f4n mang \u0111\u1ebfn ch\u1ea5t l\u01b0\u1ee3ng\u00a0t\u1ed1t nh\u1ea5t cho ng\u01b0\u1eddi ti\u00eau d\u00f9ng.<\/p>\n<p><img decoding=\"async\" class=\"aligncenter\" src=\"https:\/\/havamall.vn\/wp-content\/uploads\/2020\/07\/silvia-collocas-preserved-peaches-in-vanilla-syrup-27674-2.jpg\" alt=\"Silvia Colloca\" \/><\/p>\n<p><strong>\u0110\u00e0o ng\u00e2m Golden Classic<\/strong> l\u00e0 nguy\u00ean li\u1ec7u ch\u00ednh d\u00f9ng \u0111\u1ec3 pha ch\u1ebf tr\u00e0 \u0111\u00e0o Hot nh\u1ea5t hi\u1ec7n nay. Mi\u1ebfng \u0111\u00e0o gi\u00f2n, chua nh\u1eb9 k\u1ebft h\u1ee3p v\u1edbi tr\u00e0 \u0111\u00e0o m\u00e1t l\u1ea1nh l\u00e0 m\u00f3n gi\u1ea3i kh\u00e1t b\u00e1n ch\u1ea1y nh\u1ea5t t\u1eeb caf\u00e9 sang tr\u1ecdng \u0111\u1ebfn h\u00e0ng qu\u00e1n v\u1ec9a h\u00e8<\/p>\n<p><img decoding=\"async\" class=\"aligncenter\" src=\"https:\/\/havamall.vn\/wp-content\/uploads\/2020\/07\/IMG_6243.jpg\" alt=\"Small Batch Canned Peaches \u2013 The Fountain Avenue Kitchen\" \/><\/p>\n<h1><strong>C\u00f4ng d\u1ee5ng v\u00e0 b\u1ea3o qu\u1ea3n<\/strong><\/h1>\n<p>S\u1eed d\u1ee5ng \u0111\u00e0o ng\u00e2m Golden Classic \u0111\u1ec3 pha tr\u00e0 \u0111\u00e0o:<\/p>\n<ul>\n<li>Sau khi l\u1ecdc tr\u00e0 \u0111\u00e0o l\u1ea5y n\u01b0\u1edbc th\u00ec \u0111\u1ec3 mi\u1ebfng \u0111\u00e0o ng\u00e2m Golden Classic l\u00ean tr\u00ean trang tr\u00ed (c\u00f3 th\u1ec3 \u0111\u1ec3 nguy\u00ean mi\u1ebfng ho\u1eb7c c\u1eaft m\u1ecfng t\u00f9y theo h\u00ecnh th\u1ee9c trang tr\u00ed). B\u1ecf th\u00eam 1 mu\u1ed7ng l\u1edbn sir\u00f4 trong h\u1ed9p v\u00e0o \u0111\u1ec3 t\u0103ng th\u00eam v\u1ecb \u0111\u00e0o (Siro c\u00f3 th\u1ec3 d\u00f9ng Torani, Monin\u2026 \u0111\u1ec3 \u0111\u1ea1t \u0111\u01b0\u1ee3c m\u00f9i v\u1ecb mong mu\u1ed1n)<\/li>\n<li>C\u00e1ch b\u1ea3o qu\u1ea3n \u0111\u00e0o h\u1ed9p Golden Classic: \u0110\u00f3ng h\u1ed9p ch\u1eafc ch\u1eafn n\u00ean c\u00f3 th\u1ec3 b\u1ea3o qu\u1ea3n b\u1ea5t c\u1ee9 \u0111\u00e2u. Tr\u00e1nh \u00e1nh n\u1eafng chi\u1ebfu tr\u1ef1c ti\u1ebfp v\u00e0o h\u1ed9p \u0111\u00e0o s\u1ebd l\u00e0m h\u1ed9p n\u00f3ng l\u00ean v\u00e0 c\u00f3 th\u1ec3 b\u1ecb h\u01b0.<\/li>\n<\/ul>\n<p><img decoding=\"async\" class=\"aligncenter\" src=\"https:\/\/havamall.vn\/wp-content\/uploads\/2020\/07\/cach-lam-dao-ngam-gion-ngon-nhu-mua-ngoai-tiem9.jpg\" alt=\"Video] C\u00e1ch l\u00e0m \u0111\u00e0o ng\u00e2m gi\u00f2n ngon nh\u01b0 mua ngo\u00e0i ti\u1ec7m m\u00e0 c\u1ef1c d\u1ec5 l\u00e0m\" \/><\/p>\n<ul>\n<li>H\u1ed9p \u0111\u00e3 m\u1edf ra b\u1ea3o qu\u1ea3n t\u1ee7 m\u00e1t n\u1ebfu \u0111\u1ec3 s\u1eed d\u1ee5ng tr\u00ean 24h<\/li>\n<li>Nguy\u00ean li\u1ec7u ch\u00ednh d\u00f9ng \u0111\u1ec3 pha ch\u1ebf tr\u00e0 \u0111\u00e0o \u0111ang hot hi\u1ec7n nay, ngo\u00e0i ra c\u00f2n \u0111\u01b0\u1ee3c d\u00f9ng \u0111\u1ec3 trang tr\u00ed ho\u1eb7c l\u00e0m Bing-su \u0111\u00e0o<\/li>\n<li>Khui n\u1eafp ra l\u00e0 c\u00f3 th\u1ec3 s\u1eed d\u1ee5ng \u0111\u01b0\u1ee3c ngay ho\u1eb7c \u0111\u1ec3 c\u1eaft l\u00e1t d\u00f9ng trong tr\u00e0 \u0111\u00e0o , l\u00e0m b\u00e1nh kem. Ho\u1eb7c xoay nhuy\u1ec5n trong sinh t\u1ed1 \u0111\u00e1 xay<\/li>\n<\/ul>\n<p>H\u00e3y l\u1ef1a ch\u1ecdn Havamall l\u00e0m n\u01a1i mua h\u00e0ng uy t\u00edn c\u1ee7a b\u1ea1n \u0111\u1ec3 \u0111\u1ea3m b\u1ea3o gi\u00e1 th\u00e0nh ph\u1ea3i ch\u0103ng v\u00e0 ch\u1ea5t l\u01b0\u1ee3ng tuy\u1ec7t v\u1eddi!!!<\/p>","protected":false},"excerpt":{"rendered":"<ul>\n<li><strong>\u0110\u00e0o ng\u00e2m Golden Classic\u00a0<\/strong>\u0111\u01b0\u1ee3c \u0111\u00f3ng lon\u00a0ti\u1ec7n d\u1ee5ng, d\u1ec5 b\u1ea3o qu\u1ea3n v\u00e0 d\u00f9ng \u0111\u01b0\u1ee3c l\u00e2u. B\u1ea1n c\u0169ng c\u00f3 th\u1ec3 mang theo d\u1ec5 d\u00e0ng trong nh\u1eefng chuy\u1ebfn \u0111i ch\u01a1i, picnic \u0111\u1ec3 c\u00f9ng chia s\u1ebb v\u1edbi m\u1ecdi ng\u01b0\u1eddi hay d\u00e0nh l\u00e0m qu\u00e0 t\u1eb7ng cho b\u1ea1n b\u00e8, ng\u01b0\u1eddi th\u00e2n.<\/li>\n<li>S\u1ea3n ph\u1ea9m do Havamall ph\u00e2n ph\u1ed1i lu\u00f4n mang \u0111\u1ebfn ch\u1ea5t l\u01b0\u1ee3ng\u00a0t\u1ed1t nh\u1ea5t cho ng\u01b0\u1eddi ti\u00eau d\u00f9ng.<\/li>\n<li>Nguy\u00ean li\u1ec7u ch\u00ednh d\u00f9ng \u0111\u1ec3 pha ch\u1ebf tr\u00e0 \u0111\u00e0o \u0111ang hot hi\u1ec7n nay, ngo\u00e0i ra c\u00f2n \u0111\u01b0\u1ee3c d\u00f9ng \u0111\u1ec3 trang tr\u00ed ho\u1eb7c l\u00e0m Bing-su \u0111\u00e0o<\/li>\n<li>Khui n\u1eafp ra l\u00e0 c\u00f3 th\u1ec3 s\u1eed d\u1ee5ng \u0111\u01b0\u1ee3c ngay ho\u1eb7c \u0111\u1ec3 c\u1eaft l\u00e1t d\u00f9ng trong tr\u00e0 \u0111\u00e0o , l\u00e0m b\u00e1nh kem. Ho\u1eb7c xay nhuy\u1ec5n trong sinh t\u1ed1 \u0111\u00e1 xay<\/li>\n<\/ul>\n<p>&nbsp;<\/p>","protected":false},"featured_media":15225,"comment_status":"open","ping_status":"closed","template":"","meta":[],"product_brand":[],"product_cat":[36,143],"product_tag":[],"class_list":{"0":"post-15222","1":"product","2":"type-product","3":"status-publish","4":"has-post-thumbnail","6":"product_cat-thuc-pham-tieu-dung","7":"product_cat-thuc-pham-dong-hop","9":"first","10":"instock","11":"sale","12":"shipping-taxable","13":"purchasable","14":"product-type-variable"},"_links":{"self":[{"href":"https:\/\/havamall.vn\/en\/wp-json\/wp\/v2\/product\/15222"}],"collection":[{"href":"https:\/\/havamall.vn\/en\/wp-json\/wp\/v2\/product"}],"about":[{"href":"https:\/\/havamall.vn\/en\/wp-json\/wp\/v2\/types\/product"}],"replies":[{"embeddable":true,"href":"https:\/\/havamall.vn\/en\/wp-json\/wp\/v2\/comments?post=15222"}],"version-history":[{"count":0,"href":"https:\/\/havamall.vn\/en\/wp-json\/wp\/v2\/product\/15222\/revisions"}],"wp:featuredmedia":[{"embeddable":true,"href":"https:\/\/havamall.vn\/en\/wp-json\/wp\/v2\/media\/15225"}],"wp:attachment":[{"href":"https:\/\/havamall.vn\/en\/wp-json\/wp\/v2\/media?parent=15222"}],"wp:term":[{"taxonomy":"product_brand","embeddable":true,"href":"https:\/\/havamall.vn\/en\/wp-json\/wp\/v2\/product_brand?post=15222"},{"taxonomy":"product_cat","embeddable":true,"href":"https:\/\/havamall.vn\/en\/wp-json\/wp\/v2\/product_cat?post=15222"},{"taxonomy":"product_tag","embeddable":true,"href":"https:\/\/havamall.vn\/en\/wp-json\/wp\/v2\/product_tag?post=15222"}],"curies":[{"name":"wp","href":"https:\/\/api.w.org\/{rel}","templated":true}]}}