{"id":15207,"date":"2020-07-14T11:30:35","date_gmt":"2020-07-14T04:30:35","guid":{"rendered":"https:\/\/havamall.vn\/?post_type=product&#038;p=15207"},"modified":"2026-03-02T08:28:32","modified_gmt":"2026-03-02T01:28:32","slug":"hat-huong-duong-tach-vo-goi-200g-sunflower-seed-200g","status":"publish","type":"product","link":"https:\/\/havamall.vn\/en\/shop\/hat-huong-duong-tach-vo-goi-200g-sunflower-seed-200g\/","title":{"rendered":"H\u1ea1t H\u01b0\u1edbng D\u01b0\u01a1ng T\u00e1ch V\u1ecf G\u00f3i 200g &#8211; Sunflower Seed 200g"},"content":{"rendered":"<p><b>H\u1ea1t h\u01b0\u1edbng d\u01b0\u01a1ng b\u00f3c v\u1ecf <\/b><span style=\"font-weight: 400\">v\u1edbi h\u01b0\u01a1ng v\u1ecb b\u00f9i b\u00f9i \u0111\u1eb7c tr\u01b0ng, \u0111\u00e2y l\u00e0 nguy\u00ean li\u1ec7u kh\u00f4ng th\u1ec3 thi\u1ebfu \u0111\u1ec3 l\u00e0m nh\u00e2n b\u00e1nh Trung thu th\u1eadp c\u1ea9m v\u00e0 l\u00e0 m\u00f3n \u0103n v\u1eb7t \u01b0a th\u00edch c\u1ee7a nhi\u1ec1u ng\u01b0\u1eddi.<\/span><\/p>\n<h2><b>\u0110\u1eb7c \u0111i\u1ec3m n\u1ed5i b\u1eadt c\u1ee7a s\u1ea3n ph\u1ea9m<\/b><\/h2>\n<p><span style=\"font-weight: 400\">\u0110\u01b0\u1ee3c ch\u1ecdn l\u1ecdc t\u1eeb nh\u1eefng h\u1ea1t h\u01b0\u1edbng d\u01b0\u01a1ng t\u01b0\u01a1i ngon nh\u1ea5t, qua qu\u00e1 tr\u00ecnh s\u1ea3n xu\u1ea5t tr\u00ean d\u00e2y chuy\u1ec1n c\u00f4ng ngh\u1ec7 hi\u1ec7n \u0111\u1ea1i, l\u1edbp v\u1ecf ngo\u00e0i c\u1ee7a h\u1ea1t \u0111\u01b0\u1ee3c t\u00e1ch b\u1ecf, nh\u00e2n \u0111\u01b0\u1ee3c l\u00e0m s\u1ea1ch, mang \u0111\u1ebfn ch\u1ea5t l\u01b0\u1ee3ng t\u1ed1t nh\u1ea5t v\u00e0 an to\u00e0n v\u1edbi s\u1ee9c kh\u1ecfe ng\u01b0\u1eddi ti\u00eau d\u00f9ng.<\/span><\/p>\n<p><b>H\u1ea1t h\u01b0\u1edbng d\u01b0\u01a1ng b\u00f3c v\u1ecf<\/b><span style=\"font-weight: 400\"> c\u00f2n c\u00f3 ch\u1ee9a c\u00e1c vitamin quan tr\u1ecdng, kho\u00e1ng ch\u1ea5t v\u00e0 axit b\u00e9o thi\u1ebft y\u1ebfu, gi\u00fap b\u1ea3o v\u1ec7 da, t\u1ed1t cho h\u1ec7 th\u1ea7n kinh, gi\u00fap x\u01b0\u01a1ng ch\u1eafc kh\u1ecfe v\u00e0 ch\u1ed1ng vi\u00eam.<\/span><\/p>\n<p><span style=\"font-weight: 400\">B\u1ea1n c\u00f3 th\u1ec3 \u0103n tr\u1ef1c ti\u1ebfp ho\u1eb7c tr\u1ed9n s\u1ea3n ph\u1ea9m v\u1edbi c\u00e1c nguy\u00ean li\u1ec7u kh\u00e1c m\u1ed9t c\u00e1ch nhanh ch\u00f3ng, gi\u00fap b\u1ea1n ti\u1ebft ki\u1ec7m t\u1ed1i \u0111a c\u00f4ng s\u1ee9c v\u00e0 th\u1eddi gian ch\u1ebf bi\u1ebfn, v\u00f4 c\u00f9ng ti\u1ec7n l\u1ee3i.<\/span><\/p>\n<p><img fetchpriority=\"high\" decoding=\"async\" class=\"aligncenter\" src=\"https:\/\/havamall.com\/wp-content\/uploads\/2026\/03\/hat-huong-duong-tach-vo-2.jpg\" alt=\"H\u1ea1t h\u01b0\u1edbng d\u01b0\u01a1ng t\u00e1ch v\u1ecf ti\u1ec7n d\u1ee5ng m\u00e0 c\u00f2n t\u1ed1t cho s\u1ee9c kho\u1ebb\" width=\"877\" height=\"658\" \/><\/p>\n<h2><b>Th\u00f4ng tin chi ti\u1ebft:<\/b><\/h2>\n<p><span style=\"font-weight: 400\">&#8211; Th\u00e0nh ph\u1ea7n: H\u1ea1t h\u01b0\u1edbng d\u01b0\u01a1ng t\u00e1ch v\u1ecf<\/span><\/p>\n<p><span style=\"font-weight: 400\">&#8211; Tr\u1ecdng l\u01b0\u1ee3ng: 200gr<\/span><\/p>\n<p><span style=\"font-weight: 400\">&#8211; Xu\u1ea5t x\u1ee9: \u1ea4n \u0110\u1ed9\u00a0<\/span><\/p>\n<p><span style=\"font-weight: 400\">&#8211; H\u01b0\u1edbng d\u1eabn b\u1ea3o qu\u1ea3n: \u0110\u1ec3 n\u01a1i kh\u00f4 r\u00e1o, tho\u00e1ng m\u00e1t, s\u1ea1ch s\u1ebd, \u0111\u1eady k\u00edn, tr\u00e1nh \u00e1nh s\u00e1ng tr\u1ef1c ti\u1ebfp v\u00e0 nhi\u1ec7t \u0111\u1ed9 cao. B\u1ea3o qu\u1ea3n t\u1ed1t nh\u1ea5t t\u1eeb 0 &#8211; 10 \u0111\u1ed9 C<\/span><\/p>\n<p><span style=\"font-weight: 400\">H\u1ea1t H\u01b0\u1edbng D\u01b0\u01a1ng l\u00e0 m\u1ed9t trong nh\u1eefng m\u00f3n \u0103n v\u1eb7t l\u00fd t\u01b0\u1edfng c\u1ee7a ch\u1ecb em ph\u1ee5 n\u1eef. Ngo\u00e0i vi\u1ec7c tr\u1edf th\u00e0nh m\u00f3n \u0103n \u0111\u1ec3 nh\u1ea5m nh\u00e1p vui mi\u1ec7ng, h\u1ea1t h\u01b0\u1edbng d\u01b0\u01a1ng c\u00f2n \u0111em l\u1ea1i nhi\u1ec1u l\u1ee3i \u00edch cho s\u1ee9c kh\u1ecfe b\u1edfi trong h\u1ea1t h\u01b0\u1edbng d\u01b0\u01a1ng ch\u1ee9a nhi\u1ec1u ch\u1ea5t b\u00e9o, ch\u1ea5t kho\u00e1ng, vitamin E. S\u1ea3n ph\u1ea9m gi\u00fap h\u1ea1 cholesterol, l\u00e0m \u0111\u1eb9p da, t\u00f3c, ng\u0103n ng\u1eeba l\u00e3o h\u00f3a.<\/span><\/p>\n<h2><span style=\"font-weight: 400\">Gi\u00e1 tr\u1ecb dinh d\u01b0\u1ee1ng<\/span><\/h2>\n<p><span style=\"font-weight: 400\">H\u1ea1t h\u01b0\u1edbng d\u01b0\u01a1ng c\u00f2n ch\u1ee9a nhi\u1ec1u vitamin E, c\u00f3 ho\u1ea1t t\u00ednh nh\u01b0 ch\u1ea5t kh\u00e1ng vi\u00eam v\u00e0 kh\u00e1ng oxy h\u00f3a. \u0102n h\u1ea1t h\u01b0\u1edbng d\u01b0\u01a1ng c\u00f3 th\u1ec3 l\u00e0m d\u1ecbu nh\u1eefng tri\u1ec7u ch\u1ee9ng c\u1ee7a vi\u00eam kh\u1edbp, hen suy\u1ec5n v\u00e0 vi\u00eam kh\u1edbp d\u1ea1ng th\u1ea5p.<\/span><\/p>\n<p><img decoding=\"async\" class=\"aligncenter\" src=\"https:\/\/havamall.com\/wp-content\/uploads\/2026\/03\/banh-nuong-hana-patisserie-jambon-ga-va-hat-cac-loai-150g-201907061053010433.jpg\" alt=\"C\u1ea3m nh\u1eadn c\u1ee7a kh\u00e1ch h\u00e0ng sau khi d\u00f9ng c\u00e1c v\u1ecb b\u00e1nh trung thu Malaysia\" \/><\/p>\n<p>&nbsp;<\/p>\n<p><span style=\"font-weight: 400\">V\u1edbi ph\u1ee5 n\u1eef, h\u1ea1t h\u01b0\u1edbng d\u01b0\u01a1ng l\u00e0 th\u1ef1c ph\u1ea9m l\u00fd t\u01b0\u1edfng \u0111\u1ec3 ng\u0103n ng\u1eeba l\u00e3o h\u00f3a. Th\u00e0nh ph\u1ea7n vitamin E v\u00e0 beta carotene c\u00f3 trong h\u1ea1t gi\u00fap duy tr\u00ec v\u1ebb tr\u1ebb trung v\u00e0 t\u01b0\u01a1i m\u00e1t c\u1ee7a l\u00e0n da. Beta-carotene gi\u00fap da b\u1edbt nh\u1ea1y c\u1ea3m v\u1edbi n\u1eafng m\u1eb7t tr\u1eddi, vitamin E b\u1ea3o v\u1ec7 da tr\u01b0\u1edbc s\u1ef1 g\u00e2y h\u1ea1i c\u1ee7a c\u00e1c g\u1ed1c t\u1ef1 do c\u0169ng nh\u01b0 ng\u0103n ng\u1eeba s\u1eb9o v\u00e0 nh\u1eefng n\u1ebfp nh\u0103n m\u1edbi xu\u1ea5t hi\u1ec7n tr\u00ean da. \u0102n h\u1ea1t h\u01b0\u1edbng d\u01b0\u01a1ng gi\u00fap duy tr\u00ec l\u00e0n da t\u01b0\u01a1i s\u00e1ng. \u0110\u00f3 l\u00e0 nh\u1edd c\u00e1c acid b\u00e9o thi\u1ebft y\u1ebfu c\u1ee7a h\u1ea1t h\u01b0\u1edbng d\u01b0\u01a1ng t\u0103ng c\u01b0\u1eddng s\u1ea3n xu\u1ea5t elastin v\u00e0 collagen, gi\u00fap da lu\u00f4n m\u1ecbn m\u00e0ng.<\/span><\/p>\n<p><span style=\"font-weight: 400\">B\u00ean c\u1ea1nh \u0111\u00f3, vitamin B6 v\u00e0 ch\u1ea5t \u0111\u1ed3ng trong h\u1ea1t h\u01b0\u1edbng d\u01b0\u01a1ng c\u0169ng c\u00f3 t\u00e1c d\u1ee5ng t\u0103ng c\u01b0\u1eddng oxy cung c\u1ea5p cho da \u0111\u1ea7u, gi\u00fap t\u00f3c ch\u1eafc kh\u1ecfe v\u00e0 gi\u1eef m\u00e0u t\u1ef1 nhi\u00ean cho t\u00f3c.<\/span><\/p>\n<p><span style=\"font-weight: 400\">Trong h\u1ea1t h\u01b0\u1edbng d\u01b0\u01a1ng c\u00f3 ch\u1ee9a nh\u1eefng h\u1ee3p ch\u1ea5t c\u00f3 t\u00e1c d\u1ee5ng ki\u1ec3m so\u00e1t m\u1ee9c cholesterol nh\u01b0 phytosterols v\u00e0 c\u00e1c ch\u1ea5t b\u00e9o t\u1ed1t, kh\u00f4ng b\u00e3o h\u00f2a \u0111\u01a1n v\u00e0 \u0111a gi\u00fap gi\u1ea3m cholesterol x\u1ea5u trong c\u01a1 th\u1ec3.<\/span><\/p>\n<p><span style=\"font-weight: 400\">C\u00e1c acid b\u00e9o t\u1ea1o ra collagen v\u00e0 elastin trong h\u1ea1t h\u01b0\u1edbng d\u01b0\u01a1ng c\u00f2n c\u00f3 t\u00e1c d\u1ee5ng kh\u00e1ng khu\u1ea9n, v\u00ec th\u1ebf \u0103n h\u1ea1t h\u01b0\u1edbng d\u01b0\u01a1ng c\u00f3 th\u1ec3 c\u1ea3i thi\u1ec7n s\u1ef1 xu\u1ea5t hi\u1ec7n c\u1ee7a m\u1ee5n tr\u1ee9ng c\u00e1.<\/span><\/p>\n<p><img decoding=\"async\" class=\"aligncenter\" src=\"https:\/\/havamall.com\/wp-content\/uploads\/2026\/03\/14964712382_f160fd213c_b.jpg\" alt=\"B\u00e1nh trung thu \u2013 c\u00e1ch l\u00e0m nh\u00e2n th\u1eadp c\u1ea9m | nawngthu\" \/><\/p>\n<p><span style=\"font-weight: 400\">C\u1ea3i thi\u1ec7n t\u00e2m tr\u1ea1ng c\u0169ng l\u00e0 m\u1ed9t trong nh\u1eefng l\u1ee3i \u00edch c\u1ee7a h\u1ea1t h\u01b0\u1edbng d\u01b0\u01a1ng. Gi\u1ed1ng nh\u01b0 m\u1ed9t m\u00f3n \u0103n nh\u1eb9 t\u1ed1t cho s\u1ee9c kh\u1ecfe, h\u1ea1t h\u01b0\u1edbng d\u01b0\u01a1ng c\u00f3 th\u1ec3 khi\u1ebfn b\u1ea1n c\u1ea3m th\u1ea5y h\u1ea1nh ph\u00fac h\u01a1n. N\u00f3 ch\u1ee9a h\u1ee3p ch\u1ea5t tryptophan, m\u1ed9t lo\u1ea1i amino acid gi\u00fap c\u01a1 th\u1ec3 s\u1ea3n sinh serotonin. Serotonin c\u00f3 t\u00e1c d\u1ee5ng gi\u1ea3m c\u0103ng th\u1eb3ng v\u00e0 ng\u0103n ng\u1eeba tr\u1ea7m c\u1ea3m.<\/span><\/p>\n<p><span style=\"font-weight: 400\">S\u1ea3n ph\u1ea9m \u0111\u00f3ng g\u00f3i ti\u1ec7n d\u1ee5ng v\u00e0 \u0111\u01b0\u1ee3c h\u00fat ch\u00e2n kh\u00f4ng, ph\u00f9 h\u1ee3p l\u00e0m qu\u00e0 t\u1eb7ng qu\u00e0 bi\u1ebfu, b\u1ea3o qu\u1ea3n s\u1ea3n ph\u1ea9m.<\/span><\/p>\n<h1><span style=\"font-weight: 400\">H\u01b0\u1edbng d\u1eabn s\u1eed d\u1ee5ng v\u00e0 b\u1ea3o qu\u1ea3n<\/span><\/h1>\n<ul>\n<li style=\"font-weight: 400\"><span style=\"font-weight: 400\">S\u1eed d\u1ee5ng tr\u1ef1c ti\u1ebfp nh\u01b0 m\u1ed9t m\u00f3n \u0103n v\u1eb7t \u201cs\u1ea1ch\u201d thay th\u1ebf cho c\u00e1c th\u1ef1c ph\u1ea9m ch\u1ee9a nhi\u1ec1u d\u1ea7u m\u1ee1.<\/span><\/li>\n<li style=\"font-weight: 400\"><span style=\"font-weight: 400\">C\u00f3 th\u1ec3 d\u00f9ng k\u00e8m v\u1edbi s\u1eefa (thay cho b\u1eefa \u0103n ch\u00ednh) ho\u1eb7c nh\u00e2m nhi\u00a0 tr\u00e0, c\u00e0 ph\u00ea.<\/span><\/li>\n<li style=\"font-weight: 400\"><span style=\"font-weight: 400\">L\u00e0m nguy\u00ean li\u1ec7u ch\u1ebf bi\u1ebfn ho\u1eb7c trang tr\u00ed l\u00ean b\u00e1nh hay \u201cchocolate\u201d.<\/span><\/li>\n<\/ul>\n<p><img decoding=\"async\" class=\"aligncenter\" src=\"https:\/\/havamall.com\/wp-content\/uploads\/2026\/03\/cach-lam-banh-nuong-nhan-thap-cam.jpg\" alt=\"T\u1ed5ng h\u1ee3p c\u00e1ch l\u00e0m b\u00e1nh trung thu c\u00e1c lo\u1ea1i t\u1ea1i nh\u00e0 si\u00eau d\u1ec5\" \/><\/p>\n<p><i><span style=\"font-weight: 400\">Ch\u00fa \u00fd: + B\u1ea3o qu\u1ea3n n\u01a1i kh\u00f4 r\u00e1o, tho\u00e1ng m\u00e1t, tr\u00e1nh \u00e1nh n\u1eafng m\u1eb7t tr\u1eddi.<\/span><\/i><\/p>\n<p><i><span style=\"font-weight: 400\">\u00a0\u00a0\u00a0\u00a0\u00a0\u00a0\u00a0\u00a0\u00a0\u00a0\u00a0\u00a0+ \u0110\u1eady k\u00edn sau m\u1ed7i l\u1ea7n s\u1eed d\u1ee5ng. <\/span><\/i><\/p>","protected":false},"excerpt":{"rendered":"<p><span style=\"font-weight: 400\">&#8211; Th\u00e0nh ph\u1ea7n: H\u1ea1t h\u01b0\u1edbng d\u01b0\u01a1ng t\u00e1ch v\u1ecf<\/span><\/p>\n<p><span style=\"font-weight: 400\">&#8211; Tr\u1ecdng l\u01b0\u1ee3ng: 200gr<\/span><\/p>\n<p><span style=\"font-weight: 400\">&#8211; Xu\u1ea5t x\u1ee9: \u1ea4n \u0110\u1ed9\u00a0<\/span><\/p>\n<p><span style=\"font-weight: 400\">&#8211; H\u01b0\u1edbng d\u1eabn b\u1ea3o qu\u1ea3n: \u0110\u1ec3 n\u01a1i kh\u00f4 r\u00e1o, tho\u00e1ng m\u00e1t, s\u1ea1ch s\u1ebd, \u0111\u1eady k\u00edn, tr\u00e1nh \u00e1nh s\u00e1ng tr\u1ef1c ti\u1ebfp v\u00e0 nhi\u1ec7t \u0111\u1ed9 cao. B\u1ea3o qu\u1ea3n t\u1ed1t nh\u1ea5t t\u1eeb 0 &#8211; 10 \u0111\u1ed9 C<\/span><\/p>","protected":false},"featured_media":15209,"comment_status":"open","ping_status":"closed","template":"","meta":[],"product_brand":[],"product_cat":[36,134],"product_tag":[],"class_list":{"0":"post-15207","1":"product","2":"type-product","3":"status-publish","4":"has-post-thumbnail","6":"product_cat-thuc-pham-tieu-dung","7":"product_cat-thucpham-saykho","8":"pa_brand-skx","10":"first","11":"outofstock","12":"sale","13":"shipping-taxable","14":"purchasable","15":"product-type-simple"},"_links":{"self":[{"href":"https:\/\/havamall.vn\/en\/wp-json\/wp\/v2\/product\/15207"}],"collection":[{"href":"https:\/\/havamall.vn\/en\/wp-json\/wp\/v2\/product"}],"about":[{"href":"https:\/\/havamall.vn\/en\/wp-json\/wp\/v2\/types\/product"}],"replies":[{"embeddable":true,"href":"https:\/\/havamall.vn\/en\/wp-json\/wp\/v2\/comments?post=15207"}],"version-history":[{"count":0,"href":"https:\/\/havamall.vn\/en\/wp-json\/wp\/v2\/product\/15207\/revisions"}],"wp:featuredmedia":[{"embeddable":true,"href":"https:\/\/havamall.vn\/en\/wp-json\/wp\/v2\/media\/15209"}],"wp:attachment":[{"href":"https:\/\/havamall.vn\/en\/wp-json\/wp\/v2\/media?parent=15207"}],"wp:term":[{"taxonomy":"product_brand","embeddable":true,"href":"https:\/\/havamall.vn\/en\/wp-json\/wp\/v2\/product_brand?post=15207"},{"taxonomy":"product_cat","embeddable":true,"href":"https:\/\/havamall.vn\/en\/wp-json\/wp\/v2\/product_cat?post=15207"},{"taxonomy":"product_tag","embeddable":true,"href":"https:\/\/havamall.vn\/en\/wp-json\/wp\/v2\/product_tag?post=15207"}],"curies":[{"name":"wp","href":"https:\/\/api.w.org\/{rel}","templated":true}]}}