{"id":15139,"date":"2020-07-07T14:51:59","date_gmt":"2020-07-07T07:51:59","guid":{"rendered":"https:\/\/havamall.vn\/?post_type=product&#038;p=15139"},"modified":"2022-06-09T16:54:02","modified_gmt":"2022-06-09T09:54:02","slug":"combo-4-keo-que-jida-dang-goi-32g-jida-candy-32g","status":"publish","type":"product","link":"https:\/\/havamall.vn\/en\/shop\/combo-4-keo-que-jida-dang-goi-32g-jida-candy-32g\/","title":{"rendered":"Combo 4 K\u1eb9o Que Jida D\u1ea1ng G\u00f3i 32g &#8211; Jida Candy 32g"},"content":{"rendered":"<p><strong>K\u1eb9o M\u00fat Que Jida D\u1ea1ng G\u00f3i\u00a0<\/strong>nay \u0111\u01b0\u1ee3c Havamall cho ra m\u1eaft v\u1edbi gi\u00e1 c\u1ef1c k\u1ef3 \u01b0u \u0111\u00e3i.<\/p>\n<p><strong>K\u1eb9o M\u00fat Que Jida<\/strong> l\u00e0 m\u1ed9t s\u1ea3n ph\u1ea9m t\u1edbi t\u1eeb Malaysia, \u0111\u01b0\u1ee3c s\u1ea3n xu\u1ea5t tr\u00ean d\u00e2y chuy\u1ec1n hi\u1ec7n \u0111\u1ea1i, quy tr\u00ecnh \u0111\u00e1p \u1ee9ng \u0111\u01b0\u1ee3c nh\u1eefng ti\u00eau chu\u1ea9n v\u1ec1 v\u1ec7 sinh, an to\u00e0n th\u1ef1c ph\u1ea9m d\u00e0nh cho tr\u1ebb em t\u1ea1i Malaysia.<\/p>\n<p><strong>K\u1eb9o M\u00fat Que Jida<\/strong>\u00a0kh\u00f4ng nh\u1eefng \u0111\u1ed9c \u0111\u00e1o, l\u1ea1 m\u1eaft v\u1edbi h\u00ecnh d\u1ea1ng nh\u01b0 nh\u1eefng chi\u1ebfc c\u00e2y b\u00fat t\u00f4 m\u00e0u thu h\u00fat s\u1ef1 ch\u00fa \u00fd c\u1ee7a c\u00e1c em b\u00e9 m\u00e0 c\u00f2n th\u01a1m ngon h\u1ea5p d\u1eabn v\u1edbi\u00a0v\u1ecb hoa qu\u1ea3 ng\u1ecdt ng\u00e0o, ch\u1eafc ch\u1eafn s\u1ebd\u00a0lu\u00f4n khi\u1ebfn c\u00e1c b\u00e9 y\u00eau th\u00edch. \u0110\u1ed1i v\u1edbi ng\u01b0\u1eddi l\u1edbn, thi tho\u1ea3ng nh\u00e2m nhi m\u1ed9t chi\u1ebfc\u00a0k\u1eb9o\u00a0ng\u1ecdt th\u01a1m\u00a0c\u0169ng r\u1ea5t th\u00fa v\u1ecb,\u00a0gi\u00fap th\u01b0 gi\u00e3n tinh th\u1ea7n v\u00e0 cung c\u1ea5p n\u0103ng l\u01b0\u1ee3ng cho c\u01a1 th\u1ec3 tho\u1ea3i m\u00e1i ho\u1ea1t \u0111\u1ed9ng.<\/p>\n<p>C\u00f3 4 v\u1ecb nho, d\u00e2u, d\u1ee9a v\u00e0 cam cho c\u00e1c b\u00e9 th\u1ecfa th\u00edch l\u1ef1a ch\u1ecdn<\/p>\n<p><img fetchpriority=\"high\" decoding=\"async\" class=\"wp-image-15147 aligncenter\" src=\"https:\/\/havamall.vn\/wp-content\/uploads\/2020\/07\/combo-k\u1eb9o-300x300.jpg\" alt=\"\" width=\"572\" height=\"572\" srcset=\"https:\/\/havamall.vn\/wp-content\/uploads\/2020\/07\/combo-k\u1eb9o-300x300.jpg 300w, https:\/\/havamall.vn\/wp-content\/uploads\/2020\/07\/combo-k\u1eb9o-430x430.jpg 430w, https:\/\/havamall.vn\/wp-content\/uploads\/2020\/07\/combo-k\u1eb9o-150x150.jpg 150w, https:\/\/havamall.vn\/wp-content\/uploads\/2020\/07\/combo-k\u1eb9o-700x700.jpg 700w, https:\/\/havamall.vn\/wp-content\/uploads\/2020\/07\/combo-k\u1eb9o-768x768.jpg 768w, https:\/\/havamall.vn\/wp-content\/uploads\/2020\/07\/combo-k\u1eb9o-600x600.jpg 600w, https:\/\/havamall.vn\/wp-content\/uploads\/2020\/07\/combo-k\u1eb9o-100x100.jpg 100w, https:\/\/havamall.vn\/wp-content\/uploads\/2020\/07\/combo-k\u1eb9o.jpg 800w\" sizes=\"(max-width: 572px) 100vw, 572px\" \/><\/p>\n<p><strong>K\u1eb9o M\u00fat Que Jida<\/strong> \u0111\u01b0\u1ee3c s\u1ea3n xu\u1ea5t theo c\u00f4ng ngh\u1ec7 hi\u1ec7n \u0111\u1ea1i, m\u1ecdi kh\u00e2u t\u1eeb tuy\u1ec3n ch\u1ecdn nguy\u00ean li\u1ec7u t\u1edbi ch\u1ebf bi\u1ebfn, \u0111\u00f3ng bao b\u00ec\u00a0\u0111\u1ec1u di\u1ec5n ra kh\u00e9p k\u00edn d\u01b0\u1edbi s\u1ef1 gi\u00e1m s\u00e1t v\u00e0 ki\u1ec3m tra nghi\u00eam ng\u1eb7t.<\/p>\n<p>S\u1ea3n ph\u1ea9m kh\u00f4ng ch\u1ee9a h\u00f3a ch\u1ea5t, ch\u1ea5t b\u1ea3o qu\u1ea3n \u0111\u1ed9c h\u1ea1i, \u0111\u1ea3m b\u1ea3o an to\u00e0n cho s\u1ee9c kh\u1ecfe ng\u01b0\u1eddi ti\u00eau d\u00f9ng.<\/p>\n<p><strong>K\u1eb9o M\u00fat Que Jida D\u1ea1ng G\u00f3i c\u00f3 \u0111a d\u1ea1ng<\/strong>\u00a0h\u01b0\u01a1ng tr\u00e1i c\u00e2y kh\u1ed5ng l\u1ed3 c\u1ef1c l\u1ea1 c\u1ef1c &#8220;tr\u1ea5t&#8221;, bao n\u1ed5i b\u1eadt, \u0111\u1ea3m b\u1ea3o s\u1ebd l\u00e0m cho c\u00e1c em b\u00e9 m\u00ea \u0111\u1eafm \u0111u\u1ed1i v\u1edbi h\u01b0\u01a1ng v\u1ecb tr\u00e1i c\u00e2y nhi\u1ec7t \u0111\u1edbi th\u01a1m ngon.<\/p>\n<p><strong>S\u1ea3n xu\u1ea5t:<\/strong>\u00a0Malaysia.<\/p>\n<p><strong>Date:<\/strong>\u00a0Tr\u00ean bao b\u00ec<\/p>\n<p><strong>Th\u00e0nh ph\u1ea7n:<\/strong> \u0111\u01b0\u1eddng, h\u01b0\u01a1ng tr\u00e1i c\u00e2y t\u1ef1 nhi\u00ean, glucose, ch\u1ea5t \u0111i\u1ec1u ch\u1ec9nh \u0111\u1ecd acid,&#8230;<\/p>\n<p><strong>Xu\u1ea5t x\u1ee9<\/strong>: Malaysia<\/p>\n<p><strong>Tr\u1ecdng L\u01b0\u1ee3ng<\/strong> : 192g\/g\u00f3i<\/p>\n<p><strong>\u0110\u00f3ng g\u00f3i<\/strong>: 24 c\u00e2y \/ g\u00f3i<\/p>\n<p><strong>K\u1eb9o c\u00f3 m\u00f9i v\u1ecb tr\u00e1i c\u00e2y<\/strong> nh\u01b0 : D\u00e2u, cam, d\u1ee9a, T\u00e1o, vi\u1ec7t qu\u1ea5t<\/p>\n<p><img decoding=\"async\" class=\"wp-image-15148 aligncenter\" src=\"https:\/\/havamall.vn\/wp-content\/uploads\/2020\/07\/dTACetG91586160570-1000x1000-300x300.jpg\" alt=\"\" width=\"629\" height=\"629\" srcset=\"https:\/\/havamall.vn\/wp-content\/uploads\/2020\/07\/dTACetG91586160570-1000x1000-300x300.jpg 300w, https:\/\/havamall.vn\/wp-content\/uploads\/2020\/07\/dTACetG91586160570-1000x1000-430x430.jpg 430w, https:\/\/havamall.vn\/wp-content\/uploads\/2020\/07\/dTACetG91586160570-1000x1000-150x150.jpg 150w, https:\/\/havamall.vn\/wp-content\/uploads\/2020\/07\/dTACetG91586160570-1000x1000-700x700.jpg 700w, https:\/\/havamall.vn\/wp-content\/uploads\/2020\/07\/dTACetG91586160570-1000x1000-768x768.jpg 768w, https:\/\/havamall.vn\/wp-content\/uploads\/2020\/07\/dTACetG91586160570-1000x1000-600x600.jpg 600w, https:\/\/havamall.vn\/wp-content\/uploads\/2020\/07\/dTACetG91586160570-1000x1000-100x100.jpg 100w, https:\/\/havamall.vn\/wp-content\/uploads\/2020\/07\/dTACetG91586160570-1000x1000.jpg 1000w\" sizes=\"(max-width: 629px) 100vw, 629px\" \/><\/p>\n<h5><b><span lang=\"vi\">H\u01af\u1edaNG D\u1eaaN S\u1eec D\u1ee4NG:<\/span><\/b><\/h5>\n<ul>\n<li><span lang=\"vi\">B\u00f3c bao b\u00ec v\u00e0 d\u00f9ng tr\u1ef1c ti\u1ebfp s\u1ea3n ph\u1ea9m<\/span><\/li>\n<li>Khi \u0103n kh\u00f4ng h\u1ebft th\u00ec b\u1ea3o qu\u1ea3n trong t\u1ee7 l\u1ea1nh<\/li>\n<\/ul>\n<h5><b><span lang=\"vi\">KHUY\u1ebeN NGH\u1eca V\u00c0 B\u1ea2O QU\u1ea2N:<\/span><\/b><\/h5>\n<ul>\n<li><span lang=\"vi\">B\u1ea3o qu\u1ea3n n\u01a1i kh\u00f4 tho\u00e1ng, tr\u00e1nh \u00e1nh n\u1eafng tr\u1ef1c ti\u1ebfp m\u1eb7t tr\u1eddi<\/span><\/li>\n<li><span lang=\"vi\">L\u01b0u \u00fd khi s\u1eed d\u1ee5ng cho c\u00e1c b\u00e9 t\u1eeb 2-5 tu\u1ed5i, c\u1ea7n c\u00f3 s\u1ef1 gi\u00e1m s\u00e1t c\u1ee7a ng\u01b0\u1eddi l\u1edbn<\/span><\/li>\n<\/ul>\n<p>&nbsp;<\/p>","protected":false},"excerpt":{"rendered":"<p>K\u1eb9o que Jida l\u00e0 m\u1ed9t s\u1ea3n ph\u1ea9m \u0111\u1ed9c \u0111\u00e1o, l\u1ea1 m\u1eaft, l\u00e0 m\u1ed9t c\u01a1n s\u1ed1t v\u1ec1 s\u1ea3n ph\u1ea9m \u0103n v\u1eb7t t\u1ea1i Malaysia trong su\u1ed1t m\u1ed9t th\u1eddi gian d\u00e0i. B\u00ean c\u1ea1nh \u0111\u00f3, s\u1ea3n ph\u1ea9m kh\u00f4ng k\u00e9m ph\u1ea7n th\u01a1m ngon h\u1ea5p d\u1eabn v\u1edbi v\u1ecb hoa qu\u1ea3 ng\u1ecdt ng\u00e0o<\/p>","protected":false},"featured_media":15149,"comment_status":"open","ping_status":"closed","template":"","meta":[],"product_brand":[],"product_cat":[36,133],"product_tag":[],"class_list":{"0":"post-15139","1":"product","2":"type-product","3":"status-publish","4":"has-post-thumbnail","6":"product_cat-thuc-pham-tieu-dung","7":"product_cat-banh-keo-chocolate","9":"first","10":"instock","11":"sale","12":"shipping-taxable","13":"purchasable","14":"product-type-simple"},"_links":{"self":[{"href":"https:\/\/havamall.vn\/en\/wp-json\/wp\/v2\/product\/15139"}],"collection":[{"href":"https:\/\/havamall.vn\/en\/wp-json\/wp\/v2\/product"}],"about":[{"href":"https:\/\/havamall.vn\/en\/wp-json\/wp\/v2\/types\/product"}],"replies":[{"embeddable":true,"href":"https:\/\/havamall.vn\/en\/wp-json\/wp\/v2\/comments?post=15139"}],"version-history":[{"count":0,"href":"https:\/\/havamall.vn\/en\/wp-json\/wp\/v2\/product\/15139\/revisions"}],"wp:featuredmedia":[{"embeddable":true,"href":"https:\/\/havamall.vn\/en\/wp-json\/wp\/v2\/media\/15149"}],"wp:attachment":[{"href":"https:\/\/havamall.vn\/en\/wp-json\/wp\/v2\/media?parent=15139"}],"wp:term":[{"taxonomy":"product_brand","embeddable":true,"href":"https:\/\/havamall.vn\/en\/wp-json\/wp\/v2\/product_brand?post=15139"},{"taxonomy":"product_cat","embeddable":true,"href":"https:\/\/havamall.vn\/en\/wp-json\/wp\/v2\/product_cat?post=15139"},{"taxonomy":"product_tag","embeddable":true,"href":"https:\/\/havamall.vn\/en\/wp-json\/wp\/v2\/product_tag?post=15139"}],"curies":[{"name":"wp","href":"https:\/\/api.w.org\/{rel}","templated":true}]}}